{"id":37002,"date":"2024-04-30T17:53:36","date_gmt":"2024-04-30T21:53:36","guid":{"rendered":"https:\/\/www.belleflamme.ca\/?post_type=product&#038;p=37002"},"modified":"2024-10-01T14:45:12","modified_gmt":"2024-10-01T18:45:12","slug":"refegirateur-en-acier-inoxydable-homologue-pour-lexterieur-de-napoleon","status":"publish","type":"product","link":"https:\/\/staging.belleflamme.ca\/fr\/produit\/refegirateur-en-acier-inoxydable-homologue-pour-lexterieur-de-napoleon\/","title":{"rendered":"R\u00e9f\u00e9girateur en Acier Inoxydable Homologu\u00e9 pour L&#8217;ext\u00e9rieur de Napoleon"},"content":{"rendered":"\t\t<div data-elementor-type=\"product-post\" data-elementor-id=\"37002\" class=\"elementor elementor-37002\" data-elementor-post-type=\"product\">\n\t\t\t\t\t\t<section class=\"elementor-section elementor-top-section elementor-element elementor-element-26128311 elementor-section-boxed elementor-section-height-default elementor-section-height-default\" data-id=\"26128311\" data-element_type=\"section\">\n\t\t\t\t\t\t<div class=\"elementor-container elementor-column-gap-default\">\n\t\t\t\t\t<div class=\"elementor-column elementor-col-100 elementor-top-column elementor-element elementor-element-5ab392f6\" data-id=\"5ab392f6\" data-element_type=\"column\">\n\t\t\t<div class=\"elementor-widget-wrap elementor-element-populated\">\n\t\t\t\t\t\t<div class=\"elementor-element elementor-element-4f110dd9 elementor-widget elementor-widget-text-editor\" data-id=\"4f110dd9\" data-element_type=\"widget\" data-widget_type=\"text-editor.default\">\n\t\t\t\t<div class=\"elementor-widget-container\">\n\t\t\t\t\t\t\t\t\t<h3 class=\"title hide-item-on-mobile\">DESCRIPTION<\/h3>\r\n<div class=\"inner-wrapper\" data-max-height=\"360px\" data-fade=\"true\">\r\n<div class=\"clearfix text-formatted field field--name-body field--type-text-with-summary field--label-hidden field__item\">\r\n\r\nOptez pour l&#8217;ajout de ce r\u00e9frig\u00e9rateur ext\u00e9rieur en acier inoxydable \u00e0 votre cuisine ext\u00e9rieure OASIS\u1d39\u1d30. Ce r\u00e9frig\u00e9rateur au design harmonieux est fait d&#8217;acier inoxydable 304, ce qui lui conf\u00e8re la m\u00eame durabilit\u00e9 remarquable que nos grils. Il offre beaucoup de rangement fonctionnel et comprend une fonction de m\u00e9morisation de la temp\u00e9rature. Cette derni\u00e8re permet de r\u00e9gler la temp\u00e9rature pour vos besoins sp\u00e9cifiques comme garder vos boissons fra\u00eeches, ou saumurer et mariner des aliments en vue d\u2019un savoureux repas. Comprenant \u00e9galement un syst\u00e8me d&#8217;\u00e9clairage \u00e0 DEL et des tablettes amovibles, ce r\u00e9frig\u00e9rateur peut \u00eatre install\u00e9 comme unit\u00e9 autonome ou int\u00e9gr\u00e9 harmonieusement dans un \u00eelot modulaire Oasis\u1d39\u1d30. * Comptoir non compris\r\n\r\n<\/div>\r\n<\/div>\r\n&nbsp;\r\n<h3 class=\"title hide-item-on-mobile\">CARACT\u00c9RISTIQUES<\/h3>\r\n<div class=\"inner-wrapper\" data-max-height=\"360px\" data-fade=\"true\">\r\n<div class=\"clearfix text-formatted field field--name-field-summary-features field--type-text field--label-hidden field__items\">\r\n<ul>\r\n \t<li class=\"field__item\">Ce r\u00e9frig\u00e9rateur ext\u00e9rieur de luxe est fabriqu\u00e9 en acier inoxydable 304 durable et de haute qualit\u00e9, id\u00e9al pour conserver les aliments \u00e0 l&#8217;ext\u00e9rieur.<\/li>\r\n \t<li class=\"field__item\">S&#8217;int\u00e8gre parfaitement aux cuisines ext\u00e9rieures personnalis\u00e9es OASIS\u1d39\u1d30.<\/li>\r\n \t<li class=\"field__item\">Ce r\u00e9frig\u00e9rateur d&#8217;ext\u00e9rieur est enti\u00e8rement fonctionnel et dispose d&#8217;un contr\u00f4le pr\u00e9cis de la temp\u00e9rature et d&#8217;une fonction de m\u00e9morisation.<\/li>\r\n \t<li class=\"field__item\">R\u00e9glez la temp\u00e9rature id\u00e9ale entre 1,7 \u00b0C et 10 \u00b0C pour les boissons, les pr\u00e9parations d&#8217;aliments et m\u00eame la marinade et le saumurage.<\/li>\r\n \t<li class=\"field__item\">L&#8217;\u00e9clairage int\u00e9rieur \u00e0 DEL int\u00e9gr\u00e9 permet de bien voir ce que vous cherchez dans des conditions de faible luminosit\u00e9.<\/li>\r\n \t<li class=\"field__item\">Hauteur : 36,50 pouces (92,50 cm), Largeur : 23,75 pouces (60,50 cm), Profondeur : 23,75 pouces (65,50 cm)<\/li>\r\n<\/ul>\r\n<\/div>\r\n<\/div>\r\n&nbsp;\r\n<table class=\"specification-table\">\r\n<tbody>\r\n<tr>\r\n<th>GARANTIE<\/th>\r\n<td>Garantie limit\u00e9e de 2\u00a0ans<sup>*<\/sup><\/td>\r\n<\/tr>\r\n<tr>\r\n<th>TYPE DE COMBUSTIBLE<\/th>\r\n<td>\u00c9lectrique<\/td>\r\n<\/tr>\r\n<tr>\r\n<th>HAUTEUR<\/th>\r\n<td>34,50 in (87,60 cm)<\/td>\r\n<\/tr>\r\n<tr>\r\n<th>LARGEUR<\/th>\r\n<td>23,75 in (60,50 cm)<\/td>\r\n<\/tr>\r\n<tr>\r\n<th>PROFONDEUR<\/th>\r\n<td>25,75 in (65,50 cm)<\/td>\r\n<\/tr>\r\n<tr>\r\n<th>HAUTEUR DE LA BO\u00ceTE<\/th>\r\n<td>37 in (93,98 cm)<\/td>\r\n<\/tr>\r\n<tr>\r\n<th>LARGEUR DE LA BO\u00ceTE<\/th>\r\n<td>27 in (68,58 cm)<\/td>\r\n<\/tr>\r\n<tr>\r\n<th>PROFONDEUR DE LA BO\u00ceTE<\/th>\r\n<td>28,75 in (73,03 cm)<\/td>\r\n<\/tr>\r\n<tr>\r\n<th>POIDS DE LA BO\u00ceTE<\/th>\r\n<td>131 lbs. (59,41 kg)<\/td>\r\n<\/tr>\r\n<\/tbody>\r\n<\/table>\t\t\t\t\t\t\t\t<\/div>\n\t\t\t\t<\/div>\n\t\t\t\t\t<\/div>\n\t\t<\/div>\n\t\t\t\t\t<\/div>\n\t\t<\/section>\n\t\t\t\t<section class=\"elementor-section elementor-top-section elementor-element elementor-element-e276a6e elementor-section-boxed elementor-section-height-default elementor-section-height-default\" data-id=\"e276a6e\" data-element_type=\"section\">\n\t\t\t\t\t\t<div class=\"elementor-container elementor-column-gap-default\">\n\t\t\t\t\t<div class=\"elementor-column elementor-col-100 elementor-top-column elementor-element elementor-element-d5c1557\" data-id=\"d5c1557\" data-element_type=\"column\">\n\t\t\t<div class=\"elementor-widget-wrap elementor-element-populated\">\n\t\t\t\t\t\t<div class=\"elementor-element elementor-element-3958433 elementor-tabs-view-horizontal elementor-widget elementor-widget-tabs\" data-id=\"3958433\" data-element_type=\"widget\" data-widget_type=\"tabs.default\">\n\t\t\t\t<div class=\"elementor-widget-container\">\n\t\t\t\t\t\t\t<div class=\"elementor-tabs\">\n\t\t\t<div class=\"elementor-tabs-wrapper\" role=\"tablist\" >\n\t\t\t\t\t\t\t\t\t<div id=\"elementor-tab-title-6011\" class=\"elementor-tab-title elementor-tab-desktop-title\" aria-selected=\"true\" data-tab=\"1\" role=\"tab\" tabindex=\"0\" aria-controls=\"elementor-tab-content-6011\" aria-expanded=\"false\">Fichiers<\/div>\n\t\t\t\t\t\t\t<\/div>\n\t\t\t<div class=\"elementor-tabs-content-wrapper\" role=\"tablist\" aria-orientation=\"vertical\">\n\t\t\t\t\t\t\t\t\t<div class=\"elementor-tab-title elementor-tab-mobile-title\" aria-selected=\"true\" data-tab=\"1\" role=\"tab\" tabindex=\"0\" aria-controls=\"elementor-tab-content-6011\" aria-expanded=\"false\">Fichiers<\/div>\n\t\t\t\t\t<div id=\"elementor-tab-content-6011\" class=\"elementor-tab-content elementor-clearfix\" data-tab=\"1\" role=\"tabpanel\" aria-labelledby=\"elementor-tab-title-6011\" tabindex=\"0\" hidden=\"false\"><i class=\"far fa-file-pdf fa-xl\" style=\"font-size:35px\"><\/i><a href=\"https:\/\/www.belleflamme.ca\/wp-content\/uploads\/2024\/04\/ADBRBI-EN-2021-built-in-brochure.11.25_FRA-v3-2.pdf\"> Brochure<\/a><\/br>\n<i class=\"far fa-file-pdf fa-xl\" style=\"font-size:35px\"><\/i><a href=\"https:\/\/www.belleflamme.ca\/wp-content\/uploads\/2024\/04\/NFR055OUSS_Manual_May2019.pdf\"> Manuel<\/a><\/br><\/div>\n\t\t\t\t\t\t\t<\/div>\n\t\t<\/div>\n\t\t\t\t\t\t<\/div>\n\t\t\t\t<\/div>\n\t\t\t\t\t<\/div>\n\t\t<\/div>\n\t\t\t\t\t<\/div>\n\t\t<\/section>\n\t\t\t\t<\/div>\n\t\t","protected":false},"excerpt":{"rendered":"<p>DESCRIPTION Optez pour l&#8217;ajout de ce r\u00e9frig\u00e9rateur ext\u00e9rieur en acier inoxydable \u00e0 votre cuisine ext\u00e9rieure OASIS\u1d39\u1d30. Ce r\u00e9frig\u00e9rateur au design harmonieux est fait d&#8217;acier inoxydable 304, ce qui lui conf\u00e8re la m\u00eame durabilit\u00e9 remarquable que nos grils. Il offre beaucoup de rangement fonctionnel et comprend une fonction de m\u00e9morisation de la temp\u00e9rature. Cette derni\u00e8re permet [&hellip;]<\/p>\n","protected":false},"featured_media":37003,"template":"","meta":{"inline_featured_image":false},"product_brand":[1316],"product_cat":[352,116],"product_tag":[],"class_list":{"0":"post-37002","1":"product","2":"type-product","3":"status-publish","4":"has-post-thumbnail","6":"product_brand-bbq-napoleon","7":"product_cat-cabinets-et-modules","8":"product_cat-cuisine-exterieure","10":"first","11":"instock","12":"taxable","13":"shipping-taxable","14":"purchasable","15":"product-type-simple"},"yoast_head":"<!-- This site is optimized with the Yoast SEO Premium plugin v24.2 (Yoast SEO v24.2) - https:\/\/yoast.com\/wordpress\/plugins\/seo\/ -->\n<title>R\u00e9f\u00e9girateur en Acier Inoxydable Homologu\u00e9 pour L&#039;ext\u00e9rieur de Napoleon - Groupe BelleFlamme<\/title>\n<meta name=\"description\" content=\"R\u00e9f\u00e9girateur en Acier Inoxydable Homologu\u00e9 pour L&#039;ext\u00e9rieur de Napoleon vendu par le Groupe Belleflamme. Laval, Montr\u00e9al, Gatineau et Saint-Sauveur.\" \/>\n<meta name=\"robots\" content=\"index, follow, max-snippet:-1, max-image-preview:large, max-video-preview:-1\" \/>\n<link rel=\"canonical\" href=\"https:\/\/staging.belleflamme.ca\/fr\/produit\/refegirateur-en-acier-inoxydable-homologue-pour-lexterieur-de-napoleon\/\" \/>\n<meta property=\"og:locale\" content=\"fr_FR\" \/>\n<meta property=\"og:type\" content=\"article\" \/>\n<meta property=\"og:title\" content=\"R\u00e9f\u00e9girateur en Acier Inoxydable Homologu\u00e9 pour L&#039;ext\u00e9rieur de Napoleon\" \/>\n<meta property=\"og:description\" content=\"R\u00e9f\u00e9girateur en Acier Inoxydable Homologu\u00e9 pour L&#039;ext\u00e9rieur de Napoleon vendu par le Groupe Belleflamme. Laval, Montr\u00e9al, Gatineau et Saint-Sauveur.\" \/>\n<meta property=\"og:url\" content=\"https:\/\/staging.belleflamme.ca\/fr\/produit\/refegirateur-en-acier-inoxydable-homologue-pour-lexterieur-de-napoleon\/\" \/>\n<meta property=\"og:site_name\" content=\"Groupe BelleFlamme\" \/>\n<meta property=\"article:publisher\" content=\"https:\/\/www.facebook.com\/belleflamme.ca\/\" \/>\n<meta property=\"article:modified_time\" content=\"2024-10-01T18:45:12+00:00\" \/>\n<meta property=\"og:image\" content=\"https:\/\/www.belleflamme.ca\/wp-content\/uploads\/2024\/04\/Refegirateur-en-Acier-Inoxydable-Homologue-pour-Lexterieur-de-Napoleon.png\" \/>\n\t<meta property=\"og:image:width\" content=\"1000\" \/>\n\t<meta property=\"og:image:height\" content=\"1000\" \/>\n\t<meta property=\"og:image:type\" content=\"image\/png\" \/>\n<meta name=\"twitter:card\" content=\"summary_large_image\" \/>\n<meta name=\"twitter:label1\" content=\"Prix\" \/>\n\t<meta name=\"twitter:data1\" content=\"&#036;1,999.00\" \/>\n\t<meta name=\"twitter:label2\" content=\"Disponibilit\u00e9\" \/>\n\t<meta name=\"twitter:data2\" content=\"En stock\" \/>\n<script type=\"application\/ld+json\" class=\"yoast-schema-graph\">{\"@context\":\"https:\/\/schema.org\",\"@graph\":[{\"@type\":[\"WebPage\",\"ItemPage\"],\"@id\":\"https:\/\/staging.belleflamme.ca\/fr\/produit\/refegirateur-en-acier-inoxydable-homologue-pour-lexterieur-de-napoleon\/\",\"url\":\"https:\/\/staging.belleflamme.ca\/fr\/produit\/refegirateur-en-acier-inoxydable-homologue-pour-lexterieur-de-napoleon\/\",\"name\":\"R\u00e9f\u00e9girateur en Acier Inoxydable Homologu\u00e9 pour L'ext\u00e9rieur de Napoleon - Groupe BelleFlamme\",\"isPartOf\":{\"@id\":\"https:\/\/www.belleflamme.ca\/fr\/#website\"},\"primaryImageOfPage\":{\"@id\":\"https:\/\/staging.belleflamme.ca\/fr\/produit\/refegirateur-en-acier-inoxydable-homologue-pour-lexterieur-de-napoleon\/#primaryimage\"},\"image\":{\"@id\":\"https:\/\/staging.belleflamme.ca\/fr\/produit\/refegirateur-en-acier-inoxydable-homologue-pour-lexterieur-de-napoleon\/#primaryimage\"},\"thumbnailUrl\":\"https:\/\/staging.belleflamme.ca\/wp-content\/uploads\/2024\/04\/Refegirateur-en-Acier-Inoxydable-Homologue-pour-Lexterieur-de-Napoleon.png\",\"datePublished\":\"2024-04-30T21:53:36+00:00\",\"dateModified\":\"2024-10-01T18:45:12+00:00\",\"description\":\"R\u00e9f\u00e9girateur en Acier Inoxydable Homologu\u00e9 pour L'ext\u00e9rieur de Napoleon vendu par le Groupe Belleflamme. Laval, Montr\u00e9al, Gatineau et Saint-Sauveur.\",\"breadcrumb\":{\"@id\":\"https:\/\/staging.belleflamme.ca\/fr\/produit\/refegirateur-en-acier-inoxydable-homologue-pour-lexterieur-de-napoleon\/#breadcrumb\"},\"inLanguage\":\"fr-FR\",\"potentialAction\":[{\"@type\":\"ReadAction\",\"target\":[\"https:\/\/staging.belleflamme.ca\/fr\/produit\/refegirateur-en-acier-inoxydable-homologue-pour-lexterieur-de-napoleon\/\"]}]},{\"@type\":\"ImageObject\",\"inLanguage\":\"fr-FR\",\"@id\":\"https:\/\/staging.belleflamme.ca\/fr\/produit\/refegirateur-en-acier-inoxydable-homologue-pour-lexterieur-de-napoleon\/#primaryimage\",\"url\":\"https:\/\/staging.belleflamme.ca\/wp-content\/uploads\/2024\/04\/Refegirateur-en-Acier-Inoxydable-Homologue-pour-Lexterieur-de-Napoleon.png\",\"contentUrl\":\"https:\/\/staging.belleflamme.ca\/wp-content\/uploads\/2024\/04\/Refegirateur-en-Acier-Inoxydable-Homologue-pour-Lexterieur-de-Napoleon.png\",\"width\":1000,\"height\":1000,\"caption\":\"R\u00e9f\u00e9girateur en Acier Inoxydable Homologu\u00e9 pour L'ext\u00e9rieur de Napoleon\"},{\"@type\":\"BreadcrumbList\",\"@id\":\"https:\/\/staging.belleflamme.ca\/fr\/produit\/refegirateur-en-acier-inoxydable-homologue-pour-lexterieur-de-napoleon\/#breadcrumb\",\"itemListElement\":[{\"@type\":\"ListItem\",\"position\":1,\"name\":\"Accueil\",\"item\":\"https:\/\/www.belleflamme.ca\/fr\/\"},{\"@type\":\"ListItem\",\"position\":2,\"name\":\"Boutique\",\"item\":\"https:\/\/www.belleflamme.ca\/fr\/boutique\/\"},{\"@type\":\"ListItem\",\"position\":3,\"name\":\"BBQ &amp; Produits Ext\u00e9rieurs\",\"item\":\"https:\/\/staging.belleflamme.ca\/fr\/categories\/bbq-produits-exterieurs\/\"},{\"@type\":\"ListItem\",\"position\":4,\"name\":\"Cuisine Ext\u00e9rieure\",\"item\":\"https:\/\/staging.belleflamme.ca\/fr\/categories\/bbq-produits-exterieurs\/cuisine-exterieure\/\"},{\"@type\":\"ListItem\",\"position\":5,\"name\":\"Cabinets et Modules\",\"item\":\"https:\/\/staging.belleflamme.ca\/fr\/categories\/bbq-produits-exterieurs\/cuisine-exterieure\/cabinets-et-modules\/\"},{\"@type\":\"ListItem\",\"position\":6,\"name\":\"R\u00e9f\u00e9girateur en Acier Inoxydable Homologu\u00e9 pour L&#8217;ext\u00e9rieur de Napoleon\"}]},{\"@type\":\"WebSite\",\"@id\":\"https:\/\/www.belleflamme.ca\/fr\/#website\",\"url\":\"https:\/\/www.belleflamme.ca\/fr\/\",\"name\":\"Groupe Belleflamme\",\"description\":\"La m\u00e9canique du b\u00e2timent dans le sang.\",\"publisher\":{\"@id\":\"https:\/\/www.belleflamme.ca\/fr\/#organization\"},\"potentialAction\":[{\"@type\":\"SearchAction\",\"target\":{\"@type\":\"EntryPoint\",\"urlTemplate\":\"https:\/\/www.belleflamme.ca\/fr\/?s={search_term_string}\"},\"query-input\":{\"@type\":\"PropertyValueSpecification\",\"valueRequired\":true,\"valueName\":\"search_term_string\"}}],\"inLanguage\":\"fr-FR\"},{\"@type\":[\"Organization\",\"Place\"],\"@id\":\"https:\/\/www.belleflamme.ca\/fr\/#organization\",\"name\":\"Groupe Belleflamme\",\"alternateName\":\"Belleflamme\",\"url\":\"https:\/\/www.belleflamme.ca\/fr\/\",\"logo\":{\"@type\":\"ImageObject\",\"inLanguage\":\"fr-FR\",\"@id\":\"https:\/\/www.belleflamme.ca\/fr\/#\/schema\/logo\/image\/\",\"url\":\"https:\/\/staging.belleflamme.ca\/wp-content\/uploads\/2023\/01\/og-image.jpg\",\"contentUrl\":\"https:\/\/staging.belleflamme.ca\/wp-content\/uploads\/2023\/01\/og-image.jpg\",\"width\":1200,\"height\":630,\"caption\":\"Groupe Belleflamme\"},\"image\":{\"@id\":\"https:\/\/www.belleflamme.ca\/fr\/#\/schema\/logo\/image\/\"},\"sameAs\":[\"https:\/\/www.facebook.com\/belleflamme.ca\/\",\"https:\/\/www.linkedin.com\/company\/belleflamme\/\",\"https:\/\/www.pinterest.ca\/groupebelleflamme\/\",\"https:\/\/www.instagram.com\/legroupebelleflamme\/\"],\"mainEntityOfPage\":{\"@id\":\"https:\/\/staging.belleflamme.ca\/fr\/produit\/refegirateur-en-acier-inoxydable-homologue-pour-lexterieur-de-napoleon\/\"}}]}<\/script>\n<meta property=\"product:brand\" content=\"BBQ Napoleon\" \/>\n<meta property=\"product:price:amount\" content=\"1999.00\" \/>\n<meta property=\"product:price:currency\" content=\"CAD\" \/>\n<meta property=\"og:availability\" content=\"instock\" \/>\n<meta property=\"product:availability\" content=\"instock\" \/>\n<meta property=\"product:retailer_item_id\" content=\"NFR055OUSS\" \/>\n<meta property=\"product:condition\" content=\"new\" \/>\n<!-- \/ Yoast SEO Premium plugin. -->","yoast_head_json":{"title":"R\u00e9f\u00e9girateur en Acier Inoxydable Homologu\u00e9 pour L'ext\u00e9rieur de Napoleon - Groupe BelleFlamme","description":"R\u00e9f\u00e9girateur en Acier Inoxydable Homologu\u00e9 pour L'ext\u00e9rieur de Napoleon vendu par le Groupe Belleflamme. Laval, Montr\u00e9al, Gatineau et Saint-Sauveur.","robots":{"index":"index","follow":"follow","max-snippet":"max-snippet:-1","max-image-preview":"max-image-preview:large","max-video-preview":"max-video-preview:-1"},"canonical":"https:\/\/staging.belleflamme.ca\/fr\/produit\/refegirateur-en-acier-inoxydable-homologue-pour-lexterieur-de-napoleon\/","og_locale":"fr_FR","og_type":"article","og_title":"R\u00e9f\u00e9girateur en Acier Inoxydable Homologu\u00e9 pour L'ext\u00e9rieur de Napoleon","og_description":"R\u00e9f\u00e9girateur en Acier Inoxydable Homologu\u00e9 pour L'ext\u00e9rieur de Napoleon vendu par le Groupe Belleflamme. Laval, Montr\u00e9al, Gatineau et Saint-Sauveur.","og_url":"https:\/\/staging.belleflamme.ca\/fr\/produit\/refegirateur-en-acier-inoxydable-homologue-pour-lexterieur-de-napoleon\/","og_site_name":"Groupe BelleFlamme","article_publisher":"https:\/\/www.facebook.com\/belleflamme.ca\/","article_modified_time":"2024-10-01T18:45:12+00:00","og_image":[{"width":1000,"height":1000,"url":"https:\/\/www.belleflamme.ca\/wp-content\/uploads\/2024\/04\/Refegirateur-en-Acier-Inoxydable-Homologue-pour-Lexterieur-de-Napoleon.png","type":"image\/png"}],"twitter_card":"summary_large_image","twitter_misc":{"Prix":"&#36;1,999.00","Disponibilit\u00e9":"En stock"},"schema":{"@context":"https:\/\/schema.org","@graph":[{"@type":["WebPage","ItemPage"],"@id":"https:\/\/staging.belleflamme.ca\/fr\/produit\/refegirateur-en-acier-inoxydable-homologue-pour-lexterieur-de-napoleon\/","url":"https:\/\/staging.belleflamme.ca\/fr\/produit\/refegirateur-en-acier-inoxydable-homologue-pour-lexterieur-de-napoleon\/","name":"R\u00e9f\u00e9girateur en Acier Inoxydable Homologu\u00e9 pour L'ext\u00e9rieur de Napoleon - Groupe BelleFlamme","isPartOf":{"@id":"https:\/\/www.belleflamme.ca\/fr\/#website"},"primaryImageOfPage":{"@id":"https:\/\/staging.belleflamme.ca\/fr\/produit\/refegirateur-en-acier-inoxydable-homologue-pour-lexterieur-de-napoleon\/#primaryimage"},"image":{"@id":"https:\/\/staging.belleflamme.ca\/fr\/produit\/refegirateur-en-acier-inoxydable-homologue-pour-lexterieur-de-napoleon\/#primaryimage"},"thumbnailUrl":"https:\/\/staging.belleflamme.ca\/wp-content\/uploads\/2024\/04\/Refegirateur-en-Acier-Inoxydable-Homologue-pour-Lexterieur-de-Napoleon.png","datePublished":"2024-04-30T21:53:36+00:00","dateModified":"2024-10-01T18:45:12+00:00","description":"R\u00e9f\u00e9girateur en Acier Inoxydable Homologu\u00e9 pour L'ext\u00e9rieur de Napoleon vendu par le Groupe Belleflamme. Laval, Montr\u00e9al, Gatineau et Saint-Sauveur.","breadcrumb":{"@id":"https:\/\/staging.belleflamme.ca\/fr\/produit\/refegirateur-en-acier-inoxydable-homologue-pour-lexterieur-de-napoleon\/#breadcrumb"},"inLanguage":"fr-FR","potentialAction":[{"@type":"ReadAction","target":["https:\/\/staging.belleflamme.ca\/fr\/produit\/refegirateur-en-acier-inoxydable-homologue-pour-lexterieur-de-napoleon\/"]}]},{"@type":"ImageObject","inLanguage":"fr-FR","@id":"https:\/\/staging.belleflamme.ca\/fr\/produit\/refegirateur-en-acier-inoxydable-homologue-pour-lexterieur-de-napoleon\/#primaryimage","url":"https:\/\/staging.belleflamme.ca\/wp-content\/uploads\/2024\/04\/Refegirateur-en-Acier-Inoxydable-Homologue-pour-Lexterieur-de-Napoleon.png","contentUrl":"https:\/\/staging.belleflamme.ca\/wp-content\/uploads\/2024\/04\/Refegirateur-en-Acier-Inoxydable-Homologue-pour-Lexterieur-de-Napoleon.png","width":1000,"height":1000,"caption":"R\u00e9f\u00e9girateur en Acier Inoxydable Homologu\u00e9 pour L'ext\u00e9rieur de Napoleon"},{"@type":"BreadcrumbList","@id":"https:\/\/staging.belleflamme.ca\/fr\/produit\/refegirateur-en-acier-inoxydable-homologue-pour-lexterieur-de-napoleon\/#breadcrumb","itemListElement":[{"@type":"ListItem","position":1,"name":"Accueil","item":"https:\/\/www.belleflamme.ca\/fr\/"},{"@type":"ListItem","position":2,"name":"Boutique","item":"https:\/\/www.belleflamme.ca\/fr\/boutique\/"},{"@type":"ListItem","position":3,"name":"BBQ &amp; Produits Ext\u00e9rieurs","item":"https:\/\/staging.belleflamme.ca\/fr\/categories\/bbq-produits-exterieurs\/"},{"@type":"ListItem","position":4,"name":"Cuisine Ext\u00e9rieure","item":"https:\/\/staging.belleflamme.ca\/fr\/categories\/bbq-produits-exterieurs\/cuisine-exterieure\/"},{"@type":"ListItem","position":5,"name":"Cabinets et Modules","item":"https:\/\/staging.belleflamme.ca\/fr\/categories\/bbq-produits-exterieurs\/cuisine-exterieure\/cabinets-et-modules\/"},{"@type":"ListItem","position":6,"name":"R\u00e9f\u00e9girateur en Acier Inoxydable Homologu\u00e9 pour L&#8217;ext\u00e9rieur de Napoleon"}]},{"@type":"WebSite","@id":"https:\/\/www.belleflamme.ca\/fr\/#website","url":"https:\/\/www.belleflamme.ca\/fr\/","name":"Groupe Belleflamme","description":"La m\u00e9canique du b\u00e2timent dans le sang.","publisher":{"@id":"https:\/\/www.belleflamme.ca\/fr\/#organization"},"potentialAction":[{"@type":"SearchAction","target":{"@type":"EntryPoint","urlTemplate":"https:\/\/www.belleflamme.ca\/fr\/?s={search_term_string}"},"query-input":{"@type":"PropertyValueSpecification","valueRequired":true,"valueName":"search_term_string"}}],"inLanguage":"fr-FR"},{"@type":["Organization","Place"],"@id":"https:\/\/www.belleflamme.ca\/fr\/#organization","name":"Groupe Belleflamme","alternateName":"Belleflamme","url":"https:\/\/www.belleflamme.ca\/fr\/","logo":{"@type":"ImageObject","inLanguage":"fr-FR","@id":"https:\/\/www.belleflamme.ca\/fr\/#\/schema\/logo\/image\/","url":"https:\/\/staging.belleflamme.ca\/wp-content\/uploads\/2023\/01\/og-image.jpg","contentUrl":"https:\/\/staging.belleflamme.ca\/wp-content\/uploads\/2023\/01\/og-image.jpg","width":1200,"height":630,"caption":"Groupe Belleflamme"},"image":{"@id":"https:\/\/www.belleflamme.ca\/fr\/#\/schema\/logo\/image\/"},"sameAs":["https:\/\/www.facebook.com\/belleflamme.ca\/","https:\/\/www.linkedin.com\/company\/belleflamme\/","https:\/\/www.pinterest.ca\/groupebelleflamme\/","https:\/\/www.instagram.com\/legroupebelleflamme\/"],"mainEntityOfPage":{"@id":"https:\/\/staging.belleflamme.ca\/fr\/produit\/refegirateur-en-acier-inoxydable-homologue-pour-lexterieur-de-napoleon\/"}}]},"product_brand":"BBQ Napoleon","product_price_amount":"1999.00","product_price_currency":"CAD","og_availability":"instock","product_availability":"instock","product_retailer_item_id":"NFR055OUSS","product_condition":"new"},"_links":{"self":[{"href":"https:\/\/staging.belleflamme.ca\/fr\/wp-json\/wp\/v2\/product\/37002","targetHints":{"allow":["GET"]}}],"collection":[{"href":"https:\/\/staging.belleflamme.ca\/fr\/wp-json\/wp\/v2\/product"}],"about":[{"href":"https:\/\/staging.belleflamme.ca\/fr\/wp-json\/wp\/v2\/types\/product"}],"version-history":[{"count":5,"href":"https:\/\/staging.belleflamme.ca\/fr\/wp-json\/wp\/v2\/product\/37002\/revisions"}],"predecessor-version":[{"id":43405,"href":"https:\/\/staging.belleflamme.ca\/fr\/wp-json\/wp\/v2\/product\/37002\/revisions\/43405"}],"wp:featuredmedia":[{"embeddable":true,"href":"https:\/\/staging.belleflamme.ca\/fr\/wp-json\/wp\/v2\/media\/37003"}],"wp:attachment":[{"href":"https:\/\/staging.belleflamme.ca\/fr\/wp-json\/wp\/v2\/media?parent=37002"}],"wp:term":[{"taxonomy":"product_brand","embeddable":true,"href":"https:\/\/staging.belleflamme.ca\/fr\/wp-json\/wp\/v2\/product_brand?post=37002"},{"taxonomy":"product_cat","embeddable":true,"href":"https:\/\/staging.belleflamme.ca\/fr\/wp-json\/wp\/v2\/product_cat?post=37002"},{"taxonomy":"product_tag","embeddable":true,"href":"https:\/\/staging.belleflamme.ca\/fr\/wp-json\/wp\/v2\/product_tag?post=37002"}],"curies":[{"name":"wp","href":"https:\/\/api.w.org\/{rel}","templated":true}]}}