{"id":36918,"date":"2024-04-30T16:17:03","date_gmt":"2024-04-30T20:17:03","guid":{"rendered":"https:\/\/www.belleflamme.ca\/?post_type=product&#038;p=36918"},"modified":"2024-10-01T14:45:40","modified_gmt":"2024-10-01T18:45:40","slug":"support-coulissant-pour-reservoir-de-propane-de-napoleon","status":"publish","type":"product","link":"https:\/\/staging.belleflamme.ca\/fr\/produit\/support-coulissant-pour-reservoir-de-propane-de-napoleon\/","title":{"rendered":"Support Coulissant Pour R\u00e9servoir de Propane de Napoleon"},"content":{"rendered":"<h3 class=\"title hide-item-on-mobile\">DESCRIPTION<\/h3>\n<div class=\"inner-wrapper\" data-max-height=\"360px\" data-fade=\"true\">\n<div class=\"clearfix text-formatted field field--name-body field--type-text-with-summary field--label-hidden field__item\">\n<p>Ajoutez ce support coulissant pour r\u00e9servoir de propane \u00e0 votre cabinet afin de faciliter les changements de r\u00e9servoir lorsque vous \u00eates \u00e0 court de propane. Le support permet de glisser le r\u00e9servoir vers vous avec facilit\u00e9 et sans effort. Gardez votre r\u00e9servoir de propane stabilis\u00e9 et m\u00e9nagez votre dos la prochaine fois que vous devrez changer le r\u00e9servoir de votre gril.<\/p>\n<\/div>\n<\/div>\n<p>&nbsp;<\/p>\n<h3 class=\"title hide-item-on-mobile\">CARACT\u00c9RISTIQUES<\/h3>\n<div class=\"inner-wrapper\" data-max-height=\"360px\" data-fade=\"true\">\n<div class=\"clearfix text-formatted field field--name-field-summary-features field--type-text field--label-hidden field__items\">\n<ul>\n<li class=\"field__item\">Rangez et dissimulez facilement le r\u00e9servoir de propane dans votre cuisine ext\u00e9rieure personnalis\u00e9e.<\/li>\n<li class=\"field__item\">Le support coulissant robuste convient parfaitement aux r\u00e9servoirs de propane de 9,07 kg (20 lb).<\/li>\n<li class=\"field__item\">L&#8217;utilisation du support coulissant permet de changer le r\u00e9servoir de propane plus rapidement et plus facilement, en \u00e9vitant de se pencher et de soulever des r\u00e9servoirs lourds.<\/li>\n<li class=\"field__item\">Les glissi\u00e8res \u00e0 roulement assurent un fonctionnement silencieux et en douceur, m\u00eame \u00e0 pleine charge.<\/li>\n<\/ul>\n<\/div>\n<\/div>\n<p>&nbsp;<\/p>\n<table class=\"specification-table\">\n<tbody>\n<tr>\n<th>GARANTIE<\/th>\n<td>\u00c0 vie garantie int\u00e9grale<sup>*<\/sup><\/td>\n<\/tr>\n<tr>\n<th>HAUTEUR<\/th>\n<td>4,75 in (61 cm)<\/td>\n<\/tr>\n<tr>\n<th>LARGEUR<\/th>\n<td>12,90 in (38 cm)<\/td>\n<\/tr>\n<tr>\n<th>PROFONDEUR<\/th>\n<td>16,30 in (51 cm)<\/td>\n<\/tr>\n<tr>\n<th>HAUTEUR DE LA BO\u00ceTE<\/th>\n<td>6,20 in (15,75 cm)<\/td>\n<\/tr>\n<tr>\n<th>LARGEUR DE LA BO\u00ceTE<\/th>\n<td>13,70 in (34,80 cm)<\/td>\n<\/tr>\n<tr>\n<th>PROFONDEUR DE LA BO\u00ceTE<\/th>\n<td>17,10 in (43,43 cm)<\/td>\n<\/tr>\n<tr>\n<th>POIDS DE LA BO\u00ceTE<\/th>\n<td>10 lbs. (4,54 kg)<\/td>\n<\/tr>\n<\/tbody>\n<\/table>\n","protected":false},"excerpt":{"rendered":"<p>DESCRIPTION Ajoutez ce support coulissant pour r\u00e9servoir de propane \u00e0 votre cabinet afin de faciliter les changements de r\u00e9servoir lorsque vous \u00eates \u00e0 court de propane. Le support permet de glisser le r\u00e9servoir vers vous avec facilit\u00e9 et sans effort. Gardez votre r\u00e9servoir de propane stabilis\u00e9 et m\u00e9nagez votre dos la prochaine fois que vous [&hellip;]<\/p>\n","protected":false},"featured_media":36919,"template":"","meta":{"inline_featured_image":false},"product_brand":[1316],"product_cat":[113,352,116],"product_tag":[],"class_list":{"0":"post-36918","1":"product","2":"type-product","3":"status-publish","4":"has-post-thumbnail","6":"product_brand-bbq-napoleon","7":"product_cat-bbq-produits-exterieurs","8":"product_cat-cabinets-et-modules","9":"product_cat-cuisine-exterieure","11":"first","12":"instock","13":"taxable","14":"shipping-taxable","15":"purchasable","16":"product-type-simple"},"yoast_head":"<!-- This site is optimized with the Yoast SEO Premium plugin v24.2 (Yoast SEO v24.2) - https:\/\/yoast.com\/wordpress\/plugins\/seo\/ -->\n<title>Support Coulissant Pour R\u00e9servoir de Propane de Napoleon - Groupe BelleFlamme<\/title>\n<meta name=\"description\" content=\"Support Coulissant Pour R\u00e9servoir de Propane de Napoleon vendu par le Groupe Belleflamme. Laval, Montr\u00e9al, Gatineau et Saint-Sauveur.\" \/>\n<meta name=\"robots\" content=\"index, follow, max-snippet:-1, max-image-preview:large, max-video-preview:-1\" \/>\n<link rel=\"canonical\" href=\"https:\/\/staging.belleflamme.ca\/fr\/produit\/support-coulissant-pour-reservoir-de-propane-de-napoleon\/\" \/>\n<meta property=\"og:locale\" content=\"fr_FR\" \/>\n<meta property=\"og:type\" content=\"article\" \/>\n<meta property=\"og:title\" content=\"Support Coulissant Pour R\u00e9servoir de Propane de Napoleon\" \/>\n<meta property=\"og:description\" content=\"Support Coulissant Pour R\u00e9servoir de Propane de Napoleon vendu par le Groupe Belleflamme. Laval, Montr\u00e9al, Gatineau et Saint-Sauveur.\" \/>\n<meta property=\"og:url\" content=\"https:\/\/staging.belleflamme.ca\/fr\/produit\/support-coulissant-pour-reservoir-de-propane-de-napoleon\/\" \/>\n<meta property=\"og:site_name\" content=\"Groupe BelleFlamme\" \/>\n<meta property=\"article:publisher\" content=\"https:\/\/www.facebook.com\/belleflamme.ca\/\" \/>\n<meta property=\"article:modified_time\" content=\"2024-10-01T18:45:40+00:00\" \/>\n<meta property=\"og:image\" content=\"https:\/\/www.belleflamme.ca\/wp-content\/uploads\/2024\/04\/Support-Coulissant-Pour-Reservoir-de-Propane-de-Napoleon.png\" \/>\n\t<meta property=\"og:image:width\" content=\"1000\" \/>\n\t<meta property=\"og:image:height\" content=\"1000\" \/>\n\t<meta property=\"og:image:type\" content=\"image\/png\" \/>\n<meta name=\"twitter:card\" content=\"summary_large_image\" \/>\n<meta name=\"twitter:label1\" content=\"Prix\" \/>\n\t<meta name=\"twitter:data1\" content=\"&#036;99.00\" \/>\n\t<meta name=\"twitter:label2\" content=\"Disponibilit\u00e9\" \/>\n\t<meta name=\"twitter:data2\" content=\"En stock\" \/>\n<script type=\"application\/ld+json\" class=\"yoast-schema-graph\">{\"@context\":\"https:\/\/schema.org\",\"@graph\":[{\"@type\":[\"WebPage\",\"ItemPage\"],\"@id\":\"https:\/\/staging.belleflamme.ca\/fr\/produit\/support-coulissant-pour-reservoir-de-propane-de-napoleon\/\",\"url\":\"https:\/\/staging.belleflamme.ca\/fr\/produit\/support-coulissant-pour-reservoir-de-propane-de-napoleon\/\",\"name\":\"Support Coulissant Pour R\u00e9servoir de Propane de Napoleon - Groupe BelleFlamme\",\"isPartOf\":{\"@id\":\"https:\/\/www.belleflamme.ca\/fr\/#website\"},\"primaryImageOfPage\":{\"@id\":\"https:\/\/staging.belleflamme.ca\/fr\/produit\/support-coulissant-pour-reservoir-de-propane-de-napoleon\/#primaryimage\"},\"image\":{\"@id\":\"https:\/\/staging.belleflamme.ca\/fr\/produit\/support-coulissant-pour-reservoir-de-propane-de-napoleon\/#primaryimage\"},\"thumbnailUrl\":\"https:\/\/staging.belleflamme.ca\/wp-content\/uploads\/2024\/04\/Support-Coulissant-Pour-Reservoir-de-Propane-de-Napoleon.png\",\"datePublished\":\"2024-04-30T20:17:03+00:00\",\"dateModified\":\"2024-10-01T18:45:40+00:00\",\"description\":\"Support Coulissant Pour R\u00e9servoir de Propane de Napoleon vendu par le Groupe Belleflamme. Laval, Montr\u00e9al, Gatineau et Saint-Sauveur.\",\"breadcrumb\":{\"@id\":\"https:\/\/staging.belleflamme.ca\/fr\/produit\/support-coulissant-pour-reservoir-de-propane-de-napoleon\/#breadcrumb\"},\"inLanguage\":\"fr-FR\",\"potentialAction\":[{\"@type\":\"ReadAction\",\"target\":[\"https:\/\/staging.belleflamme.ca\/fr\/produit\/support-coulissant-pour-reservoir-de-propane-de-napoleon\/\"]}]},{\"@type\":\"ImageObject\",\"inLanguage\":\"fr-FR\",\"@id\":\"https:\/\/staging.belleflamme.ca\/fr\/produit\/support-coulissant-pour-reservoir-de-propane-de-napoleon\/#primaryimage\",\"url\":\"https:\/\/staging.belleflamme.ca\/wp-content\/uploads\/2024\/04\/Support-Coulissant-Pour-Reservoir-de-Propane-de-Napoleon.png\",\"contentUrl\":\"https:\/\/staging.belleflamme.ca\/wp-content\/uploads\/2024\/04\/Support-Coulissant-Pour-Reservoir-de-Propane-de-Napoleon.png\",\"width\":1000,\"height\":1000,\"caption\":\"Support Coulissant Pour R\u00e9servoir de Propane de Napoleon\"},{\"@type\":\"BreadcrumbList\",\"@id\":\"https:\/\/staging.belleflamme.ca\/fr\/produit\/support-coulissant-pour-reservoir-de-propane-de-napoleon\/#breadcrumb\",\"itemListElement\":[{\"@type\":\"ListItem\",\"position\":1,\"name\":\"Accueil\",\"item\":\"https:\/\/www.belleflamme.ca\/fr\/\"},{\"@type\":\"ListItem\",\"position\":2,\"name\":\"Boutique\",\"item\":\"https:\/\/www.belleflamme.ca\/fr\/boutique\/\"},{\"@type\":\"ListItem\",\"position\":3,\"name\":\"BBQ &amp; Produits Ext\u00e9rieurs\",\"item\":\"https:\/\/staging.belleflamme.ca\/fr\/categories\/bbq-produits-exterieurs\/\"},{\"@type\":\"ListItem\",\"position\":4,\"name\":\"Cuisine Ext\u00e9rieure\",\"item\":\"https:\/\/staging.belleflamme.ca\/fr\/categories\/bbq-produits-exterieurs\/cuisine-exterieure\/\"},{\"@type\":\"ListItem\",\"position\":5,\"name\":\"Cabinets et Modules\",\"item\":\"https:\/\/staging.belleflamme.ca\/fr\/categories\/bbq-produits-exterieurs\/cuisine-exterieure\/cabinets-et-modules\/\"},{\"@type\":\"ListItem\",\"position\":6,\"name\":\"Support Coulissant Pour R\u00e9servoir de Propane de Napoleon\"}]},{\"@type\":\"WebSite\",\"@id\":\"https:\/\/www.belleflamme.ca\/fr\/#website\",\"url\":\"https:\/\/www.belleflamme.ca\/fr\/\",\"name\":\"Groupe Belleflamme\",\"description\":\"La m\u00e9canique du b\u00e2timent dans le sang.\",\"publisher\":{\"@id\":\"https:\/\/www.belleflamme.ca\/fr\/#organization\"},\"potentialAction\":[{\"@type\":\"SearchAction\",\"target\":{\"@type\":\"EntryPoint\",\"urlTemplate\":\"https:\/\/www.belleflamme.ca\/fr\/?s={search_term_string}\"},\"query-input\":{\"@type\":\"PropertyValueSpecification\",\"valueRequired\":true,\"valueName\":\"search_term_string\"}}],\"inLanguage\":\"fr-FR\"},{\"@type\":[\"Organization\",\"Place\"],\"@id\":\"https:\/\/www.belleflamme.ca\/fr\/#organization\",\"name\":\"Groupe Belleflamme\",\"alternateName\":\"Belleflamme\",\"url\":\"https:\/\/www.belleflamme.ca\/fr\/\",\"logo\":{\"@type\":\"ImageObject\",\"inLanguage\":\"fr-FR\",\"@id\":\"https:\/\/www.belleflamme.ca\/fr\/#\/schema\/logo\/image\/\",\"url\":\"https:\/\/staging.belleflamme.ca\/wp-content\/uploads\/2023\/01\/og-image.jpg\",\"contentUrl\":\"https:\/\/staging.belleflamme.ca\/wp-content\/uploads\/2023\/01\/og-image.jpg\",\"width\":1200,\"height\":630,\"caption\":\"Groupe Belleflamme\"},\"image\":{\"@id\":\"https:\/\/www.belleflamme.ca\/fr\/#\/schema\/logo\/image\/\"},\"sameAs\":[\"https:\/\/www.facebook.com\/belleflamme.ca\/\",\"https:\/\/www.linkedin.com\/company\/belleflamme\/\",\"https:\/\/www.pinterest.ca\/groupebelleflamme\/\",\"https:\/\/www.instagram.com\/legroupebelleflamme\/\"],\"mainEntityOfPage\":{\"@id\":\"https:\/\/staging.belleflamme.ca\/fr\/produit\/support-coulissant-pour-reservoir-de-propane-de-napoleon\/\"}}]}<\/script>\n<meta property=\"product:brand\" content=\"BBQ Napoleon\" \/>\n<meta property=\"product:price:amount\" content=\"99.00\" \/>\n<meta property=\"product:price:currency\" content=\"CAD\" \/>\n<meta property=\"og:availability\" content=\"instock\" \/>\n<meta property=\"product:availability\" content=\"instock\" \/>\n<meta property=\"product:retailer_item_id\" content=\"BI-TSK\" \/>\n<meta property=\"product:condition\" content=\"new\" \/>\n<!-- \/ Yoast SEO Premium plugin. -->","yoast_head_json":{"title":"Support Coulissant Pour R\u00e9servoir de Propane de Napoleon - Groupe BelleFlamme","description":"Support Coulissant Pour R\u00e9servoir de Propane de Napoleon vendu par le Groupe Belleflamme. Laval, Montr\u00e9al, Gatineau et Saint-Sauveur.","robots":{"index":"index","follow":"follow","max-snippet":"max-snippet:-1","max-image-preview":"max-image-preview:large","max-video-preview":"max-video-preview:-1"},"canonical":"https:\/\/staging.belleflamme.ca\/fr\/produit\/support-coulissant-pour-reservoir-de-propane-de-napoleon\/","og_locale":"fr_FR","og_type":"article","og_title":"Support Coulissant Pour R\u00e9servoir de Propane de Napoleon","og_description":"Support Coulissant Pour R\u00e9servoir de Propane de Napoleon vendu par le Groupe Belleflamme. Laval, Montr\u00e9al, Gatineau et Saint-Sauveur.","og_url":"https:\/\/staging.belleflamme.ca\/fr\/produit\/support-coulissant-pour-reservoir-de-propane-de-napoleon\/","og_site_name":"Groupe BelleFlamme","article_publisher":"https:\/\/www.facebook.com\/belleflamme.ca\/","article_modified_time":"2024-10-01T18:45:40+00:00","og_image":[{"width":1000,"height":1000,"url":"https:\/\/www.belleflamme.ca\/wp-content\/uploads\/2024\/04\/Support-Coulissant-Pour-Reservoir-de-Propane-de-Napoleon.png","type":"image\/png"}],"twitter_card":"summary_large_image","twitter_misc":{"Prix":"&#36;99.00","Disponibilit\u00e9":"En stock"},"schema":{"@context":"https:\/\/schema.org","@graph":[{"@type":["WebPage","ItemPage"],"@id":"https:\/\/staging.belleflamme.ca\/fr\/produit\/support-coulissant-pour-reservoir-de-propane-de-napoleon\/","url":"https:\/\/staging.belleflamme.ca\/fr\/produit\/support-coulissant-pour-reservoir-de-propane-de-napoleon\/","name":"Support Coulissant Pour R\u00e9servoir de Propane de Napoleon - Groupe BelleFlamme","isPartOf":{"@id":"https:\/\/www.belleflamme.ca\/fr\/#website"},"primaryImageOfPage":{"@id":"https:\/\/staging.belleflamme.ca\/fr\/produit\/support-coulissant-pour-reservoir-de-propane-de-napoleon\/#primaryimage"},"image":{"@id":"https:\/\/staging.belleflamme.ca\/fr\/produit\/support-coulissant-pour-reservoir-de-propane-de-napoleon\/#primaryimage"},"thumbnailUrl":"https:\/\/staging.belleflamme.ca\/wp-content\/uploads\/2024\/04\/Support-Coulissant-Pour-Reservoir-de-Propane-de-Napoleon.png","datePublished":"2024-04-30T20:17:03+00:00","dateModified":"2024-10-01T18:45:40+00:00","description":"Support Coulissant Pour R\u00e9servoir de Propane de Napoleon vendu par le Groupe Belleflamme. Laval, Montr\u00e9al, Gatineau et Saint-Sauveur.","breadcrumb":{"@id":"https:\/\/staging.belleflamme.ca\/fr\/produit\/support-coulissant-pour-reservoir-de-propane-de-napoleon\/#breadcrumb"},"inLanguage":"fr-FR","potentialAction":[{"@type":"ReadAction","target":["https:\/\/staging.belleflamme.ca\/fr\/produit\/support-coulissant-pour-reservoir-de-propane-de-napoleon\/"]}]},{"@type":"ImageObject","inLanguage":"fr-FR","@id":"https:\/\/staging.belleflamme.ca\/fr\/produit\/support-coulissant-pour-reservoir-de-propane-de-napoleon\/#primaryimage","url":"https:\/\/staging.belleflamme.ca\/wp-content\/uploads\/2024\/04\/Support-Coulissant-Pour-Reservoir-de-Propane-de-Napoleon.png","contentUrl":"https:\/\/staging.belleflamme.ca\/wp-content\/uploads\/2024\/04\/Support-Coulissant-Pour-Reservoir-de-Propane-de-Napoleon.png","width":1000,"height":1000,"caption":"Support Coulissant Pour R\u00e9servoir de Propane de Napoleon"},{"@type":"BreadcrumbList","@id":"https:\/\/staging.belleflamme.ca\/fr\/produit\/support-coulissant-pour-reservoir-de-propane-de-napoleon\/#breadcrumb","itemListElement":[{"@type":"ListItem","position":1,"name":"Accueil","item":"https:\/\/www.belleflamme.ca\/fr\/"},{"@type":"ListItem","position":2,"name":"Boutique","item":"https:\/\/www.belleflamme.ca\/fr\/boutique\/"},{"@type":"ListItem","position":3,"name":"BBQ &amp; Produits Ext\u00e9rieurs","item":"https:\/\/staging.belleflamme.ca\/fr\/categories\/bbq-produits-exterieurs\/"},{"@type":"ListItem","position":4,"name":"Cuisine Ext\u00e9rieure","item":"https:\/\/staging.belleflamme.ca\/fr\/categories\/bbq-produits-exterieurs\/cuisine-exterieure\/"},{"@type":"ListItem","position":5,"name":"Cabinets et Modules","item":"https:\/\/staging.belleflamme.ca\/fr\/categories\/bbq-produits-exterieurs\/cuisine-exterieure\/cabinets-et-modules\/"},{"@type":"ListItem","position":6,"name":"Support Coulissant Pour R\u00e9servoir de Propane de Napoleon"}]},{"@type":"WebSite","@id":"https:\/\/www.belleflamme.ca\/fr\/#website","url":"https:\/\/www.belleflamme.ca\/fr\/","name":"Groupe Belleflamme","description":"La m\u00e9canique du b\u00e2timent dans le sang.","publisher":{"@id":"https:\/\/www.belleflamme.ca\/fr\/#organization"},"potentialAction":[{"@type":"SearchAction","target":{"@type":"EntryPoint","urlTemplate":"https:\/\/www.belleflamme.ca\/fr\/?s={search_term_string}"},"query-input":{"@type":"PropertyValueSpecification","valueRequired":true,"valueName":"search_term_string"}}],"inLanguage":"fr-FR"},{"@type":["Organization","Place"],"@id":"https:\/\/www.belleflamme.ca\/fr\/#organization","name":"Groupe Belleflamme","alternateName":"Belleflamme","url":"https:\/\/www.belleflamme.ca\/fr\/","logo":{"@type":"ImageObject","inLanguage":"fr-FR","@id":"https:\/\/www.belleflamme.ca\/fr\/#\/schema\/logo\/image\/","url":"https:\/\/staging.belleflamme.ca\/wp-content\/uploads\/2023\/01\/og-image.jpg","contentUrl":"https:\/\/staging.belleflamme.ca\/wp-content\/uploads\/2023\/01\/og-image.jpg","width":1200,"height":630,"caption":"Groupe Belleflamme"},"image":{"@id":"https:\/\/www.belleflamme.ca\/fr\/#\/schema\/logo\/image\/"},"sameAs":["https:\/\/www.facebook.com\/belleflamme.ca\/","https:\/\/www.linkedin.com\/company\/belleflamme\/","https:\/\/www.pinterest.ca\/groupebelleflamme\/","https:\/\/www.instagram.com\/legroupebelleflamme\/"],"mainEntityOfPage":{"@id":"https:\/\/staging.belleflamme.ca\/fr\/produit\/support-coulissant-pour-reservoir-de-propane-de-napoleon\/"}}]},"product_brand":"BBQ Napoleon","product_price_amount":"99.00","product_price_currency":"CAD","og_availability":"instock","product_availability":"instock","product_retailer_item_id":"BI-TSK","product_condition":"new"},"_links":{"self":[{"href":"https:\/\/staging.belleflamme.ca\/fr\/wp-json\/wp\/v2\/product\/36918","targetHints":{"allow":["GET"]}}],"collection":[{"href":"https:\/\/staging.belleflamme.ca\/fr\/wp-json\/wp\/v2\/product"}],"about":[{"href":"https:\/\/staging.belleflamme.ca\/fr\/wp-json\/wp\/v2\/types\/product"}],"version-history":[{"count":1,"href":"https:\/\/staging.belleflamme.ca\/fr\/wp-json\/wp\/v2\/product\/36918\/revisions"}],"predecessor-version":[{"id":36921,"href":"https:\/\/staging.belleflamme.ca\/fr\/wp-json\/wp\/v2\/product\/36918\/revisions\/36921"}],"wp:featuredmedia":[{"embeddable":true,"href":"https:\/\/staging.belleflamme.ca\/fr\/wp-json\/wp\/v2\/media\/36919"}],"wp:attachment":[{"href":"https:\/\/staging.belleflamme.ca\/fr\/wp-json\/wp\/v2\/media?parent=36918"}],"wp:term":[{"taxonomy":"product_brand","embeddable":true,"href":"https:\/\/staging.belleflamme.ca\/fr\/wp-json\/wp\/v2\/product_brand?post=36918"},{"taxonomy":"product_cat","embeddable":true,"href":"https:\/\/staging.belleflamme.ca\/fr\/wp-json\/wp\/v2\/product_cat?post=36918"},{"taxonomy":"product_tag","embeddable":true,"href":"https:\/\/staging.belleflamme.ca\/fr\/wp-json\/wp\/v2\/product_tag?post=36918"}],"curies":[{"name":"wp","href":"https:\/\/api.w.org\/{rel}","templated":true}]}}