{"id":36823,"date":"2024-04-30T15:36:39","date_gmt":"2024-04-30T19:36:39","guid":{"rendered":"https:\/\/www.belleflamme.ca\/?post_type=product&#038;p=36823"},"modified":"2024-10-01T14:51:00","modified_gmt":"2024-10-01T18:51:00","slug":"tiroir-double-18-po-x-24-po-grand-et-standard-de-napoleon","status":"publish","type":"product","link":"https:\/\/staging.belleflamme.ca\/fr\/produit\/tiroir-double-18-po-x-24-po-grand-et-standard-de-napoleon\/","title":{"rendered":"Tiroir Double 18 po X 24 po Grand et Standard de Napoleon"},"content":{"rendered":"\t\t<div data-elementor-type=\"product-post\" data-elementor-id=\"36823\" class=\"elementor elementor-36823\" data-elementor-post-type=\"product\">\n\t\t\t\t\t\t<section class=\"elementor-section elementor-top-section elementor-element elementor-element-7c8f0abe elementor-section-boxed elementor-section-height-default elementor-section-height-default\" data-id=\"7c8f0abe\" data-element_type=\"section\">\n\t\t\t\t\t\t<div class=\"elementor-container elementor-column-gap-default\">\n\t\t\t\t\t<div class=\"elementor-column elementor-col-100 elementor-top-column elementor-element elementor-element-2dc339ec\" data-id=\"2dc339ec\" data-element_type=\"column\">\n\t\t\t<div class=\"elementor-widget-wrap elementor-element-populated\">\n\t\t\t\t\t\t<div class=\"elementor-element elementor-element-1f6bfb47 elementor-widget elementor-widget-text-editor\" data-id=\"1f6bfb47\" data-element_type=\"widget\" data-widget_type=\"text-editor.default\">\n\t\t\t\t<div class=\"elementor-widget-container\">\n\t\t\t\t\t\t\t\t\t<h3 class=\"title hide-item-on-mobile\">DESCRIPTION<\/h3>\r\n<div class=\"inner-wrapper\" data-max-height=\"360px\" data-fade=\"true\">\r\n<div class=\"clearfix text-formatted field field--name-body field--type-text-with-summary field--label-hidden field__item\">\r\n\r\nCr\u00e9er son propre \u00eelot ext\u00e9rieur personnalis\u00e9 n&#8217;a jamais \u00e9t\u00e9 aussi simple avec les composants pour grils encastr\u00e9s de Napoleon. Toute cuisine ext\u00e9rieure n\u00e9cessite du rangement; ce cabinet \u00e0 tiroir double de 18 po x 24 po comprend un tiroir profond pour les chaudrons et les po\u00eales, ainsi qu&#8217;un tiroir de 8 po pour les ustensiles et les \u00e9pices. La construction en acier inoxydable, le m\u00e9canisme de fermeture amortie, les moulures fluides et les poign\u00e9es en aluminium anodis\u00e9 garantissent une excellente durabilit\u00e9 ainsi que des possibilit\u00e9s d&#8217;installation illimit\u00e9es.\r\n\r\n<\/div>\r\n<\/div>\r\n&nbsp;\r\n<h3 class=\"title hide-item-on-mobile\">CARACT\u00c9RISTIQUES<\/h3>\r\n<div class=\"inner-wrapper\" data-max-height=\"360px\" data-fade=\"true\">\r\n<div class=\"clearfix text-formatted field field--name-field-summary-features field--type-text field--label-hidden field__items\">\r\n<ul>\r\n \t<li class=\"field__item\">La fabrication en acier inoxydable durable assure une longue dur\u00e9e de vie.<\/li>\r\n \t<li class=\"field__item\">Tiroir sup\u00e9rieur simple de 8 pouces avec un second tiroir de grande taille en dessous.<\/li>\r\n \t<li class=\"field__item\">Les poign\u00e9es en aluminium anodis\u00e9 fournissent une protection accrue contre la corrosion et l&#8217;usure, pour une plus grande durabilit\u00e9.<\/li>\r\n \t<li class=\"field__item\">Les moulures fluides favorisent une installation polyvalente et impeccable.<\/li>\r\n \t<li class=\"field__item\">Les charni\u00e8res \u00e0 fermeture amortie pr\u00e9viennent l&#8217;usure et les bruits de claquement lors de l&#8217;utilisation.<\/li>\r\n \t<li class=\"field__item\">Parfait pour ranger vos accessoires Napoleon pr\u00e9f\u00e9r\u00e9s et vos \u00e9pices, et fournir un endroit pratique o\u00f9 jeter les d\u00e9chets quand vous cuisinez \u00e0 l&#8217;ext\u00e9rieur.<\/li>\r\n \t<li class=\"field__item\">Cet ensemble de tiroirs avec tiroir \u00e0 d\u00e9chets est l&#8217;\u00e9l\u00e9ment id\u00e9al d&#8217;une cuisine ext\u00e9rieure parfaite et personnalis\u00e9e.<\/li>\r\n \t<li class=\"field__item\">Hauteur : 22,75 pouces (70,50 cm), Largeur : 19,75 pouces (50 cm), Profondeur : 23,50 pouces (59,50 cm)<\/li>\r\n<\/ul>\r\n<\/div>\r\n<\/div>\r\n&nbsp;\r\n<table class=\"specification-table\">\r\n<tbody>\r\n<tr>\r\n<th>GARANTIE<\/th>\r\n<td>Garantie limit\u00e9e de 10\u00a0ans<sup>*<\/sup><\/td>\r\n<\/tr>\r\n<tr>\r\n<th>HAUTEUR<\/th>\r\n<td>27,75 in (70,50 cm)<\/td>\r\n<\/tr>\r\n<tr>\r\n<th>LARGEUR<\/th>\r\n<td>19,75 in (50 cm)<\/td>\r\n<\/tr>\r\n<tr>\r\n<th>PROFONDEUR<\/th>\r\n<td>23,50 in (59,50 cm)<\/td>\r\n<\/tr>\r\n<tr>\r\n<th>HAUTEUR DE LA BO\u00ceTE<\/th>\r\n<td>31,80 in (80,77 cm)<\/td>\r\n<\/tr>\r\n<tr>\r\n<th>LARGEUR DE LA BO\u00ceTE<\/th>\r\n<td>27,20 in (69,09 cm)<\/td>\r\n<\/tr>\r\n<tr>\r\n<th>PROFONDEUR DE LA BO\u00ceTE<\/th>\r\n<td>29,70 in (75,44 cm)<\/td>\r\n<\/tr>\r\n<tr>\r\n<th>POIDS DE LA BO\u00ceTE<\/th>\r\n<td>90,50 lbs. (41,04 kg)<\/td>\r\n<\/tr>\r\n<\/tbody>\r\n<\/table>\t\t\t\t\t\t\t\t<\/div>\n\t\t\t\t<\/div>\n\t\t\t\t\t<\/div>\n\t\t<\/div>\n\t\t\t\t\t<\/div>\n\t\t<\/section>\n\t\t\t\t<section class=\"elementor-section elementor-top-section elementor-element elementor-element-383cbc1 elementor-section-boxed elementor-section-height-default elementor-section-height-default\" data-id=\"383cbc1\" data-element_type=\"section\">\n\t\t\t\t\t\t<div class=\"elementor-container elementor-column-gap-default\">\n\t\t\t\t\t<div class=\"elementor-column elementor-col-100 elementor-top-column elementor-element elementor-element-af89364\" data-id=\"af89364\" data-element_type=\"column\">\n\t\t\t<div class=\"elementor-widget-wrap elementor-element-populated\">\n\t\t\t\t\t\t<div class=\"elementor-element elementor-element-0e33071 elementor-tabs-view-horizontal elementor-widget elementor-widget-tabs\" data-id=\"0e33071\" data-element_type=\"widget\" data-widget_type=\"tabs.default\">\n\t\t\t\t<div class=\"elementor-widget-container\">\n\t\t\t\t\t\t\t<div class=\"elementor-tabs\">\n\t\t\t<div class=\"elementor-tabs-wrapper\" role=\"tablist\" >\n\t\t\t\t\t\t\t\t\t<div id=\"elementor-tab-title-1481\" class=\"elementor-tab-title elementor-tab-desktop-title\" aria-selected=\"true\" data-tab=\"1\" role=\"tab\" tabindex=\"0\" aria-controls=\"elementor-tab-content-1481\" aria-expanded=\"false\">Fichiers<\/div>\n\t\t\t\t\t\t\t<\/div>\n\t\t\t<div class=\"elementor-tabs-content-wrapper\" role=\"tablist\" aria-orientation=\"vertical\">\n\t\t\t\t\t\t\t\t\t<div class=\"elementor-tab-title elementor-tab-mobile-title\" aria-selected=\"true\" data-tab=\"1\" role=\"tab\" tabindex=\"0\" aria-controls=\"elementor-tab-content-1481\" aria-expanded=\"false\">Fichiers<\/div>\n\t\t\t\t\t<div id=\"elementor-tab-content-1481\" class=\"elementor-tab-content elementor-clearfix\" data-tab=\"1\" role=\"tabpanel\" aria-labelledby=\"elementor-tab-title-1481\" tabindex=\"0\" hidden=\"false\"><i class=\"far fa-file-pdf fa-xl\" style=\"font-size:35px\"><\/i><a href=\"https:\/\/www.belleflamme.ca\/wp-content\/uploads\/2024\/04\/N415-0517.pdf\"> Manuel<\/a><\/br><\/div>\n\t\t\t\t\t\t\t<\/div>\n\t\t<\/div>\n\t\t\t\t\t\t<\/div>\n\t\t\t\t<\/div>\n\t\t\t\t\t<\/div>\n\t\t<\/div>\n\t\t\t\t\t<\/div>\n\t\t<\/section>\n\t\t\t\t<\/div>\n\t\t","protected":false},"excerpt":{"rendered":"<p>DESCRIPTION Cr\u00e9er son propre \u00eelot ext\u00e9rieur personnalis\u00e9 n&#8217;a jamais \u00e9t\u00e9 aussi simple avec les composants pour grils encastr\u00e9s de Napoleon. Toute cuisine ext\u00e9rieure n\u00e9cessite du rangement; ce cabinet \u00e0 tiroir double de 18 po x 24 po comprend un tiroir profond pour les chaudrons et les po\u00eales, ainsi qu&#8217;un tiroir de 8 po pour les [&hellip;]<\/p>\n","protected":false},"featured_media":36829,"template":"","meta":{"inline_featured_image":false},"product_brand":[1316],"product_cat":[113,352,116],"product_tag":[],"class_list":{"0":"post-36823","1":"product","2":"type-product","3":"status-publish","4":"has-post-thumbnail","6":"product_brand-bbq-napoleon","7":"product_cat-bbq-produits-exterieurs","8":"product_cat-cabinets-et-modules","9":"product_cat-cuisine-exterieure","11":"first","12":"instock","13":"taxable","14":"shipping-taxable","15":"purchasable","16":"product-type-simple"},"yoast_head":"<!-- This site is optimized with the Yoast SEO Premium plugin v24.2 (Yoast SEO v24.2) - https:\/\/yoast.com\/wordpress\/plugins\/seo\/ -->\n<title>Tiroir Double 18 po X 24 po Grand et Standard de Napoleon - Groupe BelleFlamme<\/title>\n<meta name=\"description\" content=\"Tiroir Double 18 po X 24 po Grand et Standard de Napoleon vendu par le Groupe Belleflamme. Laval, Montr\u00e9al, Gatineau et Saint-Sauveur.\" \/>\n<meta name=\"robots\" content=\"index, follow, max-snippet:-1, max-image-preview:large, max-video-preview:-1\" \/>\n<link rel=\"canonical\" href=\"https:\/\/staging.belleflamme.ca\/fr\/produit\/tiroir-double-18-po-x-24-po-grand-et-standard-de-napoleon\/\" \/>\n<meta property=\"og:locale\" content=\"fr_FR\" \/>\n<meta property=\"og:type\" content=\"article\" \/>\n<meta property=\"og:title\" content=\"Tiroir Double 18 po X 24 po Grand et Standard de Napoleon\" \/>\n<meta property=\"og:description\" content=\"Tiroir Double 18 po X 24 po Grand et Standard de Napoleon vendu par le Groupe Belleflamme. Laval, Montr\u00e9al, Gatineau et Saint-Sauveur.\" \/>\n<meta property=\"og:url\" content=\"https:\/\/staging.belleflamme.ca\/fr\/produit\/tiroir-double-18-po-x-24-po-grand-et-standard-de-napoleon\/\" \/>\n<meta property=\"og:site_name\" content=\"Groupe BelleFlamme\" \/>\n<meta property=\"article:publisher\" content=\"https:\/\/www.facebook.com\/belleflamme.ca\/\" \/>\n<meta property=\"article:modified_time\" content=\"2024-10-01T18:51:00+00:00\" \/>\n<meta property=\"og:image\" content=\"https:\/\/www.belleflamme.ca\/wp-content\/uploads\/2024\/04\/Tiroir-Double-18-po-X-24-po-Grand-et-Standard-de-Napoleon.png\" \/>\n\t<meta property=\"og:image:width\" content=\"1000\" \/>\n\t<meta property=\"og:image:height\" content=\"1000\" \/>\n\t<meta property=\"og:image:type\" content=\"image\/png\" \/>\n<meta name=\"twitter:card\" content=\"summary_large_image\" \/>\n<meta name=\"twitter:label1\" content=\"Prix\" \/>\n\t<meta name=\"twitter:data1\" content=\"&#036;899.00\" \/>\n\t<meta name=\"twitter:label2\" content=\"Disponibilit\u00e9\" \/>\n\t<meta name=\"twitter:data2\" content=\"En stock\" \/>\n<script type=\"application\/ld+json\" class=\"yoast-schema-graph\">{\"@context\":\"https:\/\/schema.org\",\"@graph\":[{\"@type\":[\"WebPage\",\"ItemPage\"],\"@id\":\"https:\/\/staging.belleflamme.ca\/fr\/produit\/tiroir-double-18-po-x-24-po-grand-et-standard-de-napoleon\/\",\"url\":\"https:\/\/staging.belleflamme.ca\/fr\/produit\/tiroir-double-18-po-x-24-po-grand-et-standard-de-napoleon\/\",\"name\":\"Tiroir Double 18 po X 24 po Grand et Standard de Napoleon - Groupe BelleFlamme\",\"isPartOf\":{\"@id\":\"https:\/\/www.belleflamme.ca\/fr\/#website\"},\"primaryImageOfPage\":{\"@id\":\"https:\/\/staging.belleflamme.ca\/fr\/produit\/tiroir-double-18-po-x-24-po-grand-et-standard-de-napoleon\/#primaryimage\"},\"image\":{\"@id\":\"https:\/\/staging.belleflamme.ca\/fr\/produit\/tiroir-double-18-po-x-24-po-grand-et-standard-de-napoleon\/#primaryimage\"},\"thumbnailUrl\":\"https:\/\/staging.belleflamme.ca\/wp-content\/uploads\/2024\/04\/Tiroir-Double-18-po-X-24-po-Grand-et-Standard-de-Napoleon.png\",\"datePublished\":\"2024-04-30T19:36:39+00:00\",\"dateModified\":\"2024-10-01T18:51:00+00:00\",\"description\":\"Tiroir Double 18 po X 24 po Grand et Standard de Napoleon vendu par le Groupe Belleflamme. Laval, Montr\u00e9al, Gatineau et Saint-Sauveur.\",\"breadcrumb\":{\"@id\":\"https:\/\/staging.belleflamme.ca\/fr\/produit\/tiroir-double-18-po-x-24-po-grand-et-standard-de-napoleon\/#breadcrumb\"},\"inLanguage\":\"fr-FR\",\"potentialAction\":[{\"@type\":\"ReadAction\",\"target\":[\"https:\/\/staging.belleflamme.ca\/fr\/produit\/tiroir-double-18-po-x-24-po-grand-et-standard-de-napoleon\/\"]}]},{\"@type\":\"ImageObject\",\"inLanguage\":\"fr-FR\",\"@id\":\"https:\/\/staging.belleflamme.ca\/fr\/produit\/tiroir-double-18-po-x-24-po-grand-et-standard-de-napoleon\/#primaryimage\",\"url\":\"https:\/\/staging.belleflamme.ca\/wp-content\/uploads\/2024\/04\/Tiroir-Double-18-po-X-24-po-Grand-et-Standard-de-Napoleon.png\",\"contentUrl\":\"https:\/\/staging.belleflamme.ca\/wp-content\/uploads\/2024\/04\/Tiroir-Double-18-po-X-24-po-Grand-et-Standard-de-Napoleon.png\",\"width\":1000,\"height\":1000,\"caption\":\"Tiroir Double 18 po X 24 po Grand et Standard de Napoleon\"},{\"@type\":\"BreadcrumbList\",\"@id\":\"https:\/\/staging.belleflamme.ca\/fr\/produit\/tiroir-double-18-po-x-24-po-grand-et-standard-de-napoleon\/#breadcrumb\",\"itemListElement\":[{\"@type\":\"ListItem\",\"position\":1,\"name\":\"Accueil\",\"item\":\"https:\/\/www.belleflamme.ca\/fr\/\"},{\"@type\":\"ListItem\",\"position\":2,\"name\":\"Boutique\",\"item\":\"https:\/\/www.belleflamme.ca\/fr\/boutique\/\"},{\"@type\":\"ListItem\",\"position\":3,\"name\":\"BBQ &amp; Produits Ext\u00e9rieurs\",\"item\":\"https:\/\/staging.belleflamme.ca\/fr\/categories\/bbq-produits-exterieurs\/\"},{\"@type\":\"ListItem\",\"position\":4,\"name\":\"Cuisine Ext\u00e9rieure\",\"item\":\"https:\/\/staging.belleflamme.ca\/fr\/categories\/bbq-produits-exterieurs\/cuisine-exterieure\/\"},{\"@type\":\"ListItem\",\"position\":5,\"name\":\"Cabinets et Modules\",\"item\":\"https:\/\/staging.belleflamme.ca\/fr\/categories\/bbq-produits-exterieurs\/cuisine-exterieure\/cabinets-et-modules\/\"},{\"@type\":\"ListItem\",\"position\":6,\"name\":\"Tiroir Double 18 po X 24 po Grand et Standard de Napoleon\"}]},{\"@type\":\"WebSite\",\"@id\":\"https:\/\/www.belleflamme.ca\/fr\/#website\",\"url\":\"https:\/\/www.belleflamme.ca\/fr\/\",\"name\":\"Groupe Belleflamme\",\"description\":\"La m\u00e9canique du b\u00e2timent dans le sang.\",\"publisher\":{\"@id\":\"https:\/\/www.belleflamme.ca\/fr\/#organization\"},\"potentialAction\":[{\"@type\":\"SearchAction\",\"target\":{\"@type\":\"EntryPoint\",\"urlTemplate\":\"https:\/\/www.belleflamme.ca\/fr\/?s={search_term_string}\"},\"query-input\":{\"@type\":\"PropertyValueSpecification\",\"valueRequired\":true,\"valueName\":\"search_term_string\"}}],\"inLanguage\":\"fr-FR\"},{\"@type\":[\"Organization\",\"Place\"],\"@id\":\"https:\/\/www.belleflamme.ca\/fr\/#organization\",\"name\":\"Groupe Belleflamme\",\"alternateName\":\"Belleflamme\",\"url\":\"https:\/\/www.belleflamme.ca\/fr\/\",\"logo\":{\"@type\":\"ImageObject\",\"inLanguage\":\"fr-FR\",\"@id\":\"https:\/\/www.belleflamme.ca\/fr\/#\/schema\/logo\/image\/\",\"url\":\"https:\/\/staging.belleflamme.ca\/wp-content\/uploads\/2023\/01\/og-image.jpg\",\"contentUrl\":\"https:\/\/staging.belleflamme.ca\/wp-content\/uploads\/2023\/01\/og-image.jpg\",\"width\":1200,\"height\":630,\"caption\":\"Groupe Belleflamme\"},\"image\":{\"@id\":\"https:\/\/www.belleflamme.ca\/fr\/#\/schema\/logo\/image\/\"},\"sameAs\":[\"https:\/\/www.facebook.com\/belleflamme.ca\/\",\"https:\/\/www.linkedin.com\/company\/belleflamme\/\",\"https:\/\/www.pinterest.ca\/groupebelleflamme\/\",\"https:\/\/www.instagram.com\/legroupebelleflamme\/\"],\"mainEntityOfPage\":{\"@id\":\"https:\/\/staging.belleflamme.ca\/fr\/produit\/tiroir-double-18-po-x-24-po-grand-et-standard-de-napoleon\/\"}}]}<\/script>\n<meta property=\"product:brand\" content=\"BBQ Napoleon\" \/>\n<meta property=\"product:price:amount\" content=\"899.00\" \/>\n<meta property=\"product:price:currency\" content=\"CAD\" \/>\n<meta property=\"og:availability\" content=\"instock\" \/>\n<meta property=\"product:availability\" content=\"instock\" \/>\n<meta property=\"product:retailer_item_id\" content=\"BI-1824-2DR\" \/>\n<meta property=\"product:condition\" content=\"new\" \/>\n<!-- \/ Yoast SEO Premium plugin. -->","yoast_head_json":{"title":"Tiroir Double 18 po X 24 po Grand et Standard de Napoleon - Groupe BelleFlamme","description":"Tiroir Double 18 po X 24 po Grand et Standard de Napoleon vendu par le Groupe Belleflamme. Laval, Montr\u00e9al, Gatineau et Saint-Sauveur.","robots":{"index":"index","follow":"follow","max-snippet":"max-snippet:-1","max-image-preview":"max-image-preview:large","max-video-preview":"max-video-preview:-1"},"canonical":"https:\/\/staging.belleflamme.ca\/fr\/produit\/tiroir-double-18-po-x-24-po-grand-et-standard-de-napoleon\/","og_locale":"fr_FR","og_type":"article","og_title":"Tiroir Double 18 po X 24 po Grand et Standard de Napoleon","og_description":"Tiroir Double 18 po X 24 po Grand et Standard de Napoleon vendu par le Groupe Belleflamme. Laval, Montr\u00e9al, Gatineau et Saint-Sauveur.","og_url":"https:\/\/staging.belleflamme.ca\/fr\/produit\/tiroir-double-18-po-x-24-po-grand-et-standard-de-napoleon\/","og_site_name":"Groupe BelleFlamme","article_publisher":"https:\/\/www.facebook.com\/belleflamme.ca\/","article_modified_time":"2024-10-01T18:51:00+00:00","og_image":[{"width":1000,"height":1000,"url":"https:\/\/www.belleflamme.ca\/wp-content\/uploads\/2024\/04\/Tiroir-Double-18-po-X-24-po-Grand-et-Standard-de-Napoleon.png","type":"image\/png"}],"twitter_card":"summary_large_image","twitter_misc":{"Prix":"&#36;899.00","Disponibilit\u00e9":"En stock"},"schema":{"@context":"https:\/\/schema.org","@graph":[{"@type":["WebPage","ItemPage"],"@id":"https:\/\/staging.belleflamme.ca\/fr\/produit\/tiroir-double-18-po-x-24-po-grand-et-standard-de-napoleon\/","url":"https:\/\/staging.belleflamme.ca\/fr\/produit\/tiroir-double-18-po-x-24-po-grand-et-standard-de-napoleon\/","name":"Tiroir Double 18 po X 24 po Grand et Standard de Napoleon - Groupe BelleFlamme","isPartOf":{"@id":"https:\/\/www.belleflamme.ca\/fr\/#website"},"primaryImageOfPage":{"@id":"https:\/\/staging.belleflamme.ca\/fr\/produit\/tiroir-double-18-po-x-24-po-grand-et-standard-de-napoleon\/#primaryimage"},"image":{"@id":"https:\/\/staging.belleflamme.ca\/fr\/produit\/tiroir-double-18-po-x-24-po-grand-et-standard-de-napoleon\/#primaryimage"},"thumbnailUrl":"https:\/\/staging.belleflamme.ca\/wp-content\/uploads\/2024\/04\/Tiroir-Double-18-po-X-24-po-Grand-et-Standard-de-Napoleon.png","datePublished":"2024-04-30T19:36:39+00:00","dateModified":"2024-10-01T18:51:00+00:00","description":"Tiroir Double 18 po X 24 po Grand et Standard de Napoleon vendu par le Groupe Belleflamme. Laval, Montr\u00e9al, Gatineau et Saint-Sauveur.","breadcrumb":{"@id":"https:\/\/staging.belleflamme.ca\/fr\/produit\/tiroir-double-18-po-x-24-po-grand-et-standard-de-napoleon\/#breadcrumb"},"inLanguage":"fr-FR","potentialAction":[{"@type":"ReadAction","target":["https:\/\/staging.belleflamme.ca\/fr\/produit\/tiroir-double-18-po-x-24-po-grand-et-standard-de-napoleon\/"]}]},{"@type":"ImageObject","inLanguage":"fr-FR","@id":"https:\/\/staging.belleflamme.ca\/fr\/produit\/tiroir-double-18-po-x-24-po-grand-et-standard-de-napoleon\/#primaryimage","url":"https:\/\/staging.belleflamme.ca\/wp-content\/uploads\/2024\/04\/Tiroir-Double-18-po-X-24-po-Grand-et-Standard-de-Napoleon.png","contentUrl":"https:\/\/staging.belleflamme.ca\/wp-content\/uploads\/2024\/04\/Tiroir-Double-18-po-X-24-po-Grand-et-Standard-de-Napoleon.png","width":1000,"height":1000,"caption":"Tiroir Double 18 po X 24 po Grand et Standard de Napoleon"},{"@type":"BreadcrumbList","@id":"https:\/\/staging.belleflamme.ca\/fr\/produit\/tiroir-double-18-po-x-24-po-grand-et-standard-de-napoleon\/#breadcrumb","itemListElement":[{"@type":"ListItem","position":1,"name":"Accueil","item":"https:\/\/www.belleflamme.ca\/fr\/"},{"@type":"ListItem","position":2,"name":"Boutique","item":"https:\/\/www.belleflamme.ca\/fr\/boutique\/"},{"@type":"ListItem","position":3,"name":"BBQ &amp; Produits Ext\u00e9rieurs","item":"https:\/\/staging.belleflamme.ca\/fr\/categories\/bbq-produits-exterieurs\/"},{"@type":"ListItem","position":4,"name":"Cuisine Ext\u00e9rieure","item":"https:\/\/staging.belleflamme.ca\/fr\/categories\/bbq-produits-exterieurs\/cuisine-exterieure\/"},{"@type":"ListItem","position":5,"name":"Cabinets et Modules","item":"https:\/\/staging.belleflamme.ca\/fr\/categories\/bbq-produits-exterieurs\/cuisine-exterieure\/cabinets-et-modules\/"},{"@type":"ListItem","position":6,"name":"Tiroir Double 18 po X 24 po Grand et Standard de Napoleon"}]},{"@type":"WebSite","@id":"https:\/\/www.belleflamme.ca\/fr\/#website","url":"https:\/\/www.belleflamme.ca\/fr\/","name":"Groupe Belleflamme","description":"La m\u00e9canique du b\u00e2timent dans le sang.","publisher":{"@id":"https:\/\/www.belleflamme.ca\/fr\/#organization"},"potentialAction":[{"@type":"SearchAction","target":{"@type":"EntryPoint","urlTemplate":"https:\/\/www.belleflamme.ca\/fr\/?s={search_term_string}"},"query-input":{"@type":"PropertyValueSpecification","valueRequired":true,"valueName":"search_term_string"}}],"inLanguage":"fr-FR"},{"@type":["Organization","Place"],"@id":"https:\/\/www.belleflamme.ca\/fr\/#organization","name":"Groupe Belleflamme","alternateName":"Belleflamme","url":"https:\/\/www.belleflamme.ca\/fr\/","logo":{"@type":"ImageObject","inLanguage":"fr-FR","@id":"https:\/\/www.belleflamme.ca\/fr\/#\/schema\/logo\/image\/","url":"https:\/\/staging.belleflamme.ca\/wp-content\/uploads\/2023\/01\/og-image.jpg","contentUrl":"https:\/\/staging.belleflamme.ca\/wp-content\/uploads\/2023\/01\/og-image.jpg","width":1200,"height":630,"caption":"Groupe Belleflamme"},"image":{"@id":"https:\/\/www.belleflamme.ca\/fr\/#\/schema\/logo\/image\/"},"sameAs":["https:\/\/www.facebook.com\/belleflamme.ca\/","https:\/\/www.linkedin.com\/company\/belleflamme\/","https:\/\/www.pinterest.ca\/groupebelleflamme\/","https:\/\/www.instagram.com\/legroupebelleflamme\/"],"mainEntityOfPage":{"@id":"https:\/\/staging.belleflamme.ca\/fr\/produit\/tiroir-double-18-po-x-24-po-grand-et-standard-de-napoleon\/"}}]},"product_brand":"BBQ Napoleon","product_price_amount":"899.00","product_price_currency":"CAD","og_availability":"instock","product_availability":"instock","product_retailer_item_id":"BI-1824-2DR","product_condition":"new"},"_links":{"self":[{"href":"https:\/\/staging.belleflamme.ca\/fr\/wp-json\/wp\/v2\/product\/36823","targetHints":{"allow":["GET"]}}],"collection":[{"href":"https:\/\/staging.belleflamme.ca\/fr\/wp-json\/wp\/v2\/product"}],"about":[{"href":"https:\/\/staging.belleflamme.ca\/fr\/wp-json\/wp\/v2\/types\/product"}],"version-history":[{"count":5,"href":"https:\/\/staging.belleflamme.ca\/fr\/wp-json\/wp\/v2\/product\/36823\/revisions"}],"predecessor-version":[{"id":43411,"href":"https:\/\/staging.belleflamme.ca\/fr\/wp-json\/wp\/v2\/product\/36823\/revisions\/43411"}],"wp:featuredmedia":[{"embeddable":true,"href":"https:\/\/staging.belleflamme.ca\/fr\/wp-json\/wp\/v2\/media\/36829"}],"wp:attachment":[{"href":"https:\/\/staging.belleflamme.ca\/fr\/wp-json\/wp\/v2\/media?parent=36823"}],"wp:term":[{"taxonomy":"product_brand","embeddable":true,"href":"https:\/\/staging.belleflamme.ca\/fr\/wp-json\/wp\/v2\/product_brand?post=36823"},{"taxonomy":"product_cat","embeddable":true,"href":"https:\/\/staging.belleflamme.ca\/fr\/wp-json\/wp\/v2\/product_cat?post=36823"},{"taxonomy":"product_tag","embeddable":true,"href":"https:\/\/staging.belleflamme.ca\/fr\/wp-json\/wp\/v2\/product_tag?post=36823"}],"curies":[{"name":"wp","href":"https:\/\/api.w.org\/{rel}","templated":true}]}}