{"id":36520,"date":"2024-04-26T17:48:35","date_gmt":"2024-04-26T21:48:35","guid":{"rendered":"https:\/\/www.belleflamme.ca\/?post_type=product&#038;p=36520"},"modified":"2024-10-01T14:02:17","modified_gmt":"2024-10-01T18:02:17","slug":"cuisine-exterieur-oasis-100-de-napoleon","status":"publish","type":"product","link":"https:\/\/staging.belleflamme.ca\/fr\/produit\/cuisine-exterieur-oasis-100-de-napoleon\/","title":{"rendered":"Cuisine Ext\u00e9rieur Oasis 100 de Napoleon"},"content":{"rendered":"<p>S\u00c9RIE ENCASTR\u00c9E 500 DE 32 PO<\/p>\n<h3 class=\"title hide-item-on-mobile\">DESCRIPTION<\/h3>\n<div class=\"inner-wrapper open\" data-max-height=\"360px\" data-fade=\"true\" data-height=\"408px\">\n<div class=\"clearfix text-formatted field field--name-body field--type-text-with-summary field--label-hidden field__item\">\n<p>L&#8217;\u00eelot modulaire OASIS\u1d39\u1d30 100 est parfait pour tout am\u00e9nagement ext\u00e9rieur, offrant la quantit\u00e9 parfaite de rangement et d&#8217;espace de travail ainsi qu&#8217;un gril \u00e0 gaz pleine grandeur de 32 pouces de la s\u00e9rie 500. L&#8217;unit\u00e9 est dot\u00e9e d&#8217;un compartiment \u00e0 bonbonne coulissant pour faciliter le changement du propane. Chaque cabinet est con\u00e7u pour durer, gr\u00e2ce \u00e0 leur fabrication en acier inoxydable et en acier galvanis\u00e9 recuit avec une peinture \u00e0 base de poudre de couleur graphite. Personnalisez compl\u00e8tement cet espace de travail en choisissant votre propre comptoir avec le mat\u00e9riel et le fini qui s&#8217;agencent \u00e0 votre style. Il ne reste plus qu&#8217;\u00e0 effectuer l&#8217;installation \u00e0 l&#8217;aide des instructions fournies. Les \u00eelots modulaires OASIS\u1d39\u1d30 sont faciles \u00e0 installer. Les modules poss\u00e8dent des plaques poin\u00e7onn\u00e9es pour les raccordements \u00e9lectriques et la tuyauterie pour le gaz et l&#8217;eau, ainsi que des pieds de nivellement ajustables. Profitez d&#8217;une cuisine ext\u00e9rieure parfaite gr\u00e2ce aux nombreux espaces de rangement pratiques et au fini durable qui r\u00e9sistera aux \u00e9l\u00e9ments.<\/p>\n<\/div>\n<\/div>\n<p>&nbsp;<\/p>\n<h3 class=\"title hide-item-on-mobile\">CARACT\u00c9RISTIQUES<\/h3>\n<div class=\"inner-wrapper\" data-max-height=\"360px\" data-fade=\"true\">\n<div class=\"clearfix text-formatted field field--name-field-summary-features field--type-text field--label-hidden field__items\">\n<ul>\n<li class=\"field__item\">CUISINE EXT\u00c9RIEURE DE LUXE : \u00celot modulaire OASIS\u1d39\u1d30 100 en forme d&#8217;aile avec un gril \u00e0 gaz pleine grandeur de 32 pouces de la s\u00e9rie 500.<\/li>\n<li class=\"field__item\">TR\u00c8S DURABLES : Les portes en acier inoxydable et les cabinets en acier galvanis\u00e9 recuit avec une peinture \u00e0 base de poudre sont \u00e9l\u00e9gants et durables.<\/li>\n<li class=\"field__item\">FACILE \u00c0 INSTALLER : Les pieds de nivellement ajustables et les plaques poin\u00e7onn\u00e9es pour les raccordements \u00e9lectriques et la tuyauterie pour le gaz et l&#8217;eau facilitent l&#8217;installation en tout lieu.<\/li>\n<li class=\"field__item\">GRIL COMPRIS : Le gril \u00e0 gaz de 32 pouces de la s\u00e9rie 500 est dot\u00e9 d&#8217;une puissance de 48 000 BTU, de 5 br\u00fbleurs en acier inoxydable, d&#8217;une surface de cuisson totale de 532 po\u00b2 et du syst\u00e8me d&#8217;allumage JETFIRE\u1d39\u1d30.<\/li>\n<li class=\"field__item\">RANGEMENT ET CHANGEMENT DU R\u00c9SERVOIR : Le compartiment \u00e0 bonbonne permet de ranger le r\u00e9servoir de propane en toute s\u00e9curit\u00e9 et est dot\u00e9 de glissi\u00e8res qui facilitent le changement.<\/li>\n<li class=\"field__item\">Toutes les caract\u00e9ristiques techniques n\u00e9cessaires sont fournies afin de faciliter la personnalisation du comptoir. Comptoir non compris.<\/li>\n<\/ul>\n<\/div>\n<\/div>\n<p>&nbsp;<\/p>\n<table class=\"specification-table\">\n<tbody>\n<tr>\n<th>GARANTIE<\/th>\n<td>\u00c0 vie garantie int\u00e9grale<sup>*<\/sup><\/td>\n<\/tr>\n<tr>\n<th>TYPE DE COMBUSTIBLE<\/th>\n<td>Propane<\/td>\n<\/tr>\n<tr>\n<th>D\u00c9BIT DE CHALEUR<\/th>\n<td>48 000 BTU (16 kW)<\/td>\n<\/tr>\n<tr>\n<th>SURFACE DE CUISSON PRINCIPALE<\/th>\n<td>29.5 x 18 in (75 x 46 cm) \u00a0|\u00a0 32 hamburgers<\/td>\n<\/tr>\n<tr>\n<th>SURFACE DE CUISSON TOTALE<\/th>\n<td>531 sq.in (3 450 cm\u00b2)<\/td>\n<\/tr>\n<tr>\n<th>R\u00d4TISSOIRE INCLUSE<\/th>\n<td>Optionnel<\/td>\n<\/tr>\n<tr>\n<th>HAUTEUR<\/th>\n<td>50,83 in (129,10 cm) \u00a0|\u00a0 60,51 in (153,70 cm) avec le couvercle ouvert<\/td>\n<\/tr>\n<tr>\n<th>LARGEUR<\/th>\n<td>87 in (221 cm)<\/td>\n<\/tr>\n<tr>\n<th>PROFONDEUR<\/th>\n<td>32,68 in (83 cm)<\/td>\n<\/tr>\n<\/tbody>\n<\/table>\n","protected":false},"excerpt":{"rendered":"<p>S\u00c9RIE ENCASTR\u00c9E 500 DE 32 PO DESCRIPTION L&#8217;\u00eelot modulaire OASIS\u1d39\u1d30 100 est parfait pour tout am\u00e9nagement ext\u00e9rieur, offrant la quantit\u00e9 parfaite de rangement et d&#8217;espace de travail ainsi qu&#8217;un gril \u00e0 gaz pleine grandeur de 32 pouces de la s\u00e9rie 500. L&#8217;unit\u00e9 est dot\u00e9e d&#8217;un compartiment \u00e0 bonbonne coulissant pour faciliter le changement du propane. [&hellip;]<\/p>\n","protected":false},"featured_media":36521,"template":"","meta":{"inline_featured_image":false},"product_brand":[1316],"product_cat":[113,351,116],"product_tag":[],"class_list":{"0":"post-36520","1":"product","2":"type-product","3":"status-publish","4":"has-post-thumbnail","6":"product_brand-bbq-napoleon","7":"product_cat-bbq-produits-exterieurs","8":"product_cat-bbq-exterieurs","9":"product_cat-cuisine-exterieure","11":"first","12":"instock","13":"taxable","14":"shipping-taxable","15":"purchasable","16":"product-type-variable"},"yoast_head":"<!-- This site is optimized with the Yoast SEO Premium plugin v24.2 (Yoast SEO v24.2) - https:\/\/yoast.com\/wordpress\/plugins\/seo\/ -->\n<title>Cuisine Ext\u00e9rieur Oasis 100 de Napoleon - Groupe BelleFlamme<\/title>\n<meta name=\"description\" content=\"Cuisine Ext\u00e9rieur Oasis 100 de Napoleon vendu par le Groupe Belleflamme. Laval, Montr\u00e9al, Gatineau et Saint-Sauveur.\" \/>\n<meta name=\"robots\" content=\"index, follow, max-snippet:-1, max-image-preview:large, max-video-preview:-1\" \/>\n<link rel=\"canonical\" href=\"https:\/\/staging.belleflamme.ca\/fr\/produit\/cuisine-exterieur-oasis-100-de-napoleon\/\" \/>\n<meta property=\"og:locale\" content=\"fr_FR\" \/>\n<meta property=\"og:type\" content=\"article\" \/>\n<meta property=\"og:title\" content=\"Cuisine Ext\u00e9rieur Oasis 100 de Napoleon\" \/>\n<meta property=\"og:description\" content=\"Cuisine Ext\u00e9rieur Oasis 100 de Napoleon vendu par le Groupe Belleflamme. Laval, Montr\u00e9al, Gatineau et Saint-Sauveur.\" \/>\n<meta property=\"og:url\" content=\"https:\/\/staging.belleflamme.ca\/fr\/produit\/cuisine-exterieur-oasis-100-de-napoleon\/\" \/>\n<meta property=\"og:site_name\" content=\"Groupe BelleFlamme\" \/>\n<meta property=\"article:publisher\" content=\"https:\/\/www.facebook.com\/belleflamme.ca\/\" \/>\n<meta property=\"article:modified_time\" content=\"2024-10-01T18:02:17+00:00\" \/>\n<meta property=\"og:image\" content=\"https:\/\/www.belleflamme.ca\/wp-content\/uploads\/2024\/04\/Cuisine-Exterieur-Oasis-100-de-Napoleon.jpeg\" \/>\n\t<meta property=\"og:image:width\" content=\"1000\" \/>\n\t<meta property=\"og:image:height\" content=\"1000\" \/>\n\t<meta property=\"og:image:type\" content=\"image\/jpeg\" \/>\n<meta name=\"twitter:card\" content=\"summary_large_image\" \/>\n<meta name=\"twitter:label1\" content=\"Disponibilit\u00e9\" \/>\n\t<meta name=\"twitter:data1\" content=\"En stock\" \/>\n<script type=\"application\/ld+json\" class=\"yoast-schema-graph\">{\"@context\":\"https:\/\/schema.org\",\"@graph\":[{\"@type\":[\"WebPage\",\"ItemPage\"],\"@id\":\"https:\/\/staging.belleflamme.ca\/fr\/produit\/cuisine-exterieur-oasis-100-de-napoleon\/\",\"url\":\"https:\/\/staging.belleflamme.ca\/fr\/produit\/cuisine-exterieur-oasis-100-de-napoleon\/\",\"name\":\"Cuisine Ext\u00e9rieur Oasis 100 de Napoleon - Groupe BelleFlamme\",\"isPartOf\":{\"@id\":\"https:\/\/www.belleflamme.ca\/fr\/#website\"},\"primaryImageOfPage\":{\"@id\":\"https:\/\/staging.belleflamme.ca\/fr\/produit\/cuisine-exterieur-oasis-100-de-napoleon\/#primaryimage\"},\"image\":{\"@id\":\"https:\/\/staging.belleflamme.ca\/fr\/produit\/cuisine-exterieur-oasis-100-de-napoleon\/#primaryimage\"},\"thumbnailUrl\":\"https:\/\/staging.belleflamme.ca\/wp-content\/uploads\/2024\/04\/Cuisine-Exterieur-Oasis-100-de-Napoleon.jpeg\",\"datePublished\":\"2024-04-26T21:48:35+00:00\",\"dateModified\":\"2024-10-01T18:02:17+00:00\",\"description\":\"Cuisine Ext\u00e9rieur Oasis 100 de Napoleon vendu par le Groupe Belleflamme. Laval, Montr\u00e9al, Gatineau et Saint-Sauveur.\",\"breadcrumb\":{\"@id\":\"https:\/\/staging.belleflamme.ca\/fr\/produit\/cuisine-exterieur-oasis-100-de-napoleon\/#breadcrumb\"},\"inLanguage\":\"fr-FR\",\"potentialAction\":[{\"@type\":\"ReadAction\",\"target\":[\"https:\/\/staging.belleflamme.ca\/fr\/produit\/cuisine-exterieur-oasis-100-de-napoleon\/\"]}]},{\"@type\":\"ImageObject\",\"inLanguage\":\"fr-FR\",\"@id\":\"https:\/\/staging.belleflamme.ca\/fr\/produit\/cuisine-exterieur-oasis-100-de-napoleon\/#primaryimage\",\"url\":\"https:\/\/staging.belleflamme.ca\/wp-content\/uploads\/2024\/04\/Cuisine-Exterieur-Oasis-100-de-Napoleon.jpeg\",\"contentUrl\":\"https:\/\/staging.belleflamme.ca\/wp-content\/uploads\/2024\/04\/Cuisine-Exterieur-Oasis-100-de-Napoleon.jpeg\",\"width\":1000,\"height\":1000,\"caption\":\"Cuisine Ext\u00e9rieur Oasis 100 de Napoleon\"},{\"@type\":\"BreadcrumbList\",\"@id\":\"https:\/\/staging.belleflamme.ca\/fr\/produit\/cuisine-exterieur-oasis-100-de-napoleon\/#breadcrumb\",\"itemListElement\":[{\"@type\":\"ListItem\",\"position\":1,\"name\":\"Accueil\",\"item\":\"https:\/\/www.belleflamme.ca\/fr\/\"},{\"@type\":\"ListItem\",\"position\":2,\"name\":\"Boutique\",\"item\":\"https:\/\/www.belleflamme.ca\/fr\/boutique\/\"},{\"@type\":\"ListItem\",\"position\":3,\"name\":\"BBQ &amp; Produits Ext\u00e9rieurs\",\"item\":\"https:\/\/staging.belleflamme.ca\/fr\/categories\/bbq-produits-exterieurs\/\"},{\"@type\":\"ListItem\",\"position\":4,\"name\":\"Cuisine Ext\u00e9rieure\",\"item\":\"https:\/\/staging.belleflamme.ca\/fr\/categories\/bbq-produits-exterieurs\/cuisine-exterieure\/\"},{\"@type\":\"ListItem\",\"position\":5,\"name\":\"BBQ Ext\u00e9rieurs\",\"item\":\"https:\/\/staging.belleflamme.ca\/fr\/categories\/bbq-produits-exterieurs\/cuisine-exterieure\/bbq-exterieurs\/\"},{\"@type\":\"ListItem\",\"position\":6,\"name\":\"Cuisine Ext\u00e9rieur Oasis 100 de Napoleon\"}]},{\"@type\":\"WebSite\",\"@id\":\"https:\/\/www.belleflamme.ca\/fr\/#website\",\"url\":\"https:\/\/www.belleflamme.ca\/fr\/\",\"name\":\"Groupe Belleflamme\",\"description\":\"La m\u00e9canique du b\u00e2timent dans le sang.\",\"publisher\":{\"@id\":\"https:\/\/www.belleflamme.ca\/fr\/#organization\"},\"potentialAction\":[{\"@type\":\"SearchAction\",\"target\":{\"@type\":\"EntryPoint\",\"urlTemplate\":\"https:\/\/www.belleflamme.ca\/fr\/?s={search_term_string}\"},\"query-input\":{\"@type\":\"PropertyValueSpecification\",\"valueRequired\":true,\"valueName\":\"search_term_string\"}}],\"inLanguage\":\"fr-FR\"},{\"@type\":[\"Organization\",\"Place\"],\"@id\":\"https:\/\/www.belleflamme.ca\/fr\/#organization\",\"name\":\"Groupe Belleflamme\",\"alternateName\":\"Belleflamme\",\"url\":\"https:\/\/www.belleflamme.ca\/fr\/\",\"logo\":{\"@type\":\"ImageObject\",\"inLanguage\":\"fr-FR\",\"@id\":\"https:\/\/www.belleflamme.ca\/fr\/#\/schema\/logo\/image\/\",\"url\":\"https:\/\/staging.belleflamme.ca\/wp-content\/uploads\/2023\/01\/og-image.jpg\",\"contentUrl\":\"https:\/\/staging.belleflamme.ca\/wp-content\/uploads\/2023\/01\/og-image.jpg\",\"width\":1200,\"height\":630,\"caption\":\"Groupe Belleflamme\"},\"image\":{\"@id\":\"https:\/\/www.belleflamme.ca\/fr\/#\/schema\/logo\/image\/\"},\"sameAs\":[\"https:\/\/www.facebook.com\/belleflamme.ca\/\",\"https:\/\/www.linkedin.com\/company\/belleflamme\/\",\"https:\/\/www.pinterest.ca\/groupebelleflamme\/\",\"https:\/\/www.instagram.com\/legroupebelleflamme\/\"],\"mainEntityOfPage\":{\"@id\":\"https:\/\/staging.belleflamme.ca\/fr\/produit\/cuisine-exterieur-oasis-100-de-napoleon\/\"}}]}<\/script>\n<meta property=\"product:brand\" content=\"BBQ Napoleon\" \/>\n<meta property=\"og:availability\" content=\"instock\" \/>\n<meta property=\"product:availability\" content=\"instock\" \/>\n<meta property=\"product:condition\" content=\"new\" \/>\n<!-- \/ Yoast SEO Premium plugin. -->","yoast_head_json":{"title":"Cuisine Ext\u00e9rieur Oasis 100 de Napoleon - Groupe BelleFlamme","description":"Cuisine Ext\u00e9rieur Oasis 100 de Napoleon vendu par le Groupe Belleflamme. Laval, Montr\u00e9al, Gatineau et Saint-Sauveur.","robots":{"index":"index","follow":"follow","max-snippet":"max-snippet:-1","max-image-preview":"max-image-preview:large","max-video-preview":"max-video-preview:-1"},"canonical":"https:\/\/staging.belleflamme.ca\/fr\/produit\/cuisine-exterieur-oasis-100-de-napoleon\/","og_locale":"fr_FR","og_type":"article","og_title":"Cuisine Ext\u00e9rieur Oasis 100 de Napoleon","og_description":"Cuisine Ext\u00e9rieur Oasis 100 de Napoleon vendu par le Groupe Belleflamme. Laval, Montr\u00e9al, Gatineau et Saint-Sauveur.","og_url":"https:\/\/staging.belleflamme.ca\/fr\/produit\/cuisine-exterieur-oasis-100-de-napoleon\/","og_site_name":"Groupe BelleFlamme","article_publisher":"https:\/\/www.facebook.com\/belleflamme.ca\/","article_modified_time":"2024-10-01T18:02:17+00:00","og_image":[{"width":1000,"height":1000,"url":"https:\/\/www.belleflamme.ca\/wp-content\/uploads\/2024\/04\/Cuisine-Exterieur-Oasis-100-de-Napoleon.jpeg","type":"image\/jpeg"}],"twitter_card":"summary_large_image","twitter_misc":{"Disponibilit\u00e9":"En stock"},"schema":{"@context":"https:\/\/schema.org","@graph":[{"@type":["WebPage","ItemPage"],"@id":"https:\/\/staging.belleflamme.ca\/fr\/produit\/cuisine-exterieur-oasis-100-de-napoleon\/","url":"https:\/\/staging.belleflamme.ca\/fr\/produit\/cuisine-exterieur-oasis-100-de-napoleon\/","name":"Cuisine Ext\u00e9rieur Oasis 100 de Napoleon - Groupe BelleFlamme","isPartOf":{"@id":"https:\/\/www.belleflamme.ca\/fr\/#website"},"primaryImageOfPage":{"@id":"https:\/\/staging.belleflamme.ca\/fr\/produit\/cuisine-exterieur-oasis-100-de-napoleon\/#primaryimage"},"image":{"@id":"https:\/\/staging.belleflamme.ca\/fr\/produit\/cuisine-exterieur-oasis-100-de-napoleon\/#primaryimage"},"thumbnailUrl":"https:\/\/staging.belleflamme.ca\/wp-content\/uploads\/2024\/04\/Cuisine-Exterieur-Oasis-100-de-Napoleon.jpeg","datePublished":"2024-04-26T21:48:35+00:00","dateModified":"2024-10-01T18:02:17+00:00","description":"Cuisine Ext\u00e9rieur Oasis 100 de Napoleon vendu par le Groupe Belleflamme. Laval, Montr\u00e9al, Gatineau et Saint-Sauveur.","breadcrumb":{"@id":"https:\/\/staging.belleflamme.ca\/fr\/produit\/cuisine-exterieur-oasis-100-de-napoleon\/#breadcrumb"},"inLanguage":"fr-FR","potentialAction":[{"@type":"ReadAction","target":["https:\/\/staging.belleflamme.ca\/fr\/produit\/cuisine-exterieur-oasis-100-de-napoleon\/"]}]},{"@type":"ImageObject","inLanguage":"fr-FR","@id":"https:\/\/staging.belleflamme.ca\/fr\/produit\/cuisine-exterieur-oasis-100-de-napoleon\/#primaryimage","url":"https:\/\/staging.belleflamme.ca\/wp-content\/uploads\/2024\/04\/Cuisine-Exterieur-Oasis-100-de-Napoleon.jpeg","contentUrl":"https:\/\/staging.belleflamme.ca\/wp-content\/uploads\/2024\/04\/Cuisine-Exterieur-Oasis-100-de-Napoleon.jpeg","width":1000,"height":1000,"caption":"Cuisine Ext\u00e9rieur Oasis 100 de Napoleon"},{"@type":"BreadcrumbList","@id":"https:\/\/staging.belleflamme.ca\/fr\/produit\/cuisine-exterieur-oasis-100-de-napoleon\/#breadcrumb","itemListElement":[{"@type":"ListItem","position":1,"name":"Accueil","item":"https:\/\/www.belleflamme.ca\/fr\/"},{"@type":"ListItem","position":2,"name":"Boutique","item":"https:\/\/www.belleflamme.ca\/fr\/boutique\/"},{"@type":"ListItem","position":3,"name":"BBQ &amp; Produits Ext\u00e9rieurs","item":"https:\/\/staging.belleflamme.ca\/fr\/categories\/bbq-produits-exterieurs\/"},{"@type":"ListItem","position":4,"name":"Cuisine Ext\u00e9rieure","item":"https:\/\/staging.belleflamme.ca\/fr\/categories\/bbq-produits-exterieurs\/cuisine-exterieure\/"},{"@type":"ListItem","position":5,"name":"BBQ Ext\u00e9rieurs","item":"https:\/\/staging.belleflamme.ca\/fr\/categories\/bbq-produits-exterieurs\/cuisine-exterieure\/bbq-exterieurs\/"},{"@type":"ListItem","position":6,"name":"Cuisine Ext\u00e9rieur Oasis 100 de Napoleon"}]},{"@type":"WebSite","@id":"https:\/\/www.belleflamme.ca\/fr\/#website","url":"https:\/\/www.belleflamme.ca\/fr\/","name":"Groupe Belleflamme","description":"La m\u00e9canique du b\u00e2timent dans le sang.","publisher":{"@id":"https:\/\/www.belleflamme.ca\/fr\/#organization"},"potentialAction":[{"@type":"SearchAction","target":{"@type":"EntryPoint","urlTemplate":"https:\/\/www.belleflamme.ca\/fr\/?s={search_term_string}"},"query-input":{"@type":"PropertyValueSpecification","valueRequired":true,"valueName":"search_term_string"}}],"inLanguage":"fr-FR"},{"@type":["Organization","Place"],"@id":"https:\/\/www.belleflamme.ca\/fr\/#organization","name":"Groupe Belleflamme","alternateName":"Belleflamme","url":"https:\/\/www.belleflamme.ca\/fr\/","logo":{"@type":"ImageObject","inLanguage":"fr-FR","@id":"https:\/\/www.belleflamme.ca\/fr\/#\/schema\/logo\/image\/","url":"https:\/\/staging.belleflamme.ca\/wp-content\/uploads\/2023\/01\/og-image.jpg","contentUrl":"https:\/\/staging.belleflamme.ca\/wp-content\/uploads\/2023\/01\/og-image.jpg","width":1200,"height":630,"caption":"Groupe Belleflamme"},"image":{"@id":"https:\/\/www.belleflamme.ca\/fr\/#\/schema\/logo\/image\/"},"sameAs":["https:\/\/www.facebook.com\/belleflamme.ca\/","https:\/\/www.linkedin.com\/company\/belleflamme\/","https:\/\/www.pinterest.ca\/groupebelleflamme\/","https:\/\/www.instagram.com\/legroupebelleflamme\/"],"mainEntityOfPage":{"@id":"https:\/\/staging.belleflamme.ca\/fr\/produit\/cuisine-exterieur-oasis-100-de-napoleon\/"}}]},"product_brand":"BBQ Napoleon","og_availability":"instock","product_availability":"instock","product_condition":"new"},"_links":{"self":[{"href":"https:\/\/staging.belleflamme.ca\/fr\/wp-json\/wp\/v2\/product\/36520","targetHints":{"allow":["GET"]}}],"collection":[{"href":"https:\/\/staging.belleflamme.ca\/fr\/wp-json\/wp\/v2\/product"}],"about":[{"href":"https:\/\/staging.belleflamme.ca\/fr\/wp-json\/wp\/v2\/types\/product"}],"version-history":[{"count":1,"href":"https:\/\/staging.belleflamme.ca\/fr\/wp-json\/wp\/v2\/product\/36520\/revisions"}],"predecessor-version":[{"id":36523,"href":"https:\/\/staging.belleflamme.ca\/fr\/wp-json\/wp\/v2\/product\/36520\/revisions\/36523"}],"wp:featuredmedia":[{"embeddable":true,"href":"https:\/\/staging.belleflamme.ca\/fr\/wp-json\/wp\/v2\/media\/36521"}],"wp:attachment":[{"href":"https:\/\/staging.belleflamme.ca\/fr\/wp-json\/wp\/v2\/media?parent=36520"}],"wp:term":[{"taxonomy":"product_brand","embeddable":true,"href":"https:\/\/staging.belleflamme.ca\/fr\/wp-json\/wp\/v2\/product_brand?post=36520"},{"taxonomy":"product_cat","embeddable":true,"href":"https:\/\/staging.belleflamme.ca\/fr\/wp-json\/wp\/v2\/product_cat?post=36520"},{"taxonomy":"product_tag","embeddable":true,"href":"https:\/\/staging.belleflamme.ca\/fr\/wp-json\/wp\/v2\/product_tag?post=36520"}],"curies":[{"name":"wp","href":"https:\/\/api.w.org\/{rel}","templated":true}]}}