{"id":36472,"date":"2024-04-26T17:24:15","date_gmt":"2024-04-26T21:24:15","guid":{"rendered":"https:\/\/www.belleflamme.ca\/?post_type=product&#038;p=36472"},"modified":"2024-10-01T13:34:02","modified_gmt":"2024-10-01T17:34:02","slug":"bbq-portatif-au-propane-avec-chariot-travelq-pro285x-de-napoleon","status":"publish","type":"product","link":"https:\/\/staging.belleflamme.ca\/fr\/produit\/bbq-portatif-au-propane-avec-chariot-travelq-pro285x-de-napoleon\/","title":{"rendered":"BBQ Portatif au Propane avec Chariot TravelQ PRO285X de Napoleon"},"content":{"rendered":"\t\t<div data-elementor-type=\"product-post\" data-elementor-id=\"36472\" class=\"elementor elementor-36472\" data-elementor-post-type=\"product\">\n\t\t\t\t\t\t<section class=\"elementor-section elementor-top-section elementor-element elementor-element-aad3401 elementor-section-boxed elementor-section-height-default elementor-section-height-default\" data-id=\"aad3401\" data-element_type=\"section\">\n\t\t\t\t\t\t<div class=\"elementor-container elementor-column-gap-default\">\n\t\t\t\t\t<div class=\"elementor-column elementor-col-100 elementor-top-column elementor-element elementor-element-3b4ba9fe\" data-id=\"3b4ba9fe\" data-element_type=\"column\">\n\t\t\t<div class=\"elementor-widget-wrap elementor-element-populated\">\n\t\t\t\t\t\t<div class=\"elementor-element elementor-element-4f5be2dd elementor-widget elementor-widget-text-editor\" data-id=\"4f5be2dd\" data-element_type=\"widget\" data-widget_type=\"text-editor.default\">\n\t\t\t\t<div class=\"elementor-widget-container\">\n\t\t\t\t\t\t\t\t\t<iframe title=\"YouTube video player\" src=\"https:\/\/www.youtube.com\/embed\/Jza34fdlz8M?si=938ECGF1pz8iYKK-\" width=\"560\" height=\"315\" frameborder=\"0\" allowfullscreen=\"allowfullscreen\"><\/iframe>\r\n\r\nAVEC CHARIOT PLIABLE\r\n<h3 class=\"title hide-item-on-mobile\">DESCRIPTION<\/h3>\r\n<div class=\"inner-wrapper open\" data-max-height=\"360px\" data-fade=\"true\" data-height=\"378px\">\r\n<div class=\"clearfix text-formatted field field--name-body field--type-text-with-summary field--label-hidden field__item\">\r\n\r\nLe gril portatif TravelQ\u1d39\u1d30 PRO285 au propane peut griller jusqu\u2019\u00e0 20 hamburgers sur la surface de cuisson de 285 po\u00b2. Le fini noir \u00e9l\u00e9gant et les d\u00e9tails chrom\u00e9s s\u2019agenceront \u00e0 tous les d\u00e9cors. Le couvercle en fonte d\u2019aluminium de haut format vous permet d\u2019\u00e9lever les grillades au rang gastronomique. Vous pouvez r\u00f4tir des dindes ou des poulets entiers, du porc et des c\u00f4tes de b\u0153uf. Gr\u00e2ce aux 2 br\u00fbleurs en acier inoxydable, vous pouvez contr\u00f4ler la temp\u00e9rature avec pr\u00e9cision, comme sur un gril Napoleon pleine grandeur. Saisir la viande \u00e0 temp\u00e9rature \u00e9lev\u00e9e se fait comme un rien, et vous reconna\u00eetrez la touche Napoleon avec les grilles de cuisson WAVE\u1d39\u1d30 embl\u00e9matiques qui cr\u00e9ent nos marques de grillage distinctes. Ce gril comprend tout ce dont vous avez besoin pour avoir des grillades parfaites partout avec ses roues tout-terrain, un format pliable, un montage simple, un rangement compact et des courroies pour le r\u00e9servoir de propane. Ce gril portatif professionnel est imbattable.\r\n\r\n<\/div>\r\n<\/div>\r\n&nbsp;\r\n<h3 class=\"title hide-item-on-mobile\">CARACT\u00c9RISTIQUES<\/h3>\r\n<div class=\"inner-wrapper open\" data-max-height=\"360px\" data-fade=\"true\" data-height=\"475.125px\">\r\n<div class=\"clearfix text-formatted field field--name-field-summary-features field--type-text field--label-hidden field__items\">\r\n<ul>\r\n \t<li class=\"field__item\">Le gril portatif TravelQ PRO avec chariot pliable vous permet de cuisiner n&#8217;importe o\u00f9 comme un professionnel de fa\u00e7on pratique<\/li>\r\n \t<li class=\"field__item\">Id\u00e9al pour les pique-niques, le camping et m\u00eame les barbecues \u00e0 la maison, le TravelQ PRO avec chariot pliable peut cuire jusqu&#8217;\u00e0 17 hamburgers \u00e0 la fois<\/li>\r\n \t<li class=\"field__item\">Les grilles de cuisson embl\u00e9matiques en fonte de Napoleon assurent un transfert de chaleur uniforme, emp\u00eachent les aliments de tomber dans le gril et cr\u00e9ent nos marques de grillade distinctes<\/li>\r\n \t<li class=\"field__item\">Deux br\u00fbleurs ind\u00e9pendants permettent un contr\u00f4le pr\u00e9cis de la temp\u00e9rature, ce qui vous permet de tout faire, du r\u00f4tissage et de la fumaison \u00e0 feu doux (\u00e0 chaleur indirecte), en passant par la cuisson \u00e0 feu vif (\u00e0 chaleur directe)<\/li>\r\n \t<li class=\"field__item\">Le couvercle en fonte d&#8217;aluminium est suffisamment haut pour permettre la cuisson de r\u00f4tis et de poulets entiers et m\u00eame les dindes<\/li>\r\n \t<li class=\"field__item\">Ne soyez plus pr\u00e9occup\u00e9 par les conditions m\u00e9t\u00e9o qui emp\u00eachent le gril de s&#8217;allumer ou de rester allum\u00e9. La conception r\u00e9sistante au vent assure une circulation d&#8217;air parfaite et une consommation efficace du combustible par temps venteux<\/li>\r\n \t<li class=\"field__item\">La conception unique en \u00ab X \u00bb du chariot lui conf\u00e8re une stabilit\u00e9 remarquable sur la plupart des surfaces et ses grandes roues tout-terrain permettent de le d\u00e9placer facilement<\/li>\r\n \t<li class=\"field__item\">Ce gril s&#8217;installe en quelques secondes d&#8217;un mouvement fluide et se replie pour le rangement avec tout autant de facilit\u00e9<\/li>\r\n \t<li class=\"field__item\">Lorsqu&#8217;il est pli\u00e9, le gril peut \u00eatre rang\u00e9 \u00e0 la verticale dans un coin gr\u00e2ce \u00e0 son pied pratique, ou m\u00eame suspendu pour un rangement plus facile<\/li>\r\n<\/ul>\r\n<\/div>\r\n<\/div>\r\n&nbsp;\r\n<table class=\"specification-table\">\r\n<tbody>\r\n<tr>\r\n<th>GARANTIE<\/th>\r\n<td>Garantie limit\u00e9e de 10\u00a0ans<sup>*<\/sup><\/td>\r\n<\/tr>\r\n<tr>\r\n<th>TYPE DE COMBUSTIBLE<\/th>\r\n<td>Propane<\/td>\r\n<\/tr>\r\n<tr>\r\n<th>D\u00c9BIT DE CHALEUR<\/th>\r\n<td>12 000 BTU (4,10 kW)<\/td>\r\n<\/tr>\r\n<tr>\r\n<th>SURFACE DE CUISSON PRINCIPALE<\/th>\r\n<td>21.25 x 14.5 in (54 x 37 cm) \u00a0|\u00a0 17 hamburgers<\/td>\r\n<\/tr>\r\n<tr>\r\n<th>SURFACE DE CUISSON TOTALE<\/th>\r\n<td>285 sq.in (1 840 cm\u00b2)<\/td>\r\n<\/tr>\r\n<tr>\r\n<th>R\u00d4TISSOIRE INCLUSE<\/th>\r\n<td>Optionnel<\/td>\r\n<\/tr>\r\n<tr>\r\n<th>HAUTEUR<\/th>\r\n<td>39,75 in (101 cm) \u00a0|\u00a0 51,50 in (131 cm) avec le couvercle ouvert<\/td>\r\n<\/tr>\r\n<tr>\r\n<th>LARGEUR<\/th>\r\n<td>44,25 in (112 cm) \u00a0|\u00a0 42,75 in (108 cm) avec la\/les tablette(s) pli\u00e9e(s)<\/td>\r\n<\/tr>\r\n<tr>\r\n<th>PROFONDEUR<\/th>\r\n<td>20,25 in (51 cm)<\/td>\r\n<\/tr>\r\n<tr>\r\n<th>HAUTEUR DE LA BO\u00ceTE<\/th>\r\n<td>17 in (43,18 cm)<\/td>\r\n<\/tr>\r\n<tr>\r\n<th>LARGEUR DE LA BO\u00ceTE<\/th>\r\n<td>21,50 in (54,61 cm)<\/td>\r\n<\/tr>\r\n<tr>\r\n<th>PROFONDEUR DE LA BO\u00ceTE<\/th>\r\n<td>43 in (109,22 cm)<\/td>\r\n<\/tr>\r\n<tr>\r\n<th>POIDS DE LA BO\u00ceTE<\/th>\r\n<td>53,50 lbs. (24,26 kg)<\/td>\r\n<\/tr>\r\n<\/tbody>\r\n<\/table>\r\n<img fetchpriority=\"high\" decoding=\"async\" class=\"\" src=\"https:\/\/www.napoleon.com\/sites\/default\/files\/products\/WebGallery_Dimensional_PRO285X_dual.jpg\" width=\"503\" height=\"503\" \/>\t\t\t\t\t\t\t\t<\/div>\n\t\t\t\t<\/div>\n\t\t\t\t\t<\/div>\n\t\t<\/div>\n\t\t\t\t\t<\/div>\n\t\t<\/section>\n\t\t\t\t<section class=\"elementor-section elementor-top-section elementor-element elementor-element-3e23359 elementor-section-boxed elementor-section-height-default elementor-section-height-default\" data-id=\"3e23359\" data-element_type=\"section\">\n\t\t\t\t\t\t<div class=\"elementor-container elementor-column-gap-default\">\n\t\t\t\t\t<div class=\"elementor-column elementor-col-100 elementor-top-column elementor-element elementor-element-fb81e44\" data-id=\"fb81e44\" data-element_type=\"column\">\n\t\t\t<div class=\"elementor-widget-wrap elementor-element-populated\">\n\t\t\t\t\t\t<div class=\"elementor-element elementor-element-0825912 elementor-tabs-view-horizontal elementor-widget elementor-widget-tabs\" data-id=\"0825912\" data-element_type=\"widget\" data-widget_type=\"tabs.default\">\n\t\t\t\t<div class=\"elementor-widget-container\">\n\t\t\t\t\t\t\t<div class=\"elementor-tabs\">\n\t\t\t<div class=\"elementor-tabs-wrapper\" role=\"tablist\" >\n\t\t\t\t\t\t\t\t\t<div id=\"elementor-tab-title-8541\" class=\"elementor-tab-title elementor-tab-desktop-title\" aria-selected=\"true\" data-tab=\"1\" role=\"tab\" tabindex=\"0\" aria-controls=\"elementor-tab-content-8541\" aria-expanded=\"false\">Fichiers<\/div>\n\t\t\t\t\t\t\t<\/div>\n\t\t\t<div class=\"elementor-tabs-content-wrapper\" role=\"tablist\" aria-orientation=\"vertical\">\n\t\t\t\t\t\t\t\t\t<div class=\"elementor-tab-title elementor-tab-mobile-title\" aria-selected=\"true\" data-tab=\"1\" role=\"tab\" tabindex=\"0\" aria-controls=\"elementor-tab-content-8541\" aria-expanded=\"false\">Fichiers<\/div>\n\t\t\t\t\t<div id=\"elementor-tab-content-8541\" class=\"elementor-tab-content elementor-clearfix\" data-tab=\"1\" role=\"tabpanel\" aria-labelledby=\"elementor-tab-title-8541\" tabindex=\"0\" hidden=\"false\"><i class=\"far fa-file-pdf fa-xl\" style=\"font-size:35px\"><\/i><a href=\"https:\/\/www.belleflamme.ca\/wp-content\/uploads\/2024\/04\/ADBRN2-TRVQ-FR-2022-FRN-LoRes.pdf\"> Brochure<\/a><\/br>\n<i class=\"far fa-file-pdf fa-xl\" style=\"font-size:35px\"><\/i><a href=\"https:\/\/www.belleflamme.ca\/wp-content\/uploads\/2024\/04\/TravelQ-PRO-285X-series-manual-1.pdf\"> Manuel<\/a><\/br>\n<\/div>\n\t\t\t\t\t\t\t<\/div>\n\t\t<\/div>\n\t\t\t\t\t\t<\/div>\n\t\t\t\t<\/div>\n\t\t\t\t\t<\/div>\n\t\t<\/div>\n\t\t\t\t\t<\/div>\n\t\t<\/section>\n\t\t\t\t<\/div>\n\t\t","protected":false},"excerpt":{"rendered":"<p>AVEC CHARIOT PLIABLE DESCRIPTION Le gril portatif TravelQ\u1d39\u1d30 PRO285 au propane peut griller jusqu\u2019\u00e0 20 hamburgers sur la surface de cuisson de 285 po\u00b2. Le fini noir \u00e9l\u00e9gant et les d\u00e9tails chrom\u00e9s s\u2019agenceront \u00e0 tous les d\u00e9cors. Le couvercle en fonte d\u2019aluminium de haut format vous permet d\u2019\u00e9lever les grillades au rang gastronomique. Vous pouvez [&hellip;]<\/p>\n","protected":false},"featured_media":36473,"template":"","meta":{"inline_featured_image":false},"product_brand":[1316],"product_cat":[113,114],"product_tag":[],"class_list":{"0":"post-36472","1":"product","2":"type-product","3":"status-publish","4":"has-post-thumbnail","6":"product_brand-bbq-napoleon","7":"product_cat-bbq-produits-exterieurs","8":"product_cat-bbq-au-gaz","10":"first","11":"instock","12":"taxable","13":"shipping-taxable","14":"purchasable","15":"product-type-simple"},"yoast_head":"<!-- This site is optimized with the Yoast SEO Premium plugin v24.2 (Yoast SEO v24.2) - https:\/\/yoast.com\/wordpress\/plugins\/seo\/ -->\n<title>BBQ Portatif au Propane avec Chariot TravelQ PRO285X de Napoleon - Groupe BelleFlamme<\/title>\n<meta name=\"description\" content=\"BBQ Portatif au Propane avec Chariot TravelQ PRO285X de Napoleon vendu par le Groupe Belleflamme. Laval, Montr\u00e9al, Gatineau et Saint-Sauveur.\" \/>\n<meta name=\"robots\" content=\"index, follow, max-snippet:-1, max-image-preview:large, max-video-preview:-1\" \/>\n<link rel=\"canonical\" href=\"https:\/\/staging.belleflamme.ca\/fr\/produit\/bbq-portatif-au-propane-avec-chariot-travelq-pro285x-de-napoleon\/\" \/>\n<meta property=\"og:locale\" content=\"fr_FR\" \/>\n<meta property=\"og:type\" content=\"article\" \/>\n<meta property=\"og:title\" content=\"BBQ Portatif au Propane avec Chariot TravelQ PRO285X de Napoleon\" \/>\n<meta property=\"og:description\" content=\"BBQ Portatif au Propane avec Chariot TravelQ PRO285X de Napoleon vendu par le Groupe Belleflamme. Laval, Montr\u00e9al, Gatineau et Saint-Sauveur.\" \/>\n<meta property=\"og:url\" content=\"https:\/\/staging.belleflamme.ca\/fr\/produit\/bbq-portatif-au-propane-avec-chariot-travelq-pro285x-de-napoleon\/\" \/>\n<meta property=\"og:site_name\" content=\"Groupe BelleFlamme\" \/>\n<meta property=\"article:publisher\" content=\"https:\/\/www.facebook.com\/belleflamme.ca\/\" \/>\n<meta property=\"article:modified_time\" content=\"2024-10-01T17:34:02+00:00\" \/>\n<meta property=\"og:image\" content=\"https:\/\/www.belleflamme.ca\/wp-content\/uploads\/2024\/04\/BBQ-Portatif-au-Propane-avec-Chariot-TravelQ-PRO285X.jpg\" \/>\n\t<meta property=\"og:image:width\" content=\"907\" \/>\n\t<meta property=\"og:image:height\" content=\"698\" \/>\n\t<meta property=\"og:image:type\" content=\"image\/jpeg\" \/>\n<meta name=\"twitter:card\" content=\"summary_large_image\" \/>\n<meta name=\"twitter:label1\" content=\"Prix\" \/>\n\t<meta name=\"twitter:data1\" content=\"&#036;499.00\" \/>\n\t<meta name=\"twitter:label2\" content=\"Disponibilit\u00e9\" \/>\n\t<meta name=\"twitter:data2\" content=\"En stock\" \/>\n<script type=\"application\/ld+json\" class=\"yoast-schema-graph\">{\"@context\":\"https:\/\/schema.org\",\"@graph\":[{\"@type\":[\"WebPage\",\"ItemPage\"],\"@id\":\"https:\/\/staging.belleflamme.ca\/fr\/produit\/bbq-portatif-au-propane-avec-chariot-travelq-pro285x-de-napoleon\/\",\"url\":\"https:\/\/staging.belleflamme.ca\/fr\/produit\/bbq-portatif-au-propane-avec-chariot-travelq-pro285x-de-napoleon\/\",\"name\":\"BBQ Portatif au Propane avec Chariot TravelQ PRO285X de Napoleon - Groupe BelleFlamme\",\"isPartOf\":{\"@id\":\"https:\/\/www.belleflamme.ca\/fr\/#website\"},\"primaryImageOfPage\":{\"@id\":\"https:\/\/staging.belleflamme.ca\/fr\/produit\/bbq-portatif-au-propane-avec-chariot-travelq-pro285x-de-napoleon\/#primaryimage\"},\"image\":{\"@id\":\"https:\/\/staging.belleflamme.ca\/fr\/produit\/bbq-portatif-au-propane-avec-chariot-travelq-pro285x-de-napoleon\/#primaryimage\"},\"thumbnailUrl\":\"https:\/\/staging.belleflamme.ca\/wp-content\/uploads\/2024\/04\/BBQ-Portatif-au-Propane-avec-Chariot-TravelQ-PRO285X.jpg\",\"datePublished\":\"2024-04-26T21:24:15+00:00\",\"dateModified\":\"2024-10-01T17:34:02+00:00\",\"description\":\"BBQ Portatif au Propane avec Chariot TravelQ PRO285X de Napoleon vendu par le Groupe Belleflamme. Laval, Montr\u00e9al, Gatineau et Saint-Sauveur.\",\"breadcrumb\":{\"@id\":\"https:\/\/staging.belleflamme.ca\/fr\/produit\/bbq-portatif-au-propane-avec-chariot-travelq-pro285x-de-napoleon\/#breadcrumb\"},\"inLanguage\":\"fr-FR\",\"potentialAction\":[{\"@type\":\"ReadAction\",\"target\":[\"https:\/\/staging.belleflamme.ca\/fr\/produit\/bbq-portatif-au-propane-avec-chariot-travelq-pro285x-de-napoleon\/\"]}]},{\"@type\":\"ImageObject\",\"inLanguage\":\"fr-FR\",\"@id\":\"https:\/\/staging.belleflamme.ca\/fr\/produit\/bbq-portatif-au-propane-avec-chariot-travelq-pro285x-de-napoleon\/#primaryimage\",\"url\":\"https:\/\/staging.belleflamme.ca\/wp-content\/uploads\/2024\/04\/BBQ-Portatif-au-Propane-avec-Chariot-TravelQ-PRO285X.jpg\",\"contentUrl\":\"https:\/\/staging.belleflamme.ca\/wp-content\/uploads\/2024\/04\/BBQ-Portatif-au-Propane-avec-Chariot-TravelQ-PRO285X.jpg\",\"width\":907,\"height\":698,\"caption\":\"BBQ Portatif au Propane avec Chariot TravelQ PRO285X\"},{\"@type\":\"BreadcrumbList\",\"@id\":\"https:\/\/staging.belleflamme.ca\/fr\/produit\/bbq-portatif-au-propane-avec-chariot-travelq-pro285x-de-napoleon\/#breadcrumb\",\"itemListElement\":[{\"@type\":\"ListItem\",\"position\":1,\"name\":\"Accueil\",\"item\":\"https:\/\/www.belleflamme.ca\/fr\/\"},{\"@type\":\"ListItem\",\"position\":2,\"name\":\"Boutique\",\"item\":\"https:\/\/www.belleflamme.ca\/fr\/boutique\/\"},{\"@type\":\"ListItem\",\"position\":3,\"name\":\"BBQ &amp; Produits Ext\u00e9rieurs\",\"item\":\"https:\/\/staging.belleflamme.ca\/fr\/categories\/bbq-produits-exterieurs\/\"},{\"@type\":\"ListItem\",\"position\":4,\"name\":\"BBQ au Gaz\",\"item\":\"https:\/\/staging.belleflamme.ca\/fr\/categories\/bbq-produits-exterieurs\/bbq-au-gaz\/\"},{\"@type\":\"ListItem\",\"position\":5,\"name\":\"BBQ Portatif au Propane avec Chariot TravelQ PRO285X de Napoleon\"}]},{\"@type\":\"WebSite\",\"@id\":\"https:\/\/www.belleflamme.ca\/fr\/#website\",\"url\":\"https:\/\/www.belleflamme.ca\/fr\/\",\"name\":\"Groupe Belleflamme\",\"description\":\"La m\u00e9canique du b\u00e2timent dans le sang.\",\"publisher\":{\"@id\":\"https:\/\/www.belleflamme.ca\/fr\/#organization\"},\"potentialAction\":[{\"@type\":\"SearchAction\",\"target\":{\"@type\":\"EntryPoint\",\"urlTemplate\":\"https:\/\/www.belleflamme.ca\/fr\/?s={search_term_string}\"},\"query-input\":{\"@type\":\"PropertyValueSpecification\",\"valueRequired\":true,\"valueName\":\"search_term_string\"}}],\"inLanguage\":\"fr-FR\"},{\"@type\":[\"Organization\",\"Place\"],\"@id\":\"https:\/\/www.belleflamme.ca\/fr\/#organization\",\"name\":\"Groupe Belleflamme\",\"alternateName\":\"Belleflamme\",\"url\":\"https:\/\/www.belleflamme.ca\/fr\/\",\"logo\":{\"@type\":\"ImageObject\",\"inLanguage\":\"fr-FR\",\"@id\":\"https:\/\/www.belleflamme.ca\/fr\/#\/schema\/logo\/image\/\",\"url\":\"https:\/\/staging.belleflamme.ca\/wp-content\/uploads\/2023\/01\/og-image.jpg\",\"contentUrl\":\"https:\/\/staging.belleflamme.ca\/wp-content\/uploads\/2023\/01\/og-image.jpg\",\"width\":1200,\"height\":630,\"caption\":\"Groupe Belleflamme\"},\"image\":{\"@id\":\"https:\/\/www.belleflamme.ca\/fr\/#\/schema\/logo\/image\/\"},\"sameAs\":[\"https:\/\/www.facebook.com\/belleflamme.ca\/\",\"https:\/\/www.linkedin.com\/company\/belleflamme\/\",\"https:\/\/www.pinterest.ca\/groupebelleflamme\/\",\"https:\/\/www.instagram.com\/legroupebelleflamme\/\"],\"mainEntityOfPage\":{\"@id\":\"https:\/\/staging.belleflamme.ca\/fr\/produit\/bbq-portatif-au-propane-avec-chariot-travelq-pro285x-de-napoleon\/\"}}]}<\/script>\n<meta property=\"product:brand\" content=\"BBQ Napoleon\" \/>\n<meta property=\"product:price:amount\" content=\"499.00\" \/>\n<meta property=\"product:price:currency\" content=\"CAD\" \/>\n<meta property=\"og:availability\" content=\"instock\" \/>\n<meta property=\"product:availability\" content=\"instock\" \/>\n<meta property=\"product:retailer_item_id\" content=\"PRO285X-BK\" \/>\n<meta property=\"product:condition\" content=\"new\" \/>\n<!-- \/ Yoast SEO Premium plugin. -->","yoast_head_json":{"title":"BBQ Portatif au Propane avec Chariot TravelQ PRO285X de Napoleon - Groupe BelleFlamme","description":"BBQ Portatif au Propane avec Chariot TravelQ PRO285X de Napoleon vendu par le Groupe Belleflamme. Laval, Montr\u00e9al, Gatineau et Saint-Sauveur.","robots":{"index":"index","follow":"follow","max-snippet":"max-snippet:-1","max-image-preview":"max-image-preview:large","max-video-preview":"max-video-preview:-1"},"canonical":"https:\/\/staging.belleflamme.ca\/fr\/produit\/bbq-portatif-au-propane-avec-chariot-travelq-pro285x-de-napoleon\/","og_locale":"fr_FR","og_type":"article","og_title":"BBQ Portatif au Propane avec Chariot TravelQ PRO285X de Napoleon","og_description":"BBQ Portatif au Propane avec Chariot TravelQ PRO285X de Napoleon vendu par le Groupe Belleflamme. Laval, Montr\u00e9al, Gatineau et Saint-Sauveur.","og_url":"https:\/\/staging.belleflamme.ca\/fr\/produit\/bbq-portatif-au-propane-avec-chariot-travelq-pro285x-de-napoleon\/","og_site_name":"Groupe BelleFlamme","article_publisher":"https:\/\/www.facebook.com\/belleflamme.ca\/","article_modified_time":"2024-10-01T17:34:02+00:00","og_image":[{"width":907,"height":698,"url":"https:\/\/www.belleflamme.ca\/wp-content\/uploads\/2024\/04\/BBQ-Portatif-au-Propane-avec-Chariot-TravelQ-PRO285X.jpg","type":"image\/jpeg"}],"twitter_card":"summary_large_image","twitter_misc":{"Prix":"&#36;499.00","Disponibilit\u00e9":"En stock"},"schema":{"@context":"https:\/\/schema.org","@graph":[{"@type":["WebPage","ItemPage"],"@id":"https:\/\/staging.belleflamme.ca\/fr\/produit\/bbq-portatif-au-propane-avec-chariot-travelq-pro285x-de-napoleon\/","url":"https:\/\/staging.belleflamme.ca\/fr\/produit\/bbq-portatif-au-propane-avec-chariot-travelq-pro285x-de-napoleon\/","name":"BBQ Portatif au Propane avec Chariot TravelQ PRO285X de Napoleon - Groupe BelleFlamme","isPartOf":{"@id":"https:\/\/www.belleflamme.ca\/fr\/#website"},"primaryImageOfPage":{"@id":"https:\/\/staging.belleflamme.ca\/fr\/produit\/bbq-portatif-au-propane-avec-chariot-travelq-pro285x-de-napoleon\/#primaryimage"},"image":{"@id":"https:\/\/staging.belleflamme.ca\/fr\/produit\/bbq-portatif-au-propane-avec-chariot-travelq-pro285x-de-napoleon\/#primaryimage"},"thumbnailUrl":"https:\/\/staging.belleflamme.ca\/wp-content\/uploads\/2024\/04\/BBQ-Portatif-au-Propane-avec-Chariot-TravelQ-PRO285X.jpg","datePublished":"2024-04-26T21:24:15+00:00","dateModified":"2024-10-01T17:34:02+00:00","description":"BBQ Portatif au Propane avec Chariot TravelQ PRO285X de Napoleon vendu par le Groupe Belleflamme. Laval, Montr\u00e9al, Gatineau et Saint-Sauveur.","breadcrumb":{"@id":"https:\/\/staging.belleflamme.ca\/fr\/produit\/bbq-portatif-au-propane-avec-chariot-travelq-pro285x-de-napoleon\/#breadcrumb"},"inLanguage":"fr-FR","potentialAction":[{"@type":"ReadAction","target":["https:\/\/staging.belleflamme.ca\/fr\/produit\/bbq-portatif-au-propane-avec-chariot-travelq-pro285x-de-napoleon\/"]}]},{"@type":"ImageObject","inLanguage":"fr-FR","@id":"https:\/\/staging.belleflamme.ca\/fr\/produit\/bbq-portatif-au-propane-avec-chariot-travelq-pro285x-de-napoleon\/#primaryimage","url":"https:\/\/staging.belleflamme.ca\/wp-content\/uploads\/2024\/04\/BBQ-Portatif-au-Propane-avec-Chariot-TravelQ-PRO285X.jpg","contentUrl":"https:\/\/staging.belleflamme.ca\/wp-content\/uploads\/2024\/04\/BBQ-Portatif-au-Propane-avec-Chariot-TravelQ-PRO285X.jpg","width":907,"height":698,"caption":"BBQ Portatif au Propane avec Chariot TravelQ PRO285X"},{"@type":"BreadcrumbList","@id":"https:\/\/staging.belleflamme.ca\/fr\/produit\/bbq-portatif-au-propane-avec-chariot-travelq-pro285x-de-napoleon\/#breadcrumb","itemListElement":[{"@type":"ListItem","position":1,"name":"Accueil","item":"https:\/\/www.belleflamme.ca\/fr\/"},{"@type":"ListItem","position":2,"name":"Boutique","item":"https:\/\/www.belleflamme.ca\/fr\/boutique\/"},{"@type":"ListItem","position":3,"name":"BBQ &amp; Produits Ext\u00e9rieurs","item":"https:\/\/staging.belleflamme.ca\/fr\/categories\/bbq-produits-exterieurs\/"},{"@type":"ListItem","position":4,"name":"BBQ au Gaz","item":"https:\/\/staging.belleflamme.ca\/fr\/categories\/bbq-produits-exterieurs\/bbq-au-gaz\/"},{"@type":"ListItem","position":5,"name":"BBQ Portatif au Propane avec Chariot TravelQ PRO285X de Napoleon"}]},{"@type":"WebSite","@id":"https:\/\/www.belleflamme.ca\/fr\/#website","url":"https:\/\/www.belleflamme.ca\/fr\/","name":"Groupe Belleflamme","description":"La m\u00e9canique du b\u00e2timent dans le sang.","publisher":{"@id":"https:\/\/www.belleflamme.ca\/fr\/#organization"},"potentialAction":[{"@type":"SearchAction","target":{"@type":"EntryPoint","urlTemplate":"https:\/\/www.belleflamme.ca\/fr\/?s={search_term_string}"},"query-input":{"@type":"PropertyValueSpecification","valueRequired":true,"valueName":"search_term_string"}}],"inLanguage":"fr-FR"},{"@type":["Organization","Place"],"@id":"https:\/\/www.belleflamme.ca\/fr\/#organization","name":"Groupe Belleflamme","alternateName":"Belleflamme","url":"https:\/\/www.belleflamme.ca\/fr\/","logo":{"@type":"ImageObject","inLanguage":"fr-FR","@id":"https:\/\/www.belleflamme.ca\/fr\/#\/schema\/logo\/image\/","url":"https:\/\/staging.belleflamme.ca\/wp-content\/uploads\/2023\/01\/og-image.jpg","contentUrl":"https:\/\/staging.belleflamme.ca\/wp-content\/uploads\/2023\/01\/og-image.jpg","width":1200,"height":630,"caption":"Groupe Belleflamme"},"image":{"@id":"https:\/\/www.belleflamme.ca\/fr\/#\/schema\/logo\/image\/"},"sameAs":["https:\/\/www.facebook.com\/belleflamme.ca\/","https:\/\/www.linkedin.com\/company\/belleflamme\/","https:\/\/www.pinterest.ca\/groupebelleflamme\/","https:\/\/www.instagram.com\/legroupebelleflamme\/"],"mainEntityOfPage":{"@id":"https:\/\/staging.belleflamme.ca\/fr\/produit\/bbq-portatif-au-propane-avec-chariot-travelq-pro285x-de-napoleon\/"}}]},"product_brand":"BBQ Napoleon","product_price_amount":"499.00","product_price_currency":"CAD","og_availability":"instock","product_availability":"instock","product_retailer_item_id":"PRO285X-BK","product_condition":"new"},"_links":{"self":[{"href":"https:\/\/staging.belleflamme.ca\/fr\/wp-json\/wp\/v2\/product\/36472","targetHints":{"allow":["GET"]}}],"collection":[{"href":"https:\/\/staging.belleflamme.ca\/fr\/wp-json\/wp\/v2\/product"}],"about":[{"href":"https:\/\/staging.belleflamme.ca\/fr\/wp-json\/wp\/v2\/types\/product"}],"version-history":[{"count":5,"href":"https:\/\/staging.belleflamme.ca\/fr\/wp-json\/wp\/v2\/product\/36472\/revisions"}],"predecessor-version":[{"id":43353,"href":"https:\/\/staging.belleflamme.ca\/fr\/wp-json\/wp\/v2\/product\/36472\/revisions\/43353"}],"wp:featuredmedia":[{"embeddable":true,"href":"https:\/\/staging.belleflamme.ca\/fr\/wp-json\/wp\/v2\/media\/36473"}],"wp:attachment":[{"href":"https:\/\/staging.belleflamme.ca\/fr\/wp-json\/wp\/v2\/media?parent=36472"}],"wp:term":[{"taxonomy":"product_brand","embeddable":true,"href":"https:\/\/staging.belleflamme.ca\/fr\/wp-json\/wp\/v2\/product_brand?post=36472"},{"taxonomy":"product_cat","embeddable":true,"href":"https:\/\/staging.belleflamme.ca\/fr\/wp-json\/wp\/v2\/product_cat?post=36472"},{"taxonomy":"product_tag","embeddable":true,"href":"https:\/\/staging.belleflamme.ca\/fr\/wp-json\/wp\/v2\/product_tag?post=36472"}],"curies":[{"name":"wp","href":"https:\/\/api.w.org\/{rel}","templated":true}]}}