{"id":36245,"date":"2024-04-26T14:06:35","date_gmt":"2024-04-26T18:06:35","guid":{"rendered":"https:\/\/www.belleflamme.ca\/?post_type=product&#038;p=36245"},"modified":"2024-10-01T13:38:50","modified_gmt":"2024-10-01T17:38:50","slug":"bruleur-de-cuisiniere-double-avant-arriere-pour-series-encastree-700-de-napoleon","status":"publish","type":"product","link":"https:\/\/staging.belleflamme.ca\/fr\/produit\/bruleur-de-cuisiniere-double-avant-arriere-pour-series-encastree-700-de-napoleon\/","title":{"rendered":"Br\u00fbleur de Cuisini\u00e8re Double (Avant-Arri\u00e8re) Pour S\u00e9ries Encastr\u00e9e 700 de Napoleon"},"content":{"rendered":"\t\t<div data-elementor-type=\"product-post\" data-elementor-id=\"36245\" class=\"elementor elementor-36245\" data-elementor-post-type=\"product\">\n\t\t\t\t\t\t<section class=\"elementor-section elementor-top-section elementor-element elementor-element-caf3555 elementor-section-boxed elementor-section-height-default elementor-section-height-default\" data-id=\"caf3555\" data-element_type=\"section\">\n\t\t\t\t\t\t<div class=\"elementor-container elementor-column-gap-default\">\n\t\t\t\t\t<div class=\"elementor-column elementor-col-100 elementor-top-column elementor-element elementor-element-121ae4df\" data-id=\"121ae4df\" data-element_type=\"column\">\n\t\t\t<div class=\"elementor-widget-wrap elementor-element-populated\">\n\t\t\t\t\t\t<div class=\"elementor-element elementor-element-a2d2b19 elementor-widget elementor-widget-text-editor\" data-id=\"a2d2b19\" data-element_type=\"widget\" data-widget_type=\"text-editor.default\">\n\t\t\t\t<div class=\"elementor-widget-container\">\n\t\t\t\t\t\t\t\t\tAVEC COUVERCLE EN ACIER INOXYDABLE\r\n<h3 class=\"title hide-item-on-mobile\">DESCRIPTION<\/h3>\r\n<div class=\"inner-wrapper open\" data-max-height=\"360px\" data-fade=\"true\" data-height=\"378px\">\r\n<div class=\"clearfix text-formatted field field--name-body field--type-text-with-summary field--label-hidden field__item\">\r\n\r\nCuisinez des accompagnements et des sauces pendant que la surface de cuisson principale est en cours d\u2019utilisation gr\u00e2ce \u00e0 ce br\u00fbleur encastr\u00e9 double de cuisini\u00e8re au gaz naturel de 18 po fournissant amplement d\u2019espace. Allumez instantan\u00e9ment ces br\u00fbleurs d\u2019une seule main avec le syst\u00e8me d\u2019allumage JETFIRE\u1d39\u1d30. Les grands boutons de commande ergonomiques cr\u00e9ent une ambiance en toute s\u00e9curit\u00e9 d\u2019un magnifique bleu, passant au rouge lorsque les br\u00fbleurs sont utilis\u00e9s. Fabriqu\u00e9 avec le m\u00eame acier inoxydable de qualit\u00e9 marine que les grils encastr\u00e9s de la s\u00e9rie 700, ce br\u00fbleur encastr\u00e9 unique convient parfaitement \u00e0 votre cuisine ext\u00e9rieure personnalis\u00e9e. Ces br\u00fbleurs \u00e0 l\u2019\u00e9l\u00e9gance durable ont \u00e9t\u00e9 con\u00e7us pour \u00eatre install\u00e9s en toute facilit\u00e9. Le module d&#8217;alimentation N370-1091-SER est requis pour tous les br\u00fbleurs de la s\u00e9rie encastr\u00e9e 700 qui sont utilis\u00e9s dans une installation sans gril encastr\u00e9 700 afin d&#8217;alimenter les boutons de commande.\r\n\r\n<\/div>\r\n<\/div>\r\n&nbsp;\r\n<h3 class=\"title hide-item-on-mobile\">CARACT\u00c9RISTIQUES<\/h3>\r\n<div class=\"inner-wrapper\" data-max-height=\"360px\" data-fade=\"true\">\r\n<div class=\"clearfix text-formatted field field--name-field-summary-features field--type-text field--label-hidden field__items\">\r\n<ul>\r\n \t<li class=\"field__item\">30 000 BTU<\/li>\r\n \t<li class=\"field__item\">Br\u00fbleur de cuisini\u00e8re double<\/li>\r\n \t<li class=\"field__item\">Surface de cuisson totale de 200 po\u00b2<\/li>\r\n \t<li class=\"field__item\">Boutons de commande r\u00e9tro\u00e9clair\u00e9s avec fonction SafetyGlow<\/li>\r\n \t<li class=\"field__item\">Grilles de cuisson WAVE\u1d39\u1d30 embl\u00e9matiques en acier inoxydable<\/li>\r\n \t<li class=\"field__item\">Syst\u00e8me d\u2019allumage JETFIRE\u1d39\u1d30<\/li>\r\n<\/ul>\r\n<\/div>\r\n<\/div>\r\n&nbsp;\r\n<table class=\"specification-table\">\r\n<tbody>\r\n<tr>\r\n<th>GARANTIE<\/th>\r\n<td>\u00c0 vie garantie int\u00e9grale<sup>*<\/sup><\/td>\r\n<\/tr>\r\n<tr>\r\n<th>TYPE DE COMBUSTIBLE<\/th>\r\n<td>Gaz naturel et Propane<\/td>\r\n<\/tr>\r\n<tr>\r\n<th>D\u00c9BIT DE CHALEUR<\/th>\r\n<td>30 000 BTU (10 kW)<\/td>\r\n<\/tr>\r\n<tr>\r\n<th>SURFACE DE CUISSON PRINCIPALE<\/th>\r\n<td>11.75 x 18 in (30 x 46 cm) \u00a0|\u00a0 12 hamburgers<\/td>\r\n<\/tr>\r\n<tr>\r\n<th>SURFACE DE CUISSON TOTALE<\/th>\r\n<td>211,50 sq.in (1 380 cm\u00b2)<\/td>\r\n<\/tr>\r\n<tr>\r\n<th>R\u00d4TISSOIRE INCLUSE<\/th>\r\n<td>Non<\/td>\r\n<\/tr>\r\n<tr>\r\n<th>HAUTEUR<\/th>\r\n<td>11,40 in (28,96 cm)<\/td>\r\n<\/tr>\r\n<tr>\r\n<th>LARGEUR<\/th>\r\n<td>15,50 in (39,37 cm)<\/td>\r\n<\/tr>\r\n<tr>\r\n<th>PROFONDEUR<\/th>\r\n<td>24,60 in (62,48 cm)<\/td>\r\n<\/tr>\r\n<tr>\r\n<th>HAUTEUR DE LA BO\u00ceTE<\/th>\r\n<td>17,75 in (45,09 cm)<\/td>\r\n<\/tr>\r\n<tr>\r\n<th>LARGEUR DE LA BO\u00ceTE<\/th>\r\n<td>22,75 in (57,79 cm)<\/td>\r\n<\/tr>\r\n<tr>\r\n<th>PROFONDEUR DE LA BO\u00ceTE<\/th>\r\n<td>36 in (91,44 cm)<\/td>\r\n<\/tr>\r\n<tr>\r\n<th>POIDS DE LA BO\u00ceTE<\/th>\r\n<td>62 lbs. (28,12 kg)<\/td>\r\n<\/tr>\r\n<\/tbody>\r\n<\/table>\t\t\t\t\t\t\t\t<\/div>\n\t\t\t\t<\/div>\n\t\t\t\t\t<\/div>\n\t\t<\/div>\n\t\t\t\t\t<\/div>\n\t\t<\/section>\n\t\t\t\t<section class=\"elementor-section elementor-top-section elementor-element elementor-element-00f9e73 elementor-section-boxed elementor-section-height-default elementor-section-height-default\" data-id=\"00f9e73\" data-element_type=\"section\">\n\t\t\t\t\t\t<div class=\"elementor-container elementor-column-gap-default\">\n\t\t\t\t\t<div class=\"elementor-column elementor-col-100 elementor-top-column elementor-element elementor-element-559e9d0\" data-id=\"559e9d0\" data-element_type=\"column\">\n\t\t\t<div class=\"elementor-widget-wrap elementor-element-populated\">\n\t\t\t\t\t\t<div class=\"elementor-element elementor-element-d567802 elementor-tabs-view-horizontal elementor-widget elementor-widget-tabs\" data-id=\"d567802\" data-element_type=\"widget\" data-widget_type=\"tabs.default\">\n\t\t\t\t<div class=\"elementor-widget-container\">\n\t\t\t\t\t\t\t<div class=\"elementor-tabs\">\n\t\t\t<div class=\"elementor-tabs-wrapper\" role=\"tablist\" >\n\t\t\t\t\t\t\t\t\t<div id=\"elementor-tab-title-2231\" class=\"elementor-tab-title elementor-tab-desktop-title\" aria-selected=\"true\" data-tab=\"1\" role=\"tab\" tabindex=\"0\" aria-controls=\"elementor-tab-content-2231\" aria-expanded=\"false\">Fichiers<\/div>\n\t\t\t\t\t\t\t<\/div>\n\t\t\t<div class=\"elementor-tabs-content-wrapper\" role=\"tablist\" aria-orientation=\"vertical\">\n\t\t\t\t\t\t\t\t\t<div class=\"elementor-tab-title elementor-tab-mobile-title\" aria-selected=\"true\" data-tab=\"1\" role=\"tab\" tabindex=\"0\" aria-controls=\"elementor-tab-content-2231\" aria-expanded=\"false\">Fichiers<\/div>\n\t\t\t\t\t<div id=\"elementor-tab-content-2231\" class=\"elementor-tab-content elementor-clearfix\" data-tab=\"1\" role=\"tabpanel\" aria-labelledby=\"elementor-tab-title-2231\" tabindex=\"0\" hidden=\"false\"><i class=\"far fa-file-pdf fa-xl\" style=\"font-size:35px\"><\/i><a href=\"https:\/\/www.belleflamme.ca\/wp-content\/uploads\/2024\/04\/ADBRBI-EN-2021-built-in-brochure.11.25_FRA-v3.pdf\"> Brochure<\/a><\/br>\n<i class=\"far fa-file-pdf fa-xl\" style=\"font-size:35px\"><\/i><a href=\"https:\/\/www.belleflamme.ca\/wp-content\/uploads\/2024\/04\/N415-0601-Built-In-Series-Manual-RevH.pdf\"> Manuel<\/a><\/br>\n<i class=\"far fa-file-pdf fa-xl\" style=\"font-size:35px\"><\/i><a href=\"https:\/\/www.belleflamme.ca\/wp-content\/uploads\/2024\/04\/Built-In-700-Series-Assembly-Guide-May2022.pdf\"> Guide de montage<\/a><\/br><\/div>\n\t\t\t\t\t\t\t<\/div>\n\t\t<\/div>\n\t\t\t\t\t\t<\/div>\n\t\t\t\t<\/div>\n\t\t\t\t\t<\/div>\n\t\t<\/div>\n\t\t\t\t\t<\/div>\n\t\t<\/section>\n\t\t\t\t<\/div>\n\t\t","protected":false},"excerpt":{"rendered":"<p>AVEC COUVERCLE EN ACIER INOXYDABLE DESCRIPTION Cuisinez des accompagnements et des sauces pendant que la surface de cuisson principale est en cours d\u2019utilisation gr\u00e2ce \u00e0 ce br\u00fbleur encastr\u00e9 double de cuisini\u00e8re au gaz naturel de 18 po fournissant amplement d\u2019espace. Allumez instantan\u00e9ment ces br\u00fbleurs d\u2019une seule main avec le syst\u00e8me d\u2019allumage JETFIRE\u1d39\u1d30. Les grands boutons [&hellip;]<\/p>\n","protected":false},"featured_media":36248,"template":"","meta":{"inline_featured_image":false},"product_brand":[1316],"product_cat":[113,351,116],"product_tag":[],"class_list":{"0":"post-36245","1":"product","2":"type-product","3":"status-publish","4":"has-post-thumbnail","6":"product_brand-bbq-napoleon","7":"product_cat-bbq-produits-exterieurs","8":"product_cat-bbq-exterieurs","9":"product_cat-cuisine-exterieure","11":"first","12":"instock","13":"taxable","14":"shipping-taxable","15":"purchasable","16":"product-type-variable"},"yoast_head":"<!-- This site is optimized with the Yoast SEO Premium plugin v24.2 (Yoast SEO v24.2) - https:\/\/yoast.com\/wordpress\/plugins\/seo\/ -->\n<title>Br\u00fbleur de Cuisini\u00e8re Double (Avant-Arri\u00e8re) Pour S\u00e9ries Encastr\u00e9e 700 de Napoleon - Groupe BelleFlamme<\/title>\n<meta name=\"description\" content=\"Br\u00fbleur de Cuisini\u00e8re Double (Avant-Arri\u00e8re) Pour S\u00e9ries Encastr\u00e9e 700 de Napoleon vendu par le Groupe Belleflamme. Laval, Montr\u00e9al, Gatineau et Saint-Sauveur.\" \/>\n<meta name=\"robots\" content=\"index, follow, max-snippet:-1, max-image-preview:large, max-video-preview:-1\" \/>\n<link rel=\"canonical\" href=\"https:\/\/staging.belleflamme.ca\/fr\/produit\/bruleur-de-cuisiniere-double-avant-arriere-pour-series-encastree-700-de-napoleon\/\" \/>\n<meta property=\"og:locale\" content=\"fr_FR\" \/>\n<meta property=\"og:type\" content=\"article\" \/>\n<meta property=\"og:title\" content=\"Br\u00fbleur de Cuisini\u00e8re Double (Avant-Arri\u00e8re) Pour S\u00e9ries Encastr\u00e9e 700 de Napoleon\" \/>\n<meta property=\"og:description\" content=\"Br\u00fbleur de Cuisini\u00e8re Double (Avant-Arri\u00e8re) Pour S\u00e9ries Encastr\u00e9e 700 de Napoleon vendu par le Groupe Belleflamme. Laval, Montr\u00e9al, Gatineau et Saint-Sauveur.\" \/>\n<meta property=\"og:url\" content=\"https:\/\/staging.belleflamme.ca\/fr\/produit\/bruleur-de-cuisiniere-double-avant-arriere-pour-series-encastree-700-de-napoleon\/\" \/>\n<meta property=\"og:site_name\" content=\"Groupe BelleFlamme\" \/>\n<meta property=\"article:publisher\" content=\"https:\/\/www.facebook.com\/belleflamme.ca\/\" \/>\n<meta property=\"article:modified_time\" content=\"2024-10-01T17:38:50+00:00\" \/>\n<meta property=\"og:image\" content=\"https:\/\/www.belleflamme.ca\/wp-content\/uploads\/2024\/04\/Bruleur-de-Cuisiniere-Double-Avant-Arriere-Pour-Series-Encastree-700-de-Napoleon.jpeg\" \/>\n\t<meta property=\"og:image:width\" content=\"1000\" \/>\n\t<meta property=\"og:image:height\" content=\"1000\" \/>\n\t<meta property=\"og:image:type\" content=\"image\/jpeg\" \/>\n<meta name=\"twitter:card\" content=\"summary_large_image\" \/>\n<meta name=\"twitter:label1\" content=\"Disponibilit\u00e9\" \/>\n\t<meta name=\"twitter:data1\" content=\"En stock\" \/>\n<script type=\"application\/ld+json\" class=\"yoast-schema-graph\">{\"@context\":\"https:\/\/schema.org\",\"@graph\":[{\"@type\":[\"WebPage\",\"ItemPage\"],\"@id\":\"https:\/\/staging.belleflamme.ca\/fr\/produit\/bruleur-de-cuisiniere-double-avant-arriere-pour-series-encastree-700-de-napoleon\/\",\"url\":\"https:\/\/staging.belleflamme.ca\/fr\/produit\/bruleur-de-cuisiniere-double-avant-arriere-pour-series-encastree-700-de-napoleon\/\",\"name\":\"Br\u00fbleur de Cuisini\u00e8re Double (Avant-Arri\u00e8re) Pour S\u00e9ries Encastr\u00e9e 700 de Napoleon - Groupe BelleFlamme\",\"isPartOf\":{\"@id\":\"https:\/\/www.belleflamme.ca\/fr\/#website\"},\"primaryImageOfPage\":{\"@id\":\"https:\/\/staging.belleflamme.ca\/fr\/produit\/bruleur-de-cuisiniere-double-avant-arriere-pour-series-encastree-700-de-napoleon\/#primaryimage\"},\"image\":{\"@id\":\"https:\/\/staging.belleflamme.ca\/fr\/produit\/bruleur-de-cuisiniere-double-avant-arriere-pour-series-encastree-700-de-napoleon\/#primaryimage\"},\"thumbnailUrl\":\"https:\/\/staging.belleflamme.ca\/wp-content\/uploads\/2024\/04\/Bruleur-de-Cuisiniere-Double-Avant-Arriere-Pour-Series-Encastree-700-de-Napoleon.jpeg\",\"datePublished\":\"2024-04-26T18:06:35+00:00\",\"dateModified\":\"2024-10-01T17:38:50+00:00\",\"description\":\"Br\u00fbleur de Cuisini\u00e8re Double (Avant-Arri\u00e8re) Pour S\u00e9ries Encastr\u00e9e 700 de Napoleon vendu par le Groupe Belleflamme. Laval, Montr\u00e9al, Gatineau et Saint-Sauveur.\",\"breadcrumb\":{\"@id\":\"https:\/\/staging.belleflamme.ca\/fr\/produit\/bruleur-de-cuisiniere-double-avant-arriere-pour-series-encastree-700-de-napoleon\/#breadcrumb\"},\"inLanguage\":\"fr-FR\",\"potentialAction\":[{\"@type\":\"ReadAction\",\"target\":[\"https:\/\/staging.belleflamme.ca\/fr\/produit\/bruleur-de-cuisiniere-double-avant-arriere-pour-series-encastree-700-de-napoleon\/\"]}]},{\"@type\":\"ImageObject\",\"inLanguage\":\"fr-FR\",\"@id\":\"https:\/\/staging.belleflamme.ca\/fr\/produit\/bruleur-de-cuisiniere-double-avant-arriere-pour-series-encastree-700-de-napoleon\/#primaryimage\",\"url\":\"https:\/\/staging.belleflamme.ca\/wp-content\/uploads\/2024\/04\/Bruleur-de-Cuisiniere-Double-Avant-Arriere-Pour-Series-Encastree-700-de-Napoleon.jpeg\",\"contentUrl\":\"https:\/\/staging.belleflamme.ca\/wp-content\/uploads\/2024\/04\/Bruleur-de-Cuisiniere-Double-Avant-Arriere-Pour-Series-Encastree-700-de-Napoleon.jpeg\",\"width\":1000,\"height\":1000,\"caption\":\"Br\u00fbleur de Cuisini\u00e8re Double (Avant-Arri\u00e8re) Pour S\u00e9ries Encastr\u00e9e 700 de Napoleon\"},{\"@type\":\"BreadcrumbList\",\"@id\":\"https:\/\/staging.belleflamme.ca\/fr\/produit\/bruleur-de-cuisiniere-double-avant-arriere-pour-series-encastree-700-de-napoleon\/#breadcrumb\",\"itemListElement\":[{\"@type\":\"ListItem\",\"position\":1,\"name\":\"Accueil\",\"item\":\"https:\/\/www.belleflamme.ca\/fr\/\"},{\"@type\":\"ListItem\",\"position\":2,\"name\":\"Boutique\",\"item\":\"https:\/\/www.belleflamme.ca\/fr\/boutique\/\"},{\"@type\":\"ListItem\",\"position\":3,\"name\":\"BBQ &amp; Produits Ext\u00e9rieurs\",\"item\":\"https:\/\/staging.belleflamme.ca\/fr\/categories\/bbq-produits-exterieurs\/\"},{\"@type\":\"ListItem\",\"position\":4,\"name\":\"Cuisine Ext\u00e9rieure\",\"item\":\"https:\/\/staging.belleflamme.ca\/fr\/categories\/bbq-produits-exterieurs\/cuisine-exterieure\/\"},{\"@type\":\"ListItem\",\"position\":5,\"name\":\"BBQ Ext\u00e9rieurs\",\"item\":\"https:\/\/staging.belleflamme.ca\/fr\/categories\/bbq-produits-exterieurs\/cuisine-exterieure\/bbq-exterieurs\/\"},{\"@type\":\"ListItem\",\"position\":6,\"name\":\"Br\u00fbleur de Cuisini\u00e8re Double (Avant-Arri\u00e8re) Pour S\u00e9ries Encastr\u00e9e 700 de Napoleon\"}]},{\"@type\":\"WebSite\",\"@id\":\"https:\/\/www.belleflamme.ca\/fr\/#website\",\"url\":\"https:\/\/www.belleflamme.ca\/fr\/\",\"name\":\"Groupe Belleflamme\",\"description\":\"La m\u00e9canique du b\u00e2timent dans le sang.\",\"publisher\":{\"@id\":\"https:\/\/www.belleflamme.ca\/fr\/#organization\"},\"potentialAction\":[{\"@type\":\"SearchAction\",\"target\":{\"@type\":\"EntryPoint\",\"urlTemplate\":\"https:\/\/www.belleflamme.ca\/fr\/?s={search_term_string}\"},\"query-input\":{\"@type\":\"PropertyValueSpecification\",\"valueRequired\":true,\"valueName\":\"search_term_string\"}}],\"inLanguage\":\"fr-FR\"},{\"@type\":[\"Organization\",\"Place\"],\"@id\":\"https:\/\/www.belleflamme.ca\/fr\/#organization\",\"name\":\"Groupe Belleflamme\",\"alternateName\":\"Belleflamme\",\"url\":\"https:\/\/www.belleflamme.ca\/fr\/\",\"logo\":{\"@type\":\"ImageObject\",\"inLanguage\":\"fr-FR\",\"@id\":\"https:\/\/www.belleflamme.ca\/fr\/#\/schema\/logo\/image\/\",\"url\":\"https:\/\/staging.belleflamme.ca\/wp-content\/uploads\/2023\/01\/og-image.jpg\",\"contentUrl\":\"https:\/\/staging.belleflamme.ca\/wp-content\/uploads\/2023\/01\/og-image.jpg\",\"width\":1200,\"height\":630,\"caption\":\"Groupe Belleflamme\"},\"image\":{\"@id\":\"https:\/\/www.belleflamme.ca\/fr\/#\/schema\/logo\/image\/\"},\"sameAs\":[\"https:\/\/www.facebook.com\/belleflamme.ca\/\",\"https:\/\/www.linkedin.com\/company\/belleflamme\/\",\"https:\/\/www.pinterest.ca\/groupebelleflamme\/\",\"https:\/\/www.instagram.com\/legroupebelleflamme\/\"],\"mainEntityOfPage\":{\"@id\":\"https:\/\/staging.belleflamme.ca\/fr\/produit\/bruleur-de-cuisiniere-double-avant-arriere-pour-series-encastree-700-de-napoleon\/\"}}]}<\/script>\n<meta property=\"product:brand\" content=\"BBQ Napoleon\" \/>\n<meta property=\"og:availability\" content=\"instock\" \/>\n<meta property=\"product:availability\" content=\"instock\" \/>\n<meta property=\"product:condition\" content=\"new\" \/>\n<!-- \/ Yoast SEO Premium plugin. -->","yoast_head_json":{"title":"Br\u00fbleur de Cuisini\u00e8re Double (Avant-Arri\u00e8re) Pour S\u00e9ries Encastr\u00e9e 700 de Napoleon - Groupe BelleFlamme","description":"Br\u00fbleur de Cuisini\u00e8re Double (Avant-Arri\u00e8re) Pour S\u00e9ries Encastr\u00e9e 700 de Napoleon vendu par le Groupe Belleflamme. Laval, Montr\u00e9al, Gatineau et Saint-Sauveur.","robots":{"index":"index","follow":"follow","max-snippet":"max-snippet:-1","max-image-preview":"max-image-preview:large","max-video-preview":"max-video-preview:-1"},"canonical":"https:\/\/staging.belleflamme.ca\/fr\/produit\/bruleur-de-cuisiniere-double-avant-arriere-pour-series-encastree-700-de-napoleon\/","og_locale":"fr_FR","og_type":"article","og_title":"Br\u00fbleur de Cuisini\u00e8re Double (Avant-Arri\u00e8re) Pour S\u00e9ries Encastr\u00e9e 700 de Napoleon","og_description":"Br\u00fbleur de Cuisini\u00e8re Double (Avant-Arri\u00e8re) Pour S\u00e9ries Encastr\u00e9e 700 de Napoleon vendu par le Groupe Belleflamme. Laval, Montr\u00e9al, Gatineau et Saint-Sauveur.","og_url":"https:\/\/staging.belleflamme.ca\/fr\/produit\/bruleur-de-cuisiniere-double-avant-arriere-pour-series-encastree-700-de-napoleon\/","og_site_name":"Groupe BelleFlamme","article_publisher":"https:\/\/www.facebook.com\/belleflamme.ca\/","article_modified_time":"2024-10-01T17:38:50+00:00","og_image":[{"width":1000,"height":1000,"url":"https:\/\/www.belleflamme.ca\/wp-content\/uploads\/2024\/04\/Bruleur-de-Cuisiniere-Double-Avant-Arriere-Pour-Series-Encastree-700-de-Napoleon.jpeg","type":"image\/jpeg"}],"twitter_card":"summary_large_image","twitter_misc":{"Disponibilit\u00e9":"En stock"},"schema":{"@context":"https:\/\/schema.org","@graph":[{"@type":["WebPage","ItemPage"],"@id":"https:\/\/staging.belleflamme.ca\/fr\/produit\/bruleur-de-cuisiniere-double-avant-arriere-pour-series-encastree-700-de-napoleon\/","url":"https:\/\/staging.belleflamme.ca\/fr\/produit\/bruleur-de-cuisiniere-double-avant-arriere-pour-series-encastree-700-de-napoleon\/","name":"Br\u00fbleur de Cuisini\u00e8re Double (Avant-Arri\u00e8re) Pour S\u00e9ries Encastr\u00e9e 700 de Napoleon - Groupe BelleFlamme","isPartOf":{"@id":"https:\/\/www.belleflamme.ca\/fr\/#website"},"primaryImageOfPage":{"@id":"https:\/\/staging.belleflamme.ca\/fr\/produit\/bruleur-de-cuisiniere-double-avant-arriere-pour-series-encastree-700-de-napoleon\/#primaryimage"},"image":{"@id":"https:\/\/staging.belleflamme.ca\/fr\/produit\/bruleur-de-cuisiniere-double-avant-arriere-pour-series-encastree-700-de-napoleon\/#primaryimage"},"thumbnailUrl":"https:\/\/staging.belleflamme.ca\/wp-content\/uploads\/2024\/04\/Bruleur-de-Cuisiniere-Double-Avant-Arriere-Pour-Series-Encastree-700-de-Napoleon.jpeg","datePublished":"2024-04-26T18:06:35+00:00","dateModified":"2024-10-01T17:38:50+00:00","description":"Br\u00fbleur de Cuisini\u00e8re Double (Avant-Arri\u00e8re) Pour S\u00e9ries Encastr\u00e9e 700 de Napoleon vendu par le Groupe Belleflamme. Laval, Montr\u00e9al, Gatineau et Saint-Sauveur.","breadcrumb":{"@id":"https:\/\/staging.belleflamme.ca\/fr\/produit\/bruleur-de-cuisiniere-double-avant-arriere-pour-series-encastree-700-de-napoleon\/#breadcrumb"},"inLanguage":"fr-FR","potentialAction":[{"@type":"ReadAction","target":["https:\/\/staging.belleflamme.ca\/fr\/produit\/bruleur-de-cuisiniere-double-avant-arriere-pour-series-encastree-700-de-napoleon\/"]}]},{"@type":"ImageObject","inLanguage":"fr-FR","@id":"https:\/\/staging.belleflamme.ca\/fr\/produit\/bruleur-de-cuisiniere-double-avant-arriere-pour-series-encastree-700-de-napoleon\/#primaryimage","url":"https:\/\/staging.belleflamme.ca\/wp-content\/uploads\/2024\/04\/Bruleur-de-Cuisiniere-Double-Avant-Arriere-Pour-Series-Encastree-700-de-Napoleon.jpeg","contentUrl":"https:\/\/staging.belleflamme.ca\/wp-content\/uploads\/2024\/04\/Bruleur-de-Cuisiniere-Double-Avant-Arriere-Pour-Series-Encastree-700-de-Napoleon.jpeg","width":1000,"height":1000,"caption":"Br\u00fbleur de Cuisini\u00e8re Double (Avant-Arri\u00e8re) Pour S\u00e9ries Encastr\u00e9e 700 de Napoleon"},{"@type":"BreadcrumbList","@id":"https:\/\/staging.belleflamme.ca\/fr\/produit\/bruleur-de-cuisiniere-double-avant-arriere-pour-series-encastree-700-de-napoleon\/#breadcrumb","itemListElement":[{"@type":"ListItem","position":1,"name":"Accueil","item":"https:\/\/www.belleflamme.ca\/fr\/"},{"@type":"ListItem","position":2,"name":"Boutique","item":"https:\/\/www.belleflamme.ca\/fr\/boutique\/"},{"@type":"ListItem","position":3,"name":"BBQ &amp; Produits Ext\u00e9rieurs","item":"https:\/\/staging.belleflamme.ca\/fr\/categories\/bbq-produits-exterieurs\/"},{"@type":"ListItem","position":4,"name":"Cuisine Ext\u00e9rieure","item":"https:\/\/staging.belleflamme.ca\/fr\/categories\/bbq-produits-exterieurs\/cuisine-exterieure\/"},{"@type":"ListItem","position":5,"name":"BBQ Ext\u00e9rieurs","item":"https:\/\/staging.belleflamme.ca\/fr\/categories\/bbq-produits-exterieurs\/cuisine-exterieure\/bbq-exterieurs\/"},{"@type":"ListItem","position":6,"name":"Br\u00fbleur de Cuisini\u00e8re Double (Avant-Arri\u00e8re) Pour S\u00e9ries Encastr\u00e9e 700 de Napoleon"}]},{"@type":"WebSite","@id":"https:\/\/www.belleflamme.ca\/fr\/#website","url":"https:\/\/www.belleflamme.ca\/fr\/","name":"Groupe Belleflamme","description":"La m\u00e9canique du b\u00e2timent dans le sang.","publisher":{"@id":"https:\/\/www.belleflamme.ca\/fr\/#organization"},"potentialAction":[{"@type":"SearchAction","target":{"@type":"EntryPoint","urlTemplate":"https:\/\/www.belleflamme.ca\/fr\/?s={search_term_string}"},"query-input":{"@type":"PropertyValueSpecification","valueRequired":true,"valueName":"search_term_string"}}],"inLanguage":"fr-FR"},{"@type":["Organization","Place"],"@id":"https:\/\/www.belleflamme.ca\/fr\/#organization","name":"Groupe Belleflamme","alternateName":"Belleflamme","url":"https:\/\/www.belleflamme.ca\/fr\/","logo":{"@type":"ImageObject","inLanguage":"fr-FR","@id":"https:\/\/www.belleflamme.ca\/fr\/#\/schema\/logo\/image\/","url":"https:\/\/staging.belleflamme.ca\/wp-content\/uploads\/2023\/01\/og-image.jpg","contentUrl":"https:\/\/staging.belleflamme.ca\/wp-content\/uploads\/2023\/01\/og-image.jpg","width":1200,"height":630,"caption":"Groupe Belleflamme"},"image":{"@id":"https:\/\/www.belleflamme.ca\/fr\/#\/schema\/logo\/image\/"},"sameAs":["https:\/\/www.facebook.com\/belleflamme.ca\/","https:\/\/www.linkedin.com\/company\/belleflamme\/","https:\/\/www.pinterest.ca\/groupebelleflamme\/","https:\/\/www.instagram.com\/legroupebelleflamme\/"],"mainEntityOfPage":{"@id":"https:\/\/staging.belleflamme.ca\/fr\/produit\/bruleur-de-cuisiniere-double-avant-arriere-pour-series-encastree-700-de-napoleon\/"}}]},"product_brand":"BBQ Napoleon","og_availability":"instock","product_availability":"instock","product_condition":"new"},"_links":{"self":[{"href":"https:\/\/staging.belleflamme.ca\/fr\/wp-json\/wp\/v2\/product\/36245","targetHints":{"allow":["GET"]}}],"collection":[{"href":"https:\/\/staging.belleflamme.ca\/fr\/wp-json\/wp\/v2\/product"}],"about":[{"href":"https:\/\/staging.belleflamme.ca\/fr\/wp-json\/wp\/v2\/types\/product"}],"version-history":[{"count":4,"href":"https:\/\/staging.belleflamme.ca\/fr\/wp-json\/wp\/v2\/product\/36245\/revisions"}],"predecessor-version":[{"id":36253,"href":"https:\/\/staging.belleflamme.ca\/fr\/wp-json\/wp\/v2\/product\/36245\/revisions\/36253"}],"wp:featuredmedia":[{"embeddable":true,"href":"https:\/\/staging.belleflamme.ca\/fr\/wp-json\/wp\/v2\/media\/36248"}],"wp:attachment":[{"href":"https:\/\/staging.belleflamme.ca\/fr\/wp-json\/wp\/v2\/media?parent=36245"}],"wp:term":[{"taxonomy":"product_brand","embeddable":true,"href":"https:\/\/staging.belleflamme.ca\/fr\/wp-json\/wp\/v2\/product_brand?post=36245"},{"taxonomy":"product_cat","embeddable":true,"href":"https:\/\/staging.belleflamme.ca\/fr\/wp-json\/wp\/v2\/product_cat?post=36245"},{"taxonomy":"product_tag","embeddable":true,"href":"https:\/\/staging.belleflamme.ca\/fr\/wp-json\/wp\/v2\/product_tag?post=36245"}],"curies":[{"name":"wp","href":"https:\/\/api.w.org\/{rel}","templated":true}]}}