{"id":36156,"date":"2024-04-26T13:08:14","date_gmt":"2024-04-26T17:08:14","guid":{"rendered":"https:\/\/www.belleflamme.ca\/?post_type=product&#038;p=36156"},"modified":"2024-10-01T14:21:45","modified_gmt":"2024-10-01T18:21:45","slug":"gril-au-gaz-encastre-de-32-pouces-de-la-serie-700-de-napoleon","status":"publish","type":"product","link":"https:\/\/staging.belleflamme.ca\/fr\/produit\/gril-au-gaz-encastre-de-32-pouces-de-la-serie-700-de-napoleon\/","title":{"rendered":"Gril au Gaz Encastr\u00e9 de 32 pouces de la S\u00e9rie 700 de Napoleon"},"content":{"rendered":"\t\t<div data-elementor-type=\"product-post\" data-elementor-id=\"36156\" class=\"elementor elementor-36156\" data-elementor-post-type=\"product\">\n\t\t\t\t\t\t<section class=\"elementor-section elementor-top-section elementor-element elementor-element-4a36b15b elementor-section-boxed elementor-section-height-default elementor-section-height-default\" data-id=\"4a36b15b\" data-element_type=\"section\">\n\t\t\t\t\t\t<div class=\"elementor-container elementor-column-gap-default\">\n\t\t\t\t\t<div class=\"elementor-column elementor-col-100 elementor-top-column elementor-element elementor-element-73addf98\" data-id=\"73addf98\" data-element_type=\"column\">\n\t\t\t<div class=\"elementor-widget-wrap elementor-element-populated\">\n\t\t\t\t\t\t<div class=\"elementor-element elementor-element-502c1ea2 elementor-widget elementor-widget-text-editor\" data-id=\"502c1ea2\" data-element_type=\"widget\" data-widget_type=\"text-editor.default\">\n\t\t\t\t<div class=\"elementor-widget-container\">\n\t\t\t\t\t\t\t\t\t<p>AVEC BR\u00dbLEUR ARRI\u00c8RE INFRAROUGE<\/p>\n<h3 class=\"title hide-item-on-mobile\">DESCRIPTION<\/h3>\n<div class=\"inner-wrapper open\" data-max-height=\"360px\" data-fade=\"true\" data-height=\"468px\">\n<div class=\"clearfix text-formatted field field--name-body field--type-text-with-summary field--label-hidden field__item\">\n<p>Le gril \u00e0 gaz encastr\u00e9 de 32 po de la s\u00e9rie 700 avec br\u00fbleur arri\u00e8re infrarouge vous permet de cuisiner les grillades de qualit\u00e9 sup\u00e9rieure auxquelles vous vous attendez avec les grils \u00e0 gaz Napoleon. S\u2019int\u00e9grant parfaitement \u00e0 votre cuisine ext\u00e9rieure de r\u00eave, la fabrication en acier inoxydable de luxe lui procure une \u00e9l\u00e9gance durable et une performance in\u00e9gal\u00e9e. Les grilles de cuisson en acier inoxydable de 9 mm ne n\u00e9cessitent pratiquement aucun entretien. Profitez d&#8217;une ambiance s\u00e9curitaire gr\u00e2ce aux boutons de commande illumin\u00e9s en bleu et qui passent au rouge lorsque les br\u00fbleurs sont utilis\u00e9s. Cuisiner sur le gril apr\u00e8s la tomb\u00e9e de la nuit est un vrai plaisir gr\u00e2ce aux lampes halog\u00e8nes int\u00e9gr\u00e9es dans la hotte qui \u00e9clairent votre surface de cuisson. Le syst\u00e8me de r\u00e9cup\u00e9ration des graisses de concept angulaire canalise les \u00e9coulements afin d&#8217;am\u00e9liorer la collecte et faciliter le nettoyage, r\u00e9duisant ainsi les accumulations et le risque de feux de graisse. Avec ses moulures int\u00e9gr\u00e9es, sa conduite flexible extralongue et son c\u00e2blage \u00e9lectrique plus long, le gril \u00e0 gaz encastr\u00e9 de 32 po de la s\u00e9rie 700 permet une installation facile, sans aucune restriction en termes d&#8217;am\u00e9nagement et de fonctionnement.<\/p>\n<\/div>\n<\/div>\n<p>&nbsp;<\/p>\n<h3 class=\"title hide-item-on-mobile\">CARACT\u00c9RISTIQUES<\/h3>\n<div class=\"inner-wrapper open\" data-max-height=\"360px\" data-fade=\"true\" data-height=\"607.917px\">\n<div class=\"clearfix text-formatted field field--name-field-summary-features field--type-text field--label-hidden field__items\">\n<ul>\n<li class=\"field__item\">Le gril \u00e0 gaz naturel de 32 pouces de la s\u00e9rie 700 en acier inoxydable est dot\u00e9 d&#8217;une puissance de 66 000 BTU, de 4 br\u00fbleurs principaux en acier inoxydable, d&#8217;un br\u00fbleur arri\u00e8re infrarouge et d&#8217;une g\u00e9n\u00e9reuse surface de cuisson de 29,5 pouces sur 18 pouces (74,93 cm x 45,72 cm)<\/li>\n<li class=\"field__item\">Les grilles de cuisson en acier inoxydable de 9 mm (0,354 po) ne n\u00e9cessitent pratiquement aucun entretien. Leur forme ondul\u00e9e unique assure un transfert de chaleur uniforme, emp\u00eache les aliments de tomber dans le gril et produit des marques de grillade exceptionnelles<\/li>\n<li class=\"field__item\">Allumez le gril \u00e0 gaz encastr\u00e9 de 32 po de la s\u00e9rie 700 instantan\u00e9ment gr\u00e2ce au syst\u00e8me d&#8217;allumage sans piles. Ce syst\u00e8me d\u2019allumage fiable allume imm\u00e9diatement les br\u00fbleurs en produisant un jet de flamme<\/li>\n<li class=\"field__item\">Gardez votre gril propre plus longtemps. Les diffuseurs en acier inoxydable \u00e0 deux niveaux prot\u00e8gent vos br\u00fbleurs en dirigeant les \u00e9coulements vers les plateaux de r\u00e9cup\u00e9ration perfor\u00e9s de concept angulaire. Ces deux composantes combin\u00e9es garantissent que toute graisse qui n&#8217;est pas vaporis\u00e9e est recueillie, r\u00e9duisant ainsi les accumulations et le risque de feux de graisse de mani\u00e8re significative<\/li>\n<li class=\"field__item\">Le gril \u00e0 gaz encastr\u00e9 BIG32 de 32 po est dot\u00e9 d&#8217;un br\u00fbleur arri\u00e8re infrarouge et d&#8217;un ensemble de r\u00f4tissoire de qualit\u00e9 commerciale pour pr\u00e9parer des repas parfaitement r\u00f4tis \u00e0 la broche<\/li>\n<li class=\"field__item\">Rangez facilement et en toute s\u00e9curit\u00e9 l&#8217;ensemble de r\u00f4tissoire dans le rangement int\u00e9gr\u00e9 sous le gril<\/li>\n<li class=\"field__item\">Les boutons de commande ergonomiques et r\u00e9tro\u00e9clair\u00e9s ajoutent une touche d&#8217;ambiance et de s\u00e9curit\u00e9, diffusant une magnifique lueur bleue qui passe au rouge lorsque les br\u00fbleurs sont utilis\u00e9s. Ajoutez \u00e0 cela l&#8217;\u00e9clairage halog\u00e8ne int\u00e9rieur qui illumine votre surface de cuisson pour vous offrir le plaisir de cuisiner en soir\u00e9e<\/li>\n<li class=\"field__item\">Avec ses moulures int\u00e9gr\u00e9es, sa conduite flexible extralongue et son c\u00e2blage \u00e9lectrique plus long, le gril \u00e0 gaz encastr\u00e9 de 32 po de la s\u00e9rie 700 permet une installation facile, augmente sa polyvalence et r\u00e9duit les restrictions en termes d&#8217;am\u00e9nagement<\/li>\n<li class=\"field__item\">Le r\u00e9glage pr\u00e9cis de la temp\u00e9rature au moyen de la jauge de temp\u00e9rature ACCU-PROBE\u1d39\u1d30 vous permet de saisir, de fumer, de r\u00f4tir et de cuisiner avec facilit\u00e9<\/li>\n<li class=\"field__item\">La planification et l&#8217;installation sont simplifi\u00e9es gr\u00e2ce \u00e0 une tol\u00e9rance de 2 po (5,08 cm) pour les d\u00e9coupes<\/li>\n<\/ul>\n<\/div>\n<\/div>\n<p>&nbsp;<\/p>\n<table class=\"specification-table\">\n<tbody>\n<tr>\n<th>GARANTIE<\/th>\n<td>\u00c0 vie garantie int\u00e9grale<sup>*<\/sup><\/td>\n<\/tr>\n<tr>\n<th>TYPE DE COMBUSTIBLE<\/th>\n<td>Gaz naturel et Propane<\/td>\n<\/tr>\n<tr>\n<th>D\u00c9BIT DE CHALEUR<\/th>\n<td>66 000 BTU (19,34 kW)<\/td>\n<\/tr>\n<tr>\n<th>SURFACE DE CUISSON PRINCIPALE<\/th>\n<td>29.5 x 18 in (75 x 46 cm) &nbsp;|&nbsp; 32 hamburgers<\/td>\n<\/tr>\n<tr>\n<th>SURFACE DE CUISSON TOTALE<\/th>\n<td>786 sq.in (5 071 cm\u00b2)<\/td>\n<\/tr>\n<tr>\n<th>R\u00d4TISSOIRE INCLUSE<\/th>\n<td>Oui<\/td>\n<\/tr>\n<tr>\n<th>HAUTEUR<\/th>\n<td>24 in (61,20 cm) &nbsp;|&nbsp; 33,75 in (85,80 cm) avec le couvercle ouvert<\/td>\n<\/tr>\n<tr>\n<th>LARGEUR<\/th>\n<td>33,50 in (85,10 cm)<\/td>\n<\/tr>\n<tr>\n<th>PROFONDEUR<\/th>\n<td>27,60 in (70,10 cm)<\/td>\n<\/tr>\n<tr>\n<th>HAUTEUR DE LA BO\u00ceTE<\/th>\n<td>31 in (78,74 cm)<\/td>\n<\/tr>\n<tr>\n<th>LARGEUR DE LA BO\u00ceTE<\/th>\n<td>35 in (88,90 cm)<\/td>\n<\/tr>\n<tr>\n<th>PROFONDEUR DE LA BO\u00ceTE<\/th>\n<td>41 in (104,14 cm)<\/td>\n<\/tr>\n<tr>\n<th>POIDS DE LA BO\u00ceTE<\/th>\n<td>181,50 lbs. (82,31 kg)<\/td>\n<\/tr>\n<\/tbody>\n<\/table>\n<p>&nbsp;<\/p>\n<p><img fetchpriority=\"high\" decoding=\"async\" class=\"\" src=\"https:\/\/www.napoleon.com\/sites\/default\/files\/products\/WebGallery_Dimensional_BIG32_dual.jpg\" width=\"504\" height=\"504\"><\/p>\t\t\t\t\t\t\t\t<\/div>\n\t\t\t\t<\/div>\n\t\t\t\t\t<\/div>\n\t\t<\/div>\n\t\t\t\t\t<\/div>\n\t\t<\/section>\n\t\t\t\t<section class=\"elementor-section elementor-top-section elementor-element elementor-element-290491b elementor-section-boxed elementor-section-height-default elementor-section-height-default\" data-id=\"290491b\" data-element_type=\"section\">\n\t\t\t\t\t\t<div class=\"elementor-container elementor-column-gap-default\">\n\t\t\t\t\t<div class=\"elementor-column elementor-col-100 elementor-top-column elementor-element elementor-element-1d7b44c\" data-id=\"1d7b44c\" data-element_type=\"column\">\n\t\t\t<div class=\"elementor-widget-wrap elementor-element-populated\">\n\t\t\t\t\t\t<div class=\"elementor-element elementor-element-6da05d5 elementor-tabs-view-horizontal elementor-widget elementor-widget-tabs\" data-id=\"6da05d5\" data-element_type=\"widget\" data-widget_type=\"tabs.default\">\n\t\t\t\t<div class=\"elementor-widget-container\">\n\t\t\t\t\t\t\t<div class=\"elementor-tabs\">\n\t\t\t<div class=\"elementor-tabs-wrapper\" role=\"tablist\" >\n\t\t\t\t\t\t\t\t\t<div id=\"elementor-tab-title-1141\" class=\"elementor-tab-title elementor-tab-desktop-title\" aria-selected=\"true\" data-tab=\"1\" role=\"tab\" tabindex=\"0\" aria-controls=\"elementor-tab-content-1141\" aria-expanded=\"false\">Fichiers<\/div>\n\t\t\t\t\t\t\t<\/div>\n\t\t\t<div class=\"elementor-tabs-content-wrapper\" role=\"tablist\" aria-orientation=\"vertical\">\n\t\t\t\t\t\t\t\t\t<div class=\"elementor-tab-title elementor-tab-mobile-title\" aria-selected=\"true\" data-tab=\"1\" role=\"tab\" tabindex=\"0\" aria-controls=\"elementor-tab-content-1141\" aria-expanded=\"false\">Fichiers<\/div>\n\t\t\t\t\t<div id=\"elementor-tab-content-1141\" class=\"elementor-tab-content elementor-clearfix\" data-tab=\"1\" role=\"tabpanel\" aria-labelledby=\"elementor-tab-title-1141\" tabindex=\"0\" hidden=\"false\"><i class=\"far fa-file-pdf fa-xl\" style=\"font-size:35px\"><\/i><a href=\"https:\/\/www.belleflamme.ca\/wp-content\/uploads\/2024\/04\/N415-0789_0-0_VIEW1.pdf\"> Guide de montage<\/a><\/br><\/div>\n\t\t\t\t\t\t\t<\/div>\n\t\t<\/div>\n\t\t\t\t\t\t<\/div>\n\t\t\t\t<\/div>\n\t\t\t\t\t<\/div>\n\t\t<\/div>\n\t\t\t\t\t<\/div>\n\t\t<\/section>\n\t\t\t\t<\/div>\n\t\t","protected":false},"excerpt":{"rendered":"<p>AVEC BR\u00dbLEUR ARRI\u00c8RE INFRAROUGE DESCRIPTION Le gril \u00e0 gaz encastr\u00e9 de 32 po de la s\u00e9rie 700 avec br\u00fbleur arri\u00e8re infrarouge vous permet de cuisiner les grillades de qualit\u00e9 sup\u00e9rieure auxquelles vous vous attendez avec les grils \u00e0 gaz Napoleon. S\u2019int\u00e9grant parfaitement \u00e0 votre cuisine ext\u00e9rieure de r\u00eave, la fabrication en acier inoxydable de luxe [&hellip;]<\/p>\n","protected":false},"featured_media":36159,"template":"","meta":{"inline_featured_image":false},"product_brand":[1316],"product_cat":[113,351,116],"product_tag":[],"class_list":{"0":"post-36156","1":"product","2":"type-product","3":"status-publish","4":"has-post-thumbnail","6":"product_brand-bbq-napoleon","7":"product_cat-bbq-produits-exterieurs","8":"product_cat-bbq-exterieurs","9":"product_cat-cuisine-exterieure","11":"first","12":"instock","13":"taxable","14":"shipping-taxable","15":"purchasable","16":"product-type-variable"},"yoast_head":"<!-- This site is optimized with the Yoast SEO Premium plugin v24.2 (Yoast SEO v24.2) - https:\/\/yoast.com\/wordpress\/plugins\/seo\/ -->\n<title>Gril au Gaz Encastr\u00e9 de 32 pouces de la S\u00e9rie 700 de Napoleon - Groupe BelleFlamme<\/title>\n<meta name=\"description\" content=\"Gril au Gaz Encastr\u00e9 de 32 pouces de la S\u00e9rie 700 de Napoleon sold by the Belleflamme Group. Laval, Montreal, Gatineau and Saint-Sauveur.\" \/>\n<meta name=\"robots\" content=\"index, follow, max-snippet:-1, max-image-preview:large, max-video-preview:-1\" \/>\n<link rel=\"canonical\" href=\"https:\/\/staging.belleflamme.ca\/fr\/produit\/gril-au-gaz-encastre-de-32-pouces-de-la-serie-700-de-napoleon\/\" \/>\n<meta property=\"og:locale\" content=\"fr_FR\" \/>\n<meta property=\"og:type\" content=\"article\" \/>\n<meta property=\"og:title\" content=\"Gril au Gaz Encastr\u00e9 de 32 pouces de la S\u00e9rie 700 de Napoleon\" \/>\n<meta property=\"og:description\" content=\"Gril au Gaz Encastr\u00e9 de 32 pouces de la S\u00e9rie 700 de Napoleon sold by the Belleflamme Group. Laval, Montreal, Gatineau and Saint-Sauveur.\" \/>\n<meta property=\"og:url\" content=\"https:\/\/staging.belleflamme.ca\/fr\/produit\/gril-au-gaz-encastre-de-32-pouces-de-la-serie-700-de-napoleon\/\" \/>\n<meta property=\"og:site_name\" content=\"Groupe BelleFlamme\" \/>\n<meta property=\"article:publisher\" content=\"https:\/\/www.facebook.com\/belleflamme.ca\/\" \/>\n<meta property=\"article:modified_time\" content=\"2024-10-01T18:21:45+00:00\" \/>\n<meta property=\"og:image\" content=\"https:\/\/www.belleflamme.ca\/wp-content\/uploads\/2024\/04\/Gril-au-Gaz-Encastre-de-32-pouces-de-la-Serie-700-de-Napoleon.jpeg\" \/>\n\t<meta property=\"og:image:width\" content=\"1000\" \/>\n\t<meta property=\"og:image:height\" content=\"1000\" \/>\n\t<meta property=\"og:image:type\" content=\"image\/jpeg\" \/>\n<meta name=\"twitter:card\" content=\"summary_large_image\" \/>\n<meta name=\"twitter:label1\" content=\"Disponibilit\u00e9\" \/>\n\t<meta name=\"twitter:data1\" content=\"En stock\" \/>\n<script type=\"application\/ld+json\" class=\"yoast-schema-graph\">{\"@context\":\"https:\/\/schema.org\",\"@graph\":[{\"@type\":[\"WebPage\",\"ItemPage\"],\"@id\":\"https:\/\/staging.belleflamme.ca\/fr\/produit\/gril-au-gaz-encastre-de-32-pouces-de-la-serie-700-de-napoleon\/\",\"url\":\"https:\/\/staging.belleflamme.ca\/fr\/produit\/gril-au-gaz-encastre-de-32-pouces-de-la-serie-700-de-napoleon\/\",\"name\":\"Gril au Gaz Encastr\u00e9 de 32 pouces de la S\u00e9rie 700 de Napoleon - Groupe BelleFlamme\",\"isPartOf\":{\"@id\":\"https:\/\/www.belleflamme.ca\/fr\/#website\"},\"primaryImageOfPage\":{\"@id\":\"https:\/\/staging.belleflamme.ca\/fr\/produit\/gril-au-gaz-encastre-de-32-pouces-de-la-serie-700-de-napoleon\/#primaryimage\"},\"image\":{\"@id\":\"https:\/\/staging.belleflamme.ca\/fr\/produit\/gril-au-gaz-encastre-de-32-pouces-de-la-serie-700-de-napoleon\/#primaryimage\"},\"thumbnailUrl\":\"https:\/\/staging.belleflamme.ca\/wp-content\/uploads\/2024\/04\/Gril-au-Gaz-Encastre-de-32-pouces-de-la-Serie-700-de-Napoleon.jpeg\",\"datePublished\":\"2024-04-26T17:08:14+00:00\",\"dateModified\":\"2024-10-01T18:21:45+00:00\",\"description\":\"Gril au Gaz Encastr\u00e9 de 32 pouces de la S\u00e9rie 700 de Napoleon sold by the Belleflamme Group. Laval, Montreal, Gatineau and Saint-Sauveur.\",\"breadcrumb\":{\"@id\":\"https:\/\/staging.belleflamme.ca\/fr\/produit\/gril-au-gaz-encastre-de-32-pouces-de-la-serie-700-de-napoleon\/#breadcrumb\"},\"inLanguage\":\"fr-FR\",\"potentialAction\":[{\"@type\":\"ReadAction\",\"target\":[\"https:\/\/staging.belleflamme.ca\/fr\/produit\/gril-au-gaz-encastre-de-32-pouces-de-la-serie-700-de-napoleon\/\"]}]},{\"@type\":\"ImageObject\",\"inLanguage\":\"fr-FR\",\"@id\":\"https:\/\/staging.belleflamme.ca\/fr\/produit\/gril-au-gaz-encastre-de-32-pouces-de-la-serie-700-de-napoleon\/#primaryimage\",\"url\":\"https:\/\/staging.belleflamme.ca\/wp-content\/uploads\/2024\/04\/Gril-au-Gaz-Encastre-de-32-pouces-de-la-Serie-700-de-Napoleon.jpeg\",\"contentUrl\":\"https:\/\/staging.belleflamme.ca\/wp-content\/uploads\/2024\/04\/Gril-au-Gaz-Encastre-de-32-pouces-de-la-Serie-700-de-Napoleon.jpeg\",\"width\":1000,\"height\":1000,\"caption\":\"Gril au Gaz Encastr\u00e9 de 32 pouces de la S\u00e9rie 700 de Napoleon\"},{\"@type\":\"BreadcrumbList\",\"@id\":\"https:\/\/staging.belleflamme.ca\/fr\/produit\/gril-au-gaz-encastre-de-32-pouces-de-la-serie-700-de-napoleon\/#breadcrumb\",\"itemListElement\":[{\"@type\":\"ListItem\",\"position\":1,\"name\":\"Accueil\",\"item\":\"https:\/\/www.belleflamme.ca\/fr\/\"},{\"@type\":\"ListItem\",\"position\":2,\"name\":\"Boutique\",\"item\":\"https:\/\/www.belleflamme.ca\/fr\/boutique\/\"},{\"@type\":\"ListItem\",\"position\":3,\"name\":\"BBQ &amp; Produits Ext\u00e9rieurs\",\"item\":\"https:\/\/staging.belleflamme.ca\/fr\/categories\/bbq-produits-exterieurs\/\"},{\"@type\":\"ListItem\",\"position\":4,\"name\":\"Cuisine Ext\u00e9rieure\",\"item\":\"https:\/\/staging.belleflamme.ca\/fr\/categories\/bbq-produits-exterieurs\/cuisine-exterieure\/\"},{\"@type\":\"ListItem\",\"position\":5,\"name\":\"BBQ Ext\u00e9rieurs\",\"item\":\"https:\/\/staging.belleflamme.ca\/fr\/categories\/bbq-produits-exterieurs\/cuisine-exterieure\/bbq-exterieurs\/\"},{\"@type\":\"ListItem\",\"position\":6,\"name\":\"Gril au Gaz Encastr\u00e9 de 32 pouces de la S\u00e9rie 700 de Napoleon\"}]},{\"@type\":\"WebSite\",\"@id\":\"https:\/\/www.belleflamme.ca\/fr\/#website\",\"url\":\"https:\/\/www.belleflamme.ca\/fr\/\",\"name\":\"Groupe Belleflamme\",\"description\":\"La m\u00e9canique du b\u00e2timent dans le sang.\",\"publisher\":{\"@id\":\"https:\/\/www.belleflamme.ca\/fr\/#organization\"},\"potentialAction\":[{\"@type\":\"SearchAction\",\"target\":{\"@type\":\"EntryPoint\",\"urlTemplate\":\"https:\/\/www.belleflamme.ca\/fr\/?s={search_term_string}\"},\"query-input\":{\"@type\":\"PropertyValueSpecification\",\"valueRequired\":true,\"valueName\":\"search_term_string\"}}],\"inLanguage\":\"fr-FR\"},{\"@type\":[\"Organization\",\"Place\"],\"@id\":\"https:\/\/www.belleflamme.ca\/fr\/#organization\",\"name\":\"Groupe Belleflamme\",\"alternateName\":\"Belleflamme\",\"url\":\"https:\/\/www.belleflamme.ca\/fr\/\",\"logo\":{\"@type\":\"ImageObject\",\"inLanguage\":\"fr-FR\",\"@id\":\"https:\/\/www.belleflamme.ca\/fr\/#\/schema\/logo\/image\/\",\"url\":\"https:\/\/staging.belleflamme.ca\/wp-content\/uploads\/2023\/01\/og-image.jpg\",\"contentUrl\":\"https:\/\/staging.belleflamme.ca\/wp-content\/uploads\/2023\/01\/og-image.jpg\",\"width\":1200,\"height\":630,\"caption\":\"Groupe Belleflamme\"},\"image\":{\"@id\":\"https:\/\/www.belleflamme.ca\/fr\/#\/schema\/logo\/image\/\"},\"sameAs\":[\"https:\/\/www.facebook.com\/belleflamme.ca\/\",\"https:\/\/www.linkedin.com\/company\/belleflamme\/\",\"https:\/\/www.pinterest.ca\/groupebelleflamme\/\",\"https:\/\/www.instagram.com\/legroupebelleflamme\/\"],\"mainEntityOfPage\":{\"@id\":\"https:\/\/staging.belleflamme.ca\/fr\/produit\/gril-au-gaz-encastre-de-32-pouces-de-la-serie-700-de-napoleon\/\"}}]}<\/script>\n<meta property=\"product:brand\" content=\"BBQ Napoleon\" \/>\n<meta property=\"og:availability\" content=\"instock\" \/>\n<meta property=\"product:availability\" content=\"instock\" \/>\n<meta property=\"product:condition\" content=\"new\" \/>\n<!-- \/ Yoast SEO Premium plugin. -->","yoast_head_json":{"title":"Gril au Gaz Encastr\u00e9 de 32 pouces de la S\u00e9rie 700 de Napoleon - Groupe BelleFlamme","description":"Gril au Gaz Encastr\u00e9 de 32 pouces de la S\u00e9rie 700 de Napoleon sold by the Belleflamme Group. Laval, Montreal, Gatineau and Saint-Sauveur.","robots":{"index":"index","follow":"follow","max-snippet":"max-snippet:-1","max-image-preview":"max-image-preview:large","max-video-preview":"max-video-preview:-1"},"canonical":"https:\/\/staging.belleflamme.ca\/fr\/produit\/gril-au-gaz-encastre-de-32-pouces-de-la-serie-700-de-napoleon\/","og_locale":"fr_FR","og_type":"article","og_title":"Gril au Gaz Encastr\u00e9 de 32 pouces de la S\u00e9rie 700 de Napoleon","og_description":"Gril au Gaz Encastr\u00e9 de 32 pouces de la S\u00e9rie 700 de Napoleon sold by the Belleflamme Group. Laval, Montreal, Gatineau and Saint-Sauveur.","og_url":"https:\/\/staging.belleflamme.ca\/fr\/produit\/gril-au-gaz-encastre-de-32-pouces-de-la-serie-700-de-napoleon\/","og_site_name":"Groupe BelleFlamme","article_publisher":"https:\/\/www.facebook.com\/belleflamme.ca\/","article_modified_time":"2024-10-01T18:21:45+00:00","og_image":[{"width":1000,"height":1000,"url":"https:\/\/www.belleflamme.ca\/wp-content\/uploads\/2024\/04\/Gril-au-Gaz-Encastre-de-32-pouces-de-la-Serie-700-de-Napoleon.jpeg","type":"image\/jpeg"}],"twitter_card":"summary_large_image","twitter_misc":{"Disponibilit\u00e9":"En stock"},"schema":{"@context":"https:\/\/schema.org","@graph":[{"@type":["WebPage","ItemPage"],"@id":"https:\/\/staging.belleflamme.ca\/fr\/produit\/gril-au-gaz-encastre-de-32-pouces-de-la-serie-700-de-napoleon\/","url":"https:\/\/staging.belleflamme.ca\/fr\/produit\/gril-au-gaz-encastre-de-32-pouces-de-la-serie-700-de-napoleon\/","name":"Gril au Gaz Encastr\u00e9 de 32 pouces de la S\u00e9rie 700 de Napoleon - Groupe BelleFlamme","isPartOf":{"@id":"https:\/\/www.belleflamme.ca\/fr\/#website"},"primaryImageOfPage":{"@id":"https:\/\/staging.belleflamme.ca\/fr\/produit\/gril-au-gaz-encastre-de-32-pouces-de-la-serie-700-de-napoleon\/#primaryimage"},"image":{"@id":"https:\/\/staging.belleflamme.ca\/fr\/produit\/gril-au-gaz-encastre-de-32-pouces-de-la-serie-700-de-napoleon\/#primaryimage"},"thumbnailUrl":"https:\/\/staging.belleflamme.ca\/wp-content\/uploads\/2024\/04\/Gril-au-Gaz-Encastre-de-32-pouces-de-la-Serie-700-de-Napoleon.jpeg","datePublished":"2024-04-26T17:08:14+00:00","dateModified":"2024-10-01T18:21:45+00:00","description":"Gril au Gaz Encastr\u00e9 de 32 pouces de la S\u00e9rie 700 de Napoleon sold by the Belleflamme Group. Laval, Montreal, Gatineau and Saint-Sauveur.","breadcrumb":{"@id":"https:\/\/staging.belleflamme.ca\/fr\/produit\/gril-au-gaz-encastre-de-32-pouces-de-la-serie-700-de-napoleon\/#breadcrumb"},"inLanguage":"fr-FR","potentialAction":[{"@type":"ReadAction","target":["https:\/\/staging.belleflamme.ca\/fr\/produit\/gril-au-gaz-encastre-de-32-pouces-de-la-serie-700-de-napoleon\/"]}]},{"@type":"ImageObject","inLanguage":"fr-FR","@id":"https:\/\/staging.belleflamme.ca\/fr\/produit\/gril-au-gaz-encastre-de-32-pouces-de-la-serie-700-de-napoleon\/#primaryimage","url":"https:\/\/staging.belleflamme.ca\/wp-content\/uploads\/2024\/04\/Gril-au-Gaz-Encastre-de-32-pouces-de-la-Serie-700-de-Napoleon.jpeg","contentUrl":"https:\/\/staging.belleflamme.ca\/wp-content\/uploads\/2024\/04\/Gril-au-Gaz-Encastre-de-32-pouces-de-la-Serie-700-de-Napoleon.jpeg","width":1000,"height":1000,"caption":"Gril au Gaz Encastr\u00e9 de 32 pouces de la S\u00e9rie 700 de Napoleon"},{"@type":"BreadcrumbList","@id":"https:\/\/staging.belleflamme.ca\/fr\/produit\/gril-au-gaz-encastre-de-32-pouces-de-la-serie-700-de-napoleon\/#breadcrumb","itemListElement":[{"@type":"ListItem","position":1,"name":"Accueil","item":"https:\/\/www.belleflamme.ca\/fr\/"},{"@type":"ListItem","position":2,"name":"Boutique","item":"https:\/\/www.belleflamme.ca\/fr\/boutique\/"},{"@type":"ListItem","position":3,"name":"BBQ &amp; Produits Ext\u00e9rieurs","item":"https:\/\/staging.belleflamme.ca\/fr\/categories\/bbq-produits-exterieurs\/"},{"@type":"ListItem","position":4,"name":"Cuisine Ext\u00e9rieure","item":"https:\/\/staging.belleflamme.ca\/fr\/categories\/bbq-produits-exterieurs\/cuisine-exterieure\/"},{"@type":"ListItem","position":5,"name":"BBQ Ext\u00e9rieurs","item":"https:\/\/staging.belleflamme.ca\/fr\/categories\/bbq-produits-exterieurs\/cuisine-exterieure\/bbq-exterieurs\/"},{"@type":"ListItem","position":6,"name":"Gril au Gaz Encastr\u00e9 de 32 pouces de la S\u00e9rie 700 de Napoleon"}]},{"@type":"WebSite","@id":"https:\/\/www.belleflamme.ca\/fr\/#website","url":"https:\/\/www.belleflamme.ca\/fr\/","name":"Groupe Belleflamme","description":"La m\u00e9canique du b\u00e2timent dans le sang.","publisher":{"@id":"https:\/\/www.belleflamme.ca\/fr\/#organization"},"potentialAction":[{"@type":"SearchAction","target":{"@type":"EntryPoint","urlTemplate":"https:\/\/www.belleflamme.ca\/fr\/?s={search_term_string}"},"query-input":{"@type":"PropertyValueSpecification","valueRequired":true,"valueName":"search_term_string"}}],"inLanguage":"fr-FR"},{"@type":["Organization","Place"],"@id":"https:\/\/www.belleflamme.ca\/fr\/#organization","name":"Groupe Belleflamme","alternateName":"Belleflamme","url":"https:\/\/www.belleflamme.ca\/fr\/","logo":{"@type":"ImageObject","inLanguage":"fr-FR","@id":"https:\/\/www.belleflamme.ca\/fr\/#\/schema\/logo\/image\/","url":"https:\/\/staging.belleflamme.ca\/wp-content\/uploads\/2023\/01\/og-image.jpg","contentUrl":"https:\/\/staging.belleflamme.ca\/wp-content\/uploads\/2023\/01\/og-image.jpg","width":1200,"height":630,"caption":"Groupe Belleflamme"},"image":{"@id":"https:\/\/www.belleflamme.ca\/fr\/#\/schema\/logo\/image\/"},"sameAs":["https:\/\/www.facebook.com\/belleflamme.ca\/","https:\/\/www.linkedin.com\/company\/belleflamme\/","https:\/\/www.pinterest.ca\/groupebelleflamme\/","https:\/\/www.instagram.com\/legroupebelleflamme\/"],"mainEntityOfPage":{"@id":"https:\/\/staging.belleflamme.ca\/fr\/produit\/gril-au-gaz-encastre-de-32-pouces-de-la-serie-700-de-napoleon\/"}}]},"product_brand":"BBQ Napoleon","og_availability":"instock","product_availability":"instock","product_condition":"new"},"_links":{"self":[{"href":"https:\/\/staging.belleflamme.ca\/fr\/wp-json\/wp\/v2\/product\/36156","targetHints":{"allow":["GET"]}}],"collection":[{"href":"https:\/\/staging.belleflamme.ca\/fr\/wp-json\/wp\/v2\/product"}],"about":[{"href":"https:\/\/staging.belleflamme.ca\/fr\/wp-json\/wp\/v2\/types\/product"}],"version-history":[{"count":4,"href":"https:\/\/staging.belleflamme.ca\/fr\/wp-json\/wp\/v2\/product\/36156\/revisions"}],"predecessor-version":[{"id":36166,"href":"https:\/\/staging.belleflamme.ca\/fr\/wp-json\/wp\/v2\/product\/36156\/revisions\/36166"}],"wp:featuredmedia":[{"embeddable":true,"href":"https:\/\/staging.belleflamme.ca\/fr\/wp-json\/wp\/v2\/media\/36159"}],"wp:attachment":[{"href":"https:\/\/staging.belleflamme.ca\/fr\/wp-json\/wp\/v2\/media?parent=36156"}],"wp:term":[{"taxonomy":"product_brand","embeddable":true,"href":"https:\/\/staging.belleflamme.ca\/fr\/wp-json\/wp\/v2\/product_brand?post=36156"},{"taxonomy":"product_cat","embeddable":true,"href":"https:\/\/staging.belleflamme.ca\/fr\/wp-json\/wp\/v2\/product_cat?post=36156"},{"taxonomy":"product_tag","embeddable":true,"href":"https:\/\/staging.belleflamme.ca\/fr\/wp-json\/wp\/v2\/product_tag?post=36156"}],"curies":[{"name":"wp","href":"https:\/\/api.w.org\/{rel}","templated":true}]}}