{"id":36088,"date":"2024-04-25T17:11:08","date_gmt":"2024-04-25T21:11:08","guid":{"rendered":"https:\/\/www.belleflamme.ca\/?post_type=product&#038;p=36088"},"modified":"2024-10-01T14:26:37","modified_gmt":"2024-10-01T18:26:37","slug":"grill-au-charbon-de-bois-14-de-napoleon","status":"publish","type":"product","link":"https:\/\/staging.belleflamme.ca\/fr\/produit\/grill-au-charbon-de-bois-14-de-napoleon\/","title":{"rendered":"Grill au Charbon de Bois 14 de Napoleon"},"content":{"rendered":"\t\t<div data-elementor-type=\"product-post\" data-elementor-id=\"36088\" class=\"elementor elementor-36088\" data-elementor-post-type=\"product\">\n\t\t\t\t\t\t<section class=\"elementor-section elementor-top-section elementor-element elementor-element-2bb86421 elementor-section-boxed elementor-section-height-default elementor-section-height-default\" data-id=\"2bb86421\" data-element_type=\"section\">\n\t\t\t\t\t\t<div class=\"elementor-container elementor-column-gap-default\">\n\t\t\t\t\t<div class=\"elementor-column elementor-col-100 elementor-top-column elementor-element elementor-element-4d8dc3ca\" data-id=\"4d8dc3ca\" data-element_type=\"column\">\n\t\t\t<div class=\"elementor-widget-wrap elementor-element-populated\">\n\t\t\t\t\t\t<div class=\"elementor-element elementor-element-7b1dd890 elementor-widget elementor-widget-text-editor\" data-id=\"7b1dd890\" data-element_type=\"widget\" data-widget_type=\"text-editor.default\">\n\t\t\t\t<div class=\"elementor-widget-container\">\n\t\t\t\t\t\t\t\t\t<p>CIRCULAIRE NK14<\/p><h3 class=\"title hide-item-on-mobile\">DESCRIPTION<\/h3><div class=\"inner-wrapper open\" data-max-height=\"360px\" data-fade=\"true\" data-height=\"408px\"><div class=\"clearfix text-formatted field field--name-body field--type-text-with-summary field--label-hidden field__item\"><p>Ce gril au charbon de bois portatif de 14 po est d\u2019une taille pratique pour les pique-niques. Dot\u00e9 d&#8217;un fini en porcelaine \u00e9maill\u00e9e noire, il r\u00e9fl\u00e9chit la chaleur comme nos plus grands formats de grils au charbon de bois circulaires et est ainsi id\u00e9al pour les fumaisons lentes ou pour saisir les aliments \u00e0 la perfection. Le panier \u00e0 charbon est divis\u00e9 de fa\u00e7on \u00e0 faciliter la cuisson, m\u00eame lorsque vous \u00eates en d\u00e9placement. Les portes d&#8217;alimentation en air sup\u00e9rieures et inf\u00e9rieures permettent de r\u00e9gler facilement la temp\u00e9rature. La poign\u00e9e isolante et les loquets verrouillables qui maintiennent le couvercle bien en place permettent de facilement transporter ce petit gril l\u00e9ger partout o\u00f9 vous allez. Les quatre pattes faciles \u00e0 assembler offrent une bonne stabilit\u00e9, peu importe l\u2019endroit o\u00f9 vous vous installez pour faire griller vos aliments. Les grilles de cuisson plaqu\u00e9es chrome sont faciles \u00e0 nettoyer, et le r\u00e9cipient \u00e0 cendres en acier plaqu\u00e9 est facile \u00e0 retirer. Il suffit de le vider, de verrouiller le couvercle et de repartir \u00e0 l\u2019aventure.<\/p><\/div><\/div><p>\u00a0<\/p><h3 class=\"title hide-item-on-mobile\">CARACT\u00c9RISTIQUES<\/h3><div class=\"inner-wrapper open\" data-max-height=\"360px\" data-fade=\"true\" data-height=\"404.708px\"><div class=\"clearfix text-formatted field field--name-field-summary-features field--type-text field--label-hidden field__items\"><ul><li class=\"field__item\">Surface de cuisson totale de 150 po\u00b2<\/li><li class=\"field__item\">Panier \u00e0 charbon de bois \u00e0 deux sections pour cuisson directe et indirecte<\/li><li class=\"field__item\">Diam\u00e8tre de 14 po<\/li><li class=\"field__item\">Portes d&#8217;alimentation ajustables qui assurent un contr\u00f4le optimal de l\u2019air<\/li><li class=\"field__item\">Plateau d\u2019\u00e9gouttement en acier plaqu\u00e9<\/li><li class=\"field__item\">Loquets de couvercle et poign\u00e9e pour un transport facile et compact<\/li><li class=\"field__item\">Grille de cuisson en acier inoxydable<\/li><li class=\"field__item\">Couvercle et cuve en porcelaine \u00e9maill\u00e9e<\/li><li class=\"field__item\">Poign\u00e9e isolante<\/li><li class=\"field__item\">Conception robuste \u00e0 quatre pattes<\/li><li class=\"field__item\">Facile \u00e0 assembler<\/li><\/ul><\/div><\/div><p>\u00a0<\/p><table class=\"specification-table\"><tbody><tr><th>GARANTIE<\/th><td>Garantie limit\u00e9e de 10\u00a0ans<sup>*<\/sup><\/td><\/tr><tr><th>TYPE DE COMBUSTIBLE<\/th><td>Charbon de bois<\/td><\/tr><tr><th>SURFACE DE CUISSON PRINCIPALE<\/th><td>13.5 in\u2300 (34 cm\u2300) \u00a0|\u00a0 9 hamburgers<\/td><\/tr><tr><th>SURFACE DE CUISSON TOTALE<\/th><td>143 sq.in (910 cm\u00b2)<\/td><\/tr><tr><th>R\u00d4TISSOIRE INCLUSE<\/th><td>Non<\/td><\/tr><tr><th>HAUTEUR<\/th><td>18 in (45,50 cm)<\/td><\/tr><tr><th>LARGEUR<\/th><td>14 in<\/td><\/tr><tr><th>PROFONDEUR<\/th><td>14 in (36 cm)<\/td><\/tr><tr><th>HAUTEUR DE LA BO\u00ceTE<\/th><td>11 in (27,94 cm)<\/td><\/tr><tr><th>LARGEUR DE LA BO\u00ceTE<\/th><td>17,64 in (44,81 cm)<\/td><\/tr><tr><th>PROFONDEUR DE LA BO\u00ceTE<\/th><td>16 in (40,64 cm)<\/td><\/tr><tr><th>POIDS DE LA BO\u00ceTE<\/th><td>11,02 lbs. (5 kg)<\/td><\/tr><\/tbody><\/table><p>\u00a0<\/p><p><img fetchpriority=\"high\" decoding=\"async\" class=\"\" src=\"https:\/\/www.napoleon.com\/sites\/default\/files\/products\/WebGallery-NK14-LEG-3_Dual.jpg\" width=\"450\" height=\"450\" \/><\/p><p>\u00a0<\/p>\t\t\t\t\t\t\t\t<\/div>\n\t\t\t\t<\/div>\n\t\t\t\t\t<\/div>\n\t\t<\/div>\n\t\t\t\t\t<\/div>\n\t\t<\/section>\n\t\t\t\t<section class=\"elementor-section elementor-top-section elementor-element elementor-element-6b70a61 elementor-section-boxed elementor-section-height-default elementor-section-height-default\" data-id=\"6b70a61\" data-element_type=\"section\">\n\t\t\t\t\t\t<div class=\"elementor-container elementor-column-gap-default\">\n\t\t\t\t\t<div class=\"elementor-column elementor-col-100 elementor-top-column elementor-element elementor-element-38f84b8\" data-id=\"38f84b8\" data-element_type=\"column\">\n\t\t\t<div class=\"elementor-widget-wrap elementor-element-populated\">\n\t\t\t\t\t\t<div class=\"elementor-element elementor-element-82cdb3c elementor-tabs-view-horizontal elementor-widget elementor-widget-tabs\" data-id=\"82cdb3c\" data-element_type=\"widget\" data-widget_type=\"tabs.default\">\n\t\t\t\t<div class=\"elementor-widget-container\">\n\t\t\t\t\t\t\t<div class=\"elementor-tabs\">\n\t\t\t<div class=\"elementor-tabs-wrapper\" role=\"tablist\" >\n\t\t\t\t\t\t\t\t\t<div id=\"elementor-tab-title-1371\" class=\"elementor-tab-title elementor-tab-desktop-title\" aria-selected=\"true\" data-tab=\"1\" role=\"tab\" tabindex=\"0\" aria-controls=\"elementor-tab-content-1371\" aria-expanded=\"false\">Fichiers<\/div>\n\t\t\t\t\t\t\t<\/div>\n\t\t\t<div class=\"elementor-tabs-content-wrapper\" role=\"tablist\" aria-orientation=\"vertical\">\n\t\t\t\t\t\t\t\t\t<div class=\"elementor-tab-title elementor-tab-mobile-title\" aria-selected=\"true\" data-tab=\"1\" role=\"tab\" tabindex=\"0\" aria-controls=\"elementor-tab-content-1371\" aria-expanded=\"false\">Fichiers<\/div>\n\t\t\t\t\t<div id=\"elementor-tab-content-1371\" class=\"elementor-tab-content elementor-clearfix\" data-tab=\"1\" role=\"tabpanel\" aria-labelledby=\"elementor-tab-title-1371\" tabindex=\"0\" hidden=\"false\"><i class=\"far fa-file-pdf fa-xl\" style=\"font-size:35px\"><\/i><a href=\"https:\/\/www.belleflamme.ca\/wp-content\/uploads\/2024\/04\/N415-0666W_B-0.pdf\"> Manuel<\/a><\/br><\/div>\n\t\t\t\t\t\t\t<\/div>\n\t\t<\/div>\n\t\t\t\t\t\t<\/div>\n\t\t\t\t<\/div>\n\t\t\t\t\t<\/div>\n\t\t<\/div>\n\t\t\t\t\t<\/div>\n\t\t<\/section>\n\t\t\t\t<\/div>\n\t\t","protected":false},"excerpt":{"rendered":"<p>CIRCULAIRE NK14 DESCRIPTION Ce gril au charbon de bois portatif de 14 po est d\u2019une taille pratique pour les pique-niques. Dot\u00e9 d&#8217;un fini en porcelaine \u00e9maill\u00e9e noire, il r\u00e9fl\u00e9chit la chaleur comme nos plus grands formats de grils au charbon de bois circulaires et est ainsi id\u00e9al pour les fumaisons lentes ou pour saisir les [&hellip;]<\/p>\n","protected":false},"featured_media":36093,"template":"","meta":{"inline_featured_image":false},"product_brand":[1316],"product_cat":[113,115],"product_tag":[],"class_list":{"0":"post-36088","1":"product","2":"type-product","3":"status-publish","4":"has-post-thumbnail","6":"product_brand-bbq-napoleon","7":"product_cat-bbq-produits-exterieurs","8":"product_cat-bbq-grills-et-fumoirs","10":"first","11":"instock","12":"taxable","13":"shipping-taxable","14":"purchasable","15":"product-type-simple"},"yoast_head":"<!-- This site is optimized with the Yoast SEO Premium plugin v24.2 (Yoast SEO v24.2) - https:\/\/yoast.com\/wordpress\/plugins\/seo\/ -->\n<title>Grill au Charbon de Bois 14 de Napoleon - Groupe BelleFlamme<\/title>\n<meta name=\"description\" content=\"Grill au Charbon de Bois 14 de Napoleon vendu par le Groupe Belleflamme. Laval, Montr\u00e9al, Gatineau et Saint-Sauveur.\" \/>\n<meta name=\"robots\" content=\"index, follow, max-snippet:-1, max-image-preview:large, max-video-preview:-1\" \/>\n<link rel=\"canonical\" href=\"https:\/\/staging.belleflamme.ca\/fr\/produit\/grill-au-charbon-de-bois-14-de-napoleon\/\" \/>\n<meta property=\"og:locale\" content=\"fr_FR\" \/>\n<meta property=\"og:type\" content=\"article\" \/>\n<meta property=\"og:title\" content=\"Grill au Charbon de Bois 14 de Napoleon\" \/>\n<meta property=\"og:description\" content=\"Grill au Charbon de Bois 14 de Napoleon vendu par le Groupe Belleflamme. Laval, Montr\u00e9al, Gatineau et Saint-Sauveur.\" \/>\n<meta property=\"og:url\" content=\"https:\/\/staging.belleflamme.ca\/fr\/produit\/grill-au-charbon-de-bois-14-de-napoleon\/\" \/>\n<meta property=\"og:site_name\" content=\"Groupe BelleFlamme\" \/>\n<meta property=\"article:publisher\" content=\"https:\/\/www.facebook.com\/belleflamme.ca\/\" \/>\n<meta property=\"article:modified_time\" content=\"2024-10-01T18:26:37+00:00\" \/>\n<meta property=\"og:image\" content=\"https:\/\/www.belleflamme.ca\/wp-content\/uploads\/2024\/04\/Grill-au-Charbon-de-Bois-14-de-Napoleon.png\" \/>\n\t<meta property=\"og:image:width\" content=\"684\" \/>\n\t<meta property=\"og:image:height\" content=\"698\" \/>\n\t<meta property=\"og:image:type\" content=\"image\/png\" \/>\n<meta name=\"twitter:card\" content=\"summary_large_image\" \/>\n<meta name=\"twitter:label1\" content=\"Prix\" \/>\n\t<meta name=\"twitter:data1\" content=\"&#036;69.00\" \/>\n\t<meta name=\"twitter:label2\" content=\"Disponibilit\u00e9\" \/>\n\t<meta name=\"twitter:data2\" content=\"En stock\" \/>\n<script type=\"application\/ld+json\" class=\"yoast-schema-graph\">{\"@context\":\"https:\/\/schema.org\",\"@graph\":[{\"@type\":[\"WebPage\",\"ItemPage\"],\"@id\":\"https:\/\/staging.belleflamme.ca\/fr\/produit\/grill-au-charbon-de-bois-14-de-napoleon\/\",\"url\":\"https:\/\/staging.belleflamme.ca\/fr\/produit\/grill-au-charbon-de-bois-14-de-napoleon\/\",\"name\":\"Grill au Charbon de Bois 14 de Napoleon - Groupe BelleFlamme\",\"isPartOf\":{\"@id\":\"https:\/\/www.belleflamme.ca\/fr\/#website\"},\"primaryImageOfPage\":{\"@id\":\"https:\/\/staging.belleflamme.ca\/fr\/produit\/grill-au-charbon-de-bois-14-de-napoleon\/#primaryimage\"},\"image\":{\"@id\":\"https:\/\/staging.belleflamme.ca\/fr\/produit\/grill-au-charbon-de-bois-14-de-napoleon\/#primaryimage\"},\"thumbnailUrl\":\"https:\/\/staging.belleflamme.ca\/wp-content\/uploads\/2024\/04\/Grill-au-Charbon-de-Bois-14-de-Napoleon.png\",\"datePublished\":\"2024-04-25T21:11:08+00:00\",\"dateModified\":\"2024-10-01T18:26:37+00:00\",\"description\":\"Grill au Charbon de Bois 14 de Napoleon vendu par le Groupe Belleflamme. Laval, Montr\u00e9al, Gatineau et Saint-Sauveur.\",\"breadcrumb\":{\"@id\":\"https:\/\/staging.belleflamme.ca\/fr\/produit\/grill-au-charbon-de-bois-14-de-napoleon\/#breadcrumb\"},\"inLanguage\":\"fr-FR\",\"potentialAction\":[{\"@type\":\"ReadAction\",\"target\":[\"https:\/\/staging.belleflamme.ca\/fr\/produit\/grill-au-charbon-de-bois-14-de-napoleon\/\"]}]},{\"@type\":\"ImageObject\",\"inLanguage\":\"fr-FR\",\"@id\":\"https:\/\/staging.belleflamme.ca\/fr\/produit\/grill-au-charbon-de-bois-14-de-napoleon\/#primaryimage\",\"url\":\"https:\/\/staging.belleflamme.ca\/wp-content\/uploads\/2024\/04\/Grill-au-Charbon-de-Bois-14-de-Napoleon.png\",\"contentUrl\":\"https:\/\/staging.belleflamme.ca\/wp-content\/uploads\/2024\/04\/Grill-au-Charbon-de-Bois-14-de-Napoleon.png\",\"width\":684,\"height\":698,\"caption\":\"Grill au Charbon de Bois 14 de Napoleon\"},{\"@type\":\"BreadcrumbList\",\"@id\":\"https:\/\/staging.belleflamme.ca\/fr\/produit\/grill-au-charbon-de-bois-14-de-napoleon\/#breadcrumb\",\"itemListElement\":[{\"@type\":\"ListItem\",\"position\":1,\"name\":\"Accueil\",\"item\":\"https:\/\/www.belleflamme.ca\/fr\/\"},{\"@type\":\"ListItem\",\"position\":2,\"name\":\"Boutique\",\"item\":\"https:\/\/www.belleflamme.ca\/fr\/boutique\/\"},{\"@type\":\"ListItem\",\"position\":3,\"name\":\"BBQ &amp; Produits Ext\u00e9rieurs\",\"item\":\"https:\/\/staging.belleflamme.ca\/fr\/categories\/bbq-produits-exterieurs\/\"},{\"@type\":\"ListItem\",\"position\":4,\"name\":\"BBQ Grills et Fumoirs\",\"item\":\"https:\/\/staging.belleflamme.ca\/fr\/categories\/bbq-produits-exterieurs\/bbq-grills-et-fumoirs\/\"},{\"@type\":\"ListItem\",\"position\":5,\"name\":\"Grill au Charbon de Bois 14 de Napoleon\"}]},{\"@type\":\"WebSite\",\"@id\":\"https:\/\/www.belleflamme.ca\/fr\/#website\",\"url\":\"https:\/\/www.belleflamme.ca\/fr\/\",\"name\":\"Groupe Belleflamme\",\"description\":\"La m\u00e9canique du b\u00e2timent dans le sang.\",\"publisher\":{\"@id\":\"https:\/\/www.belleflamme.ca\/fr\/#organization\"},\"potentialAction\":[{\"@type\":\"SearchAction\",\"target\":{\"@type\":\"EntryPoint\",\"urlTemplate\":\"https:\/\/www.belleflamme.ca\/fr\/?s={search_term_string}\"},\"query-input\":{\"@type\":\"PropertyValueSpecification\",\"valueRequired\":true,\"valueName\":\"search_term_string\"}}],\"inLanguage\":\"fr-FR\"},{\"@type\":[\"Organization\",\"Place\"],\"@id\":\"https:\/\/www.belleflamme.ca\/fr\/#organization\",\"name\":\"Groupe Belleflamme\",\"alternateName\":\"Belleflamme\",\"url\":\"https:\/\/www.belleflamme.ca\/fr\/\",\"logo\":{\"@type\":\"ImageObject\",\"inLanguage\":\"fr-FR\",\"@id\":\"https:\/\/www.belleflamme.ca\/fr\/#\/schema\/logo\/image\/\",\"url\":\"https:\/\/staging.belleflamme.ca\/wp-content\/uploads\/2023\/01\/og-image.jpg\",\"contentUrl\":\"https:\/\/staging.belleflamme.ca\/wp-content\/uploads\/2023\/01\/og-image.jpg\",\"width\":1200,\"height\":630,\"caption\":\"Groupe Belleflamme\"},\"image\":{\"@id\":\"https:\/\/www.belleflamme.ca\/fr\/#\/schema\/logo\/image\/\"},\"sameAs\":[\"https:\/\/www.facebook.com\/belleflamme.ca\/\",\"https:\/\/www.linkedin.com\/company\/belleflamme\/\",\"https:\/\/www.pinterest.ca\/groupebelleflamme\/\",\"https:\/\/www.instagram.com\/legroupebelleflamme\/\"],\"mainEntityOfPage\":{\"@id\":\"https:\/\/staging.belleflamme.ca\/fr\/produit\/grill-au-charbon-de-bois-14-de-napoleon\/\"}}]}<\/script>\n<meta property=\"product:brand\" content=\"BBQ Napoleon\" \/>\n<meta property=\"product:price:amount\" content=\"69.00\" \/>\n<meta property=\"product:price:currency\" content=\"CAD\" \/>\n<meta property=\"og:availability\" content=\"instock\" \/>\n<meta property=\"product:availability\" content=\"instock\" \/>\n<meta property=\"product:retailer_item_id\" content=\"NK14K-LEG-3\" \/>\n<meta property=\"product:condition\" content=\"new\" \/>\n<!-- \/ Yoast SEO Premium plugin. -->","yoast_head_json":{"title":"Grill au Charbon de Bois 14 de Napoleon - Groupe BelleFlamme","description":"Grill au Charbon de Bois 14 de Napoleon vendu par le Groupe Belleflamme. Laval, Montr\u00e9al, Gatineau et Saint-Sauveur.","robots":{"index":"index","follow":"follow","max-snippet":"max-snippet:-1","max-image-preview":"max-image-preview:large","max-video-preview":"max-video-preview:-1"},"canonical":"https:\/\/staging.belleflamme.ca\/fr\/produit\/grill-au-charbon-de-bois-14-de-napoleon\/","og_locale":"fr_FR","og_type":"article","og_title":"Grill au Charbon de Bois 14 de Napoleon","og_description":"Grill au Charbon de Bois 14 de Napoleon vendu par le Groupe Belleflamme. Laval, Montr\u00e9al, Gatineau et Saint-Sauveur.","og_url":"https:\/\/staging.belleflamme.ca\/fr\/produit\/grill-au-charbon-de-bois-14-de-napoleon\/","og_site_name":"Groupe BelleFlamme","article_publisher":"https:\/\/www.facebook.com\/belleflamme.ca\/","article_modified_time":"2024-10-01T18:26:37+00:00","og_image":[{"width":684,"height":698,"url":"https:\/\/www.belleflamme.ca\/wp-content\/uploads\/2024\/04\/Grill-au-Charbon-de-Bois-14-de-Napoleon.png","type":"image\/png"}],"twitter_card":"summary_large_image","twitter_misc":{"Prix":"&#36;69.00","Disponibilit\u00e9":"En stock"},"schema":{"@context":"https:\/\/schema.org","@graph":[{"@type":["WebPage","ItemPage"],"@id":"https:\/\/staging.belleflamme.ca\/fr\/produit\/grill-au-charbon-de-bois-14-de-napoleon\/","url":"https:\/\/staging.belleflamme.ca\/fr\/produit\/grill-au-charbon-de-bois-14-de-napoleon\/","name":"Grill au Charbon de Bois 14 de Napoleon - Groupe BelleFlamme","isPartOf":{"@id":"https:\/\/www.belleflamme.ca\/fr\/#website"},"primaryImageOfPage":{"@id":"https:\/\/staging.belleflamme.ca\/fr\/produit\/grill-au-charbon-de-bois-14-de-napoleon\/#primaryimage"},"image":{"@id":"https:\/\/staging.belleflamme.ca\/fr\/produit\/grill-au-charbon-de-bois-14-de-napoleon\/#primaryimage"},"thumbnailUrl":"https:\/\/staging.belleflamme.ca\/wp-content\/uploads\/2024\/04\/Grill-au-Charbon-de-Bois-14-de-Napoleon.png","datePublished":"2024-04-25T21:11:08+00:00","dateModified":"2024-10-01T18:26:37+00:00","description":"Grill au Charbon de Bois 14 de Napoleon vendu par le Groupe Belleflamme. Laval, Montr\u00e9al, Gatineau et Saint-Sauveur.","breadcrumb":{"@id":"https:\/\/staging.belleflamme.ca\/fr\/produit\/grill-au-charbon-de-bois-14-de-napoleon\/#breadcrumb"},"inLanguage":"fr-FR","potentialAction":[{"@type":"ReadAction","target":["https:\/\/staging.belleflamme.ca\/fr\/produit\/grill-au-charbon-de-bois-14-de-napoleon\/"]}]},{"@type":"ImageObject","inLanguage":"fr-FR","@id":"https:\/\/staging.belleflamme.ca\/fr\/produit\/grill-au-charbon-de-bois-14-de-napoleon\/#primaryimage","url":"https:\/\/staging.belleflamme.ca\/wp-content\/uploads\/2024\/04\/Grill-au-Charbon-de-Bois-14-de-Napoleon.png","contentUrl":"https:\/\/staging.belleflamme.ca\/wp-content\/uploads\/2024\/04\/Grill-au-Charbon-de-Bois-14-de-Napoleon.png","width":684,"height":698,"caption":"Grill au Charbon de Bois 14 de Napoleon"},{"@type":"BreadcrumbList","@id":"https:\/\/staging.belleflamme.ca\/fr\/produit\/grill-au-charbon-de-bois-14-de-napoleon\/#breadcrumb","itemListElement":[{"@type":"ListItem","position":1,"name":"Accueil","item":"https:\/\/www.belleflamme.ca\/fr\/"},{"@type":"ListItem","position":2,"name":"Boutique","item":"https:\/\/www.belleflamme.ca\/fr\/boutique\/"},{"@type":"ListItem","position":3,"name":"BBQ &amp; Produits Ext\u00e9rieurs","item":"https:\/\/staging.belleflamme.ca\/fr\/categories\/bbq-produits-exterieurs\/"},{"@type":"ListItem","position":4,"name":"BBQ Grills et Fumoirs","item":"https:\/\/staging.belleflamme.ca\/fr\/categories\/bbq-produits-exterieurs\/bbq-grills-et-fumoirs\/"},{"@type":"ListItem","position":5,"name":"Grill au Charbon de Bois 14 de Napoleon"}]},{"@type":"WebSite","@id":"https:\/\/www.belleflamme.ca\/fr\/#website","url":"https:\/\/www.belleflamme.ca\/fr\/","name":"Groupe Belleflamme","description":"La m\u00e9canique du b\u00e2timent dans le sang.","publisher":{"@id":"https:\/\/www.belleflamme.ca\/fr\/#organization"},"potentialAction":[{"@type":"SearchAction","target":{"@type":"EntryPoint","urlTemplate":"https:\/\/www.belleflamme.ca\/fr\/?s={search_term_string}"},"query-input":{"@type":"PropertyValueSpecification","valueRequired":true,"valueName":"search_term_string"}}],"inLanguage":"fr-FR"},{"@type":["Organization","Place"],"@id":"https:\/\/www.belleflamme.ca\/fr\/#organization","name":"Groupe Belleflamme","alternateName":"Belleflamme","url":"https:\/\/www.belleflamme.ca\/fr\/","logo":{"@type":"ImageObject","inLanguage":"fr-FR","@id":"https:\/\/www.belleflamme.ca\/fr\/#\/schema\/logo\/image\/","url":"https:\/\/staging.belleflamme.ca\/wp-content\/uploads\/2023\/01\/og-image.jpg","contentUrl":"https:\/\/staging.belleflamme.ca\/wp-content\/uploads\/2023\/01\/og-image.jpg","width":1200,"height":630,"caption":"Groupe Belleflamme"},"image":{"@id":"https:\/\/www.belleflamme.ca\/fr\/#\/schema\/logo\/image\/"},"sameAs":["https:\/\/www.facebook.com\/belleflamme.ca\/","https:\/\/www.linkedin.com\/company\/belleflamme\/","https:\/\/www.pinterest.ca\/groupebelleflamme\/","https:\/\/www.instagram.com\/legroupebelleflamme\/"],"mainEntityOfPage":{"@id":"https:\/\/staging.belleflamme.ca\/fr\/produit\/grill-au-charbon-de-bois-14-de-napoleon\/"}}]},"product_brand":"BBQ Napoleon","product_price_amount":"69.00","product_price_currency":"CAD","og_availability":"instock","product_availability":"instock","product_retailer_item_id":"NK14K-LEG-3","product_condition":"new"},"_links":{"self":[{"href":"https:\/\/staging.belleflamme.ca\/fr\/wp-json\/wp\/v2\/product\/36088","targetHints":{"allow":["GET"]}}],"collection":[{"href":"https:\/\/staging.belleflamme.ca\/fr\/wp-json\/wp\/v2\/product"}],"about":[{"href":"https:\/\/staging.belleflamme.ca\/fr\/wp-json\/wp\/v2\/types\/product"}],"version-history":[{"count":6,"href":"https:\/\/staging.belleflamme.ca\/fr\/wp-json\/wp\/v2\/product\/36088\/revisions"}],"predecessor-version":[{"id":43385,"href":"https:\/\/staging.belleflamme.ca\/fr\/wp-json\/wp\/v2\/product\/36088\/revisions\/43385"}],"wp:featuredmedia":[{"embeddable":true,"href":"https:\/\/staging.belleflamme.ca\/fr\/wp-json\/wp\/v2\/media\/36093"}],"wp:attachment":[{"href":"https:\/\/staging.belleflamme.ca\/fr\/wp-json\/wp\/v2\/media?parent=36088"}],"wp:term":[{"taxonomy":"product_brand","embeddable":true,"href":"https:\/\/staging.belleflamme.ca\/fr\/wp-json\/wp\/v2\/product_brand?post=36088"},{"taxonomy":"product_cat","embeddable":true,"href":"https:\/\/staging.belleflamme.ca\/fr\/wp-json\/wp\/v2\/product_cat?post=36088"},{"taxonomy":"product_tag","embeddable":true,"href":"https:\/\/staging.belleflamme.ca\/fr\/wp-json\/wp\/v2\/product_tag?post=36088"}],"curies":[{"name":"wp","href":"https:\/\/api.w.org\/{rel}","templated":true}]}}