{"id":36075,"date":"2024-04-25T17:03:44","date_gmt":"2024-04-25T21:03:44","guid":{"rendered":"https:\/\/www.belleflamme.ca\/?post_type=product&#038;p=36075"},"modified":"2024-10-01T14:28:03","modified_gmt":"2024-10-01T18:28:03","slug":"grill-au-charbon-de-bois-18-de-napoleon-2","status":"publish","type":"product","link":"https:\/\/staging.belleflamme.ca\/fr\/produit\/grill-au-charbon-de-bois-18-de-napoleon-2\/","title":{"rendered":"Grill au Charbon de bois 18 de Napoleon"},"content":{"rendered":"\t\t<div data-elementor-type=\"product-post\" data-elementor-id=\"36075\" class=\"elementor elementor-36075\" data-elementor-post-type=\"product\">\n\t\t\t\t\t\t<section class=\"elementor-section elementor-top-section elementor-element elementor-element-649d3fa7 elementor-section-boxed elementor-section-height-default elementor-section-height-default\" data-id=\"649d3fa7\" data-element_type=\"section\">\n\t\t\t\t\t\t<div class=\"elementor-container elementor-column-gap-default\">\n\t\t\t\t\t<div class=\"elementor-column elementor-col-100 elementor-top-column elementor-element elementor-element-52e3231e\" data-id=\"52e3231e\" data-element_type=\"column\">\n\t\t\t<div class=\"elementor-widget-wrap elementor-element-populated\">\n\t\t\t\t\t\t<div class=\"elementor-element elementor-element-4f266a66 elementor-widget elementor-widget-text-editor\" data-id=\"4f266a66\" data-element_type=\"widget\" data-widget_type=\"text-editor.default\">\n\t\t\t\t<div class=\"elementor-widget-container\">\n\t\t\t\t\t\t\t\t\t<p>CIRCULAIRE NK18<\/p>\n<h3 class=\"title hide-item-on-mobile\">DESCRIPTION<\/h3>\n<div class=\"inner-wrapper open\" data-max-height=\"360px\" data-fade=\"true\" data-height=\"498px\">\n<div class=\"clearfix text-formatted field field--name-body field--type-text-with-summary field--label-hidden field__item\">\n<p>Le gril au charbon de bois circulaire NK18K-LEG de Napoleon est un gril compact et mobile de 18 pouces qui est id\u00e9al pour tout amateur de charbon de bois. Grillez et r\u00f4tissez vos aliments lentement et facilement, ou fumez-les en ajoutant vos copeaux et morceaux de bois pr\u00e9f\u00e9r\u00e9s. Lorsque vous cuisinez au charbon de bois, contr\u00f4ler la chaleur au moyen de l&#8217;apport d&#8217;air est essentiel. Les portes d&#8217;alimentation r\u00e9glables permettent d&#8217;ajuster facilement l&#8217;apport d&#8217;air pour un contr\u00f4le pr\u00e9cis de la temp\u00e9rature, sans oublier les portes d&#8217;alimentation sup\u00e9rieures qui sont prot\u00e9g\u00e9es des \u00e9l\u00e9ments. Le syst\u00e8me de gestion de chaleur Vortex am\u00e9liore l&#8217;effet de convection \u00e0 l&#8217;int\u00e9rieur du gril pour mieux saisir et fumer, tout en consommant moins de combustible. Les grilles de cuisson en acier inoxydable chauffent rapidement et n\u00e9cessitent peu d&#8217;entretien. Dot\u00e9es de rabats, elles permettent de facilement ajouter du charbon de bois au gril, de l\u2019eau aux bassins ainsi que des copeaux et des morceaux de bois pour la fumaison des aliments. La jauge de temp\u00e9rature int\u00e9gr\u00e9e vous aide \u00e0 maintenir la temp\u00e9rature parfaite tandis que les connecteurs rigides am\u00e9lior\u00e9s offrent une tr\u00e8s grande stabilit\u00e9 et une hauteur de cuisson optimale.<\/p>\n<\/div>\n<\/div>\n<p>&nbsp;<\/p>\n<h3 class=\"title hide-item-on-mobile\">CARACT\u00c9RISTIQUES<\/h3>\n<div class=\"inner-wrapper open\" data-max-height=\"360px\" data-fade=\"true\" data-height=\"486.333px\">\n<div class=\"clearfix text-formatted field field--name-field-summary-features field--type-text field--label-hidden field__items\">\n<ul>\n<li class=\"field__item\">Le gril au charbon de bois de 18 pouces (45,7 cm) de diam\u00e8tre vous permet de fumer \u00e0 feu doux, de r\u00f4tir et de saisir les aliments avec facilit\u00e9<\/li>\n<li class=\"field__item\">Les grilles de cuisson en acier inoxydable chauffent rapidement et n\u00e9cessitent peu d&#8217;entretien. Dot\u00e9es de rabats, elles permettent de facilement ajouter du charbon de bois au gril, de l\u2019eau aux bassins ainsi que des copeaux et des morceaux de bois pour la fumaison des aliments<\/li>\n<li class=\"field__item\">Le syst\u00e8me de gestion de chaleur Vortex conique am\u00e9liore l&#8217;effet de convection \u00e0 l&#8217;int\u00e9rieur du gril pour mieux saisir et fumer, tout en consommant moins de combustible et en dirigeant plus efficacement les cendres et les braises dans le r\u00e9cipient \u00e0 cendres<\/li>\n<li class=\"field__item\">Les portes d&#8217;\u00e9vacuation d&#8217;air en acier inoxydable sont dissimul\u00e9es sous la poign\u00e9e isolante. Elles prot\u00e8gent vos aliments des rafales et de la pluie tout en assurant un contr\u00f4le pr\u00e9cis de la temp\u00e9rature<\/li>\n<li class=\"field__item\">Les portes d&#8217;alimentation en air \u00e0 contr\u00f4le pr\u00e9cis dans le fond du gril sont isol\u00e9es du r\u00e9cipient \u00e0 cendres, assurant une meilleure utilisation de l&#8217;apport d&#8217;air inf\u00e9rieure et un meilleur contr\u00f4le de la chaleur<\/li>\n<li class=\"field__item\">La jauge de temp\u00e9rature int\u00e9gr\u00e9e vous aide \u00e0 maintenir une temp\u00e9rature parfaite et indique \u00e9galement les plages de cuisson \u00e0 feu vif et de fumaison id\u00e9ales pour votre repas<\/li>\n<li class=\"field__item\">Cuisinez \u00e0 une hauteur confortable, gr\u00e2ce aux connecteurs rigides am\u00e9lior\u00e9s qui offrent une tr\u00e8s grande stabilit\u00e9 et une surface de cuisson sur\u00e9lev\u00e9e, vous \u00e9vitant ainsi de vous pencher pour pr\u00e9parer vos grillades<\/li>\n<li class=\"field__item\">Les crochets int\u00e9gr\u00e9s \u00e0 la poign\u00e9e de ce gril permettent d&#8217;avoir vos ustensiles pr\u00e9f\u00e9r\u00e9s \u00e0 port\u00e9e de main pendant que vous cuisinez<\/li>\n<\/ul>\n<\/div>\n<\/div>\n<p>&nbsp;<\/p>\n<table class=\"specification-table\">\n<tbody>\n<tr>\n<th>GARANTIE<\/th>\n<td>Garantie limit\u00e9e de 10&nbsp;ans<sup>*<\/sup><\/td>\n<\/tr>\n<tr>\n<th>TYPE DE COMBUSTIBLE<\/th>\n<td>Charbon de bois<\/td>\n<\/tr>\n<tr>\n<th>SURFACE DE CUISSON PRINCIPALE<\/th>\n<td>17.5 in\u2300 (44 cm\u2300) &nbsp;|&nbsp; 18 hamburgers<\/td>\n<\/tr>\n<tr>\n<th>SURFACE DE CUISSON TOTALE<\/th>\n<td>240 sq.in (1 520 cm\u00b2)<\/td>\n<\/tr>\n<tr>\n<th>R\u00d4TISSOIRE INCLUSE<\/th>\n<td>Non<\/td>\n<\/tr>\n<tr>\n<th>HAUTEUR<\/th>\n<td>38,50 in (97 cm)<\/td>\n<\/tr>\n<tr>\n<th>LARGEUR<\/th>\n<td>21 in (53 cm)<\/td>\n<\/tr>\n<tr>\n<th>PROFONDEUR<\/th>\n<td>24,50 in (62 cm)<\/td>\n<\/tr>\n<tr>\n<th>HAUTEUR DE LA BO\u00ceTE<\/th>\n<td>13 in (33,02 cm)<\/td>\n<\/tr>\n<tr>\n<th>LARGEUR DE LA BO\u00ceTE<\/th>\n<td>22,50 in (57,15 cm)<\/td>\n<\/tr>\n<tr>\n<th>PROFONDEUR DE LA BO\u00ceTE<\/th>\n<td>21,25 in (53,98 cm)<\/td>\n<\/tr>\n<tr>\n<th>POIDS DE LA BO\u00ceTE<\/th>\n<td>36 lbs. (16,33 kg)<\/td>\n<\/tr>\n<\/tbody>\n<\/table>\n<p>&nbsp;<\/p>\n<p><img fetchpriority=\"high\" decoding=\"async\" class=\"\" src=\"https:\/\/www.napoleon.com\/sites\/default\/files\/products\/WebGallery-NK18K-LEG-3_Dual.jpg\" width=\"462\" height=\"462\"><\/p>\t\t\t\t\t\t\t\t<\/div>\n\t\t\t\t<\/div>\n\t\t\t\t\t<\/div>\n\t\t<\/div>\n\t\t\t\t\t<\/div>\n\t\t<\/section>\n\t\t\t\t<section class=\"elementor-section elementor-top-section elementor-element elementor-element-3554f5f elementor-section-boxed elementor-section-height-default elementor-section-height-default\" data-id=\"3554f5f\" data-element_type=\"section\">\n\t\t\t\t\t\t<div class=\"elementor-container elementor-column-gap-default\">\n\t\t\t\t\t<div class=\"elementor-column elementor-col-100 elementor-top-column elementor-element elementor-element-56f7568\" data-id=\"56f7568\" data-element_type=\"column\">\n\t\t\t<div class=\"elementor-widget-wrap elementor-element-populated\">\n\t\t\t\t\t\t<div class=\"elementor-element elementor-element-3d636e8 elementor-tabs-view-horizontal elementor-widget elementor-widget-tabs\" data-id=\"3d636e8\" data-element_type=\"widget\" data-widget_type=\"tabs.default\">\n\t\t\t\t<div class=\"elementor-widget-container\">\n\t\t\t\t\t\t\t<div class=\"elementor-tabs\">\n\t\t\t<div class=\"elementor-tabs-wrapper\" role=\"tablist\" >\n\t\t\t\t\t\t\t\t\t<div id=\"elementor-tab-title-6431\" class=\"elementor-tab-title elementor-tab-desktop-title\" aria-selected=\"true\" data-tab=\"1\" role=\"tab\" tabindex=\"0\" aria-controls=\"elementor-tab-content-6431\" aria-expanded=\"false\">Fichiers<\/div>\n\t\t\t\t\t\t\t<\/div>\n\t\t\t<div class=\"elementor-tabs-content-wrapper\" role=\"tablist\" aria-orientation=\"vertical\">\n\t\t\t\t\t\t\t\t\t<div class=\"elementor-tab-title elementor-tab-mobile-title\" aria-selected=\"true\" data-tab=\"1\" role=\"tab\" tabindex=\"0\" aria-controls=\"elementor-tab-content-6431\" aria-expanded=\"false\">Fichiers<\/div>\n\t\t\t\t\t<div id=\"elementor-tab-content-6431\" class=\"elementor-tab-content elementor-clearfix\" data-tab=\"1\" role=\"tabpanel\" aria-labelledby=\"elementor-tab-title-6431\" tabindex=\"0\" hidden=\"false\"><i class=\"far fa-file-pdf fa-xl\" style=\"font-size:35px\"><\/i><a href=\"https:\/\/www.belleflamme.ca\/wp-content\/uploads\/2024\/04\/N415-0781_B-0.pdf\"> Guide de montage<\/a><\/br><\/div>\n\t\t\t\t\t\t\t<\/div>\n\t\t<\/div>\n\t\t\t\t\t\t<\/div>\n\t\t\t\t<\/div>\n\t\t\t\t\t<\/div>\n\t\t<\/div>\n\t\t\t\t\t<\/div>\n\t\t<\/section>\n\t\t\t\t<\/div>\n\t\t","protected":false},"excerpt":{"rendered":"<p>CIRCULAIRE NK18 DESCRIPTION Le gril au charbon de bois circulaire NK18K-LEG de Napoleon est un gril compact et mobile de 18 pouces qui est id\u00e9al pour tout amateur de charbon de bois. Grillez et r\u00f4tissez vos aliments lentement et facilement, ou fumez-les en ajoutant vos copeaux et morceaux de bois pr\u00e9f\u00e9r\u00e9s. Lorsque vous cuisinez au [&hellip;]<\/p>\n","protected":false},"featured_media":36076,"template":"","meta":{"inline_featured_image":false},"product_brand":[1316],"product_cat":[113,115],"product_tag":[],"class_list":{"0":"post-36075","1":"product","2":"type-product","3":"status-publish","4":"has-post-thumbnail","6":"product_brand-bbq-napoleon","7":"product_cat-bbq-produits-exterieurs","8":"product_cat-bbq-grills-et-fumoirs","10":"first","11":"instock","12":"taxable","13":"shipping-taxable","14":"purchasable","15":"product-type-simple"},"yoast_head":"<!-- This site is optimized with the Yoast SEO Premium plugin v24.2 (Yoast SEO v24.2) - https:\/\/yoast.com\/wordpress\/plugins\/seo\/ -->\n<title>Grill au Charbon de bois 18 de Napoleon - Groupe BelleFlamme<\/title>\n<meta name=\"description\" content=\"Grill au Charbon de bois 18 de Napoleon vendu par le Groupe Belleflamme. Laval, Montr\u00e9al, Gatineau et Saint-Sauveur.\" \/>\n<meta name=\"robots\" content=\"index, follow, max-snippet:-1, max-image-preview:large, max-video-preview:-1\" \/>\n<link rel=\"canonical\" href=\"https:\/\/staging.belleflamme.ca\/fr\/produit\/grill-au-charbon-de-bois-18-de-napoleon-2\/\" \/>\n<meta property=\"og:locale\" content=\"fr_FR\" \/>\n<meta property=\"og:type\" content=\"article\" \/>\n<meta property=\"og:title\" content=\"Grill au Charbon de bois 18 de Napoleon\" \/>\n<meta property=\"og:description\" content=\"Grill au Charbon de bois 18 de Napoleon vendu par le Groupe Belleflamme. Laval, Montr\u00e9al, Gatineau et Saint-Sauveur.\" \/>\n<meta property=\"og:url\" content=\"https:\/\/staging.belleflamme.ca\/fr\/produit\/grill-au-charbon-de-bois-18-de-napoleon-2\/\" \/>\n<meta property=\"og:site_name\" content=\"Groupe BelleFlamme\" \/>\n<meta property=\"article:publisher\" content=\"https:\/\/www.facebook.com\/belleflamme.ca\/\" \/>\n<meta property=\"article:modified_time\" content=\"2024-10-01T18:28:03+00:00\" \/>\n<meta property=\"og:image\" content=\"https:\/\/www.belleflamme.ca\/wp-content\/uploads\/2024\/04\/Grill-au-Charbon-de-bois-18-de-Napoleon-1.jpg\" \/>\n\t<meta property=\"og:image:width\" content=\"698\" \/>\n\t<meta property=\"og:image:height\" content=\"698\" \/>\n\t<meta property=\"og:image:type\" content=\"image\/jpeg\" \/>\n<meta name=\"twitter:card\" content=\"summary_large_image\" \/>\n<meta name=\"twitter:label1\" content=\"Prix\" \/>\n\t<meta name=\"twitter:data1\" content=\"&#036;199.00\" \/>\n\t<meta name=\"twitter:label2\" content=\"Disponibilit\u00e9\" \/>\n\t<meta name=\"twitter:data2\" content=\"En stock\" \/>\n<script type=\"application\/ld+json\" class=\"yoast-schema-graph\">{\"@context\":\"https:\/\/schema.org\",\"@graph\":[{\"@type\":[\"WebPage\",\"ItemPage\"],\"@id\":\"https:\/\/staging.belleflamme.ca\/fr\/produit\/grill-au-charbon-de-bois-18-de-napoleon-2\/\",\"url\":\"https:\/\/staging.belleflamme.ca\/fr\/produit\/grill-au-charbon-de-bois-18-de-napoleon-2\/\",\"name\":\"Grill au Charbon de bois 18 de Napoleon - Groupe BelleFlamme\",\"isPartOf\":{\"@id\":\"https:\/\/www.belleflamme.ca\/fr\/#website\"},\"primaryImageOfPage\":{\"@id\":\"https:\/\/staging.belleflamme.ca\/fr\/produit\/grill-au-charbon-de-bois-18-de-napoleon-2\/#primaryimage\"},\"image\":{\"@id\":\"https:\/\/staging.belleflamme.ca\/fr\/produit\/grill-au-charbon-de-bois-18-de-napoleon-2\/#primaryimage\"},\"thumbnailUrl\":\"https:\/\/staging.belleflamme.ca\/wp-content\/uploads\/2024\/04\/Grill-au-Charbon-de-bois-18-de-Napoleon-1.jpg\",\"datePublished\":\"2024-04-25T21:03:44+00:00\",\"dateModified\":\"2024-10-01T18:28:03+00:00\",\"description\":\"Grill au Charbon de bois 18 de Napoleon vendu par le Groupe Belleflamme. Laval, Montr\u00e9al, Gatineau et Saint-Sauveur.\",\"breadcrumb\":{\"@id\":\"https:\/\/staging.belleflamme.ca\/fr\/produit\/grill-au-charbon-de-bois-18-de-napoleon-2\/#breadcrumb\"},\"inLanguage\":\"fr-FR\",\"potentialAction\":[{\"@type\":\"ReadAction\",\"target\":[\"https:\/\/staging.belleflamme.ca\/fr\/produit\/grill-au-charbon-de-bois-18-de-napoleon-2\/\"]}]},{\"@type\":\"ImageObject\",\"inLanguage\":\"fr-FR\",\"@id\":\"https:\/\/staging.belleflamme.ca\/fr\/produit\/grill-au-charbon-de-bois-18-de-napoleon-2\/#primaryimage\",\"url\":\"https:\/\/staging.belleflamme.ca\/wp-content\/uploads\/2024\/04\/Grill-au-Charbon-de-bois-18-de-Napoleon-1.jpg\",\"contentUrl\":\"https:\/\/staging.belleflamme.ca\/wp-content\/uploads\/2024\/04\/Grill-au-Charbon-de-bois-18-de-Napoleon-1.jpg\",\"width\":698,\"height\":698,\"caption\":\"Grill au Charbon de bois 18 de Napoleon\"},{\"@type\":\"BreadcrumbList\",\"@id\":\"https:\/\/staging.belleflamme.ca\/fr\/produit\/grill-au-charbon-de-bois-18-de-napoleon-2\/#breadcrumb\",\"itemListElement\":[{\"@type\":\"ListItem\",\"position\":1,\"name\":\"Accueil\",\"item\":\"https:\/\/www.belleflamme.ca\/fr\/\"},{\"@type\":\"ListItem\",\"position\":2,\"name\":\"Boutique\",\"item\":\"https:\/\/www.belleflamme.ca\/fr\/boutique\/\"},{\"@type\":\"ListItem\",\"position\":3,\"name\":\"BBQ &amp; Produits Ext\u00e9rieurs\",\"item\":\"https:\/\/staging.belleflamme.ca\/fr\/categories\/bbq-produits-exterieurs\/\"},{\"@type\":\"ListItem\",\"position\":4,\"name\":\"BBQ Grills et Fumoirs\",\"item\":\"https:\/\/staging.belleflamme.ca\/fr\/categories\/bbq-produits-exterieurs\/bbq-grills-et-fumoirs\/\"},{\"@type\":\"ListItem\",\"position\":5,\"name\":\"Grill au Charbon de bois 18 de Napoleon\"}]},{\"@type\":\"WebSite\",\"@id\":\"https:\/\/www.belleflamme.ca\/fr\/#website\",\"url\":\"https:\/\/www.belleflamme.ca\/fr\/\",\"name\":\"Groupe Belleflamme\",\"description\":\"La m\u00e9canique du b\u00e2timent dans le sang.\",\"publisher\":{\"@id\":\"https:\/\/www.belleflamme.ca\/fr\/#organization\"},\"potentialAction\":[{\"@type\":\"SearchAction\",\"target\":{\"@type\":\"EntryPoint\",\"urlTemplate\":\"https:\/\/www.belleflamme.ca\/fr\/?s={search_term_string}\"},\"query-input\":{\"@type\":\"PropertyValueSpecification\",\"valueRequired\":true,\"valueName\":\"search_term_string\"}}],\"inLanguage\":\"fr-FR\"},{\"@type\":[\"Organization\",\"Place\"],\"@id\":\"https:\/\/www.belleflamme.ca\/fr\/#organization\",\"name\":\"Groupe Belleflamme\",\"alternateName\":\"Belleflamme\",\"url\":\"https:\/\/www.belleflamme.ca\/fr\/\",\"logo\":{\"@type\":\"ImageObject\",\"inLanguage\":\"fr-FR\",\"@id\":\"https:\/\/www.belleflamme.ca\/fr\/#\/schema\/logo\/image\/\",\"url\":\"https:\/\/staging.belleflamme.ca\/wp-content\/uploads\/2023\/01\/og-image.jpg\",\"contentUrl\":\"https:\/\/staging.belleflamme.ca\/wp-content\/uploads\/2023\/01\/og-image.jpg\",\"width\":1200,\"height\":630,\"caption\":\"Groupe Belleflamme\"},\"image\":{\"@id\":\"https:\/\/www.belleflamme.ca\/fr\/#\/schema\/logo\/image\/\"},\"sameAs\":[\"https:\/\/www.facebook.com\/belleflamme.ca\/\",\"https:\/\/www.linkedin.com\/company\/belleflamme\/\",\"https:\/\/www.pinterest.ca\/groupebelleflamme\/\",\"https:\/\/www.instagram.com\/legroupebelleflamme\/\"],\"mainEntityOfPage\":{\"@id\":\"https:\/\/staging.belleflamme.ca\/fr\/produit\/grill-au-charbon-de-bois-18-de-napoleon-2\/\"}}]}<\/script>\n<meta property=\"product:brand\" content=\"BBQ Napoleon\" \/>\n<meta property=\"product:price:amount\" content=\"199.00\" \/>\n<meta property=\"product:price:currency\" content=\"CAD\" \/>\n<meta property=\"og:availability\" content=\"instock\" \/>\n<meta property=\"product:availability\" content=\"instock\" \/>\n<meta property=\"product:retailer_item_id\" content=\"NK18K-LEG-3\" \/>\n<meta property=\"product:condition\" content=\"new\" \/>\n<!-- \/ Yoast SEO Premium plugin. -->","yoast_head_json":{"title":"Grill au Charbon de bois 18 de Napoleon - Groupe BelleFlamme","description":"Grill au Charbon de bois 18 de Napoleon vendu par le Groupe Belleflamme. Laval, Montr\u00e9al, Gatineau et Saint-Sauveur.","robots":{"index":"index","follow":"follow","max-snippet":"max-snippet:-1","max-image-preview":"max-image-preview:large","max-video-preview":"max-video-preview:-1"},"canonical":"https:\/\/staging.belleflamme.ca\/fr\/produit\/grill-au-charbon-de-bois-18-de-napoleon-2\/","og_locale":"fr_FR","og_type":"article","og_title":"Grill au Charbon de bois 18 de Napoleon","og_description":"Grill au Charbon de bois 18 de Napoleon vendu par le Groupe Belleflamme. Laval, Montr\u00e9al, Gatineau et Saint-Sauveur.","og_url":"https:\/\/staging.belleflamme.ca\/fr\/produit\/grill-au-charbon-de-bois-18-de-napoleon-2\/","og_site_name":"Groupe BelleFlamme","article_publisher":"https:\/\/www.facebook.com\/belleflamme.ca\/","article_modified_time":"2024-10-01T18:28:03+00:00","og_image":[{"width":698,"height":698,"url":"https:\/\/www.belleflamme.ca\/wp-content\/uploads\/2024\/04\/Grill-au-Charbon-de-bois-18-de-Napoleon-1.jpg","type":"image\/jpeg"}],"twitter_card":"summary_large_image","twitter_misc":{"Prix":"&#36;199.00","Disponibilit\u00e9":"En stock"},"schema":{"@context":"https:\/\/schema.org","@graph":[{"@type":["WebPage","ItemPage"],"@id":"https:\/\/staging.belleflamme.ca\/fr\/produit\/grill-au-charbon-de-bois-18-de-napoleon-2\/","url":"https:\/\/staging.belleflamme.ca\/fr\/produit\/grill-au-charbon-de-bois-18-de-napoleon-2\/","name":"Grill au Charbon de bois 18 de Napoleon - Groupe BelleFlamme","isPartOf":{"@id":"https:\/\/www.belleflamme.ca\/fr\/#website"},"primaryImageOfPage":{"@id":"https:\/\/staging.belleflamme.ca\/fr\/produit\/grill-au-charbon-de-bois-18-de-napoleon-2\/#primaryimage"},"image":{"@id":"https:\/\/staging.belleflamme.ca\/fr\/produit\/grill-au-charbon-de-bois-18-de-napoleon-2\/#primaryimage"},"thumbnailUrl":"https:\/\/staging.belleflamme.ca\/wp-content\/uploads\/2024\/04\/Grill-au-Charbon-de-bois-18-de-Napoleon-1.jpg","datePublished":"2024-04-25T21:03:44+00:00","dateModified":"2024-10-01T18:28:03+00:00","description":"Grill au Charbon de bois 18 de Napoleon vendu par le Groupe Belleflamme. Laval, Montr\u00e9al, Gatineau et Saint-Sauveur.","breadcrumb":{"@id":"https:\/\/staging.belleflamme.ca\/fr\/produit\/grill-au-charbon-de-bois-18-de-napoleon-2\/#breadcrumb"},"inLanguage":"fr-FR","potentialAction":[{"@type":"ReadAction","target":["https:\/\/staging.belleflamme.ca\/fr\/produit\/grill-au-charbon-de-bois-18-de-napoleon-2\/"]}]},{"@type":"ImageObject","inLanguage":"fr-FR","@id":"https:\/\/staging.belleflamme.ca\/fr\/produit\/grill-au-charbon-de-bois-18-de-napoleon-2\/#primaryimage","url":"https:\/\/staging.belleflamme.ca\/wp-content\/uploads\/2024\/04\/Grill-au-Charbon-de-bois-18-de-Napoleon-1.jpg","contentUrl":"https:\/\/staging.belleflamme.ca\/wp-content\/uploads\/2024\/04\/Grill-au-Charbon-de-bois-18-de-Napoleon-1.jpg","width":698,"height":698,"caption":"Grill au Charbon de bois 18 de Napoleon"},{"@type":"BreadcrumbList","@id":"https:\/\/staging.belleflamme.ca\/fr\/produit\/grill-au-charbon-de-bois-18-de-napoleon-2\/#breadcrumb","itemListElement":[{"@type":"ListItem","position":1,"name":"Accueil","item":"https:\/\/www.belleflamme.ca\/fr\/"},{"@type":"ListItem","position":2,"name":"Boutique","item":"https:\/\/www.belleflamme.ca\/fr\/boutique\/"},{"@type":"ListItem","position":3,"name":"BBQ &amp; Produits Ext\u00e9rieurs","item":"https:\/\/staging.belleflamme.ca\/fr\/categories\/bbq-produits-exterieurs\/"},{"@type":"ListItem","position":4,"name":"BBQ Grills et Fumoirs","item":"https:\/\/staging.belleflamme.ca\/fr\/categories\/bbq-produits-exterieurs\/bbq-grills-et-fumoirs\/"},{"@type":"ListItem","position":5,"name":"Grill au Charbon de bois 18 de Napoleon"}]},{"@type":"WebSite","@id":"https:\/\/www.belleflamme.ca\/fr\/#website","url":"https:\/\/www.belleflamme.ca\/fr\/","name":"Groupe Belleflamme","description":"La m\u00e9canique du b\u00e2timent dans le sang.","publisher":{"@id":"https:\/\/www.belleflamme.ca\/fr\/#organization"},"potentialAction":[{"@type":"SearchAction","target":{"@type":"EntryPoint","urlTemplate":"https:\/\/www.belleflamme.ca\/fr\/?s={search_term_string}"},"query-input":{"@type":"PropertyValueSpecification","valueRequired":true,"valueName":"search_term_string"}}],"inLanguage":"fr-FR"},{"@type":["Organization","Place"],"@id":"https:\/\/www.belleflamme.ca\/fr\/#organization","name":"Groupe Belleflamme","alternateName":"Belleflamme","url":"https:\/\/www.belleflamme.ca\/fr\/","logo":{"@type":"ImageObject","inLanguage":"fr-FR","@id":"https:\/\/www.belleflamme.ca\/fr\/#\/schema\/logo\/image\/","url":"https:\/\/staging.belleflamme.ca\/wp-content\/uploads\/2023\/01\/og-image.jpg","contentUrl":"https:\/\/staging.belleflamme.ca\/wp-content\/uploads\/2023\/01\/og-image.jpg","width":1200,"height":630,"caption":"Groupe Belleflamme"},"image":{"@id":"https:\/\/www.belleflamme.ca\/fr\/#\/schema\/logo\/image\/"},"sameAs":["https:\/\/www.facebook.com\/belleflamme.ca\/","https:\/\/www.linkedin.com\/company\/belleflamme\/","https:\/\/www.pinterest.ca\/groupebelleflamme\/","https:\/\/www.instagram.com\/legroupebelleflamme\/"],"mainEntityOfPage":{"@id":"https:\/\/staging.belleflamme.ca\/fr\/produit\/grill-au-charbon-de-bois-18-de-napoleon-2\/"}}]},"product_brand":"BBQ Napoleon","product_price_amount":"199.00","product_price_currency":"CAD","og_availability":"instock","product_availability":"instock","product_retailer_item_id":"NK18K-LEG-3","product_condition":"new"},"_links":{"self":[{"href":"https:\/\/staging.belleflamme.ca\/fr\/wp-json\/wp\/v2\/product\/36075","targetHints":{"allow":["GET"]}}],"collection":[{"href":"https:\/\/staging.belleflamme.ca\/fr\/wp-json\/wp\/v2\/product"}],"about":[{"href":"https:\/\/staging.belleflamme.ca\/fr\/wp-json\/wp\/v2\/types\/product"}],"version-history":[{"count":5,"href":"https:\/\/staging.belleflamme.ca\/fr\/wp-json\/wp\/v2\/product\/36075\/revisions"}],"predecessor-version":[{"id":43387,"href":"https:\/\/staging.belleflamme.ca\/fr\/wp-json\/wp\/v2\/product\/36075\/revisions\/43387"}],"wp:featuredmedia":[{"embeddable":true,"href":"https:\/\/staging.belleflamme.ca\/fr\/wp-json\/wp\/v2\/media\/36076"}],"wp:attachment":[{"href":"https:\/\/staging.belleflamme.ca\/fr\/wp-json\/wp\/v2\/media?parent=36075"}],"wp:term":[{"taxonomy":"product_brand","embeddable":true,"href":"https:\/\/staging.belleflamme.ca\/fr\/wp-json\/wp\/v2\/product_brand?post=36075"},{"taxonomy":"product_cat","embeddable":true,"href":"https:\/\/staging.belleflamme.ca\/fr\/wp-json\/wp\/v2\/product_cat?post=36075"},{"taxonomy":"product_tag","embeddable":true,"href":"https:\/\/staging.belleflamme.ca\/fr\/wp-json\/wp\/v2\/product_tag?post=36075"}],"curies":[{"name":"wp","href":"https:\/\/api.w.org\/{rel}","templated":true}]}}