{"id":36025,"date":"2024-04-25T16:19:28","date_gmt":"2024-04-25T20:19:28","guid":{"rendered":"https:\/\/www.belleflamme.ca\/?post_type=product&#038;p=36025"},"modified":"2024-10-01T14:29:02","modified_gmt":"2024-10-01T18:29:02","slug":"grill-au-charbon-de-bois-22-de-napoleon-2","status":"publish","type":"product","link":"https:\/\/staging.belleflamme.ca\/fr\/produit\/grill-au-charbon-de-bois-22-de-napoleon-2\/","title":{"rendered":"Grill au Charbon de Bois 22 de Napoleon"},"content":{"rendered":"\t\t<div data-elementor-type=\"product-post\" data-elementor-id=\"36025\" class=\"elementor elementor-36025\" data-elementor-post-type=\"product\">\n\t\t\t\t\t\t<section class=\"elementor-section elementor-top-section elementor-element elementor-element-77a1c2c1 elementor-section-boxed elementor-section-height-default elementor-section-height-default\" data-id=\"77a1c2c1\" data-element_type=\"section\">\n\t\t\t\t\t\t<div class=\"elementor-container elementor-column-gap-default\">\n\t\t\t\t\t<div class=\"elementor-column elementor-col-100 elementor-top-column elementor-element elementor-element-6cb8f174\" data-id=\"6cb8f174\" data-element_type=\"column\">\n\t\t\t<div class=\"elementor-widget-wrap elementor-element-populated\">\n\t\t\t\t\t\t<div class=\"elementor-element elementor-element-38a50f11 elementor-widget elementor-widget-text-editor\" data-id=\"38a50f11\" data-element_type=\"widget\" data-widget_type=\"text-editor.default\">\n\t\t\t\t<div class=\"elementor-widget-container\">\n\t\t\t\t\t\t\t\t\t<p>CIRCULAIRE PRO22 NOIR<\/p><h3 class=\"title hide-item-on-mobile\">DESCRIPTION<\/h3><div class=\"inner-wrapper open\" data-max-height=\"360px\" data-fade=\"true\" data-height=\"558px\"><div class=\"clearfix text-formatted field field--name-body field--type-text-with-summary field--label-hidden field__item\"><p>Le gril au charbon de bois circulaire PRO22K-LEG de Napoleon est un gril mobile de 22 pouces qui est parfait pour tout amateur de charbon de bois. Grillez et r\u00f4tissez vos aliments lentement et facilement, ou fumez-les en ajoutant vos copeaux de bois pr\u00e9f\u00e9r\u00e9s. Les grilles de cuisson en fonte peuvent \u00eatre r\u00e9gl\u00e9es \u00e0 trois hauteurs diff\u00e9rentes, ce qui est id\u00e9al pour tous vos besoins en mati\u00e8re de grillade. Ces grilles de cuisson sont dot\u00e9es de rabats afin de faciliter l&#8217;acc\u00e8s, ce qui permet d&#8217;ajouter facilement du charbon de bois au gril, de l&#8217;eau aux bassins ainsi que des copeaux de bois pour la fumaison. Lorsque vous cuisinez au charbon de bois, contr\u00f4ler la chaleur au moyen de l&#8217;apport d&#8217;air est essentiel. Notre porte d&#8217;\u00e9vacuation d&#8217;air innovante prot\u00e8ge votre gril des rafales et de la pluie tout en offrant un contr\u00f4le pr\u00e9cis. Le syst\u00e8me de gestion de chaleur Vortex am\u00e9liore l&#8217;effet de convection \u00e0 l&#8217;int\u00e9rieur du gril pour mieux saisir et fumer, tout en consommant moins de combustible. L&#8217;anneau d&#8217;extension en acier inoxydable est con\u00e7u pour recevoir une r\u00f4tissoire et est dot\u00e9 de volets qui couvrent les ouvertures pour la tige du tournebroche. Des portes int\u00e9gr\u00e9es pour les sondes de temp\u00e9rature garantissent que la cuisson se d\u00e9roulera comme pr\u00e9vu. Tr\u00e8s durable, la structure en acier \u00e9maill\u00e9 r\u00e9siste \u00e0 l&#8217;usure, tandis que le couvercle \u00e0 charni\u00e8re avec d\u00e9viation sur le c\u00f4t\u00e9 permet d&#8217;acc\u00e9der \u00e0 toute la surface de cuisson.<\/p><\/div><\/div><p>\u00a0<\/p><h3 class=\"title hide-item-on-mobile\">CARACT\u00c9RISTIQUES<\/h3><div class=\"inner-wrapper open\" data-max-height=\"360px\" data-fade=\"true\" data-height=\"523.125px\"><div class=\"clearfix text-formatted field field--name-field-summary-features field--type-text field--label-hidden field__items\"><ul><li class=\"field__item\">Le gril au charbon de bois circulaire de 22 pouces (55,9 cm) de diam\u00e8tre vous permet de fumer \u00e0 feu doux, de r\u00f4tir et de saisir les aliments avec facilit\u00e9<\/li><li class=\"field__item\">Les grilles de cuisson en fonte retiennent la chaleur et permettent de bien saisir les aliments. Dot\u00e9es de rabats, elles permettent de facilement ajouter du charbon de bois au gril, de l\u2019eau aux bassins ainsi que des copeaux de bois pour la fumaison des aliments<\/li><li class=\"field__item\">Le syst\u00e8me de gestion de chaleur Vortex conique am\u00e9liore l&#8217;effet de convection \u00e0 l&#8217;int\u00e9rieur du gril pour mieux saisir et fumer, tout en consommant moins de combustible et en dirigeant plus efficacement les cendres et les braises dans le r\u00e9cipient \u00e0 cendres<\/li><li class=\"field__item\">La porte d&#8217;\u00e9vacuation d&#8217;air innovante prot\u00e8ge votre gril des rafales et de la pluie tout en offrant un contr\u00f4le pr\u00e9cis de la chaleur<\/li><li class=\"field__item\">Les portes d&#8217;alimentation en air \u00e0 contr\u00f4le pr\u00e9cis dans le fond du gril sont isol\u00e9es du r\u00e9cipient \u00e0 cendres, assurant une meilleure utilisation de l&#8217;apport d&#8217;air inf\u00e9rieure et un meilleur contr\u00f4le de la chaleur<\/li><li class=\"field__item\">La structure en acier \u00e9maill\u00e9 tr\u00e8s durable r\u00e9siste \u00e0 l&#8217;usure, tandis que les pi\u00e8ces de fixation internes procurent un aspect soign\u00e9 qui offre une protection optimale contre les intemp\u00e9ries<\/li><li class=\"field__item\">Le couvercle \u00e0 charni\u00e8re avec d\u00e9viation sur le c\u00f4t\u00e9 donne acc\u00e8s \u00e0 l\u2019ensemble de la surface de cuisson tout en vous permettant de garder vos mains suffisamment \u00e9loign\u00e9es de la chaleur<\/li><li class=\"field__item\">L&#8217;anneau d&#8217;extension en acier inoxydable est con\u00e7u pour recevoir une r\u00f4tissoire et est dot\u00e9 de volets qui couvrent les ouvertures pour la tige du tournebroche, vous permettant ainsi de contr\u00f4ler la temp\u00e9rature de votre gril<\/li><li class=\"field__item\">Des portes int\u00e9gr\u00e9es pour les sondes de temp\u00e9rature garantissent que la cuisson se d\u00e9roulera comme pr\u00e9vu, vous permettant de surveiller la temp\u00e9rature interne du gril et la temp\u00e9rature de vos aliments<\/li><\/ul><\/div><\/div><p>\u00a0<\/p><table class=\"specification-table\"><tbody><tr><th>GARANTIE<\/th><td>Garantie limit\u00e9e de 10\u00a0ans<sup>*<\/sup><\/td><\/tr><tr><th>TYPE DE COMBUSTIBLE<\/th><td>Charbon de bois<\/td><\/tr><tr><th>SURFACE DE CUISSON PRINCIPALE<\/th><td>21.5 in\u2300 (55 cm\u2300) \u00a0|\u00a0 22 hamburgers<\/td><\/tr><tr><th>SURFACE DE CUISSON TOTALE<\/th><td>365 sq.in (2 340 cm\u00b2)<\/td><\/tr><tr><th>R\u00d4TISSOIRE INCLUSE<\/th><td>Optionnel<\/td><\/tr><tr><th>HAUTEUR<\/th><td>42 in (107 cm)<\/td><\/tr><tr><th>LARGEUR<\/th><td>23 in (59 cm)<\/td><\/tr><tr><th>PROFONDEUR<\/th><td>28,50 in (72 cm)<\/td><\/tr><tr><th>HAUTEUR DE LA BO\u00ceTE<\/th><td>17,25 in (43,82 cm)<\/td><\/tr><tr><th>LARGEUR DE LA BO\u00ceTE<\/th><td>28 in (71,12 cm)<\/td><\/tr><tr><th>PROFONDEUR DE LA BO\u00ceTE<\/th><td>24,75 in (62,87 cm)<\/td><\/tr><tr><th>POIDS DE LA BO\u00ceTE<\/th><td>72,16 lbs. (32,73 kg)<\/td><\/tr><\/tbody><\/table><p>\u00a0<\/p><p><img fetchpriority=\"high\" decoding=\"async\" class=\"\" src=\"https:\/\/www.napoleon.com\/sites\/default\/files\/products\/WebGallery-PRO22K-LEG-3_Dual.jpg\" width=\"418\" height=\"418\" \/><\/p>\t\t\t\t\t\t\t\t<\/div>\n\t\t\t\t<\/div>\n\t\t\t\t\t<\/div>\n\t\t<\/div>\n\t\t\t\t\t<\/div>\n\t\t<\/section>\n\t\t\t\t<section class=\"elementor-section elementor-top-section elementor-element elementor-element-36aef5f elementor-section-boxed elementor-section-height-default elementor-section-height-default\" data-id=\"36aef5f\" data-element_type=\"section\">\n\t\t\t\t\t\t<div class=\"elementor-container elementor-column-gap-default\">\n\t\t\t\t\t<div class=\"elementor-column elementor-col-100 elementor-top-column elementor-element elementor-element-dd7376f\" data-id=\"dd7376f\" data-element_type=\"column\">\n\t\t\t<div class=\"elementor-widget-wrap elementor-element-populated\">\n\t\t\t\t\t\t<div class=\"elementor-element elementor-element-468eee6 elementor-tabs-view-horizontal elementor-widget elementor-widget-tabs\" data-id=\"468eee6\" data-element_type=\"widget\" data-widget_type=\"tabs.default\">\n\t\t\t\t<div class=\"elementor-widget-container\">\n\t\t\t\t\t\t\t<div class=\"elementor-tabs\">\n\t\t\t<div class=\"elementor-tabs-wrapper\" role=\"tablist\" >\n\t\t\t\t\t\t\t\t\t<div id=\"elementor-tab-title-7391\" class=\"elementor-tab-title elementor-tab-desktop-title\" aria-selected=\"true\" data-tab=\"1\" role=\"tab\" tabindex=\"0\" aria-controls=\"elementor-tab-content-7391\" aria-expanded=\"false\">Fichiers<\/div>\n\t\t\t\t\t\t\t<\/div>\n\t\t\t<div class=\"elementor-tabs-content-wrapper\" role=\"tablist\" aria-orientation=\"vertical\">\n\t\t\t\t\t\t\t\t\t<div class=\"elementor-tab-title elementor-tab-mobile-title\" aria-selected=\"true\" data-tab=\"1\" role=\"tab\" tabindex=\"0\" aria-controls=\"elementor-tab-content-7391\" aria-expanded=\"false\">Fichiers<\/div>\n\t\t\t\t\t<div id=\"elementor-tab-content-7391\" class=\"elementor-tab-content elementor-clearfix\" data-tab=\"1\" role=\"tabpanel\" aria-labelledby=\"elementor-tab-title-7391\" tabindex=\"0\" hidden=\"false\"><i class=\"far fa-file-pdf fa-xl\" style=\"font-size:35px\"><\/i><a href=\"https:\/\/www.belleflamme.ca\/wp-content\/uploads\/2024\/04\/N415-0781_B-0.pdf\"> Guide de montage<\/a><\/br><\/div>\n\t\t\t\t\t\t\t<\/div>\n\t\t<\/div>\n\t\t\t\t\t\t<\/div>\n\t\t\t\t<\/div>\n\t\t\t\t\t<\/div>\n\t\t<\/div>\n\t\t\t\t\t<\/div>\n\t\t<\/section>\n\t\t\t\t<\/div>\n\t\t","protected":false},"excerpt":{"rendered":"<p>CIRCULAIRE PRO22 NOIR DESCRIPTION Le gril au charbon de bois circulaire PRO22K-LEG de Napoleon est un gril mobile de 22 pouces qui est parfait pour tout amateur de charbon de bois. Grillez et r\u00f4tissez vos aliments lentement et facilement, ou fumez-les en ajoutant vos copeaux de bois pr\u00e9f\u00e9r\u00e9s. Les grilles de cuisson en fonte peuvent [&hellip;]<\/p>\n","protected":false},"featured_media":36028,"template":"","meta":{"inline_featured_image":false},"product_brand":[1316],"product_cat":[113,115],"product_tag":[],"class_list":{"0":"post-36025","1":"product","2":"type-product","3":"status-publish","4":"has-post-thumbnail","6":"product_brand-bbq-napoleon","7":"product_cat-bbq-produits-exterieurs","8":"product_cat-bbq-grills-et-fumoirs","10":"first","11":"instock","12":"taxable","13":"shipping-taxable","14":"purchasable","15":"product-type-simple"},"yoast_head":"<!-- This site is optimized with the Yoast SEO Premium plugin v24.2 (Yoast SEO v24.2) - https:\/\/yoast.com\/wordpress\/plugins\/seo\/ -->\n<title>Grill au Charbon de Bois 22 de Napoleon - Groupe BelleFlamme<\/title>\n<meta name=\"description\" content=\"Grill au Charbon de Bois 22 de Napoleon vendu par le Groupe Belleflamme. Laval, Montr\u00e9al, Gatineau et Saint-Sauveur.\" \/>\n<meta name=\"robots\" content=\"index, follow, max-snippet:-1, max-image-preview:large, max-video-preview:-1\" \/>\n<link rel=\"canonical\" href=\"https:\/\/staging.belleflamme.ca\/fr\/produit\/grill-au-charbon-de-bois-22-de-napoleon-2\/\" \/>\n<meta property=\"og:locale\" content=\"fr_FR\" \/>\n<meta property=\"og:type\" content=\"article\" \/>\n<meta property=\"og:title\" content=\"Grill au Charbon de Bois 22 de Napoleon\" \/>\n<meta property=\"og:description\" content=\"Grill au Charbon de Bois 22 de Napoleon vendu par le Groupe Belleflamme. Laval, Montr\u00e9al, Gatineau et Saint-Sauveur.\" \/>\n<meta property=\"og:url\" content=\"https:\/\/staging.belleflamme.ca\/fr\/produit\/grill-au-charbon-de-bois-22-de-napoleon-2\/\" \/>\n<meta property=\"og:site_name\" content=\"Groupe BelleFlamme\" \/>\n<meta property=\"article:publisher\" content=\"https:\/\/www.facebook.com\/belleflamme.ca\/\" \/>\n<meta property=\"article:modified_time\" content=\"2024-10-01T18:29:02+00:00\" \/>\n<meta property=\"og:image\" content=\"https:\/\/www.belleflamme.ca\/wp-content\/uploads\/2024\/04\/Grill-au-Charbon-de-Bois-22-de-Napoleon-2.jpg\" \/>\n\t<meta property=\"og:image:width\" content=\"698\" \/>\n\t<meta property=\"og:image:height\" content=\"698\" \/>\n\t<meta property=\"og:image:type\" content=\"image\/jpeg\" \/>\n<meta name=\"twitter:card\" content=\"summary_large_image\" \/>\n<meta name=\"twitter:label1\" content=\"Prix\" \/>\n\t<meta name=\"twitter:data1\" content=\"&#036;399.00\" \/>\n\t<meta name=\"twitter:label2\" content=\"Disponibilit\u00e9\" \/>\n\t<meta name=\"twitter:data2\" content=\"En stock\" \/>\n<script type=\"application\/ld+json\" class=\"yoast-schema-graph\">{\"@context\":\"https:\/\/schema.org\",\"@graph\":[{\"@type\":[\"WebPage\",\"ItemPage\"],\"@id\":\"https:\/\/staging.belleflamme.ca\/fr\/produit\/grill-au-charbon-de-bois-22-de-napoleon-2\/\",\"url\":\"https:\/\/staging.belleflamme.ca\/fr\/produit\/grill-au-charbon-de-bois-22-de-napoleon-2\/\",\"name\":\"Grill au Charbon de Bois 22 de Napoleon - Groupe BelleFlamme\",\"isPartOf\":{\"@id\":\"https:\/\/www.belleflamme.ca\/fr\/#website\"},\"primaryImageOfPage\":{\"@id\":\"https:\/\/staging.belleflamme.ca\/fr\/produit\/grill-au-charbon-de-bois-22-de-napoleon-2\/#primaryimage\"},\"image\":{\"@id\":\"https:\/\/staging.belleflamme.ca\/fr\/produit\/grill-au-charbon-de-bois-22-de-napoleon-2\/#primaryimage\"},\"thumbnailUrl\":\"https:\/\/staging.belleflamme.ca\/wp-content\/uploads\/2024\/04\/Grill-au-Charbon-de-Bois-22-de-Napoleon-2.jpg\",\"datePublished\":\"2024-04-25T20:19:28+00:00\",\"dateModified\":\"2024-10-01T18:29:02+00:00\",\"description\":\"Grill au Charbon de Bois 22 de Napoleon vendu par le Groupe Belleflamme. Laval, Montr\u00e9al, Gatineau et Saint-Sauveur.\",\"breadcrumb\":{\"@id\":\"https:\/\/staging.belleflamme.ca\/fr\/produit\/grill-au-charbon-de-bois-22-de-napoleon-2\/#breadcrumb\"},\"inLanguage\":\"fr-FR\",\"potentialAction\":[{\"@type\":\"ReadAction\",\"target\":[\"https:\/\/staging.belleflamme.ca\/fr\/produit\/grill-au-charbon-de-bois-22-de-napoleon-2\/\"]}]},{\"@type\":\"ImageObject\",\"inLanguage\":\"fr-FR\",\"@id\":\"https:\/\/staging.belleflamme.ca\/fr\/produit\/grill-au-charbon-de-bois-22-de-napoleon-2\/#primaryimage\",\"url\":\"https:\/\/staging.belleflamme.ca\/wp-content\/uploads\/2024\/04\/Grill-au-Charbon-de-Bois-22-de-Napoleon-2.jpg\",\"contentUrl\":\"https:\/\/staging.belleflamme.ca\/wp-content\/uploads\/2024\/04\/Grill-au-Charbon-de-Bois-22-de-Napoleon-2.jpg\",\"width\":698,\"height\":698,\"caption\":\"Grill au Charbon de Bois 22 de Napoleon\"},{\"@type\":\"BreadcrumbList\",\"@id\":\"https:\/\/staging.belleflamme.ca\/fr\/produit\/grill-au-charbon-de-bois-22-de-napoleon-2\/#breadcrumb\",\"itemListElement\":[{\"@type\":\"ListItem\",\"position\":1,\"name\":\"Accueil\",\"item\":\"https:\/\/www.belleflamme.ca\/fr\/\"},{\"@type\":\"ListItem\",\"position\":2,\"name\":\"Boutique\",\"item\":\"https:\/\/www.belleflamme.ca\/fr\/boutique\/\"},{\"@type\":\"ListItem\",\"position\":3,\"name\":\"BBQ &amp; Produits Ext\u00e9rieurs\",\"item\":\"https:\/\/staging.belleflamme.ca\/fr\/categories\/bbq-produits-exterieurs\/\"},{\"@type\":\"ListItem\",\"position\":4,\"name\":\"BBQ Grills et Fumoirs\",\"item\":\"https:\/\/staging.belleflamme.ca\/fr\/categories\/bbq-produits-exterieurs\/bbq-grills-et-fumoirs\/\"},{\"@type\":\"ListItem\",\"position\":5,\"name\":\"Grill au Charbon de Bois 22 de Napoleon\"}]},{\"@type\":\"WebSite\",\"@id\":\"https:\/\/www.belleflamme.ca\/fr\/#website\",\"url\":\"https:\/\/www.belleflamme.ca\/fr\/\",\"name\":\"Groupe Belleflamme\",\"description\":\"La m\u00e9canique du b\u00e2timent dans le sang.\",\"publisher\":{\"@id\":\"https:\/\/www.belleflamme.ca\/fr\/#organization\"},\"potentialAction\":[{\"@type\":\"SearchAction\",\"target\":{\"@type\":\"EntryPoint\",\"urlTemplate\":\"https:\/\/www.belleflamme.ca\/fr\/?s={search_term_string}\"},\"query-input\":{\"@type\":\"PropertyValueSpecification\",\"valueRequired\":true,\"valueName\":\"search_term_string\"}}],\"inLanguage\":\"fr-FR\"},{\"@type\":[\"Organization\",\"Place\"],\"@id\":\"https:\/\/www.belleflamme.ca\/fr\/#organization\",\"name\":\"Groupe Belleflamme\",\"alternateName\":\"Belleflamme\",\"url\":\"https:\/\/www.belleflamme.ca\/fr\/\",\"logo\":{\"@type\":\"ImageObject\",\"inLanguage\":\"fr-FR\",\"@id\":\"https:\/\/www.belleflamme.ca\/fr\/#\/schema\/logo\/image\/\",\"url\":\"https:\/\/staging.belleflamme.ca\/wp-content\/uploads\/2023\/01\/og-image.jpg\",\"contentUrl\":\"https:\/\/staging.belleflamme.ca\/wp-content\/uploads\/2023\/01\/og-image.jpg\",\"width\":1200,\"height\":630,\"caption\":\"Groupe Belleflamme\"},\"image\":{\"@id\":\"https:\/\/www.belleflamme.ca\/fr\/#\/schema\/logo\/image\/\"},\"sameAs\":[\"https:\/\/www.facebook.com\/belleflamme.ca\/\",\"https:\/\/www.linkedin.com\/company\/belleflamme\/\",\"https:\/\/www.pinterest.ca\/groupebelleflamme\/\",\"https:\/\/www.instagram.com\/legroupebelleflamme\/\"],\"mainEntityOfPage\":{\"@id\":\"https:\/\/staging.belleflamme.ca\/fr\/produit\/grill-au-charbon-de-bois-22-de-napoleon-2\/\"}}]}<\/script>\n<meta property=\"product:brand\" content=\"BBQ Napoleon\" \/>\n<meta property=\"product:price:amount\" content=\"399.00\" \/>\n<meta property=\"product:price:currency\" content=\"CAD\" \/>\n<meta property=\"og:availability\" content=\"instock\" \/>\n<meta property=\"product:availability\" content=\"instock\" \/>\n<meta property=\"product:retailer_item_id\" content=\"PRO22K-LEG-3\" \/>\n<meta property=\"product:condition\" content=\"new\" \/>\n<!-- \/ Yoast SEO Premium plugin. -->","yoast_head_json":{"title":"Grill au Charbon de Bois 22 de Napoleon - Groupe BelleFlamme","description":"Grill au Charbon de Bois 22 de Napoleon vendu par le Groupe Belleflamme. Laval, Montr\u00e9al, Gatineau et Saint-Sauveur.","robots":{"index":"index","follow":"follow","max-snippet":"max-snippet:-1","max-image-preview":"max-image-preview:large","max-video-preview":"max-video-preview:-1"},"canonical":"https:\/\/staging.belleflamme.ca\/fr\/produit\/grill-au-charbon-de-bois-22-de-napoleon-2\/","og_locale":"fr_FR","og_type":"article","og_title":"Grill au Charbon de Bois 22 de Napoleon","og_description":"Grill au Charbon de Bois 22 de Napoleon vendu par le Groupe Belleflamme. Laval, Montr\u00e9al, Gatineau et Saint-Sauveur.","og_url":"https:\/\/staging.belleflamme.ca\/fr\/produit\/grill-au-charbon-de-bois-22-de-napoleon-2\/","og_site_name":"Groupe BelleFlamme","article_publisher":"https:\/\/www.facebook.com\/belleflamme.ca\/","article_modified_time":"2024-10-01T18:29:02+00:00","og_image":[{"width":698,"height":698,"url":"https:\/\/www.belleflamme.ca\/wp-content\/uploads\/2024\/04\/Grill-au-Charbon-de-Bois-22-de-Napoleon-2.jpg","type":"image\/jpeg"}],"twitter_card":"summary_large_image","twitter_misc":{"Prix":"&#36;399.00","Disponibilit\u00e9":"En stock"},"schema":{"@context":"https:\/\/schema.org","@graph":[{"@type":["WebPage","ItemPage"],"@id":"https:\/\/staging.belleflamme.ca\/fr\/produit\/grill-au-charbon-de-bois-22-de-napoleon-2\/","url":"https:\/\/staging.belleflamme.ca\/fr\/produit\/grill-au-charbon-de-bois-22-de-napoleon-2\/","name":"Grill au Charbon de Bois 22 de Napoleon - Groupe BelleFlamme","isPartOf":{"@id":"https:\/\/www.belleflamme.ca\/fr\/#website"},"primaryImageOfPage":{"@id":"https:\/\/staging.belleflamme.ca\/fr\/produit\/grill-au-charbon-de-bois-22-de-napoleon-2\/#primaryimage"},"image":{"@id":"https:\/\/staging.belleflamme.ca\/fr\/produit\/grill-au-charbon-de-bois-22-de-napoleon-2\/#primaryimage"},"thumbnailUrl":"https:\/\/staging.belleflamme.ca\/wp-content\/uploads\/2024\/04\/Grill-au-Charbon-de-Bois-22-de-Napoleon-2.jpg","datePublished":"2024-04-25T20:19:28+00:00","dateModified":"2024-10-01T18:29:02+00:00","description":"Grill au Charbon de Bois 22 de Napoleon vendu par le Groupe Belleflamme. Laval, Montr\u00e9al, Gatineau et Saint-Sauveur.","breadcrumb":{"@id":"https:\/\/staging.belleflamme.ca\/fr\/produit\/grill-au-charbon-de-bois-22-de-napoleon-2\/#breadcrumb"},"inLanguage":"fr-FR","potentialAction":[{"@type":"ReadAction","target":["https:\/\/staging.belleflamme.ca\/fr\/produit\/grill-au-charbon-de-bois-22-de-napoleon-2\/"]}]},{"@type":"ImageObject","inLanguage":"fr-FR","@id":"https:\/\/staging.belleflamme.ca\/fr\/produit\/grill-au-charbon-de-bois-22-de-napoleon-2\/#primaryimage","url":"https:\/\/staging.belleflamme.ca\/wp-content\/uploads\/2024\/04\/Grill-au-Charbon-de-Bois-22-de-Napoleon-2.jpg","contentUrl":"https:\/\/staging.belleflamme.ca\/wp-content\/uploads\/2024\/04\/Grill-au-Charbon-de-Bois-22-de-Napoleon-2.jpg","width":698,"height":698,"caption":"Grill au Charbon de Bois 22 de Napoleon"},{"@type":"BreadcrumbList","@id":"https:\/\/staging.belleflamme.ca\/fr\/produit\/grill-au-charbon-de-bois-22-de-napoleon-2\/#breadcrumb","itemListElement":[{"@type":"ListItem","position":1,"name":"Accueil","item":"https:\/\/www.belleflamme.ca\/fr\/"},{"@type":"ListItem","position":2,"name":"Boutique","item":"https:\/\/www.belleflamme.ca\/fr\/boutique\/"},{"@type":"ListItem","position":3,"name":"BBQ &amp; Produits Ext\u00e9rieurs","item":"https:\/\/staging.belleflamme.ca\/fr\/categories\/bbq-produits-exterieurs\/"},{"@type":"ListItem","position":4,"name":"BBQ Grills et Fumoirs","item":"https:\/\/staging.belleflamme.ca\/fr\/categories\/bbq-produits-exterieurs\/bbq-grills-et-fumoirs\/"},{"@type":"ListItem","position":5,"name":"Grill au Charbon de Bois 22 de Napoleon"}]},{"@type":"WebSite","@id":"https:\/\/www.belleflamme.ca\/fr\/#website","url":"https:\/\/www.belleflamme.ca\/fr\/","name":"Groupe Belleflamme","description":"La m\u00e9canique du b\u00e2timent dans le sang.","publisher":{"@id":"https:\/\/www.belleflamme.ca\/fr\/#organization"},"potentialAction":[{"@type":"SearchAction","target":{"@type":"EntryPoint","urlTemplate":"https:\/\/www.belleflamme.ca\/fr\/?s={search_term_string}"},"query-input":{"@type":"PropertyValueSpecification","valueRequired":true,"valueName":"search_term_string"}}],"inLanguage":"fr-FR"},{"@type":["Organization","Place"],"@id":"https:\/\/www.belleflamme.ca\/fr\/#organization","name":"Groupe Belleflamme","alternateName":"Belleflamme","url":"https:\/\/www.belleflamme.ca\/fr\/","logo":{"@type":"ImageObject","inLanguage":"fr-FR","@id":"https:\/\/www.belleflamme.ca\/fr\/#\/schema\/logo\/image\/","url":"https:\/\/staging.belleflamme.ca\/wp-content\/uploads\/2023\/01\/og-image.jpg","contentUrl":"https:\/\/staging.belleflamme.ca\/wp-content\/uploads\/2023\/01\/og-image.jpg","width":1200,"height":630,"caption":"Groupe Belleflamme"},"image":{"@id":"https:\/\/www.belleflamme.ca\/fr\/#\/schema\/logo\/image\/"},"sameAs":["https:\/\/www.facebook.com\/belleflamme.ca\/","https:\/\/www.linkedin.com\/company\/belleflamme\/","https:\/\/www.pinterest.ca\/groupebelleflamme\/","https:\/\/www.instagram.com\/legroupebelleflamme\/"],"mainEntityOfPage":{"@id":"https:\/\/staging.belleflamme.ca\/fr\/produit\/grill-au-charbon-de-bois-22-de-napoleon-2\/"}}]},"product_brand":"BBQ Napoleon","product_price_amount":"399.00","product_price_currency":"CAD","og_availability":"instock","product_availability":"instock","product_retailer_item_id":"PRO22K-LEG-3","product_condition":"new"},"_links":{"self":[{"href":"https:\/\/staging.belleflamme.ca\/fr\/wp-json\/wp\/v2\/product\/36025","targetHints":{"allow":["GET"]}}],"collection":[{"href":"https:\/\/staging.belleflamme.ca\/fr\/wp-json\/wp\/v2\/product"}],"about":[{"href":"https:\/\/staging.belleflamme.ca\/fr\/wp-json\/wp\/v2\/types\/product"}],"version-history":[{"count":5,"href":"https:\/\/staging.belleflamme.ca\/fr\/wp-json\/wp\/v2\/product\/36025\/revisions"}],"predecessor-version":[{"id":43389,"href":"https:\/\/staging.belleflamme.ca\/fr\/wp-json\/wp\/v2\/product\/36025\/revisions\/43389"}],"wp:featuredmedia":[{"embeddable":true,"href":"https:\/\/staging.belleflamme.ca\/fr\/wp-json\/wp\/v2\/media\/36028"}],"wp:attachment":[{"href":"https:\/\/staging.belleflamme.ca\/fr\/wp-json\/wp\/v2\/media?parent=36025"}],"wp:term":[{"taxonomy":"product_brand","embeddable":true,"href":"https:\/\/staging.belleflamme.ca\/fr\/wp-json\/wp\/v2\/product_brand?post=36025"},{"taxonomy":"product_cat","embeddable":true,"href":"https:\/\/staging.belleflamme.ca\/fr\/wp-json\/wp\/v2\/product_cat?post=36025"},{"taxonomy":"product_tag","embeddable":true,"href":"https:\/\/staging.belleflamme.ca\/fr\/wp-json\/wp\/v2\/product_tag?post=36025"}],"curies":[{"name":"wp","href":"https:\/\/api.w.org\/{rel}","templated":true}]}}