{"id":35986,"date":"2024-04-25T15:24:54","date_gmt":"2024-04-25T19:24:54","guid":{"rendered":"https:\/\/www.belleflamme.ca\/?post_type=product&#038;p=35986"},"modified":"2025-02-27T14:34:17","modified_gmt":"2025-02-27T19:34:17","slug":"grill-au-charbon-de-bois-professionnel-de-napoleon","status":"publish","type":"product","link":"https:\/\/staging.belleflamme.ca\/fr\/produit\/grill-au-charbon-de-bois-professionnel-de-napoleon\/","title":{"rendered":"Grill au Charbon de Bois Professionnel de Napoleon"},"content":{"rendered":"\t\t<div data-elementor-type=\"product-post\" data-elementor-id=\"35986\" class=\"elementor elementor-35986\" data-elementor-post-type=\"product\">\n\t\t\t\t\t\t<section class=\"elementor-section elementor-top-section elementor-element elementor-element-1cd43cf2 elementor-section-boxed elementor-section-height-default elementor-section-height-default\" data-id=\"1cd43cf2\" data-element_type=\"section\">\n\t\t\t\t\t\t<div class=\"elementor-container elementor-column-gap-default\">\n\t\t\t\t\t<div class=\"elementor-column elementor-col-100 elementor-top-column elementor-element elementor-element-5dac149a\" data-id=\"5dac149a\" data-element_type=\"column\">\n\t\t\t<div class=\"elementor-widget-wrap elementor-element-populated\">\n\t\t\t\t\t\t<div class=\"elementor-element elementor-element-2c78e9ce elementor-widget elementor-widget-text-editor\" data-id=\"2c78e9ce\" data-element_type=\"widget\" data-widget_type=\"text-editor.default\">\n\t\t\t\t<div class=\"elementor-widget-container\">\n\t\t\t\t\t\t\t\t\t<p><iframe title=\"YouTube video player\" src=\"https:\/\/www.youtube.com\/embed\/r0ToLkGdQiw?si=SC1loj6HCCvMCdDg\" width=\"560\" height=\"315\" frameborder=\"0\" allowfullscreen=\"allowfullscreen\"><\/iframe><\/p>\n<div class=\"clearfix text-formatted field field--name-field-tagline field--type-text-long field--label-hidden field__item\">\n<p>GRIL DE CHARIOT<\/p>\n<h3 class=\"title hide-item-on-mobile\">DESCRIPTION<\/h3>\n<div class=\"inner-wrapper open\" data-max-height=\"360px\" data-fade=\"true\" data-height=\"408px\">\n<div class=\"clearfix text-formatted field field--name-body field--type-text-with-summary field--label-hidden field__item\">\n<p>Nous avons port\u00e9 la cuisson traditionnelle au charbon de bois vers de nouveaux sommets avec notre gril au charbon de bois professionnel en acier inoxydable durable et \u00e9l\u00e9gant. Pr\u00e9parez jusqu\u2019\u00e0 32 hamburgers en m\u00eame temps pour nourrir tous vos convives gr\u00e2ce \u00e0 la surface de cuisson de 605 po\u00b2. Vous pouvez ajouter du charbon de bois en cour de cuisson gr\u00e2ce \u00e0 la porte d\u2019acc\u00e8s frontale. Le bac \u00e0 charbon de bois ajustable et les portes d\u2019alimentation en air coulissantes permettent de g\u00e9rer la chaleur avec facilit\u00e9. Abaissez le bac \u00e0 charbon de bois pour r\u00f4tir facilement, sur\u00e9levez-le pour saisir \u00e0 feu vif. Vous reconna\u00eetrez la touche Napol\u00e9on avec les grilles de cuisson WAVE\u1d39\u1d30 embl\u00e9matiques qui cr\u00e9ent nos marques de grillage distinctes. La caract\u00e9ristique la plus unique du gril au charbon de bois professionnel est sans contredit le r\u00e9cipient \u00e0 charbon de bois arri\u00e8re amovible pour cuisson sur tournebroche. Les tiroirs d&#8217;\u00e9gouttement et \u00e0 cendres coulissants facilitent le nettoyage.<\/p>\n<\/div>\n<\/div>\n<\/div>\n<p>&nbsp;<\/p>\n<h3 class=\"title hide-item-on-mobile\">CARACT\u00c9RISTIQUES<\/h3>\n<div class=\"inner-wrapper open\" data-max-height=\"360px\" data-fade=\"true\" data-height=\"571.125px\">\n<div class=\"clearfix text-formatted field field--name-field-summary-features field--type-text field--label-hidden field__items\">\n<ul>\n<li class=\"field__item\">Le gril au charbon de bois professionnel PRO605CSS est dot\u00e9 d&#8217;une surface de cuisson principale de 605 po\u00b2, suffisamment grande pour contenir 37 hamburgers<\/li>\n<li class=\"field__item\">Les grilles de cuisson en fonte \u00e9maill\u00e9e assurent un transfert de chaleur uniforme pour bien saisir les aliments. Le c\u00f4t\u00e9 invers\u00e9 des grilles cr\u00e9e de plus grandes marques de grillade et est dot\u00e9 de rainures permettant de retenir les jus de cuisson<\/li>\n<li class=\"field__item\">Les grandes tablettes lat\u00e9rales vous offrent amplement d&#8217;espace de pr\u00e9paration et sont dot\u00e9es de crochets \u00e0 ustensiles int\u00e9gr\u00e9s pour garder \u00e0 port\u00e9e de main tout ce dont vous avez besoin pour cr\u00e9er de d\u00e9licieux repas<\/li>\n<li class=\"field__item\">Faites saisir le steak parfait \u00e0 quelques pouces du charbon de bois, ou fumez et r\u00f4tissez \u00e0 feu doux pour obtenir une saveur de barbecue authentique. Le bac \u00e0 charbon de bois ajustable s&#8217;\u00e9l\u00e8ve et s&#8217;abaisse pour obtenir l&#8217;intensit\u00e9 de chaleur exacte dont vous avez besoin pour cuisiner le repas parfait<\/li>\n<li class=\"field__item\">L&#8217;acier inoxydable r\u00e9siste \u00e0 toutes sortes d&#8217;intemp\u00e9ries et \u00e0 la corrosion pour une performance et une \u00e9l\u00e9gance durables<\/li>\n<li class=\"field__item\">La porte d&#8217;acc\u00e8s frontale vous permet d&#8217;ajouter facilement du charbon de bois ou des copeaux de bois en cours de cuisson sans avoir \u00e0 ouvrir le couvercle et \u00e0 perturber la temp\u00e9rature \u00e0 l&#8217;int\u00e9rieur du gril<\/li>\n<li class=\"field__item\">Surveillez et r\u00e9glez avec pr\u00e9cision la temp\u00e9rature \u00e0 l&#8217;int\u00e9rieur du gril gr\u00e2ce \u00e0 la jauge de temp\u00e9rature ACCU-PROBE int\u00e9gr\u00e9e et aux portes d\u2019alimentation en air ajustables<\/li>\n<li class=\"field__item\">Faites r\u00f4tir vos repas \u00e0 la broche en utilisant le r\u00e9cipient \u00e0 charbon de bois arri\u00e8re. Aucun autre gril \u00e0 charbon de bois ne vous permet de faire cela. Chargez ce r\u00e9cipient sp\u00e9cial avec du charbon de bois non allum\u00e9 et ajoutez quelques morceaux de charbon de bois allum\u00e9 pour un r\u00f4tissage \u00e0 feu doux et lent. Vous pouvez aussi ajouter des copeaux de bois afin de rehausser la saveur<\/li>\n<li class=\"field__item\">Le grand cabinet de rangement situ\u00e9 sous le gril peut accueillir votre charbon et vos copeaux de bois pr\u00e9f\u00e9r\u00e9s, vos accessoires et vos ustensiles afin de pr\u00e9parer les plus d\u00e9licieux repas cuits au charbon de bois<\/li>\n<\/ul>\n<\/div>\n<\/div>\n<p>&nbsp;<\/p>\n<table class=\"specification-table\">\n<tbody>\n<tr>\n<th>GARANTIE<\/th>\n<td>Garantie limit\u00e9e de 15&nbsp;ans<sup>*<\/sup><\/td>\n<\/tr>\n<tr>\n<th>TYPE DE COMBUSTIBLE<\/th>\n<td>Charbon de bois<\/td>\n<\/tr>\n<tr>\n<th>SURFACE DE CUISSON PRINCIPALE<\/th>\n<td>33.5 x 18 in (85 x 46 cm) &nbsp;|&nbsp; 37 hamburgers<\/td>\n<\/tr>\n<tr>\n<th>SURFACE DE CUISSON TOTALE<\/th>\n<td>850 sq.in (5 440 cm\u00b2)<\/td>\n<\/tr>\n<tr>\n<th>R\u00d4TISSOIRE INCLUSE<\/th>\n<td>Optionnel<\/td>\n<\/tr>\n<tr>\n<th>HAUTEUR<\/th>\n<td>49,25 in (121 cm) &nbsp;|&nbsp; 59,25 in (151 cm) avec le couvercle ouvert<\/td>\n<\/tr>\n<tr>\n<th>LARGEUR<\/th>\n<td>67,50 in (171 cm)<\/td>\n<\/tr>\n<tr>\n<th>PROFONDEUR<\/th>\n<td>24,75 in (63 cm)<\/td>\n<\/tr>\n<tr>\n<th>HAUTEUR DE LA BO\u00ceTE<\/th>\n<td>27 in (68,58 cm)<\/td>\n<\/tr>\n<tr>\n<th>LARGEUR DE LA BO\u00ceTE<\/th>\n<td>41,25 in (104,78 cm)<\/td>\n<\/tr>\n<tr>\n<th>PROFONDEUR DE LA BO\u00ceTE<\/th>\n<td>31,25 in (79,38 cm)<\/td>\n<\/tr>\n<tr>\n<th>POIDS DE LA BO\u00ceTE<\/th>\n<td>240,90 lbs. (109,25 kg)<\/td>\n<\/tr>\n<\/tbody>\n<\/table>\n<p>&nbsp;<\/p>\n<p><img fetchpriority=\"high\" decoding=\"async\" class=\"\" src=\"https:\/\/www.napoleon.com\/sites\/default\/files\/products\/WebGallery_Dimensional_PRO605_dual.jpg\" width=\"472\" height=\"472\"><\/p>\t\t\t\t\t\t\t\t<\/div>\n\t\t\t\t<\/div>\n\t\t\t\t\t<\/div>\n\t\t<\/div>\n\t\t\t\t\t<\/div>\n\t\t<\/section>\n\t\t\t\t<section class=\"elementor-section elementor-top-section elementor-element elementor-element-77865c1 elementor-section-boxed elementor-section-height-default elementor-section-height-default\" data-id=\"77865c1\" data-element_type=\"section\">\n\t\t\t\t\t\t<div class=\"elementor-container elementor-column-gap-default\">\n\t\t\t\t\t<div class=\"elementor-column elementor-col-100 elementor-top-column elementor-element elementor-element-b9e1322\" data-id=\"b9e1322\" data-element_type=\"column\">\n\t\t\t<div class=\"elementor-widget-wrap elementor-element-populated\">\n\t\t\t\t\t\t<div class=\"elementor-element elementor-element-4cc1f87 elementor-tabs-view-horizontal elementor-widget elementor-widget-tabs\" data-id=\"4cc1f87\" data-element_type=\"widget\" data-widget_type=\"tabs.default\">\n\t\t\t\t<div class=\"elementor-widget-container\">\n\t\t\t\t\t\t\t<div class=\"elementor-tabs\">\n\t\t\t<div class=\"elementor-tabs-wrapper\" role=\"tablist\" >\n\t\t\t\t\t\t\t\t\t<div id=\"elementor-tab-title-8041\" class=\"elementor-tab-title elementor-tab-desktop-title\" aria-selected=\"true\" data-tab=\"1\" role=\"tab\" tabindex=\"0\" aria-controls=\"elementor-tab-content-8041\" aria-expanded=\"false\">Fichiers<\/div>\n\t\t\t\t\t\t\t<\/div>\n\t\t\t<div class=\"elementor-tabs-content-wrapper\" role=\"tablist\" aria-orientation=\"vertical\">\n\t\t\t\t\t\t\t\t\t<div class=\"elementor-tab-title elementor-tab-mobile-title\" aria-selected=\"true\" data-tab=\"1\" role=\"tab\" tabindex=\"0\" aria-controls=\"elementor-tab-content-8041\" aria-expanded=\"false\">Fichiers<\/div>\n\t\t\t\t\t<div id=\"elementor-tab-content-8041\" class=\"elementor-tab-content elementor-clearfix\" data-tab=\"1\" role=\"tabpanel\" aria-labelledby=\"elementor-tab-title-8041\" tabindex=\"0\" hidden=\"false\"><i class=\"far fa-file-pdf fa-xl\" style=\"font-size:35px\"><\/i><a href=\"https:\/\/www.belleflamme.ca\/wp-content\/uploads\/2024\/04\/ADBRCFL-Charcoal-Brochure-2021-FRN-PRINT.pdf\"> Brochure<\/a><\/br>\n<i class=\"far fa-file-pdf fa-xl\" style=\"font-size:35px\"><\/i><a href=\"https:\/\/www.belleflamme.ca\/wp-content\/uploads\/2024\/04\/N415-0279W.pdf\"> Manuel<\/a><\/br>\n<\/div>\n\t\t\t\t\t\t\t<\/div>\n\t\t<\/div>\n\t\t\t\t\t\t<\/div>\n\t\t\t\t<\/div>\n\t\t\t\t\t<\/div>\n\t\t<\/div>\n\t\t\t\t\t<\/div>\n\t\t<\/section>\n\t\t\t\t<\/div>\n\t\t","protected":false},"excerpt":{"rendered":"<p>GRIL DE CHARIOT DESCRIPTION Nous avons port\u00e9 la cuisson traditionnelle au charbon de bois vers de nouveaux sommets avec notre gril au charbon de bois professionnel en acier inoxydable durable et \u00e9l\u00e9gant. Pr\u00e9parez jusqu\u2019\u00e0 32 hamburgers en m\u00eame temps pour nourrir tous vos convives gr\u00e2ce \u00e0 la surface de cuisson de 605 po\u00b2. Vous pouvez [&hellip;]<\/p>\n","protected":false},"featured_media":51556,"template":"","meta":{"inline_featured_image":false},"product_brand":[1316],"product_cat":[113,115],"product_tag":[],"class_list":{"0":"post-35986","1":"product","2":"type-product","3":"status-publish","4":"has-post-thumbnail","6":"product_brand-bbq-napoleon","7":"product_cat-bbq-produits-exterieurs","8":"product_cat-bbq-grills-et-fumoirs","10":"first","11":"instock","12":"taxable","13":"shipping-taxable","14":"purchasable","15":"product-type-simple"},"yoast_head":"<!-- This site is optimized with the Yoast SEO Premium plugin v24.2 (Yoast SEO v24.2) - https:\/\/yoast.com\/wordpress\/plugins\/seo\/ -->\n<title>Grill au Charbon de Bois Professionnel de Napoleon - Groupe BelleFlamme<\/title>\n<meta name=\"description\" content=\"Grill au Charbon de Bois Professionnel de Napoleon vendu par le Groupe Belleflamme. Laval, Montr\u00e9al, Gatineau et Saint-Sauveur.\" \/>\n<meta name=\"robots\" content=\"index, follow, max-snippet:-1, max-image-preview:large, max-video-preview:-1\" \/>\n<link rel=\"canonical\" href=\"https:\/\/staging.belleflamme.ca\/fr\/produit\/grill-au-charbon-de-bois-professionnel-de-napoleon\/\" \/>\n<meta property=\"og:locale\" content=\"fr_FR\" \/>\n<meta property=\"og:type\" content=\"article\" \/>\n<meta property=\"og:title\" content=\"Grill au Charbon de Bois Professionnel de Napoleon\" \/>\n<meta property=\"og:description\" content=\"Grill au Charbon de Bois Professionnel de Napoleon vendu par le Groupe Belleflamme. Laval, Montr\u00e9al, Gatineau et Saint-Sauveur.\" \/>\n<meta property=\"og:url\" content=\"https:\/\/staging.belleflamme.ca\/fr\/produit\/grill-au-charbon-de-bois-professionnel-de-napoleon\/\" \/>\n<meta property=\"og:site_name\" content=\"Groupe BelleFlamme\" \/>\n<meta property=\"article:publisher\" content=\"https:\/\/www.facebook.com\/belleflamme.ca\/\" \/>\n<meta property=\"article:modified_time\" content=\"2025-02-27T19:34:17+00:00\" \/>\n<meta property=\"og:image\" content=\"https:\/\/www.belleflamme.ca\/wp-content\/uploads\/2024\/04\/Grill-au-Charbon-de-Bois-Professionnel-de-Napoleon.webp\" \/>\n\t<meta property=\"og:image:width\" content=\"1000\" \/>\n\t<meta property=\"og:image:height\" content=\"1000\" \/>\n\t<meta property=\"og:image:type\" content=\"image\/webp\" \/>\n<meta name=\"twitter:card\" content=\"summary_large_image\" \/>\n<meta name=\"twitter:label1\" content=\"Prix\" \/>\n\t<meta name=\"twitter:data1\" content=\"&#036;1,499.00\" \/>\n\t<meta name=\"twitter:label2\" content=\"Disponibilit\u00e9\" \/>\n\t<meta name=\"twitter:data2\" content=\"En stock\" \/>\n<script type=\"application\/ld+json\" class=\"yoast-schema-graph\">{\"@context\":\"https:\/\/schema.org\",\"@graph\":[{\"@type\":[\"WebPage\",\"ItemPage\"],\"@id\":\"https:\/\/staging.belleflamme.ca\/fr\/produit\/grill-au-charbon-de-bois-professionnel-de-napoleon\/\",\"url\":\"https:\/\/staging.belleflamme.ca\/fr\/produit\/grill-au-charbon-de-bois-professionnel-de-napoleon\/\",\"name\":\"Grill au Charbon de Bois Professionnel de Napoleon - Groupe BelleFlamme\",\"isPartOf\":{\"@id\":\"https:\/\/www.belleflamme.ca\/fr\/#website\"},\"primaryImageOfPage\":{\"@id\":\"https:\/\/staging.belleflamme.ca\/fr\/produit\/grill-au-charbon-de-bois-professionnel-de-napoleon\/#primaryimage\"},\"image\":{\"@id\":\"https:\/\/staging.belleflamme.ca\/fr\/produit\/grill-au-charbon-de-bois-professionnel-de-napoleon\/#primaryimage\"},\"thumbnailUrl\":\"https:\/\/staging.belleflamme.ca\/wp-content\/uploads\/2024\/04\/Grill-au-Charbon-de-Bois-Professionnel-de-Napoleon.webp\",\"datePublished\":\"2024-04-25T19:24:54+00:00\",\"dateModified\":\"2025-02-27T19:34:17+00:00\",\"description\":\"Grill au Charbon de Bois Professionnel de Napoleon vendu par le Groupe Belleflamme. Laval, Montr\u00e9al, Gatineau et Saint-Sauveur.\",\"breadcrumb\":{\"@id\":\"https:\/\/staging.belleflamme.ca\/fr\/produit\/grill-au-charbon-de-bois-professionnel-de-napoleon\/#breadcrumb\"},\"inLanguage\":\"fr-FR\",\"potentialAction\":[{\"@type\":\"ReadAction\",\"target\":[\"https:\/\/staging.belleflamme.ca\/fr\/produit\/grill-au-charbon-de-bois-professionnel-de-napoleon\/\"]}]},{\"@type\":\"ImageObject\",\"inLanguage\":\"fr-FR\",\"@id\":\"https:\/\/staging.belleflamme.ca\/fr\/produit\/grill-au-charbon-de-bois-professionnel-de-napoleon\/#primaryimage\",\"url\":\"https:\/\/staging.belleflamme.ca\/wp-content\/uploads\/2024\/04\/Grill-au-Charbon-de-Bois-Professionnel-de-Napoleon.webp\",\"contentUrl\":\"https:\/\/staging.belleflamme.ca\/wp-content\/uploads\/2024\/04\/Grill-au-Charbon-de-Bois-Professionnel-de-Napoleon.webp\",\"width\":1000,\"height\":1000,\"caption\":\"Grill au Charbon de Bois Professionnel de Napoleon\"},{\"@type\":\"BreadcrumbList\",\"@id\":\"https:\/\/staging.belleflamme.ca\/fr\/produit\/grill-au-charbon-de-bois-professionnel-de-napoleon\/#breadcrumb\",\"itemListElement\":[{\"@type\":\"ListItem\",\"position\":1,\"name\":\"Accueil\",\"item\":\"https:\/\/www.belleflamme.ca\/fr\/\"},{\"@type\":\"ListItem\",\"position\":2,\"name\":\"Boutique\",\"item\":\"https:\/\/www.belleflamme.ca\/fr\/boutique\/\"},{\"@type\":\"ListItem\",\"position\":3,\"name\":\"BBQ &amp; Produits Ext\u00e9rieurs\",\"item\":\"https:\/\/staging.belleflamme.ca\/fr\/categories\/bbq-produits-exterieurs\/\"},{\"@type\":\"ListItem\",\"position\":4,\"name\":\"BBQ Grills et Fumoirs\",\"item\":\"https:\/\/staging.belleflamme.ca\/fr\/categories\/bbq-produits-exterieurs\/bbq-grills-et-fumoirs\/\"},{\"@type\":\"ListItem\",\"position\":5,\"name\":\"Grill au Charbon de Bois Professionnel de Napoleon\"}]},{\"@type\":\"WebSite\",\"@id\":\"https:\/\/www.belleflamme.ca\/fr\/#website\",\"url\":\"https:\/\/www.belleflamme.ca\/fr\/\",\"name\":\"Groupe Belleflamme\",\"description\":\"La m\u00e9canique du b\u00e2timent dans le sang.\",\"publisher\":{\"@id\":\"https:\/\/www.belleflamme.ca\/fr\/#organization\"},\"potentialAction\":[{\"@type\":\"SearchAction\",\"target\":{\"@type\":\"EntryPoint\",\"urlTemplate\":\"https:\/\/www.belleflamme.ca\/fr\/?s={search_term_string}\"},\"query-input\":{\"@type\":\"PropertyValueSpecification\",\"valueRequired\":true,\"valueName\":\"search_term_string\"}}],\"inLanguage\":\"fr-FR\"},{\"@type\":[\"Organization\",\"Place\"],\"@id\":\"https:\/\/www.belleflamme.ca\/fr\/#organization\",\"name\":\"Groupe Belleflamme\",\"alternateName\":\"Belleflamme\",\"url\":\"https:\/\/www.belleflamme.ca\/fr\/\",\"logo\":{\"@type\":\"ImageObject\",\"inLanguage\":\"fr-FR\",\"@id\":\"https:\/\/www.belleflamme.ca\/fr\/#\/schema\/logo\/image\/\",\"url\":\"https:\/\/staging.belleflamme.ca\/wp-content\/uploads\/2023\/01\/og-image.jpg\",\"contentUrl\":\"https:\/\/staging.belleflamme.ca\/wp-content\/uploads\/2023\/01\/og-image.jpg\",\"width\":1200,\"height\":630,\"caption\":\"Groupe Belleflamme\"},\"image\":{\"@id\":\"https:\/\/www.belleflamme.ca\/fr\/#\/schema\/logo\/image\/\"},\"sameAs\":[\"https:\/\/www.facebook.com\/belleflamme.ca\/\",\"https:\/\/www.linkedin.com\/company\/belleflamme\/\",\"https:\/\/www.pinterest.ca\/groupebelleflamme\/\",\"https:\/\/www.instagram.com\/legroupebelleflamme\/\"],\"mainEntityOfPage\":{\"@id\":\"https:\/\/staging.belleflamme.ca\/fr\/produit\/grill-au-charbon-de-bois-professionnel-de-napoleon\/\"}}]}<\/script>\n<meta property=\"product:brand\" content=\"BBQ Napoleon\" \/>\n<meta property=\"product:price:amount\" content=\"1499.00\" \/>\n<meta property=\"product:price:currency\" content=\"CAD\" \/>\n<meta property=\"og:availability\" content=\"instock\" \/>\n<meta property=\"product:availability\" content=\"instock\" \/>\n<meta property=\"product:retailer_item_id\" content=\"PRO605CSS\" \/>\n<meta property=\"product:condition\" content=\"new\" \/>\n<!-- \/ Yoast SEO Premium plugin. -->","yoast_head_json":{"title":"Grill au Charbon de Bois Professionnel de Napoleon - Groupe BelleFlamme","description":"Grill au Charbon de Bois Professionnel de Napoleon vendu par le Groupe Belleflamme. Laval, Montr\u00e9al, Gatineau et Saint-Sauveur.","robots":{"index":"index","follow":"follow","max-snippet":"max-snippet:-1","max-image-preview":"max-image-preview:large","max-video-preview":"max-video-preview:-1"},"canonical":"https:\/\/staging.belleflamme.ca\/fr\/produit\/grill-au-charbon-de-bois-professionnel-de-napoleon\/","og_locale":"fr_FR","og_type":"article","og_title":"Grill au Charbon de Bois Professionnel de Napoleon","og_description":"Grill au Charbon de Bois Professionnel de Napoleon vendu par le Groupe Belleflamme. Laval, Montr\u00e9al, Gatineau et Saint-Sauveur.","og_url":"https:\/\/staging.belleflamme.ca\/fr\/produit\/grill-au-charbon-de-bois-professionnel-de-napoleon\/","og_site_name":"Groupe BelleFlamme","article_publisher":"https:\/\/www.facebook.com\/belleflamme.ca\/","article_modified_time":"2025-02-27T19:34:17+00:00","og_image":[{"width":1000,"height":1000,"url":"https:\/\/www.belleflamme.ca\/wp-content\/uploads\/2024\/04\/Grill-au-Charbon-de-Bois-Professionnel-de-Napoleon.webp","type":"image\/webp"}],"twitter_card":"summary_large_image","twitter_misc":{"Prix":"&#36;1,499.00","Disponibilit\u00e9":"En stock"},"schema":{"@context":"https:\/\/schema.org","@graph":[{"@type":["WebPage","ItemPage"],"@id":"https:\/\/staging.belleflamme.ca\/fr\/produit\/grill-au-charbon-de-bois-professionnel-de-napoleon\/","url":"https:\/\/staging.belleflamme.ca\/fr\/produit\/grill-au-charbon-de-bois-professionnel-de-napoleon\/","name":"Grill au Charbon de Bois Professionnel de Napoleon - Groupe BelleFlamme","isPartOf":{"@id":"https:\/\/www.belleflamme.ca\/fr\/#website"},"primaryImageOfPage":{"@id":"https:\/\/staging.belleflamme.ca\/fr\/produit\/grill-au-charbon-de-bois-professionnel-de-napoleon\/#primaryimage"},"image":{"@id":"https:\/\/staging.belleflamme.ca\/fr\/produit\/grill-au-charbon-de-bois-professionnel-de-napoleon\/#primaryimage"},"thumbnailUrl":"https:\/\/staging.belleflamme.ca\/wp-content\/uploads\/2024\/04\/Grill-au-Charbon-de-Bois-Professionnel-de-Napoleon.webp","datePublished":"2024-04-25T19:24:54+00:00","dateModified":"2025-02-27T19:34:17+00:00","description":"Grill au Charbon de Bois Professionnel de Napoleon vendu par le Groupe Belleflamme. Laval, Montr\u00e9al, Gatineau et Saint-Sauveur.","breadcrumb":{"@id":"https:\/\/staging.belleflamme.ca\/fr\/produit\/grill-au-charbon-de-bois-professionnel-de-napoleon\/#breadcrumb"},"inLanguage":"fr-FR","potentialAction":[{"@type":"ReadAction","target":["https:\/\/staging.belleflamme.ca\/fr\/produit\/grill-au-charbon-de-bois-professionnel-de-napoleon\/"]}]},{"@type":"ImageObject","inLanguage":"fr-FR","@id":"https:\/\/staging.belleflamme.ca\/fr\/produit\/grill-au-charbon-de-bois-professionnel-de-napoleon\/#primaryimage","url":"https:\/\/staging.belleflamme.ca\/wp-content\/uploads\/2024\/04\/Grill-au-Charbon-de-Bois-Professionnel-de-Napoleon.webp","contentUrl":"https:\/\/staging.belleflamme.ca\/wp-content\/uploads\/2024\/04\/Grill-au-Charbon-de-Bois-Professionnel-de-Napoleon.webp","width":1000,"height":1000,"caption":"Grill au Charbon de Bois Professionnel de Napoleon"},{"@type":"BreadcrumbList","@id":"https:\/\/staging.belleflamme.ca\/fr\/produit\/grill-au-charbon-de-bois-professionnel-de-napoleon\/#breadcrumb","itemListElement":[{"@type":"ListItem","position":1,"name":"Accueil","item":"https:\/\/www.belleflamme.ca\/fr\/"},{"@type":"ListItem","position":2,"name":"Boutique","item":"https:\/\/www.belleflamme.ca\/fr\/boutique\/"},{"@type":"ListItem","position":3,"name":"BBQ &amp; Produits Ext\u00e9rieurs","item":"https:\/\/staging.belleflamme.ca\/fr\/categories\/bbq-produits-exterieurs\/"},{"@type":"ListItem","position":4,"name":"BBQ Grills et Fumoirs","item":"https:\/\/staging.belleflamme.ca\/fr\/categories\/bbq-produits-exterieurs\/bbq-grills-et-fumoirs\/"},{"@type":"ListItem","position":5,"name":"Grill au Charbon de Bois Professionnel de Napoleon"}]},{"@type":"WebSite","@id":"https:\/\/www.belleflamme.ca\/fr\/#website","url":"https:\/\/www.belleflamme.ca\/fr\/","name":"Groupe Belleflamme","description":"La m\u00e9canique du b\u00e2timent dans le sang.","publisher":{"@id":"https:\/\/www.belleflamme.ca\/fr\/#organization"},"potentialAction":[{"@type":"SearchAction","target":{"@type":"EntryPoint","urlTemplate":"https:\/\/www.belleflamme.ca\/fr\/?s={search_term_string}"},"query-input":{"@type":"PropertyValueSpecification","valueRequired":true,"valueName":"search_term_string"}}],"inLanguage":"fr-FR"},{"@type":["Organization","Place"],"@id":"https:\/\/www.belleflamme.ca\/fr\/#organization","name":"Groupe Belleflamme","alternateName":"Belleflamme","url":"https:\/\/www.belleflamme.ca\/fr\/","logo":{"@type":"ImageObject","inLanguage":"fr-FR","@id":"https:\/\/www.belleflamme.ca\/fr\/#\/schema\/logo\/image\/","url":"https:\/\/staging.belleflamme.ca\/wp-content\/uploads\/2023\/01\/og-image.jpg","contentUrl":"https:\/\/staging.belleflamme.ca\/wp-content\/uploads\/2023\/01\/og-image.jpg","width":1200,"height":630,"caption":"Groupe Belleflamme"},"image":{"@id":"https:\/\/www.belleflamme.ca\/fr\/#\/schema\/logo\/image\/"},"sameAs":["https:\/\/www.facebook.com\/belleflamme.ca\/","https:\/\/www.linkedin.com\/company\/belleflamme\/","https:\/\/www.pinterest.ca\/groupebelleflamme\/","https:\/\/www.instagram.com\/legroupebelleflamme\/"],"mainEntityOfPage":{"@id":"https:\/\/staging.belleflamme.ca\/fr\/produit\/grill-au-charbon-de-bois-professionnel-de-napoleon\/"}}]},"product_brand":"BBQ Napoleon","product_price_amount":"1499.00","product_price_currency":"CAD","og_availability":"instock","product_availability":"instock","product_retailer_item_id":"PRO605CSS","product_condition":"new"},"_links":{"self":[{"href":"https:\/\/staging.belleflamme.ca\/fr\/wp-json\/wp\/v2\/product\/35986","targetHints":{"allow":["GET"]}}],"collection":[{"href":"https:\/\/staging.belleflamme.ca\/fr\/wp-json\/wp\/v2\/product"}],"about":[{"href":"https:\/\/staging.belleflamme.ca\/fr\/wp-json\/wp\/v2\/types\/product"}],"version-history":[{"count":5,"href":"https:\/\/staging.belleflamme.ca\/fr\/wp-json\/wp\/v2\/product\/35986\/revisions"}],"predecessor-version":[{"id":43390,"href":"https:\/\/staging.belleflamme.ca\/fr\/wp-json\/wp\/v2\/product\/35986\/revisions\/43390"}],"wp:featuredmedia":[{"embeddable":true,"href":"https:\/\/staging.belleflamme.ca\/fr\/wp-json\/wp\/v2\/media\/51556"}],"wp:attachment":[{"href":"https:\/\/staging.belleflamme.ca\/fr\/wp-json\/wp\/v2\/media?parent=35986"}],"wp:term":[{"taxonomy":"product_brand","embeddable":true,"href":"https:\/\/staging.belleflamme.ca\/fr\/wp-json\/wp\/v2\/product_brand?post=35986"},{"taxonomy":"product_cat","embeddable":true,"href":"https:\/\/staging.belleflamme.ca\/fr\/wp-json\/wp\/v2\/product_cat?post=35986"},{"taxonomy":"product_tag","embeddable":true,"href":"https:\/\/staging.belleflamme.ca\/fr\/wp-json\/wp\/v2\/product_tag?post=35986"}],"curies":[{"name":"wp","href":"https:\/\/api.w.org\/{rel}","templated":true}]}}