{"id":35966,"date":"2024-04-25T15:11:54","date_gmt":"2024-04-25T19:11:54","guid":{"rendered":"https:\/\/www.belleflamme.ca\/?post_type=product&#038;p=35966"},"modified":"2025-02-27T14:27:38","modified_gmt":"2025-02-27T19:27:38","slug":"bbq-au-gaz-freestyle-365-de-napoleon","status":"publish","type":"product","link":"https:\/\/staging.belleflamme.ca\/fr\/produit\/bbq-au-gaz-freestyle-365-de-napoleon\/","title":{"rendered":"BBQ au Gaz FREESTYLE 365 de Napoleon"},"content":{"rendered":"\t\t<div data-elementor-type=\"product-post\" data-elementor-id=\"35966\" class=\"elementor elementor-35966\" data-elementor-post-type=\"product\">\n\t\t\t\t\t\t<section class=\"elementor-section elementor-top-section elementor-element elementor-element-1939d75b elementor-section-boxed elementor-section-height-default elementor-section-height-default\" data-id=\"1939d75b\" data-element_type=\"section\">\n\t\t\t\t\t\t<div class=\"elementor-container elementor-column-gap-default\">\n\t\t\t\t\t<div class=\"elementor-column elementor-col-100 elementor-top-column elementor-element elementor-element-7f06a6b2\" data-id=\"7f06a6b2\" data-element_type=\"column\">\n\t\t\t<div class=\"elementor-widget-wrap elementor-element-populated\">\n\t\t\t\t\t\t<div class=\"elementor-element elementor-element-2a8dd258 elementor-widget elementor-widget-text-editor\" data-id=\"2a8dd258\" data-element_type=\"widget\" data-widget_type=\"text-editor.default\">\n\t\t\t\t<div class=\"elementor-widget-container\">\n\t\t\t\t\t\t\t\t\t<p><iframe title=\"YouTube video player\" src=\"https:\/\/www.youtube.com\/embed\/3MTgrkW-Mgo?si=PJgylVwsw-yfO8I-\" width=\"560\" height=\"315\" frameborder=\"0\" allowfullscreen=\"allowfullscreen\"><\/iframe><\/p>\n<div class=\"clearfix text-formatted field field--name-field-tagline field--type-text-long field--label-hidden field__item\">\n<p>GRIL \u00c0 GAZ<\/p>\n<h3 class=\"title hide-item-on-mobile\">DESCRIPTION<\/h3>\n<div class=\"inner-wrapper\" data-max-height=\"360px\" data-fade=\"true\">\n<div class=\"clearfix text-formatted field field--name-body field--type-text-with-summary field--label-hidden field__item\">\n<p>Le gril Freestyle 365 au gaz naturel est un gril compact dot\u00e9 de fonctionnalit\u00e9s de luxe offrant une valeur imbattable. Les br\u00fbleurs s\u2019allument facilement chaque fois gr\u00e2ce au syst\u00e8me d\u2019allumage instantan\u00e9 JETFIRE qui envoie un jet de flamme. Obtenez une cuisson parfaite sur les grilles de cuisson en fonte \u00e9maill\u00e9e. Trois br\u00fbleurs en acier inoxydable fournissent une chaleur facile \u00e0 contr\u00f4ler et \u00e0 surveiller gr\u00e2ce aux boutons de commande ergonomiques et \u00e0 la jauge de temp\u00e9rature int\u00e9gr\u00e9e. \u00c9quip\u00e9 de roues robustes, le gril Freestyle peut \u00eatre d\u00e9plac\u00e9 o\u00f9 vous le souhaitez, tandis que ses tablettes lat\u00e9rales faciles \u00e0 rabattre et dot\u00e9es de supports \u00e0 ustensiles et d\u2019un ouvre-bouteille font qu\u2019il s\u2019adaptera parfaitement \u00e0 votre style de vie et \u00e0 votre espace.<\/p>\n<\/div>\n<\/div>\n<\/div>\n<p>&nbsp;<\/p>\n<h3 class=\"title hide-item-on-mobile\">CARACT\u00c9RISTIQUES<\/h3>\n<div class=\"inner-wrapper open\" data-max-height=\"360px\" data-fade=\"true\" data-height=\"548.708px\">\n<div class=\"clearfix text-formatted field field--name-field-summary-features field--type-text field--label-hidden field__items\">\n<ul>\n<li class=\"field__item\">Le gril Freestyle 365 est dot\u00e9 de 3 br\u00fbleurs principaux, d&#8217;une surface de cuisson totale de 365 po\u00b2 et d&#8217;une puissance de 33 000 BTU<\/li>\n<li class=\"field__item\">Les br\u00fbleurs tubulaires en acier inoxydable offrent une longue dur\u00e9e de vie et permettent de cuire les aliments rapidement et uniform\u00e9ment<\/li>\n<li class=\"field__item\">Les grilles de cuisson embl\u00e9matiques en fonte de Napoleon r\u00e9sistent \u00e0 la rouille, assurent un transfert de chaleur uniforme, emp\u00eachent les aliments de tomber dans le gril et cr\u00e9ent nos marques de grillade distinctes<\/li>\n<li class=\"field__item\">Le syst\u00e8me d&#8217;allumage instantan\u00e9 JETFIRE est innovant et facile \u00e0 utiliser. Il projette un jet de flamme pour allumer chacun des br\u00fbleurs principaux et assurer un d\u00e9marrage rapide \u00e0 tout coup<\/li>\n<li class=\"field__item\">Mesurez avec pr\u00e9cision la temp\u00e9rature de votre gril pour un contr\u00f4le optimal lorsque vous cuisinez gr\u00e2ce \u00e0 la jauge de temp\u00e9rature ACCU-PROBE<\/li>\n<li class=\"field__item\">Les tablettes lat\u00e9rales rabattables permettent de ranger le gril \u00e0 l&#8217;\u00e9cart ou dans des espaces restreints, id\u00e9al pour les balcons et les petites terrasses<\/li>\n<li class=\"field__item\">Le chariot ferm\u00e9 maintient le r\u00e9servoir de propane bien en place dans le cabinet gr\u00e2ce au dispositif de rangement simple et s\u00e9curitaire<\/li>\n<li class=\"field__item\">\u00c9quip\u00e9 de roues robustes tout-terrain, ce gril vous accompagne ais\u00e9ment partout o\u00f9 vous le d\u00e9sirez<\/li>\n<li class=\"field__item\">Les diffuseurs en porcelaine \u00e9maill\u00e9e assurent une r\u00e9partition uniforme de la chaleur et prot\u00e8gent les br\u00fbleurs pendant la cuisson<\/li>\n<li class=\"field__item\">Les grils au gaz naturel sont pratiques et faciles \u00e0 utiliser, cependant le raccordement \u00e0 la ligne de gaz doit \u00eatre effectu\u00e9 par un professionnel si celle-ci n&#8217;est pas d\u00e9j\u00e0 existante<\/li>\n<li class=\"field__item\">Consultez nos instructions d&#8217;assemblage d\u00e9taill\u00e9es pour ce mod\u00e8le sur l&#8217;application BILT<\/li>\n<\/ul>\n<\/div>\n<\/div>\n<p>&nbsp;<\/p>\n<table class=\"specification-table\">\n<tbody>\n<tr>\n<th>GARANTIE<\/th>\n<td>10 Ans garantie Int\u00e9grale<sup>*<\/sup><\/td>\n<\/tr>\n<tr>\n<th>TYPE DE COMBUSTIBLE<\/th>\n<td>Gaz naturel et Propane<\/td>\n<\/tr>\n<tr>\n<th>D\u00c9BIT DE CHALEUR<\/th>\n<td>33 000 BTU (12 kW)<\/td>\n<\/tr>\n<tr>\n<th>SURFACE DE CUISSON PRINCIPALE<\/th>\n<td>20.25 x 18 in (52 x 46 cm) &nbsp;|&nbsp; 22 hamburgers<\/td>\n<\/tr>\n<tr>\n<th>SURFACE DE CUISSON TOTALE<\/th>\n<td>495 sq.in (3 210 cm\u00b2)<\/td>\n<\/tr>\n<tr>\n<th>R\u00d4TISSOIRE INCLUSE<\/th>\n<td>Optionnel<\/td>\n<\/tr>\n<tr>\n<th>HAUTEUR<\/th>\n<td>45,50 in (116 cm) &nbsp;|&nbsp; 60,50 in (154 cm) avec le couvercle ouvert<\/td>\n<\/tr>\n<tr>\n<th>LARGEUR<\/th>\n<td>48,75 in (124 cm) &nbsp;|&nbsp; 29,75 in (76 cm) avec la\/les tablette(s) pli\u00e9e(s)<\/td>\n<\/tr>\n<tr>\n<th>PROFONDEUR<\/th>\n<td>25 in (64 cm)<\/td>\n<\/tr>\n<tr>\n<th>HAUTEUR DE LA BO\u00ceTE<\/th>\n<td>20 in (50,80 cm)<\/td>\n<\/tr>\n<tr>\n<th>LARGEUR DE LA BO\u00ceTE<\/th>\n<td>27,75 in (70,49 cm)<\/td>\n<\/tr>\n<tr>\n<th>PROFONDEUR DE LA BO\u00ceTE<\/th>\n<td>29 in (73,66 cm)<\/td>\n<\/tr>\n<tr>\n<th>POIDS DE LA BO\u00ceTE<\/th>\n<td>104 lbs. (47,17 kg)<\/td>\n<\/tr>\n<\/tbody>\n<\/table>\n<p>&nbsp;<\/p>\n<p><img fetchpriority=\"high\" decoding=\"async\" class=\"\" src=\"https:\/\/www.napoleon.com\/sites\/default\/files\/products\/WebGallery_Dimensional_F365_dual.jpg\" width=\"434\" height=\"434\"><\/p>\t\t\t\t\t\t\t\t<\/div>\n\t\t\t\t<\/div>\n\t\t\t\t\t<\/div>\n\t\t<\/div>\n\t\t\t\t\t<\/div>\n\t\t<\/section>\n\t\t\t\t<section class=\"elementor-section elementor-top-section elementor-element elementor-element-1851233 elementor-section-boxed elementor-section-height-default elementor-section-height-default\" data-id=\"1851233\" data-element_type=\"section\">\n\t\t\t\t\t\t<div class=\"elementor-container elementor-column-gap-default\">\n\t\t\t\t\t<div class=\"elementor-column elementor-col-100 elementor-top-column elementor-element elementor-element-3f71605\" data-id=\"3f71605\" data-element_type=\"column\">\n\t\t\t<div class=\"elementor-widget-wrap elementor-element-populated\">\n\t\t\t\t\t\t<div class=\"elementor-element elementor-element-caea7b7 elementor-tabs-view-horizontal elementor-widget elementor-widget-tabs\" data-id=\"caea7b7\" data-element_type=\"widget\" data-widget_type=\"tabs.default\">\n\t\t\t\t<div class=\"elementor-widget-container\">\n\t\t\t\t\t\t\t<div class=\"elementor-tabs\">\n\t\t\t<div class=\"elementor-tabs-wrapper\" role=\"tablist\" >\n\t\t\t\t\t\t\t\t\t<div id=\"elementor-tab-title-2121\" class=\"elementor-tab-title elementor-tab-desktop-title\" aria-selected=\"true\" data-tab=\"1\" role=\"tab\" tabindex=\"0\" aria-controls=\"elementor-tab-content-2121\" aria-expanded=\"false\">Fichiers<\/div>\n\t\t\t\t\t\t\t<\/div>\n\t\t\t<div class=\"elementor-tabs-content-wrapper\" role=\"tablist\" aria-orientation=\"vertical\">\n\t\t\t\t\t\t\t\t\t<div class=\"elementor-tab-title elementor-tab-mobile-title\" aria-selected=\"true\" data-tab=\"1\" role=\"tab\" tabindex=\"0\" aria-controls=\"elementor-tab-content-2121\" aria-expanded=\"false\">Fichiers<\/div>\n\t\t\t\t\t<div id=\"elementor-tab-content-2121\" class=\"elementor-tab-content elementor-clearfix\" data-tab=\"1\" role=\"tabpanel\" aria-labelledby=\"elementor-tab-title-2121\" tabindex=\"0\" hidden=\"false\"><i class=\"far fa-file-pdf fa-xl\" style=\"font-size:35px\"><\/i><a href=\"https:\/\/www.belleflamme.ca\/wp-content\/uploads\/2024\/04\/Freestyle-Brochure_ADBRN2-FREE_v8_fr-CA_FRA-v3_DIGITAL_LoRes.pdf\"> Brochure<\/a><\/br>\n<i class=\"far fa-file-pdf fa-xl\" style=\"font-size:35px\"><\/i><a href=\"https:\/\/www.belleflamme.ca\/wp-content\/uploads\/2024\/04\/Freestyle-Series-F365-F425-NA.pdf\"> Manuel<\/a><\/br>\n<i class=\"far fa-file-pdf fa-xl\" style=\"font-size:35px\"><\/i><a href=\"https:\/\/www.belleflamme.ca\/wp-content\/uploads\/2024\/04\/N415-0708_J-0.pdf\"> Guide de montage<\/a><\/br><\/div>\n\t\t\t\t\t\t\t<\/div>\n\t\t<\/div>\n\t\t\t\t\t\t<\/div>\n\t\t\t\t<\/div>\n\t\t\t\t\t<\/div>\n\t\t<\/div>\n\t\t\t\t\t<\/div>\n\t\t<\/section>\n\t\t\t\t<\/div>\n\t\t","protected":false},"excerpt":{"rendered":"<p>GRIL \u00c0 GAZ DESCRIPTION Le gril Freestyle 365 au gaz naturel est un gril compact dot\u00e9 de fonctionnalit\u00e9s de luxe offrant une valeur imbattable. Les br\u00fbleurs s\u2019allument facilement chaque fois gr\u00e2ce au syst\u00e8me d\u2019allumage instantan\u00e9 JETFIRE qui envoie un jet de flamme. Obtenez une cuisson parfaite sur les grilles de cuisson en fonte \u00e9maill\u00e9e. Trois [&hellip;]<\/p>\n","protected":false},"featured_media":51554,"template":"","meta":{"inline_featured_image":false},"product_brand":[1316],"product_cat":[113,114],"product_tag":[],"class_list":{"0":"post-35966","1":"product","2":"type-product","3":"status-publish","4":"has-post-thumbnail","6":"product_brand-bbq-napoleon","7":"product_cat-bbq-produits-exterieurs","8":"product_cat-bbq-au-gaz","10":"first","11":"instock","12":"taxable","13":"shipping-taxable","14":"purchasable","15":"product-type-variable"},"yoast_head":"<!-- This site is optimized with the Yoast SEO Premium plugin v24.2 (Yoast SEO v24.2) - https:\/\/yoast.com\/wordpress\/plugins\/seo\/ -->\n<title>BBQ au Gaz FREESTYLE 365 de Napoleon - Groupe BelleFlamme<\/title>\n<meta name=\"description\" content=\"BBQ au Gaz FREESTYLE 365 de Napoleon vendu par le Groupe Belleflamme. Laval, Montr\u00e9al, Gatineau et Saint-Sauveur.\" \/>\n<meta name=\"robots\" content=\"index, follow, max-snippet:-1, max-image-preview:large, max-video-preview:-1\" \/>\n<link rel=\"canonical\" href=\"https:\/\/staging.belleflamme.ca\/fr\/produit\/bbq-au-gaz-freestyle-365-de-napoleon\/\" \/>\n<meta property=\"og:locale\" content=\"fr_FR\" \/>\n<meta property=\"og:type\" content=\"article\" \/>\n<meta property=\"og:title\" content=\"BBQ au Gaz FREESTYLE 365 de Napoleon\" \/>\n<meta property=\"og:description\" content=\"BBQ au Gaz FREESTYLE 365 de Napoleon vendu par le Groupe Belleflamme. Laval, Montr\u00e9al, Gatineau et Saint-Sauveur.\" \/>\n<meta property=\"og:url\" content=\"https:\/\/staging.belleflamme.ca\/fr\/produit\/bbq-au-gaz-freestyle-365-de-napoleon\/\" \/>\n<meta property=\"og:site_name\" content=\"Groupe BelleFlamme\" \/>\n<meta property=\"article:publisher\" content=\"https:\/\/www.facebook.com\/belleflamme.ca\/\" \/>\n<meta property=\"article:modified_time\" content=\"2025-02-27T19:27:38+00:00\" \/>\n<meta property=\"og:image\" content=\"https:\/\/www.belleflamme.ca\/wp-content\/uploads\/2024\/04\/BBQ-au-Gaz-FREESTYLE-365-de-Napoleon.webp\" \/>\n\t<meta property=\"og:image:width\" content=\"1000\" \/>\n\t<meta property=\"og:image:height\" content=\"1000\" \/>\n\t<meta property=\"og:image:type\" content=\"image\/webp\" \/>\n<meta name=\"twitter:card\" content=\"summary_large_image\" \/>\n<meta name=\"twitter:label1\" content=\"Disponibilit\u00e9\" \/>\n\t<meta name=\"twitter:data1\" content=\"En stock\" \/>\n<script type=\"application\/ld+json\" class=\"yoast-schema-graph\">{\"@context\":\"https:\/\/schema.org\",\"@graph\":[{\"@type\":[\"WebPage\",\"ItemPage\"],\"@id\":\"https:\/\/staging.belleflamme.ca\/fr\/produit\/bbq-au-gaz-freestyle-365-de-napoleon\/\",\"url\":\"https:\/\/staging.belleflamme.ca\/fr\/produit\/bbq-au-gaz-freestyle-365-de-napoleon\/\",\"name\":\"BBQ au Gaz FREESTYLE 365 de Napoleon - Groupe BelleFlamme\",\"isPartOf\":{\"@id\":\"https:\/\/www.belleflamme.ca\/fr\/#website\"},\"primaryImageOfPage\":{\"@id\":\"https:\/\/staging.belleflamme.ca\/fr\/produit\/bbq-au-gaz-freestyle-365-de-napoleon\/#primaryimage\"},\"image\":{\"@id\":\"https:\/\/staging.belleflamme.ca\/fr\/produit\/bbq-au-gaz-freestyle-365-de-napoleon\/#primaryimage\"},\"thumbnailUrl\":\"https:\/\/staging.belleflamme.ca\/wp-content\/uploads\/2024\/04\/BBQ-au-Gaz-FREESTYLE-365-de-Napoleon.webp\",\"datePublished\":\"2024-04-25T19:11:54+00:00\",\"dateModified\":\"2025-02-27T19:27:38+00:00\",\"description\":\"BBQ au Gaz FREESTYLE 365 de Napoleon vendu par le Groupe Belleflamme. Laval, Montr\u00e9al, Gatineau et Saint-Sauveur.\",\"breadcrumb\":{\"@id\":\"https:\/\/staging.belleflamme.ca\/fr\/produit\/bbq-au-gaz-freestyle-365-de-napoleon\/#breadcrumb\"},\"inLanguage\":\"fr-FR\",\"potentialAction\":[{\"@type\":\"ReadAction\",\"target\":[\"https:\/\/staging.belleflamme.ca\/fr\/produit\/bbq-au-gaz-freestyle-365-de-napoleon\/\"]}]},{\"@type\":\"ImageObject\",\"inLanguage\":\"fr-FR\",\"@id\":\"https:\/\/staging.belleflamme.ca\/fr\/produit\/bbq-au-gaz-freestyle-365-de-napoleon\/#primaryimage\",\"url\":\"https:\/\/staging.belleflamme.ca\/wp-content\/uploads\/2024\/04\/BBQ-au-Gaz-FREESTYLE-365-de-Napoleon.webp\",\"contentUrl\":\"https:\/\/staging.belleflamme.ca\/wp-content\/uploads\/2024\/04\/BBQ-au-Gaz-FREESTYLE-365-de-Napoleon.webp\",\"width\":1000,\"height\":1000,\"caption\":\"BBQ au Gaz FREESTYLE 365 de Napoleon\"},{\"@type\":\"BreadcrumbList\",\"@id\":\"https:\/\/staging.belleflamme.ca\/fr\/produit\/bbq-au-gaz-freestyle-365-de-napoleon\/#breadcrumb\",\"itemListElement\":[{\"@type\":\"ListItem\",\"position\":1,\"name\":\"Accueil\",\"item\":\"https:\/\/www.belleflamme.ca\/fr\/\"},{\"@type\":\"ListItem\",\"position\":2,\"name\":\"Boutique\",\"item\":\"https:\/\/www.belleflamme.ca\/fr\/boutique\/\"},{\"@type\":\"ListItem\",\"position\":3,\"name\":\"BBQ &amp; Produits Ext\u00e9rieurs\",\"item\":\"https:\/\/staging.belleflamme.ca\/fr\/categories\/bbq-produits-exterieurs\/\"},{\"@type\":\"ListItem\",\"position\":4,\"name\":\"BBQ au Gaz\",\"item\":\"https:\/\/staging.belleflamme.ca\/fr\/categories\/bbq-produits-exterieurs\/bbq-au-gaz\/\"},{\"@type\":\"ListItem\",\"position\":5,\"name\":\"BBQ au Gaz FREESTYLE 365 de Napoleon\"}]},{\"@type\":\"WebSite\",\"@id\":\"https:\/\/www.belleflamme.ca\/fr\/#website\",\"url\":\"https:\/\/www.belleflamme.ca\/fr\/\",\"name\":\"Groupe Belleflamme\",\"description\":\"La m\u00e9canique du b\u00e2timent dans le sang.\",\"publisher\":{\"@id\":\"https:\/\/www.belleflamme.ca\/fr\/#organization\"},\"potentialAction\":[{\"@type\":\"SearchAction\",\"target\":{\"@type\":\"EntryPoint\",\"urlTemplate\":\"https:\/\/www.belleflamme.ca\/fr\/?s={search_term_string}\"},\"query-input\":{\"@type\":\"PropertyValueSpecification\",\"valueRequired\":true,\"valueName\":\"search_term_string\"}}],\"inLanguage\":\"fr-FR\"},{\"@type\":[\"Organization\",\"Place\"],\"@id\":\"https:\/\/www.belleflamme.ca\/fr\/#organization\",\"name\":\"Groupe Belleflamme\",\"alternateName\":\"Belleflamme\",\"url\":\"https:\/\/www.belleflamme.ca\/fr\/\",\"logo\":{\"@type\":\"ImageObject\",\"inLanguage\":\"fr-FR\",\"@id\":\"https:\/\/www.belleflamme.ca\/fr\/#\/schema\/logo\/image\/\",\"url\":\"https:\/\/staging.belleflamme.ca\/wp-content\/uploads\/2023\/01\/og-image.jpg\",\"contentUrl\":\"https:\/\/staging.belleflamme.ca\/wp-content\/uploads\/2023\/01\/og-image.jpg\",\"width\":1200,\"height\":630,\"caption\":\"Groupe Belleflamme\"},\"image\":{\"@id\":\"https:\/\/www.belleflamme.ca\/fr\/#\/schema\/logo\/image\/\"},\"sameAs\":[\"https:\/\/www.facebook.com\/belleflamme.ca\/\",\"https:\/\/www.linkedin.com\/company\/belleflamme\/\",\"https:\/\/www.pinterest.ca\/groupebelleflamme\/\",\"https:\/\/www.instagram.com\/legroupebelleflamme\/\"],\"mainEntityOfPage\":{\"@id\":\"https:\/\/staging.belleflamme.ca\/fr\/produit\/bbq-au-gaz-freestyle-365-de-napoleon\/\"}}]}<\/script>\n<meta property=\"product:brand\" content=\"BBQ Napoleon\" \/>\n<meta property=\"og:availability\" content=\"instock\" \/>\n<meta property=\"product:availability\" content=\"instock\" \/>\n<meta property=\"product:condition\" content=\"new\" \/>\n<!-- \/ Yoast SEO Premium plugin. -->","yoast_head_json":{"title":"BBQ au Gaz FREESTYLE 365 de Napoleon - Groupe BelleFlamme","description":"BBQ au Gaz FREESTYLE 365 de Napoleon vendu par le Groupe Belleflamme. Laval, Montr\u00e9al, Gatineau et Saint-Sauveur.","robots":{"index":"index","follow":"follow","max-snippet":"max-snippet:-1","max-image-preview":"max-image-preview:large","max-video-preview":"max-video-preview:-1"},"canonical":"https:\/\/staging.belleflamme.ca\/fr\/produit\/bbq-au-gaz-freestyle-365-de-napoleon\/","og_locale":"fr_FR","og_type":"article","og_title":"BBQ au Gaz FREESTYLE 365 de Napoleon","og_description":"BBQ au Gaz FREESTYLE 365 de Napoleon vendu par le Groupe Belleflamme. Laval, Montr\u00e9al, Gatineau et Saint-Sauveur.","og_url":"https:\/\/staging.belleflamme.ca\/fr\/produit\/bbq-au-gaz-freestyle-365-de-napoleon\/","og_site_name":"Groupe BelleFlamme","article_publisher":"https:\/\/www.facebook.com\/belleflamme.ca\/","article_modified_time":"2025-02-27T19:27:38+00:00","og_image":[{"width":1000,"height":1000,"url":"https:\/\/www.belleflamme.ca\/wp-content\/uploads\/2024\/04\/BBQ-au-Gaz-FREESTYLE-365-de-Napoleon.webp","type":"image\/webp"}],"twitter_card":"summary_large_image","twitter_misc":{"Disponibilit\u00e9":"En stock"},"schema":{"@context":"https:\/\/schema.org","@graph":[{"@type":["WebPage","ItemPage"],"@id":"https:\/\/staging.belleflamme.ca\/fr\/produit\/bbq-au-gaz-freestyle-365-de-napoleon\/","url":"https:\/\/staging.belleflamme.ca\/fr\/produit\/bbq-au-gaz-freestyle-365-de-napoleon\/","name":"BBQ au Gaz FREESTYLE 365 de Napoleon - Groupe BelleFlamme","isPartOf":{"@id":"https:\/\/www.belleflamme.ca\/fr\/#website"},"primaryImageOfPage":{"@id":"https:\/\/staging.belleflamme.ca\/fr\/produit\/bbq-au-gaz-freestyle-365-de-napoleon\/#primaryimage"},"image":{"@id":"https:\/\/staging.belleflamme.ca\/fr\/produit\/bbq-au-gaz-freestyle-365-de-napoleon\/#primaryimage"},"thumbnailUrl":"https:\/\/staging.belleflamme.ca\/wp-content\/uploads\/2024\/04\/BBQ-au-Gaz-FREESTYLE-365-de-Napoleon.webp","datePublished":"2024-04-25T19:11:54+00:00","dateModified":"2025-02-27T19:27:38+00:00","description":"BBQ au Gaz FREESTYLE 365 de Napoleon vendu par le Groupe Belleflamme. Laval, Montr\u00e9al, Gatineau et Saint-Sauveur.","breadcrumb":{"@id":"https:\/\/staging.belleflamme.ca\/fr\/produit\/bbq-au-gaz-freestyle-365-de-napoleon\/#breadcrumb"},"inLanguage":"fr-FR","potentialAction":[{"@type":"ReadAction","target":["https:\/\/staging.belleflamme.ca\/fr\/produit\/bbq-au-gaz-freestyle-365-de-napoleon\/"]}]},{"@type":"ImageObject","inLanguage":"fr-FR","@id":"https:\/\/staging.belleflamme.ca\/fr\/produit\/bbq-au-gaz-freestyle-365-de-napoleon\/#primaryimage","url":"https:\/\/staging.belleflamme.ca\/wp-content\/uploads\/2024\/04\/BBQ-au-Gaz-FREESTYLE-365-de-Napoleon.webp","contentUrl":"https:\/\/staging.belleflamme.ca\/wp-content\/uploads\/2024\/04\/BBQ-au-Gaz-FREESTYLE-365-de-Napoleon.webp","width":1000,"height":1000,"caption":"BBQ au Gaz FREESTYLE 365 de Napoleon"},{"@type":"BreadcrumbList","@id":"https:\/\/staging.belleflamme.ca\/fr\/produit\/bbq-au-gaz-freestyle-365-de-napoleon\/#breadcrumb","itemListElement":[{"@type":"ListItem","position":1,"name":"Accueil","item":"https:\/\/www.belleflamme.ca\/fr\/"},{"@type":"ListItem","position":2,"name":"Boutique","item":"https:\/\/www.belleflamme.ca\/fr\/boutique\/"},{"@type":"ListItem","position":3,"name":"BBQ &amp; Produits Ext\u00e9rieurs","item":"https:\/\/staging.belleflamme.ca\/fr\/categories\/bbq-produits-exterieurs\/"},{"@type":"ListItem","position":4,"name":"BBQ au Gaz","item":"https:\/\/staging.belleflamme.ca\/fr\/categories\/bbq-produits-exterieurs\/bbq-au-gaz\/"},{"@type":"ListItem","position":5,"name":"BBQ au Gaz FREESTYLE 365 de Napoleon"}]},{"@type":"WebSite","@id":"https:\/\/www.belleflamme.ca\/fr\/#website","url":"https:\/\/www.belleflamme.ca\/fr\/","name":"Groupe Belleflamme","description":"La m\u00e9canique du b\u00e2timent dans le sang.","publisher":{"@id":"https:\/\/www.belleflamme.ca\/fr\/#organization"},"potentialAction":[{"@type":"SearchAction","target":{"@type":"EntryPoint","urlTemplate":"https:\/\/www.belleflamme.ca\/fr\/?s={search_term_string}"},"query-input":{"@type":"PropertyValueSpecification","valueRequired":true,"valueName":"search_term_string"}}],"inLanguage":"fr-FR"},{"@type":["Organization","Place"],"@id":"https:\/\/www.belleflamme.ca\/fr\/#organization","name":"Groupe Belleflamme","alternateName":"Belleflamme","url":"https:\/\/www.belleflamme.ca\/fr\/","logo":{"@type":"ImageObject","inLanguage":"fr-FR","@id":"https:\/\/www.belleflamme.ca\/fr\/#\/schema\/logo\/image\/","url":"https:\/\/staging.belleflamme.ca\/wp-content\/uploads\/2023\/01\/og-image.jpg","contentUrl":"https:\/\/staging.belleflamme.ca\/wp-content\/uploads\/2023\/01\/og-image.jpg","width":1200,"height":630,"caption":"Groupe Belleflamme"},"image":{"@id":"https:\/\/www.belleflamme.ca\/fr\/#\/schema\/logo\/image\/"},"sameAs":["https:\/\/www.facebook.com\/belleflamme.ca\/","https:\/\/www.linkedin.com\/company\/belleflamme\/","https:\/\/www.pinterest.ca\/groupebelleflamme\/","https:\/\/www.instagram.com\/legroupebelleflamme\/"],"mainEntityOfPage":{"@id":"https:\/\/staging.belleflamme.ca\/fr\/produit\/bbq-au-gaz-freestyle-365-de-napoleon\/"}}]},"product_brand":"BBQ Napoleon","og_availability":"instock","product_availability":"instock","product_condition":"new"},"_links":{"self":[{"href":"https:\/\/staging.belleflamme.ca\/fr\/wp-json\/wp\/v2\/product\/35966","targetHints":{"allow":["GET"]}}],"collection":[{"href":"https:\/\/staging.belleflamme.ca\/fr\/wp-json\/wp\/v2\/product"}],"about":[{"href":"https:\/\/staging.belleflamme.ca\/fr\/wp-json\/wp\/v2\/types\/product"}],"version-history":[{"count":4,"href":"https:\/\/staging.belleflamme.ca\/fr\/wp-json\/wp\/v2\/product\/35966\/revisions"}],"predecessor-version":[{"id":35974,"href":"https:\/\/staging.belleflamme.ca\/fr\/wp-json\/wp\/v2\/product\/35966\/revisions\/35974"}],"wp:featuredmedia":[{"embeddable":true,"href":"https:\/\/staging.belleflamme.ca\/fr\/wp-json\/wp\/v2\/media\/51554"}],"wp:attachment":[{"href":"https:\/\/staging.belleflamme.ca\/fr\/wp-json\/wp\/v2\/media?parent=35966"}],"wp:term":[{"taxonomy":"product_brand","embeddable":true,"href":"https:\/\/staging.belleflamme.ca\/fr\/wp-json\/wp\/v2\/product_brand?post=35966"},{"taxonomy":"product_cat","embeddable":true,"href":"https:\/\/staging.belleflamme.ca\/fr\/wp-json\/wp\/v2\/product_cat?post=35966"},{"taxonomy":"product_tag","embeddable":true,"href":"https:\/\/staging.belleflamme.ca\/fr\/wp-json\/wp\/v2\/product_tag?post=35966"}],"curies":[{"name":"wp","href":"https:\/\/api.w.org\/{rel}","templated":true}]}}