{"id":35833,"date":"2024-04-23T16:36:47","date_gmt":"2024-04-23T20:36:47","guid":{"rendered":"https:\/\/www.belleflamme.ca\/?post_type=product&#038;p=35833"},"modified":"2025-02-27T13:59:28","modified_gmt":"2025-02-27T18:59:28","slug":"bbq-au-gaz-rogue-425-sb-de-napoleon","status":"publish","type":"product","link":"https:\/\/staging.belleflamme.ca\/fr\/produit\/bbq-au-gaz-rogue-425-sb-de-napoleon\/","title":{"rendered":"BBQ au Gaz ROGUE 425 SB de Napoleon"},"content":{"rendered":"\t\t<div data-elementor-type=\"product-post\" data-elementor-id=\"35833\" class=\"elementor elementor-35833\" data-elementor-post-type=\"product\">\n\t\t\t\t\t\t<section class=\"elementor-section elementor-top-section elementor-element elementor-element-14fb7f45 elementor-section-boxed elementor-section-height-default elementor-section-height-default\" data-id=\"14fb7f45\" data-element_type=\"section\">\n\t\t\t\t\t\t<div class=\"elementor-container elementor-column-gap-default\">\n\t\t\t\t\t<div class=\"elementor-column elementor-col-100 elementor-top-column elementor-element elementor-element-7173daa0\" data-id=\"7173daa0\" data-element_type=\"column\">\n\t\t\t<div class=\"elementor-widget-wrap elementor-element-populated\">\n\t\t\t\t\t\t<div class=\"elementor-element elementor-element-4b0311be elementor-widget elementor-widget-text-editor\" data-id=\"4b0311be\" data-element_type=\"widget\" data-widget_type=\"text-editor.default\">\n\t\t\t\t<div class=\"elementor-widget-container\">\n\t\t\t\t\t\t\t\t\t<p><iframe title=\"YouTube video player\" src=\"https:\/\/www.youtube.com\/embed\/U-V3boR-iIU?si=b8somalh6RaayzY7\" width=\"560\" height=\"315\" frameborder=\"0\" allowfullscreen=\"allowfullscreen\"><\/iframe><\/p>\n<p>BR\u00dbLEUR LAT\u00c9RAL DE CUISINI\u00c8RE<\/p>\n<p>&nbsp;<\/p>\n<h3 class=\"title hide-item-on-mobile\">DESCRIPTION<\/h3>\n<div class=\"inner-wrapper open\" data-max-height=\"360px\" data-fade=\"true\" data-height=\"378px\">\n<div class=\"clearfix text-formatted field field--name-body field--type-text-with-summary field--label-hidden field__item\">\n<p>Optez pour le Rogue\u00ae 425 au propane en acier inoxydable de Napol\u00e9on \u00e9quip\u00e9 d&#8217;un br\u00fbleur lat\u00e9ral de cuisini\u00e8re. Les grilles de cuisson WAVE\u1d39\u1d30 embl\u00e9matiques cr\u00e9ent les marques de grillage distinctes \u00e0 Napol\u00e9on. Les 3 br\u00fbleurs en acier inoxydable produisent une chaleur pr\u00e9cise et les plaques de br\u00fbleur \u00e0 2 niveaux en acier inoxydable vaporisent les jus de cuisson, cr\u00e9ant une saveur intense. Cr\u00e9ez des chefs-d&#8217;\u0153uvre culinaires sur la surface de cuisson principale de 425 po\u00b2. Rien n&#8217;est plus simple que pr\u00e9parer des sauces et des plats d&#8217;accompagnement avec le br\u00fbleur lat\u00e9ral de cuisini\u00e8re. Ce gril en acier inoxydable est \u00e9quip\u00e9 d&#8217;une porte simple dot\u00e9e d&#8217;un espace de rangement qui s&#8217;harmonisera bien avec votre d\u00e9cor ext\u00e9rieur. Les roulettes verrouillables du gril permettent de d\u00e9placer celui-ci dans le feu de l&#8217;action. Les tablettes lat\u00e9rales pliables en acier inoxydable permettent d&#8217;\u00e9conomiser de l&#8217;espace et permettent de placer le Rogue\u00ae n&#8217;importe o\u00f9 dans votre paysage culinaire.<\/p>\n<\/div>\n<\/div>\n<p>&nbsp;<\/p>\n<h3 class=\"title hide-item-on-mobile\">CARACT\u00c9RISTIQUES<\/h3>\n<div class=\"inner-wrapper open\" data-max-height=\"360px\" data-fade=\"true\" data-height=\"559.969px\">\n<div class=\"clearfix text-formatted field field--name-field-summary-features field--type-text field--label-hidden field__items\">\n<ul>\n<li class=\"field__item\">Le gril Rogue 425 est dot\u00e9 de 3 br\u00fbleurs principaux, d&#8217;une puissance totale de 51 000 BTU, d&#8217;une surface de cuisson totale de 425 pouces carr\u00e9s et d&#8217;un br\u00fbleur lat\u00e9ral de cuisini\u00e8re<\/li>\n<li class=\"field__item\">Le contr\u00f4le pr\u00e9cis de la chaleur vous permet de griller et de r\u00f4tir \u00e0 basse temp\u00e9rature ou de cuire \u00e0 feu vif pour saisir les aliments<\/li>\n<li class=\"field__item\">Utilisez le br\u00fbleur lat\u00e9ral de cuisini\u00e8re pour pr\u00e9parer des sauces et des plats d&#8217;accompagnements pendant que vous cuisinez sur les br\u00fbleurs principaux<\/li>\n<li class=\"field__item\">Les grilles de cuisson en fonte \u00e9maill\u00e9e assurent un transfert de chaleur uniforme pour bien saisir les aliments. Le c\u00f4t\u00e9 invers\u00e9 des grilles cr\u00e9e de plus grandes marques de grillade et est dot\u00e9 de rainures permettant de retenir les jus de cuisson<\/li>\n<li class=\"field__item\">Le couvercle et les portes en porcelaine \u00e9maill\u00e9e noire durable et le panneau de commande en acier inoxydable r\u00e9sistent \u00e0 toutes les intemp\u00e9ries<\/li>\n<li class=\"field__item\">Les tablettes lat\u00e9rales rabattables permettent de ranger le gril \u00e0 l&#8217;\u00e9cart ou dans des espaces restreints, id\u00e9al pour les balcons et les petites terrasses<\/li>\n<li class=\"field__item\">Allumez le gril Rogue instantan\u00e9ment gr\u00e2ce au syst\u00e8me d&#8217;allumage sans piles. Ce syst\u00e8me d\u2019allumage fiable allume imm\u00e9diatement les br\u00fbleurs en produisant un jet de flamme<\/li>\n<li class=\"field__item\">La forme ondul\u00e9e unique assure un transfert de chaleur uniforme, emp\u00eache les aliments de tomber dans le gril et produit des marques de grillade exceptionnelles<\/li>\n<li class=\"field__item\">Les diffuseurs en acier inoxydable \u00e0 deux niveaux vaporisent les jus de cuisson qui s\u2019\u00e9coulent, prot\u00e9geant ainsi les br\u00fbleurs tubulaires en acier inoxydable et gardant votre gril plus propre<\/li>\n<li class=\"field__item\">Roulettes verrouillables qui facilitent les d\u00e9placements<\/li>\n<\/ul>\n<\/div>\n<\/div>\n<p>&nbsp;<\/p>\n<table class=\"specification-table\">\n<tbody>\n<tr>\n<th>GARANTIE<\/th>\n<td>15 Ans garantie Int\u00e9grale<sup>*<\/sup><\/td>\n<\/tr>\n<tr>\n<th>TYPE DE COMBUSTIBLE<\/th>\n<td>Gaz naturel et Propane<\/td>\n<\/tr>\n<tr>\n<th>D\u00c9BIT DE CHALEUR<\/th>\n<td>51 000 BTU<\/td>\n<\/tr>\n<tr>\n<th>SURFACE DE CUISSON PRINCIPALE<\/th>\n<td>23.75 x 18 in (60 x 46 cm) &nbsp;|&nbsp; 26 hamburgers<\/td>\n<\/tr>\n<tr>\n<th>SURFACE DE CUISSON TOTALE<\/th>\n<td>663 sq.in (4 316 cm\u00b2)<\/td>\n<\/tr>\n<tr>\n<th>R\u00d4TISSOIRE INCLUSE<\/th>\n<td>Optionnel<\/td>\n<\/tr>\n<tr>\n<th>SIDE BURNER<\/th>\n<td>\n<ul>\n<li>Br\u00fbleur lat\u00e9ral r\u00e9glable<\/li>\n<\/ul>\n<\/td>\n<\/tr>\n<tr>\n<th>HAUTEUR<\/th>\n<td>47,50 in (120 cm) &nbsp;|&nbsp; 63 in (160 cm) avec le couvercle ouvert<\/td>\n<\/tr>\n<tr>\n<th>LARGEUR<\/th>\n<td>51 in (130 cm) &nbsp;|&nbsp; 35 in (89 cm) avec la\/les tablette(s) pli\u00e9e(s)<\/td>\n<\/tr>\n<tr>\n<th>PROFONDEUR<\/th>\n<td>25 in (64 cm)<\/td>\n<\/tr>\n<tr>\n<th>HAUTEUR DE LA BO\u00ceTE<\/th>\n<td>24 in (60,96 cm)<\/td>\n<\/tr>\n<tr>\n<th>LARGEUR DE LA BO\u00ceTE<\/th>\n<td>30,10 in (76,45 cm)<\/td>\n<\/tr>\n<tr>\n<th>PROFONDEUR DE LA BO\u00ceTE<\/th>\n<td>33,90 in (86,11 cm)<\/td>\n<\/tr>\n<tr>\n<th>POIDS DE LA BO\u00ceTE<\/th>\n<td>132 lbs. (59,86 kg)<\/td>\n<\/tr>\n<\/tbody>\n<\/table>\n<p>&nbsp;<\/p>\n<p><img fetchpriority=\"high\" decoding=\"async\" class=\"\" src=\"https:\/\/www.napoleon.com\/sites\/default\/files\/products\/WebGallery_Dimensional_R425SB_dual.jpg\" width=\"402\" height=\"402\"><\/p>\t\t\t\t\t\t\t\t<\/div>\n\t\t\t\t<\/div>\n\t\t\t\t\t<\/div>\n\t\t<\/div>\n\t\t\t\t\t<\/div>\n\t\t<\/section>\n\t\t\t\t<section class=\"elementor-section elementor-top-section elementor-element elementor-element-cb23af6 elementor-section-boxed elementor-section-height-default elementor-section-height-default\" data-id=\"cb23af6\" data-element_type=\"section\">\n\t\t\t\t\t\t<div class=\"elementor-container elementor-column-gap-default\">\n\t\t\t\t\t<div class=\"elementor-column elementor-col-100 elementor-top-column elementor-element elementor-element-ebfebf5\" data-id=\"ebfebf5\" data-element_type=\"column\">\n\t\t\t<div class=\"elementor-widget-wrap elementor-element-populated\">\n\t\t\t\t\t\t<div class=\"elementor-element elementor-element-65e72d5 elementor-tabs-view-horizontal elementor-widget elementor-widget-tabs\" data-id=\"65e72d5\" data-element_type=\"widget\" data-widget_type=\"tabs.default\">\n\t\t\t\t<div class=\"elementor-widget-container\">\n\t\t\t\t\t\t\t<div class=\"elementor-tabs\">\n\t\t\t<div class=\"elementor-tabs-wrapper\" role=\"tablist\" >\n\t\t\t\t\t\t\t\t\t<div id=\"elementor-tab-title-1061\" class=\"elementor-tab-title elementor-tab-desktop-title\" aria-selected=\"true\" data-tab=\"1\" role=\"tab\" tabindex=\"0\" aria-controls=\"elementor-tab-content-1061\" aria-expanded=\"false\">Fichiers<\/div>\n\t\t\t\t\t\t\t<\/div>\n\t\t\t<div class=\"elementor-tabs-content-wrapper\" role=\"tablist\" aria-orientation=\"vertical\">\n\t\t\t\t\t\t\t\t\t<div class=\"elementor-tab-title elementor-tab-mobile-title\" aria-selected=\"true\" data-tab=\"1\" role=\"tab\" tabindex=\"0\" aria-controls=\"elementor-tab-content-1061\" aria-expanded=\"false\">Fichiers<\/div>\n\t\t\t\t\t<div id=\"elementor-tab-content-1061\" class=\"elementor-tab-content elementor-clearfix\" data-tab=\"1\" role=\"tabpanel\" aria-labelledby=\"elementor-tab-title-1061\" tabindex=\"0\" hidden=\"false\"><i class=\"far fa-file-pdf fa-xl\" style=\"font-size:35px\"><\/i><a href=\"https:\/\/www.belleflamme.ca\/wp-content\/uploads\/2024\/04\/N415-0608-1.pdf\"> Manuel<\/a><\/br>\n<i class=\"far fa-file-pdf fa-xl\" style=\"font-size:35px\"><\/i><a href=\"https:\/\/www.belleflamme.ca\/wp-content\/uploads\/2024\/04\/Rogue-Series-Assembly-Guide-June2022.pdf\"> Guide de Montage<\/a><\/br><\/div>\n\t\t\t\t\t\t\t<\/div>\n\t\t<\/div>\n\t\t\t\t\t\t<\/div>\n\t\t\t\t<\/div>\n\t\t\t\t\t<\/div>\n\t\t<\/div>\n\t\t\t\t\t<\/div>\n\t\t<\/section>\n\t\t\t\t<\/div>\n\t\t","protected":false},"excerpt":{"rendered":"<p>BR\u00dbLEUR LAT\u00c9RAL DE CUISINI\u00c8RE &nbsp; DESCRIPTION Optez pour le Rogue\u00ae 425 au propane en acier inoxydable de Napol\u00e9on \u00e9quip\u00e9 d&#8217;un br\u00fbleur lat\u00e9ral de cuisini\u00e8re. Les grilles de cuisson WAVE\u1d39\u1d30 embl\u00e9matiques cr\u00e9ent les marques de grillage distinctes \u00e0 Napol\u00e9on. Les 3 br\u00fbleurs en acier inoxydable produisent une chaleur pr\u00e9cise et les plaques de br\u00fbleur \u00e0 2 [&hellip;]<\/p>\n","protected":false},"featured_media":51524,"template":"","meta":{"inline_featured_image":false},"product_brand":[1316],"product_cat":[113,114],"product_tag":[],"class_list":{"0":"post-35833","1":"product","2":"type-product","3":"status-publish","4":"has-post-thumbnail","6":"product_brand-bbq-napoleon","7":"product_cat-bbq-produits-exterieurs","8":"product_cat-bbq-au-gaz","10":"first","11":"instock","12":"taxable","13":"shipping-taxable","14":"purchasable","15":"product-type-variable"},"yoast_head":"<!-- This site is optimized with the Yoast SEO Premium plugin v24.2 (Yoast SEO v24.2) - https:\/\/yoast.com\/wordpress\/plugins\/seo\/ -->\n<title>BBQ au Gaz ROGUE 425 SB de Napoleon - Groupe BelleFlamme<\/title>\n<meta name=\"description\" content=\"BBQ au Gaz ROGUE 425 SB de Napoleon vendu par le Groupe Belleflamme. Laval, Montr\u00e9al, Gatineau et Saint-Sauveur.\" \/>\n<meta name=\"robots\" content=\"index, follow, max-snippet:-1, max-image-preview:large, max-video-preview:-1\" \/>\n<link rel=\"canonical\" href=\"https:\/\/staging.belleflamme.ca\/fr\/produit\/bbq-au-gaz-rogue-425-sb-de-napoleon\/\" \/>\n<meta property=\"og:locale\" content=\"fr_FR\" \/>\n<meta property=\"og:type\" content=\"article\" \/>\n<meta property=\"og:title\" content=\"BBQ au Gaz ROGUE 425 SB de Napoleon\" \/>\n<meta property=\"og:description\" content=\"BBQ au Gaz ROGUE 425 SB de Napoleon vendu par le Groupe Belleflamme. Laval, Montr\u00e9al, Gatineau et Saint-Sauveur.\" \/>\n<meta property=\"og:url\" content=\"https:\/\/staging.belleflamme.ca\/fr\/produit\/bbq-au-gaz-rogue-425-sb-de-napoleon\/\" \/>\n<meta property=\"og:site_name\" content=\"Groupe BelleFlamme\" \/>\n<meta property=\"article:publisher\" content=\"https:\/\/www.facebook.com\/belleflamme.ca\/\" \/>\n<meta property=\"article:modified_time\" content=\"2025-02-27T18:59:28+00:00\" \/>\n<meta property=\"og:image\" content=\"https:\/\/www.belleflamme.ca\/wp-content\/uploads\/2024\/04\/BBQ-au-Gaz-ROGUE-425-SB-de-Napoleon.webp\" \/>\n\t<meta property=\"og:image:width\" content=\"1000\" \/>\n\t<meta property=\"og:image:height\" content=\"1000\" \/>\n\t<meta property=\"og:image:type\" content=\"image\/webp\" \/>\n<meta name=\"twitter:card\" content=\"summary_large_image\" \/>\n<meta name=\"twitter:label1\" content=\"Disponibilit\u00e9\" \/>\n\t<meta name=\"twitter:data1\" content=\"En stock\" \/>\n<script type=\"application\/ld+json\" class=\"yoast-schema-graph\">{\"@context\":\"https:\/\/schema.org\",\"@graph\":[{\"@type\":[\"WebPage\",\"ItemPage\"],\"@id\":\"https:\/\/staging.belleflamme.ca\/fr\/produit\/bbq-au-gaz-rogue-425-sb-de-napoleon\/\",\"url\":\"https:\/\/staging.belleflamme.ca\/fr\/produit\/bbq-au-gaz-rogue-425-sb-de-napoleon\/\",\"name\":\"BBQ au Gaz ROGUE 425 SB de Napoleon - Groupe BelleFlamme\",\"isPartOf\":{\"@id\":\"https:\/\/www.belleflamme.ca\/fr\/#website\"},\"primaryImageOfPage\":{\"@id\":\"https:\/\/staging.belleflamme.ca\/fr\/produit\/bbq-au-gaz-rogue-425-sb-de-napoleon\/#primaryimage\"},\"image\":{\"@id\":\"https:\/\/staging.belleflamme.ca\/fr\/produit\/bbq-au-gaz-rogue-425-sb-de-napoleon\/#primaryimage\"},\"thumbnailUrl\":\"https:\/\/staging.belleflamme.ca\/wp-content\/uploads\/2024\/04\/BBQ-au-Gaz-ROGUE-425-SB-de-Napoleon.webp\",\"datePublished\":\"2024-04-23T20:36:47+00:00\",\"dateModified\":\"2025-02-27T18:59:28+00:00\",\"description\":\"BBQ au Gaz ROGUE 425 SB de Napoleon vendu par le Groupe Belleflamme. Laval, Montr\u00e9al, Gatineau et Saint-Sauveur.\",\"breadcrumb\":{\"@id\":\"https:\/\/staging.belleflamme.ca\/fr\/produit\/bbq-au-gaz-rogue-425-sb-de-napoleon\/#breadcrumb\"},\"inLanguage\":\"fr-FR\",\"potentialAction\":[{\"@type\":\"ReadAction\",\"target\":[\"https:\/\/staging.belleflamme.ca\/fr\/produit\/bbq-au-gaz-rogue-425-sb-de-napoleon\/\"]}]},{\"@type\":\"ImageObject\",\"inLanguage\":\"fr-FR\",\"@id\":\"https:\/\/staging.belleflamme.ca\/fr\/produit\/bbq-au-gaz-rogue-425-sb-de-napoleon\/#primaryimage\",\"url\":\"https:\/\/staging.belleflamme.ca\/wp-content\/uploads\/2024\/04\/BBQ-au-Gaz-ROGUE-425-SB-de-Napoleon.webp\",\"contentUrl\":\"https:\/\/staging.belleflamme.ca\/wp-content\/uploads\/2024\/04\/BBQ-au-Gaz-ROGUE-425-SB-de-Napoleon.webp\",\"width\":1000,\"height\":1000,\"caption\":\"BBQ au Gaz ROGUE 425 SB de Napoleon\"},{\"@type\":\"BreadcrumbList\",\"@id\":\"https:\/\/staging.belleflamme.ca\/fr\/produit\/bbq-au-gaz-rogue-425-sb-de-napoleon\/#breadcrumb\",\"itemListElement\":[{\"@type\":\"ListItem\",\"position\":1,\"name\":\"Accueil\",\"item\":\"https:\/\/www.belleflamme.ca\/fr\/\"},{\"@type\":\"ListItem\",\"position\":2,\"name\":\"Boutique\",\"item\":\"https:\/\/www.belleflamme.ca\/fr\/boutique\/\"},{\"@type\":\"ListItem\",\"position\":3,\"name\":\"BBQ &amp; Produits Ext\u00e9rieurs\",\"item\":\"https:\/\/staging.belleflamme.ca\/fr\/categories\/bbq-produits-exterieurs\/\"},{\"@type\":\"ListItem\",\"position\":4,\"name\":\"BBQ au Gaz\",\"item\":\"https:\/\/staging.belleflamme.ca\/fr\/categories\/bbq-produits-exterieurs\/bbq-au-gaz\/\"},{\"@type\":\"ListItem\",\"position\":5,\"name\":\"BBQ au Gaz ROGUE 425 SB de Napoleon\"}]},{\"@type\":\"WebSite\",\"@id\":\"https:\/\/www.belleflamme.ca\/fr\/#website\",\"url\":\"https:\/\/www.belleflamme.ca\/fr\/\",\"name\":\"Groupe Belleflamme\",\"description\":\"La m\u00e9canique du b\u00e2timent dans le sang.\",\"publisher\":{\"@id\":\"https:\/\/www.belleflamme.ca\/fr\/#organization\"},\"potentialAction\":[{\"@type\":\"SearchAction\",\"target\":{\"@type\":\"EntryPoint\",\"urlTemplate\":\"https:\/\/www.belleflamme.ca\/fr\/?s={search_term_string}\"},\"query-input\":{\"@type\":\"PropertyValueSpecification\",\"valueRequired\":true,\"valueName\":\"search_term_string\"}}],\"inLanguage\":\"fr-FR\"},{\"@type\":[\"Organization\",\"Place\"],\"@id\":\"https:\/\/www.belleflamme.ca\/fr\/#organization\",\"name\":\"Groupe Belleflamme\",\"alternateName\":\"Belleflamme\",\"url\":\"https:\/\/www.belleflamme.ca\/fr\/\",\"logo\":{\"@type\":\"ImageObject\",\"inLanguage\":\"fr-FR\",\"@id\":\"https:\/\/www.belleflamme.ca\/fr\/#\/schema\/logo\/image\/\",\"url\":\"https:\/\/staging.belleflamme.ca\/wp-content\/uploads\/2023\/01\/og-image.jpg\",\"contentUrl\":\"https:\/\/staging.belleflamme.ca\/wp-content\/uploads\/2023\/01\/og-image.jpg\",\"width\":1200,\"height\":630,\"caption\":\"Groupe Belleflamme\"},\"image\":{\"@id\":\"https:\/\/www.belleflamme.ca\/fr\/#\/schema\/logo\/image\/\"},\"sameAs\":[\"https:\/\/www.facebook.com\/belleflamme.ca\/\",\"https:\/\/www.linkedin.com\/company\/belleflamme\/\",\"https:\/\/www.pinterest.ca\/groupebelleflamme\/\",\"https:\/\/www.instagram.com\/legroupebelleflamme\/\"],\"mainEntityOfPage\":{\"@id\":\"https:\/\/staging.belleflamme.ca\/fr\/produit\/bbq-au-gaz-rogue-425-sb-de-napoleon\/\"}}]}<\/script>\n<meta property=\"product:brand\" content=\"BBQ Napoleon\" \/>\n<meta property=\"og:availability\" content=\"instock\" \/>\n<meta property=\"product:availability\" content=\"instock\" \/>\n<meta property=\"product:condition\" content=\"new\" \/>\n<!-- \/ Yoast SEO Premium plugin. -->","yoast_head_json":{"title":"BBQ au Gaz ROGUE 425 SB de Napoleon - Groupe BelleFlamme","description":"BBQ au Gaz ROGUE 425 SB de Napoleon vendu par le Groupe Belleflamme. Laval, Montr\u00e9al, Gatineau et Saint-Sauveur.","robots":{"index":"index","follow":"follow","max-snippet":"max-snippet:-1","max-image-preview":"max-image-preview:large","max-video-preview":"max-video-preview:-1"},"canonical":"https:\/\/staging.belleflamme.ca\/fr\/produit\/bbq-au-gaz-rogue-425-sb-de-napoleon\/","og_locale":"fr_FR","og_type":"article","og_title":"BBQ au Gaz ROGUE 425 SB de Napoleon","og_description":"BBQ au Gaz ROGUE 425 SB de Napoleon vendu par le Groupe Belleflamme. Laval, Montr\u00e9al, Gatineau et Saint-Sauveur.","og_url":"https:\/\/staging.belleflamme.ca\/fr\/produit\/bbq-au-gaz-rogue-425-sb-de-napoleon\/","og_site_name":"Groupe BelleFlamme","article_publisher":"https:\/\/www.facebook.com\/belleflamme.ca\/","article_modified_time":"2025-02-27T18:59:28+00:00","og_image":[{"width":1000,"height":1000,"url":"https:\/\/www.belleflamme.ca\/wp-content\/uploads\/2024\/04\/BBQ-au-Gaz-ROGUE-425-SB-de-Napoleon.webp","type":"image\/webp"}],"twitter_card":"summary_large_image","twitter_misc":{"Disponibilit\u00e9":"En stock"},"schema":{"@context":"https:\/\/schema.org","@graph":[{"@type":["WebPage","ItemPage"],"@id":"https:\/\/staging.belleflamme.ca\/fr\/produit\/bbq-au-gaz-rogue-425-sb-de-napoleon\/","url":"https:\/\/staging.belleflamme.ca\/fr\/produit\/bbq-au-gaz-rogue-425-sb-de-napoleon\/","name":"BBQ au Gaz ROGUE 425 SB de Napoleon - Groupe BelleFlamme","isPartOf":{"@id":"https:\/\/www.belleflamme.ca\/fr\/#website"},"primaryImageOfPage":{"@id":"https:\/\/staging.belleflamme.ca\/fr\/produit\/bbq-au-gaz-rogue-425-sb-de-napoleon\/#primaryimage"},"image":{"@id":"https:\/\/staging.belleflamme.ca\/fr\/produit\/bbq-au-gaz-rogue-425-sb-de-napoleon\/#primaryimage"},"thumbnailUrl":"https:\/\/staging.belleflamme.ca\/wp-content\/uploads\/2024\/04\/BBQ-au-Gaz-ROGUE-425-SB-de-Napoleon.webp","datePublished":"2024-04-23T20:36:47+00:00","dateModified":"2025-02-27T18:59:28+00:00","description":"BBQ au Gaz ROGUE 425 SB de Napoleon vendu par le Groupe Belleflamme. Laval, Montr\u00e9al, Gatineau et Saint-Sauveur.","breadcrumb":{"@id":"https:\/\/staging.belleflamme.ca\/fr\/produit\/bbq-au-gaz-rogue-425-sb-de-napoleon\/#breadcrumb"},"inLanguage":"fr-FR","potentialAction":[{"@type":"ReadAction","target":["https:\/\/staging.belleflamme.ca\/fr\/produit\/bbq-au-gaz-rogue-425-sb-de-napoleon\/"]}]},{"@type":"ImageObject","inLanguage":"fr-FR","@id":"https:\/\/staging.belleflamme.ca\/fr\/produit\/bbq-au-gaz-rogue-425-sb-de-napoleon\/#primaryimage","url":"https:\/\/staging.belleflamme.ca\/wp-content\/uploads\/2024\/04\/BBQ-au-Gaz-ROGUE-425-SB-de-Napoleon.webp","contentUrl":"https:\/\/staging.belleflamme.ca\/wp-content\/uploads\/2024\/04\/BBQ-au-Gaz-ROGUE-425-SB-de-Napoleon.webp","width":1000,"height":1000,"caption":"BBQ au Gaz ROGUE 425 SB de Napoleon"},{"@type":"BreadcrumbList","@id":"https:\/\/staging.belleflamme.ca\/fr\/produit\/bbq-au-gaz-rogue-425-sb-de-napoleon\/#breadcrumb","itemListElement":[{"@type":"ListItem","position":1,"name":"Accueil","item":"https:\/\/www.belleflamme.ca\/fr\/"},{"@type":"ListItem","position":2,"name":"Boutique","item":"https:\/\/www.belleflamme.ca\/fr\/boutique\/"},{"@type":"ListItem","position":3,"name":"BBQ &amp; Produits Ext\u00e9rieurs","item":"https:\/\/staging.belleflamme.ca\/fr\/categories\/bbq-produits-exterieurs\/"},{"@type":"ListItem","position":4,"name":"BBQ au Gaz","item":"https:\/\/staging.belleflamme.ca\/fr\/categories\/bbq-produits-exterieurs\/bbq-au-gaz\/"},{"@type":"ListItem","position":5,"name":"BBQ au Gaz ROGUE 425 SB de Napoleon"}]},{"@type":"WebSite","@id":"https:\/\/www.belleflamme.ca\/fr\/#website","url":"https:\/\/www.belleflamme.ca\/fr\/","name":"Groupe Belleflamme","description":"La m\u00e9canique du b\u00e2timent dans le sang.","publisher":{"@id":"https:\/\/www.belleflamme.ca\/fr\/#organization"},"potentialAction":[{"@type":"SearchAction","target":{"@type":"EntryPoint","urlTemplate":"https:\/\/www.belleflamme.ca\/fr\/?s={search_term_string}"},"query-input":{"@type":"PropertyValueSpecification","valueRequired":true,"valueName":"search_term_string"}}],"inLanguage":"fr-FR"},{"@type":["Organization","Place"],"@id":"https:\/\/www.belleflamme.ca\/fr\/#organization","name":"Groupe Belleflamme","alternateName":"Belleflamme","url":"https:\/\/www.belleflamme.ca\/fr\/","logo":{"@type":"ImageObject","inLanguage":"fr-FR","@id":"https:\/\/www.belleflamme.ca\/fr\/#\/schema\/logo\/image\/","url":"https:\/\/staging.belleflamme.ca\/wp-content\/uploads\/2023\/01\/og-image.jpg","contentUrl":"https:\/\/staging.belleflamme.ca\/wp-content\/uploads\/2023\/01\/og-image.jpg","width":1200,"height":630,"caption":"Groupe Belleflamme"},"image":{"@id":"https:\/\/www.belleflamme.ca\/fr\/#\/schema\/logo\/image\/"},"sameAs":["https:\/\/www.facebook.com\/belleflamme.ca\/","https:\/\/www.linkedin.com\/company\/belleflamme\/","https:\/\/www.pinterest.ca\/groupebelleflamme\/","https:\/\/www.instagram.com\/legroupebelleflamme\/"],"mainEntityOfPage":{"@id":"https:\/\/staging.belleflamme.ca\/fr\/produit\/bbq-au-gaz-rogue-425-sb-de-napoleon\/"}}]},"product_brand":"BBQ Napoleon","og_availability":"instock","product_availability":"instock","product_condition":"new"},"_links":{"self":[{"href":"https:\/\/staging.belleflamme.ca\/fr\/wp-json\/wp\/v2\/product\/35833","targetHints":{"allow":["GET"]}}],"collection":[{"href":"https:\/\/staging.belleflamme.ca\/fr\/wp-json\/wp\/v2\/product"}],"about":[{"href":"https:\/\/staging.belleflamme.ca\/fr\/wp-json\/wp\/v2\/types\/product"}],"version-history":[{"count":4,"href":"https:\/\/staging.belleflamme.ca\/fr\/wp-json\/wp\/v2\/product\/35833\/revisions"}],"predecessor-version":[{"id":35841,"href":"https:\/\/staging.belleflamme.ca\/fr\/wp-json\/wp\/v2\/product\/35833\/revisions\/35841"}],"wp:featuredmedia":[{"embeddable":true,"href":"https:\/\/staging.belleflamme.ca\/fr\/wp-json\/wp\/v2\/media\/51524"}],"wp:attachment":[{"href":"https:\/\/staging.belleflamme.ca\/fr\/wp-json\/wp\/v2\/media?parent=35833"}],"wp:term":[{"taxonomy":"product_brand","embeddable":true,"href":"https:\/\/staging.belleflamme.ca\/fr\/wp-json\/wp\/v2\/product_brand?post=35833"},{"taxonomy":"product_cat","embeddable":true,"href":"https:\/\/staging.belleflamme.ca\/fr\/wp-json\/wp\/v2\/product_cat?post=35833"},{"taxonomy":"product_tag","embeddable":true,"href":"https:\/\/staging.belleflamme.ca\/fr\/wp-json\/wp\/v2\/product_tag?post=35833"}],"curies":[{"name":"wp","href":"https:\/\/api.w.org\/{rel}","templated":true}]}}