{"id":35729,"date":"2024-04-23T15:28:35","date_gmt":"2024-04-23T19:28:35","guid":{"rendered":"https:\/\/www.belleflamme.ca\/?post_type=product&#038;p=35729"},"modified":"2025-02-27T13:31:04","modified_gmt":"2025-02-27T18:31:04","slug":"bbq-au-gaz-rogue-xt-525-de-napoleon","status":"publish","type":"product","link":"https:\/\/staging.belleflamme.ca\/fr\/produit\/bbq-au-gaz-rogue-xt-525-de-napoleon\/","title":{"rendered":"BBQ au Gaz ROGUE XT 525 de Napoleon"},"content":{"rendered":"\t\t<div data-elementor-type=\"product-post\" data-elementor-id=\"35729\" class=\"elementor elementor-35729\" data-elementor-post-type=\"product\">\n\t\t\t\t\t\t<section class=\"elementor-section elementor-top-section elementor-element elementor-element-5f946761 elementor-section-boxed elementor-section-height-default elementor-section-height-default\" data-id=\"5f946761\" data-element_type=\"section\">\n\t\t\t\t\t\t<div class=\"elementor-container elementor-column-gap-default\">\n\t\t\t\t\t<div class=\"elementor-column elementor-col-100 elementor-top-column elementor-element elementor-element-6875f3c\" data-id=\"6875f3c\" data-element_type=\"column\">\n\t\t\t<div class=\"elementor-widget-wrap elementor-element-populated\">\n\t\t\t\t\t\t<div class=\"elementor-element elementor-element-34aa9ae4 elementor-widget elementor-widget-text-editor\" data-id=\"34aa9ae4\" data-element_type=\"widget\" data-widget_type=\"text-editor.default\">\n\t\t\t\t<div class=\"elementor-widget-container\">\n\t\t\t\t\t\t\t\t\t<p><iframe title=\"YouTube video player\" src=\"https:\/\/www.youtube.com\/embed\/R9bKSPc74Gk?si=gsTkxh77Bf9QSC_Z\" width=\"560\" height=\"315\" frameborder=\"0\" allowfullscreen=\"allowfullscreen\"><\/iframe><\/p>\n<p>GRIL A GAZ<\/p>\n<h3 class=\"title hide-item-on-mobile\">DESCRIPTION<\/h3>\n<div class=\"inner-wrapper\" data-max-height=\"360px\" data-fade=\"true\">\n<div class=\"clearfix text-formatted field field--name-body field--type-text-with-summary field--label-hidden field__item\">\n<p>BBQ your way with high-quality grilling at an affordable price, the Rogue\u00ae XT 525 Natural Gas Grill with Bonus Smoker Box by Napoleon is a versatile addition to any backyard. This grill is made from durable stainless steel and features folding side shelves for extra space. Easily move to where the action is with the locking casters. Inside, dual level sear plates vaporize drips and four tube burners light instantly with the JETFIRE\u2122 ignition system. Feed a crowd; with 710 square inches of total cooking area. You&#8217;ll know it&#8217;s a Napoleon with the iconic porcelain coated cast iron WAVE\u2122 cooking grids for those distinctive sear marks. BBQ your way and use this grill to sear, smoke, sizzle, bake, grill, roast and authentic charcoal grilling. With the bonus sear plate smoker box, you achieve true smoke flavor with an integrated smoking system. Grill different and go Rogue\u00ae with the Rogue\u00ae XT 525 Gas Grill.<\/p>\n<\/div>\n<\/div>\n<p>&nbsp;<\/p>\n<h3 class=\"title hide-item-on-mobile\">CARACT\u00c9RISTIQUES<\/h3>\n<div class=\"inner-wrapper open\" data-max-height=\"360px\" data-fade=\"true\" data-height=\"511.969px\">\n<div class=\"clearfix text-formatted field field--name-field-summary-features field--type-text field--label-hidden field__items\">\n<ul>\n<li class=\"field__item\">Le gril Rogue\u00ae XT 525 au gaz naturel en acier inoxydable est dot\u00e9 de 4 br\u00fbleurs principaux, d&#8217;une puissance totale de 48 000 BTU, d&#8217;une grande surface de cuisson de 18 pouces de profondeur sur 28,75 pouces de largeur et d&#8217;un bo\u00eetier \u00e0 copeaux de bois en prime<\/li>\n<li class=\"field__item\">Le contr\u00f4le pr\u00e9cis de la chaleur vous permet de griller, r\u00f4tir et fumer \u00e0 basse temp\u00e9rature ou de cuire \u00e0 feu vif pour saisir les aliments<\/li>\n<li class=\"field__item\">Gril en acier inoxydable durable qui offre une r\u00e9sistance contre la rouille et les intemp\u00e9ries tout en demeurant \u00e9l\u00e9gant<\/li>\n<li class=\"field__item\">Ajoutez une d\u00e9licieuse saveur fum\u00e9e \u00e0 vos mets pr\u00e9par\u00e9s sur le gril gr\u00e2ce au bo\u00eetier \u00e0 copeaux de bois en acier inoxydable de Napoleon offert en prime. Remplissez simplement ce bo\u00eetier de copeaux de bois et transformez votre gril \u00e0 gaz en fumoir<\/li>\n<li class=\"field__item\">Les grilles de cuisson en fonte \u00e9maill\u00e9e assurent un transfert de chaleur uniforme pour bien saisir les aliments. Le c\u00f4t\u00e9 invers\u00e9 des grilles cr\u00e9e de plus grandes marques de grillade et est dot\u00e9 de rainures permettant de retenir les jus de cuisson<\/li>\n<li class=\"field__item\">Allumez le gril Rogue instantan\u00e9ment gr\u00e2ce au syst\u00e8me d&#8217;allumage sans piles. Ce syst\u00e8me d\u2019allumage fiable allume imm\u00e9diatement les br\u00fbleurs en produisant un jet de flamme<\/li>\n<li class=\"field__item\">La forme ondul\u00e9e unique assure un transfert de chaleur uniforme, emp\u00eache les aliments de tomber dans le gril et produit des marques de grillade exceptionnelles<\/li>\n<li class=\"field__item\">Les diffuseurs en acier inoxydable \u00e0 deux niveaux vaporisent les jus de cuisson qui s\u2019\u00e9coulent, prot\u00e9geant ainsi les br\u00fbleurs tubulaires en acier inoxydable et gardant votre gril plus propre<\/li>\n<li class=\"field__item\">Les tablettes lat\u00e9rales rabattables permettent de ranger le gril \u00e0 l&#8217;\u00e9cart<\/li>\n<li class=\"field__item\">Consultez nos instructions d&#8217;assemblage d\u00e9taill\u00e9es pour ce mod\u00e8le sur l&#8217;application BILT<\/li>\n<\/ul>\n<\/div>\n<\/div>\n<p>&nbsp;<\/p>\n<table class=\"specification-table\">\n<tbody>\n<tr>\n<th>GARANTIE<\/th>\n<td>15 Ans garantie Int\u00e9grale<sup>*<\/sup><\/td>\n<\/tr>\n<tr>\n<th>TYPE DE COMBUSTIBLE<\/th>\n<td>Gaz naturel et Propane<\/td>\n<\/tr>\n<tr>\n<th>D\u00c9BIT DE CHALEUR<\/th>\n<td>48 000 BTU (16,60 kW)<\/td>\n<\/tr>\n<tr>\n<th>SURFACE DE CUISSON PRINCIPALE<\/th>\n<td>28.75 x 18 in (73 x 46 cm) &nbsp;|&nbsp; 32 hamburgers<\/td>\n<\/tr>\n<tr>\n<th>SURFACE DE CUISSON TOTALE<\/th>\n<td>711 sq.in (4 556 cm\u00b2)<\/td>\n<\/tr>\n<tr>\n<th>R\u00d4TISSOIRE INCLUSE<\/th>\n<td>Optionnel<\/td>\n<\/tr>\n<tr>\n<th>HAUTEUR<\/th>\n<td>48,50 in (123 cm) &nbsp;|&nbsp; 63 in (160 cm) avec le couvercle ouvert<\/td>\n<\/tr>\n<tr>\n<th>LARGEUR<\/th>\n<td>60,50 in (154 cm) &nbsp;|&nbsp; 40,50 in (103 cm) avec la\/les tablette(s) pli\u00e9e(s)<\/td>\n<\/tr>\n<tr>\n<th>PROFONDEUR<\/th>\n<td>25 in (63,50 cm)<\/td>\n<\/tr>\n<tr>\n<th>HAUTEUR DE LA BO\u00ceTE<\/th>\n<td>24,80 in (62,99 cm)<\/td>\n<\/tr>\n<tr>\n<th>LARGEUR DE LA BO\u00ceTE<\/th>\n<td>30 in (76,20 cm)<\/td>\n<\/tr>\n<tr>\n<th>PROFONDEUR DE LA BO\u00ceTE<\/th>\n<td>39 in (99,06 cm)<\/td>\n<\/tr>\n<tr>\n<th>POIDS DE LA BO\u00ceTE<\/th>\n<td>160 lbs. (72,56 kg)<\/td>\n<\/tr>\n<\/tbody>\n<\/table>\n<p>&nbsp;<\/p>\n<p><img fetchpriority=\"high\" decoding=\"async\" class=\"\" src=\"https:\/\/www.napoleon.com\/sites\/default\/files\/products\/WebGallery_Dimensional_RXT525_dual.jpg\" width=\"490\" height=\"490\"><\/p>\t\t\t\t\t\t\t\t<\/div>\n\t\t\t\t<\/div>\n\t\t\t\t\t<\/div>\n\t\t<\/div>\n\t\t\t\t\t<\/div>\n\t\t<\/section>\n\t\t\t\t<section class=\"elementor-section elementor-top-section elementor-element elementor-element-e4d15c1 elementor-section-boxed elementor-section-height-default elementor-section-height-default\" data-id=\"e4d15c1\" data-element_type=\"section\">\n\t\t\t\t\t\t<div class=\"elementor-container elementor-column-gap-default\">\n\t\t\t\t\t<div class=\"elementor-column elementor-col-100 elementor-top-column elementor-element elementor-element-133018c\" data-id=\"133018c\" data-element_type=\"column\">\n\t\t\t<div class=\"elementor-widget-wrap elementor-element-populated\">\n\t\t\t\t\t\t<div class=\"elementor-element elementor-element-c97280e elementor-tabs-view-horizontal elementor-widget elementor-widget-tabs\" data-id=\"c97280e\" data-element_type=\"widget\" data-widget_type=\"tabs.default\">\n\t\t\t\t<div class=\"elementor-widget-container\">\n\t\t\t\t\t\t\t<div class=\"elementor-tabs\">\n\t\t\t<div class=\"elementor-tabs-wrapper\" role=\"tablist\" >\n\t\t\t\t\t\t\t\t\t<div id=\"elementor-tab-title-2111\" class=\"elementor-tab-title elementor-tab-desktop-title\" aria-selected=\"true\" data-tab=\"1\" role=\"tab\" tabindex=\"0\" aria-controls=\"elementor-tab-content-2111\" aria-expanded=\"false\">Fichiers<\/div>\n\t\t\t\t\t\t\t<\/div>\n\t\t\t<div class=\"elementor-tabs-content-wrapper\" role=\"tablist\" aria-orientation=\"vertical\">\n\t\t\t\t\t\t\t\t\t<div class=\"elementor-tab-title elementor-tab-mobile-title\" aria-selected=\"true\" data-tab=\"1\" role=\"tab\" tabindex=\"0\" aria-controls=\"elementor-tab-content-2111\" aria-expanded=\"false\">Fichiers<\/div>\n\t\t\t\t\t<div id=\"elementor-tab-content-2111\" class=\"elementor-tab-content elementor-clearfix\" data-tab=\"1\" role=\"tabpanel\" aria-labelledby=\"elementor-tab-title-2111\" tabindex=\"0\" hidden=\"false\"><i class=\"far fa-file-pdf fa-xl\" style=\"font-size:35px\"><\/i><a href=\"https:\/\/www.belleflamme.ca\/wp-content\/uploads\/2024\/04\/equfhnlbeer7suh4swva.pdf\"> Manuel<\/a><\/br>\n<i class=\"far fa-file-pdf fa-xl\" style=\"font-size:35px\"><\/i><a href=\"https:\/\/www.belleflamme.ca\/wp-content\/uploads\/2024\/04\/Rogue-XT-Series-Assembly-Guide.pdf\"> Guide de Montage<\/a><\/br><\/div>\n\t\t\t\t\t\t\t<\/div>\n\t\t<\/div>\n\t\t\t\t\t\t<\/div>\n\t\t\t\t<\/div>\n\t\t\t\t\t<\/div>\n\t\t<\/div>\n\t\t\t\t\t<\/div>\n\t\t<\/section>\n\t\t\t\t<\/div>\n\t\t","protected":false},"excerpt":{"rendered":"<p>GRIL A GAZ DESCRIPTION BBQ your way with high-quality grilling at an affordable price, the Rogue\u00ae XT 525 Natural Gas Grill with Bonus Smoker Box by Napoleon is a versatile addition to any backyard. This grill is made from durable stainless steel and features folding side shelves for extra space. Easily move to where the [&hellip;]<\/p>\n","protected":false},"featured_media":51540,"template":"","meta":{"inline_featured_image":false},"product_brand":[1316],"product_cat":[113,114],"product_tag":[],"class_list":{"0":"post-35729","1":"product","2":"type-product","3":"status-publish","4":"has-post-thumbnail","6":"product_brand-bbq-napoleon","7":"product_cat-bbq-produits-exterieurs","8":"product_cat-bbq-au-gaz","10":"first","11":"instock","12":"taxable","13":"shipping-taxable","14":"purchasable","15":"product-type-variable"},"yoast_head":"<!-- This site is optimized with the Yoast SEO Premium plugin v24.2 (Yoast SEO v24.2) - https:\/\/yoast.com\/wordpress\/plugins\/seo\/ -->\n<title>BBQ au Gaz ROGUE XT 525 de Napoleon - Groupe BelleFlamme<\/title>\n<meta name=\"description\" content=\"BBQ au Gaz ROGUE XT 525 de Napoleon vendu le Groupe Belleflamme. Laval, Montr\u00e9al, Gatineau et Saint-Sauveur.\" \/>\n<meta name=\"robots\" content=\"index, follow, max-snippet:-1, max-image-preview:large, max-video-preview:-1\" \/>\n<link rel=\"canonical\" href=\"https:\/\/staging.belleflamme.ca\/fr\/produit\/bbq-au-gaz-rogue-xt-525-de-napoleon\/\" \/>\n<meta property=\"og:locale\" content=\"fr_FR\" \/>\n<meta property=\"og:type\" content=\"article\" \/>\n<meta property=\"og:title\" content=\"BBQ au Gaz ROGUE XT 525 de Napoleon\" \/>\n<meta property=\"og:description\" content=\"BBQ au Gaz ROGUE XT 525 de Napoleon vendu le Groupe Belleflamme. Laval, Montr\u00e9al, Gatineau et Saint-Sauveur.\" \/>\n<meta property=\"og:url\" content=\"https:\/\/staging.belleflamme.ca\/fr\/produit\/bbq-au-gaz-rogue-xt-525-de-napoleon\/\" \/>\n<meta property=\"og:site_name\" content=\"Groupe BelleFlamme\" \/>\n<meta property=\"article:publisher\" content=\"https:\/\/www.facebook.com\/belleflamme.ca\/\" \/>\n<meta property=\"article:modified_time\" content=\"2025-02-27T18:31:04+00:00\" \/>\n<meta property=\"og:image\" content=\"https:\/\/www.belleflamme.ca\/wp-content\/uploads\/2024\/04\/BBQ-au-Gaz-ROGUE-XT-525-de-Napoleon.webp\" \/>\n\t<meta property=\"og:image:width\" content=\"1000\" \/>\n\t<meta property=\"og:image:height\" content=\"1000\" \/>\n\t<meta property=\"og:image:type\" content=\"image\/webp\" \/>\n<meta name=\"twitter:card\" content=\"summary_large_image\" \/>\n<meta name=\"twitter:label1\" content=\"Disponibilit\u00e9\" \/>\n\t<meta name=\"twitter:data1\" content=\"En stock\" \/>\n<script type=\"application\/ld+json\" class=\"yoast-schema-graph\">{\"@context\":\"https:\/\/schema.org\",\"@graph\":[{\"@type\":[\"WebPage\",\"ItemPage\"],\"@id\":\"https:\/\/staging.belleflamme.ca\/fr\/produit\/bbq-au-gaz-rogue-xt-525-de-napoleon\/\",\"url\":\"https:\/\/staging.belleflamme.ca\/fr\/produit\/bbq-au-gaz-rogue-xt-525-de-napoleon\/\",\"name\":\"BBQ au Gaz ROGUE XT 525 de Napoleon - Groupe BelleFlamme\",\"isPartOf\":{\"@id\":\"https:\/\/www.belleflamme.ca\/fr\/#website\"},\"primaryImageOfPage\":{\"@id\":\"https:\/\/staging.belleflamme.ca\/fr\/produit\/bbq-au-gaz-rogue-xt-525-de-napoleon\/#primaryimage\"},\"image\":{\"@id\":\"https:\/\/staging.belleflamme.ca\/fr\/produit\/bbq-au-gaz-rogue-xt-525-de-napoleon\/#primaryimage\"},\"thumbnailUrl\":\"https:\/\/staging.belleflamme.ca\/wp-content\/uploads\/2024\/04\/BBQ-au-Gaz-ROGUE-XT-525-de-Napoleon.webp\",\"datePublished\":\"2024-04-23T19:28:35+00:00\",\"dateModified\":\"2025-02-27T18:31:04+00:00\",\"description\":\"BBQ au Gaz ROGUE XT 525 de Napoleon vendu le Groupe Belleflamme. Laval, Montr\u00e9al, Gatineau et Saint-Sauveur.\",\"breadcrumb\":{\"@id\":\"https:\/\/staging.belleflamme.ca\/fr\/produit\/bbq-au-gaz-rogue-xt-525-de-napoleon\/#breadcrumb\"},\"inLanguage\":\"fr-FR\",\"potentialAction\":[{\"@type\":\"ReadAction\",\"target\":[\"https:\/\/staging.belleflamme.ca\/fr\/produit\/bbq-au-gaz-rogue-xt-525-de-napoleon\/\"]}]},{\"@type\":\"ImageObject\",\"inLanguage\":\"fr-FR\",\"@id\":\"https:\/\/staging.belleflamme.ca\/fr\/produit\/bbq-au-gaz-rogue-xt-525-de-napoleon\/#primaryimage\",\"url\":\"https:\/\/staging.belleflamme.ca\/wp-content\/uploads\/2024\/04\/BBQ-au-Gaz-ROGUE-XT-525-de-Napoleon.webp\",\"contentUrl\":\"https:\/\/staging.belleflamme.ca\/wp-content\/uploads\/2024\/04\/BBQ-au-Gaz-ROGUE-XT-525-de-Napoleon.webp\",\"width\":1000,\"height\":1000,\"caption\":\"BBQ au Gaz ROGUE XT 525 de Napoleon\"},{\"@type\":\"BreadcrumbList\",\"@id\":\"https:\/\/staging.belleflamme.ca\/fr\/produit\/bbq-au-gaz-rogue-xt-525-de-napoleon\/#breadcrumb\",\"itemListElement\":[{\"@type\":\"ListItem\",\"position\":1,\"name\":\"Accueil\",\"item\":\"https:\/\/www.belleflamme.ca\/fr\/\"},{\"@type\":\"ListItem\",\"position\":2,\"name\":\"Boutique\",\"item\":\"https:\/\/www.belleflamme.ca\/fr\/boutique\/\"},{\"@type\":\"ListItem\",\"position\":3,\"name\":\"BBQ &amp; Produits Ext\u00e9rieurs\",\"item\":\"https:\/\/staging.belleflamme.ca\/fr\/categories\/bbq-produits-exterieurs\/\"},{\"@type\":\"ListItem\",\"position\":4,\"name\":\"BBQ au Gaz\",\"item\":\"https:\/\/staging.belleflamme.ca\/fr\/categories\/bbq-produits-exterieurs\/bbq-au-gaz\/\"},{\"@type\":\"ListItem\",\"position\":5,\"name\":\"BBQ au Gaz ROGUE XT 525 de Napoleon\"}]},{\"@type\":\"WebSite\",\"@id\":\"https:\/\/www.belleflamme.ca\/fr\/#website\",\"url\":\"https:\/\/www.belleflamme.ca\/fr\/\",\"name\":\"Groupe Belleflamme\",\"description\":\"La m\u00e9canique du b\u00e2timent dans le sang.\",\"publisher\":{\"@id\":\"https:\/\/www.belleflamme.ca\/fr\/#organization\"},\"potentialAction\":[{\"@type\":\"SearchAction\",\"target\":{\"@type\":\"EntryPoint\",\"urlTemplate\":\"https:\/\/www.belleflamme.ca\/fr\/?s={search_term_string}\"},\"query-input\":{\"@type\":\"PropertyValueSpecification\",\"valueRequired\":true,\"valueName\":\"search_term_string\"}}],\"inLanguage\":\"fr-FR\"},{\"@type\":[\"Organization\",\"Place\"],\"@id\":\"https:\/\/www.belleflamme.ca\/fr\/#organization\",\"name\":\"Groupe Belleflamme\",\"alternateName\":\"Belleflamme\",\"url\":\"https:\/\/www.belleflamme.ca\/fr\/\",\"logo\":{\"@type\":\"ImageObject\",\"inLanguage\":\"fr-FR\",\"@id\":\"https:\/\/www.belleflamme.ca\/fr\/#\/schema\/logo\/image\/\",\"url\":\"https:\/\/staging.belleflamme.ca\/wp-content\/uploads\/2023\/01\/og-image.jpg\",\"contentUrl\":\"https:\/\/staging.belleflamme.ca\/wp-content\/uploads\/2023\/01\/og-image.jpg\",\"width\":1200,\"height\":630,\"caption\":\"Groupe Belleflamme\"},\"image\":{\"@id\":\"https:\/\/www.belleflamme.ca\/fr\/#\/schema\/logo\/image\/\"},\"sameAs\":[\"https:\/\/www.facebook.com\/belleflamme.ca\/\",\"https:\/\/www.linkedin.com\/company\/belleflamme\/\",\"https:\/\/www.pinterest.ca\/groupebelleflamme\/\",\"https:\/\/www.instagram.com\/legroupebelleflamme\/\"],\"mainEntityOfPage\":{\"@id\":\"https:\/\/staging.belleflamme.ca\/fr\/produit\/bbq-au-gaz-rogue-xt-525-de-napoleon\/\"}}]}<\/script>\n<meta property=\"product:brand\" content=\"BBQ Napoleon\" \/>\n<meta property=\"og:availability\" content=\"instock\" \/>\n<meta property=\"product:availability\" content=\"instock\" \/>\n<meta property=\"product:condition\" content=\"new\" \/>\n<!-- \/ Yoast SEO Premium plugin. -->","yoast_head_json":{"title":"BBQ au Gaz ROGUE XT 525 de Napoleon - Groupe BelleFlamme","description":"BBQ au Gaz ROGUE XT 525 de Napoleon vendu le Groupe Belleflamme. Laval, Montr\u00e9al, Gatineau et Saint-Sauveur.","robots":{"index":"index","follow":"follow","max-snippet":"max-snippet:-1","max-image-preview":"max-image-preview:large","max-video-preview":"max-video-preview:-1"},"canonical":"https:\/\/staging.belleflamme.ca\/fr\/produit\/bbq-au-gaz-rogue-xt-525-de-napoleon\/","og_locale":"fr_FR","og_type":"article","og_title":"BBQ au Gaz ROGUE XT 525 de Napoleon","og_description":"BBQ au Gaz ROGUE XT 525 de Napoleon vendu le Groupe Belleflamme. Laval, Montr\u00e9al, Gatineau et Saint-Sauveur.","og_url":"https:\/\/staging.belleflamme.ca\/fr\/produit\/bbq-au-gaz-rogue-xt-525-de-napoleon\/","og_site_name":"Groupe BelleFlamme","article_publisher":"https:\/\/www.facebook.com\/belleflamme.ca\/","article_modified_time":"2025-02-27T18:31:04+00:00","og_image":[{"width":1000,"height":1000,"url":"https:\/\/www.belleflamme.ca\/wp-content\/uploads\/2024\/04\/BBQ-au-Gaz-ROGUE-XT-525-de-Napoleon.webp","type":"image\/webp"}],"twitter_card":"summary_large_image","twitter_misc":{"Disponibilit\u00e9":"En stock"},"schema":{"@context":"https:\/\/schema.org","@graph":[{"@type":["WebPage","ItemPage"],"@id":"https:\/\/staging.belleflamme.ca\/fr\/produit\/bbq-au-gaz-rogue-xt-525-de-napoleon\/","url":"https:\/\/staging.belleflamme.ca\/fr\/produit\/bbq-au-gaz-rogue-xt-525-de-napoleon\/","name":"BBQ au Gaz ROGUE XT 525 de Napoleon - Groupe BelleFlamme","isPartOf":{"@id":"https:\/\/www.belleflamme.ca\/fr\/#website"},"primaryImageOfPage":{"@id":"https:\/\/staging.belleflamme.ca\/fr\/produit\/bbq-au-gaz-rogue-xt-525-de-napoleon\/#primaryimage"},"image":{"@id":"https:\/\/staging.belleflamme.ca\/fr\/produit\/bbq-au-gaz-rogue-xt-525-de-napoleon\/#primaryimage"},"thumbnailUrl":"https:\/\/staging.belleflamme.ca\/wp-content\/uploads\/2024\/04\/BBQ-au-Gaz-ROGUE-XT-525-de-Napoleon.webp","datePublished":"2024-04-23T19:28:35+00:00","dateModified":"2025-02-27T18:31:04+00:00","description":"BBQ au Gaz ROGUE XT 525 de Napoleon vendu le Groupe Belleflamme. Laval, Montr\u00e9al, Gatineau et Saint-Sauveur.","breadcrumb":{"@id":"https:\/\/staging.belleflamme.ca\/fr\/produit\/bbq-au-gaz-rogue-xt-525-de-napoleon\/#breadcrumb"},"inLanguage":"fr-FR","potentialAction":[{"@type":"ReadAction","target":["https:\/\/staging.belleflamme.ca\/fr\/produit\/bbq-au-gaz-rogue-xt-525-de-napoleon\/"]}]},{"@type":"ImageObject","inLanguage":"fr-FR","@id":"https:\/\/staging.belleflamme.ca\/fr\/produit\/bbq-au-gaz-rogue-xt-525-de-napoleon\/#primaryimage","url":"https:\/\/staging.belleflamme.ca\/wp-content\/uploads\/2024\/04\/BBQ-au-Gaz-ROGUE-XT-525-de-Napoleon.webp","contentUrl":"https:\/\/staging.belleflamme.ca\/wp-content\/uploads\/2024\/04\/BBQ-au-Gaz-ROGUE-XT-525-de-Napoleon.webp","width":1000,"height":1000,"caption":"BBQ au Gaz ROGUE XT 525 de Napoleon"},{"@type":"BreadcrumbList","@id":"https:\/\/staging.belleflamme.ca\/fr\/produit\/bbq-au-gaz-rogue-xt-525-de-napoleon\/#breadcrumb","itemListElement":[{"@type":"ListItem","position":1,"name":"Accueil","item":"https:\/\/www.belleflamme.ca\/fr\/"},{"@type":"ListItem","position":2,"name":"Boutique","item":"https:\/\/www.belleflamme.ca\/fr\/boutique\/"},{"@type":"ListItem","position":3,"name":"BBQ &amp; Produits Ext\u00e9rieurs","item":"https:\/\/staging.belleflamme.ca\/fr\/categories\/bbq-produits-exterieurs\/"},{"@type":"ListItem","position":4,"name":"BBQ au Gaz","item":"https:\/\/staging.belleflamme.ca\/fr\/categories\/bbq-produits-exterieurs\/bbq-au-gaz\/"},{"@type":"ListItem","position":5,"name":"BBQ au Gaz ROGUE XT 525 de Napoleon"}]},{"@type":"WebSite","@id":"https:\/\/www.belleflamme.ca\/fr\/#website","url":"https:\/\/www.belleflamme.ca\/fr\/","name":"Groupe Belleflamme","description":"La m\u00e9canique du b\u00e2timent dans le sang.","publisher":{"@id":"https:\/\/www.belleflamme.ca\/fr\/#organization"},"potentialAction":[{"@type":"SearchAction","target":{"@type":"EntryPoint","urlTemplate":"https:\/\/www.belleflamme.ca\/fr\/?s={search_term_string}"},"query-input":{"@type":"PropertyValueSpecification","valueRequired":true,"valueName":"search_term_string"}}],"inLanguage":"fr-FR"},{"@type":["Organization","Place"],"@id":"https:\/\/www.belleflamme.ca\/fr\/#organization","name":"Groupe Belleflamme","alternateName":"Belleflamme","url":"https:\/\/www.belleflamme.ca\/fr\/","logo":{"@type":"ImageObject","inLanguage":"fr-FR","@id":"https:\/\/www.belleflamme.ca\/fr\/#\/schema\/logo\/image\/","url":"https:\/\/staging.belleflamme.ca\/wp-content\/uploads\/2023\/01\/og-image.jpg","contentUrl":"https:\/\/staging.belleflamme.ca\/wp-content\/uploads\/2023\/01\/og-image.jpg","width":1200,"height":630,"caption":"Groupe Belleflamme"},"image":{"@id":"https:\/\/www.belleflamme.ca\/fr\/#\/schema\/logo\/image\/"},"sameAs":["https:\/\/www.facebook.com\/belleflamme.ca\/","https:\/\/www.linkedin.com\/company\/belleflamme\/","https:\/\/www.pinterest.ca\/groupebelleflamme\/","https:\/\/www.instagram.com\/legroupebelleflamme\/"],"mainEntityOfPage":{"@id":"https:\/\/staging.belleflamme.ca\/fr\/produit\/bbq-au-gaz-rogue-xt-525-de-napoleon\/"}}]},"product_brand":"BBQ Napoleon","og_availability":"instock","product_availability":"instock","product_condition":"new"},"_links":{"self":[{"href":"https:\/\/staging.belleflamme.ca\/fr\/wp-json\/wp\/v2\/product\/35729","targetHints":{"allow":["GET"]}}],"collection":[{"href":"https:\/\/staging.belleflamme.ca\/fr\/wp-json\/wp\/v2\/product"}],"about":[{"href":"https:\/\/staging.belleflamme.ca\/fr\/wp-json\/wp\/v2\/types\/product"}],"version-history":[{"count":5,"href":"https:\/\/staging.belleflamme.ca\/fr\/wp-json\/wp\/v2\/product\/35729\/revisions"}],"predecessor-version":[{"id":35743,"href":"https:\/\/staging.belleflamme.ca\/fr\/wp-json\/wp\/v2\/product\/35729\/revisions\/35743"}],"wp:featuredmedia":[{"embeddable":true,"href":"https:\/\/staging.belleflamme.ca\/fr\/wp-json\/wp\/v2\/media\/51540"}],"wp:attachment":[{"href":"https:\/\/staging.belleflamme.ca\/fr\/wp-json\/wp\/v2\/media?parent=35729"}],"wp:term":[{"taxonomy":"product_brand","embeddable":true,"href":"https:\/\/staging.belleflamme.ca\/fr\/wp-json\/wp\/v2\/product_brand?post=35729"},{"taxonomy":"product_cat","embeddable":true,"href":"https:\/\/staging.belleflamme.ca\/fr\/wp-json\/wp\/v2\/product_cat?post=35729"},{"taxonomy":"product_tag","embeddable":true,"href":"https:\/\/staging.belleflamme.ca\/fr\/wp-json\/wp\/v2\/product_tag?post=35729"}],"curies":[{"name":"wp","href":"https:\/\/api.w.org\/{rel}","templated":true}]}}