{"id":35472,"date":"2024-04-22T16:59:06","date_gmt":"2024-04-22T20:59:06","guid":{"rendered":"https:\/\/www.belleflamme.ca\/?post_type=product&#038;p=35472"},"modified":"2025-02-27T13:24:43","modified_gmt":"2025-02-27T18:24:43","slug":"bbq-au-gaz-phantom-rogue-se-425-rsib-de-napoleon","status":"publish","type":"product","link":"https:\/\/staging.belleflamme.ca\/fr\/produit\/bbq-au-gaz-phantom-rogue-se-425-rsib-de-napoleon\/","title":{"rendered":"BBQ au Gaz PHANTOM ROGUE SE 425 RSIB de Napoleon"},"content":{"rendered":"\t\t<div data-elementor-type=\"product-post\" data-elementor-id=\"35472\" class=\"elementor elementor-35472\" data-elementor-post-type=\"product\">\n\t\t\t\t\t\t<section class=\"elementor-section elementor-top-section elementor-element elementor-element-b708697 elementor-section-boxed elementor-section-height-default elementor-section-height-default\" data-id=\"b708697\" data-element_type=\"section\">\n\t\t\t\t\t\t<div class=\"elementor-container elementor-column-gap-default\">\n\t\t\t\t\t<div class=\"elementor-column elementor-col-100 elementor-top-column elementor-element elementor-element-237cb933\" data-id=\"237cb933\" data-element_type=\"column\">\n\t\t\t<div class=\"elementor-widget-wrap elementor-element-populated\">\n\t\t\t\t\t\t<div class=\"elementor-element elementor-element-435817d elementor-widget elementor-widget-text-editor\" data-id=\"435817d\" data-element_type=\"widget\" data-widget_type=\"text-editor.default\">\n\t\t\t\t<div class=\"elementor-widget-container\">\n\t\t\t\t\t\t\t\t\tBR\u00dbLEURS LAT\u00c9RAL ET ARRI\u00c8RE INFRAROUGES\r\n<h3 class=\"title hide-item-on-mobile\">DESCRIPTION<\/h3>\r\n<div class=\"inner-wrapper open\" data-max-height=\"360px\" data-fade=\"true\" data-height=\"408px\">\r\n<div class=\"clearfix text-formatted field field--name-body field--type-text-with-summary field--label-hidden field__item\">\r\n\r\nDot\u00e9 d&#8217;un fini noir mat profond, le gril Phantom Rogue\u00ae SE 425 au propane avec br\u00fbleurs lat\u00e9ral et arri\u00e8re infrarouges est un appareil de cuisson \u00e0 nul autre pareil. Du couvercle aux roulettes verrouillables qui facilitent les d\u00e9placements, ce gril \u00e0 gaz est d&#8217;un noir tout \u00e0 fait soyeux. Le remarquable gril Phantom Rogue\u00ae SE est dot\u00e9 de grilles de cuisson en acier inoxydable faciles d&#8217;entretien et d&#8217;un support de cuisson multifonctionnel int\u00e9gr\u00e9 qui est id\u00e9al pour les r\u00e9ceptions. Saisissez le steak parfait ou pr\u00e9parez de d\u00e9licieux plat d&#8217;accompagnement sur le grand br\u00fbleur lat\u00e9ral infrarouge. Utilisez le br\u00fbleur arri\u00e8re infrarouge pour r\u00f4tir lentement les aliments \u00e0 la perfection. Les grandes tablettes lat\u00e9rales rabattables offrent beaucoup d&#8217;espace pour la pr\u00e9paration et le service, maximisant ainsi votre espace. Ce gril de luxe noir mat ne vous laissera jamais dans l\u2019obscurit\u00e9 gr\u00e2ce aux boutons de commande r\u00e9tro\u00e9clair\u00e9s qui vous permettent de facilement cuisiner en soir\u00e9e. Adopter l&#8217;\u00e9l\u00e9gant gril \u00e0 gaz Phantom Rogue\u00ae SE 425, c&#8217;est adopter un style de vie.\r\n\r\n<\/div>\r\n<\/div>\r\n<h3 class=\"title hide-item-on-mobile\">CARACT\u00c9RISTIQUES<\/h3>\r\n<div class=\"inner-wrapper open\" data-max-height=\"360px\" data-fade=\"true\" data-height=\"427.172px\">\r\n<div class=\"clearfix text-formatted field field--name-field-summary-features field--type-text field--label-hidden field__items\">\r\n<ul>\r\n \t<li class=\"field__item\">Le gril PHANTOM Rogue SE au propane est dot\u00e9 de 3 br\u00fbleurs principaux, d&#8217;une puissance totale de 70 500 BTU et d&#8217;une surface de cuisson totale de 710 pouces carr\u00e9s incluant la surface de cuisson infrarouge<\/li>\r\n \t<li class=\"field__item\">La s\u00e9rie PHANTOM se distingue par son fini noir mat soyeux sur toutes les surfaces, y compris les poign\u00e9es, l&#8217;insigne et les tablettes lat\u00e9rales<\/li>\r\n \t<li class=\"field__item\">La grille de r\u00e9chaud en acier inoxydable a \u00e9t\u00e9 transform\u00e9e en support de cuisson multifonctionnel, id\u00e9al pour les r\u00e9ceptions et permettant de griller facilement des hors-d&#8217;\u0153uvre<\/li>\r\n \t<li class=\"field__item\">Le br\u00fbleur arri\u00e8re infrarouge est parfait pour la cuisson lente \u00e0 la broche de nombreux plats d\u00e9licieux (r\u00f4tissoire non comprise)<\/li>\r\n \t<li class=\"field__item\">Faites saisir les steaks comme au restaurant sur le br\u00fbleur lat\u00e9ral infrarouge int\u00e9gr\u00e9. La chaleur infrarouge produit des temp\u00e9ratures incroyablement \u00e9lev\u00e9es<\/li>\r\n \t<li class=\"field__item\">Utilisez la station de cuisson infrarouge comme un br\u00fbleur lat\u00e9ral standard pour les sauces, les plats d&#8217;accompagnement et la friture<\/li>\r\n \t<li class=\"field__item\">Le contr\u00f4le pr\u00e9cis de la chaleur vous permet de griller, r\u00f4tir et fumer \u00e0 basse temp\u00e9rature ou de cuire \u00e0 feu vif pour saisir les aliments<\/li>\r\n \t<li class=\"field__item\">Les grilles de cuisson en acier inoxydable ne n\u00e9cessitent pratiquement aucun entretien. Leur forme ondul\u00e9e unique assure un transfert de chaleur uniforme, emp\u00eache les aliments de tomber dans le gril et produit des marques de grillade exceptionnelles<\/li>\r\n \t<li class=\"field__item\">Les tablettes lat\u00e9rales rabattables permettent de ranger le gril \u00e0 l&#8217;\u00e9cart<\/li>\r\n<\/ul>\r\n<\/div>\r\n<\/div>\r\n<table class=\"specification-table\">\r\n<tbody>\r\n<tr>\r\n<th>GARANTIE<\/th>\r\n<td>15 Ans garantie Int\u00e9grale<sup>*<\/sup><\/td>\r\n<\/tr>\r\n<tr>\r\n<th>TYPE DE COMBUSTIBLE<\/th>\r\n<td>Propane<\/td>\r\n<\/tr>\r\n<tr>\r\n<th>D\u00c9BIT DE CHALEUR<\/th>\r\n<td>70 500 BTU (23,75 kW)<\/td>\r\n<\/tr>\r\n<tr>\r\n<th>SURFACE DE CUISSON PRINCIPALE<\/th>\r\n<td>23.75 x 18 in (60 x 46 cm) \u00a0|\u00a0 26 hamburgers<\/td>\r\n<\/tr>\r\n<tr>\r\n<th>SURFACE DE CUISSON TOTALE<\/th>\r\n<td>711 sq.in (4 606 cm\u00b2)<\/td>\r\n<\/tr>\r\n<tr>\r\n<th>R\u00d4TISSOIRE INCLUSE<\/th>\r\n<td>Optionnel<\/td>\r\n<\/tr>\r\n<tr>\r\n<th>SIDE BURNER<\/th>\r\n<td>\r\n<ul>\r\n \t<li>Br\u00fbleur lat\u00e9ral infrarouge SIZZLE ZONE\u2122<\/li>\r\n<\/ul>\r\n<\/td>\r\n<\/tr>\r\n<tr>\r\n<th>HAUTEUR<\/th>\r\n<td>48,50 in (123 cm) \u00a0|\u00a0 63 in (160 cm) avec le couvercle ouvert<\/td>\r\n<\/tr>\r\n<tr>\r\n<th>LARGEUR<\/th>\r\n<td>55 in (140 cm) \u00a0|\u00a0 45 in (114 cm) avec la\/les tablette(s) pli\u00e9e(s)<\/td>\r\n<\/tr>\r\n<tr>\r\n<th>PROFONDEUR<\/th>\r\n<td>25 in (63,50 cm)<\/td>\r\n<\/tr>\r\n<tr>\r\n<th>HAUTEUR DE LA BO\u00ceTE<\/th>\r\n<td>24 in (60,96 cm)<\/td>\r\n<\/tr>\r\n<tr>\r\n<th>LARGEUR DE LA BO\u00ceTE<\/th>\r\n<td>33 in (83,82 cm)<\/td>\r\n<\/tr>\r\n<tr>\r\n<th>PROFONDEUR DE LA BO\u00ceTE<\/th>\r\n<td>29,50 in (74,93 cm)<\/td>\r\n<\/tr>\r\n<tr>\r\n<th>POIDS DE LA BO\u00ceTE<\/th>\r\n<td>154 lbs. (69,84 kg)<\/td>\r\n<\/tr>\r\n<\/tbody>\r\n<\/table>\r\n&nbsp;\r\n\r\n&nbsp;\t\t\t\t\t\t\t\t<\/div>\n\t\t\t\t<\/div>\n\t\t\t\t\t<\/div>\n\t\t<\/div>\n\t\t\t\t\t<\/div>\n\t\t<\/section>\n\t\t\t\t<section class=\"elementor-section elementor-top-section elementor-element elementor-element-a9a99d9 elementor-section-boxed elementor-section-height-default elementor-section-height-default\" data-id=\"a9a99d9\" data-element_type=\"section\">\n\t\t\t\t\t\t<div class=\"elementor-container elementor-column-gap-default\">\n\t\t\t\t\t<div class=\"elementor-column elementor-col-100 elementor-top-column elementor-element elementor-element-1e34d25\" data-id=\"1e34d25\" data-element_type=\"column\">\n\t\t\t<div class=\"elementor-widget-wrap elementor-element-populated\">\n\t\t\t\t\t\t<div class=\"elementor-element elementor-element-8bc9000 elementor-tabs-view-horizontal elementor-widget elementor-widget-tabs\" data-id=\"8bc9000\" data-element_type=\"widget\" data-widget_type=\"tabs.default\">\n\t\t\t\t<div class=\"elementor-widget-container\">\n\t\t\t\t\t\t\t<div class=\"elementor-tabs\">\n\t\t\t<div class=\"elementor-tabs-wrapper\" role=\"tablist\" >\n\t\t\t\t\t\t\t\t\t<div id=\"elementor-tab-title-1461\" class=\"elementor-tab-title elementor-tab-desktop-title\" aria-selected=\"true\" data-tab=\"1\" role=\"tab\" tabindex=\"0\" aria-controls=\"elementor-tab-content-1461\" aria-expanded=\"false\">Fichiers<\/div>\n\t\t\t\t\t\t\t<\/div>\n\t\t\t<div class=\"elementor-tabs-content-wrapper\" role=\"tablist\" aria-orientation=\"vertical\">\n\t\t\t\t\t\t\t\t\t<div class=\"elementor-tab-title elementor-tab-mobile-title\" aria-selected=\"true\" data-tab=\"1\" role=\"tab\" tabindex=\"0\" aria-controls=\"elementor-tab-content-1461\" aria-expanded=\"false\">Fichiers<\/div>\n\t\t\t\t\t<div id=\"elementor-tab-content-1461\" class=\"elementor-tab-content elementor-clearfix\" data-tab=\"1\" role=\"tabpanel\" aria-labelledby=\"elementor-tab-title-1461\" tabindex=\"0\" hidden=\"false\"><i class=\"far fa-file-pdf fa-xl\" style=\"font-size:35px\"><\/i><a href=\"https:\/\/www.belleflamme.ca\/wp-content\/uploads\/2024\/04\/N415-0608.pdf\"> Manuel<\/a><\/br>\n<i class=\"far fa-file-pdf fa-xl\" style=\"font-size:35px\"><\/i><a href=\"https:\/\/www.belleflamme.ca\/wp-content\/uploads\/2024\/04\/Rogue-RSE-Series-Assembly-Guide.pdf\"> Guide de Montage<\/a><\/br><\/div>\n\t\t\t\t\t\t\t<\/div>\n\t\t<\/div>\n\t\t\t\t\t\t<\/div>\n\t\t\t\t<\/div>\n\t\t\t\t\t<\/div>\n\t\t<\/div>\n\t\t\t\t\t<\/div>\n\t\t<\/section>\n\t\t\t\t<\/div>\n\t\t","protected":false},"excerpt":{"rendered":"<p>BR\u00dbLEURS LAT\u00c9RAL ET ARRI\u00c8RE INFRAROUGES DESCRIPTION Dot\u00e9 d&#8217;un fini noir mat profond, le gril Phantom Rogue\u00ae SE 425 au propane avec br\u00fbleurs lat\u00e9ral et arri\u00e8re infrarouges est un appareil de cuisson \u00e0 nul autre pareil. Du couvercle aux roulettes verrouillables qui facilitent les d\u00e9placements, ce gril \u00e0 gaz est d&#8217;un noir tout \u00e0 fait soyeux. [&hellip;]<\/p>\n","protected":false},"featured_media":51534,"template":"","meta":{"inline_featured_image":false},"product_brand":[1316],"product_cat":[113,114],"product_tag":[],"class_list":{"0":"post-35472","1":"product","2":"type-product","3":"status-publish","4":"has-post-thumbnail","6":"product_brand-bbq-napoleon","7":"product_cat-bbq-produits-exterieurs","8":"product_cat-bbq-au-gaz","10":"first","11":"instock","12":"taxable","13":"shipping-taxable","14":"purchasable","15":"product-type-simple"},"yoast_head":"<!-- This site is optimized with the Yoast SEO Premium plugin v24.2 (Yoast SEO v24.2) - https:\/\/yoast.com\/wordpress\/plugins\/seo\/ -->\n<title>BBQ au Gaz PHANTOM ROGUE SE 425 RSIB de Napoleon - Groupe BelleFlamme<\/title>\n<meta name=\"description\" content=\"BBQ au Gaz PHANTOM ROGUE SE 425 RSIB de Napoleon vendu par le Groupe Belleflamme. Laval, Montr\u00e9al, Gatineau et Saint-Sauveur.\" \/>\n<meta name=\"robots\" content=\"index, follow, max-snippet:-1, max-image-preview:large, max-video-preview:-1\" \/>\n<link rel=\"canonical\" href=\"https:\/\/staging.belleflamme.ca\/fr\/produit\/bbq-au-gaz-phantom-rogue-se-425-rsib-de-napoleon\/\" \/>\n<meta property=\"og:locale\" content=\"fr_FR\" \/>\n<meta property=\"og:type\" content=\"article\" \/>\n<meta property=\"og:title\" content=\"BBQ au Gaz PHANTOM ROGUE SE 425 RSIB de Napoleon\" \/>\n<meta property=\"og:description\" content=\"BBQ au Gaz PHANTOM ROGUE SE 425 RSIB de Napoleon vendu par le Groupe Belleflamme. Laval, Montr\u00e9al, Gatineau et Saint-Sauveur.\" \/>\n<meta property=\"og:url\" content=\"https:\/\/staging.belleflamme.ca\/fr\/produit\/bbq-au-gaz-phantom-rogue-se-425-rsib-de-napoleon\/\" \/>\n<meta property=\"og:site_name\" content=\"Groupe BelleFlamme\" \/>\n<meta property=\"article:publisher\" content=\"https:\/\/www.facebook.com\/belleflamme.ca\/\" \/>\n<meta property=\"article:modified_time\" content=\"2025-02-27T18:24:43+00:00\" \/>\n<meta property=\"og:image\" content=\"https:\/\/www.belleflamme.ca\/wp-content\/uploads\/2024\/04\/BBQ-au-Gaz-PHANTOM-ROGUE-SE-425-RSIB-de-Napoleon.webp\" \/>\n\t<meta property=\"og:image:width\" content=\"1000\" \/>\n\t<meta property=\"og:image:height\" content=\"1000\" \/>\n\t<meta property=\"og:image:type\" content=\"image\/webp\" \/>\n<meta name=\"twitter:card\" content=\"summary_large_image\" \/>\n<meta name=\"twitter:label1\" content=\"Prix\" \/>\n\t<meta name=\"twitter:data1\" content=\"&#036;1,599.00\" \/>\n\t<meta name=\"twitter:label2\" content=\"Disponibilit\u00e9\" \/>\n\t<meta name=\"twitter:data2\" content=\"En stock\" \/>\n<script type=\"application\/ld+json\" class=\"yoast-schema-graph\">{\"@context\":\"https:\/\/schema.org\",\"@graph\":[{\"@type\":[\"WebPage\",\"ItemPage\"],\"@id\":\"https:\/\/staging.belleflamme.ca\/fr\/produit\/bbq-au-gaz-phantom-rogue-se-425-rsib-de-napoleon\/\",\"url\":\"https:\/\/staging.belleflamme.ca\/fr\/produit\/bbq-au-gaz-phantom-rogue-se-425-rsib-de-napoleon\/\",\"name\":\"BBQ au Gaz PHANTOM ROGUE SE 425 RSIB de Napoleon - Groupe BelleFlamme\",\"isPartOf\":{\"@id\":\"https:\/\/www.belleflamme.ca\/fr\/#website\"},\"primaryImageOfPage\":{\"@id\":\"https:\/\/staging.belleflamme.ca\/fr\/produit\/bbq-au-gaz-phantom-rogue-se-425-rsib-de-napoleon\/#primaryimage\"},\"image\":{\"@id\":\"https:\/\/staging.belleflamme.ca\/fr\/produit\/bbq-au-gaz-phantom-rogue-se-425-rsib-de-napoleon\/#primaryimage\"},\"thumbnailUrl\":\"https:\/\/staging.belleflamme.ca\/wp-content\/uploads\/2024\/04\/BBQ-au-Gaz-PHANTOM-ROGUE-SE-425-RSIB-de-Napoleon.webp\",\"datePublished\":\"2024-04-22T20:59:06+00:00\",\"dateModified\":\"2025-02-27T18:24:43+00:00\",\"description\":\"BBQ au Gaz PHANTOM ROGUE SE 425 RSIB de Napoleon vendu par le Groupe Belleflamme. Laval, Montr\u00e9al, Gatineau et Saint-Sauveur.\",\"breadcrumb\":{\"@id\":\"https:\/\/staging.belleflamme.ca\/fr\/produit\/bbq-au-gaz-phantom-rogue-se-425-rsib-de-napoleon\/#breadcrumb\"},\"inLanguage\":\"fr-FR\",\"potentialAction\":[{\"@type\":\"ReadAction\",\"target\":[\"https:\/\/staging.belleflamme.ca\/fr\/produit\/bbq-au-gaz-phantom-rogue-se-425-rsib-de-napoleon\/\"]}]},{\"@type\":\"ImageObject\",\"inLanguage\":\"fr-FR\",\"@id\":\"https:\/\/staging.belleflamme.ca\/fr\/produit\/bbq-au-gaz-phantom-rogue-se-425-rsib-de-napoleon\/#primaryimage\",\"url\":\"https:\/\/staging.belleflamme.ca\/wp-content\/uploads\/2024\/04\/BBQ-au-Gaz-PHANTOM-ROGUE-SE-425-RSIB-de-Napoleon.webp\",\"contentUrl\":\"https:\/\/staging.belleflamme.ca\/wp-content\/uploads\/2024\/04\/BBQ-au-Gaz-PHANTOM-ROGUE-SE-425-RSIB-de-Napoleon.webp\",\"width\":1000,\"height\":1000,\"caption\":\"BBQ au Gaz PHANTOM ROGUE SE 425 RSIB de Napoleon\"},{\"@type\":\"BreadcrumbList\",\"@id\":\"https:\/\/staging.belleflamme.ca\/fr\/produit\/bbq-au-gaz-phantom-rogue-se-425-rsib-de-napoleon\/#breadcrumb\",\"itemListElement\":[{\"@type\":\"ListItem\",\"position\":1,\"name\":\"Accueil\",\"item\":\"https:\/\/www.belleflamme.ca\/fr\/\"},{\"@type\":\"ListItem\",\"position\":2,\"name\":\"Boutique\",\"item\":\"https:\/\/www.belleflamme.ca\/fr\/boutique\/\"},{\"@type\":\"ListItem\",\"position\":3,\"name\":\"BBQ &amp; Produits Ext\u00e9rieurs\",\"item\":\"https:\/\/staging.belleflamme.ca\/fr\/categories\/bbq-produits-exterieurs\/\"},{\"@type\":\"ListItem\",\"position\":4,\"name\":\"BBQ au Gaz\",\"item\":\"https:\/\/staging.belleflamme.ca\/fr\/categories\/bbq-produits-exterieurs\/bbq-au-gaz\/\"},{\"@type\":\"ListItem\",\"position\":5,\"name\":\"BBQ au Gaz PHANTOM ROGUE SE 425 RSIB de Napoleon\"}]},{\"@type\":\"WebSite\",\"@id\":\"https:\/\/www.belleflamme.ca\/fr\/#website\",\"url\":\"https:\/\/www.belleflamme.ca\/fr\/\",\"name\":\"Groupe Belleflamme\",\"description\":\"La m\u00e9canique du b\u00e2timent dans le sang.\",\"publisher\":{\"@id\":\"https:\/\/www.belleflamme.ca\/fr\/#organization\"},\"potentialAction\":[{\"@type\":\"SearchAction\",\"target\":{\"@type\":\"EntryPoint\",\"urlTemplate\":\"https:\/\/www.belleflamme.ca\/fr\/?s={search_term_string}\"},\"query-input\":{\"@type\":\"PropertyValueSpecification\",\"valueRequired\":true,\"valueName\":\"search_term_string\"}}],\"inLanguage\":\"fr-FR\"},{\"@type\":[\"Organization\",\"Place\"],\"@id\":\"https:\/\/www.belleflamme.ca\/fr\/#organization\",\"name\":\"Groupe Belleflamme\",\"alternateName\":\"Belleflamme\",\"url\":\"https:\/\/www.belleflamme.ca\/fr\/\",\"logo\":{\"@type\":\"ImageObject\",\"inLanguage\":\"fr-FR\",\"@id\":\"https:\/\/www.belleflamme.ca\/fr\/#\/schema\/logo\/image\/\",\"url\":\"https:\/\/staging.belleflamme.ca\/wp-content\/uploads\/2023\/01\/og-image.jpg\",\"contentUrl\":\"https:\/\/staging.belleflamme.ca\/wp-content\/uploads\/2023\/01\/og-image.jpg\",\"width\":1200,\"height\":630,\"caption\":\"Groupe Belleflamme\"},\"image\":{\"@id\":\"https:\/\/www.belleflamme.ca\/fr\/#\/schema\/logo\/image\/\"},\"sameAs\":[\"https:\/\/www.facebook.com\/belleflamme.ca\/\",\"https:\/\/www.linkedin.com\/company\/belleflamme\/\",\"https:\/\/www.pinterest.ca\/groupebelleflamme\/\",\"https:\/\/www.instagram.com\/legroupebelleflamme\/\"],\"mainEntityOfPage\":{\"@id\":\"https:\/\/staging.belleflamme.ca\/fr\/produit\/bbq-au-gaz-phantom-rogue-se-425-rsib-de-napoleon\/\"}}]}<\/script>\n<meta property=\"product:brand\" content=\"BBQ Napoleon\" \/>\n<meta property=\"product:price:amount\" content=\"1599.00\" \/>\n<meta property=\"product:price:currency\" content=\"CAD\" \/>\n<meta property=\"og:availability\" content=\"instock\" \/>\n<meta property=\"product:availability\" content=\"instock\" \/>\n<meta property=\"product:retailer_item_id\" content=\"RSE425RSIBPK-1-PHM\" \/>\n<meta property=\"product:condition\" content=\"new\" \/>\n<!-- \/ Yoast SEO Premium plugin. -->","yoast_head_json":{"title":"BBQ au Gaz PHANTOM ROGUE SE 425 RSIB de Napoleon - Groupe BelleFlamme","description":"BBQ au Gaz PHANTOM ROGUE SE 425 RSIB de Napoleon vendu par le Groupe Belleflamme. Laval, Montr\u00e9al, Gatineau et Saint-Sauveur.","robots":{"index":"index","follow":"follow","max-snippet":"max-snippet:-1","max-image-preview":"max-image-preview:large","max-video-preview":"max-video-preview:-1"},"canonical":"https:\/\/staging.belleflamme.ca\/fr\/produit\/bbq-au-gaz-phantom-rogue-se-425-rsib-de-napoleon\/","og_locale":"fr_FR","og_type":"article","og_title":"BBQ au Gaz PHANTOM ROGUE SE 425 RSIB de Napoleon","og_description":"BBQ au Gaz PHANTOM ROGUE SE 425 RSIB de Napoleon vendu par le Groupe Belleflamme. Laval, Montr\u00e9al, Gatineau et Saint-Sauveur.","og_url":"https:\/\/staging.belleflamme.ca\/fr\/produit\/bbq-au-gaz-phantom-rogue-se-425-rsib-de-napoleon\/","og_site_name":"Groupe BelleFlamme","article_publisher":"https:\/\/www.facebook.com\/belleflamme.ca\/","article_modified_time":"2025-02-27T18:24:43+00:00","og_image":[{"width":1000,"height":1000,"url":"https:\/\/www.belleflamme.ca\/wp-content\/uploads\/2024\/04\/BBQ-au-Gaz-PHANTOM-ROGUE-SE-425-RSIB-de-Napoleon.webp","type":"image\/webp"}],"twitter_card":"summary_large_image","twitter_misc":{"Prix":"&#36;1,599.00","Disponibilit\u00e9":"En stock"},"schema":{"@context":"https:\/\/schema.org","@graph":[{"@type":["WebPage","ItemPage"],"@id":"https:\/\/staging.belleflamme.ca\/fr\/produit\/bbq-au-gaz-phantom-rogue-se-425-rsib-de-napoleon\/","url":"https:\/\/staging.belleflamme.ca\/fr\/produit\/bbq-au-gaz-phantom-rogue-se-425-rsib-de-napoleon\/","name":"BBQ au Gaz PHANTOM ROGUE SE 425 RSIB de Napoleon - Groupe BelleFlamme","isPartOf":{"@id":"https:\/\/www.belleflamme.ca\/fr\/#website"},"primaryImageOfPage":{"@id":"https:\/\/staging.belleflamme.ca\/fr\/produit\/bbq-au-gaz-phantom-rogue-se-425-rsib-de-napoleon\/#primaryimage"},"image":{"@id":"https:\/\/staging.belleflamme.ca\/fr\/produit\/bbq-au-gaz-phantom-rogue-se-425-rsib-de-napoleon\/#primaryimage"},"thumbnailUrl":"https:\/\/staging.belleflamme.ca\/wp-content\/uploads\/2024\/04\/BBQ-au-Gaz-PHANTOM-ROGUE-SE-425-RSIB-de-Napoleon.webp","datePublished":"2024-04-22T20:59:06+00:00","dateModified":"2025-02-27T18:24:43+00:00","description":"BBQ au Gaz PHANTOM ROGUE SE 425 RSIB de Napoleon vendu par le Groupe Belleflamme. Laval, Montr\u00e9al, Gatineau et Saint-Sauveur.","breadcrumb":{"@id":"https:\/\/staging.belleflamme.ca\/fr\/produit\/bbq-au-gaz-phantom-rogue-se-425-rsib-de-napoleon\/#breadcrumb"},"inLanguage":"fr-FR","potentialAction":[{"@type":"ReadAction","target":["https:\/\/staging.belleflamme.ca\/fr\/produit\/bbq-au-gaz-phantom-rogue-se-425-rsib-de-napoleon\/"]}]},{"@type":"ImageObject","inLanguage":"fr-FR","@id":"https:\/\/staging.belleflamme.ca\/fr\/produit\/bbq-au-gaz-phantom-rogue-se-425-rsib-de-napoleon\/#primaryimage","url":"https:\/\/staging.belleflamme.ca\/wp-content\/uploads\/2024\/04\/BBQ-au-Gaz-PHANTOM-ROGUE-SE-425-RSIB-de-Napoleon.webp","contentUrl":"https:\/\/staging.belleflamme.ca\/wp-content\/uploads\/2024\/04\/BBQ-au-Gaz-PHANTOM-ROGUE-SE-425-RSIB-de-Napoleon.webp","width":1000,"height":1000,"caption":"BBQ au Gaz PHANTOM ROGUE SE 425 RSIB de Napoleon"},{"@type":"BreadcrumbList","@id":"https:\/\/staging.belleflamme.ca\/fr\/produit\/bbq-au-gaz-phantom-rogue-se-425-rsib-de-napoleon\/#breadcrumb","itemListElement":[{"@type":"ListItem","position":1,"name":"Accueil","item":"https:\/\/www.belleflamme.ca\/fr\/"},{"@type":"ListItem","position":2,"name":"Boutique","item":"https:\/\/www.belleflamme.ca\/fr\/boutique\/"},{"@type":"ListItem","position":3,"name":"BBQ &amp; Produits Ext\u00e9rieurs","item":"https:\/\/staging.belleflamme.ca\/fr\/categories\/bbq-produits-exterieurs\/"},{"@type":"ListItem","position":4,"name":"BBQ au Gaz","item":"https:\/\/staging.belleflamme.ca\/fr\/categories\/bbq-produits-exterieurs\/bbq-au-gaz\/"},{"@type":"ListItem","position":5,"name":"BBQ au Gaz PHANTOM ROGUE SE 425 RSIB de Napoleon"}]},{"@type":"WebSite","@id":"https:\/\/www.belleflamme.ca\/fr\/#website","url":"https:\/\/www.belleflamme.ca\/fr\/","name":"Groupe Belleflamme","description":"La m\u00e9canique du b\u00e2timent dans le sang.","publisher":{"@id":"https:\/\/www.belleflamme.ca\/fr\/#organization"},"potentialAction":[{"@type":"SearchAction","target":{"@type":"EntryPoint","urlTemplate":"https:\/\/www.belleflamme.ca\/fr\/?s={search_term_string}"},"query-input":{"@type":"PropertyValueSpecification","valueRequired":true,"valueName":"search_term_string"}}],"inLanguage":"fr-FR"},{"@type":["Organization","Place"],"@id":"https:\/\/www.belleflamme.ca\/fr\/#organization","name":"Groupe Belleflamme","alternateName":"Belleflamme","url":"https:\/\/www.belleflamme.ca\/fr\/","logo":{"@type":"ImageObject","inLanguage":"fr-FR","@id":"https:\/\/www.belleflamme.ca\/fr\/#\/schema\/logo\/image\/","url":"https:\/\/staging.belleflamme.ca\/wp-content\/uploads\/2023\/01\/og-image.jpg","contentUrl":"https:\/\/staging.belleflamme.ca\/wp-content\/uploads\/2023\/01\/og-image.jpg","width":1200,"height":630,"caption":"Groupe Belleflamme"},"image":{"@id":"https:\/\/www.belleflamme.ca\/fr\/#\/schema\/logo\/image\/"},"sameAs":["https:\/\/www.facebook.com\/belleflamme.ca\/","https:\/\/www.linkedin.com\/company\/belleflamme\/","https:\/\/www.pinterest.ca\/groupebelleflamme\/","https:\/\/www.instagram.com\/legroupebelleflamme\/"],"mainEntityOfPage":{"@id":"https:\/\/staging.belleflamme.ca\/fr\/produit\/bbq-au-gaz-phantom-rogue-se-425-rsib-de-napoleon\/"}}]},"product_brand":"BBQ Napoleon","product_price_amount":"1599.00","product_price_currency":"CAD","og_availability":"instock","product_availability":"instock","product_retailer_item_id":"RSE425RSIBPK-1-PHM","product_condition":"new"},"_links":{"self":[{"href":"https:\/\/staging.belleflamme.ca\/fr\/wp-json\/wp\/v2\/product\/35472","targetHints":{"allow":["GET"]}}],"collection":[{"href":"https:\/\/staging.belleflamme.ca\/fr\/wp-json\/wp\/v2\/product"}],"about":[{"href":"https:\/\/staging.belleflamme.ca\/fr\/wp-json\/wp\/v2\/types\/product"}],"version-history":[{"count":4,"href":"https:\/\/staging.belleflamme.ca\/fr\/wp-json\/wp\/v2\/product\/35472\/revisions"}],"predecessor-version":[{"id":35487,"href":"https:\/\/staging.belleflamme.ca\/fr\/wp-json\/wp\/v2\/product\/35472\/revisions\/35487"}],"wp:featuredmedia":[{"embeddable":true,"href":"https:\/\/staging.belleflamme.ca\/fr\/wp-json\/wp\/v2\/media\/51534"}],"wp:attachment":[{"href":"https:\/\/staging.belleflamme.ca\/fr\/wp-json\/wp\/v2\/media?parent=35472"}],"wp:term":[{"taxonomy":"product_brand","embeddable":true,"href":"https:\/\/staging.belleflamme.ca\/fr\/wp-json\/wp\/v2\/product_brand?post=35472"},{"taxonomy":"product_cat","embeddable":true,"href":"https:\/\/staging.belleflamme.ca\/fr\/wp-json\/wp\/v2\/product_cat?post=35472"},{"taxonomy":"product_tag","embeddable":true,"href":"https:\/\/staging.belleflamme.ca\/fr\/wp-json\/wp\/v2\/product_tag?post=35472"}],"curies":[{"name":"wp","href":"https:\/\/api.w.org\/{rel}","templated":true}]}}