{"id":35377,"date":"2024-04-22T16:03:39","date_gmt":"2024-04-22T20:03:39","guid":{"rendered":"https:\/\/www.belleflamme.ca\/?post_type=product&#038;p=35377"},"modified":"2025-02-27T10:51:18","modified_gmt":"2025-02-27T15:51:18","slug":"barbecue-au-gaz-prestige-pro-825-rsbi-de-napoleon","status":"publish","type":"product","link":"https:\/\/staging.belleflamme.ca\/fr\/produit\/barbecue-au-gaz-prestige-pro-825-rsbi-de-napoleon\/","title":{"rendered":"Barbecue au Gaz PRESTIGE PRO 825 RSBI de Napoleon"},"content":{"rendered":"\t\t<div data-elementor-type=\"product-post\" data-elementor-id=\"35377\" class=\"elementor elementor-35377\" data-elementor-post-type=\"product\">\n\t\t\t\t\t\t<section class=\"elementor-section elementor-top-section elementor-element elementor-element-309fef66 elementor-section-boxed elementor-section-height-default elementor-section-height-default\" data-id=\"309fef66\" data-element_type=\"section\">\n\t\t\t\t\t\t<div class=\"elementor-container elementor-column-gap-default\">\n\t\t\t\t\t<div class=\"elementor-column elementor-col-100 elementor-top-column elementor-element elementor-element-4761a3f\" data-id=\"4761a3f\" data-element_type=\"column\">\n\t\t\t<div class=\"elementor-widget-wrap elementor-element-populated\">\n\t\t\t\t\t\t<div class=\"elementor-element elementor-element-4bb27e14 elementor-widget elementor-widget-text-editor\" data-id=\"4bb27e14\" data-element_type=\"widget\" data-widget_type=\"text-editor.default\">\n\t\t\t\t<div class=\"elementor-widget-container\">\n\t\t\t\t\t\t\t\t\t<p style=\"text-align: center;\"><iframe title=\"YouTube video player\" src=\"https:\/\/www.youtube.com\/embed\/I4FsMN9Zq_I?si=nUFOhWK5pRLszuFC\" width=\"560\" height=\"315\" frameborder=\"0\" allowfullscreen=\"allowfullscreen\"><\/iframe><\/p><p>AVEC BR\u00dbLEUR LAT\u00c9RAL DOUBLE \u00c0 CONTR\u00d4LE IND\u00c9PENDANT, ET BR\u00dbLEURS DE CUVE ET ARRI\u00c8RE INFRAROUGES<\/p><h3 class=\"title hide-item-on-mobile\">DESCRIPTION<\/h3><div class=\"inner-wrapper open\" data-max-height=\"360px\" data-fade=\"true\" data-height=\"438px\"><div class=\"clearfix text-formatted field field--name-body field--type-text-with-summary field--label-hidden field__item\"><p>Avec un br\u00fbleur lat\u00e9ral double \u00e0 contr\u00f4le ind\u00e9pendant et des br\u00fbleurs de cuve et arri\u00e8re infrarouges, le gril Prestige PRO\u1d39\u1d30 825 au gaz naturel de Napoleon est performant. Sa conception en acier inoxydable luisant lui conf\u00e8re une grande durabilit\u00e9 et ses d\u00e9tails chrom\u00e9s lui donnent une touche de luxe. Les boutons de commande NIGHT LIGHT\u1d39\u1d30 avec DEL aux couleurs presque illimit\u00e9es vous permettent de cuisiner facilement en soir\u00e9e; ils s&#8217;illuminent \u00e9galement en rouge lorsque le gaz est allum\u00e9 pour plus de s\u00e9curit\u00e9. Vous reconna\u00eetrez la touche Napoleon avec les grilles de cuisson WAVE\u1d39\u1d30 embl\u00e9matiques qui cr\u00e9ent nos marques de grillage distinctes. La cuve principale du gril est assez grosse pour vous permettre de cuisiner pour une foule gr\u00e2ce aux nombreux br\u00fbleurs aliment\u00e9s au gaz. Vous pouvez \u00e9galement transformer votre gril en un fumoir gr\u00e2ce au plateau \u00e0 copeaux de bois et au br\u00fbleur int\u00e9gr\u00e9s. La seconde cuve est dot\u00e9e de deux br\u00fbleurs infrarouges en c\u00e9ramique qui atteignent une temp\u00e9rature \u00e9lev\u00e9e en quelques secondes, parfaits pour saisir des steaks dignes d\u2019un restaurant.<\/p><h3 class=\"title hide-item-on-mobile\">CARACT\u00c9RISTIQUES<\/h3><div class=\"inner-wrapper open\" data-max-height=\"360px\" data-fade=\"true\" data-height=\"631.969px\"><div class=\"clearfix text-formatted field field--name-field-summary-features field--type-text field--label-hidden field__items\"><ul><li class=\"field__item\">Le gril \u00e0 gaz Prestige PRO825RSIB en acier inoxydable est dot\u00e9 de 6 br\u00fbleurs principaux, d&#8217;un br\u00fbleur arri\u00e8re infrarouge et un br\u00fbleur de fumoir int\u00e9gr\u00e9 dans la cuve du gril principal, deux br\u00fbleurs de cuve infrarouges et un br\u00fbleur de r\u00e9chaud dans la cuve du gril secondaire, une puissance totale de 123 000 BTU, et suffisamment d&#8217;espace pour griller jusqu&#8217;\u00e0 51 hamburgers<\/li><li class=\"field__item\">Les grilles de cuisson en acier inoxydable de 9,5 mm ne n\u00e9cessitent pratiquement aucun entretien. Leur forme ondul\u00e9e unique assure un transfert de chaleur uniforme, emp\u00eache les aliments de tomber dans le gril et produit des marques de grillade exceptionnelles<\/li><li class=\"field__item\">Les grandes tablettes lat\u00e9rales vous offrent amplement d&#8217;espace de pr\u00e9paration, tout en prot\u00e9geant la station de cuisson infrarouge. La tablette lat\u00e9rale droite dissimule un bac \u00e0 glace int\u00e9gr\u00e9 et une planche \u00e0 d\u00e9couper, ce qui permet d&#8217;augmenter l&#8217;espace de pr\u00e9paration tout en d\u00e9salt\u00e9rant le chef et ses invit\u00e9s<\/li><li class=\"field__item\">Allumez le gril \u00e0 gaz Prestige PRO instantan\u00e9ment gr\u00e2ce au syst\u00e8me d&#8217;allumage sans piles. Ce syst\u00e8me d\u2019allumage fiable allume imm\u00e9diatement les br\u00fbleurs en produisant un jet de flamme<\/li><li class=\"field__item\">Faites saisir les steaks comme au restaurant sur les br\u00fbleurs de cuve infrarouges situ\u00e9s dans la cuve du gril secondaire. La chaleur infrarouge produit des temp\u00e9ratures incroyablement \u00e9lev\u00e9es pour saisir \u00e0 la perfection. Gardez les aliments au chaud sous le couvercle gr\u00e2ce au br\u00fbleur de r\u00e9chaud<\/li><li class=\"field__item\">Faites saisir les steaks comme au restaurant sur le br\u00fbleur lat\u00e9ral infrarouge int\u00e9gr\u00e9 qui produit des temp\u00e9ratures incroyablement \u00e9lev\u00e9es<\/li><li class=\"field__item\">Le cabinet de rangement de ce gril est spacieux et peut accueillir tous vos accessoires pr\u00e9f\u00e9r\u00e9s<\/li><li class=\"field__item\">Les diffuseurs en acier inoxydable \u00e0 deux niveaux vaporisent les jus de cuisson qui s\u2019\u00e9coulent, prot\u00e9geant ainsi les br\u00fbleurs tubulaires en acier inoxydable et gardant votre gril plus propre<\/li><li class=\"field__item\">Le gril Prestige P665RSIB est dot\u00e9 d&#8217;un br\u00fbleur arri\u00e8re infrarouge et d&#8217;un ensemble de r\u00f4tissoire robuste pour pr\u00e9parer des repas parfaitement r\u00f4tis \u00e0 la broche<\/li><li class=\"field__item\">Modifiez la luminosit\u00e9 et la couleur des boutons de commande, et cr\u00e9ez une ambiance festive autour de votre gril! Choisissez votre couleur pr\u00e9f\u00e9r\u00e9e ou faites d\u00e9filer toutes les couleurs<\/li><\/ul><\/div><\/div><\/div><\/div><div>\u00a0<\/div><div><table class=\"specification-table\"><tbody><tr><th>GARANTIE<\/th><td>\u00c0 vie garantie int\u00e9grale<sup>*<\/sup><\/td><\/tr><tr><th>TYPE DE COMBUSTIBLE<\/th><td>Gaz naturel<\/td><\/tr><tr><th>D\u00c9BIT DE CHALEUR<\/th><td>123 000 BTU (38,60 kW)<\/td><\/tr><tr><th>SURFACE DE CUISSON PRINCIPALE<\/th><td>28.25 x 18 in &amp; 18.25 x 18 in (72 x 46 cm &amp; 47 x 46 cm) \u00a0|\u00a0 51 hamburgers<\/td><\/tr><tr><th>SURFACE DE CUISSON TOTALE<\/th><td>1 435 sq.in (9 356 cm\u00b2)<\/td><\/tr><tr><th>R\u00d4TISSOIRE INCLUSE<\/th><td>Oui<\/td><\/tr><tr><th>SIDE BURNER<\/th><td><ul><li>Br\u00fbleur lat\u00e9ral \u00e0 deux allures<\/li><\/ul><\/td><\/tr><tr><th>HAUTEUR<\/th><td>51 in (130 cm) \u00a0|\u00a0 56 in (142 cm) avec le couvercle ouvert<\/td><\/tr><tr><th>LARGEUR<\/th><td>94,25 in (239 cm)<\/td><\/tr><tr><th>PROFONDEUR<\/th><td>25,50 in (64 cm)<\/td><\/tr><tr><th>HAUTEUR DE LA BO\u00ceTE<\/th><td>54,50 in (138,43 cm)<\/td><\/tr><tr><th>LARGEUR DE LA BO\u00ceTE<\/th><td>62,50 in (158,75 cm)<\/td><\/tr><tr><th>PROFONDEUR DE LA BO\u00ceTE<\/th><td>34,50 in (87,63 cm)<\/td><\/tr><tr><th>POIDS DE LA BO\u00ceTE<\/th><td>469 lbs. (212,70 kg)<\/td><\/tr><\/tbody><\/table><\/div><div><img fetchpriority=\"high\" decoding=\"async\" class=\"aligncenter\" src=\"https:\/\/www.napoleon.com\/sites\/default\/files\/products\/WebGallery_Dimensional_PRO825_dual.jpg\" width=\"267\" height=\"267\" \/><\/div>\t\t\t\t\t\t\t\t<\/div>\n\t\t\t\t<\/div>\n\t\t\t\t\t<\/div>\n\t\t<\/div>\n\t\t\t\t\t<\/div>\n\t\t<\/section>\n\t\t\t\t<section class=\"elementor-section elementor-top-section elementor-element elementor-element-990c889 elementor-section-boxed elementor-section-height-default elementor-section-height-default\" data-id=\"990c889\" data-element_type=\"section\">\n\t\t\t\t\t\t<div class=\"elementor-container elementor-column-gap-default\">\n\t\t\t\t\t<div class=\"elementor-column elementor-col-100 elementor-top-column elementor-element elementor-element-31c482e\" data-id=\"31c482e\" data-element_type=\"column\">\n\t\t\t<div class=\"elementor-widget-wrap elementor-element-populated\">\n\t\t\t\t\t\t<div class=\"elementor-element elementor-element-5b1e9aa elementor-tabs-view-horizontal elementor-widget elementor-widget-tabs\" data-id=\"5b1e9aa\" data-element_type=\"widget\" data-widget_type=\"tabs.default\">\n\t\t\t\t<div class=\"elementor-widget-container\">\n\t\t\t\t\t\t\t<div class=\"elementor-tabs\">\n\t\t\t<div class=\"elementor-tabs-wrapper\" role=\"tablist\" >\n\t\t\t\t\t\t\t\t\t<div id=\"elementor-tab-title-9551\" class=\"elementor-tab-title elementor-tab-desktop-title\" aria-selected=\"true\" data-tab=\"1\" role=\"tab\" tabindex=\"0\" aria-controls=\"elementor-tab-content-9551\" aria-expanded=\"false\">Fichiers<\/div>\n\t\t\t\t\t\t\t<\/div>\n\t\t\t<div class=\"elementor-tabs-content-wrapper\" role=\"tablist\" aria-orientation=\"vertical\">\n\t\t\t\t\t\t\t\t\t<div class=\"elementor-tab-title elementor-tab-mobile-title\" aria-selected=\"true\" data-tab=\"1\" role=\"tab\" tabindex=\"0\" aria-controls=\"elementor-tab-content-9551\" aria-expanded=\"false\">Fichiers<\/div>\n\t\t\t\t\t<div id=\"elementor-tab-content-9551\" class=\"elementor-tab-content elementor-clearfix\" data-tab=\"1\" role=\"tabpanel\" aria-labelledby=\"elementor-tab-title-9551\" tabindex=\"0\" hidden=\"false\"><i class=\"far fa-file-pdf fa-xl\" style=\"font-size: 35px;\"><\/i><a href=\"https:\/\/www.belleflamme.ca\/wp-content\/uploads\/2024\/04\/ADBRFP-Prestige-Brochure-FRN-2021-HiRes-2022-01-17.pdf\"> Brochure<\/a><\/br>\n<i class=\"far fa-file-pdf fa-xl\" style=\"font-size: 35px;\"><\/i><a href=\"https:\/\/www.belleflamme.ca\/wp-content\/uploads\/2024\/04\/N415-0652.pdf\"> Manuel<\/a><\/br>\n<i class=\"far fa-file-pdf fa-xl\" style=\"font-size: 35px;\"><\/i><a href=\"https:\/\/www.belleflamme.ca\/wp-content\/uploads\/2024\/04\/Prestige-PRO-825-665-Assembly-Guide.pdf\"> Guide de Montage<\/a><\/br><\/div>\n\t\t\t\t\t\t\t<\/div>\n\t\t<\/div>\n\t\t\t\t\t\t<\/div>\n\t\t\t\t<\/div>\n\t\t\t\t\t<\/div>\n\t\t<\/div>\n\t\t\t\t\t<\/div>\n\t\t<\/section>\n\t\t\t\t<\/div>\n\t\t","protected":false},"excerpt":{"rendered":"<p>AVEC BR\u00dbLEUR LAT\u00c9RAL DOUBLE \u00c0 CONTR\u00d4LE IND\u00c9PENDANT, ET BR\u00dbLEURS DE CUVE ET ARRI\u00c8RE INFRAROUGES DESCRIPTION Avec un br\u00fbleur lat\u00e9ral double \u00e0 contr\u00f4le ind\u00e9pendant et des br\u00fbleurs de cuve et arri\u00e8re infrarouges, le gril Prestige PRO\u1d39\u1d30 825 au gaz naturel de Napoleon est performant. Sa conception en acier inoxydable luisant lui conf\u00e8re une grande durabilit\u00e9 et [&hellip;]<\/p>\n","protected":false},"featured_media":51400,"template":"","meta":{"inline_featured_image":false},"product_brand":[1316],"product_cat":[113,114],"product_tag":[],"class_list":{"0":"post-35377","1":"product","2":"type-product","3":"status-publish","4":"has-post-thumbnail","6":"product_brand-bbq-napoleon","7":"product_cat-bbq-produits-exterieurs","8":"product_cat-bbq-au-gaz","10":"first","11":"instock","12":"taxable","13":"shipping-taxable","14":"purchasable","15":"product-type-variable"},"yoast_head":"<!-- This site is optimized with the Yoast SEO Premium plugin v24.2 (Yoast SEO v24.2) - https:\/\/yoast.com\/wordpress\/plugins\/seo\/ -->\n<title>Barbecue au Gaz PRESTIGE PRO 825 RSBI de Napoleon - Groupe BelleFlamme<\/title>\n<meta name=\"description\" content=\"PRESTIGE PRO 825 RSBI de Napoleon vendu par le Groupe Belleflamme. Laval, Montr\u00e9al, Gatineau et Saint-Sauveur.\" \/>\n<meta name=\"robots\" content=\"index, follow, max-snippet:-1, max-image-preview:large, max-video-preview:-1\" \/>\n<link rel=\"canonical\" href=\"https:\/\/staging.belleflamme.ca\/fr\/produit\/barbecue-au-gaz-prestige-pro-825-rsbi-de-napoleon\/\" \/>\n<meta property=\"og:locale\" content=\"fr_FR\" \/>\n<meta property=\"og:type\" content=\"article\" \/>\n<meta property=\"og:title\" content=\"Barbecue au Gaz PRESTIGE PRO 825 RSBI de Napoleon\" \/>\n<meta property=\"og:description\" content=\"PRESTIGE PRO 825 RSBI de Napoleon vendu par le Groupe Belleflamme. Laval, Montr\u00e9al, Gatineau et Saint-Sauveur.\" \/>\n<meta property=\"og:url\" content=\"https:\/\/staging.belleflamme.ca\/fr\/produit\/barbecue-au-gaz-prestige-pro-825-rsbi-de-napoleon\/\" \/>\n<meta property=\"og:site_name\" content=\"Groupe BelleFlamme\" \/>\n<meta property=\"article:publisher\" content=\"https:\/\/www.facebook.com\/belleflamme.ca\/\" \/>\n<meta property=\"article:modified_time\" content=\"2025-02-27T15:51:18+00:00\" \/>\n<meta property=\"og:image\" content=\"https:\/\/www.belleflamme.ca\/wp-content\/uploads\/2024\/04\/Barbecue-au-Gaz-PRESTIGE-PRO-825-RSBI-de-Napoleon.webp\" \/>\n\t<meta property=\"og:image:width\" content=\"1000\" \/>\n\t<meta property=\"og:image:height\" content=\"1000\" \/>\n\t<meta property=\"og:image:type\" content=\"image\/webp\" \/>\n<meta name=\"twitter:card\" content=\"summary_large_image\" \/>\n<meta name=\"twitter:label1\" content=\"Disponibilit\u00e9\" \/>\n\t<meta name=\"twitter:data1\" content=\"En stock\" \/>\n<script type=\"application\/ld+json\" class=\"yoast-schema-graph\">{\"@context\":\"https:\/\/schema.org\",\"@graph\":[{\"@type\":[\"WebPage\",\"ItemPage\"],\"@id\":\"https:\/\/staging.belleflamme.ca\/fr\/produit\/barbecue-au-gaz-prestige-pro-825-rsbi-de-napoleon\/\",\"url\":\"https:\/\/staging.belleflamme.ca\/fr\/produit\/barbecue-au-gaz-prestige-pro-825-rsbi-de-napoleon\/\",\"name\":\"Barbecue au Gaz PRESTIGE PRO 825 RSBI de Napoleon - Groupe BelleFlamme\",\"isPartOf\":{\"@id\":\"https:\/\/www.belleflamme.ca\/fr\/#website\"},\"primaryImageOfPage\":{\"@id\":\"https:\/\/staging.belleflamme.ca\/fr\/produit\/barbecue-au-gaz-prestige-pro-825-rsbi-de-napoleon\/#primaryimage\"},\"image\":{\"@id\":\"https:\/\/staging.belleflamme.ca\/fr\/produit\/barbecue-au-gaz-prestige-pro-825-rsbi-de-napoleon\/#primaryimage\"},\"thumbnailUrl\":\"https:\/\/staging.belleflamme.ca\/wp-content\/uploads\/2024\/04\/Barbecue-au-Gaz-PRESTIGE-PRO-825-RSBI-de-Napoleon.webp\",\"datePublished\":\"2024-04-22T20:03:39+00:00\",\"dateModified\":\"2025-02-27T15:51:18+00:00\",\"description\":\"PRESTIGE PRO 825 RSBI de Napoleon vendu par le Groupe Belleflamme. Laval, Montr\u00e9al, Gatineau et Saint-Sauveur.\",\"breadcrumb\":{\"@id\":\"https:\/\/staging.belleflamme.ca\/fr\/produit\/barbecue-au-gaz-prestige-pro-825-rsbi-de-napoleon\/#breadcrumb\"},\"inLanguage\":\"fr-FR\",\"potentialAction\":[{\"@type\":\"ReadAction\",\"target\":[\"https:\/\/staging.belleflamme.ca\/fr\/produit\/barbecue-au-gaz-prestige-pro-825-rsbi-de-napoleon\/\"]}]},{\"@type\":\"ImageObject\",\"inLanguage\":\"fr-FR\",\"@id\":\"https:\/\/staging.belleflamme.ca\/fr\/produit\/barbecue-au-gaz-prestige-pro-825-rsbi-de-napoleon\/#primaryimage\",\"url\":\"https:\/\/staging.belleflamme.ca\/wp-content\/uploads\/2024\/04\/Barbecue-au-Gaz-PRESTIGE-PRO-825-RSBI-de-Napoleon.webp\",\"contentUrl\":\"https:\/\/staging.belleflamme.ca\/wp-content\/uploads\/2024\/04\/Barbecue-au-Gaz-PRESTIGE-PRO-825-RSBI-de-Napoleon.webp\",\"width\":1000,\"height\":1000,\"caption\":\"Barbecue au Gaz PRESTIGE PRO 825 RSBI de Napoleon\"},{\"@type\":\"BreadcrumbList\",\"@id\":\"https:\/\/staging.belleflamme.ca\/fr\/produit\/barbecue-au-gaz-prestige-pro-825-rsbi-de-napoleon\/#breadcrumb\",\"itemListElement\":[{\"@type\":\"ListItem\",\"position\":1,\"name\":\"Accueil\",\"item\":\"https:\/\/www.belleflamme.ca\/fr\/\"},{\"@type\":\"ListItem\",\"position\":2,\"name\":\"Boutique\",\"item\":\"https:\/\/www.belleflamme.ca\/fr\/boutique\/\"},{\"@type\":\"ListItem\",\"position\":3,\"name\":\"BBQ &amp; Produits Ext\u00e9rieurs\",\"item\":\"https:\/\/staging.belleflamme.ca\/fr\/categories\/bbq-produits-exterieurs\/\"},{\"@type\":\"ListItem\",\"position\":4,\"name\":\"BBQ au Gaz\",\"item\":\"https:\/\/staging.belleflamme.ca\/fr\/categories\/bbq-produits-exterieurs\/bbq-au-gaz\/\"},{\"@type\":\"ListItem\",\"position\":5,\"name\":\"Barbecue au Gaz PRESTIGE PRO 825 RSBI de Napoleon\"}]},{\"@type\":\"WebSite\",\"@id\":\"https:\/\/www.belleflamme.ca\/fr\/#website\",\"url\":\"https:\/\/www.belleflamme.ca\/fr\/\",\"name\":\"Groupe Belleflamme\",\"description\":\"La m\u00e9canique du b\u00e2timent dans le sang.\",\"publisher\":{\"@id\":\"https:\/\/www.belleflamme.ca\/fr\/#organization\"},\"potentialAction\":[{\"@type\":\"SearchAction\",\"target\":{\"@type\":\"EntryPoint\",\"urlTemplate\":\"https:\/\/www.belleflamme.ca\/fr\/?s={search_term_string}\"},\"query-input\":{\"@type\":\"PropertyValueSpecification\",\"valueRequired\":true,\"valueName\":\"search_term_string\"}}],\"inLanguage\":\"fr-FR\"},{\"@type\":[\"Organization\",\"Place\"],\"@id\":\"https:\/\/www.belleflamme.ca\/fr\/#organization\",\"name\":\"Groupe Belleflamme\",\"alternateName\":\"Belleflamme\",\"url\":\"https:\/\/www.belleflamme.ca\/fr\/\",\"logo\":{\"@type\":\"ImageObject\",\"inLanguage\":\"fr-FR\",\"@id\":\"https:\/\/www.belleflamme.ca\/fr\/#\/schema\/logo\/image\/\",\"url\":\"https:\/\/staging.belleflamme.ca\/wp-content\/uploads\/2023\/01\/og-image.jpg\",\"contentUrl\":\"https:\/\/staging.belleflamme.ca\/wp-content\/uploads\/2023\/01\/og-image.jpg\",\"width\":1200,\"height\":630,\"caption\":\"Groupe Belleflamme\"},\"image\":{\"@id\":\"https:\/\/www.belleflamme.ca\/fr\/#\/schema\/logo\/image\/\"},\"sameAs\":[\"https:\/\/www.facebook.com\/belleflamme.ca\/\",\"https:\/\/www.linkedin.com\/company\/belleflamme\/\",\"https:\/\/www.pinterest.ca\/groupebelleflamme\/\",\"https:\/\/www.instagram.com\/legroupebelleflamme\/\"],\"mainEntityOfPage\":{\"@id\":\"https:\/\/staging.belleflamme.ca\/fr\/produit\/barbecue-au-gaz-prestige-pro-825-rsbi-de-napoleon\/\"}}]}<\/script>\n<meta property=\"product:brand\" content=\"BBQ Napoleon\" \/>\n<meta property=\"og:availability\" content=\"instock\" \/>\n<meta property=\"product:availability\" content=\"instock\" \/>\n<meta property=\"product:condition\" content=\"new\" \/>\n<!-- \/ Yoast SEO Premium plugin. -->","yoast_head_json":{"title":"Barbecue au Gaz PRESTIGE PRO 825 RSBI de Napoleon - Groupe BelleFlamme","description":"PRESTIGE PRO 825 RSBI de Napoleon vendu par le Groupe Belleflamme. Laval, Montr\u00e9al, Gatineau et Saint-Sauveur.","robots":{"index":"index","follow":"follow","max-snippet":"max-snippet:-1","max-image-preview":"max-image-preview:large","max-video-preview":"max-video-preview:-1"},"canonical":"https:\/\/staging.belleflamme.ca\/fr\/produit\/barbecue-au-gaz-prestige-pro-825-rsbi-de-napoleon\/","og_locale":"fr_FR","og_type":"article","og_title":"Barbecue au Gaz PRESTIGE PRO 825 RSBI de Napoleon","og_description":"PRESTIGE PRO 825 RSBI de Napoleon vendu par le Groupe Belleflamme. Laval, Montr\u00e9al, Gatineau et Saint-Sauveur.","og_url":"https:\/\/staging.belleflamme.ca\/fr\/produit\/barbecue-au-gaz-prestige-pro-825-rsbi-de-napoleon\/","og_site_name":"Groupe BelleFlamme","article_publisher":"https:\/\/www.facebook.com\/belleflamme.ca\/","article_modified_time":"2025-02-27T15:51:18+00:00","og_image":[{"width":1000,"height":1000,"url":"https:\/\/www.belleflamme.ca\/wp-content\/uploads\/2024\/04\/Barbecue-au-Gaz-PRESTIGE-PRO-825-RSBI-de-Napoleon.webp","type":"image\/webp"}],"twitter_card":"summary_large_image","twitter_misc":{"Disponibilit\u00e9":"En stock"},"schema":{"@context":"https:\/\/schema.org","@graph":[{"@type":["WebPage","ItemPage"],"@id":"https:\/\/staging.belleflamme.ca\/fr\/produit\/barbecue-au-gaz-prestige-pro-825-rsbi-de-napoleon\/","url":"https:\/\/staging.belleflamme.ca\/fr\/produit\/barbecue-au-gaz-prestige-pro-825-rsbi-de-napoleon\/","name":"Barbecue au Gaz PRESTIGE PRO 825 RSBI de Napoleon - Groupe BelleFlamme","isPartOf":{"@id":"https:\/\/www.belleflamme.ca\/fr\/#website"},"primaryImageOfPage":{"@id":"https:\/\/staging.belleflamme.ca\/fr\/produit\/barbecue-au-gaz-prestige-pro-825-rsbi-de-napoleon\/#primaryimage"},"image":{"@id":"https:\/\/staging.belleflamme.ca\/fr\/produit\/barbecue-au-gaz-prestige-pro-825-rsbi-de-napoleon\/#primaryimage"},"thumbnailUrl":"https:\/\/staging.belleflamme.ca\/wp-content\/uploads\/2024\/04\/Barbecue-au-Gaz-PRESTIGE-PRO-825-RSBI-de-Napoleon.webp","datePublished":"2024-04-22T20:03:39+00:00","dateModified":"2025-02-27T15:51:18+00:00","description":"PRESTIGE PRO 825 RSBI de Napoleon vendu par le Groupe Belleflamme. Laval, Montr\u00e9al, Gatineau et Saint-Sauveur.","breadcrumb":{"@id":"https:\/\/staging.belleflamme.ca\/fr\/produit\/barbecue-au-gaz-prestige-pro-825-rsbi-de-napoleon\/#breadcrumb"},"inLanguage":"fr-FR","potentialAction":[{"@type":"ReadAction","target":["https:\/\/staging.belleflamme.ca\/fr\/produit\/barbecue-au-gaz-prestige-pro-825-rsbi-de-napoleon\/"]}]},{"@type":"ImageObject","inLanguage":"fr-FR","@id":"https:\/\/staging.belleflamme.ca\/fr\/produit\/barbecue-au-gaz-prestige-pro-825-rsbi-de-napoleon\/#primaryimage","url":"https:\/\/staging.belleflamme.ca\/wp-content\/uploads\/2024\/04\/Barbecue-au-Gaz-PRESTIGE-PRO-825-RSBI-de-Napoleon.webp","contentUrl":"https:\/\/staging.belleflamme.ca\/wp-content\/uploads\/2024\/04\/Barbecue-au-Gaz-PRESTIGE-PRO-825-RSBI-de-Napoleon.webp","width":1000,"height":1000,"caption":"Barbecue au Gaz PRESTIGE PRO 825 RSBI de Napoleon"},{"@type":"BreadcrumbList","@id":"https:\/\/staging.belleflamme.ca\/fr\/produit\/barbecue-au-gaz-prestige-pro-825-rsbi-de-napoleon\/#breadcrumb","itemListElement":[{"@type":"ListItem","position":1,"name":"Accueil","item":"https:\/\/www.belleflamme.ca\/fr\/"},{"@type":"ListItem","position":2,"name":"Boutique","item":"https:\/\/www.belleflamme.ca\/fr\/boutique\/"},{"@type":"ListItem","position":3,"name":"BBQ &amp; Produits Ext\u00e9rieurs","item":"https:\/\/staging.belleflamme.ca\/fr\/categories\/bbq-produits-exterieurs\/"},{"@type":"ListItem","position":4,"name":"BBQ au Gaz","item":"https:\/\/staging.belleflamme.ca\/fr\/categories\/bbq-produits-exterieurs\/bbq-au-gaz\/"},{"@type":"ListItem","position":5,"name":"Barbecue au Gaz PRESTIGE PRO 825 RSBI de Napoleon"}]},{"@type":"WebSite","@id":"https:\/\/www.belleflamme.ca\/fr\/#website","url":"https:\/\/www.belleflamme.ca\/fr\/","name":"Groupe Belleflamme","description":"La m\u00e9canique du b\u00e2timent dans le sang.","publisher":{"@id":"https:\/\/www.belleflamme.ca\/fr\/#organization"},"potentialAction":[{"@type":"SearchAction","target":{"@type":"EntryPoint","urlTemplate":"https:\/\/www.belleflamme.ca\/fr\/?s={search_term_string}"},"query-input":{"@type":"PropertyValueSpecification","valueRequired":true,"valueName":"search_term_string"}}],"inLanguage":"fr-FR"},{"@type":["Organization","Place"],"@id":"https:\/\/www.belleflamme.ca\/fr\/#organization","name":"Groupe Belleflamme","alternateName":"Belleflamme","url":"https:\/\/www.belleflamme.ca\/fr\/","logo":{"@type":"ImageObject","inLanguage":"fr-FR","@id":"https:\/\/www.belleflamme.ca\/fr\/#\/schema\/logo\/image\/","url":"https:\/\/staging.belleflamme.ca\/wp-content\/uploads\/2023\/01\/og-image.jpg","contentUrl":"https:\/\/staging.belleflamme.ca\/wp-content\/uploads\/2023\/01\/og-image.jpg","width":1200,"height":630,"caption":"Groupe Belleflamme"},"image":{"@id":"https:\/\/www.belleflamme.ca\/fr\/#\/schema\/logo\/image\/"},"sameAs":["https:\/\/www.facebook.com\/belleflamme.ca\/","https:\/\/www.linkedin.com\/company\/belleflamme\/","https:\/\/www.pinterest.ca\/groupebelleflamme\/","https:\/\/www.instagram.com\/legroupebelleflamme\/"],"mainEntityOfPage":{"@id":"https:\/\/staging.belleflamme.ca\/fr\/produit\/barbecue-au-gaz-prestige-pro-825-rsbi-de-napoleon\/"}}]},"product_brand":"BBQ Napoleon","og_availability":"instock","product_availability":"instock","product_condition":"new"},"_links":{"self":[{"href":"https:\/\/staging.belleflamme.ca\/fr\/wp-json\/wp\/v2\/product\/35377","targetHints":{"allow":["GET"]}}],"collection":[{"href":"https:\/\/staging.belleflamme.ca\/fr\/wp-json\/wp\/v2\/product"}],"about":[{"href":"https:\/\/staging.belleflamme.ca\/fr\/wp-json\/wp\/v2\/types\/product"}],"version-history":[{"count":5,"href":"https:\/\/staging.belleflamme.ca\/fr\/wp-json\/wp\/v2\/product\/35377\/revisions"}],"predecessor-version":[{"id":35394,"href":"https:\/\/staging.belleflamme.ca\/fr\/wp-json\/wp\/v2\/product\/35377\/revisions\/35394"}],"wp:featuredmedia":[{"embeddable":true,"href":"https:\/\/staging.belleflamme.ca\/fr\/wp-json\/wp\/v2\/media\/51400"}],"wp:attachment":[{"href":"https:\/\/staging.belleflamme.ca\/fr\/wp-json\/wp\/v2\/media?parent=35377"}],"wp:term":[{"taxonomy":"product_brand","embeddable":true,"href":"https:\/\/staging.belleflamme.ca\/fr\/wp-json\/wp\/v2\/product_brand?post=35377"},{"taxonomy":"product_cat","embeddable":true,"href":"https:\/\/staging.belleflamme.ca\/fr\/wp-json\/wp\/v2\/product_cat?post=35377"},{"taxonomy":"product_tag","embeddable":true,"href":"https:\/\/staging.belleflamme.ca\/fr\/wp-json\/wp\/v2\/product_tag?post=35377"}],"curies":[{"name":"wp","href":"https:\/\/api.w.org\/{rel}","templated":true}]}}