{"id":35059,"date":"2024-04-19T16:55:42","date_gmt":"2024-04-19T20:55:42","guid":{"rendered":"https:\/\/www.belleflamme.ca\/?post_type=product&#038;p=35059"},"modified":"2025-04-07T08:06:09","modified_gmt":"2025-04-07T12:06:09","slug":"foyer-electrique-series-trivista-pictura-de-napoleon","status":"publish","type":"product","link":"https:\/\/staging.belleflamme.ca\/fr\/produit\/foyer-electrique-series-trivista-pictura-de-napoleon\/","title":{"rendered":"Foyer \u00c9lectrique S\u00e9ries Trivista Pictura de Napoleon"},"content":{"rendered":"\t\t<div data-elementor-type=\"product-post\" data-elementor-id=\"35059\" class=\"elementor elementor-35059\" data-elementor-post-type=\"product\">\n\t\t\t\t\t\t<section class=\"elementor-section elementor-top-section elementor-element elementor-element-bf4017 elementor-section-boxed elementor-section-height-default elementor-section-height-default\" data-id=\"bf4017\" data-element_type=\"section\">\n\t\t\t\t\t\t<div class=\"elementor-container elementor-column-gap-default\">\n\t\t\t\t\t<div class=\"elementor-column elementor-col-100 elementor-top-column elementor-element elementor-element-5668eb0b\" data-id=\"5668eb0b\" data-element_type=\"column\">\n\t\t\t<div class=\"elementor-widget-wrap elementor-element-populated\">\n\t\t\t\t\t\t<div class=\"elementor-element elementor-element-536f7620 elementor-widget elementor-widget-text-editor\" data-id=\"536f7620\" data-element_type=\"widget\" data-widget_type=\"text-editor.default\">\n\t\t\t\t<div class=\"elementor-widget-container\">\n\t\t\t\t\t\t\t\t\t<p><iframe title=\"YouTube video player\" src=\"https:\/\/www.youtube.com\/embed\/4Hr62UsYnbU?si=WytzHiN4-rT8XXeA\" width=\"560\" height=\"315\" frameborder=\"0\" allowfullscreen=\"allowfullscreen\"><\/iframe><\/p><section class=\"series-overview-description\"><div class=\"inner-wrapper\"><div class=\"clearfix text-formatted field field--name-field-description field--type-text-long field--label-hidden field__item\"><p>Le foyer \u00e9lectrique \u00e0 trois faces Trivista\u1d39\u1d30 Pictura de Napol\u00e9on offre le d\u00e9bit de chaleur le plus \u00e9lev\u00e9 de sa cat\u00e9gorie. Mettez en valeur le foyer au moyen un l\u2019ensemble de b\u00fbches ou des cristaux en acrylique, ou combinez les deux options pour obtenir un visuel incroyable. Contr\u00f4lez ais\u00e9ment toutes les fonctions au moyen de la t\u00e9l\u00e9commande ou du panneau de commande tactile avec d\u00e9tecteur de proximit\u00e9. Profitez des foyers \u00e9lectriques Trivista\u1d39\u1d30 de Napol\u00e9on toute l&#8217;ann\u00e9e gr\u00e2ce aux flammes lumineuses qui peuvent fonctionner avec ou sans la chaleur.<\/p><\/div><\/div><\/section><div class=\"specs-and-features\"><section id=\"overview\" class=\"series-detail-wrapper\"><div class=\"specification tab-item tab-on\"><h3>SP\u00c9CIFICATION<\/h3><div class=\"fuel-type\"><p>Type de combustible\u00a0:<\/p><div class=\"field field--name-field-fuel-types field--type-entity-reference field--label-hidden field__item\">\u00c9lectrique<\/div><\/div><div class=\"view-type\"><p>Type de vue:<\/p><div class=\"field field--name-field-view-type field--type-entity-reference field--label-hidden field__items\"><div class=\"field__item\">Multiface<\/div><\/div><\/div><div class=\"available-size\"><p>Mod\u00e8les disponibles:<\/p><div class=\"field field--name-field-size-select field--type-entity-reference field--label-hidden field__items\">50 &amp; 60<\/div><\/div><div class=\"field field--name-field-sizes-image field--type-entity-reference field--label-hidden field__item\"><article class=\"media media--type-image media--view-mode-default\" data-id=\"39171\"><div class=\"blazy blazy--field blazy--field-media-image blazy--field-media-image--default field field--name-field-media-image field--type-image field--label-visually_hidden is-blazy\" data-blazy=\"\" data-once=\"blazy\"><div class=\"field__label visually-hidden\">Image<\/div><div class=\"field__item\"><div class=\"media media--blazy media--image is-b-loaded\" data-b-token=\"b-1b2307d8a07\"><img fetchpriority=\"high\" decoding=\"async\" class=\"media__element b-lazy b-loaded\" src=\"https:\/\/www.napoleon.com\/sites\/default\/files\/images\/2020-07\/series-size-chart-trivista.png\" alt=\"Trivista Sizes Chart\" width=\"570\" height=\"202\" \/><\/div><\/div><\/div><\/article><\/div><\/div><div class=\"key-series-features tab-item\"><h3>CARACT\u00c9RISTIQUES CL\u00c9S DE LA S\u00c9RIE<\/h3><div class=\"clearfix text-formatted field field--name-field-product-series-features field--type-text-long field--label-hidden field__item\"><ul><li>Cr\u00e9ez une zone de confort parfaite gr\u00e2ce \u00e0 deux niveaux de chauffage et de r\u00e9glage de temp\u00e9rature<\/li><li>Choisissez la vitesse et la couleur des flammes pour cr\u00e9er l\u2019ambiance parfaite<\/li><li>Changez les DEL multicolores du lit de braises au gr\u00e9 de votre humeur<\/li><li>La fa\u00e7ade vitr\u00e9e inclin\u00e9e projette la chaleur dans la pi\u00e8ce pour un chauffage plus efficace<\/li><li>Maintenez une temp\u00e9rature parfaite dans votre pi\u00e8ce pr\u00e9f\u00e9r\u00e9e gr\u00e2ce \u00e0 une minuterie r\u00e9glable de 30 minutes \u00e0 8 heures<\/li><li>T\u00e9l\u00e9commande pratique et facile \u00e0 utiliser incluse<\/li><li>Contr\u00f4lez l&#8217;appareil \u00e0 l&#8217;aide d&#8217;un \u00e9cran tactile intuitif dot\u00e9 d&#8217;un grand \u00e9cran \u00e0 2 chiffres<\/li><li>Lit de cristaux scintillants avec cinq grands cristaux inclus<\/li><li>Dispositif de protection contre les surchauffes inclus qui \u00e9teint l&#8217;appareil s&#8217;il devient trop chaud<\/li><\/ul><div>\u00a0<\/div><\/div><\/div><\/section><\/div>\t\t\t\t\t\t\t\t<\/div>\n\t\t\t\t<\/div>\n\t\t\t\t\t<\/div>\n\t\t<\/div>\n\t\t\t\t\t<\/div>\n\t\t<\/section>\n\t\t\t\t<section class=\"elementor-section elementor-top-section elementor-element elementor-element-15468bf elementor-section-boxed elementor-section-height-default elementor-section-height-default\" data-id=\"15468bf\" data-element_type=\"section\">\n\t\t\t\t\t\t<div class=\"elementor-container elementor-column-gap-default\">\n\t\t\t\t\t<div class=\"elementor-column elementor-col-100 elementor-top-column elementor-element elementor-element-06418ba\" data-id=\"06418ba\" data-element_type=\"column\">\n\t\t\t<div class=\"elementor-widget-wrap elementor-element-populated\">\n\t\t\t\t\t\t<div class=\"elementor-element elementor-element-c2e2211 elementor-tabs-view-horizontal elementor-widget elementor-widget-tabs\" data-id=\"c2e2211\" data-element_type=\"widget\" data-widget_type=\"tabs.default\">\n\t\t\t\t<div class=\"elementor-widget-container\">\n\t\t\t\t\t\t\t<div class=\"elementor-tabs\">\n\t\t\t<div class=\"elementor-tabs-wrapper\" role=\"tablist\" >\n\t\t\t\t\t\t\t\t\t<div id=\"elementor-tab-title-2041\" class=\"elementor-tab-title elementor-tab-desktop-title\" aria-selected=\"true\" data-tab=\"1\" role=\"tab\" tabindex=\"0\" aria-controls=\"elementor-tab-content-2041\" aria-expanded=\"false\">Fichiers<\/div>\n\t\t\t\t\t\t\t<\/div>\n\t\t\t<div class=\"elementor-tabs-content-wrapper\" role=\"tablist\" aria-orientation=\"vertical\">\n\t\t\t\t\t\t\t\t\t<div class=\"elementor-tab-title elementor-tab-mobile-title\" aria-selected=\"true\" data-tab=\"1\" role=\"tab\" tabindex=\"0\" aria-controls=\"elementor-tab-content-2041\" aria-expanded=\"false\">Fichiers<\/div>\n\t\t\t\t\t<div id=\"elementor-tab-content-2041\" class=\"elementor-tab-content elementor-clearfix\" data-tab=\"1\" role=\"tabpanel\" aria-labelledby=\"elementor-tab-title-2041\" tabindex=\"0\" hidden=\"false\"><i class=\"far fa-file-pdf fa-xl\" style=\"font-size:35px\"><\/i><a href=\"https:\/\/www.belleflamme.ca\/wp-content\/uploads\/2024\/04\/ADBRN1ELEC-Electric-Brochure-2021-FRN-LoRes-7.pdf\"> Brochure<\/a><\/br>\n<i class=\"far fa-file-pdf fa-xl\" style=\"font-size:35px\"><\/i><a href=\"https:\/\/www.belleflamme.ca\/wp-content\/uploads\/2024\/04\/NEFL50_60H-3SV-Manual.pdf\"> Installation et Manuel<\/a><\/br>\n<i class=\"far fa-file-pdf fa-xl\" style=\"font-size:35px\"><\/i><a href=\"https:\/\/www.belleflamme.ca\/wp-content\/uploads\/2024\/04\/W415-4054_NEFL50_60H-3SV-Spec-Sheet_-e-f_12.14.21.pdf\"> Sp\u00e9cifications<\/a><\/br><\/div>\n\t\t\t\t\t\t\t<\/div>\n\t\t<\/div>\n\t\t\t\t\t\t<\/div>\n\t\t\t\t<\/div>\n\t\t\t\t\t<\/div>\n\t\t<\/div>\n\t\t\t\t\t<\/div>\n\t\t<\/section>\n\t\t\t\t<\/div>\n\t\t","protected":false},"excerpt":{"rendered":"<p>Le foyer \u00e9lectrique \u00e0 trois faces Trivista\u1d39\u1d30 Pictura de Napol\u00e9on offre le d\u00e9bit de chaleur le plus \u00e9lev\u00e9 de sa cat\u00e9gorie. Mettez en valeur le foyer au moyen un l\u2019ensemble de b\u00fbches ou des cristaux en acrylique, ou combinez les deux options pour obtenir un visuel incroyable. Contr\u00f4lez ais\u00e9ment toutes les fonctions au moyen de [&hellip;]<\/p>\n","protected":false},"featured_media":35060,"template":"","meta":{"inline_featured_image":false},"product_brand":[1314],"product_cat":[240,241,33],"product_tag":[],"class_list":{"0":"post-35059","1":"product","2":"type-product","3":"status-publish","4":"has-post-thumbnail","6":"product_brand-foyers-napoleon","7":"product_cat-foyer-electrique","8":"product_cat-poele-foyer-electrique","9":"product_cat-poeles-et-foyers","11":"first","12":"instock","13":"taxable","14":"shipping-taxable","15":"purchasable","16":"product-type-variable"},"yoast_head":"<!-- This site is optimized with the Yoast SEO Premium plugin v24.2 (Yoast SEO v24.2) - https:\/\/yoast.com\/wordpress\/plugins\/seo\/ -->\n<title>Foyer \u00c9lectrique S\u00e9ries Trivista Pictura de Napoleon - Groupe BelleFlamme<\/title>\n<meta name=\"description\" content=\"Foyer \u00c9lectrique S\u00e9ries Trivista Pictura de Napoleon vendu et install\u00e9 par le Groupe Belleflamme. Laval, Montr\u00e9al, Gatineau et Saint-Sauveur.\" \/>\n<meta name=\"robots\" content=\"index, follow, max-snippet:-1, max-image-preview:large, max-video-preview:-1\" \/>\n<link rel=\"canonical\" href=\"https:\/\/staging.belleflamme.ca\/fr\/produit\/foyer-electrique-series-trivista-pictura-de-napoleon\/\" \/>\n<meta property=\"og:locale\" content=\"fr_FR\" \/>\n<meta property=\"og:type\" content=\"article\" \/>\n<meta property=\"og:title\" content=\"Foyer \u00c9lectrique S\u00e9ries Trivista Pictura de Napoleon\" \/>\n<meta property=\"og:description\" content=\"Foyer \u00c9lectrique S\u00e9ries Trivista Pictura de Napoleon vendu et install\u00e9 par le Groupe Belleflamme. Laval, Montr\u00e9al, Gatineau et Saint-Sauveur.\" \/>\n<meta property=\"og:url\" content=\"https:\/\/staging.belleflamme.ca\/fr\/produit\/foyer-electrique-series-trivista-pictura-de-napoleon\/\" \/>\n<meta property=\"og:site_name\" content=\"Groupe BelleFlamme\" \/>\n<meta property=\"article:publisher\" content=\"https:\/\/www.facebook.com\/belleflamme.ca\/\" \/>\n<meta property=\"article:modified_time\" content=\"2025-04-07T12:06:09+00:00\" \/>\n<meta property=\"og:image\" content=\"https:\/\/www.belleflamme.ca\/wp-content\/uploads\/2024\/04\/Foyer-Electrique-Series-Trivista-Pictura-de-Napoleon.jpg\" \/>\n\t<meta property=\"og:image:width\" content=\"1600\" \/>\n\t<meta property=\"og:image:height\" content=\"700\" \/>\n\t<meta property=\"og:image:type\" content=\"image\/jpeg\" \/>\n<meta name=\"twitter:card\" content=\"summary_large_image\" \/>\n<meta name=\"twitter:label1\" content=\"Disponibilit\u00e9\" \/>\n\t<meta name=\"twitter:data1\" content=\"En stock\" \/>\n<script type=\"application\/ld+json\" class=\"yoast-schema-graph\">{\"@context\":\"https:\/\/schema.org\",\"@graph\":[{\"@type\":[\"WebPage\",\"ItemPage\"],\"@id\":\"https:\/\/staging.belleflamme.ca\/fr\/produit\/foyer-electrique-series-trivista-pictura-de-napoleon\/\",\"url\":\"https:\/\/staging.belleflamme.ca\/fr\/produit\/foyer-electrique-series-trivista-pictura-de-napoleon\/\",\"name\":\"Foyer \u00c9lectrique S\u00e9ries Trivista Pictura de Napoleon - Groupe BelleFlamme\",\"isPartOf\":{\"@id\":\"https:\/\/www.belleflamme.ca\/fr\/#website\"},\"primaryImageOfPage\":{\"@id\":\"https:\/\/staging.belleflamme.ca\/fr\/produit\/foyer-electrique-series-trivista-pictura-de-napoleon\/#primaryimage\"},\"image\":{\"@id\":\"https:\/\/staging.belleflamme.ca\/fr\/produit\/foyer-electrique-series-trivista-pictura-de-napoleon\/#primaryimage\"},\"thumbnailUrl\":\"https:\/\/staging.belleflamme.ca\/wp-content\/uploads\/2024\/04\/Foyer-Electrique-Series-Trivista-Pictura-de-Napoleon.jpg\",\"datePublished\":\"2024-04-19T20:55:42+00:00\",\"dateModified\":\"2025-04-07T12:06:09+00:00\",\"description\":\"Foyer \u00c9lectrique S\u00e9ries Trivista Pictura de Napoleon vendu et install\u00e9 par le Groupe Belleflamme. Laval, Montr\u00e9al, Gatineau et Saint-Sauveur.\",\"breadcrumb\":{\"@id\":\"https:\/\/staging.belleflamme.ca\/fr\/produit\/foyer-electrique-series-trivista-pictura-de-napoleon\/#breadcrumb\"},\"inLanguage\":\"fr-FR\",\"potentialAction\":[{\"@type\":\"ReadAction\",\"target\":[\"https:\/\/staging.belleflamme.ca\/fr\/produit\/foyer-electrique-series-trivista-pictura-de-napoleon\/\"]}]},{\"@type\":\"ImageObject\",\"inLanguage\":\"fr-FR\",\"@id\":\"https:\/\/staging.belleflamme.ca\/fr\/produit\/foyer-electrique-series-trivista-pictura-de-napoleon\/#primaryimage\",\"url\":\"https:\/\/staging.belleflamme.ca\/wp-content\/uploads\/2024\/04\/Foyer-Electrique-Series-Trivista-Pictura-de-Napoleon.jpg\",\"contentUrl\":\"https:\/\/staging.belleflamme.ca\/wp-content\/uploads\/2024\/04\/Foyer-Electrique-Series-Trivista-Pictura-de-Napoleon.jpg\",\"width\":1600,\"height\":700,\"caption\":\"Foyer \u00c9lectrique S\u00e9ries Trivista Pictura de Napoleon\"},{\"@type\":\"BreadcrumbList\",\"@id\":\"https:\/\/staging.belleflamme.ca\/fr\/produit\/foyer-electrique-series-trivista-pictura-de-napoleon\/#breadcrumb\",\"itemListElement\":[{\"@type\":\"ListItem\",\"position\":1,\"name\":\"Accueil\",\"item\":\"https:\/\/www.belleflamme.ca\/fr\/\"},{\"@type\":\"ListItem\",\"position\":2,\"name\":\"Boutique\",\"item\":\"https:\/\/www.belleflamme.ca\/fr\/boutique\/\"},{\"@type\":\"ListItem\",\"position\":3,\"name\":\"Po\u00eales &amp; Foyers\",\"item\":\"https:\/\/staging.belleflamme.ca\/fr\/categories\/poeles-et-foyers\/\"},{\"@type\":\"ListItem\",\"position\":4,\"name\":\"Po\u00eale &amp; Foyer \u00c9lectrique\",\"item\":\"https:\/\/staging.belleflamme.ca\/fr\/categories\/poeles-et-foyers\/poele-foyer-electrique\/\"},{\"@type\":\"ListItem\",\"position\":5,\"name\":\"Foyer \u00c9lectrique\",\"item\":\"https:\/\/staging.belleflamme.ca\/fr\/categories\/poeles-et-foyers\/poele-foyer-electrique\/foyer-electrique\/\"},{\"@type\":\"ListItem\",\"position\":6,\"name\":\"Foyer \u00c9lectrique S\u00e9ries Trivista Pictura de Napoleon\"}]},{\"@type\":\"WebSite\",\"@id\":\"https:\/\/www.belleflamme.ca\/fr\/#website\",\"url\":\"https:\/\/www.belleflamme.ca\/fr\/\",\"name\":\"Groupe Belleflamme\",\"description\":\"La m\u00e9canique du b\u00e2timent dans le sang.\",\"publisher\":{\"@id\":\"https:\/\/www.belleflamme.ca\/fr\/#organization\"},\"potentialAction\":[{\"@type\":\"SearchAction\",\"target\":{\"@type\":\"EntryPoint\",\"urlTemplate\":\"https:\/\/www.belleflamme.ca\/fr\/?s={search_term_string}\"},\"query-input\":{\"@type\":\"PropertyValueSpecification\",\"valueRequired\":true,\"valueName\":\"search_term_string\"}}],\"inLanguage\":\"fr-FR\"},{\"@type\":[\"Organization\",\"Place\"],\"@id\":\"https:\/\/www.belleflamme.ca\/fr\/#organization\",\"name\":\"Groupe Belleflamme\",\"alternateName\":\"Belleflamme\",\"url\":\"https:\/\/www.belleflamme.ca\/fr\/\",\"logo\":{\"@type\":\"ImageObject\",\"inLanguage\":\"fr-FR\",\"@id\":\"https:\/\/www.belleflamme.ca\/fr\/#\/schema\/logo\/image\/\",\"url\":\"https:\/\/staging.belleflamme.ca\/wp-content\/uploads\/2023\/01\/og-image.jpg\",\"contentUrl\":\"https:\/\/staging.belleflamme.ca\/wp-content\/uploads\/2023\/01\/og-image.jpg\",\"width\":1200,\"height\":630,\"caption\":\"Groupe Belleflamme\"},\"image\":{\"@id\":\"https:\/\/www.belleflamme.ca\/fr\/#\/schema\/logo\/image\/\"},\"sameAs\":[\"https:\/\/www.facebook.com\/belleflamme.ca\/\",\"https:\/\/www.linkedin.com\/company\/belleflamme\/\",\"https:\/\/www.pinterest.ca\/groupebelleflamme\/\",\"https:\/\/www.instagram.com\/legroupebelleflamme\/\"],\"mainEntityOfPage\":{\"@id\":\"https:\/\/staging.belleflamme.ca\/fr\/produit\/foyer-electrique-series-trivista-pictura-de-napoleon\/\"}}]}<\/script>\n<meta property=\"product:brand\" content=\"Foyers Napoleon\" \/>\n<meta property=\"og:availability\" content=\"instock\" \/>\n<meta property=\"product:availability\" content=\"instock\" \/>\n<meta property=\"product:condition\" content=\"new\" \/>\n<!-- \/ Yoast SEO Premium plugin. -->","yoast_head_json":{"title":"Foyer \u00c9lectrique S\u00e9ries Trivista Pictura de Napoleon - Groupe BelleFlamme","description":"Foyer \u00c9lectrique S\u00e9ries Trivista Pictura de Napoleon vendu et install\u00e9 par le Groupe Belleflamme. Laval, Montr\u00e9al, Gatineau et Saint-Sauveur.","robots":{"index":"index","follow":"follow","max-snippet":"max-snippet:-1","max-image-preview":"max-image-preview:large","max-video-preview":"max-video-preview:-1"},"canonical":"https:\/\/staging.belleflamme.ca\/fr\/produit\/foyer-electrique-series-trivista-pictura-de-napoleon\/","og_locale":"fr_FR","og_type":"article","og_title":"Foyer \u00c9lectrique S\u00e9ries Trivista Pictura de Napoleon","og_description":"Foyer \u00c9lectrique S\u00e9ries Trivista Pictura de Napoleon vendu et install\u00e9 par le Groupe Belleflamme. Laval, Montr\u00e9al, Gatineau et Saint-Sauveur.","og_url":"https:\/\/staging.belleflamme.ca\/fr\/produit\/foyer-electrique-series-trivista-pictura-de-napoleon\/","og_site_name":"Groupe BelleFlamme","article_publisher":"https:\/\/www.facebook.com\/belleflamme.ca\/","article_modified_time":"2025-04-07T12:06:09+00:00","og_image":[{"width":1600,"height":700,"url":"https:\/\/www.belleflamme.ca\/wp-content\/uploads\/2024\/04\/Foyer-Electrique-Series-Trivista-Pictura-de-Napoleon.jpg","type":"image\/jpeg"}],"twitter_card":"summary_large_image","twitter_misc":{"Disponibilit\u00e9":"En stock"},"schema":{"@context":"https:\/\/schema.org","@graph":[{"@type":["WebPage","ItemPage"],"@id":"https:\/\/staging.belleflamme.ca\/fr\/produit\/foyer-electrique-series-trivista-pictura-de-napoleon\/","url":"https:\/\/staging.belleflamme.ca\/fr\/produit\/foyer-electrique-series-trivista-pictura-de-napoleon\/","name":"Foyer \u00c9lectrique S\u00e9ries Trivista Pictura de Napoleon - Groupe BelleFlamme","isPartOf":{"@id":"https:\/\/www.belleflamme.ca\/fr\/#website"},"primaryImageOfPage":{"@id":"https:\/\/staging.belleflamme.ca\/fr\/produit\/foyer-electrique-series-trivista-pictura-de-napoleon\/#primaryimage"},"image":{"@id":"https:\/\/staging.belleflamme.ca\/fr\/produit\/foyer-electrique-series-trivista-pictura-de-napoleon\/#primaryimage"},"thumbnailUrl":"https:\/\/staging.belleflamme.ca\/wp-content\/uploads\/2024\/04\/Foyer-Electrique-Series-Trivista-Pictura-de-Napoleon.jpg","datePublished":"2024-04-19T20:55:42+00:00","dateModified":"2025-04-07T12:06:09+00:00","description":"Foyer \u00c9lectrique S\u00e9ries Trivista Pictura de Napoleon vendu et install\u00e9 par le Groupe Belleflamme. Laval, Montr\u00e9al, Gatineau et Saint-Sauveur.","breadcrumb":{"@id":"https:\/\/staging.belleflamme.ca\/fr\/produit\/foyer-electrique-series-trivista-pictura-de-napoleon\/#breadcrumb"},"inLanguage":"fr-FR","potentialAction":[{"@type":"ReadAction","target":["https:\/\/staging.belleflamme.ca\/fr\/produit\/foyer-electrique-series-trivista-pictura-de-napoleon\/"]}]},{"@type":"ImageObject","inLanguage":"fr-FR","@id":"https:\/\/staging.belleflamme.ca\/fr\/produit\/foyer-electrique-series-trivista-pictura-de-napoleon\/#primaryimage","url":"https:\/\/staging.belleflamme.ca\/wp-content\/uploads\/2024\/04\/Foyer-Electrique-Series-Trivista-Pictura-de-Napoleon.jpg","contentUrl":"https:\/\/staging.belleflamme.ca\/wp-content\/uploads\/2024\/04\/Foyer-Electrique-Series-Trivista-Pictura-de-Napoleon.jpg","width":1600,"height":700,"caption":"Foyer \u00c9lectrique S\u00e9ries Trivista Pictura de Napoleon"},{"@type":"BreadcrumbList","@id":"https:\/\/staging.belleflamme.ca\/fr\/produit\/foyer-electrique-series-trivista-pictura-de-napoleon\/#breadcrumb","itemListElement":[{"@type":"ListItem","position":1,"name":"Accueil","item":"https:\/\/www.belleflamme.ca\/fr\/"},{"@type":"ListItem","position":2,"name":"Boutique","item":"https:\/\/www.belleflamme.ca\/fr\/boutique\/"},{"@type":"ListItem","position":3,"name":"Po\u00eales &amp; Foyers","item":"https:\/\/staging.belleflamme.ca\/fr\/categories\/poeles-et-foyers\/"},{"@type":"ListItem","position":4,"name":"Po\u00eale &amp; Foyer \u00c9lectrique","item":"https:\/\/staging.belleflamme.ca\/fr\/categories\/poeles-et-foyers\/poele-foyer-electrique\/"},{"@type":"ListItem","position":5,"name":"Foyer \u00c9lectrique","item":"https:\/\/staging.belleflamme.ca\/fr\/categories\/poeles-et-foyers\/poele-foyer-electrique\/foyer-electrique\/"},{"@type":"ListItem","position":6,"name":"Foyer \u00c9lectrique S\u00e9ries Trivista Pictura de Napoleon"}]},{"@type":"WebSite","@id":"https:\/\/www.belleflamme.ca\/fr\/#website","url":"https:\/\/www.belleflamme.ca\/fr\/","name":"Groupe Belleflamme","description":"La m\u00e9canique du b\u00e2timent dans le sang.","publisher":{"@id":"https:\/\/www.belleflamme.ca\/fr\/#organization"},"potentialAction":[{"@type":"SearchAction","target":{"@type":"EntryPoint","urlTemplate":"https:\/\/www.belleflamme.ca\/fr\/?s={search_term_string}"},"query-input":{"@type":"PropertyValueSpecification","valueRequired":true,"valueName":"search_term_string"}}],"inLanguage":"fr-FR"},{"@type":["Organization","Place"],"@id":"https:\/\/www.belleflamme.ca\/fr\/#organization","name":"Groupe Belleflamme","alternateName":"Belleflamme","url":"https:\/\/www.belleflamme.ca\/fr\/","logo":{"@type":"ImageObject","inLanguage":"fr-FR","@id":"https:\/\/www.belleflamme.ca\/fr\/#\/schema\/logo\/image\/","url":"https:\/\/staging.belleflamme.ca\/wp-content\/uploads\/2023\/01\/og-image.jpg","contentUrl":"https:\/\/staging.belleflamme.ca\/wp-content\/uploads\/2023\/01\/og-image.jpg","width":1200,"height":630,"caption":"Groupe Belleflamme"},"image":{"@id":"https:\/\/www.belleflamme.ca\/fr\/#\/schema\/logo\/image\/"},"sameAs":["https:\/\/www.facebook.com\/belleflamme.ca\/","https:\/\/www.linkedin.com\/company\/belleflamme\/","https:\/\/www.pinterest.ca\/groupebelleflamme\/","https:\/\/www.instagram.com\/legroupebelleflamme\/"],"mainEntityOfPage":{"@id":"https:\/\/staging.belleflamme.ca\/fr\/produit\/foyer-electrique-series-trivista-pictura-de-napoleon\/"}}]},"product_brand":"Foyers Napoleon","og_availability":"instock","product_availability":"instock","product_condition":"new"},"_links":{"self":[{"href":"https:\/\/staging.belleflamme.ca\/fr\/wp-json\/wp\/v2\/product\/35059","targetHints":{"allow":["GET"]}}],"collection":[{"href":"https:\/\/staging.belleflamme.ca\/fr\/wp-json\/wp\/v2\/product"}],"about":[{"href":"https:\/\/staging.belleflamme.ca\/fr\/wp-json\/wp\/v2\/types\/product"}],"version-history":[{"count":5,"href":"https:\/\/staging.belleflamme.ca\/fr\/wp-json\/wp\/v2\/product\/35059\/revisions"}],"predecessor-version":[{"id":43223,"href":"https:\/\/staging.belleflamme.ca\/fr\/wp-json\/wp\/v2\/product\/35059\/revisions\/43223"}],"wp:featuredmedia":[{"embeddable":true,"href":"https:\/\/staging.belleflamme.ca\/fr\/wp-json\/wp\/v2\/media\/35060"}],"wp:attachment":[{"href":"https:\/\/staging.belleflamme.ca\/fr\/wp-json\/wp\/v2\/media?parent=35059"}],"wp:term":[{"taxonomy":"product_brand","embeddable":true,"href":"https:\/\/staging.belleflamme.ca\/fr\/wp-json\/wp\/v2\/product_brand?post=35059"},{"taxonomy":"product_cat","embeddable":true,"href":"https:\/\/staging.belleflamme.ca\/fr\/wp-json\/wp\/v2\/product_cat?post=35059"},{"taxonomy":"product_tag","embeddable":true,"href":"https:\/\/staging.belleflamme.ca\/fr\/wp-json\/wp\/v2\/product_tag?post=35059"}],"curies":[{"name":"wp","href":"https:\/\/api.w.org\/{rel}","templated":true}]}}