{"id":35029,"date":"2024-04-19T16:38:11","date_gmt":"2024-04-19T20:38:11","guid":{"rendered":"https:\/\/www.belleflamme.ca\/?post_type=product&#038;p=35029"},"modified":"2025-04-07T08:00:31","modified_gmt":"2025-04-07T12:00:31","slug":"foyer-electrique-serie-element-de-napoleon","status":"publish","type":"product","link":"https:\/\/staging.belleflamme.ca\/fr\/produit\/foyer-electrique-serie-element-de-napoleon\/","title":{"rendered":"Foyer \u00c9lectrique S\u00e9rie Element de Napoleon"},"content":{"rendered":"\t\t<div data-elementor-type=\"product-post\" data-elementor-id=\"35029\" class=\"elementor elementor-35029\" data-elementor-post-type=\"product\">\n\t\t\t\t\t\t<section class=\"elementor-section elementor-top-section elementor-element elementor-element-1ad7722a elementor-section-boxed elementor-section-height-default elementor-section-height-default\" data-id=\"1ad7722a\" data-element_type=\"section\">\n\t\t\t\t\t\t<div class=\"elementor-container elementor-column-gap-default\">\n\t\t\t\t\t<div class=\"elementor-column elementor-col-100 elementor-top-column elementor-element elementor-element-2b3d71f7\" data-id=\"2b3d71f7\" data-element_type=\"column\">\n\t\t\t<div class=\"elementor-widget-wrap elementor-element-populated\">\n\t\t\t\t\t\t<div class=\"elementor-element elementor-element-78a5dd11 elementor-widget elementor-widget-text-editor\" data-id=\"78a5dd11\" data-element_type=\"widget\" data-widget_type=\"text-editor.default\">\n\t\t\t\t<div class=\"elementor-widget-container\">\n\t\t\t\t\t\t\t\t\t<p><iframe title=\"YouTube video player\" src=\"https:\/\/www.youtube.com\/embed\/kiDLiZdQjpg?si=xQXGyf4jOHAnJGwY\" width=\"560\" height=\"315\" frameborder=\"0\" allowfullscreen=\"allowfullscreen\"><\/iframe><\/p><section class=\"series-overview-description\"><div class=\"inner-wrapper\"><div class=\"clearfix text-formatted field field--name-field-description field--type-text-long field--label-hidden field__item\"><p>Le foyer \u00e9lectrique Element<sup>\u1d39\u1d30<\/sup>\u00a0avec moulure de finition est id\u00e9al pour les entrepreneurs tout en b\u00e9n\u00e9ficiant d&#8217;une qualit\u00e9 artisanale. Il offre le d\u00e9bit de chaleur le plus \u00e9lev\u00e9\u00a0et les plus belles flammes de sa cat\u00e9gorie. En outre, il peut \u00eatre c\u00e2bl\u00e9 ou branch\u00e9. Ce foyer qui est autant une source de chaleur \u00e9cologique qu\u2019un magnifique point d\u2019int\u00e9r\u00eat pr\u00e9sente de nombreux avantages, que ce soit le jeu de flammes impressionnant, le lit de braises aux b\u00fbches rougeoyantes ou la lumi\u00e8re sup\u00e9rieure \u00e0 sept r\u00e9glages diff\u00e9rents de couleurs.<\/p><\/div><\/div><\/section><div class=\"specs-and-features\"><section id=\"overview\" class=\"series-detail-wrapper\"><div class=\"specification tab-item tab-on\"><h3>SP\u00c9CIFICATION<\/h3><div class=\"fuel-type\"><p>Type de combustible\u00a0:<\/p><div class=\"field field--name-field-fuel-types field--type-entity-reference field--label-hidden field__item\">\u00c9lectrique<\/div><\/div><div class=\"view-type\"><p>Type de vue:<\/p><div class=\"field field--name-field-view-type field--type-entity-reference field--label-hidden field__items\"><div class=\"field__item\">Face unique<\/div><\/div><\/div><div class=\"available-size\"><p>Mod\u00e8les disponibles:<\/p><div class=\"field field--name-field-size-select field--type-entity-reference field--label-hidden field__items\">36 &amp; 42<\/div><\/div><\/div><div class=\"key-series-features tab-item\"><h3>CARACT\u00c9RISTIQUES CL\u00c9S DE LA S\u00c9RIE<\/h3><div class=\"clearfix text-formatted field field--name-field-product-series-features field--type-text-long field--label-hidden field__item\"><ul><li>Jusqu&#8217;\u00e0 10 000 BTU et\u00a03 000 watts<\/li><li>Flammes vives \u00e0 luminosit\u00e9 r\u00e9glable<\/li><li>Moulure de finition int\u00e9gr\u00e9e qui facilite l&#8217;installation<\/li><li>Se branche dans une prise murale de 120 V ou peut \u00eatre c\u00e2bl\u00e9 sur un circuit de 120 V ou 240 V<\/li><li>\u00c9clairage sup\u00e9rieur \u00e0 DEL \u00e0 7 r\u00e9glages de couleur<\/li><li>Panneaux d\u00e9coratifs simili-briques lat\u00e9raux<\/li><li>Utilisation en toutes saisons : les flammes fonctionnent avec ou sans chaleur<\/li><li>Fonction de d\u00e9sactivation du chauffage qui agit comme dispositif de s\u00e9curit\u00e9 pour les enfants<\/li><li>T\u00e9l\u00e9commande multifonction incluse<\/li><li>Contr\u00f4le thermostatique<\/li><\/ul><div>\u00a0<\/div><\/div><\/div><\/section><\/div>\t\t\t\t\t\t\t\t<\/div>\n\t\t\t\t<\/div>\n\t\t\t\t\t<\/div>\n\t\t<\/div>\n\t\t\t\t\t<\/div>\n\t\t<\/section>\n\t\t\t\t<section class=\"elementor-section elementor-top-section elementor-element elementor-element-dfd51f7 elementor-section-boxed elementor-section-height-default elementor-section-height-default\" data-id=\"dfd51f7\" data-element_type=\"section\">\n\t\t\t\t\t\t<div class=\"elementor-container elementor-column-gap-default\">\n\t\t\t\t\t<div class=\"elementor-column elementor-col-100 elementor-top-column elementor-element elementor-element-9c589cf\" data-id=\"9c589cf\" data-element_type=\"column\">\n\t\t\t<div class=\"elementor-widget-wrap elementor-element-populated\">\n\t\t\t\t\t\t<div class=\"elementor-element elementor-element-afc9a06 elementor-tabs-view-horizontal elementor-widget elementor-widget-tabs\" data-id=\"afc9a06\" data-element_type=\"widget\" data-widget_type=\"tabs.default\">\n\t\t\t\t<div class=\"elementor-widget-container\">\n\t\t\t\t\t\t\t<div class=\"elementor-tabs\">\n\t\t\t<div class=\"elementor-tabs-wrapper\" role=\"tablist\" >\n\t\t\t\t\t\t\t\t\t<div id=\"elementor-tab-title-1841\" class=\"elementor-tab-title elementor-tab-desktop-title\" aria-selected=\"true\" data-tab=\"1\" role=\"tab\" tabindex=\"0\" aria-controls=\"elementor-tab-content-1841\" aria-expanded=\"false\">Fichiers<\/div>\n\t\t\t\t\t\t\t<\/div>\n\t\t\t<div class=\"elementor-tabs-content-wrapper\" role=\"tablist\" aria-orientation=\"vertical\">\n\t\t\t\t\t\t\t\t\t<div class=\"elementor-tab-title elementor-tab-mobile-title\" aria-selected=\"true\" data-tab=\"1\" role=\"tab\" tabindex=\"0\" aria-controls=\"elementor-tab-content-1841\" aria-expanded=\"false\">Fichiers<\/div>\n\t\t\t\t\t<div id=\"elementor-tab-content-1841\" class=\"elementor-tab-content elementor-clearfix\" data-tab=\"1\" role=\"tabpanel\" aria-labelledby=\"elementor-tab-title-1841\" tabindex=\"0\" hidden=\"false\"><i class=\"far fa-file-pdf fa-xl\" style=\"font-size:35px\"><\/i><a href=\"https:\/\/www.belleflamme.ca\/wp-content\/uploads\/2024\/04\/ADBRN1ELEC-Electric-Brochure-2021-FRN-LoRes-7.pdf\"> Brochure<\/a><\/br>\n<i class=\"far fa-file-pdf fa-xl\" style=\"font-size: 35px;\"><\/i><a href=\"https:\/\/www.belleflamme.ca\/wp-content\/uploads\/2024\/04\/Element-Electric-Fireplace-Installation-Operation-Manual.pdf\"> Installation et Manuel 36<\/a><br\/>\n<i class=\"far fa-file-pdf fa-xl\" style=\"font-size:35px\"><\/i><a href=\"https:\/\/www.belleflamme.ca\/wp-content\/uploads\/2024\/04\/NEFB42H-BS-Manual-1.pdf\"> Installation et Manuel 42<\/a><\/br>\n<i class=\"far fa-file-pdf fa-xl\" style=\"font-size:35px\"><\/i><a href=\"https:\/\/www.belleflamme.ca\/wp-content\/uploads\/2024\/04\/W415-3155_NEFB36H-42H-BS-1_-e-f_02.14.23.pdf\"> Installation et manuel<\/a><\/br>\n<i class=\"far fa-file-pdf fa-xl\" style=\"font-size:35px\"><\/i><a href=\"https:\/\/www.belleflamme.ca\/wp-content\/uploads\/2024\/04\/NEFB36H-BS_Specification_Leaflet.pdf\"> Sp\u00e9cifications 36<\/a><\/br>\n<i class=\"far fa-file-pdf fa-xl\" style=\"font-size:35px\"><\/i><a href=\"https:\/\/www.belleflamme.ca\/wp-content\/uploads\/2024\/04\/W415-3025_NEFB42H-BS-Spec-Sheet_-e-f_02.23.22.pdf\"> Sp\u00e9cifications 42<\/a><\/br><\/div>\n\t\t\t\t\t\t\t<\/div>\n\t\t<\/div>\n\t\t\t\t\t\t<\/div>\n\t\t\t\t<\/div>\n\t\t\t\t\t<\/div>\n\t\t<\/div>\n\t\t\t\t\t<\/div>\n\t\t<\/section>\n\t\t\t\t<\/div>\n\t\t","protected":false},"excerpt":{"rendered":"<p>Le foyer \u00e9lectrique Element\u1d39\u1d30\u00a0avec moulure de finition est id\u00e9al pour les entrepreneurs tout en b\u00e9n\u00e9ficiant d&#8217;une qualit\u00e9 artisanale. Il offre le d\u00e9bit de chaleur le plus \u00e9lev\u00e9\u00a0et les plus belles flammes de sa cat\u00e9gorie. En outre, il peut \u00eatre c\u00e2bl\u00e9 ou branch\u00e9. Ce foyer qui est autant une source de chaleur \u00e9cologique qu\u2019un magnifique point [&hellip;]<\/p>\n","protected":false},"featured_media":35032,"template":"","meta":{"inline_featured_image":false},"product_brand":[1314],"product_cat":[240,241,33],"product_tag":[],"class_list":{"0":"post-35029","1":"product","2":"type-product","3":"status-publish","4":"has-post-thumbnail","6":"product_brand-foyers-napoleon","7":"product_cat-foyer-electrique","8":"product_cat-poele-foyer-electrique","9":"product_cat-poeles-et-foyers","11":"first","12":"instock","13":"taxable","14":"shipping-taxable","15":"purchasable","16":"product-type-variable"},"yoast_head":"<!-- This site is optimized with the Yoast SEO Premium plugin v24.2 (Yoast SEO v24.2) - https:\/\/yoast.com\/wordpress\/plugins\/seo\/ -->\n<title>Foyer \u00c9lectrique S\u00e9rie Element de Napoleon - Groupe BelleFlamme<\/title>\n<meta name=\"description\" content=\"Foyer \u00c9lectrique S\u00e9rie Element de Napoleon vendu et install\u00e9 par le Groupe Belleflamme. Laval, Montr\u00e9al, Gatineau et Saint-Sauveur.\" \/>\n<meta name=\"robots\" content=\"index, follow, max-snippet:-1, max-image-preview:large, max-video-preview:-1\" \/>\n<link rel=\"canonical\" href=\"https:\/\/staging.belleflamme.ca\/fr\/produit\/foyer-electrique-serie-element-de-napoleon\/\" \/>\n<meta property=\"og:locale\" content=\"fr_FR\" \/>\n<meta property=\"og:type\" content=\"article\" \/>\n<meta property=\"og:title\" content=\"Foyer \u00c9lectrique S\u00e9rie Element de Napoleon\" \/>\n<meta property=\"og:description\" content=\"Foyer \u00c9lectrique S\u00e9rie Element de Napoleon vendu et install\u00e9 par le Groupe Belleflamme. Laval, Montr\u00e9al, Gatineau et Saint-Sauveur.\" \/>\n<meta property=\"og:url\" content=\"https:\/\/staging.belleflamme.ca\/fr\/produit\/foyer-electrique-serie-element-de-napoleon\/\" \/>\n<meta property=\"og:site_name\" content=\"Groupe BelleFlamme\" \/>\n<meta property=\"article:publisher\" content=\"https:\/\/www.facebook.com\/belleflamme.ca\/\" \/>\n<meta property=\"article:modified_time\" content=\"2025-04-07T12:00:31+00:00\" \/>\n<meta property=\"og:image\" content=\"https:\/\/www.belleflamme.ca\/wp-content\/uploads\/2024\/04\/Foyer-Electrique-Serie-Element-de-Napoleon-1.jpg\" \/>\n\t<meta property=\"og:image:width\" content=\"996\" \/>\n\t<meta property=\"og:image:height\" content=\"664\" \/>\n\t<meta property=\"og:image:type\" content=\"image\/jpeg\" \/>\n<meta name=\"twitter:card\" content=\"summary_large_image\" \/>\n<meta name=\"twitter:label1\" content=\"Disponibilit\u00e9\" \/>\n\t<meta name=\"twitter:data1\" content=\"En stock\" \/>\n<script type=\"application\/ld+json\" class=\"yoast-schema-graph\">{\"@context\":\"https:\/\/schema.org\",\"@graph\":[{\"@type\":[\"WebPage\",\"ItemPage\"],\"@id\":\"https:\/\/staging.belleflamme.ca\/fr\/produit\/foyer-electrique-serie-element-de-napoleon\/\",\"url\":\"https:\/\/staging.belleflamme.ca\/fr\/produit\/foyer-electrique-serie-element-de-napoleon\/\",\"name\":\"Foyer \u00c9lectrique S\u00e9rie Element de Napoleon - Groupe BelleFlamme\",\"isPartOf\":{\"@id\":\"https:\/\/www.belleflamme.ca\/fr\/#website\"},\"primaryImageOfPage\":{\"@id\":\"https:\/\/staging.belleflamme.ca\/fr\/produit\/foyer-electrique-serie-element-de-napoleon\/#primaryimage\"},\"image\":{\"@id\":\"https:\/\/staging.belleflamme.ca\/fr\/produit\/foyer-electrique-serie-element-de-napoleon\/#primaryimage\"},\"thumbnailUrl\":\"https:\/\/staging.belleflamme.ca\/wp-content\/uploads\/2024\/04\/Foyer-Electrique-Serie-Element-de-Napoleon-1.jpg\",\"datePublished\":\"2024-04-19T20:38:11+00:00\",\"dateModified\":\"2025-04-07T12:00:31+00:00\",\"description\":\"Foyer \u00c9lectrique S\u00e9rie Element de Napoleon vendu et install\u00e9 par le Groupe Belleflamme. Laval, Montr\u00e9al, Gatineau et Saint-Sauveur.\",\"breadcrumb\":{\"@id\":\"https:\/\/staging.belleflamme.ca\/fr\/produit\/foyer-electrique-serie-element-de-napoleon\/#breadcrumb\"},\"inLanguage\":\"fr-FR\",\"potentialAction\":[{\"@type\":\"ReadAction\",\"target\":[\"https:\/\/staging.belleflamme.ca\/fr\/produit\/foyer-electrique-serie-element-de-napoleon\/\"]}]},{\"@type\":\"ImageObject\",\"inLanguage\":\"fr-FR\",\"@id\":\"https:\/\/staging.belleflamme.ca\/fr\/produit\/foyer-electrique-serie-element-de-napoleon\/#primaryimage\",\"url\":\"https:\/\/staging.belleflamme.ca\/wp-content\/uploads\/2024\/04\/Foyer-Electrique-Serie-Element-de-Napoleon-1.jpg\",\"contentUrl\":\"https:\/\/staging.belleflamme.ca\/wp-content\/uploads\/2024\/04\/Foyer-Electrique-Serie-Element-de-Napoleon-1.jpg\",\"width\":996,\"height\":664,\"caption\":\"Foyer \u00c9lectrique S\u00e9rie Element de Napoleon\"},{\"@type\":\"BreadcrumbList\",\"@id\":\"https:\/\/staging.belleflamme.ca\/fr\/produit\/foyer-electrique-serie-element-de-napoleon\/#breadcrumb\",\"itemListElement\":[{\"@type\":\"ListItem\",\"position\":1,\"name\":\"Accueil\",\"item\":\"https:\/\/www.belleflamme.ca\/fr\/\"},{\"@type\":\"ListItem\",\"position\":2,\"name\":\"Boutique\",\"item\":\"https:\/\/www.belleflamme.ca\/fr\/boutique\/\"},{\"@type\":\"ListItem\",\"position\":3,\"name\":\"Po\u00eales &amp; Foyers\",\"item\":\"https:\/\/staging.belleflamme.ca\/fr\/categories\/poeles-et-foyers\/\"},{\"@type\":\"ListItem\",\"position\":4,\"name\":\"Po\u00eale &amp; Foyer \u00c9lectrique\",\"item\":\"https:\/\/staging.belleflamme.ca\/fr\/categories\/poeles-et-foyers\/poele-foyer-electrique\/\"},{\"@type\":\"ListItem\",\"position\":5,\"name\":\"Foyer \u00c9lectrique\",\"item\":\"https:\/\/staging.belleflamme.ca\/fr\/categories\/poeles-et-foyers\/poele-foyer-electrique\/foyer-electrique\/\"},{\"@type\":\"ListItem\",\"position\":6,\"name\":\"Foyer \u00c9lectrique S\u00e9rie Element de Napoleon\"}]},{\"@type\":\"WebSite\",\"@id\":\"https:\/\/www.belleflamme.ca\/fr\/#website\",\"url\":\"https:\/\/www.belleflamme.ca\/fr\/\",\"name\":\"Groupe Belleflamme\",\"description\":\"La m\u00e9canique du b\u00e2timent dans le sang.\",\"publisher\":{\"@id\":\"https:\/\/www.belleflamme.ca\/fr\/#organization\"},\"potentialAction\":[{\"@type\":\"SearchAction\",\"target\":{\"@type\":\"EntryPoint\",\"urlTemplate\":\"https:\/\/www.belleflamme.ca\/fr\/?s={search_term_string}\"},\"query-input\":{\"@type\":\"PropertyValueSpecification\",\"valueRequired\":true,\"valueName\":\"search_term_string\"}}],\"inLanguage\":\"fr-FR\"},{\"@type\":[\"Organization\",\"Place\"],\"@id\":\"https:\/\/www.belleflamme.ca\/fr\/#organization\",\"name\":\"Groupe Belleflamme\",\"alternateName\":\"Belleflamme\",\"url\":\"https:\/\/www.belleflamme.ca\/fr\/\",\"logo\":{\"@type\":\"ImageObject\",\"inLanguage\":\"fr-FR\",\"@id\":\"https:\/\/www.belleflamme.ca\/fr\/#\/schema\/logo\/image\/\",\"url\":\"https:\/\/staging.belleflamme.ca\/wp-content\/uploads\/2023\/01\/og-image.jpg\",\"contentUrl\":\"https:\/\/staging.belleflamme.ca\/wp-content\/uploads\/2023\/01\/og-image.jpg\",\"width\":1200,\"height\":630,\"caption\":\"Groupe Belleflamme\"},\"image\":{\"@id\":\"https:\/\/www.belleflamme.ca\/fr\/#\/schema\/logo\/image\/\"},\"sameAs\":[\"https:\/\/www.facebook.com\/belleflamme.ca\/\",\"https:\/\/www.linkedin.com\/company\/belleflamme\/\",\"https:\/\/www.pinterest.ca\/groupebelleflamme\/\",\"https:\/\/www.instagram.com\/legroupebelleflamme\/\"],\"mainEntityOfPage\":{\"@id\":\"https:\/\/staging.belleflamme.ca\/fr\/produit\/foyer-electrique-serie-element-de-napoleon\/\"}}]}<\/script>\n<meta property=\"product:brand\" content=\"Foyers Napoleon\" \/>\n<meta property=\"og:availability\" content=\"instock\" \/>\n<meta property=\"product:availability\" content=\"instock\" \/>\n<meta property=\"product:condition\" content=\"new\" \/>\n<!-- \/ Yoast SEO Premium plugin. -->","yoast_head_json":{"title":"Foyer \u00c9lectrique S\u00e9rie Element de Napoleon - Groupe BelleFlamme","description":"Foyer \u00c9lectrique S\u00e9rie Element de Napoleon vendu et install\u00e9 par le Groupe Belleflamme. Laval, Montr\u00e9al, Gatineau et Saint-Sauveur.","robots":{"index":"index","follow":"follow","max-snippet":"max-snippet:-1","max-image-preview":"max-image-preview:large","max-video-preview":"max-video-preview:-1"},"canonical":"https:\/\/staging.belleflamme.ca\/fr\/produit\/foyer-electrique-serie-element-de-napoleon\/","og_locale":"fr_FR","og_type":"article","og_title":"Foyer \u00c9lectrique S\u00e9rie Element de Napoleon","og_description":"Foyer \u00c9lectrique S\u00e9rie Element de Napoleon vendu et install\u00e9 par le Groupe Belleflamme. Laval, Montr\u00e9al, Gatineau et Saint-Sauveur.","og_url":"https:\/\/staging.belleflamme.ca\/fr\/produit\/foyer-electrique-serie-element-de-napoleon\/","og_site_name":"Groupe BelleFlamme","article_publisher":"https:\/\/www.facebook.com\/belleflamme.ca\/","article_modified_time":"2025-04-07T12:00:31+00:00","og_image":[{"width":996,"height":664,"url":"https:\/\/www.belleflamme.ca\/wp-content\/uploads\/2024\/04\/Foyer-Electrique-Serie-Element-de-Napoleon-1.jpg","type":"image\/jpeg"}],"twitter_card":"summary_large_image","twitter_misc":{"Disponibilit\u00e9":"En stock"},"schema":{"@context":"https:\/\/schema.org","@graph":[{"@type":["WebPage","ItemPage"],"@id":"https:\/\/staging.belleflamme.ca\/fr\/produit\/foyer-electrique-serie-element-de-napoleon\/","url":"https:\/\/staging.belleflamme.ca\/fr\/produit\/foyer-electrique-serie-element-de-napoleon\/","name":"Foyer \u00c9lectrique S\u00e9rie Element de Napoleon - Groupe BelleFlamme","isPartOf":{"@id":"https:\/\/www.belleflamme.ca\/fr\/#website"},"primaryImageOfPage":{"@id":"https:\/\/staging.belleflamme.ca\/fr\/produit\/foyer-electrique-serie-element-de-napoleon\/#primaryimage"},"image":{"@id":"https:\/\/staging.belleflamme.ca\/fr\/produit\/foyer-electrique-serie-element-de-napoleon\/#primaryimage"},"thumbnailUrl":"https:\/\/staging.belleflamme.ca\/wp-content\/uploads\/2024\/04\/Foyer-Electrique-Serie-Element-de-Napoleon-1.jpg","datePublished":"2024-04-19T20:38:11+00:00","dateModified":"2025-04-07T12:00:31+00:00","description":"Foyer \u00c9lectrique S\u00e9rie Element de Napoleon vendu et install\u00e9 par le Groupe Belleflamme. Laval, Montr\u00e9al, Gatineau et Saint-Sauveur.","breadcrumb":{"@id":"https:\/\/staging.belleflamme.ca\/fr\/produit\/foyer-electrique-serie-element-de-napoleon\/#breadcrumb"},"inLanguage":"fr-FR","potentialAction":[{"@type":"ReadAction","target":["https:\/\/staging.belleflamme.ca\/fr\/produit\/foyer-electrique-serie-element-de-napoleon\/"]}]},{"@type":"ImageObject","inLanguage":"fr-FR","@id":"https:\/\/staging.belleflamme.ca\/fr\/produit\/foyer-electrique-serie-element-de-napoleon\/#primaryimage","url":"https:\/\/staging.belleflamme.ca\/wp-content\/uploads\/2024\/04\/Foyer-Electrique-Serie-Element-de-Napoleon-1.jpg","contentUrl":"https:\/\/staging.belleflamme.ca\/wp-content\/uploads\/2024\/04\/Foyer-Electrique-Serie-Element-de-Napoleon-1.jpg","width":996,"height":664,"caption":"Foyer \u00c9lectrique S\u00e9rie Element de Napoleon"},{"@type":"BreadcrumbList","@id":"https:\/\/staging.belleflamme.ca\/fr\/produit\/foyer-electrique-serie-element-de-napoleon\/#breadcrumb","itemListElement":[{"@type":"ListItem","position":1,"name":"Accueil","item":"https:\/\/www.belleflamme.ca\/fr\/"},{"@type":"ListItem","position":2,"name":"Boutique","item":"https:\/\/www.belleflamme.ca\/fr\/boutique\/"},{"@type":"ListItem","position":3,"name":"Po\u00eales &amp; Foyers","item":"https:\/\/staging.belleflamme.ca\/fr\/categories\/poeles-et-foyers\/"},{"@type":"ListItem","position":4,"name":"Po\u00eale &amp; Foyer \u00c9lectrique","item":"https:\/\/staging.belleflamme.ca\/fr\/categories\/poeles-et-foyers\/poele-foyer-electrique\/"},{"@type":"ListItem","position":5,"name":"Foyer \u00c9lectrique","item":"https:\/\/staging.belleflamme.ca\/fr\/categories\/poeles-et-foyers\/poele-foyer-electrique\/foyer-electrique\/"},{"@type":"ListItem","position":6,"name":"Foyer \u00c9lectrique S\u00e9rie Element de Napoleon"}]},{"@type":"WebSite","@id":"https:\/\/www.belleflamme.ca\/fr\/#website","url":"https:\/\/www.belleflamme.ca\/fr\/","name":"Groupe Belleflamme","description":"La m\u00e9canique du b\u00e2timent dans le sang.","publisher":{"@id":"https:\/\/www.belleflamme.ca\/fr\/#organization"},"potentialAction":[{"@type":"SearchAction","target":{"@type":"EntryPoint","urlTemplate":"https:\/\/www.belleflamme.ca\/fr\/?s={search_term_string}"},"query-input":{"@type":"PropertyValueSpecification","valueRequired":true,"valueName":"search_term_string"}}],"inLanguage":"fr-FR"},{"@type":["Organization","Place"],"@id":"https:\/\/www.belleflamme.ca\/fr\/#organization","name":"Groupe Belleflamme","alternateName":"Belleflamme","url":"https:\/\/www.belleflamme.ca\/fr\/","logo":{"@type":"ImageObject","inLanguage":"fr-FR","@id":"https:\/\/www.belleflamme.ca\/fr\/#\/schema\/logo\/image\/","url":"https:\/\/staging.belleflamme.ca\/wp-content\/uploads\/2023\/01\/og-image.jpg","contentUrl":"https:\/\/staging.belleflamme.ca\/wp-content\/uploads\/2023\/01\/og-image.jpg","width":1200,"height":630,"caption":"Groupe Belleflamme"},"image":{"@id":"https:\/\/www.belleflamme.ca\/fr\/#\/schema\/logo\/image\/"},"sameAs":["https:\/\/www.facebook.com\/belleflamme.ca\/","https:\/\/www.linkedin.com\/company\/belleflamme\/","https:\/\/www.pinterest.ca\/groupebelleflamme\/","https:\/\/www.instagram.com\/legroupebelleflamme\/"],"mainEntityOfPage":{"@id":"https:\/\/staging.belleflamme.ca\/fr\/produit\/foyer-electrique-serie-element-de-napoleon\/"}}]},"product_brand":"Foyers Napoleon","og_availability":"instock","product_availability":"instock","product_condition":"new"},"_links":{"self":[{"href":"https:\/\/staging.belleflamme.ca\/fr\/wp-json\/wp\/v2\/product\/35029","targetHints":{"allow":["GET"]}}],"collection":[{"href":"https:\/\/staging.belleflamme.ca\/fr\/wp-json\/wp\/v2\/product"}],"about":[{"href":"https:\/\/staging.belleflamme.ca\/fr\/wp-json\/wp\/v2\/types\/product"}],"version-history":[{"count":6,"href":"https:\/\/staging.belleflamme.ca\/fr\/wp-json\/wp\/v2\/product\/35029\/revisions"}],"predecessor-version":[{"id":43220,"href":"https:\/\/staging.belleflamme.ca\/fr\/wp-json\/wp\/v2\/product\/35029\/revisions\/43220"}],"wp:featuredmedia":[{"embeddable":true,"href":"https:\/\/staging.belleflamme.ca\/fr\/wp-json\/wp\/v2\/media\/35032"}],"wp:attachment":[{"href":"https:\/\/staging.belleflamme.ca\/fr\/wp-json\/wp\/v2\/media?parent=35029"}],"wp:term":[{"taxonomy":"product_brand","embeddable":true,"href":"https:\/\/staging.belleflamme.ca\/fr\/wp-json\/wp\/v2\/product_brand?post=35029"},{"taxonomy":"product_cat","embeddable":true,"href":"https:\/\/staging.belleflamme.ca\/fr\/wp-json\/wp\/v2\/product_cat?post=35029"},{"taxonomy":"product_tag","embeddable":true,"href":"https:\/\/staging.belleflamme.ca\/fr\/wp-json\/wp\/v2\/product_tag?post=35029"}],"curies":[{"name":"wp","href":"https:\/\/api.w.org\/{rel}","templated":true}]}}