{"id":34854,"date":"2024-04-19T14:36:23","date_gmt":"2024-04-19T18:36:23","guid":{"rendered":"https:\/\/www.belleflamme.ca\/?post_type=product&#038;p=34854"},"modified":"2025-04-07T07:59:15","modified_gmt":"2025-04-07T11:59:15","slug":"foyer-electrique-en-bay-serie-trivista-primis-de-napoleon","status":"publish","type":"product","link":"https:\/\/staging.belleflamme.ca\/fr\/produit\/foyer-electrique-en-bay-serie-trivista-primis-de-napoleon\/","title":{"rendered":"Foyer \u00c9lectrique en bay S\u00e9rie Trivista Primis de Napoleon"},"content":{"rendered":"\t\t<div data-elementor-type=\"product-post\" data-elementor-id=\"34854\" class=\"elementor elementor-34854\" data-elementor-post-type=\"product\">\n\t\t\t\t\t\t<section class=\"elementor-section elementor-top-section elementor-element elementor-element-956f713 elementor-section-boxed elementor-section-height-default elementor-section-height-default\" data-id=\"956f713\" data-element_type=\"section\">\n\t\t\t\t\t\t<div class=\"elementor-container elementor-column-gap-default\">\n\t\t\t\t\t<div class=\"elementor-column elementor-col-100 elementor-top-column elementor-element elementor-element-4fd740a4\" data-id=\"4fd740a4\" data-element_type=\"column\">\n\t\t\t<div class=\"elementor-widget-wrap elementor-element-populated\">\n\t\t\t\t\t\t<div class=\"elementor-element elementor-element-7e8f87ed elementor-widget elementor-widget-text-editor\" data-id=\"7e8f87ed\" data-element_type=\"widget\" data-widget_type=\"text-editor.default\">\n\t\t\t\t<div class=\"elementor-widget-container\">\n\t\t\t\t\t\t\t\t\t<p><iframe title=\"YouTube video player\" src=\"https:\/\/www.youtube.com\/embed\/Uibj3Xpe-e4?si=xZqMP3bsoHV0gcdj\" width=\"560\" height=\"315\" frameborder=\"0\" allowfullscreen=\"allowfullscreen\"><\/iframe><\/p><section class=\"series-overview-description\"><div class=\"inner-wrapper\"><div class=\"clearfix text-formatted field field--name-field-description field--type-text-long field--label-hidden field__item\"><p>Le foyer \u00e9lectrique \u00e0 trois faces Trivista\u1d39\u1d30 Primis de Napol\u00e9on offre le d\u00e9bit de chaleur le plus \u00e9lev\u00e9 de sa cat\u00e9gorie. Mettez en valeur le foyer au moyen de l\u2019ensemble de b\u00fbches nordiques ou des cristaux en acrylique, ou combinez les deux options pour obtenir un visuel incroyable. Contr\u00f4lez ais\u00e9ment toutes les fonctions au moyen de la t\u00e9l\u00e9commande ou du panneau de commande tactile avec d\u00e9tecteur de proximit\u00e9. Profitez des foyers \u00e9lectriques Trivista\u1d39\u1d30 de Napol\u00e9on toute l&#8217;ann\u00e9e gr\u00e2ce aux flammes lumineuses qui peuvent fonctionner avec ou sans la chaleur.<\/p><\/div><\/div><\/section><div class=\"specs-and-features\"><section id=\"overview\" class=\"series-detail-wrapper\"><div class=\"specification tab-item tab-on\"><h3>SP\u00c9CIFICATION<\/h3><div class=\"fuel-type\"><p>Type de combustible\u00a0:<\/p><div class=\"field field--name-field-fuel-types field--type-entity-reference field--label-hidden field__item\">\u00c9lectrique<\/div><\/div><div class=\"view-type\"><p>Type de vue:<\/p><div class=\"field field--name-field-view-type field--type-entity-reference field--label-hidden field__items\"><div class=\"field__item\">Multiface<\/div><\/div><\/div><div class=\"available-size\"><p>Mod\u00e8les disponibles:<\/p><div class=\"field field--name-field-size-select field--type-entity-reference field--label-hidden field__items\">50 &amp; 60<\/div><\/div><div class=\"field field--name-field-sizes-image field--type-entity-reference field--label-hidden field__item\"><article class=\"media media--type-image media--view-mode-default\" data-id=\"39171\"><div class=\"blazy blazy--field blazy--field-media-image blazy--field-media-image--default field field--name-field-media-image field--type-image field--label-visually_hidden is-blazy\" data-blazy=\"\" data-once=\"blazy\"><div class=\"field__label visually-hidden\">Image<\/div><div class=\"field__item\"><div class=\"media media--blazy media--image is-b-loaded\" data-b-token=\"b-1b2307d8a07\"><img fetchpriority=\"high\" decoding=\"async\" class=\"media__element b-lazy b-loaded\" src=\"https:\/\/www.napoleon.com\/sites\/default\/files\/images\/2020-07\/series-size-chart-trivista.png\" alt=\"Trivista Sizes Chart\" width=\"570\" height=\"202\" \/><\/div><\/div><\/div><\/article><\/div><\/div><div class=\"key-series-features tab-item\"><h3>CARACT\u00c9RISTIQUES CL\u00c9S DE LA S\u00c9RIE<\/h3><div class=\"clearfix text-formatted field field--name-field-product-series-features field--type-text-long field--label-hidden field__item\"><ul><li>Jusqu&#8217;\u00e0 10 000 BTU et\u00a03 000 watts<\/li><li>2 mod\u00e8les &#8211; disponibles en longueurs de 50 po et de 60 po<\/li><li>Panneau de commande tactile avec d\u00e9tecteur de proximit\u00e9<\/li><li>Panneaux d&#8217;extr\u00e9mit\u00e9 inclus qui permettent une installation \u00e0 3 faces, \u00e0 2 faces ou \u00e0 1 face<\/li><li>Sans fil &#8211; c\u00e2bl\u00e9 sur un circuit de 120 V ou 240 V<\/li><li>Sept r\u00e9glages de couleur de flamme avec des options de r\u00e9glage de la luminosit\u00e9<\/li><li>Lit de braises \u00e0 13 r\u00e9glages de couleur incluant un mode \u00e0 d\u00e9filement et un mode \u00e0 intensit\u00e9 croissante et d\u00e9croissante<\/li><li>Lumi\u00e8res sup\u00e9rieures \u00e0 DEL \u00e0 13 r\u00e9glages de couleur incluant un mode \u00e0 d\u00e9filement<\/li><li>Utilisation en toutes saisons : les flammes fonctionnent avec ou sans chaleur<\/li><li>Fonction de d\u00e9sactivation du chauffage qui agit comme dispositif de s\u00e9curit\u00e9 pour les enfants<\/li><li>T\u00e9l\u00e9commande multifonction incluse<\/li><li>Contr\u00f4le thermostatique<\/li><\/ul><div>\u00a0<\/div><\/div><\/div><\/section><\/div>\t\t\t\t\t\t\t\t<\/div>\n\t\t\t\t<\/div>\n\t\t\t\t\t<\/div>\n\t\t<\/div>\n\t\t\t\t\t<\/div>\n\t\t<\/section>\n\t\t\t\t<section class=\"elementor-section elementor-top-section elementor-element elementor-element-5baea30 elementor-section-boxed elementor-section-height-default elementor-section-height-default\" data-id=\"5baea30\" data-element_type=\"section\">\n\t\t\t\t\t\t<div class=\"elementor-container elementor-column-gap-default\">\n\t\t\t\t\t<div class=\"elementor-column elementor-col-100 elementor-top-column elementor-element elementor-element-0fb497f\" data-id=\"0fb497f\" data-element_type=\"column\">\n\t\t\t<div class=\"elementor-widget-wrap elementor-element-populated\">\n\t\t\t\t\t\t<div class=\"elementor-element elementor-element-27e8e9b elementor-tabs-view-horizontal elementor-widget elementor-widget-tabs\" data-id=\"27e8e9b\" data-element_type=\"widget\" data-widget_type=\"tabs.default\">\n\t\t\t\t<div class=\"elementor-widget-container\">\n\t\t\t\t\t\t\t<div class=\"elementor-tabs\">\n\t\t\t<div class=\"elementor-tabs-wrapper\" role=\"tablist\" >\n\t\t\t\t\t\t\t\t\t<div id=\"elementor-tab-title-4181\" class=\"elementor-tab-title elementor-tab-desktop-title\" aria-selected=\"true\" data-tab=\"1\" role=\"tab\" tabindex=\"0\" aria-controls=\"elementor-tab-content-4181\" aria-expanded=\"false\">Fichiers<\/div>\n\t\t\t\t\t\t\t<\/div>\n\t\t\t<div class=\"elementor-tabs-content-wrapper\" role=\"tablist\" aria-orientation=\"vertical\">\n\t\t\t\t\t\t\t\t\t<div class=\"elementor-tab-title elementor-tab-mobile-title\" aria-selected=\"true\" data-tab=\"1\" role=\"tab\" tabindex=\"0\" aria-controls=\"elementor-tab-content-4181\" aria-expanded=\"false\">Fichiers<\/div>\n\t\t\t\t\t<div id=\"elementor-tab-content-4181\" class=\"elementor-tab-content elementor-clearfix\" data-tab=\"1\" role=\"tabpanel\" aria-labelledby=\"elementor-tab-title-4181\" tabindex=\"0\" hidden=\"false\"><i class=\"far fa-file-pdf fa-xl\" style=\"font-size:35px\"><\/i><a href=\"https:\/\/www.belleflamme.ca\/wp-content\/uploads\/2024\/04\/xlkhzpzhshs2qs8wgalw-1.pdf\">Brochure<\/a><\/br>\n<i class=\"far fa-file-pdf fa-xl\" style=\"font-size:35px\"><\/i><a href=\"https:\/\/www.belleflamme.ca\/wp-content\/uploads\/2024\/04\/ADBRN1ELEC-Electric-Brochure-2022-ENG_v6_fr-CA_LoRES-3.pdf\"> Brochure accessoires<\/a><\/br>\n<i class=\"far fa-file-pdf fa-xl\" style=\"font-size:35px\"><\/i><a href=\"https:\/\/www.belleflamme.ca\/wp-content\/uploads\/2024\/04\/Trivista-Primis-Series-Installation-Operation-Manual.pdf\"> Installation et Manuel<\/a><\/br>\n<i class=\"far fa-file-pdf fa-xl\" style=\"font-size:35px\"><\/i><a href=\"https:\/\/www.belleflamme.ca\/wp-content\/uploads\/2024\/04\/NEFB50H-3SV_Specification_Sheet.pdf\"> Sp\u00e9cifications 50<\/a><\/br>\n<i class=\"far fa-file-pdf fa-xl\" style=\"font-size:35px\"><\/i><a href=\"https:\/\/www.belleflamme.ca\/wp-content\/uploads\/2024\/04\/NEFB60H-3SV_Specification_Sheet.pdf\"> Sp\u00e9cifications 60<\/a><\/br><\/div>\n\t\t\t\t\t\t\t<\/div>\n\t\t<\/div>\n\t\t\t\t\t\t<\/div>\n\t\t\t\t<\/div>\n\t\t\t\t\t<\/div>\n\t\t<\/div>\n\t\t\t\t\t<\/div>\n\t\t<\/section>\n\t\t\t\t<\/div>\n\t\t","protected":false},"excerpt":{"rendered":"<p>Le foyer \u00e9lectrique \u00e0 trois faces Trivista\u1d39\u1d30 Primis de Napol\u00e9on offre le d\u00e9bit de chaleur le plus \u00e9lev\u00e9 de sa cat\u00e9gorie. Mettez en valeur le foyer au moyen de l\u2019ensemble de b\u00fbches nordiques ou des cristaux en acrylique, ou combinez les deux options pour obtenir un visuel incroyable. Contr\u00f4lez ais\u00e9ment toutes les fonctions au moyen [&hellip;]<\/p>\n","protected":false},"featured_media":34855,"template":"","meta":{"inline_featured_image":false},"product_brand":[1314],"product_cat":[240,241,33],"product_tag":[],"class_list":{"0":"post-34854","1":"product","2":"type-product","3":"status-publish","4":"has-post-thumbnail","6":"product_brand-foyers-napoleon","7":"product_cat-foyer-electrique","8":"product_cat-poele-foyer-electrique","9":"product_cat-poeles-et-foyers","11":"first","12":"instock","13":"taxable","14":"shipping-taxable","15":"purchasable","16":"product-type-variable"},"yoast_head":"<!-- This site is optimized with the Yoast SEO Premium plugin v24.2 (Yoast SEO v24.2) - https:\/\/yoast.com\/wordpress\/plugins\/seo\/ -->\n<title>Foyer \u00c9lectrique en bay S\u00e9rie Trivista Primis de Napoleon - Groupe BelleFlamme<\/title>\n<meta name=\"description\" content=\"Foyer \u00c9lectrique en bay S\u00e9rie Trivista Primis de Napoleon vendu et install\u00e9 par le Groupe Belleflamme. Laval, Montr\u00e9al, Gatineau et Saint-Sauveur.\" \/>\n<meta name=\"robots\" content=\"index, follow, max-snippet:-1, max-image-preview:large, max-video-preview:-1\" \/>\n<link rel=\"canonical\" href=\"https:\/\/staging.belleflamme.ca\/fr\/produit\/foyer-electrique-en-bay-serie-trivista-primis-de-napoleon\/\" \/>\n<meta property=\"og:locale\" content=\"fr_FR\" \/>\n<meta property=\"og:type\" content=\"article\" \/>\n<meta property=\"og:title\" content=\"Foyer \u00c9lectrique en bay S\u00e9rie Trivista Primis de Napoleon\" \/>\n<meta property=\"og:description\" content=\"Foyer \u00c9lectrique en bay S\u00e9rie Trivista Primis de Napoleon vendu et install\u00e9 par le Groupe Belleflamme. Laval, Montr\u00e9al, Gatineau et Saint-Sauveur.\" \/>\n<meta property=\"og:url\" content=\"https:\/\/staging.belleflamme.ca\/fr\/produit\/foyer-electrique-en-bay-serie-trivista-primis-de-napoleon\/\" \/>\n<meta property=\"og:site_name\" content=\"Groupe BelleFlamme\" \/>\n<meta property=\"article:publisher\" content=\"https:\/\/www.facebook.com\/belleflamme.ca\/\" \/>\n<meta property=\"article:modified_time\" content=\"2025-04-07T11:59:15+00:00\" \/>\n<meta property=\"og:image\" content=\"https:\/\/www.belleflamme.ca\/wp-content\/uploads\/2024\/04\/Foyer-Electrique-en-bay-Serie-Trivista-Primis-de-Napoleon.jpg\" \/>\n\t<meta property=\"og:image:width\" content=\"1600\" \/>\n\t<meta property=\"og:image:height\" content=\"700\" \/>\n\t<meta property=\"og:image:type\" content=\"image\/jpeg\" \/>\n<meta name=\"twitter:card\" content=\"summary_large_image\" \/>\n<meta name=\"twitter:label1\" content=\"Disponibilit\u00e9\" \/>\n\t<meta name=\"twitter:data1\" content=\"En stock\" \/>\n<script type=\"application\/ld+json\" class=\"yoast-schema-graph\">{\"@context\":\"https:\/\/schema.org\",\"@graph\":[{\"@type\":[\"WebPage\",\"ItemPage\"],\"@id\":\"https:\/\/staging.belleflamme.ca\/fr\/produit\/foyer-electrique-en-bay-serie-trivista-primis-de-napoleon\/\",\"url\":\"https:\/\/staging.belleflamme.ca\/fr\/produit\/foyer-electrique-en-bay-serie-trivista-primis-de-napoleon\/\",\"name\":\"Foyer \u00c9lectrique en bay S\u00e9rie Trivista Primis de Napoleon - Groupe BelleFlamme\",\"isPartOf\":{\"@id\":\"https:\/\/www.belleflamme.ca\/fr\/#website\"},\"primaryImageOfPage\":{\"@id\":\"https:\/\/staging.belleflamme.ca\/fr\/produit\/foyer-electrique-en-bay-serie-trivista-primis-de-napoleon\/#primaryimage\"},\"image\":{\"@id\":\"https:\/\/staging.belleflamme.ca\/fr\/produit\/foyer-electrique-en-bay-serie-trivista-primis-de-napoleon\/#primaryimage\"},\"thumbnailUrl\":\"https:\/\/staging.belleflamme.ca\/wp-content\/uploads\/2024\/04\/Foyer-Electrique-en-bay-Serie-Trivista-Primis-de-Napoleon.jpg\",\"datePublished\":\"2024-04-19T18:36:23+00:00\",\"dateModified\":\"2025-04-07T11:59:15+00:00\",\"description\":\"Foyer \u00c9lectrique en bay S\u00e9rie Trivista Primis de Napoleon vendu et install\u00e9 par le Groupe Belleflamme. Laval, Montr\u00e9al, Gatineau et Saint-Sauveur.\",\"breadcrumb\":{\"@id\":\"https:\/\/staging.belleflamme.ca\/fr\/produit\/foyer-electrique-en-bay-serie-trivista-primis-de-napoleon\/#breadcrumb\"},\"inLanguage\":\"fr-FR\",\"potentialAction\":[{\"@type\":\"ReadAction\",\"target\":[\"https:\/\/staging.belleflamme.ca\/fr\/produit\/foyer-electrique-en-bay-serie-trivista-primis-de-napoleon\/\"]}]},{\"@type\":\"ImageObject\",\"inLanguage\":\"fr-FR\",\"@id\":\"https:\/\/staging.belleflamme.ca\/fr\/produit\/foyer-electrique-en-bay-serie-trivista-primis-de-napoleon\/#primaryimage\",\"url\":\"https:\/\/staging.belleflamme.ca\/wp-content\/uploads\/2024\/04\/Foyer-Electrique-en-bay-Serie-Trivista-Primis-de-Napoleon.jpg\",\"contentUrl\":\"https:\/\/staging.belleflamme.ca\/wp-content\/uploads\/2024\/04\/Foyer-Electrique-en-bay-Serie-Trivista-Primis-de-Napoleon.jpg\",\"width\":1600,\"height\":700,\"caption\":\"Foyer \u00c9lectrique en bay S\u00e9rie Trivista Primis de Napoleon\"},{\"@type\":\"BreadcrumbList\",\"@id\":\"https:\/\/staging.belleflamme.ca\/fr\/produit\/foyer-electrique-en-bay-serie-trivista-primis-de-napoleon\/#breadcrumb\",\"itemListElement\":[{\"@type\":\"ListItem\",\"position\":1,\"name\":\"Accueil\",\"item\":\"https:\/\/www.belleflamme.ca\/fr\/\"},{\"@type\":\"ListItem\",\"position\":2,\"name\":\"Boutique\",\"item\":\"https:\/\/www.belleflamme.ca\/fr\/boutique\/\"},{\"@type\":\"ListItem\",\"position\":3,\"name\":\"Po\u00eales &amp; Foyers\",\"item\":\"https:\/\/staging.belleflamme.ca\/fr\/categories\/poeles-et-foyers\/\"},{\"@type\":\"ListItem\",\"position\":4,\"name\":\"Po\u00eale &amp; Foyer \u00c9lectrique\",\"item\":\"https:\/\/staging.belleflamme.ca\/fr\/categories\/poeles-et-foyers\/poele-foyer-electrique\/\"},{\"@type\":\"ListItem\",\"position\":5,\"name\":\"Foyer \u00c9lectrique\",\"item\":\"https:\/\/staging.belleflamme.ca\/fr\/categories\/poeles-et-foyers\/poele-foyer-electrique\/foyer-electrique\/\"},{\"@type\":\"ListItem\",\"position\":6,\"name\":\"Foyer \u00c9lectrique en bay S\u00e9rie Trivista Primis de Napoleon\"}]},{\"@type\":\"WebSite\",\"@id\":\"https:\/\/www.belleflamme.ca\/fr\/#website\",\"url\":\"https:\/\/www.belleflamme.ca\/fr\/\",\"name\":\"Groupe Belleflamme\",\"description\":\"La m\u00e9canique du b\u00e2timent dans le sang.\",\"publisher\":{\"@id\":\"https:\/\/www.belleflamme.ca\/fr\/#organization\"},\"potentialAction\":[{\"@type\":\"SearchAction\",\"target\":{\"@type\":\"EntryPoint\",\"urlTemplate\":\"https:\/\/www.belleflamme.ca\/fr\/?s={search_term_string}\"},\"query-input\":{\"@type\":\"PropertyValueSpecification\",\"valueRequired\":true,\"valueName\":\"search_term_string\"}}],\"inLanguage\":\"fr-FR\"},{\"@type\":[\"Organization\",\"Place\"],\"@id\":\"https:\/\/www.belleflamme.ca\/fr\/#organization\",\"name\":\"Groupe Belleflamme\",\"alternateName\":\"Belleflamme\",\"url\":\"https:\/\/www.belleflamme.ca\/fr\/\",\"logo\":{\"@type\":\"ImageObject\",\"inLanguage\":\"fr-FR\",\"@id\":\"https:\/\/www.belleflamme.ca\/fr\/#\/schema\/logo\/image\/\",\"url\":\"https:\/\/staging.belleflamme.ca\/wp-content\/uploads\/2023\/01\/og-image.jpg\",\"contentUrl\":\"https:\/\/staging.belleflamme.ca\/wp-content\/uploads\/2023\/01\/og-image.jpg\",\"width\":1200,\"height\":630,\"caption\":\"Groupe Belleflamme\"},\"image\":{\"@id\":\"https:\/\/www.belleflamme.ca\/fr\/#\/schema\/logo\/image\/\"},\"sameAs\":[\"https:\/\/www.facebook.com\/belleflamme.ca\/\",\"https:\/\/www.linkedin.com\/company\/belleflamme\/\",\"https:\/\/www.pinterest.ca\/groupebelleflamme\/\",\"https:\/\/www.instagram.com\/legroupebelleflamme\/\"],\"mainEntityOfPage\":{\"@id\":\"https:\/\/staging.belleflamme.ca\/fr\/produit\/foyer-electrique-en-bay-serie-trivista-primis-de-napoleon\/\"}}]}<\/script>\n<meta property=\"product:brand\" content=\"Foyers Napoleon\" \/>\n<meta property=\"og:availability\" content=\"instock\" \/>\n<meta property=\"product:availability\" content=\"instock\" \/>\n<meta property=\"product:condition\" content=\"new\" \/>\n<!-- \/ Yoast SEO Premium plugin. -->","yoast_head_json":{"title":"Foyer \u00c9lectrique en bay S\u00e9rie Trivista Primis de Napoleon - Groupe BelleFlamme","description":"Foyer \u00c9lectrique en bay S\u00e9rie Trivista Primis de Napoleon vendu et install\u00e9 par le Groupe Belleflamme. Laval, Montr\u00e9al, Gatineau et Saint-Sauveur.","robots":{"index":"index","follow":"follow","max-snippet":"max-snippet:-1","max-image-preview":"max-image-preview:large","max-video-preview":"max-video-preview:-1"},"canonical":"https:\/\/staging.belleflamme.ca\/fr\/produit\/foyer-electrique-en-bay-serie-trivista-primis-de-napoleon\/","og_locale":"fr_FR","og_type":"article","og_title":"Foyer \u00c9lectrique en bay S\u00e9rie Trivista Primis de Napoleon","og_description":"Foyer \u00c9lectrique en bay S\u00e9rie Trivista Primis de Napoleon vendu et install\u00e9 par le Groupe Belleflamme. Laval, Montr\u00e9al, Gatineau et Saint-Sauveur.","og_url":"https:\/\/staging.belleflamme.ca\/fr\/produit\/foyer-electrique-en-bay-serie-trivista-primis-de-napoleon\/","og_site_name":"Groupe BelleFlamme","article_publisher":"https:\/\/www.facebook.com\/belleflamme.ca\/","article_modified_time":"2025-04-07T11:59:15+00:00","og_image":[{"width":1600,"height":700,"url":"https:\/\/www.belleflamme.ca\/wp-content\/uploads\/2024\/04\/Foyer-Electrique-en-bay-Serie-Trivista-Primis-de-Napoleon.jpg","type":"image\/jpeg"}],"twitter_card":"summary_large_image","twitter_misc":{"Disponibilit\u00e9":"En stock"},"schema":{"@context":"https:\/\/schema.org","@graph":[{"@type":["WebPage","ItemPage"],"@id":"https:\/\/staging.belleflamme.ca\/fr\/produit\/foyer-electrique-en-bay-serie-trivista-primis-de-napoleon\/","url":"https:\/\/staging.belleflamme.ca\/fr\/produit\/foyer-electrique-en-bay-serie-trivista-primis-de-napoleon\/","name":"Foyer \u00c9lectrique en bay S\u00e9rie Trivista Primis de Napoleon - Groupe BelleFlamme","isPartOf":{"@id":"https:\/\/www.belleflamme.ca\/fr\/#website"},"primaryImageOfPage":{"@id":"https:\/\/staging.belleflamme.ca\/fr\/produit\/foyer-electrique-en-bay-serie-trivista-primis-de-napoleon\/#primaryimage"},"image":{"@id":"https:\/\/staging.belleflamme.ca\/fr\/produit\/foyer-electrique-en-bay-serie-trivista-primis-de-napoleon\/#primaryimage"},"thumbnailUrl":"https:\/\/staging.belleflamme.ca\/wp-content\/uploads\/2024\/04\/Foyer-Electrique-en-bay-Serie-Trivista-Primis-de-Napoleon.jpg","datePublished":"2024-04-19T18:36:23+00:00","dateModified":"2025-04-07T11:59:15+00:00","description":"Foyer \u00c9lectrique en bay S\u00e9rie Trivista Primis de Napoleon vendu et install\u00e9 par le Groupe Belleflamme. Laval, Montr\u00e9al, Gatineau et Saint-Sauveur.","breadcrumb":{"@id":"https:\/\/staging.belleflamme.ca\/fr\/produit\/foyer-electrique-en-bay-serie-trivista-primis-de-napoleon\/#breadcrumb"},"inLanguage":"fr-FR","potentialAction":[{"@type":"ReadAction","target":["https:\/\/staging.belleflamme.ca\/fr\/produit\/foyer-electrique-en-bay-serie-trivista-primis-de-napoleon\/"]}]},{"@type":"ImageObject","inLanguage":"fr-FR","@id":"https:\/\/staging.belleflamme.ca\/fr\/produit\/foyer-electrique-en-bay-serie-trivista-primis-de-napoleon\/#primaryimage","url":"https:\/\/staging.belleflamme.ca\/wp-content\/uploads\/2024\/04\/Foyer-Electrique-en-bay-Serie-Trivista-Primis-de-Napoleon.jpg","contentUrl":"https:\/\/staging.belleflamme.ca\/wp-content\/uploads\/2024\/04\/Foyer-Electrique-en-bay-Serie-Trivista-Primis-de-Napoleon.jpg","width":1600,"height":700,"caption":"Foyer \u00c9lectrique en bay S\u00e9rie Trivista Primis de Napoleon"},{"@type":"BreadcrumbList","@id":"https:\/\/staging.belleflamme.ca\/fr\/produit\/foyer-electrique-en-bay-serie-trivista-primis-de-napoleon\/#breadcrumb","itemListElement":[{"@type":"ListItem","position":1,"name":"Accueil","item":"https:\/\/www.belleflamme.ca\/fr\/"},{"@type":"ListItem","position":2,"name":"Boutique","item":"https:\/\/www.belleflamme.ca\/fr\/boutique\/"},{"@type":"ListItem","position":3,"name":"Po\u00eales &amp; Foyers","item":"https:\/\/staging.belleflamme.ca\/fr\/categories\/poeles-et-foyers\/"},{"@type":"ListItem","position":4,"name":"Po\u00eale &amp; Foyer \u00c9lectrique","item":"https:\/\/staging.belleflamme.ca\/fr\/categories\/poeles-et-foyers\/poele-foyer-electrique\/"},{"@type":"ListItem","position":5,"name":"Foyer \u00c9lectrique","item":"https:\/\/staging.belleflamme.ca\/fr\/categories\/poeles-et-foyers\/poele-foyer-electrique\/foyer-electrique\/"},{"@type":"ListItem","position":6,"name":"Foyer \u00c9lectrique en bay S\u00e9rie Trivista Primis de Napoleon"}]},{"@type":"WebSite","@id":"https:\/\/www.belleflamme.ca\/fr\/#website","url":"https:\/\/www.belleflamme.ca\/fr\/","name":"Groupe Belleflamme","description":"La m\u00e9canique du b\u00e2timent dans le sang.","publisher":{"@id":"https:\/\/www.belleflamme.ca\/fr\/#organization"},"potentialAction":[{"@type":"SearchAction","target":{"@type":"EntryPoint","urlTemplate":"https:\/\/www.belleflamme.ca\/fr\/?s={search_term_string}"},"query-input":{"@type":"PropertyValueSpecification","valueRequired":true,"valueName":"search_term_string"}}],"inLanguage":"fr-FR"},{"@type":["Organization","Place"],"@id":"https:\/\/www.belleflamme.ca\/fr\/#organization","name":"Groupe Belleflamme","alternateName":"Belleflamme","url":"https:\/\/www.belleflamme.ca\/fr\/","logo":{"@type":"ImageObject","inLanguage":"fr-FR","@id":"https:\/\/www.belleflamme.ca\/fr\/#\/schema\/logo\/image\/","url":"https:\/\/staging.belleflamme.ca\/wp-content\/uploads\/2023\/01\/og-image.jpg","contentUrl":"https:\/\/staging.belleflamme.ca\/wp-content\/uploads\/2023\/01\/og-image.jpg","width":1200,"height":630,"caption":"Groupe Belleflamme"},"image":{"@id":"https:\/\/www.belleflamme.ca\/fr\/#\/schema\/logo\/image\/"},"sameAs":["https:\/\/www.facebook.com\/belleflamme.ca\/","https:\/\/www.linkedin.com\/company\/belleflamme\/","https:\/\/www.pinterest.ca\/groupebelleflamme\/","https:\/\/www.instagram.com\/legroupebelleflamme\/"],"mainEntityOfPage":{"@id":"https:\/\/staging.belleflamme.ca\/fr\/produit\/foyer-electrique-en-bay-serie-trivista-primis-de-napoleon\/"}}]},"product_brand":"Foyers Napoleon","og_availability":"instock","product_availability":"instock","product_condition":"new"},"_links":{"self":[{"href":"https:\/\/staging.belleflamme.ca\/fr\/wp-json\/wp\/v2\/product\/34854","targetHints":{"allow":["GET"]}}],"collection":[{"href":"https:\/\/staging.belleflamme.ca\/fr\/wp-json\/wp\/v2\/product"}],"about":[{"href":"https:\/\/staging.belleflamme.ca\/fr\/wp-json\/wp\/v2\/types\/product"}],"version-history":[{"count":5,"href":"https:\/\/staging.belleflamme.ca\/fr\/wp-json\/wp\/v2\/product\/34854\/revisions"}],"predecessor-version":[{"id":43216,"href":"https:\/\/staging.belleflamme.ca\/fr\/wp-json\/wp\/v2\/product\/34854\/revisions\/43216"}],"wp:featuredmedia":[{"embeddable":true,"href":"https:\/\/staging.belleflamme.ca\/fr\/wp-json\/wp\/v2\/media\/34855"}],"wp:attachment":[{"href":"https:\/\/staging.belleflamme.ca\/fr\/wp-json\/wp\/v2\/media?parent=34854"}],"wp:term":[{"taxonomy":"product_brand","embeddable":true,"href":"https:\/\/staging.belleflamme.ca\/fr\/wp-json\/wp\/v2\/product_brand?post=34854"},{"taxonomy":"product_cat","embeddable":true,"href":"https:\/\/staging.belleflamme.ca\/fr\/wp-json\/wp\/v2\/product_cat?post=34854"},{"taxonomy":"product_tag","embeddable":true,"href":"https:\/\/staging.belleflamme.ca\/fr\/wp-json\/wp\/v2\/product_tag?post=34854"}],"curies":[{"name":"wp","href":"https:\/\/api.w.org\/{rel}","templated":true}]}}