{"id":34689,"date":"2024-04-19T12:58:22","date_gmt":"2024-04-19T16:58:22","guid":{"rendered":"https:\/\/www.belleflamme.ca\/?post_type=product&#038;p=34689"},"modified":"2025-04-07T07:51:25","modified_gmt":"2025-04-07T11:51:25","slug":"foyer-electrique-encastre-serie-astound-de-napoleon","status":"publish","type":"product","link":"https:\/\/staging.belleflamme.ca\/fr\/produit\/foyer-electrique-encastre-serie-astound-de-napoleon\/","title":{"rendered":"Foyer \u00c9lectrique Encastr\u00e9 S\u00e9rie Astound de Napoleon"},"content":{"rendered":"\t\t<div data-elementor-type=\"product-post\" data-elementor-id=\"34689\" class=\"elementor elementor-34689\" data-elementor-post-type=\"product\">\n\t\t\t\t\t\t<section class=\"elementor-section elementor-top-section elementor-element elementor-element-7d775365 elementor-section-boxed elementor-section-height-default elementor-section-height-default\" data-id=\"7d775365\" data-element_type=\"section\">\n\t\t\t\t\t\t<div class=\"elementor-container elementor-column-gap-default\">\n\t\t\t\t\t<div class=\"elementor-column elementor-col-100 elementor-top-column elementor-element elementor-element-1366ed6\" data-id=\"1366ed6\" data-element_type=\"column\">\n\t\t\t<div class=\"elementor-widget-wrap elementor-element-populated\">\n\t\t\t\t\t\t<div class=\"elementor-element elementor-element-5119c1ba elementor-widget elementor-widget-text-editor\" data-id=\"5119c1ba\" data-element_type=\"widget\" data-widget_type=\"text-editor.default\">\n\t\t\t\t<div class=\"elementor-widget-container\">\n\t\t\t\t\t\t\t\t\t<section class=\"series-overview-description\">\r\n<div class=\"inner-wrapper\">\r\n<div class=\"clearfix text-formatted field field--name-field-description field--type-text-long field--label-hidden field__item\">\r\n\r\nLe foyer \u00e9lectrique encastr\u00e9 Astound fera sensation dans n\u2019importe quelle pi\u00e8ce. Aucun autre foyer ne peut \u00e9galer ses flammes incroyablement r\u00e9alistes. Les options d&#8217;installation sont illimit\u00e9es; vous pouvez opter pour une finition avec ou sans cadre afin d&#8217;harmoniser ce magnifique foyer \u00e0 votre d\u00e9cor. La vitre rabattable exclusive permet un acc\u00e8s facile pour le nettoyage et le remplacement des cristaux de verre et des b\u00fbches inclus afin d&#8217;adapter le foyer \u00e0 votre style. Optez pour des ensembles de b\u00fbches et de braises de verre optionnels, ou int\u00e9grez des \u00e9l\u00e9ments d\u00e9coratifs saisonniers ou de valeur sentimentale dans votre foyer. Ce foyer \u00e9lectrique s&#8217;int\u00e8gre parfaitement dans votre demeure gr\u00e2ce \u00e0 la technologie de commande vocale. Vous pouvez \u00e9galement utiliser l&#8217;application compatible Wi-Fi, la t\u00e9l\u00e9commande incluse ou la commande murale optionnelle. \u00c9conomisez en \u00e9nergie lorsque vous n&#8217;avez besoin que d&#8217;un peu de chaleur en utilisant le mode ECO, et utilisez le mode BOOST pour augmenter le d\u00e9bit de chaleur et la vitesse de la soufflerie lorsque vous avez besoin d&#8217;un peu plus de chaleur. L&#8217;Astound dispose de 13 couleurs standard pour le lit de braises et l&#8217;\u00e9clairage sup\u00e9rieur, ce qui peut \u00eatre accru gr\u00e2ce \u00e0 l&#8217;application Napoleon Home qui permet une plus grande personnalisation.\r\n\r\n<\/div>\r\n<\/div>\r\n<\/section>\r\n<div class=\"specs-and-features\"><section id=\"overview\" class=\"series-detail-wrapper\">\r\n<div class=\"specification tab-item tab-on\">\r\n<h3>SP\u00c9CIFICATION<\/h3>\r\n<div class=\"fuel-type\">\r\n\r\nType de combustible\u00a0:\r\n<div class=\"field field--name-field-fuel-types field--type-entity-reference field--label-hidden field__item\">\u00c9lectrique<\/div>\r\n<\/div>\r\n<div class=\"view-type\">\r\n\r\nType de vue:\r\n<div class=\"field field--name-field-view-type field--type-entity-reference field--label-hidden field__items\">\r\n<div class=\"field__item\">Face unique<\/div>\r\n<\/div>\r\n<\/div>\r\n<div class=\"available-size\">\r\n\r\nMod\u00e8les disponibles:\r\n<div class=\"field field--name-field-size-select field--type-entity-reference field--label-hidden field__items\">50, 62, 74 &amp; 96<\/div>\r\n<\/div>\r\n<\/div>\r\n<div class=\"key-series-features tab-item\">\r\n<h3>CARACT\u00c9RISTIQUES CL\u00c9S DE LA S\u00c9RIE<\/h3>\r\n<div class=\"clearfix text-formatted field field--name-field-product-series-features field--type-text-long field--label-hidden field__item\">\r\n<ul>\r\n \t<li>Profitez de nombreuses possibilit\u00e9s d&#8217;installation en optant pour une finition sans cadre ou en utilisant la moulure ajustable pour un aspect plus traditionnel.<\/li>\r\n \t<li>La tr\u00e8s grande surface de vision vous permet d&#8217;appr\u00e9cier le jeu de flammes ultrar\u00e9alistes. La vitre teint\u00e9e offre une exp\u00e9rience visuelle exceptionnelle en r\u00e9duisant les reflets afin que vous puissiez mieux admirer les flammes.<\/li>\r\n \t<li>Les couleurs de flamme orange et jaune am\u00e9lior\u00e9es et la technologie \u00e0 \u00e9tincelles imitent l&#8217;aspect d&#8217;un vrai feu pour vous offrir une exp\u00e9rience in\u00e9gal\u00e9e.<\/li>\r\n \t<li>La vitre rabattable exclusive permet un acc\u00e8s facile pour le remplacement des cristaux de verre et des b\u00fbches. Il est ainsi facile de personnaliser votre foyer \u00e9lectrique pour y ajouter des ensembles d\u00e9coratifs suppl\u00e9mentaires, ainsi que des \u00e9l\u00e9ments d\u00e9coratifs saisonniers ou de valeur sentimentale.<\/li>\r\n \t<li>Int\u00e9grez parfaitement ce foyer \u00e0 votre demeure gr\u00e2ce \u00e0 la technologie de commande vocale, l&#8217;utilisation de l&#8217;application compatible Wi-Fi, la t\u00e9l\u00e9commande incluse ou la commande murale optionnelle.<\/li>\r\n \t<li>Faites fonctionner ce foyer \u00e9lectrique en mode ECO lorsque vous avez seulement besoin d&#8217;un peu de chaleur, tout en \u00e9conomisant de l&#8217;\u00e9nergie. Vous avez besoin d&#8217;un peu plus de chaleur? Le mode Boost augmente la vitesse de la soufflerie et le d\u00e9bit de chaleur.<\/li>\r\n \t<li>Avec 13 options de couleurs standard pour le lit de braises et l&#8217;\u00e9clairage sup\u00e9rieur, celles-ci peuvent \u00eatre personnalis\u00e9es \u00e0 l&#8217;aide de l&#8217;application Napoleon Home pour s&#8217;harmoniser parfaitement \u00e0 votre d\u00e9cor et \u00e0 votre humeur.<\/li>\r\n \t<li>Les b\u00fbches de bois flott\u00e9 et l&#8217;ensemble d\u00e9coratif Woodland inclus conf\u00e8rent un aspect r\u00e9aliste au foyer.<\/li>\r\n \t<li>Personnalisez ce foyer \u00e9lectrique afin qu&#8217;il soit vraiment \u00e0 votre image en choisissant parmi des ensembles d\u00e9coratifs optionnels de b\u00fbches de bouleau, un ensemble Mineral Rock, des billes de verre et des cristaux de verre noir.<\/li>\r\n<\/ul>\r\n<\/div>\r\n<\/div>\r\n<\/section><\/div>\t\t\t\t\t\t\t\t<\/div>\n\t\t\t\t<\/div>\n\t\t\t\t\t<\/div>\n\t\t<\/div>\n\t\t\t\t\t<\/div>\n\t\t<\/section>\n\t\t\t\t<section class=\"elementor-section elementor-top-section elementor-element elementor-element-18b6d5d elementor-section-boxed elementor-section-height-default elementor-section-height-default\" data-id=\"18b6d5d\" data-element_type=\"section\">\n\t\t\t\t\t\t<div class=\"elementor-container elementor-column-gap-default\">\n\t\t\t\t\t<div class=\"elementor-column elementor-col-100 elementor-top-column elementor-element elementor-element-5a4ca32\" data-id=\"5a4ca32\" data-element_type=\"column\">\n\t\t\t<div class=\"elementor-widget-wrap elementor-element-populated\">\n\t\t\t\t\t\t<div class=\"elementor-element elementor-element-5343390 elementor-tabs-view-horizontal elementor-widget elementor-widget-tabs\" data-id=\"5343390\" data-element_type=\"widget\" data-widget_type=\"tabs.default\">\n\t\t\t\t<div class=\"elementor-widget-container\">\n\t\t\t\t\t\t\t<div class=\"elementor-tabs\">\n\t\t\t<div class=\"elementor-tabs-wrapper\" role=\"tablist\" >\n\t\t\t\t\t\t\t\t\t<div id=\"elementor-tab-title-8731\" class=\"elementor-tab-title elementor-tab-desktop-title\" aria-selected=\"true\" data-tab=\"1\" role=\"tab\" tabindex=\"0\" aria-controls=\"elementor-tab-content-8731\" aria-expanded=\"false\">Fichiers<\/div>\n\t\t\t\t\t\t\t<\/div>\n\t\t\t<div class=\"elementor-tabs-content-wrapper\" role=\"tablist\" aria-orientation=\"vertical\">\n\t\t\t\t\t\t\t\t\t<div class=\"elementor-tab-title elementor-tab-mobile-title\" aria-selected=\"true\" data-tab=\"1\" role=\"tab\" tabindex=\"0\" aria-controls=\"elementor-tab-content-8731\" aria-expanded=\"false\">Fichiers<\/div>\n\t\t\t\t\t<div id=\"elementor-tab-content-8731\" class=\"elementor-tab-content elementor-clearfix\" data-tab=\"1\" role=\"tabpanel\" aria-labelledby=\"elementor-tab-title-8731\" tabindex=\"0\" hidden=\"false\"><i class=\"far fa-file-pdf fa-xl\" style=\"font-size:35px\"><\/i><a href=\"https:\/\/www.belleflamme.ca\/wp-content\/uploads\/2024\/04\/W415-4170_NEFB50_62_74_96AB_C-0_.pdf\"> Installation et Manuel<\/a><\/br>\n<\/div>\n\t\t\t\t\t\t\t<\/div>\n\t\t<\/div>\n\t\t\t\t\t\t<\/div>\n\t\t\t\t<\/div>\n\t\t\t\t\t<\/div>\n\t\t<\/div>\n\t\t\t\t\t<\/div>\n\t\t<\/section>\n\t\t\t\t<\/div>\n\t\t","protected":false},"excerpt":{"rendered":"<p>Le foyer \u00e9lectrique encastr\u00e9 Astound fera sensation dans n\u2019importe quelle pi\u00e8ce. Aucun autre foyer ne peut \u00e9galer ses flammes incroyablement r\u00e9alistes. Les options d&#8217;installation sont illimit\u00e9es; vous pouvez opter pour une finition avec ou sans cadre afin d&#8217;harmoniser ce magnifique foyer \u00e0 votre d\u00e9cor. La vitre rabattable exclusive permet un acc\u00e8s facile pour le nettoyage [&hellip;]<\/p>\n","protected":false},"featured_media":34690,"template":"","meta":{"inline_featured_image":false},"product_brand":[1314],"product_cat":[242,241,33],"product_tag":[],"class_list":{"0":"post-34689","1":"product","2":"type-product","3":"status-publish","4":"has-post-thumbnail","6":"product_brand-foyers-napoleon","7":"product_cat-encastrables-electriques","8":"product_cat-poele-foyer-electrique","9":"product_cat-poeles-et-foyers","11":"first","12":"instock","13":"taxable","14":"shipping-taxable","15":"purchasable","16":"product-type-variable"},"yoast_head":"<!-- This site is optimized with the Yoast SEO Premium plugin v24.2 (Yoast SEO v24.2) - https:\/\/yoast.com\/wordpress\/plugins\/seo\/ -->\n<title>Foyer \u00c9lectrique Encastr\u00e9 S\u00e9rie Astound de Napoleon - Groupe BelleFlamme<\/title>\n<meta name=\"description\" content=\"Foyer \u00c9lectrique S\u00e9rie Astound de Napoleon vendu et install\u00e9 par le Groupe Belleflamme. Laval, Montr\u00e9al, Gatineau et Saint-Sauveur.\" \/>\n<meta name=\"robots\" content=\"index, follow, max-snippet:-1, max-image-preview:large, max-video-preview:-1\" \/>\n<link rel=\"canonical\" href=\"https:\/\/staging.belleflamme.ca\/fr\/produit\/foyer-electrique-encastre-serie-astound-de-napoleon\/\" \/>\n<meta property=\"og:locale\" content=\"fr_FR\" \/>\n<meta property=\"og:type\" content=\"article\" \/>\n<meta property=\"og:title\" content=\"Foyer \u00c9lectrique Encastr\u00e9 S\u00e9rie Astound de Napoleon\" \/>\n<meta property=\"og:description\" content=\"Foyer \u00c9lectrique S\u00e9rie Astound de Napoleon vendu et install\u00e9 par le Groupe Belleflamme. Laval, Montr\u00e9al, Gatineau et Saint-Sauveur.\" \/>\n<meta property=\"og:url\" content=\"https:\/\/staging.belleflamme.ca\/fr\/produit\/foyer-electrique-encastre-serie-astound-de-napoleon\/\" \/>\n<meta property=\"og:site_name\" content=\"Groupe BelleFlamme\" \/>\n<meta property=\"article:publisher\" content=\"https:\/\/www.facebook.com\/belleflamme.ca\/\" \/>\n<meta property=\"article:modified_time\" content=\"2025-04-07T11:51:25+00:00\" \/>\n<meta property=\"og:image\" content=\"https:\/\/www.belleflamme.ca\/wp-content\/uploads\/2024\/04\/Foyer-Electrique-Serie-Astound-de-Napoleon.jpg\" \/>\n\t<meta property=\"og:image:width\" content=\"1600\" \/>\n\t<meta property=\"og:image:height\" content=\"700\" \/>\n\t<meta property=\"og:image:type\" content=\"image\/jpeg\" \/>\n<meta name=\"twitter:card\" content=\"summary_large_image\" \/>\n<meta name=\"twitter:label1\" content=\"Disponibilit\u00e9\" \/>\n\t<meta name=\"twitter:data1\" content=\"En stock\" \/>\n<script type=\"application\/ld+json\" class=\"yoast-schema-graph\">{\"@context\":\"https:\/\/schema.org\",\"@graph\":[{\"@type\":[\"WebPage\",\"ItemPage\"],\"@id\":\"https:\/\/staging.belleflamme.ca\/fr\/produit\/foyer-electrique-encastre-serie-astound-de-napoleon\/\",\"url\":\"https:\/\/staging.belleflamme.ca\/fr\/produit\/foyer-electrique-encastre-serie-astound-de-napoleon\/\",\"name\":\"Foyer \u00c9lectrique Encastr\u00e9 S\u00e9rie Astound de Napoleon - Groupe BelleFlamme\",\"isPartOf\":{\"@id\":\"https:\/\/www.belleflamme.ca\/fr\/#website\"},\"primaryImageOfPage\":{\"@id\":\"https:\/\/staging.belleflamme.ca\/fr\/produit\/foyer-electrique-encastre-serie-astound-de-napoleon\/#primaryimage\"},\"image\":{\"@id\":\"https:\/\/staging.belleflamme.ca\/fr\/produit\/foyer-electrique-encastre-serie-astound-de-napoleon\/#primaryimage\"},\"thumbnailUrl\":\"https:\/\/staging.belleflamme.ca\/wp-content\/uploads\/2024\/04\/Foyer-Electrique-Serie-Astound-de-Napoleon.jpg\",\"datePublished\":\"2024-04-19T16:58:22+00:00\",\"dateModified\":\"2025-04-07T11:51:25+00:00\",\"description\":\"Foyer \u00c9lectrique S\u00e9rie Astound de Napoleon vendu et install\u00e9 par le Groupe Belleflamme. Laval, Montr\u00e9al, Gatineau et Saint-Sauveur.\",\"breadcrumb\":{\"@id\":\"https:\/\/staging.belleflamme.ca\/fr\/produit\/foyer-electrique-encastre-serie-astound-de-napoleon\/#breadcrumb\"},\"inLanguage\":\"fr-FR\",\"potentialAction\":[{\"@type\":\"ReadAction\",\"target\":[\"https:\/\/staging.belleflamme.ca\/fr\/produit\/foyer-electrique-encastre-serie-astound-de-napoleon\/\"]}]},{\"@type\":\"ImageObject\",\"inLanguage\":\"fr-FR\",\"@id\":\"https:\/\/staging.belleflamme.ca\/fr\/produit\/foyer-electrique-encastre-serie-astound-de-napoleon\/#primaryimage\",\"url\":\"https:\/\/staging.belleflamme.ca\/wp-content\/uploads\/2024\/04\/Foyer-Electrique-Serie-Astound-de-Napoleon.jpg\",\"contentUrl\":\"https:\/\/staging.belleflamme.ca\/wp-content\/uploads\/2024\/04\/Foyer-Electrique-Serie-Astound-de-Napoleon.jpg\",\"width\":1600,\"height\":700,\"caption\":\"Foyer \u00c9lectrique S\u00e9rie Astound de Napoleon\"},{\"@type\":\"BreadcrumbList\",\"@id\":\"https:\/\/staging.belleflamme.ca\/fr\/produit\/foyer-electrique-encastre-serie-astound-de-napoleon\/#breadcrumb\",\"itemListElement\":[{\"@type\":\"ListItem\",\"position\":1,\"name\":\"Accueil\",\"item\":\"https:\/\/www.belleflamme.ca\/fr\/\"},{\"@type\":\"ListItem\",\"position\":2,\"name\":\"Boutique\",\"item\":\"https:\/\/www.belleflamme.ca\/fr\/boutique\/\"},{\"@type\":\"ListItem\",\"position\":3,\"name\":\"Po\u00eales &amp; Foyers\",\"item\":\"https:\/\/staging.belleflamme.ca\/fr\/categories\/poeles-et-foyers\/\"},{\"@type\":\"ListItem\",\"position\":4,\"name\":\"Po\u00eale &amp; Foyer \u00c9lectrique\",\"item\":\"https:\/\/staging.belleflamme.ca\/fr\/categories\/poeles-et-foyers\/poele-foyer-electrique\/\"},{\"@type\":\"ListItem\",\"position\":5,\"name\":\"Encastrables \u00c9lectriques\",\"item\":\"https:\/\/staging.belleflamme.ca\/fr\/categories\/poeles-et-foyers\/poele-foyer-electrique\/encastrables-electriques\/\"},{\"@type\":\"ListItem\",\"position\":6,\"name\":\"Foyer \u00c9lectrique Encastr\u00e9 S\u00e9rie Astound de Napoleon\"}]},{\"@type\":\"WebSite\",\"@id\":\"https:\/\/www.belleflamme.ca\/fr\/#website\",\"url\":\"https:\/\/www.belleflamme.ca\/fr\/\",\"name\":\"Groupe Belleflamme\",\"description\":\"La m\u00e9canique du b\u00e2timent dans le sang.\",\"publisher\":{\"@id\":\"https:\/\/www.belleflamme.ca\/fr\/#organization\"},\"potentialAction\":[{\"@type\":\"SearchAction\",\"target\":{\"@type\":\"EntryPoint\",\"urlTemplate\":\"https:\/\/www.belleflamme.ca\/fr\/?s={search_term_string}\"},\"query-input\":{\"@type\":\"PropertyValueSpecification\",\"valueRequired\":true,\"valueName\":\"search_term_string\"}}],\"inLanguage\":\"fr-FR\"},{\"@type\":[\"Organization\",\"Place\"],\"@id\":\"https:\/\/www.belleflamme.ca\/fr\/#organization\",\"name\":\"Groupe Belleflamme\",\"alternateName\":\"Belleflamme\",\"url\":\"https:\/\/www.belleflamme.ca\/fr\/\",\"logo\":{\"@type\":\"ImageObject\",\"inLanguage\":\"fr-FR\",\"@id\":\"https:\/\/www.belleflamme.ca\/fr\/#\/schema\/logo\/image\/\",\"url\":\"https:\/\/staging.belleflamme.ca\/wp-content\/uploads\/2023\/01\/og-image.jpg\",\"contentUrl\":\"https:\/\/staging.belleflamme.ca\/wp-content\/uploads\/2023\/01\/og-image.jpg\",\"width\":1200,\"height\":630,\"caption\":\"Groupe Belleflamme\"},\"image\":{\"@id\":\"https:\/\/www.belleflamme.ca\/fr\/#\/schema\/logo\/image\/\"},\"sameAs\":[\"https:\/\/www.facebook.com\/belleflamme.ca\/\",\"https:\/\/www.linkedin.com\/company\/belleflamme\/\",\"https:\/\/www.pinterest.ca\/groupebelleflamme\/\",\"https:\/\/www.instagram.com\/legroupebelleflamme\/\"],\"mainEntityOfPage\":{\"@id\":\"https:\/\/staging.belleflamme.ca\/fr\/produit\/foyer-electrique-encastre-serie-astound-de-napoleon\/\"}}]}<\/script>\n<meta property=\"product:brand\" content=\"Foyers Napoleon\" \/>\n<meta property=\"og:availability\" content=\"instock\" \/>\n<meta property=\"product:availability\" content=\"instock\" \/>\n<meta property=\"product:condition\" content=\"new\" \/>\n<!-- \/ Yoast SEO Premium plugin. -->","yoast_head_json":{"title":"Foyer \u00c9lectrique Encastr\u00e9 S\u00e9rie Astound de Napoleon - Groupe BelleFlamme","description":"Foyer \u00c9lectrique S\u00e9rie Astound de Napoleon vendu et install\u00e9 par le Groupe Belleflamme. Laval, Montr\u00e9al, Gatineau et Saint-Sauveur.","robots":{"index":"index","follow":"follow","max-snippet":"max-snippet:-1","max-image-preview":"max-image-preview:large","max-video-preview":"max-video-preview:-1"},"canonical":"https:\/\/staging.belleflamme.ca\/fr\/produit\/foyer-electrique-encastre-serie-astound-de-napoleon\/","og_locale":"fr_FR","og_type":"article","og_title":"Foyer \u00c9lectrique Encastr\u00e9 S\u00e9rie Astound de Napoleon","og_description":"Foyer \u00c9lectrique S\u00e9rie Astound de Napoleon vendu et install\u00e9 par le Groupe Belleflamme. Laval, Montr\u00e9al, Gatineau et Saint-Sauveur.","og_url":"https:\/\/staging.belleflamme.ca\/fr\/produit\/foyer-electrique-encastre-serie-astound-de-napoleon\/","og_site_name":"Groupe BelleFlamme","article_publisher":"https:\/\/www.facebook.com\/belleflamme.ca\/","article_modified_time":"2025-04-07T11:51:25+00:00","og_image":[{"width":1600,"height":700,"url":"https:\/\/www.belleflamme.ca\/wp-content\/uploads\/2024\/04\/Foyer-Electrique-Serie-Astound-de-Napoleon.jpg","type":"image\/jpeg"}],"twitter_card":"summary_large_image","twitter_misc":{"Disponibilit\u00e9":"En stock"},"schema":{"@context":"https:\/\/schema.org","@graph":[{"@type":["WebPage","ItemPage"],"@id":"https:\/\/staging.belleflamme.ca\/fr\/produit\/foyer-electrique-encastre-serie-astound-de-napoleon\/","url":"https:\/\/staging.belleflamme.ca\/fr\/produit\/foyer-electrique-encastre-serie-astound-de-napoleon\/","name":"Foyer \u00c9lectrique Encastr\u00e9 S\u00e9rie Astound de Napoleon - Groupe BelleFlamme","isPartOf":{"@id":"https:\/\/www.belleflamme.ca\/fr\/#website"},"primaryImageOfPage":{"@id":"https:\/\/staging.belleflamme.ca\/fr\/produit\/foyer-electrique-encastre-serie-astound-de-napoleon\/#primaryimage"},"image":{"@id":"https:\/\/staging.belleflamme.ca\/fr\/produit\/foyer-electrique-encastre-serie-astound-de-napoleon\/#primaryimage"},"thumbnailUrl":"https:\/\/staging.belleflamme.ca\/wp-content\/uploads\/2024\/04\/Foyer-Electrique-Serie-Astound-de-Napoleon.jpg","datePublished":"2024-04-19T16:58:22+00:00","dateModified":"2025-04-07T11:51:25+00:00","description":"Foyer \u00c9lectrique S\u00e9rie Astound de Napoleon vendu et install\u00e9 par le Groupe Belleflamme. Laval, Montr\u00e9al, Gatineau et Saint-Sauveur.","breadcrumb":{"@id":"https:\/\/staging.belleflamme.ca\/fr\/produit\/foyer-electrique-encastre-serie-astound-de-napoleon\/#breadcrumb"},"inLanguage":"fr-FR","potentialAction":[{"@type":"ReadAction","target":["https:\/\/staging.belleflamme.ca\/fr\/produit\/foyer-electrique-encastre-serie-astound-de-napoleon\/"]}]},{"@type":"ImageObject","inLanguage":"fr-FR","@id":"https:\/\/staging.belleflamme.ca\/fr\/produit\/foyer-electrique-encastre-serie-astound-de-napoleon\/#primaryimage","url":"https:\/\/staging.belleflamme.ca\/wp-content\/uploads\/2024\/04\/Foyer-Electrique-Serie-Astound-de-Napoleon.jpg","contentUrl":"https:\/\/staging.belleflamme.ca\/wp-content\/uploads\/2024\/04\/Foyer-Electrique-Serie-Astound-de-Napoleon.jpg","width":1600,"height":700,"caption":"Foyer \u00c9lectrique S\u00e9rie Astound de Napoleon"},{"@type":"BreadcrumbList","@id":"https:\/\/staging.belleflamme.ca\/fr\/produit\/foyer-electrique-encastre-serie-astound-de-napoleon\/#breadcrumb","itemListElement":[{"@type":"ListItem","position":1,"name":"Accueil","item":"https:\/\/www.belleflamme.ca\/fr\/"},{"@type":"ListItem","position":2,"name":"Boutique","item":"https:\/\/www.belleflamme.ca\/fr\/boutique\/"},{"@type":"ListItem","position":3,"name":"Po\u00eales &amp; Foyers","item":"https:\/\/staging.belleflamme.ca\/fr\/categories\/poeles-et-foyers\/"},{"@type":"ListItem","position":4,"name":"Po\u00eale &amp; Foyer \u00c9lectrique","item":"https:\/\/staging.belleflamme.ca\/fr\/categories\/poeles-et-foyers\/poele-foyer-electrique\/"},{"@type":"ListItem","position":5,"name":"Encastrables \u00c9lectriques","item":"https:\/\/staging.belleflamme.ca\/fr\/categories\/poeles-et-foyers\/poele-foyer-electrique\/encastrables-electriques\/"},{"@type":"ListItem","position":6,"name":"Foyer \u00c9lectrique Encastr\u00e9 S\u00e9rie Astound de Napoleon"}]},{"@type":"WebSite","@id":"https:\/\/www.belleflamme.ca\/fr\/#website","url":"https:\/\/www.belleflamme.ca\/fr\/","name":"Groupe Belleflamme","description":"La m\u00e9canique du b\u00e2timent dans le sang.","publisher":{"@id":"https:\/\/www.belleflamme.ca\/fr\/#organization"},"potentialAction":[{"@type":"SearchAction","target":{"@type":"EntryPoint","urlTemplate":"https:\/\/www.belleflamme.ca\/fr\/?s={search_term_string}"},"query-input":{"@type":"PropertyValueSpecification","valueRequired":true,"valueName":"search_term_string"}}],"inLanguage":"fr-FR"},{"@type":["Organization","Place"],"@id":"https:\/\/www.belleflamme.ca\/fr\/#organization","name":"Groupe Belleflamme","alternateName":"Belleflamme","url":"https:\/\/www.belleflamme.ca\/fr\/","logo":{"@type":"ImageObject","inLanguage":"fr-FR","@id":"https:\/\/www.belleflamme.ca\/fr\/#\/schema\/logo\/image\/","url":"https:\/\/staging.belleflamme.ca\/wp-content\/uploads\/2023\/01\/og-image.jpg","contentUrl":"https:\/\/staging.belleflamme.ca\/wp-content\/uploads\/2023\/01\/og-image.jpg","width":1200,"height":630,"caption":"Groupe Belleflamme"},"image":{"@id":"https:\/\/www.belleflamme.ca\/fr\/#\/schema\/logo\/image\/"},"sameAs":["https:\/\/www.facebook.com\/belleflamme.ca\/","https:\/\/www.linkedin.com\/company\/belleflamme\/","https:\/\/www.pinterest.ca\/groupebelleflamme\/","https:\/\/www.instagram.com\/legroupebelleflamme\/"],"mainEntityOfPage":{"@id":"https:\/\/staging.belleflamme.ca\/fr\/produit\/foyer-electrique-encastre-serie-astound-de-napoleon\/"}}]},"product_brand":"Foyers Napoleon","og_availability":"instock","product_availability":"instock","product_condition":"new"},"_links":{"self":[{"href":"https:\/\/staging.belleflamme.ca\/fr\/wp-json\/wp\/v2\/product\/34689","targetHints":{"allow":["GET"]}}],"collection":[{"href":"https:\/\/staging.belleflamme.ca\/fr\/wp-json\/wp\/v2\/product"}],"about":[{"href":"https:\/\/staging.belleflamme.ca\/fr\/wp-json\/wp\/v2\/types\/product"}],"version-history":[{"count":6,"href":"https:\/\/staging.belleflamme.ca\/fr\/wp-json\/wp\/v2\/product\/34689\/revisions"}],"predecessor-version":[{"id":43309,"href":"https:\/\/staging.belleflamme.ca\/fr\/wp-json\/wp\/v2\/product\/34689\/revisions\/43309"}],"wp:featuredmedia":[{"embeddable":true,"href":"https:\/\/staging.belleflamme.ca\/fr\/wp-json\/wp\/v2\/media\/34690"}],"wp:attachment":[{"href":"https:\/\/staging.belleflamme.ca\/fr\/wp-json\/wp\/v2\/media?parent=34689"}],"wp:term":[{"taxonomy":"product_brand","embeddable":true,"href":"https:\/\/staging.belleflamme.ca\/fr\/wp-json\/wp\/v2\/product_brand?post=34689"},{"taxonomy":"product_cat","embeddable":true,"href":"https:\/\/staging.belleflamme.ca\/fr\/wp-json\/wp\/v2\/product_cat?post=34689"},{"taxonomy":"product_tag","embeddable":true,"href":"https:\/\/staging.belleflamme.ca\/fr\/wp-json\/wp\/v2\/product_tag?post=34689"}],"curies":[{"name":"wp","href":"https:\/\/api.w.org\/{rel}","templated":true}]}}