{"id":34262,"date":"2024-04-18T13:10:03","date_gmt":"2024-04-18T17:10:03","guid":{"rendered":"https:\/\/www.belleflamme.ca\/?post_type=product&#038;p=34262"},"modified":"2025-04-03T14:16:42","modified_gmt":"2025-04-03T18:16:42","slug":"foyer-au-gaz-serie-ascent-lineaire-de-napoleon","status":"publish","type":"product","link":"https:\/\/staging.belleflamme.ca\/fr\/produit\/foyer-au-gaz-serie-ascent-lineaire-de-napoleon\/","title":{"rendered":"Foyer au Gaz S\u00e9rie Ascent Lin\u00e9aire de Napoleon"},"content":{"rendered":"\t\t<div data-elementor-type=\"product-post\" data-elementor-id=\"34262\" class=\"elementor elementor-34262\" data-elementor-post-type=\"product\">\n\t\t\t\t\t\t<section class=\"elementor-section elementor-top-section elementor-element elementor-element-36fe7145 elementor-section-boxed elementor-section-height-default elementor-section-height-default\" data-id=\"36fe7145\" data-element_type=\"section\">\n\t\t\t\t\t\t<div class=\"elementor-container elementor-column-gap-default\">\n\t\t\t\t\t<div class=\"elementor-column elementor-col-100 elementor-top-column elementor-element elementor-element-6020f83f\" data-id=\"6020f83f\" data-element_type=\"column\">\n\t\t\t<div class=\"elementor-widget-wrap elementor-element-populated\">\n\t\t\t\t\t\t<div class=\"elementor-element elementor-element-50f0138a elementor-widget elementor-widget-text-editor\" data-id=\"50f0138a\" data-element_type=\"widget\" data-widget_type=\"text-editor.default\">\n\t\t\t\t<div class=\"elementor-widget-container\">\n\t\t\t\t\t\t\t\t\t<iframe width=\"560\" height=\"315\" src=\"https:\/\/www.youtube.com\/embed\/vslzHd8XEyY?si=8zAEq5NqxusioudM\" title=\"YouTube video player\" frameborder=\"0\" allow=\"accelerometer; autoplay; clipboard-write; encrypted-media; gyroscope; picture-in-picture; web-share\" referrerpolicy=\"strict-origin-when-cross-origin\" allowfullscreen><\/iframe>\n\n<section class=\"series-overview-description\">\n<div class=\"inner-wrapper\">\n<div class=\"clearfix text-formatted field field--name-field-description field--type-text-long field--label-hidden field__item\">\n\nAvec ses nombreuses options d\u00e9coratives, la s\u00e9rie de foyers lin\u00e9aires au gaz Ascent\u1d39\u1d30 de Napol\u00e9on apporte la touche finale id\u00e9ale \u00e0 votre d\u00e9cor. Personnalisez votre foyer avec les ensembles Beach Fire, Shore Fire ou Mineral Rock qui peuvent \u00eatre \u00e9galement combin\u00e9s. L&#8217;application eFire vous permet de contr\u00f4ler facilement le foyer \u00e0 partir de votre appareil mobile pr\u00e9f\u00e9r\u00e9. Offerte en mod\u00e8les de 36 pouces et de 46 pouces, la s\u00e9rie Ascent\u1d39\u1d30 lin\u00e9aire agr\u00e9ment\u00e9e du lit de braises de CRYSTALINE\u1d39\u1d30 topaze exclusif ajoute une touche de luxe et de l&#8217;\u00e9clat partout o\u00f9 il est install\u00e9.\n\n<\/div>\n<\/div>\n<\/section>\n<div class=\"specs-and-features\"><section id=\"overview\" class=\"series-detail-wrapper\">\n<div class=\"specification tab-item tab-on\">\n<h3>SP\u00c9CIFICATION<\/h3>\n<div class=\"fuel-type\">\n\nType de combustible\u00a0:\n<div class=\"field field--name-field-fuel-types field--type-entity-reference field--label-hidden field__item\">Gaz<\/div>\n<\/div>\n<div class=\"view-type\">\n\nType de vue:\n<div class=\"field field--name-field-view-type field--type-entity-reference field--label-hidden field__items\">\n<div class=\"field__item\">Face unique<\/div>\n<\/div>\n<\/div>\n<div class=\"available-size\">\n\nMod\u00e8les disponibles:\n<div class=\"field field--name-field-size-select field--type-entity-reference field--label-hidden field__items\">36, 42, 46 &amp; 56<\/div>\n<\/div>\n<div class=\"field field--name-field-sizes-image field--type-entity-reference field--label-hidden field__item\"><article class=\"media media--type-image media--view-mode-default\" data-id=\"58161\">\n<div class=\"blazy blazy--field blazy--field-media-image blazy--field-media-image--default field field--name-field-media-image field--type-image field--label-visually_hidden is-blazy\" data-blazy=\"\" data-once=\"blazy\">\n<div class=\"field__label visually-hidden\">Image<\/div>\n<div class=\"field__item\">\n<div class=\"media media--blazy media--image is-b-loaded\" data-b-token=\"b-3ea099a3f12\"><img fetchpriority=\"high\" decoding=\"async\" class=\"media__element b-lazy b-loaded\" src=\"https:\/\/www.napoleon.com\/sites\/default\/files\/images\/2022-08\/series-size-chart-ascent-linear_0.png\" alt=\"Ascent Linear Sizes\" width=\"569\" height=\"237\" \/><\/div>\n<\/div>\n<\/div>\n<\/article><\/div>\n<\/div>\n<div class=\"key-series-features tab-item\">\n<h3>CARACT\u00c9RISTIQUES CL\u00c9S DE LA S\u00c9RIE<\/h3>\n<div class=\"clearfix text-formatted field field--name-field-product-series-features field--type-text-long field--label-hidden field__item\">\n<ul>\n \t<li>Jusqu&#8217;\u00e0 28 000 BTU<\/li>\n \t<li>Lit de braises CRYSTALINE\u1d39\u1d30 avec verre concass\u00e9 topaze<\/li>\n \t<li>Syst\u00e8me SIT Proflame II<\/li>\n \t<li>Mat\u00e9riau incombustible inclus<\/li>\n \t<li>Levier de contr\u00f4le facile d\u2019acc\u00e8s<\/li>\n \t<li>Allumage \u00e9lectronique<\/li>\n \t<li>Contr\u00f4leur eFIRE optionnel<\/li>\n<\/ul>\nCARACT\u00c9RISTIQUES SP\u00c9CIALES\n<div class=\"field field--name-field-title field--type-string field--label-hidden field__item\"><strong>Gestion de la chaleur d&#8217;un foyer<\/strong><\/div>\n<div class=\"field field--name-field-tagline field--type-string field--label-hidden field__item\">Vous contr\u00f4lez la chaleur<\/div>\n<div class=\"clearfix text-formatted field field--name-body field--type-text-with-summary field--label-hidden field__item\">\n\nLes syst\u00e8mes de gestion de chaleur de Napol\u00e9on vous permettent d\u2019installer votre t\u00e9l\u00e9viseur, vos objets d\u2019art et vos appareils \u00e9lectroniques plus pr\u00e8s de votre foyer. \u00a0La gestion de la chaleur permet de diriger la chaleur exactement l\u00e0 o\u00f9 elle est n\u00e9cessaire, ce qui n&#8217;est pas forc\u00e9ment devant le foyer.\n\n<\/div>\n<\/div>\n<\/div>\n<\/section><\/div>\t\t\t\t\t\t\t\t<\/div>\n\t\t\t\t<\/div>\n\t\t\t\t\t<\/div>\n\t\t<\/div>\n\t\t\t\t\t<\/div>\n\t\t<\/section>\n\t\t\t\t<section class=\"elementor-section elementor-top-section elementor-element elementor-element-ea27a55 elementor-section-boxed elementor-section-height-default elementor-section-height-default\" data-id=\"ea27a55\" data-element_type=\"section\">\n\t\t\t\t\t\t<div class=\"elementor-container elementor-column-gap-default\">\n\t\t\t\t\t<div class=\"elementor-column elementor-col-100 elementor-top-column elementor-element elementor-element-02d4a47\" data-id=\"02d4a47\" data-element_type=\"column\">\n\t\t\t<div class=\"elementor-widget-wrap elementor-element-populated\">\n\t\t\t\t\t\t<div class=\"elementor-element elementor-element-917572d elementor-tabs-view-horizontal elementor-widget elementor-widget-tabs\" data-id=\"917572d\" data-element_type=\"widget\" data-widget_type=\"tabs.default\">\n\t\t\t\t<div class=\"elementor-widget-container\">\n\t\t\t\t\t\t\t<div class=\"elementor-tabs\">\n\t\t\t<div class=\"elementor-tabs-wrapper\" role=\"tablist\" >\n\t\t\t\t\t\t\t\t\t<div id=\"elementor-tab-title-1521\" class=\"elementor-tab-title elementor-tab-desktop-title\" aria-selected=\"true\" data-tab=\"1\" role=\"tab\" tabindex=\"0\" aria-controls=\"elementor-tab-content-1521\" aria-expanded=\"false\">Fichiers<\/div>\n\t\t\t\t\t\t\t<\/div>\n\t\t\t<div class=\"elementor-tabs-content-wrapper\" role=\"tablist\" aria-orientation=\"vertical\">\n\t\t\t\t\t\t\t\t\t<div class=\"elementor-tab-title elementor-tab-mobile-title\" aria-selected=\"true\" data-tab=\"1\" role=\"tab\" tabindex=\"0\" aria-controls=\"elementor-tab-content-1521\" aria-expanded=\"false\">Fichiers<\/div>\n\t\t\t\t\t<div id=\"elementor-tab-content-1521\" class=\"elementor-tab-content elementor-clearfix\" data-tab=\"1\" role=\"tabpanel\" aria-labelledby=\"elementor-tab-title-1521\" tabindex=\"0\" hidden=\"false\"><i class=\"far fa-file-pdf fa-xl\" style=\"font-size: 35px;\"><\/i><a href=\"https:\/\/www.belleflamme.ca\/wp-content\/uploads\/2024\/04\/we60gyj7zriso8eskeaz.pdf\"> Brochure<\/a><\/br>\n<i class=\"far fa-file-pdf fa-xl\" style=\"font-size: 35px;\"><\/i><a href=\"https:\/\/www.belleflamme.ca\/wp-content\/uploads\/2024\/04\/Ascent-Linear-Series-Installation-Manual.pdf\"> Installation 36 et 46<\/a><\/br>\n<i class=\"far fa-file-pdf fa-xl\" style=\"font-size:35px\"><\/i><a href=\"https:\/\/www.belleflamme.ca\/wp-content\/uploads\/2024\/04\/BL42-Installation-Manual.pdf\"> Installation 42<\/a><\/br>\n<i class=\"far fa-file-pdf fa-xl\" style=\"font-size: 35px;\"><\/i><a href=\"https:\/\/www.belleflamme.ca\/wp-content\/uploads\/2024\/04\/BL56-Installation.pdf\"> Installation 56<\/a><\/br>\n<i class=\"far fa-file-pdf fa-xl\" style=\"font-size: 35px;\"><\/i><a href=\"https:\/\/www.belleflamme.ca\/wp-content\/uploads\/2024\/04\/Ascent-Linear-Series-Owner-s-Manual.pdf\"> Manuel<\/a><\/br>\n<i class=\"far fa-file-pdf fa-xl\" style=\"font-size:35px\"><\/i><a href=\"https:\/\/www.belleflamme.ca\/wp-content\/uploads\/2024\/04\/BL36-N-P-TE-1_BL46-N-P-TE-Owner-Manual.pdf\"> Manuel 36 et 46<\/a><\/br>\n<i class=\"far fa-file-pdf fa-xl\" style=\"font-size:35px\"><\/i><a href=\"https:\/\/www.belleflamme.ca\/wp-content\/uploads\/2024\/04\/BL42-56-Owners-Manual.pdf\"> Manuel 42 et 56<\/a><\/br>\n<i class=\"far fa-file-pdf fa-xl\" style=\"font-size: 35px;\"><\/i><a href=\"https:\/\/www.belleflamme.ca\/wp-content\/uploads\/2024\/04\/W415-3130_BL36-1-Specification-Sheet_-e-f_10.07.22.pdf\"> Sp\u00e9cifications 36<\/a><\/br>\n<i class=\"far fa-file-pdf fa-xl\" style=\"font-size: 35px;\"><\/i><a href=\"https:\/\/www.belleflamme.ca\/wp-content\/uploads\/2024\/04\/W415-3065_BL42-Spec-Sheet_-e-f_01.18.22.pdf\"> Sp\u00e9cifications 42<\/a><\/br>\n<i class=\"far fa-file-pdf fa-xl\" style=\"font-size: 35px;\"><\/i><a href=\"https:\/\/www.belleflamme.ca\/wp-content\/uploads\/2024\/04\/BL46_Specification_Sheet.pdf\"> Sp\u00e9cifications 46<\/a><\/br>\n<i class=\"far fa-file-pdf fa-xl\" style=\"font-size: 35px;\"><\/i><a href=\"https:\/\/www.belleflamme.ca\/wp-content\/uploads\/2024\/04\/W415-3066_BL56-Spec-Sheet_-e-f_01.18.22.pdf\"> Sp\u00e9cifications 56<\/a><\/br><\/div>\n\t\t\t\t\t\t\t<\/div>\n\t\t<\/div>\n\t\t\t\t\t\t<\/div>\n\t\t\t\t<\/div>\n\t\t\t\t\t<\/div>\n\t\t<\/div>\n\t\t\t\t\t<\/div>\n\t\t<\/section>\n\t\t\t\t<\/div>\n\t\t","protected":false},"excerpt":{"rendered":"<p>Avec ses nombreuses options d\u00e9coratives, la s\u00e9rie de foyers lin\u00e9aires au gaz Ascent\u1d39\u1d30 de Napol\u00e9on apporte la touche finale id\u00e9ale \u00e0 votre d\u00e9cor. Personnalisez votre foyer avec les ensembles Beach Fire, Shore Fire ou Mineral Rock qui peuvent \u00eatre \u00e9galement combin\u00e9s. L&#8217;application eFire vous permet de contr\u00f4ler facilement le foyer \u00e0 partir de votre appareil [&hellip;]<\/p>\n","protected":false},"featured_media":34263,"template":"","meta":{"inline_featured_image":false},"product_brand":[1314],"product_cat":[33,35,37],"product_tag":[],"class_list":{"0":"post-34262","1":"product","2":"type-product","3":"status-publish","4":"has-post-thumbnail","6":"product_brand-foyers-napoleon","7":"product_cat-poeles-et-foyers","8":"product_cat-poeles-foyer-au-gaz","9":"product_cat-foyer-au-gaz","11":"first","12":"instock","13":"taxable","14":"shipping-taxable","15":"purchasable","16":"product-type-variable"},"yoast_head":"<!-- This site is optimized with the Yoast SEO Premium plugin v24.2 (Yoast SEO v24.2) - https:\/\/yoast.com\/wordpress\/plugins\/seo\/ -->\n<title>Foyer au Gaz S\u00e9rie Ascent Lin\u00e9aire de Napoleon - Groupe BelleFlamme<\/title>\n<meta name=\"description\" content=\"Foyer au Gaz S\u00e9rie Ascent Lin\u00e9aire de Napoleon vendu et install\u00e9 par le Groupe Belleflamme. Laval, Montr\u00e9al, Gatineau et Saint-Sauveur.\" \/>\n<meta name=\"robots\" content=\"index, follow, max-snippet:-1, max-image-preview:large, max-video-preview:-1\" \/>\n<link rel=\"canonical\" href=\"https:\/\/staging.belleflamme.ca\/fr\/produit\/foyer-au-gaz-serie-ascent-lineaire-de-napoleon\/\" \/>\n<meta property=\"og:locale\" content=\"fr_FR\" \/>\n<meta property=\"og:type\" content=\"article\" \/>\n<meta property=\"og:title\" content=\"Foyer au Gaz S\u00e9rie Ascent Lin\u00e9aire de Napoleon\" \/>\n<meta property=\"og:description\" content=\"Foyer au Gaz S\u00e9rie Ascent Lin\u00e9aire de Napoleon vendu et install\u00e9 par le Groupe Belleflamme. Laval, Montr\u00e9al, Gatineau et Saint-Sauveur.\" \/>\n<meta property=\"og:url\" content=\"https:\/\/staging.belleflamme.ca\/fr\/produit\/foyer-au-gaz-serie-ascent-lineaire-de-napoleon\/\" \/>\n<meta property=\"og:site_name\" content=\"Groupe BelleFlamme\" \/>\n<meta property=\"article:publisher\" content=\"https:\/\/www.facebook.com\/belleflamme.ca\/\" \/>\n<meta property=\"article:modified_time\" content=\"2025-04-03T18:16:42+00:00\" \/>\n<meta property=\"og:image\" content=\"https:\/\/www.belleflamme.ca\/wp-content\/uploads\/2024\/04\/Foyer-au-Gaz-Serie-Ascent-Lineaire-de-Napoleon.jpg\" \/>\n\t<meta property=\"og:image:width\" content=\"1600\" \/>\n\t<meta property=\"og:image:height\" content=\"700\" \/>\n\t<meta property=\"og:image:type\" content=\"image\/jpeg\" \/>\n<meta name=\"twitter:card\" content=\"summary_large_image\" \/>\n<meta name=\"twitter:label1\" content=\"Disponibilit\u00e9\" \/>\n\t<meta name=\"twitter:data1\" content=\"En stock\" \/>\n<script type=\"application\/ld+json\" class=\"yoast-schema-graph\">{\"@context\":\"https:\/\/schema.org\",\"@graph\":[{\"@type\":[\"WebPage\",\"ItemPage\"],\"@id\":\"https:\/\/staging.belleflamme.ca\/fr\/produit\/foyer-au-gaz-serie-ascent-lineaire-de-napoleon\/\",\"url\":\"https:\/\/staging.belleflamme.ca\/fr\/produit\/foyer-au-gaz-serie-ascent-lineaire-de-napoleon\/\",\"name\":\"Foyer au Gaz S\u00e9rie Ascent Lin\u00e9aire de Napoleon - Groupe BelleFlamme\",\"isPartOf\":{\"@id\":\"https:\/\/www.belleflamme.ca\/fr\/#website\"},\"primaryImageOfPage\":{\"@id\":\"https:\/\/staging.belleflamme.ca\/fr\/produit\/foyer-au-gaz-serie-ascent-lineaire-de-napoleon\/#primaryimage\"},\"image\":{\"@id\":\"https:\/\/staging.belleflamme.ca\/fr\/produit\/foyer-au-gaz-serie-ascent-lineaire-de-napoleon\/#primaryimage\"},\"thumbnailUrl\":\"https:\/\/staging.belleflamme.ca\/wp-content\/uploads\/2024\/04\/Foyer-au-Gaz-Serie-Ascent-Lineaire-de-Napoleon.jpg\",\"datePublished\":\"2024-04-18T17:10:03+00:00\",\"dateModified\":\"2025-04-03T18:16:42+00:00\",\"description\":\"Foyer au Gaz S\u00e9rie Ascent Lin\u00e9aire de Napoleon vendu et install\u00e9 par le Groupe Belleflamme. Laval, Montr\u00e9al, Gatineau et Saint-Sauveur.\",\"breadcrumb\":{\"@id\":\"https:\/\/staging.belleflamme.ca\/fr\/produit\/foyer-au-gaz-serie-ascent-lineaire-de-napoleon\/#breadcrumb\"},\"inLanguage\":\"fr-FR\",\"potentialAction\":[{\"@type\":\"ReadAction\",\"target\":[\"https:\/\/staging.belleflamme.ca\/fr\/produit\/foyer-au-gaz-serie-ascent-lineaire-de-napoleon\/\"]}]},{\"@type\":\"ImageObject\",\"inLanguage\":\"fr-FR\",\"@id\":\"https:\/\/staging.belleflamme.ca\/fr\/produit\/foyer-au-gaz-serie-ascent-lineaire-de-napoleon\/#primaryimage\",\"url\":\"https:\/\/staging.belleflamme.ca\/wp-content\/uploads\/2024\/04\/Foyer-au-Gaz-Serie-Ascent-Lineaire-de-Napoleon.jpg\",\"contentUrl\":\"https:\/\/staging.belleflamme.ca\/wp-content\/uploads\/2024\/04\/Foyer-au-Gaz-Serie-Ascent-Lineaire-de-Napoleon.jpg\",\"width\":1600,\"height\":700,\"caption\":\"Foyer au Gaz S\u00e9rie Ascent Lin\u00e9aire de Napoleon\"},{\"@type\":\"BreadcrumbList\",\"@id\":\"https:\/\/staging.belleflamme.ca\/fr\/produit\/foyer-au-gaz-serie-ascent-lineaire-de-napoleon\/#breadcrumb\",\"itemListElement\":[{\"@type\":\"ListItem\",\"position\":1,\"name\":\"Accueil\",\"item\":\"https:\/\/www.belleflamme.ca\/fr\/\"},{\"@type\":\"ListItem\",\"position\":2,\"name\":\"Boutique\",\"item\":\"https:\/\/www.belleflamme.ca\/fr\/boutique\/\"},{\"@type\":\"ListItem\",\"position\":3,\"name\":\"Po\u00eales &amp; Foyers\",\"item\":\"https:\/\/staging.belleflamme.ca\/fr\/categories\/poeles-et-foyers\/\"},{\"@type\":\"ListItem\",\"position\":4,\"name\":\"Po\u00eale &amp; Foyer au Gaz\",\"item\":\"https:\/\/staging.belleflamme.ca\/fr\/categories\/poeles-et-foyers\/poeles-foyer-au-gaz\/\"},{\"@type\":\"ListItem\",\"position\":5,\"name\":\"Foyer au Gaz\",\"item\":\"https:\/\/staging.belleflamme.ca\/fr\/categories\/poeles-et-foyers\/poeles-foyer-au-gaz\/foyer-au-gaz\/\"},{\"@type\":\"ListItem\",\"position\":6,\"name\":\"Foyer au Gaz S\u00e9rie Ascent Lin\u00e9aire de Napoleon\"}]},{\"@type\":\"WebSite\",\"@id\":\"https:\/\/www.belleflamme.ca\/fr\/#website\",\"url\":\"https:\/\/www.belleflamme.ca\/fr\/\",\"name\":\"Groupe Belleflamme\",\"description\":\"La m\u00e9canique du b\u00e2timent dans le sang.\",\"publisher\":{\"@id\":\"https:\/\/www.belleflamme.ca\/fr\/#organization\"},\"potentialAction\":[{\"@type\":\"SearchAction\",\"target\":{\"@type\":\"EntryPoint\",\"urlTemplate\":\"https:\/\/www.belleflamme.ca\/fr\/?s={search_term_string}\"},\"query-input\":{\"@type\":\"PropertyValueSpecification\",\"valueRequired\":true,\"valueName\":\"search_term_string\"}}],\"inLanguage\":\"fr-FR\"},{\"@type\":[\"Organization\",\"Place\"],\"@id\":\"https:\/\/www.belleflamme.ca\/fr\/#organization\",\"name\":\"Groupe Belleflamme\",\"alternateName\":\"Belleflamme\",\"url\":\"https:\/\/www.belleflamme.ca\/fr\/\",\"logo\":{\"@type\":\"ImageObject\",\"inLanguage\":\"fr-FR\",\"@id\":\"https:\/\/www.belleflamme.ca\/fr\/#\/schema\/logo\/image\/\",\"url\":\"https:\/\/staging.belleflamme.ca\/wp-content\/uploads\/2023\/01\/og-image.jpg\",\"contentUrl\":\"https:\/\/staging.belleflamme.ca\/wp-content\/uploads\/2023\/01\/og-image.jpg\",\"width\":1200,\"height\":630,\"caption\":\"Groupe Belleflamme\"},\"image\":{\"@id\":\"https:\/\/www.belleflamme.ca\/fr\/#\/schema\/logo\/image\/\"},\"sameAs\":[\"https:\/\/www.facebook.com\/belleflamme.ca\/\",\"https:\/\/www.linkedin.com\/company\/belleflamme\/\",\"https:\/\/www.pinterest.ca\/groupebelleflamme\/\",\"https:\/\/www.instagram.com\/legroupebelleflamme\/\"],\"mainEntityOfPage\":{\"@id\":\"https:\/\/staging.belleflamme.ca\/fr\/produit\/foyer-au-gaz-serie-ascent-lineaire-de-napoleon\/\"}}]}<\/script>\n<meta property=\"product:brand\" content=\"Foyers Napoleon\" \/>\n<meta property=\"og:availability\" content=\"instock\" \/>\n<meta property=\"product:availability\" content=\"instock\" \/>\n<meta property=\"product:condition\" content=\"new\" \/>\n<!-- \/ Yoast SEO Premium plugin. -->","yoast_head_json":{"title":"Foyer au Gaz S\u00e9rie Ascent Lin\u00e9aire de Napoleon - Groupe BelleFlamme","description":"Foyer au Gaz S\u00e9rie Ascent Lin\u00e9aire de Napoleon vendu et install\u00e9 par le Groupe Belleflamme. Laval, Montr\u00e9al, Gatineau et Saint-Sauveur.","robots":{"index":"index","follow":"follow","max-snippet":"max-snippet:-1","max-image-preview":"max-image-preview:large","max-video-preview":"max-video-preview:-1"},"canonical":"https:\/\/staging.belleflamme.ca\/fr\/produit\/foyer-au-gaz-serie-ascent-lineaire-de-napoleon\/","og_locale":"fr_FR","og_type":"article","og_title":"Foyer au Gaz S\u00e9rie Ascent Lin\u00e9aire de Napoleon","og_description":"Foyer au Gaz S\u00e9rie Ascent Lin\u00e9aire de Napoleon vendu et install\u00e9 par le Groupe Belleflamme. Laval, Montr\u00e9al, Gatineau et Saint-Sauveur.","og_url":"https:\/\/staging.belleflamme.ca\/fr\/produit\/foyer-au-gaz-serie-ascent-lineaire-de-napoleon\/","og_site_name":"Groupe BelleFlamme","article_publisher":"https:\/\/www.facebook.com\/belleflamme.ca\/","article_modified_time":"2025-04-03T18:16:42+00:00","og_image":[{"width":1600,"height":700,"url":"https:\/\/www.belleflamme.ca\/wp-content\/uploads\/2024\/04\/Foyer-au-Gaz-Serie-Ascent-Lineaire-de-Napoleon.jpg","type":"image\/jpeg"}],"twitter_card":"summary_large_image","twitter_misc":{"Disponibilit\u00e9":"En stock"},"schema":{"@context":"https:\/\/schema.org","@graph":[{"@type":["WebPage","ItemPage"],"@id":"https:\/\/staging.belleflamme.ca\/fr\/produit\/foyer-au-gaz-serie-ascent-lineaire-de-napoleon\/","url":"https:\/\/staging.belleflamme.ca\/fr\/produit\/foyer-au-gaz-serie-ascent-lineaire-de-napoleon\/","name":"Foyer au Gaz S\u00e9rie Ascent Lin\u00e9aire de Napoleon - Groupe BelleFlamme","isPartOf":{"@id":"https:\/\/www.belleflamme.ca\/fr\/#website"},"primaryImageOfPage":{"@id":"https:\/\/staging.belleflamme.ca\/fr\/produit\/foyer-au-gaz-serie-ascent-lineaire-de-napoleon\/#primaryimage"},"image":{"@id":"https:\/\/staging.belleflamme.ca\/fr\/produit\/foyer-au-gaz-serie-ascent-lineaire-de-napoleon\/#primaryimage"},"thumbnailUrl":"https:\/\/staging.belleflamme.ca\/wp-content\/uploads\/2024\/04\/Foyer-au-Gaz-Serie-Ascent-Lineaire-de-Napoleon.jpg","datePublished":"2024-04-18T17:10:03+00:00","dateModified":"2025-04-03T18:16:42+00:00","description":"Foyer au Gaz S\u00e9rie Ascent Lin\u00e9aire de Napoleon vendu et install\u00e9 par le Groupe Belleflamme. Laval, Montr\u00e9al, Gatineau et Saint-Sauveur.","breadcrumb":{"@id":"https:\/\/staging.belleflamme.ca\/fr\/produit\/foyer-au-gaz-serie-ascent-lineaire-de-napoleon\/#breadcrumb"},"inLanguage":"fr-FR","potentialAction":[{"@type":"ReadAction","target":["https:\/\/staging.belleflamme.ca\/fr\/produit\/foyer-au-gaz-serie-ascent-lineaire-de-napoleon\/"]}]},{"@type":"ImageObject","inLanguage":"fr-FR","@id":"https:\/\/staging.belleflamme.ca\/fr\/produit\/foyer-au-gaz-serie-ascent-lineaire-de-napoleon\/#primaryimage","url":"https:\/\/staging.belleflamme.ca\/wp-content\/uploads\/2024\/04\/Foyer-au-Gaz-Serie-Ascent-Lineaire-de-Napoleon.jpg","contentUrl":"https:\/\/staging.belleflamme.ca\/wp-content\/uploads\/2024\/04\/Foyer-au-Gaz-Serie-Ascent-Lineaire-de-Napoleon.jpg","width":1600,"height":700,"caption":"Foyer au Gaz S\u00e9rie Ascent Lin\u00e9aire de Napoleon"},{"@type":"BreadcrumbList","@id":"https:\/\/staging.belleflamme.ca\/fr\/produit\/foyer-au-gaz-serie-ascent-lineaire-de-napoleon\/#breadcrumb","itemListElement":[{"@type":"ListItem","position":1,"name":"Accueil","item":"https:\/\/www.belleflamme.ca\/fr\/"},{"@type":"ListItem","position":2,"name":"Boutique","item":"https:\/\/www.belleflamme.ca\/fr\/boutique\/"},{"@type":"ListItem","position":3,"name":"Po\u00eales &amp; Foyers","item":"https:\/\/staging.belleflamme.ca\/fr\/categories\/poeles-et-foyers\/"},{"@type":"ListItem","position":4,"name":"Po\u00eale &amp; Foyer au Gaz","item":"https:\/\/staging.belleflamme.ca\/fr\/categories\/poeles-et-foyers\/poeles-foyer-au-gaz\/"},{"@type":"ListItem","position":5,"name":"Foyer au Gaz","item":"https:\/\/staging.belleflamme.ca\/fr\/categories\/poeles-et-foyers\/poeles-foyer-au-gaz\/foyer-au-gaz\/"},{"@type":"ListItem","position":6,"name":"Foyer au Gaz S\u00e9rie Ascent Lin\u00e9aire de Napoleon"}]},{"@type":"WebSite","@id":"https:\/\/www.belleflamme.ca\/fr\/#website","url":"https:\/\/www.belleflamme.ca\/fr\/","name":"Groupe Belleflamme","description":"La m\u00e9canique du b\u00e2timent dans le sang.","publisher":{"@id":"https:\/\/www.belleflamme.ca\/fr\/#organization"},"potentialAction":[{"@type":"SearchAction","target":{"@type":"EntryPoint","urlTemplate":"https:\/\/www.belleflamme.ca\/fr\/?s={search_term_string}"},"query-input":{"@type":"PropertyValueSpecification","valueRequired":true,"valueName":"search_term_string"}}],"inLanguage":"fr-FR"},{"@type":["Organization","Place"],"@id":"https:\/\/www.belleflamme.ca\/fr\/#organization","name":"Groupe Belleflamme","alternateName":"Belleflamme","url":"https:\/\/www.belleflamme.ca\/fr\/","logo":{"@type":"ImageObject","inLanguage":"fr-FR","@id":"https:\/\/www.belleflamme.ca\/fr\/#\/schema\/logo\/image\/","url":"https:\/\/staging.belleflamme.ca\/wp-content\/uploads\/2023\/01\/og-image.jpg","contentUrl":"https:\/\/staging.belleflamme.ca\/wp-content\/uploads\/2023\/01\/og-image.jpg","width":1200,"height":630,"caption":"Groupe Belleflamme"},"image":{"@id":"https:\/\/www.belleflamme.ca\/fr\/#\/schema\/logo\/image\/"},"sameAs":["https:\/\/www.facebook.com\/belleflamme.ca\/","https:\/\/www.linkedin.com\/company\/belleflamme\/","https:\/\/www.pinterest.ca\/groupebelleflamme\/","https:\/\/www.instagram.com\/legroupebelleflamme\/"],"mainEntityOfPage":{"@id":"https:\/\/staging.belleflamme.ca\/fr\/produit\/foyer-au-gaz-serie-ascent-lineaire-de-napoleon\/"}}]},"product_brand":"Foyers Napoleon","og_availability":"instock","product_availability":"instock","product_condition":"new"},"_links":{"self":[{"href":"https:\/\/staging.belleflamme.ca\/fr\/wp-json\/wp\/v2\/product\/34262","targetHints":{"allow":["GET"]}}],"collection":[{"href":"https:\/\/staging.belleflamme.ca\/fr\/wp-json\/wp\/v2\/product"}],"about":[{"href":"https:\/\/staging.belleflamme.ca\/fr\/wp-json\/wp\/v2\/types\/product"}],"version-history":[{"count":11,"href":"https:\/\/staging.belleflamme.ca\/fr\/wp-json\/wp\/v2\/product\/34262\/revisions"}],"predecessor-version":[{"id":43205,"href":"https:\/\/staging.belleflamme.ca\/fr\/wp-json\/wp\/v2\/product\/34262\/revisions\/43205"}],"wp:featuredmedia":[{"embeddable":true,"href":"https:\/\/staging.belleflamme.ca\/fr\/wp-json\/wp\/v2\/media\/34263"}],"wp:attachment":[{"href":"https:\/\/staging.belleflamme.ca\/fr\/wp-json\/wp\/v2\/media?parent=34262"}],"wp:term":[{"taxonomy":"product_brand","embeddable":true,"href":"https:\/\/staging.belleflamme.ca\/fr\/wp-json\/wp\/v2\/product_brand?post=34262"},{"taxonomy":"product_cat","embeddable":true,"href":"https:\/\/staging.belleflamme.ca\/fr\/wp-json\/wp\/v2\/product_cat?post=34262"},{"taxonomy":"product_tag","embeddable":true,"href":"https:\/\/staging.belleflamme.ca\/fr\/wp-json\/wp\/v2\/product_tag?post=34262"}],"curies":[{"name":"wp","href":"https:\/\/api.w.org\/{rel}","templated":true}]}}