{"id":34178,"date":"2024-04-18T12:02:39","date_gmt":"2024-04-18T16:02:39","guid":{"rendered":"https:\/\/www.belleflamme.ca\/?post_type=product&#038;p=34178"},"modified":"2025-04-03T12:37:41","modified_gmt":"2025-04-03T16:37:41","slug":"foyer-au-gaz-serie-vector-de-napoleon","status":"publish","type":"product","link":"https:\/\/staging.belleflamme.ca\/fr\/produit\/foyer-au-gaz-serie-vector-de-napoleon\/","title":{"rendered":"Foyer au Gaz S\u00e9rie Vector de Napoleon"},"content":{"rendered":"\t\t<div data-elementor-type=\"product-post\" data-elementor-id=\"34178\" class=\"elementor elementor-34178\" data-elementor-post-type=\"product\">\n\t\t\t\t\t\t<section class=\"elementor-section elementor-top-section elementor-element elementor-element-76297ae8 elementor-section-boxed elementor-section-height-default elementor-section-height-default\" data-id=\"76297ae8\" data-element_type=\"section\">\n\t\t\t\t\t\t<div class=\"elementor-container elementor-column-gap-default\">\n\t\t\t\t\t<div class=\"elementor-column elementor-col-100 elementor-top-column elementor-element elementor-element-31a36956\" data-id=\"31a36956\" data-element_type=\"column\">\n\t\t\t<div class=\"elementor-widget-wrap elementor-element-populated\">\n\t\t\t\t\t\t<div class=\"elementor-element elementor-element-4fde2884 elementor-widget elementor-widget-text-editor\" data-id=\"4fde2884\" data-element_type=\"widget\" data-widget_type=\"text-editor.default\">\n\t\t\t\t<div class=\"elementor-widget-container\">\n\t\t\t\t\t\t\t\t\t<p><iframe title=\"YouTube video player\" src=\"https:\/\/www.youtube.com\/embed\/WfKYCqwG76E?si=8JHBWisL8QYkZmv8\" width=\"560\" height=\"315\" frameborder=\"0\" allowfullscreen=\"allowfullscreen\"><\/iframe><\/p><section class=\"series-overview-description\"><div class=\"inner-wrapper\"><div class=\"clearfix text-formatted field field--name-field-description field--type-text-long field--label-hidden field__item\"><p>Pour les personnes qui d\u00e9sirent int\u00e9grer un \u00e9l\u00e9ment distinct \u00e0 leur maison, la s\u00e9rie de foyers lin\u00e9aires au gaz Vector\u1d39\u1d30 de Napol\u00e9on est le compl\u00e9ment parfait dans toutes les pi\u00e8ces. Personnalisez votre foyer gr\u00e2ce \u00e0 notre s\u00e9lection de fa\u00e7ades d\u00e9coratives afin de l&#8217;harmoniser \u00e0 votre d\u00e9cor actuel. Il est possible d\u2019agencer les foyers de la s\u00e9rie Vector\u1d39\u1d30 \u00e0 n\u2019importe quel style; les dizaines d\u2019ensembles d\u00e9coratifs offerts permettent une infinit\u00e9 de possibilit\u00e9s.<\/p><\/div><\/div><\/section><div class=\"specs-and-features\"><section id=\"overview\" class=\"series-detail-wrapper\"><div class=\"specification tab-item tab-on\"><h3>SP\u00c9CIFICATION<\/h3><div class=\"fuel-type\"><p>Type de combustible\u00a0:<\/p><div class=\"field field--name-field-fuel-types field--type-entity-reference field--label-hidden field__item\">Gaz<\/div><\/div><div class=\"view-type\"><p>Type de vue:<\/p><div class=\"field field--name-field-view-type field--type-entity-reference field--label-hidden field__items\"><div class=\"field__item\">Binaire<\/div><div class=\"field__item\">Face unique<\/div><\/div><\/div><div class=\"available-size\"><p>Mod\u00e8les disponibles :<\/p><div class=\"field field--name-field-size-select field--type-entity-reference field--label-hidden field__items\">38, 50, 62, 74 &amp; Transparent<\/div><\/div><div class=\"field field--name-field-sizes-image field--type-entity-reference field--label-hidden field__item\"><article class=\"media media--type-image media--view-mode-default\" data-id=\"39136\"><div class=\"blazy blazy--field blazy--field-media-image blazy--field-media-image--default field field--name-field-media-image field--type-image field--label-visually_hidden is-blazy\" data-blazy=\"\" data-once=\"blazy\"><div class=\"field__label visually-hidden\">Image<\/div><div class=\"field__item\"><div class=\"media media--blazy media--image is-b-loaded\" data-b-token=\"b-119f24d3eec\"><img fetchpriority=\"high\" decoding=\"async\" class=\"media__element b-lazy b-loaded\" src=\"https:\/\/www.napoleon.com\/sites\/default\/files\/images\/2020-07\/series-size-chart-vector.png\" alt=\"Vector Sizes Chart\" width=\"718\" height=\"262\" \/><\/div><\/div><\/div><\/article><\/div><\/div><div class=\"key-series-features tab-item\"><h3>CARACT\u00c9RISTIQUES CL\u00c9S DE LA S\u00c9RIE<\/h3><div class=\"clearfix text-formatted field field--name-field-product-series-features field--type-text-long field--label-hidden field__item\"><ul><li>Jusqu&#8217;\u00e0 48 000 BTU<\/li><li>Application eFIRE Bluetooth incluse<\/li><li>Syst\u00e8me d&#8217;\u00e9clairage de veille<\/li><li>Panneaux r\u00e9flecteurs radiants en porcelaine MIRO-FLAMME\u1d39\u1d30<\/li><li>Lit de braises avec lumi\u00e8res \u00e0 DEL multicolores<\/li><li>Motif de flammes Divinity\u1d39\u1d30<\/li><li>Allumage \u00e9lectronique<\/li><\/ul><p>CARACT\u00c9RISTIQUES SP\u00c9CIALES<\/p><div class=\"field field--name-field-title field--type-string field--label-hidden field__item\"><strong>Gestion de la chaleur d&#8217;un foyer<\/strong><\/div><div class=\"field field--name-field-tagline field--type-string field--label-hidden field__item\">Vous contr\u00f4lez la chaleur<\/div><div class=\"clearfix text-formatted field field--name-body field--type-text-with-summary field--label-hidden field__item\"><p>Les syst\u00e8mes de gestion de chaleur de Napol\u00e9on vous permettent d\u2019installer votre t\u00e9l\u00e9viseur, vos objets d\u2019art et vos appareils \u00e9lectroniques plus pr\u00e8s de votre foyer. \u00a0La gestion de la chaleur permet de diriger la chaleur exactement l\u00e0 o\u00f9 elle est n\u00e9cessaire, ce qui n&#8217;est pas forc\u00e9ment devant le foyer.<\/p><div class=\"field field--name-field-title field--type-string field--label-hidden field__item\"><strong>Contr\u00f4leur eFire Bluetooth<\/strong><\/div><div class=\"field field--name-field-tagline field--type-string field--label-hidden field__item\">Contr\u00f4lez le foyer depuis votre appareil mobile<\/div><div class=\"clearfix text-formatted field field--name-body field--type-text-with-summary field--label-hidden field__item\"><p>Nous vous pr\u00e9sentons les tout premiers foyers pouvant \u00eatre r\u00e9gl\u00e9s gr\u00e2ce \u00e0 la technologie Bluetooth, \u00e0 l\u2019aide d\u2019une application sur votre appareil mobile.<\/p><p>\u00a0<\/p><\/div><\/div><\/div><\/div><\/section><\/div>\t\t\t\t\t\t\t\t<\/div>\n\t\t\t\t<\/div>\n\t\t\t\t\t<\/div>\n\t\t<\/div>\n\t\t\t\t\t<\/div>\n\t\t<\/section>\n\t\t\t\t<section class=\"elementor-section elementor-top-section elementor-element elementor-element-03f7a9f elementor-section-boxed elementor-section-height-default elementor-section-height-default\" data-id=\"03f7a9f\" data-element_type=\"section\">\n\t\t\t\t\t\t<div class=\"elementor-container elementor-column-gap-default\">\n\t\t\t\t\t<div class=\"elementor-column elementor-col-100 elementor-top-column elementor-element elementor-element-9de9e4f\" data-id=\"9de9e4f\" data-element_type=\"column\">\n\t\t\t<div class=\"elementor-widget-wrap elementor-element-populated\">\n\t\t\t\t\t\t<div class=\"elementor-element elementor-element-927a15d elementor-tabs-view-horizontal elementor-widget elementor-widget-tabs\" data-id=\"927a15d\" data-element_type=\"widget\" data-widget_type=\"tabs.default\">\n\t\t\t\t<div class=\"elementor-widget-container\">\n\t\t\t\t\t\t\t<div class=\"elementor-tabs\">\n\t\t\t<div class=\"elementor-tabs-wrapper\" role=\"tablist\" >\n\t\t\t\t\t\t\t\t\t<div id=\"elementor-tab-title-1531\" class=\"elementor-tab-title elementor-tab-desktop-title\" aria-selected=\"true\" data-tab=\"1\" role=\"tab\" tabindex=\"0\" aria-controls=\"elementor-tab-content-1531\" aria-expanded=\"false\">Fichiers<\/div>\n\t\t\t\t\t\t\t<\/div>\n\t\t\t<div class=\"elementor-tabs-content-wrapper\" role=\"tablist\" aria-orientation=\"vertical\">\n\t\t\t\t\t\t\t\t\t<div class=\"elementor-tab-title elementor-tab-mobile-title\" aria-selected=\"true\" data-tab=\"1\" role=\"tab\" tabindex=\"0\" aria-controls=\"elementor-tab-content-1531\" aria-expanded=\"false\">Fichiers<\/div>\n\t\t\t\t\t<div id=\"elementor-tab-content-1531\" class=\"elementor-tab-content elementor-clearfix\" data-tab=\"1\" role=\"tabpanel\" aria-labelledby=\"elementor-tab-title-1531\" tabindex=\"0\" hidden=\"false\"><i class=\"far fa-file-pdf fa-xl\" style=\"font-size:35px\"><\/i><a href=\"https:\/\/www.belleflamme.ca\/wp-content\/uploads\/2024\/04\/rlcbiniifxy1cpuu2bft-1.pdf\"> Brochure<\/a><\/br>\n<i class=\"far fa-file-pdf fa-xl\" style=\"font-size:35px\"><\/i><a href=\"https:\/\/www.belleflamme.ca\/wp-content\/uploads\/2024\/04\/Vector-Series-Installation-Manual.pdf\"> Installation<\/a><\/br>\n<i class=\"far fa-file-pdf fa-xl\" style=\"font-size:35px\"><\/i><a href=\"https:\/\/www.belleflamme.ca\/wp-content\/uploads\/2024\/04\/Vector-Luxuria-Series-Owner-s-Manual-1.pdf\"> Manuel<\/a><\/br>\n<i class=\"far fa-file-pdf fa-xl\" style=\"font-size:35px\"><\/i><a href=\"https:\/\/www.belleflamme.ca\/wp-content\/uploads\/2024\/04\/LV38-1_Specification_Sheet.pdf\"> Sp\u00e9cifications 38<\/a><\/br>\n<i class=\"far fa-file-pdf fa-xl\" style=\"font-size:35px\"><\/i><a href=\"https:\/\/www.belleflamme.ca\/wp-content\/uploads\/2024\/04\/Vector-_50_Specification_Sheet.pdf\"> Sp\u00e9cifications 50<\/a><\/br>\n<i class=\"far fa-file-pdf fa-xl\" style=\"font-size:35px\"><\/i><a href=\"https:\/\/www.belleflamme.ca\/wp-content\/uploads\/2024\/04\/Vector-_62_Specification_Sheet.pdf\"> Sp\u00e9cifications 62<\/a><\/br>\n<i class=\"far fa-file-pdf fa-xl\" style=\"font-size:35px\"><\/i><a href=\"https:\/\/www.belleflamme.ca\/wp-content\/uploads\/2024\/04\/Vector-_74_Specification_Sheet.pdf\"> Sp\u00e9cifications 74<\/a><\/br><\/div>\n\t\t\t\t\t\t\t<\/div>\n\t\t<\/div>\n\t\t\t\t\t\t<\/div>\n\t\t\t\t<\/div>\n\t\t\t\t\t<\/div>\n\t\t<\/div>\n\t\t\t\t\t<\/div>\n\t\t<\/section>\n\t\t\t\t<\/div>\n\t\t","protected":false},"excerpt":{"rendered":"<p>Pour les personnes qui d\u00e9sirent int\u00e9grer un \u00e9l\u00e9ment distinct \u00e0 leur maison, la s\u00e9rie de foyers lin\u00e9aires au gaz Vector\u1d39\u1d30 de Napol\u00e9on est le compl\u00e9ment parfait dans toutes les pi\u00e8ces. Personnalisez votre foyer gr\u00e2ce \u00e0 notre s\u00e9lection de fa\u00e7ades d\u00e9coratives afin de l&#8217;harmoniser \u00e0 votre d\u00e9cor actuel. Il est possible d\u2019agencer les foyers de la [&hellip;]<\/p>\n","protected":false},"featured_media":34179,"template":"","meta":{"inline_featured_image":false},"product_brand":[1314],"product_cat":[33,35,37],"product_tag":[],"class_list":{"0":"post-34178","1":"product","2":"type-product","3":"status-publish","4":"has-post-thumbnail","6":"product_brand-foyers-napoleon","7":"product_cat-poeles-et-foyers","8":"product_cat-poeles-foyer-au-gaz","9":"product_cat-foyer-au-gaz","11":"first","12":"instock","13":"taxable","14":"shipping-taxable","15":"purchasable","16":"product-type-variable"},"yoast_head":"<!-- This site is optimized with the Yoast SEO Premium plugin v24.2 (Yoast SEO v24.2) - https:\/\/yoast.com\/wordpress\/plugins\/seo\/ -->\n<title>Foyer au Gaz S\u00e9rie Vector de Napoleon - Groupe BelleFlamme<\/title>\n<meta name=\"description\" content=\"Foyer au Gaz S\u00e9rie Vector de Napoleon vendu et install\u00e9 par le Groupe Belleflamme. Laval, Montr\u00e9al, Gatineau et Saint-Sauveur\" \/>\n<meta name=\"robots\" content=\"index, follow, max-snippet:-1, max-image-preview:large, max-video-preview:-1\" \/>\n<link rel=\"canonical\" href=\"https:\/\/staging.belleflamme.ca\/fr\/produit\/foyer-au-gaz-serie-vector-de-napoleon\/\" \/>\n<meta property=\"og:locale\" content=\"fr_FR\" \/>\n<meta property=\"og:type\" content=\"article\" \/>\n<meta property=\"og:title\" content=\"Foyer au Gaz S\u00e9rie Vector de Napoleon\" \/>\n<meta property=\"og:description\" content=\"Foyer au Gaz S\u00e9rie Vector de Napoleon vendu et install\u00e9 par le Groupe Belleflamme. Laval, Montr\u00e9al, Gatineau et Saint-Sauveur\" \/>\n<meta property=\"og:url\" content=\"https:\/\/staging.belleflamme.ca\/fr\/produit\/foyer-au-gaz-serie-vector-de-napoleon\/\" \/>\n<meta property=\"og:site_name\" content=\"Groupe BelleFlamme\" \/>\n<meta property=\"article:publisher\" content=\"https:\/\/www.facebook.com\/belleflamme.ca\/\" \/>\n<meta property=\"article:modified_time\" content=\"2025-04-03T16:37:41+00:00\" \/>\n<meta property=\"og:image\" content=\"https:\/\/www.belleflamme.ca\/wp-content\/uploads\/2024\/04\/Foyer-au-Gaz-Serie-Vector-de-Napoleon.jpg\" \/>\n\t<meta property=\"og:image:width\" content=\"1600\" \/>\n\t<meta property=\"og:image:height\" content=\"700\" \/>\n\t<meta property=\"og:image:type\" content=\"image\/jpeg\" \/>\n<meta name=\"twitter:card\" content=\"summary_large_image\" \/>\n<meta name=\"twitter:label1\" content=\"Disponibilit\u00e9\" \/>\n\t<meta name=\"twitter:data1\" content=\"En stock\" \/>\n<script type=\"application\/ld+json\" class=\"yoast-schema-graph\">{\"@context\":\"https:\/\/schema.org\",\"@graph\":[{\"@type\":[\"WebPage\",\"ItemPage\"],\"@id\":\"https:\/\/staging.belleflamme.ca\/fr\/produit\/foyer-au-gaz-serie-vector-de-napoleon\/\",\"url\":\"https:\/\/staging.belleflamme.ca\/fr\/produit\/foyer-au-gaz-serie-vector-de-napoleon\/\",\"name\":\"Foyer au Gaz S\u00e9rie Vector de Napoleon - Groupe BelleFlamme\",\"isPartOf\":{\"@id\":\"https:\/\/www.belleflamme.ca\/fr\/#website\"},\"primaryImageOfPage\":{\"@id\":\"https:\/\/staging.belleflamme.ca\/fr\/produit\/foyer-au-gaz-serie-vector-de-napoleon\/#primaryimage\"},\"image\":{\"@id\":\"https:\/\/staging.belleflamme.ca\/fr\/produit\/foyer-au-gaz-serie-vector-de-napoleon\/#primaryimage\"},\"thumbnailUrl\":\"https:\/\/staging.belleflamme.ca\/wp-content\/uploads\/2024\/04\/Foyer-au-Gaz-Serie-Vector-de-Napoleon.jpg\",\"datePublished\":\"2024-04-18T16:02:39+00:00\",\"dateModified\":\"2025-04-03T16:37:41+00:00\",\"description\":\"Foyer au Gaz S\u00e9rie Vector de Napoleon vendu et install\u00e9 par le Groupe Belleflamme. Laval, Montr\u00e9al, Gatineau et Saint-Sauveur\",\"breadcrumb\":{\"@id\":\"https:\/\/staging.belleflamme.ca\/fr\/produit\/foyer-au-gaz-serie-vector-de-napoleon\/#breadcrumb\"},\"inLanguage\":\"fr-FR\",\"potentialAction\":[{\"@type\":\"ReadAction\",\"target\":[\"https:\/\/staging.belleflamme.ca\/fr\/produit\/foyer-au-gaz-serie-vector-de-napoleon\/\"]}]},{\"@type\":\"ImageObject\",\"inLanguage\":\"fr-FR\",\"@id\":\"https:\/\/staging.belleflamme.ca\/fr\/produit\/foyer-au-gaz-serie-vector-de-napoleon\/#primaryimage\",\"url\":\"https:\/\/staging.belleflamme.ca\/wp-content\/uploads\/2024\/04\/Foyer-au-Gaz-Serie-Vector-de-Napoleon.jpg\",\"contentUrl\":\"https:\/\/staging.belleflamme.ca\/wp-content\/uploads\/2024\/04\/Foyer-au-Gaz-Serie-Vector-de-Napoleon.jpg\",\"width\":1600,\"height\":700,\"caption\":\"Foyer au Gaz S\u00e9rie Vector de Napoleon\"},{\"@type\":\"BreadcrumbList\",\"@id\":\"https:\/\/staging.belleflamme.ca\/fr\/produit\/foyer-au-gaz-serie-vector-de-napoleon\/#breadcrumb\",\"itemListElement\":[{\"@type\":\"ListItem\",\"position\":1,\"name\":\"Accueil\",\"item\":\"https:\/\/www.belleflamme.ca\/fr\/\"},{\"@type\":\"ListItem\",\"position\":2,\"name\":\"Boutique\",\"item\":\"https:\/\/www.belleflamme.ca\/fr\/boutique\/\"},{\"@type\":\"ListItem\",\"position\":3,\"name\":\"Po\u00eales &amp; Foyers\",\"item\":\"https:\/\/staging.belleflamme.ca\/fr\/categories\/poeles-et-foyers\/\"},{\"@type\":\"ListItem\",\"position\":4,\"name\":\"Po\u00eale &amp; Foyer au Gaz\",\"item\":\"https:\/\/staging.belleflamme.ca\/fr\/categories\/poeles-et-foyers\/poeles-foyer-au-gaz\/\"},{\"@type\":\"ListItem\",\"position\":5,\"name\":\"Foyer au Gaz\",\"item\":\"https:\/\/staging.belleflamme.ca\/fr\/categories\/poeles-et-foyers\/poeles-foyer-au-gaz\/foyer-au-gaz\/\"},{\"@type\":\"ListItem\",\"position\":6,\"name\":\"Foyer au Gaz S\u00e9rie Vector de Napoleon\"}]},{\"@type\":\"WebSite\",\"@id\":\"https:\/\/www.belleflamme.ca\/fr\/#website\",\"url\":\"https:\/\/www.belleflamme.ca\/fr\/\",\"name\":\"Groupe Belleflamme\",\"description\":\"La m\u00e9canique du b\u00e2timent dans le sang.\",\"publisher\":{\"@id\":\"https:\/\/www.belleflamme.ca\/fr\/#organization\"},\"potentialAction\":[{\"@type\":\"SearchAction\",\"target\":{\"@type\":\"EntryPoint\",\"urlTemplate\":\"https:\/\/www.belleflamme.ca\/fr\/?s={search_term_string}\"},\"query-input\":{\"@type\":\"PropertyValueSpecification\",\"valueRequired\":true,\"valueName\":\"search_term_string\"}}],\"inLanguage\":\"fr-FR\"},{\"@type\":[\"Organization\",\"Place\"],\"@id\":\"https:\/\/www.belleflamme.ca\/fr\/#organization\",\"name\":\"Groupe Belleflamme\",\"alternateName\":\"Belleflamme\",\"url\":\"https:\/\/www.belleflamme.ca\/fr\/\",\"logo\":{\"@type\":\"ImageObject\",\"inLanguage\":\"fr-FR\",\"@id\":\"https:\/\/www.belleflamme.ca\/fr\/#\/schema\/logo\/image\/\",\"url\":\"https:\/\/staging.belleflamme.ca\/wp-content\/uploads\/2023\/01\/og-image.jpg\",\"contentUrl\":\"https:\/\/staging.belleflamme.ca\/wp-content\/uploads\/2023\/01\/og-image.jpg\",\"width\":1200,\"height\":630,\"caption\":\"Groupe Belleflamme\"},\"image\":{\"@id\":\"https:\/\/www.belleflamme.ca\/fr\/#\/schema\/logo\/image\/\"},\"sameAs\":[\"https:\/\/www.facebook.com\/belleflamme.ca\/\",\"https:\/\/www.linkedin.com\/company\/belleflamme\/\",\"https:\/\/www.pinterest.ca\/groupebelleflamme\/\",\"https:\/\/www.instagram.com\/legroupebelleflamme\/\"],\"mainEntityOfPage\":{\"@id\":\"https:\/\/staging.belleflamme.ca\/fr\/produit\/foyer-au-gaz-serie-vector-de-napoleon\/\"}}]}<\/script>\n<meta property=\"product:brand\" content=\"Foyers Napoleon\" \/>\n<meta property=\"og:availability\" content=\"instock\" \/>\n<meta property=\"product:availability\" content=\"instock\" \/>\n<meta property=\"product:condition\" content=\"new\" \/>\n<!-- \/ Yoast SEO Premium plugin. -->","yoast_head_json":{"title":"Foyer au Gaz S\u00e9rie Vector de Napoleon - Groupe BelleFlamme","description":"Foyer au Gaz S\u00e9rie Vector de Napoleon vendu et install\u00e9 par le Groupe Belleflamme. Laval, Montr\u00e9al, Gatineau et Saint-Sauveur","robots":{"index":"index","follow":"follow","max-snippet":"max-snippet:-1","max-image-preview":"max-image-preview:large","max-video-preview":"max-video-preview:-1"},"canonical":"https:\/\/staging.belleflamme.ca\/fr\/produit\/foyer-au-gaz-serie-vector-de-napoleon\/","og_locale":"fr_FR","og_type":"article","og_title":"Foyer au Gaz S\u00e9rie Vector de Napoleon","og_description":"Foyer au Gaz S\u00e9rie Vector de Napoleon vendu et install\u00e9 par le Groupe Belleflamme. Laval, Montr\u00e9al, Gatineau et Saint-Sauveur","og_url":"https:\/\/staging.belleflamme.ca\/fr\/produit\/foyer-au-gaz-serie-vector-de-napoleon\/","og_site_name":"Groupe BelleFlamme","article_publisher":"https:\/\/www.facebook.com\/belleflamme.ca\/","article_modified_time":"2025-04-03T16:37:41+00:00","og_image":[{"width":1600,"height":700,"url":"https:\/\/www.belleflamme.ca\/wp-content\/uploads\/2024\/04\/Foyer-au-Gaz-Serie-Vector-de-Napoleon.jpg","type":"image\/jpeg"}],"twitter_card":"summary_large_image","twitter_misc":{"Disponibilit\u00e9":"En stock"},"schema":{"@context":"https:\/\/schema.org","@graph":[{"@type":["WebPage","ItemPage"],"@id":"https:\/\/staging.belleflamme.ca\/fr\/produit\/foyer-au-gaz-serie-vector-de-napoleon\/","url":"https:\/\/staging.belleflamme.ca\/fr\/produit\/foyer-au-gaz-serie-vector-de-napoleon\/","name":"Foyer au Gaz S\u00e9rie Vector de Napoleon - Groupe BelleFlamme","isPartOf":{"@id":"https:\/\/www.belleflamme.ca\/fr\/#website"},"primaryImageOfPage":{"@id":"https:\/\/staging.belleflamme.ca\/fr\/produit\/foyer-au-gaz-serie-vector-de-napoleon\/#primaryimage"},"image":{"@id":"https:\/\/staging.belleflamme.ca\/fr\/produit\/foyer-au-gaz-serie-vector-de-napoleon\/#primaryimage"},"thumbnailUrl":"https:\/\/staging.belleflamme.ca\/wp-content\/uploads\/2024\/04\/Foyer-au-Gaz-Serie-Vector-de-Napoleon.jpg","datePublished":"2024-04-18T16:02:39+00:00","dateModified":"2025-04-03T16:37:41+00:00","description":"Foyer au Gaz S\u00e9rie Vector de Napoleon vendu et install\u00e9 par le Groupe Belleflamme. Laval, Montr\u00e9al, Gatineau et Saint-Sauveur","breadcrumb":{"@id":"https:\/\/staging.belleflamme.ca\/fr\/produit\/foyer-au-gaz-serie-vector-de-napoleon\/#breadcrumb"},"inLanguage":"fr-FR","potentialAction":[{"@type":"ReadAction","target":["https:\/\/staging.belleflamme.ca\/fr\/produit\/foyer-au-gaz-serie-vector-de-napoleon\/"]}]},{"@type":"ImageObject","inLanguage":"fr-FR","@id":"https:\/\/staging.belleflamme.ca\/fr\/produit\/foyer-au-gaz-serie-vector-de-napoleon\/#primaryimage","url":"https:\/\/staging.belleflamme.ca\/wp-content\/uploads\/2024\/04\/Foyer-au-Gaz-Serie-Vector-de-Napoleon.jpg","contentUrl":"https:\/\/staging.belleflamme.ca\/wp-content\/uploads\/2024\/04\/Foyer-au-Gaz-Serie-Vector-de-Napoleon.jpg","width":1600,"height":700,"caption":"Foyer au Gaz S\u00e9rie Vector de Napoleon"},{"@type":"BreadcrumbList","@id":"https:\/\/staging.belleflamme.ca\/fr\/produit\/foyer-au-gaz-serie-vector-de-napoleon\/#breadcrumb","itemListElement":[{"@type":"ListItem","position":1,"name":"Accueil","item":"https:\/\/www.belleflamme.ca\/fr\/"},{"@type":"ListItem","position":2,"name":"Boutique","item":"https:\/\/www.belleflamme.ca\/fr\/boutique\/"},{"@type":"ListItem","position":3,"name":"Po\u00eales &amp; Foyers","item":"https:\/\/staging.belleflamme.ca\/fr\/categories\/poeles-et-foyers\/"},{"@type":"ListItem","position":4,"name":"Po\u00eale &amp; Foyer au Gaz","item":"https:\/\/staging.belleflamme.ca\/fr\/categories\/poeles-et-foyers\/poeles-foyer-au-gaz\/"},{"@type":"ListItem","position":5,"name":"Foyer au Gaz","item":"https:\/\/staging.belleflamme.ca\/fr\/categories\/poeles-et-foyers\/poeles-foyer-au-gaz\/foyer-au-gaz\/"},{"@type":"ListItem","position":6,"name":"Foyer au Gaz S\u00e9rie Vector de Napoleon"}]},{"@type":"WebSite","@id":"https:\/\/www.belleflamme.ca\/fr\/#website","url":"https:\/\/www.belleflamme.ca\/fr\/","name":"Groupe Belleflamme","description":"La m\u00e9canique du b\u00e2timent dans le sang.","publisher":{"@id":"https:\/\/www.belleflamme.ca\/fr\/#organization"},"potentialAction":[{"@type":"SearchAction","target":{"@type":"EntryPoint","urlTemplate":"https:\/\/www.belleflamme.ca\/fr\/?s={search_term_string}"},"query-input":{"@type":"PropertyValueSpecification","valueRequired":true,"valueName":"search_term_string"}}],"inLanguage":"fr-FR"},{"@type":["Organization","Place"],"@id":"https:\/\/www.belleflamme.ca\/fr\/#organization","name":"Groupe Belleflamme","alternateName":"Belleflamme","url":"https:\/\/www.belleflamme.ca\/fr\/","logo":{"@type":"ImageObject","inLanguage":"fr-FR","@id":"https:\/\/www.belleflamme.ca\/fr\/#\/schema\/logo\/image\/","url":"https:\/\/staging.belleflamme.ca\/wp-content\/uploads\/2023\/01\/og-image.jpg","contentUrl":"https:\/\/staging.belleflamme.ca\/wp-content\/uploads\/2023\/01\/og-image.jpg","width":1200,"height":630,"caption":"Groupe Belleflamme"},"image":{"@id":"https:\/\/www.belleflamme.ca\/fr\/#\/schema\/logo\/image\/"},"sameAs":["https:\/\/www.facebook.com\/belleflamme.ca\/","https:\/\/www.linkedin.com\/company\/belleflamme\/","https:\/\/www.pinterest.ca\/groupebelleflamme\/","https:\/\/www.instagram.com\/legroupebelleflamme\/"],"mainEntityOfPage":{"@id":"https:\/\/staging.belleflamme.ca\/fr\/produit\/foyer-au-gaz-serie-vector-de-napoleon\/"}}]},"product_brand":"Foyers Napoleon","og_availability":"instock","product_availability":"instock","product_condition":"new"},"_links":{"self":[{"href":"https:\/\/staging.belleflamme.ca\/fr\/wp-json\/wp\/v2\/product\/34178","targetHints":{"allow":["GET"]}}],"collection":[{"href":"https:\/\/staging.belleflamme.ca\/fr\/wp-json\/wp\/v2\/product"}],"about":[{"href":"https:\/\/staging.belleflamme.ca\/fr\/wp-json\/wp\/v2\/types\/product"}],"version-history":[{"count":6,"href":"https:\/\/staging.belleflamme.ca\/fr\/wp-json\/wp\/v2\/product\/34178\/revisions"}],"predecessor-version":[{"id":43214,"href":"https:\/\/staging.belleflamme.ca\/fr\/wp-json\/wp\/v2\/product\/34178\/revisions\/43214"}],"wp:featuredmedia":[{"embeddable":true,"href":"https:\/\/staging.belleflamme.ca\/fr\/wp-json\/wp\/v2\/media\/34179"}],"wp:attachment":[{"href":"https:\/\/staging.belleflamme.ca\/fr\/wp-json\/wp\/v2\/media?parent=34178"}],"wp:term":[{"taxonomy":"product_brand","embeddable":true,"href":"https:\/\/staging.belleflamme.ca\/fr\/wp-json\/wp\/v2\/product_brand?post=34178"},{"taxonomy":"product_cat","embeddable":true,"href":"https:\/\/staging.belleflamme.ca\/fr\/wp-json\/wp\/v2\/product_cat?post=34178"},{"taxonomy":"product_tag","embeddable":true,"href":"https:\/\/staging.belleflamme.ca\/fr\/wp-json\/wp\/v2\/product_tag?post=34178"}],"curies":[{"name":"wp","href":"https:\/\/api.w.org\/{rel}","templated":true}]}}