{"id":33937,"date":"2024-04-17T14:36:43","date_gmt":"2024-04-17T18:36:43","guid":{"rendered":"https:\/\/www.belleflamme.ca\/?post_type=product&#038;p=33937"},"modified":"2025-03-31T07:02:00","modified_gmt":"2025-03-31T11:02:00","slug":"foyer-au-bois-encastrable-expedition-i-de-quadra-fire","status":"publish","type":"product","link":"https:\/\/staging.belleflamme.ca\/fr\/produit\/foyer-au-bois-encastrable-expedition-i-de-quadra-fire\/","title":{"rendered":"Foyer au Bois Encastrable Expedition I de Quadra-Fire"},"content":{"rendered":"\t\t<div data-elementor-type=\"product-post\" data-elementor-id=\"33937\" class=\"elementor elementor-33937\" data-elementor-post-type=\"product\">\n\t\t\t\t\t\t<section class=\"elementor-section elementor-top-section elementor-element elementor-element-69d40f04 elementor-section-boxed elementor-section-height-default elementor-section-height-default\" data-id=\"69d40f04\" data-element_type=\"section\">\n\t\t\t\t\t\t<div class=\"elementor-container elementor-column-gap-default\">\n\t\t\t\t\t<div class=\"elementor-column elementor-col-100 elementor-top-column elementor-element elementor-element-231160a6\" data-id=\"231160a6\" data-element_type=\"column\">\n\t\t\t<div class=\"elementor-widget-wrap elementor-element-populated\">\n\t\t\t\t\t\t<div class=\"elementor-element elementor-element-57b3e4dd elementor-widget elementor-widget-text-editor\" data-id=\"57b3e4dd\" data-element_type=\"widget\" data-widget_type=\"text-editor.default\">\n\t\t\t\t<div class=\"elementor-widget-container\">\n\t\t\t\t\t\t\t\t\t<p><iframe title=\"YouTube video player\" src=\"https:\/\/www.youtube.com\/embed\/cTlx1xhio1w?si=AUfxcrFDjgO4rq6c\" width=\"560\" height=\"315\" frameborder=\"0\" allowfullscreen=\"allowfullscreen\"><\/iframe><\/p><p>Une grande chaleur arrive dans les petits espaces gr\u00e2ce \u00e0 l\u2019insert \u00e0 bois le plus simple \u00e0 utiliser. S&#8217;adaptant \u00e0 la plupart des ouvertures de foyer, l&#8217;Expedition I vous permet de charger votre bois, d&#8217;allumer le feu et de profiter d&#8217;une chaleur confortable. M\u00eame avec sa taille plus compacte, vous pouvez profiter jusqu&#8217;\u00e0 six heures de chauffage avec une pleine charge de bois. Vous n\u2019avez pas besoin de rester dans les parages et de vous occuper du feu ; savourez simplement l\u2019ambiance chaleureuse avec l\u2019insert \u00e0 bois le plus simple \u00e0 utiliser. L&#8217;aspect transitionnel affleurant permet \u00e0 cet insert de s&#8217;adapter \u00e0 n&#8217;importe quelle pi\u00e8ce.<\/p><ul><li>Le ventilateur standard de 200 CFM diffuse la chaleur plus loin et plus rapidement dans votre pi\u00e8ce<\/li><li>Le syst\u00e8me non catalytique \u00e0 combustion propre facilite le fonctionnement et l&#8217;entretien de l&#8217;encastrable \u00e0 bois<\/li><li>1,5 pi.cu. la chambre de combustion contient des b\u00fbches de 18\u00a0po pour une chaleur durable<\/li><li>Chauffe jusqu&#8217;\u00e0 1 400 pieds carr\u00e9s. avec 37 000 BTU, bas\u00e9 sur le climat et l&#8217;efficacit\u00e9 domestique<\/li><\/ul><div class=\"specifications__common\"><div class=\"product-para\">Dimensions en pouces. Reportez-vous au manuel d&#8217;installation\/du propri\u00e9taire pour les sp\u00e9cifications d\u00e9taill\u00e9es sur l&#8217;installation de ce produit. Hearth &amp; Home Technologies se r\u00e9serve le droit de mettre \u00e0 jour les unit\u00e9s p\u00e9riodiquement. L&#8217;installation du produit doit respecter strictement les instructions livr\u00e9es avec le produit.<\/div><div class=\"product-para\">\u00a0<\/div><\/div><div class=\"specifications__wrapper\"><div class=\"specifications__left\"><div class=\"product-title\">Sp\u00e9cifications du mod\u00e8le<\/div><div class=\"product-title\">\u00a0<\/div><div class=\"specifications__product\"><div class=\"specifications__product-title\">Insertion en bois Exp\u00e9dition I<\/div><table class=\"specifications__product-table\"><tbody><tr><th>Type de carburant<\/th><td>Bois<\/td><\/tr><tr><th>Capacit\u00e9 de chauffage<sup>3<\/sup><\/th><td>Jusqu&#8217;\u00e0 1 300 pieds carr\u00e9s<\/td><\/tr><tr><th>Zone de visualisation<\/th><td>275 pouces carr\u00e9s<\/td><\/tr><tr><th>Efficacit\u00e9<sup>5<\/sup><\/th><td>PCI 70% , PCS 65%<\/td><\/tr><tr><th>\u00c9missions<\/th><td>1,9 grammes\/heure<\/td><\/tr><\/tbody><\/table><div class=\"specifications__product-info\"><p><sup>3<\/sup>\u00a0Ceci est un guide g\u00e9n\u00e9ral, consultez votre revendeur local pour obtenir de l&#8217;aide pour d\u00e9terminer le produit qui r\u00e9pond le mieux \u00e0 vos besoins de chauffage en fonction du climat, de l&#8217;efficacit\u00e9 de la maison, de l&#8217;emplacement du radiateur et du mouvement de l&#8217;air dans la pi\u00e8ce.<\/p><p><sup>5<\/sup>\u00a0Efficacit\u00e9 moyenne pond\u00e9r\u00e9e du PCI (faible pouvoir calorifique) et du PCS (pouvoir calorifique \u00e9lev\u00e9) \u00e0 l&#8217;aide des donn\u00e9es collect\u00e9es lors des tests d&#8217;\u00e9missions de l&#8217;EPA. Une efficacit\u00e9 des PCS sup\u00e9rieure \u00e0 75 % donne droit au cr\u00e9dit d&#8217;imp\u00f4t f\u00e9d\u00e9ral.<\/p><p>La puissance calorifique varie en fonction du type de combustible utilis\u00e9. L&#8217;apparence des flammes et des braises peut varier en fonction du type de combustible br\u00fbl\u00e9 et de la configuration de ventilation utilis\u00e9e. L&#8217;apparence r\u00e9elle du produit, y compris la flamme, peut diff\u00e9rer de l&#8217;image pr\u00e9sent\u00e9e. Reportez-vous au manuel du propri\u00e9taire pour conna\u00eetre toutes les exigences et sp\u00e9cifications de d\u00e9gagement. Sp\u00e9cifications du produit et prix sujets \u00e0 changement sans pr\u00e9avis. Pour les tests et les informations de liste, veuillez vous r\u00e9f\u00e9rer au manuel du propri\u00e9taire\/d&#8217;installation.<\/p><p>*Pour certains produits : La capacit\u00e9 calorifique doit \u00eatre utilis\u00e9e \u00e0 titre indicatif seulement. Consultez votre revendeur local pour obtenir de l&#8217;aide afin de d\u00e9terminer le produit qui r\u00e9pond le mieux \u00e0 vos besoins de chauffage en fonction du climat et de l&#8217;efficacit\u00e9 de la maison.<\/p><\/div><\/div><\/div><\/div>\t\t\t\t\t\t\t\t<\/div>\n\t\t\t\t<\/div>\n\t\t\t\t\t<\/div>\n\t\t<\/div>\n\t\t\t\t\t<\/div>\n\t\t<\/section>\n\t\t\t\t<section class=\"elementor-section elementor-top-section elementor-element elementor-element-30f4083 elementor-section-boxed elementor-section-height-default elementor-section-height-default\" data-id=\"30f4083\" data-element_type=\"section\">\n\t\t\t\t\t\t<div class=\"elementor-container elementor-column-gap-default\">\n\t\t\t\t\t<div class=\"elementor-column elementor-col-100 elementor-top-column elementor-element elementor-element-e8c83a4\" data-id=\"e8c83a4\" data-element_type=\"column\">\n\t\t\t<div class=\"elementor-widget-wrap elementor-element-populated\">\n\t\t\t\t\t\t<div class=\"elementor-element elementor-element-3cec2d5 elementor-tabs-view-horizontal elementor-widget elementor-widget-tabs\" data-id=\"3cec2d5\" data-element_type=\"widget\" data-widget_type=\"tabs.default\">\n\t\t\t\t<div class=\"elementor-widget-container\">\n\t\t\t\t\t\t\t<div class=\"elementor-tabs\">\n\t\t\t<div class=\"elementor-tabs-wrapper\" role=\"tablist\" >\n\t\t\t\t\t\t\t\t\t<div id=\"elementor-tab-title-6381\" class=\"elementor-tab-title elementor-tab-desktop-title\" aria-selected=\"true\" data-tab=\"1\" role=\"tab\" tabindex=\"0\" aria-controls=\"elementor-tab-content-6381\" aria-expanded=\"false\">Fichiers<\/div>\n\t\t\t\t\t\t\t<\/div>\n\t\t\t<div class=\"elementor-tabs-content-wrapper\" role=\"tablist\" aria-orientation=\"vertical\">\n\t\t\t\t\t\t\t\t\t<div class=\"elementor-tab-title elementor-tab-mobile-title\" aria-selected=\"true\" data-tab=\"1\" role=\"tab\" tabindex=\"0\" aria-controls=\"elementor-tab-content-6381\" aria-expanded=\"false\">Fichiers<\/div>\n\t\t\t\t\t<div id=\"elementor-tab-content-6381\" class=\"elementor-tab-content elementor-clearfix\" data-tab=\"1\" role=\"tabpanel\" aria-labelledby=\"elementor-tab-title-6381\" tabindex=\"0\" hidden=\"false\"><i class=\"far fa-file-pdf fa-xl\" style=\"font-size:35px\"><\/i><a href=\"https:\/\/www.belleflamme.ca\/wp-content\/uploads\/2024\/04\/QDF-1080-ExpeditionSeries-WoodInserts.pdf\"> Brochure<\/a><\/br>\n<i class=\"far fa-file-pdf fa-xl\" style=\"font-size:35px\"><\/i><a href=\"https:\/\/www.belleflamme.ca\/wp-content\/uploads\/2024\/04\/FSF-1016U_Mantels-7.pdf\"> Brochures \u00c9tag\u00e8res en bois<\/a><\/br>\n<i class=\"far fa-file-pdf fa-xl\" style=\"font-size:35px\"><\/i><a href=\"https:\/\/www.belleflamme.ca\/wp-content\/uploads\/2024\/04\/FC7094-802_EXPEDITION_I_INSTALL.pdf\"> Installation<\/a><\/br>\n<i class=\"far fa-file-pdf fa-xl\" style=\"font-size:35px\"><\/i><a href=\"https:\/\/www.belleflamme.ca\/wp-content\/uploads\/2024\/04\/FC7094-803_EXPEDITION_I_OWNERS.pdf\"> Manuel<\/a><\/br>\n<i class=\"far fa-file-pdf fa-xl\" style=\"font-size:35px\"><\/i><a href=\"https:\/\/www.belleflamme.ca\/wp-content\/uploads\/2024\/04\/Expedition-I.pdf\"> Pi\u00e8ces<\/a><\/br><\/div>\n\t\t\t\t\t\t\t<\/div>\n\t\t<\/div>\n\t\t\t\t\t\t<\/div>\n\t\t\t\t<\/div>\n\t\t\t\t\t<\/div>\n\t\t<\/div>\n\t\t\t\t\t<\/div>\n\t\t<\/section>\n\t\t\t\t<\/div>\n\t\t","protected":false},"excerpt":{"rendered":"<p>Une grande chaleur arrive dans les petits espaces gr\u00e2ce \u00e0 l\u2019insert \u00e0 bois le plus simple \u00e0 utiliser. S&#8217;adaptant \u00e0 la plupart des ouvertures de foyer, l&#8217;Expedition I vous permet de charger votre bois, d&#8217;allumer le feu et de profiter d&#8217;une chaleur confortable. M\u00eame avec sa taille plus compacte, vous pouvez profiter jusqu&#8217;\u00e0 six heures [&hellip;]<\/p>\n","protected":false},"featured_media":33938,"template":"","meta":{"inline_featured_image":false},"product_brand":[1275],"product_cat":[33,34,42],"product_tag":[],"class_list":{"0":"post-33937","1":"product","2":"type-product","3":"status-publish","4":"has-post-thumbnail","6":"product_brand-quadra-fire","7":"product_cat-poeles-et-foyers","8":"product_cat-poeles-et-foyers-au-bois","9":"product_cat-encastrables-au-bois","11":"first","12":"instock","13":"taxable","14":"shipping-taxable","15":"purchasable","16":"product-type-simple"},"yoast_head":"<!-- This site is optimized with the Yoast SEO Premium plugin v24.2 (Yoast SEO v24.2) - https:\/\/yoast.com\/wordpress\/plugins\/seo\/ -->\n<title>Foyer au Bois Encastrable Expedition I de Quadra-Fire - Groupe BelleFlamme<\/title>\n<meta name=\"description\" content=\"Foyer au Bois Encastrable Expedition I de Quadra-Fire sold and installed by Groupe Belleflamme. Laval, Montreal, Gatineau and Saint-Sauveur.\" \/>\n<meta name=\"robots\" content=\"index, follow, max-snippet:-1, max-image-preview:large, max-video-preview:-1\" \/>\n<link rel=\"canonical\" href=\"https:\/\/staging.belleflamme.ca\/fr\/produit\/foyer-au-bois-encastrable-expedition-i-de-quadra-fire\/\" \/>\n<meta property=\"og:locale\" content=\"fr_FR\" \/>\n<meta property=\"og:type\" content=\"article\" \/>\n<meta property=\"og:title\" content=\"Foyer au Bois Encastrable Expedition I de Quadra-Fire\" \/>\n<meta property=\"og:description\" content=\"Foyer au Bois Encastrable Expedition I de Quadra-Fire sold and installed by Groupe Belleflamme. Laval, Montreal, Gatineau and Saint-Sauveur.\" \/>\n<meta property=\"og:url\" content=\"https:\/\/staging.belleflamme.ca\/fr\/produit\/foyer-au-bois-encastrable-expedition-i-de-quadra-fire\/\" \/>\n<meta property=\"og:site_name\" content=\"Groupe BelleFlamme\" \/>\n<meta property=\"article:publisher\" content=\"https:\/\/www.facebook.com\/belleflamme.ca\/\" \/>\n<meta property=\"article:modified_time\" content=\"2025-03-31T11:02:00+00:00\" \/>\n<meta property=\"og:image\" content=\"https:\/\/www.belleflamme.ca\/wp-content\/uploads\/2024\/04\/Foyer-au-Bois-Encastrable-Expedition-I-de-Quadra-Fire.jpg\" \/>\n\t<meta property=\"og:image:width\" content=\"1000\" \/>\n\t<meta property=\"og:image:height\" content=\"1000\" \/>\n\t<meta property=\"og:image:type\" content=\"image\/jpeg\" \/>\n<meta name=\"twitter:card\" content=\"summary_large_image\" \/>\n<meta name=\"twitter:label1\" content=\"Prix\" \/>\n\t<meta name=\"twitter:data1\" content=\"&#036;4,599.00\" \/>\n\t<meta name=\"twitter:label2\" content=\"Disponibilit\u00e9\" \/>\n\t<meta name=\"twitter:data2\" content=\"En stock\" \/>\n<script type=\"application\/ld+json\" class=\"yoast-schema-graph\">{\"@context\":\"https:\/\/schema.org\",\"@graph\":[{\"@type\":[\"WebPage\",\"ItemPage\"],\"@id\":\"https:\/\/staging.belleflamme.ca\/fr\/produit\/foyer-au-bois-encastrable-expedition-i-de-quadra-fire\/\",\"url\":\"https:\/\/staging.belleflamme.ca\/fr\/produit\/foyer-au-bois-encastrable-expedition-i-de-quadra-fire\/\",\"name\":\"Foyer au Bois Encastrable Expedition I de Quadra-Fire - Groupe BelleFlamme\",\"isPartOf\":{\"@id\":\"https:\/\/www.belleflamme.ca\/fr\/#website\"},\"primaryImageOfPage\":{\"@id\":\"https:\/\/staging.belleflamme.ca\/fr\/produit\/foyer-au-bois-encastrable-expedition-i-de-quadra-fire\/#primaryimage\"},\"image\":{\"@id\":\"https:\/\/staging.belleflamme.ca\/fr\/produit\/foyer-au-bois-encastrable-expedition-i-de-quadra-fire\/#primaryimage\"},\"thumbnailUrl\":\"https:\/\/staging.belleflamme.ca\/wp-content\/uploads\/2024\/04\/Foyer-au-Bois-Encastrable-Expedition-I-de-Quadra-Fire.jpg\",\"datePublished\":\"2024-04-17T18:36:43+00:00\",\"dateModified\":\"2025-03-31T11:02:00+00:00\",\"description\":\"Foyer au Bois Encastrable Expedition I de Quadra-Fire sold and installed by Groupe Belleflamme. Laval, Montreal, Gatineau and Saint-Sauveur.\",\"breadcrumb\":{\"@id\":\"https:\/\/staging.belleflamme.ca\/fr\/produit\/foyer-au-bois-encastrable-expedition-i-de-quadra-fire\/#breadcrumb\"},\"inLanguage\":\"fr-FR\",\"potentialAction\":[{\"@type\":\"ReadAction\",\"target\":[\"https:\/\/staging.belleflamme.ca\/fr\/produit\/foyer-au-bois-encastrable-expedition-i-de-quadra-fire\/\"]}]},{\"@type\":\"ImageObject\",\"inLanguage\":\"fr-FR\",\"@id\":\"https:\/\/staging.belleflamme.ca\/fr\/produit\/foyer-au-bois-encastrable-expedition-i-de-quadra-fire\/#primaryimage\",\"url\":\"https:\/\/staging.belleflamme.ca\/wp-content\/uploads\/2024\/04\/Foyer-au-Bois-Encastrable-Expedition-I-de-Quadra-Fire.jpg\",\"contentUrl\":\"https:\/\/staging.belleflamme.ca\/wp-content\/uploads\/2024\/04\/Foyer-au-Bois-Encastrable-Expedition-I-de-Quadra-Fire.jpg\",\"width\":1000,\"height\":1000,\"caption\":\"Foyer au Bois Encastrable Expedition I de Quadra-Fire\"},{\"@type\":\"BreadcrumbList\",\"@id\":\"https:\/\/staging.belleflamme.ca\/fr\/produit\/foyer-au-bois-encastrable-expedition-i-de-quadra-fire\/#breadcrumb\",\"itemListElement\":[{\"@type\":\"ListItem\",\"position\":1,\"name\":\"Accueil\",\"item\":\"https:\/\/www.belleflamme.ca\/fr\/\"},{\"@type\":\"ListItem\",\"position\":2,\"name\":\"Boutique\",\"item\":\"https:\/\/www.belleflamme.ca\/fr\/boutique\/\"},{\"@type\":\"ListItem\",\"position\":3,\"name\":\"Po\u00eales &amp; Foyers\",\"item\":\"https:\/\/staging.belleflamme.ca\/fr\/categories\/poeles-et-foyers\/\"},{\"@type\":\"ListItem\",\"position\":4,\"name\":\"Po\u00eales &amp; Foyers au Bois\",\"item\":\"https:\/\/staging.belleflamme.ca\/fr\/categories\/poeles-et-foyers\/poeles-et-foyers-au-bois\/\"},{\"@type\":\"ListItem\",\"position\":5,\"name\":\"Encastrables au Bois\",\"item\":\"https:\/\/staging.belleflamme.ca\/fr\/categories\/poeles-et-foyers\/poeles-et-foyers-au-bois\/encastrables-au-bois\/\"},{\"@type\":\"ListItem\",\"position\":6,\"name\":\"Foyer au Bois Encastrable Expedition I de Quadra-Fire\"}]},{\"@type\":\"WebSite\",\"@id\":\"https:\/\/www.belleflamme.ca\/fr\/#website\",\"url\":\"https:\/\/www.belleflamme.ca\/fr\/\",\"name\":\"Groupe Belleflamme\",\"description\":\"La m\u00e9canique du b\u00e2timent dans le sang.\",\"publisher\":{\"@id\":\"https:\/\/www.belleflamme.ca\/fr\/#organization\"},\"potentialAction\":[{\"@type\":\"SearchAction\",\"target\":{\"@type\":\"EntryPoint\",\"urlTemplate\":\"https:\/\/www.belleflamme.ca\/fr\/?s={search_term_string}\"},\"query-input\":{\"@type\":\"PropertyValueSpecification\",\"valueRequired\":true,\"valueName\":\"search_term_string\"}}],\"inLanguage\":\"fr-FR\"},{\"@type\":[\"Organization\",\"Place\"],\"@id\":\"https:\/\/www.belleflamme.ca\/fr\/#organization\",\"name\":\"Groupe Belleflamme\",\"alternateName\":\"Belleflamme\",\"url\":\"https:\/\/www.belleflamme.ca\/fr\/\",\"logo\":{\"@type\":\"ImageObject\",\"inLanguage\":\"fr-FR\",\"@id\":\"https:\/\/www.belleflamme.ca\/fr\/#\/schema\/logo\/image\/\",\"url\":\"https:\/\/staging.belleflamme.ca\/wp-content\/uploads\/2023\/01\/og-image.jpg\",\"contentUrl\":\"https:\/\/staging.belleflamme.ca\/wp-content\/uploads\/2023\/01\/og-image.jpg\",\"width\":1200,\"height\":630,\"caption\":\"Groupe Belleflamme\"},\"image\":{\"@id\":\"https:\/\/www.belleflamme.ca\/fr\/#\/schema\/logo\/image\/\"},\"sameAs\":[\"https:\/\/www.facebook.com\/belleflamme.ca\/\",\"https:\/\/www.linkedin.com\/company\/belleflamme\/\",\"https:\/\/www.pinterest.ca\/groupebelleflamme\/\",\"https:\/\/www.instagram.com\/legroupebelleflamme\/\"],\"mainEntityOfPage\":{\"@id\":\"https:\/\/staging.belleflamme.ca\/fr\/produit\/foyer-au-bois-encastrable-expedition-i-de-quadra-fire\/\"}}]}<\/script>\n<meta property=\"product:brand\" content=\"Quadra Fire\" \/>\n<meta property=\"product:price:amount\" content=\"4599.00\" \/>\n<meta property=\"product:price:currency\" content=\"CAD\" \/>\n<meta property=\"og:availability\" content=\"instock\" \/>\n<meta property=\"product:availability\" content=\"instock\" \/>\n<meta property=\"product:retailer_item_id\" content=\"EXPEDITION-I\" \/>\n<meta property=\"product:condition\" content=\"new\" \/>\n<!-- \/ Yoast SEO Premium plugin. -->","yoast_head_json":{"title":"Foyer au Bois Encastrable Expedition I de Quadra-Fire - Groupe BelleFlamme","description":"Foyer au Bois Encastrable Expedition I de Quadra-Fire sold and installed by Groupe Belleflamme. Laval, Montreal, Gatineau and Saint-Sauveur.","robots":{"index":"index","follow":"follow","max-snippet":"max-snippet:-1","max-image-preview":"max-image-preview:large","max-video-preview":"max-video-preview:-1"},"canonical":"https:\/\/staging.belleflamme.ca\/fr\/produit\/foyer-au-bois-encastrable-expedition-i-de-quadra-fire\/","og_locale":"fr_FR","og_type":"article","og_title":"Foyer au Bois Encastrable Expedition I de Quadra-Fire","og_description":"Foyer au Bois Encastrable Expedition I de Quadra-Fire sold and installed by Groupe Belleflamme. Laval, Montreal, Gatineau and Saint-Sauveur.","og_url":"https:\/\/staging.belleflamme.ca\/fr\/produit\/foyer-au-bois-encastrable-expedition-i-de-quadra-fire\/","og_site_name":"Groupe BelleFlamme","article_publisher":"https:\/\/www.facebook.com\/belleflamme.ca\/","article_modified_time":"2025-03-31T11:02:00+00:00","og_image":[{"width":1000,"height":1000,"url":"https:\/\/www.belleflamme.ca\/wp-content\/uploads\/2024\/04\/Foyer-au-Bois-Encastrable-Expedition-I-de-Quadra-Fire.jpg","type":"image\/jpeg"}],"twitter_card":"summary_large_image","twitter_misc":{"Prix":"&#36;4,599.00","Disponibilit\u00e9":"En stock"},"schema":{"@context":"https:\/\/schema.org","@graph":[{"@type":["WebPage","ItemPage"],"@id":"https:\/\/staging.belleflamme.ca\/fr\/produit\/foyer-au-bois-encastrable-expedition-i-de-quadra-fire\/","url":"https:\/\/staging.belleflamme.ca\/fr\/produit\/foyer-au-bois-encastrable-expedition-i-de-quadra-fire\/","name":"Foyer au Bois Encastrable Expedition I de Quadra-Fire - Groupe BelleFlamme","isPartOf":{"@id":"https:\/\/www.belleflamme.ca\/fr\/#website"},"primaryImageOfPage":{"@id":"https:\/\/staging.belleflamme.ca\/fr\/produit\/foyer-au-bois-encastrable-expedition-i-de-quadra-fire\/#primaryimage"},"image":{"@id":"https:\/\/staging.belleflamme.ca\/fr\/produit\/foyer-au-bois-encastrable-expedition-i-de-quadra-fire\/#primaryimage"},"thumbnailUrl":"https:\/\/staging.belleflamme.ca\/wp-content\/uploads\/2024\/04\/Foyer-au-Bois-Encastrable-Expedition-I-de-Quadra-Fire.jpg","datePublished":"2024-04-17T18:36:43+00:00","dateModified":"2025-03-31T11:02:00+00:00","description":"Foyer au Bois Encastrable Expedition I de Quadra-Fire sold and installed by Groupe Belleflamme. Laval, Montreal, Gatineau and Saint-Sauveur.","breadcrumb":{"@id":"https:\/\/staging.belleflamme.ca\/fr\/produit\/foyer-au-bois-encastrable-expedition-i-de-quadra-fire\/#breadcrumb"},"inLanguage":"fr-FR","potentialAction":[{"@type":"ReadAction","target":["https:\/\/staging.belleflamme.ca\/fr\/produit\/foyer-au-bois-encastrable-expedition-i-de-quadra-fire\/"]}]},{"@type":"ImageObject","inLanguage":"fr-FR","@id":"https:\/\/staging.belleflamme.ca\/fr\/produit\/foyer-au-bois-encastrable-expedition-i-de-quadra-fire\/#primaryimage","url":"https:\/\/staging.belleflamme.ca\/wp-content\/uploads\/2024\/04\/Foyer-au-Bois-Encastrable-Expedition-I-de-Quadra-Fire.jpg","contentUrl":"https:\/\/staging.belleflamme.ca\/wp-content\/uploads\/2024\/04\/Foyer-au-Bois-Encastrable-Expedition-I-de-Quadra-Fire.jpg","width":1000,"height":1000,"caption":"Foyer au Bois Encastrable Expedition I de Quadra-Fire"},{"@type":"BreadcrumbList","@id":"https:\/\/staging.belleflamme.ca\/fr\/produit\/foyer-au-bois-encastrable-expedition-i-de-quadra-fire\/#breadcrumb","itemListElement":[{"@type":"ListItem","position":1,"name":"Accueil","item":"https:\/\/www.belleflamme.ca\/fr\/"},{"@type":"ListItem","position":2,"name":"Boutique","item":"https:\/\/www.belleflamme.ca\/fr\/boutique\/"},{"@type":"ListItem","position":3,"name":"Po\u00eales &amp; Foyers","item":"https:\/\/staging.belleflamme.ca\/fr\/categories\/poeles-et-foyers\/"},{"@type":"ListItem","position":4,"name":"Po\u00eales &amp; Foyers au Bois","item":"https:\/\/staging.belleflamme.ca\/fr\/categories\/poeles-et-foyers\/poeles-et-foyers-au-bois\/"},{"@type":"ListItem","position":5,"name":"Encastrables au Bois","item":"https:\/\/staging.belleflamme.ca\/fr\/categories\/poeles-et-foyers\/poeles-et-foyers-au-bois\/encastrables-au-bois\/"},{"@type":"ListItem","position":6,"name":"Foyer au Bois Encastrable Expedition I de Quadra-Fire"}]},{"@type":"WebSite","@id":"https:\/\/www.belleflamme.ca\/fr\/#website","url":"https:\/\/www.belleflamme.ca\/fr\/","name":"Groupe Belleflamme","description":"La m\u00e9canique du b\u00e2timent dans le sang.","publisher":{"@id":"https:\/\/www.belleflamme.ca\/fr\/#organization"},"potentialAction":[{"@type":"SearchAction","target":{"@type":"EntryPoint","urlTemplate":"https:\/\/www.belleflamme.ca\/fr\/?s={search_term_string}"},"query-input":{"@type":"PropertyValueSpecification","valueRequired":true,"valueName":"search_term_string"}}],"inLanguage":"fr-FR"},{"@type":["Organization","Place"],"@id":"https:\/\/www.belleflamme.ca\/fr\/#organization","name":"Groupe Belleflamme","alternateName":"Belleflamme","url":"https:\/\/www.belleflamme.ca\/fr\/","logo":{"@type":"ImageObject","inLanguage":"fr-FR","@id":"https:\/\/www.belleflamme.ca\/fr\/#\/schema\/logo\/image\/","url":"https:\/\/staging.belleflamme.ca\/wp-content\/uploads\/2023\/01\/og-image.jpg","contentUrl":"https:\/\/staging.belleflamme.ca\/wp-content\/uploads\/2023\/01\/og-image.jpg","width":1200,"height":630,"caption":"Groupe Belleflamme"},"image":{"@id":"https:\/\/www.belleflamme.ca\/fr\/#\/schema\/logo\/image\/"},"sameAs":["https:\/\/www.facebook.com\/belleflamme.ca\/","https:\/\/www.linkedin.com\/company\/belleflamme\/","https:\/\/www.pinterest.ca\/groupebelleflamme\/","https:\/\/www.instagram.com\/legroupebelleflamme\/"],"mainEntityOfPage":{"@id":"https:\/\/staging.belleflamme.ca\/fr\/produit\/foyer-au-bois-encastrable-expedition-i-de-quadra-fire\/"}}]},"product_brand":"Quadra Fire","product_price_amount":"4599.00","product_price_currency":"CAD","og_availability":"instock","product_availability":"instock","product_retailer_item_id":"EXPEDITION-I","product_condition":"new"},"_links":{"self":[{"href":"https:\/\/staging.belleflamme.ca\/fr\/wp-json\/wp\/v2\/product\/33937","targetHints":{"allow":["GET"]}}],"collection":[{"href":"https:\/\/staging.belleflamme.ca\/fr\/wp-json\/wp\/v2\/product"}],"about":[{"href":"https:\/\/staging.belleflamme.ca\/fr\/wp-json\/wp\/v2\/types\/product"}],"version-history":[{"count":6,"href":"https:\/\/staging.belleflamme.ca\/fr\/wp-json\/wp\/v2\/product\/33937\/revisions"}],"predecessor-version":[{"id":43177,"href":"https:\/\/staging.belleflamme.ca\/fr\/wp-json\/wp\/v2\/product\/33937\/revisions\/43177"}],"wp:featuredmedia":[{"embeddable":true,"href":"https:\/\/staging.belleflamme.ca\/fr\/wp-json\/wp\/v2\/media\/33938"}],"wp:attachment":[{"href":"https:\/\/staging.belleflamme.ca\/fr\/wp-json\/wp\/v2\/media?parent=33937"}],"wp:term":[{"taxonomy":"product_brand","embeddable":true,"href":"https:\/\/staging.belleflamme.ca\/fr\/wp-json\/wp\/v2\/product_brand?post=33937"},{"taxonomy":"product_cat","embeddable":true,"href":"https:\/\/staging.belleflamme.ca\/fr\/wp-json\/wp\/v2\/product_cat?post=33937"},{"taxonomy":"product_tag","embeddable":true,"href":"https:\/\/staging.belleflamme.ca\/fr\/wp-json\/wp\/v2\/product_tag?post=33937"}],"curies":[{"name":"wp","href":"https:\/\/api.w.org\/{rel}","templated":true}]}}