{"id":33651,"date":"2024-04-15T14:21:37","date_gmt":"2024-04-15T18:21:37","guid":{"rendered":"https:\/\/www.belleflamme.ca\/?post_type=product&#038;p=33651"},"modified":"2024-04-15T14:21:38","modified_gmt":"2024-04-15T18:21:38","slug":"kamado-joe-pellet-joe","status":"publish","type":"product","link":"https:\/\/staging.belleflamme.ca\/fr\/produit\/kamado-joe-pellet-joe\/","title":{"rendered":"Kamado Joe Pellet Joe"},"content":{"rendered":"<p>Le Pellet Joe de Kamado Joe red\u00e9finit la cuisine en plein air, r\u00e9unissant les avantages de la cuisine kamado traditionnelle avec la commodit\u00e9 du combustible \u00e0 granul\u00e9s. Le gril est contr\u00f4l\u00e9 par thermostat pour maintenir la temp\u00e9rature de cuisson souhait\u00e9e entre 150\u00b0 et 600\u00b0F, afin que vous puissiez tout faire, du fumage \u00e0 la saisie. Contr\u00f4lez votre gril depuis le bouton de commande ou avec l&#8217;application Kamado Joe. Avec l&#8217;application, surveillez et ajustez facilement la temp\u00e9rature de votre gril, suivez la progression de votre cuisson, suivez le temps de cuisson, parcourez les recettes et recevez des alertes de notification. Le Pellet Joe est \u00e9galement livr\u00e9 en standard avec l&#8217;innovation de Kamado Joe comme l&#8217;Air Lift Hinge\u2122 et le KontrolTower\u2122 Top Vent. De plus, utilisez la gamme polyvalente de surfaces de cuisson et d&#8217;accessoires de Kamado Joe, comme le D\u014dJoe pour de d\u00e9licieuses pizzas, la plaque chauffante Karbon Steel pour le petit-d\u00e9jeuner et les smashburgers, et plus encore (accessoires vendus s\u00e9par\u00e9ment). D\u00e9couvrez la polyvalence et la saveur de la cuisine kamado avec la commodit\u00e9 des pellets avec le Pellet Joe de Kamado Joe.<\/p>\n<h2 class=\"text-grey-800 font-bold text-h5 mb-6 uppercase\"><span>PLEIN DE FONCTIONNALIT\u00c9S<\/span><\/h2>\n<ul class=\"c-description-box__list list-disc ml-6\">\n<li class=\"text-grey-800 opacity-90 text-body-3\"><span>Gril au charbon de bois en c\u00e9ramique de 18 pouces de qualit\u00e9 sup\u00e9rieure avec chariot et roues verrouillables<\/span><\/li>\n<li class=\"text-grey-800 opacity-90 text-body-3\"><span>250 pouces carr\u00e9s d&#8217;espace de cuisson maximum<\/span><\/li>\n<li class=\"text-grey-800 opacity-90 text-body-3\"><span>Syst\u00e8me de cuisson flexible Divide &amp; Conquer\u00ae \u00e0 2 niveaux pour cuire divers aliments \u00e0 diff\u00e9rentes temp\u00e9ratures<\/span><\/li>\n<li class=\"text-grey-800 opacity-90 text-body-3\"><span>L&#8217;\u00e9vent sup\u00e9rieur Kontrol Tower\u2122 maintient un r\u00e9glage d&#8217;air constant pendant l&#8217;ouverture et la fermeture du d\u00f4me<\/span><\/li>\n<li class=\"text-grey-800 opacity-90 text-body-3\"><span>La charni\u00e8re Air Lift r\u00e9duit consid\u00e9rablement le poids du d\u00f4me<\/span><\/li>\n<li class=\"text-grey-800 opacity-90 text-body-3\"><span>Le tiroir \u00e0 cendres brevet\u00e9 simplifie le nettoyage<\/span><\/li>\n<li class=\"text-grey-800 opacity-90 text-body-3\"><span>Le joint en fibre de verre \u00e0 double \u00e9paisseur offre une \u00e9tanch\u00e9it\u00e9 \u00e0 l&#8217;air sup\u00e9rieure.<\/span><\/li>\n<li class=\"text-grey-800 opacity-90 text-body-3\"><span>Autres caract\u00e9ristiques et accessoires inclus\u00a0: loquet en acier inoxydable, foyer AMP, grilles de cuisson en acier inoxydable, thermom\u00e8tre int\u00e9gr\u00e9,<\/span><\/li>\n<li class=\"text-grey-800 opacity-90 text-body-3\"><span> \u00e9tag\u00e8res\/poign\u00e9es lat\u00e9rales pliantes en PEHD, pince pour gril et outil \u00e0 cendres.<\/span><\/li>\n<\/ul>\n","protected":false},"excerpt":{"rendered":"<p>Le Pellet Joe de Kamado Joe red\u00e9finit la cuisine en plein air, r\u00e9unissant les avantages de la cuisine kamado traditionnelle avec la commodit\u00e9 du combustible \u00e0 granul\u00e9s. Le gril est contr\u00f4l\u00e9 par thermostat pour maintenir la temp\u00e9rature de cuisson souhait\u00e9e entre 150\u00b0 et 600\u00b0F, afin que vous puissiez tout faire, du fumage \u00e0 la saisie. [&hellip;]<\/p>\n","protected":false},"featured_media":33652,"template":"","meta":{"inline_featured_image":false},"product_brand":[333],"product_cat":[113,115],"product_tag":[],"class_list":{"0":"post-33651","1":"product","2":"type-product","3":"status-publish","4":"has-post-thumbnail","6":"product_brand-kamado-joe","7":"product_cat-bbq-produits-exterieurs","8":"product_cat-bbq-grills-et-fumoirs","10":"first","11":"instock","12":"taxable","13":"shipping-taxable","14":"purchasable","15":"product-type-simple"},"yoast_head":"<!-- This site is optimized with the Yoast SEO Premium plugin v24.2 (Yoast SEO v24.2) - https:\/\/yoast.com\/wordpress\/plugins\/seo\/ -->\n<title>Kamado Joe Pellet Joe - Groupe BelleFlamme<\/title>\n<meta name=\"description\" content=\"Kamado Joe Pellet Joe vendu par le Groupe Belleflamme. Laval, Montr\u00e9al, Gatineau et Saint-Sauveur.\" \/>\n<meta name=\"robots\" content=\"index, follow, max-snippet:-1, max-image-preview:large, max-video-preview:-1\" \/>\n<link rel=\"canonical\" href=\"https:\/\/staging.belleflamme.ca\/fr\/produit\/kamado-joe-pellet-joe\/\" \/>\n<meta property=\"og:locale\" content=\"fr_FR\" \/>\n<meta property=\"og:type\" content=\"article\" \/>\n<meta property=\"og:title\" content=\"Kamado Joe Pellet Joe\" \/>\n<meta property=\"og:description\" content=\"Kamado Joe Pellet Joe vendu par le Groupe Belleflamme. Laval, Montr\u00e9al, Gatineau et Saint-Sauveur.\" \/>\n<meta property=\"og:url\" content=\"https:\/\/staging.belleflamme.ca\/fr\/produit\/kamado-joe-pellet-joe\/\" \/>\n<meta property=\"og:site_name\" content=\"Groupe BelleFlamme\" \/>\n<meta property=\"article:publisher\" content=\"https:\/\/www.facebook.com\/belleflamme.ca\/\" \/>\n<meta property=\"article:modified_time\" content=\"2024-04-15T18:21:38+00:00\" \/>\n<meta property=\"og:image\" content=\"https:\/\/www.belleflamme.ca\/wp-content\/uploads\/2024\/04\/Kamado-Joe-Pellet-Joe.jpeg\" \/>\n\t<meta property=\"og:image:width\" content=\"1024\" \/>\n\t<meta property=\"og:image:height\" content=\"1024\" \/>\n\t<meta property=\"og:image:type\" content=\"image\/jpeg\" \/>\n<meta name=\"twitter:card\" content=\"summary_large_image\" \/>\n<meta name=\"twitter:label1\" content=\"Prix\" \/>\n\t<meta name=\"twitter:data1\" content=\"&#036;2,699.00\" \/>\n\t<meta name=\"twitter:label2\" content=\"Disponibilit\u00e9\" \/>\n\t<meta name=\"twitter:data2\" content=\"En stock\" \/>\n<script type=\"application\/ld+json\" class=\"yoast-schema-graph\">{\"@context\":\"https:\/\/schema.org\",\"@graph\":[{\"@type\":[\"WebPage\",\"ItemPage\"],\"@id\":\"https:\/\/staging.belleflamme.ca\/fr\/produit\/kamado-joe-pellet-joe\/\",\"url\":\"https:\/\/staging.belleflamme.ca\/fr\/produit\/kamado-joe-pellet-joe\/\",\"name\":\"Kamado Joe Pellet Joe - Groupe BelleFlamme\",\"isPartOf\":{\"@id\":\"https:\/\/www.belleflamme.ca\/fr\/#website\"},\"primaryImageOfPage\":{\"@id\":\"https:\/\/staging.belleflamme.ca\/fr\/produit\/kamado-joe-pellet-joe\/#primaryimage\"},\"image\":{\"@id\":\"https:\/\/staging.belleflamme.ca\/fr\/produit\/kamado-joe-pellet-joe\/#primaryimage\"},\"thumbnailUrl\":\"https:\/\/staging.belleflamme.ca\/wp-content\/uploads\/2024\/04\/Kamado-Joe-Pellet-Joe.jpeg\",\"datePublished\":\"2024-04-15T18:21:37+00:00\",\"dateModified\":\"2024-04-15T18:21:38+00:00\",\"description\":\"Kamado Joe Pellet Joe vendu par le Groupe Belleflamme. Laval, Montr\u00e9al, Gatineau et Saint-Sauveur.\",\"breadcrumb\":{\"@id\":\"https:\/\/staging.belleflamme.ca\/fr\/produit\/kamado-joe-pellet-joe\/#breadcrumb\"},\"inLanguage\":\"fr-FR\",\"potentialAction\":[{\"@type\":\"ReadAction\",\"target\":[\"https:\/\/staging.belleflamme.ca\/fr\/produit\/kamado-joe-pellet-joe\/\"]}]},{\"@type\":\"ImageObject\",\"inLanguage\":\"fr-FR\",\"@id\":\"https:\/\/staging.belleflamme.ca\/fr\/produit\/kamado-joe-pellet-joe\/#primaryimage\",\"url\":\"https:\/\/staging.belleflamme.ca\/wp-content\/uploads\/2024\/04\/Kamado-Joe-Pellet-Joe.jpeg\",\"contentUrl\":\"https:\/\/staging.belleflamme.ca\/wp-content\/uploads\/2024\/04\/Kamado-Joe-Pellet-Joe.jpeg\",\"width\":1024,\"height\":1024,\"caption\":\"Kamado Joe Pellet Joe\"},{\"@type\":\"BreadcrumbList\",\"@id\":\"https:\/\/staging.belleflamme.ca\/fr\/produit\/kamado-joe-pellet-joe\/#breadcrumb\",\"itemListElement\":[{\"@type\":\"ListItem\",\"position\":1,\"name\":\"Accueil\",\"item\":\"https:\/\/www.belleflamme.ca\/fr\/\"},{\"@type\":\"ListItem\",\"position\":2,\"name\":\"Boutique\",\"item\":\"https:\/\/www.belleflamme.ca\/fr\/boutique\/\"},{\"@type\":\"ListItem\",\"position\":3,\"name\":\"BBQ &amp; Produits Ext\u00e9rieurs\",\"item\":\"https:\/\/staging.belleflamme.ca\/fr\/categories\/bbq-produits-exterieurs\/\"},{\"@type\":\"ListItem\",\"position\":4,\"name\":\"BBQ Grills et Fumoirs\",\"item\":\"https:\/\/staging.belleflamme.ca\/fr\/categories\/bbq-produits-exterieurs\/bbq-grills-et-fumoirs\/\"},{\"@type\":\"ListItem\",\"position\":5,\"name\":\"Kamado Joe Pellet Joe\"}]},{\"@type\":\"WebSite\",\"@id\":\"https:\/\/www.belleflamme.ca\/fr\/#website\",\"url\":\"https:\/\/www.belleflamme.ca\/fr\/\",\"name\":\"Groupe Belleflamme\",\"description\":\"La m\u00e9canique du b\u00e2timent dans le sang.\",\"publisher\":{\"@id\":\"https:\/\/www.belleflamme.ca\/fr\/#organization\"},\"potentialAction\":[{\"@type\":\"SearchAction\",\"target\":{\"@type\":\"EntryPoint\",\"urlTemplate\":\"https:\/\/www.belleflamme.ca\/fr\/?s={search_term_string}\"},\"query-input\":{\"@type\":\"PropertyValueSpecification\",\"valueRequired\":true,\"valueName\":\"search_term_string\"}}],\"inLanguage\":\"fr-FR\"},{\"@type\":[\"Organization\",\"Place\"],\"@id\":\"https:\/\/www.belleflamme.ca\/fr\/#organization\",\"name\":\"Groupe Belleflamme\",\"alternateName\":\"Belleflamme\",\"url\":\"https:\/\/www.belleflamme.ca\/fr\/\",\"logo\":{\"@type\":\"ImageObject\",\"inLanguage\":\"fr-FR\",\"@id\":\"https:\/\/www.belleflamme.ca\/fr\/#\/schema\/logo\/image\/\",\"url\":\"https:\/\/staging.belleflamme.ca\/wp-content\/uploads\/2023\/01\/og-image.jpg\",\"contentUrl\":\"https:\/\/staging.belleflamme.ca\/wp-content\/uploads\/2023\/01\/og-image.jpg\",\"width\":1200,\"height\":630,\"caption\":\"Groupe Belleflamme\"},\"image\":{\"@id\":\"https:\/\/www.belleflamme.ca\/fr\/#\/schema\/logo\/image\/\"},\"sameAs\":[\"https:\/\/www.facebook.com\/belleflamme.ca\/\",\"https:\/\/www.linkedin.com\/company\/belleflamme\/\",\"https:\/\/www.pinterest.ca\/groupebelleflamme\/\",\"https:\/\/www.instagram.com\/legroupebelleflamme\/\"],\"mainEntityOfPage\":{\"@id\":\"https:\/\/staging.belleflamme.ca\/fr\/produit\/kamado-joe-pellet-joe\/\"}}]}<\/script>\n<meta property=\"product:brand\" content=\"Kamado Joe\" \/>\n<meta property=\"product:price:amount\" content=\"2699.00\" \/>\n<meta property=\"product:price:currency\" content=\"CAD\" \/>\n<meta property=\"og:availability\" content=\"instock\" \/>\n<meta property=\"product:availability\" content=\"instock\" \/>\n<meta property=\"product:retailer_item_id\" content=\"KJ15260020\" \/>\n<meta property=\"product:condition\" content=\"new\" \/>\n<!-- \/ Yoast SEO Premium plugin. -->","yoast_head_json":{"title":"Kamado Joe Pellet Joe - Groupe BelleFlamme","description":"Kamado Joe Pellet Joe vendu par le Groupe Belleflamme. Laval, Montr\u00e9al, Gatineau et Saint-Sauveur.","robots":{"index":"index","follow":"follow","max-snippet":"max-snippet:-1","max-image-preview":"max-image-preview:large","max-video-preview":"max-video-preview:-1"},"canonical":"https:\/\/staging.belleflamme.ca\/fr\/produit\/kamado-joe-pellet-joe\/","og_locale":"fr_FR","og_type":"article","og_title":"Kamado Joe Pellet Joe","og_description":"Kamado Joe Pellet Joe vendu par le Groupe Belleflamme. Laval, Montr\u00e9al, Gatineau et Saint-Sauveur.","og_url":"https:\/\/staging.belleflamme.ca\/fr\/produit\/kamado-joe-pellet-joe\/","og_site_name":"Groupe BelleFlamme","article_publisher":"https:\/\/www.facebook.com\/belleflamme.ca\/","article_modified_time":"2024-04-15T18:21:38+00:00","og_image":[{"width":1024,"height":1024,"url":"https:\/\/www.belleflamme.ca\/wp-content\/uploads\/2024\/04\/Kamado-Joe-Pellet-Joe.jpeg","type":"image\/jpeg"}],"twitter_card":"summary_large_image","twitter_misc":{"Prix":"&#36;2,699.00","Disponibilit\u00e9":"En stock"},"schema":{"@context":"https:\/\/schema.org","@graph":[{"@type":["WebPage","ItemPage"],"@id":"https:\/\/staging.belleflamme.ca\/fr\/produit\/kamado-joe-pellet-joe\/","url":"https:\/\/staging.belleflamme.ca\/fr\/produit\/kamado-joe-pellet-joe\/","name":"Kamado Joe Pellet Joe - Groupe BelleFlamme","isPartOf":{"@id":"https:\/\/www.belleflamme.ca\/fr\/#website"},"primaryImageOfPage":{"@id":"https:\/\/staging.belleflamme.ca\/fr\/produit\/kamado-joe-pellet-joe\/#primaryimage"},"image":{"@id":"https:\/\/staging.belleflamme.ca\/fr\/produit\/kamado-joe-pellet-joe\/#primaryimage"},"thumbnailUrl":"https:\/\/staging.belleflamme.ca\/wp-content\/uploads\/2024\/04\/Kamado-Joe-Pellet-Joe.jpeg","datePublished":"2024-04-15T18:21:37+00:00","dateModified":"2024-04-15T18:21:38+00:00","description":"Kamado Joe Pellet Joe vendu par le Groupe Belleflamme. Laval, Montr\u00e9al, Gatineau et Saint-Sauveur.","breadcrumb":{"@id":"https:\/\/staging.belleflamme.ca\/fr\/produit\/kamado-joe-pellet-joe\/#breadcrumb"},"inLanguage":"fr-FR","potentialAction":[{"@type":"ReadAction","target":["https:\/\/staging.belleflamme.ca\/fr\/produit\/kamado-joe-pellet-joe\/"]}]},{"@type":"ImageObject","inLanguage":"fr-FR","@id":"https:\/\/staging.belleflamme.ca\/fr\/produit\/kamado-joe-pellet-joe\/#primaryimage","url":"https:\/\/staging.belleflamme.ca\/wp-content\/uploads\/2024\/04\/Kamado-Joe-Pellet-Joe.jpeg","contentUrl":"https:\/\/staging.belleflamme.ca\/wp-content\/uploads\/2024\/04\/Kamado-Joe-Pellet-Joe.jpeg","width":1024,"height":1024,"caption":"Kamado Joe Pellet Joe"},{"@type":"BreadcrumbList","@id":"https:\/\/staging.belleflamme.ca\/fr\/produit\/kamado-joe-pellet-joe\/#breadcrumb","itemListElement":[{"@type":"ListItem","position":1,"name":"Accueil","item":"https:\/\/www.belleflamme.ca\/fr\/"},{"@type":"ListItem","position":2,"name":"Boutique","item":"https:\/\/www.belleflamme.ca\/fr\/boutique\/"},{"@type":"ListItem","position":3,"name":"BBQ &amp; Produits Ext\u00e9rieurs","item":"https:\/\/staging.belleflamme.ca\/fr\/categories\/bbq-produits-exterieurs\/"},{"@type":"ListItem","position":4,"name":"BBQ Grills et Fumoirs","item":"https:\/\/staging.belleflamme.ca\/fr\/categories\/bbq-produits-exterieurs\/bbq-grills-et-fumoirs\/"},{"@type":"ListItem","position":5,"name":"Kamado Joe Pellet Joe"}]},{"@type":"WebSite","@id":"https:\/\/www.belleflamme.ca\/fr\/#website","url":"https:\/\/www.belleflamme.ca\/fr\/","name":"Groupe Belleflamme","description":"La m\u00e9canique du b\u00e2timent dans le sang.","publisher":{"@id":"https:\/\/www.belleflamme.ca\/fr\/#organization"},"potentialAction":[{"@type":"SearchAction","target":{"@type":"EntryPoint","urlTemplate":"https:\/\/www.belleflamme.ca\/fr\/?s={search_term_string}"},"query-input":{"@type":"PropertyValueSpecification","valueRequired":true,"valueName":"search_term_string"}}],"inLanguage":"fr-FR"},{"@type":["Organization","Place"],"@id":"https:\/\/www.belleflamme.ca\/fr\/#organization","name":"Groupe Belleflamme","alternateName":"Belleflamme","url":"https:\/\/www.belleflamme.ca\/fr\/","logo":{"@type":"ImageObject","inLanguage":"fr-FR","@id":"https:\/\/www.belleflamme.ca\/fr\/#\/schema\/logo\/image\/","url":"https:\/\/staging.belleflamme.ca\/wp-content\/uploads\/2023\/01\/og-image.jpg","contentUrl":"https:\/\/staging.belleflamme.ca\/wp-content\/uploads\/2023\/01\/og-image.jpg","width":1200,"height":630,"caption":"Groupe Belleflamme"},"image":{"@id":"https:\/\/www.belleflamme.ca\/fr\/#\/schema\/logo\/image\/"},"sameAs":["https:\/\/www.facebook.com\/belleflamme.ca\/","https:\/\/www.linkedin.com\/company\/belleflamme\/","https:\/\/www.pinterest.ca\/groupebelleflamme\/","https:\/\/www.instagram.com\/legroupebelleflamme\/"],"mainEntityOfPage":{"@id":"https:\/\/staging.belleflamme.ca\/fr\/produit\/kamado-joe-pellet-joe\/"}}]},"product_brand":"Kamado Joe","product_price_amount":"2699.00","product_price_currency":"CAD","og_availability":"instock","product_availability":"instock","product_retailer_item_id":"KJ15260020","product_condition":"new"},"_links":{"self":[{"href":"https:\/\/staging.belleflamme.ca\/fr\/wp-json\/wp\/v2\/product\/33651","targetHints":{"allow":["GET"]}}],"collection":[{"href":"https:\/\/staging.belleflamme.ca\/fr\/wp-json\/wp\/v2\/product"}],"about":[{"href":"https:\/\/staging.belleflamme.ca\/fr\/wp-json\/wp\/v2\/types\/product"}],"version-history":[{"count":1,"href":"https:\/\/staging.belleflamme.ca\/fr\/wp-json\/wp\/v2\/product\/33651\/revisions"}],"predecessor-version":[{"id":33654,"href":"https:\/\/staging.belleflamme.ca\/fr\/wp-json\/wp\/v2\/product\/33651\/revisions\/33654"}],"wp:featuredmedia":[{"embeddable":true,"href":"https:\/\/staging.belleflamme.ca\/fr\/wp-json\/wp\/v2\/media\/33652"}],"wp:attachment":[{"href":"https:\/\/staging.belleflamme.ca\/fr\/wp-json\/wp\/v2\/media?parent=33651"}],"wp:term":[{"taxonomy":"product_brand","embeddable":true,"href":"https:\/\/staging.belleflamme.ca\/fr\/wp-json\/wp\/v2\/product_brand?post=33651"},{"taxonomy":"product_cat","embeddable":true,"href":"https:\/\/staging.belleflamme.ca\/fr\/wp-json\/wp\/v2\/product_cat?post=33651"},{"taxonomy":"product_tag","embeddable":true,"href":"https:\/\/staging.belleflamme.ca\/fr\/wp-json\/wp\/v2\/product_tag?post=33651"}],"curies":[{"name":"wp","href":"https:\/\/api.w.org\/{rel}","templated":true}]}}