{"id":33644,"date":"2024-04-15T14:16:13","date_gmt":"2024-04-15T18:16:13","guid":{"rendered":"https:\/\/www.belleflamme.ca\/?post_type=product&#038;p=33644"},"modified":"2024-05-16T12:28:34","modified_gmt":"2024-05-16T16:28:34","slug":"kamado-jeo-kettle-joe","status":"publish","type":"product","link":"https:\/\/staging.belleflamme.ca\/fr\/produit\/kamado-jeo-kettle-joe\/","title":{"rendered":"Kamado Jeo Kettle Joe"},"content":{"rendered":"<p>Le Kettle Joe fournit des qualit\u00e9s de cuisson sur la c\u00e9ramique uniques qui am\u00e9liorent la r\u00e9tention de la chaleur, l\u2019efficacit\u00e9 \u00e9nerg\u00e9tique et la capacit\u00e9 de fumage. Avec des caract\u00e9ristiques innovantes telles que le syst\u00e8me de cuisson flexible Divide &amp; Conquer \u00e0 deux niveaux pour pr\u00e9parer simultan\u00e9ment plusieurs aliments \u00e0 diff\u00e9rentes temp\u00e9ratures, ainsi que la chambre de fum\u00e9e hyperbolique Sl\u014dRoller pour contr\u00f4ler la chaleur et la fum\u00e9e, ce barbecue fournira une exp\u00e9rience sup\u00e9rieure de grillade au charbon de bois. Le barbecue Kettle Joe combine les avantages des barbecues au charbon de bois en c\u00e9ramique dans un gril circulaire traditionnel.<\/p>\n<h2 class=\"text-grey-800 font-bold text-h5 mb-6 uppercase\">BEAUCOUP DE CARACT\u00c9RISTIQUES<\/h2>\n<ul class=\"c-description-box__list list-disc ml-6\">\n<li class=\"text-grey-800 opacity-90 text-body-3\">Barbecue de 57 cm haut de gamme<\/li>\n<li class=\"text-grey-800 opacity-90 text-body-3\">Surface de cuisson de 2258 cm\u00b2<\/li>\n<li class=\"text-grey-800 opacity-90 text-body-3\">Syst\u00e8me de cuisson flexible Divide &amp; Conquer \u00e0 deux niveaux pour la cuisson de divers aliments \u00e0 diverses temp\u00e9ratures<\/li>\n<li class=\"text-grey-800 opacity-90 text-body-3\">La cuve efficace en c\u00e9ramique permet des temps de cuisson plus longs en utilisant moins de charbon de bois<\/li>\n<li class=\"text-grey-800 opacity-90 text-body-3\">Chambre de fum\u00e9e hyperbolique Sl\u014dRoller pour fumer \u00e0 des temp\u00e9ratures allant jusqu\u2019\u00e0 149\u00a0\u00b0C<\/li>\n<li class=\"text-grey-800 opacity-90 text-body-3\">Charni\u00e8re r\u00e9glable permettant de fixer le couvercle<\/li>\n<li class=\"text-grey-800 opacity-90 text-body-3\">Tablettes lat\u00e9rales rabattables pour un plus grand espace de pr\u00e9paration<\/li>\n<li class=\"text-grey-800 opacity-90 text-body-3\">Le bac \u00e0 cendres brevet\u00e9 simplifie le nettoyage<\/li>\n<li class=\"text-grey-800 opacity-90 text-body-3\">Comprend un chariot \u00e0 quatre pieds avec 2\u00a0roulettes verrouillables pour une mobilit\u00e9 facile<\/li>\n<\/ul>\n","protected":false},"excerpt":{"rendered":"<p>Le Kettle Joe fournit des qualit\u00e9s de cuisson sur la c\u00e9ramique uniques qui am\u00e9liorent la r\u00e9tention de la chaleur, l\u2019efficacit\u00e9 \u00e9nerg\u00e9tique et la capacit\u00e9 de fumage. Avec des caract\u00e9ristiques innovantes telles que le syst\u00e8me de cuisson flexible Divide &amp; Conquer \u00e0 deux niveaux pour pr\u00e9parer simultan\u00e9ment plusieurs aliments \u00e0 diff\u00e9rentes temp\u00e9ratures, ainsi que la chambre [&hellip;]<\/p>\n","protected":false},"featured_media":33645,"template":"","meta":{"inline_featured_image":false},"product_brand":[333],"product_cat":[113,115],"product_tag":[],"class_list":{"0":"post-33644","1":"product","2":"type-product","3":"status-publish","4":"has-post-thumbnail","6":"product_brand-kamado-joe","7":"product_cat-bbq-produits-exterieurs","8":"product_cat-bbq-grills-et-fumoirs","10":"first","11":"instock","12":"taxable","13":"shipping-taxable","14":"purchasable","15":"product-type-simple"},"yoast_head":"<!-- This site is optimized with the Yoast SEO Premium plugin v24.2 (Yoast SEO v24.2) - https:\/\/yoast.com\/wordpress\/plugins\/seo\/ -->\n<title>Kamado Jeo Kettle Joe - Groupe BelleFlamme<\/title>\n<meta name=\"description\" content=\"Kamado Jeo Kettle Joe vendu et install\u00e9 par le Groupe Belleflamme. Laval, Montr\u00e9al, Gatineau et Saint-Sauveur.\" \/>\n<meta name=\"robots\" content=\"index, follow, max-snippet:-1, max-image-preview:large, max-video-preview:-1\" \/>\n<link rel=\"canonical\" href=\"https:\/\/staging.belleflamme.ca\/fr\/produit\/kamado-jeo-kettle-joe\/\" \/>\n<meta property=\"og:locale\" content=\"fr_FR\" \/>\n<meta property=\"og:type\" content=\"article\" \/>\n<meta property=\"og:title\" content=\"Kamado Jeo Kettle Joe\" \/>\n<meta property=\"og:description\" content=\"Kamado Jeo Kettle Joe vendu et install\u00e9 par le Groupe Belleflamme. Laval, Montr\u00e9al, Gatineau et Saint-Sauveur.\" \/>\n<meta property=\"og:url\" content=\"https:\/\/staging.belleflamme.ca\/fr\/produit\/kamado-jeo-kettle-joe\/\" \/>\n<meta property=\"og:site_name\" content=\"Groupe BelleFlamme\" \/>\n<meta property=\"article:publisher\" content=\"https:\/\/www.facebook.com\/belleflamme.ca\/\" \/>\n<meta property=\"article:modified_time\" content=\"2024-05-16T16:28:34+00:00\" \/>\n<meta property=\"og:image\" content=\"https:\/\/www.belleflamme.ca\/wp-content\/uploads\/2024\/04\/Kamado-Jeo-Kettle-Joe.jpg\" \/>\n\t<meta property=\"og:image:width\" content=\"768\" \/>\n\t<meta property=\"og:image:height\" content=\"768\" \/>\n\t<meta property=\"og:image:type\" content=\"image\/jpeg\" \/>\n<meta name=\"twitter:card\" content=\"summary_large_image\" \/>\n<meta name=\"twitter:label1\" content=\"Prix\" \/>\n\t<meta name=\"twitter:data1\" content=\"&#036;679.00\" \/>\n\t<meta name=\"twitter:label2\" content=\"Disponibilit\u00e9\" \/>\n\t<meta name=\"twitter:data2\" content=\"En stock\" \/>\n<script type=\"application\/ld+json\" class=\"yoast-schema-graph\">{\"@context\":\"https:\/\/schema.org\",\"@graph\":[{\"@type\":[\"WebPage\",\"ItemPage\"],\"@id\":\"https:\/\/staging.belleflamme.ca\/fr\/produit\/kamado-jeo-kettle-joe\/\",\"url\":\"https:\/\/staging.belleflamme.ca\/fr\/produit\/kamado-jeo-kettle-joe\/\",\"name\":\"Kamado Jeo Kettle Joe - Groupe BelleFlamme\",\"isPartOf\":{\"@id\":\"https:\/\/www.belleflamme.ca\/fr\/#website\"},\"primaryImageOfPage\":{\"@id\":\"https:\/\/staging.belleflamme.ca\/fr\/produit\/kamado-jeo-kettle-joe\/#primaryimage\"},\"image\":{\"@id\":\"https:\/\/staging.belleflamme.ca\/fr\/produit\/kamado-jeo-kettle-joe\/#primaryimage\"},\"thumbnailUrl\":\"https:\/\/staging.belleflamme.ca\/wp-content\/uploads\/2024\/04\/Kamado-Jeo-Kettle-Joe.jpg\",\"datePublished\":\"2024-04-15T18:16:13+00:00\",\"dateModified\":\"2024-05-16T16:28:34+00:00\",\"description\":\"Kamado Jeo Kettle Joe vendu et install\u00e9 par le Groupe Belleflamme. Laval, Montr\u00e9al, Gatineau et Saint-Sauveur.\",\"breadcrumb\":{\"@id\":\"https:\/\/staging.belleflamme.ca\/fr\/produit\/kamado-jeo-kettle-joe\/#breadcrumb\"},\"inLanguage\":\"fr-FR\",\"potentialAction\":[{\"@type\":\"ReadAction\",\"target\":[\"https:\/\/staging.belleflamme.ca\/fr\/produit\/kamado-jeo-kettle-joe\/\"]}]},{\"@type\":\"ImageObject\",\"inLanguage\":\"fr-FR\",\"@id\":\"https:\/\/staging.belleflamme.ca\/fr\/produit\/kamado-jeo-kettle-joe\/#primaryimage\",\"url\":\"https:\/\/staging.belleflamme.ca\/wp-content\/uploads\/2024\/04\/Kamado-Jeo-Kettle-Joe.jpg\",\"contentUrl\":\"https:\/\/staging.belleflamme.ca\/wp-content\/uploads\/2024\/04\/Kamado-Jeo-Kettle-Joe.jpg\",\"width\":768,\"height\":768,\"caption\":\"Kamado Jeo Kettle Joe\"},{\"@type\":\"BreadcrumbList\",\"@id\":\"https:\/\/staging.belleflamme.ca\/fr\/produit\/kamado-jeo-kettle-joe\/#breadcrumb\",\"itemListElement\":[{\"@type\":\"ListItem\",\"position\":1,\"name\":\"Accueil\",\"item\":\"https:\/\/www.belleflamme.ca\/fr\/\"},{\"@type\":\"ListItem\",\"position\":2,\"name\":\"Boutique\",\"item\":\"https:\/\/www.belleflamme.ca\/fr\/boutique\/\"},{\"@type\":\"ListItem\",\"position\":3,\"name\":\"BBQ &amp; Produits Ext\u00e9rieurs\",\"item\":\"https:\/\/staging.belleflamme.ca\/fr\/categories\/bbq-produits-exterieurs\/\"},{\"@type\":\"ListItem\",\"position\":4,\"name\":\"BBQ Grills et Fumoirs\",\"item\":\"https:\/\/staging.belleflamme.ca\/fr\/categories\/bbq-produits-exterieurs\/bbq-grills-et-fumoirs\/\"},{\"@type\":\"ListItem\",\"position\":5,\"name\":\"Kamado Jeo Kettle Joe\"}]},{\"@type\":\"WebSite\",\"@id\":\"https:\/\/www.belleflamme.ca\/fr\/#website\",\"url\":\"https:\/\/www.belleflamme.ca\/fr\/\",\"name\":\"Groupe Belleflamme\",\"description\":\"La m\u00e9canique du b\u00e2timent dans le sang.\",\"publisher\":{\"@id\":\"https:\/\/www.belleflamme.ca\/fr\/#organization\"},\"potentialAction\":[{\"@type\":\"SearchAction\",\"target\":{\"@type\":\"EntryPoint\",\"urlTemplate\":\"https:\/\/www.belleflamme.ca\/fr\/?s={search_term_string}\"},\"query-input\":{\"@type\":\"PropertyValueSpecification\",\"valueRequired\":true,\"valueName\":\"search_term_string\"}}],\"inLanguage\":\"fr-FR\"},{\"@type\":[\"Organization\",\"Place\"],\"@id\":\"https:\/\/www.belleflamme.ca\/fr\/#organization\",\"name\":\"Groupe Belleflamme\",\"alternateName\":\"Belleflamme\",\"url\":\"https:\/\/www.belleflamme.ca\/fr\/\",\"logo\":{\"@type\":\"ImageObject\",\"inLanguage\":\"fr-FR\",\"@id\":\"https:\/\/www.belleflamme.ca\/fr\/#\/schema\/logo\/image\/\",\"url\":\"https:\/\/staging.belleflamme.ca\/wp-content\/uploads\/2023\/01\/og-image.jpg\",\"contentUrl\":\"https:\/\/staging.belleflamme.ca\/wp-content\/uploads\/2023\/01\/og-image.jpg\",\"width\":1200,\"height\":630,\"caption\":\"Groupe Belleflamme\"},\"image\":{\"@id\":\"https:\/\/www.belleflamme.ca\/fr\/#\/schema\/logo\/image\/\"},\"sameAs\":[\"https:\/\/www.facebook.com\/belleflamme.ca\/\",\"https:\/\/www.linkedin.com\/company\/belleflamme\/\",\"https:\/\/www.pinterest.ca\/groupebelleflamme\/\",\"https:\/\/www.instagram.com\/legroupebelleflamme\/\"],\"mainEntityOfPage\":{\"@id\":\"https:\/\/staging.belleflamme.ca\/fr\/produit\/kamado-jeo-kettle-joe\/\"}}]}<\/script>\n<meta property=\"product:brand\" content=\"Kamado Joe\" \/>\n<meta property=\"product:price:amount\" content=\"679.00\" \/>\n<meta property=\"product:price:currency\" content=\"CAD\" \/>\n<meta property=\"og:availability\" content=\"instock\" \/>\n<meta property=\"product:availability\" content=\"instock\" \/>\n<meta property=\"product:retailer_item_id\" content=\"KJ15040320\" \/>\n<meta property=\"product:condition\" content=\"new\" \/>\n<!-- \/ Yoast SEO Premium plugin. -->","yoast_head_json":{"title":"Kamado Jeo Kettle Joe - Groupe BelleFlamme","description":"Kamado Jeo Kettle Joe vendu et install\u00e9 par le Groupe Belleflamme. Laval, Montr\u00e9al, Gatineau et Saint-Sauveur.","robots":{"index":"index","follow":"follow","max-snippet":"max-snippet:-1","max-image-preview":"max-image-preview:large","max-video-preview":"max-video-preview:-1"},"canonical":"https:\/\/staging.belleflamme.ca\/fr\/produit\/kamado-jeo-kettle-joe\/","og_locale":"fr_FR","og_type":"article","og_title":"Kamado Jeo Kettle Joe","og_description":"Kamado Jeo Kettle Joe vendu et install\u00e9 par le Groupe Belleflamme. Laval, Montr\u00e9al, Gatineau et Saint-Sauveur.","og_url":"https:\/\/staging.belleflamme.ca\/fr\/produit\/kamado-jeo-kettle-joe\/","og_site_name":"Groupe BelleFlamme","article_publisher":"https:\/\/www.facebook.com\/belleflamme.ca\/","article_modified_time":"2024-05-16T16:28:34+00:00","og_image":[{"width":768,"height":768,"url":"https:\/\/www.belleflamme.ca\/wp-content\/uploads\/2024\/04\/Kamado-Jeo-Kettle-Joe.jpg","type":"image\/jpeg"}],"twitter_card":"summary_large_image","twitter_misc":{"Prix":"&#36;679.00","Disponibilit\u00e9":"En stock"},"schema":{"@context":"https:\/\/schema.org","@graph":[{"@type":["WebPage","ItemPage"],"@id":"https:\/\/staging.belleflamme.ca\/fr\/produit\/kamado-jeo-kettle-joe\/","url":"https:\/\/staging.belleflamme.ca\/fr\/produit\/kamado-jeo-kettle-joe\/","name":"Kamado Jeo Kettle Joe - Groupe BelleFlamme","isPartOf":{"@id":"https:\/\/www.belleflamme.ca\/fr\/#website"},"primaryImageOfPage":{"@id":"https:\/\/staging.belleflamme.ca\/fr\/produit\/kamado-jeo-kettle-joe\/#primaryimage"},"image":{"@id":"https:\/\/staging.belleflamme.ca\/fr\/produit\/kamado-jeo-kettle-joe\/#primaryimage"},"thumbnailUrl":"https:\/\/staging.belleflamme.ca\/wp-content\/uploads\/2024\/04\/Kamado-Jeo-Kettle-Joe.jpg","datePublished":"2024-04-15T18:16:13+00:00","dateModified":"2024-05-16T16:28:34+00:00","description":"Kamado Jeo Kettle Joe vendu et install\u00e9 par le Groupe Belleflamme. Laval, Montr\u00e9al, Gatineau et Saint-Sauveur.","breadcrumb":{"@id":"https:\/\/staging.belleflamme.ca\/fr\/produit\/kamado-jeo-kettle-joe\/#breadcrumb"},"inLanguage":"fr-FR","potentialAction":[{"@type":"ReadAction","target":["https:\/\/staging.belleflamme.ca\/fr\/produit\/kamado-jeo-kettle-joe\/"]}]},{"@type":"ImageObject","inLanguage":"fr-FR","@id":"https:\/\/staging.belleflamme.ca\/fr\/produit\/kamado-jeo-kettle-joe\/#primaryimage","url":"https:\/\/staging.belleflamme.ca\/wp-content\/uploads\/2024\/04\/Kamado-Jeo-Kettle-Joe.jpg","contentUrl":"https:\/\/staging.belleflamme.ca\/wp-content\/uploads\/2024\/04\/Kamado-Jeo-Kettle-Joe.jpg","width":768,"height":768,"caption":"Kamado Jeo Kettle Joe"},{"@type":"BreadcrumbList","@id":"https:\/\/staging.belleflamme.ca\/fr\/produit\/kamado-jeo-kettle-joe\/#breadcrumb","itemListElement":[{"@type":"ListItem","position":1,"name":"Accueil","item":"https:\/\/www.belleflamme.ca\/fr\/"},{"@type":"ListItem","position":2,"name":"Boutique","item":"https:\/\/www.belleflamme.ca\/fr\/boutique\/"},{"@type":"ListItem","position":3,"name":"BBQ &amp; Produits Ext\u00e9rieurs","item":"https:\/\/staging.belleflamme.ca\/fr\/categories\/bbq-produits-exterieurs\/"},{"@type":"ListItem","position":4,"name":"BBQ Grills et Fumoirs","item":"https:\/\/staging.belleflamme.ca\/fr\/categories\/bbq-produits-exterieurs\/bbq-grills-et-fumoirs\/"},{"@type":"ListItem","position":5,"name":"Kamado Jeo Kettle Joe"}]},{"@type":"WebSite","@id":"https:\/\/www.belleflamme.ca\/fr\/#website","url":"https:\/\/www.belleflamme.ca\/fr\/","name":"Groupe Belleflamme","description":"La m\u00e9canique du b\u00e2timent dans le sang.","publisher":{"@id":"https:\/\/www.belleflamme.ca\/fr\/#organization"},"potentialAction":[{"@type":"SearchAction","target":{"@type":"EntryPoint","urlTemplate":"https:\/\/www.belleflamme.ca\/fr\/?s={search_term_string}"},"query-input":{"@type":"PropertyValueSpecification","valueRequired":true,"valueName":"search_term_string"}}],"inLanguage":"fr-FR"},{"@type":["Organization","Place"],"@id":"https:\/\/www.belleflamme.ca\/fr\/#organization","name":"Groupe Belleflamme","alternateName":"Belleflamme","url":"https:\/\/www.belleflamme.ca\/fr\/","logo":{"@type":"ImageObject","inLanguage":"fr-FR","@id":"https:\/\/www.belleflamme.ca\/fr\/#\/schema\/logo\/image\/","url":"https:\/\/staging.belleflamme.ca\/wp-content\/uploads\/2023\/01\/og-image.jpg","contentUrl":"https:\/\/staging.belleflamme.ca\/wp-content\/uploads\/2023\/01\/og-image.jpg","width":1200,"height":630,"caption":"Groupe Belleflamme"},"image":{"@id":"https:\/\/www.belleflamme.ca\/fr\/#\/schema\/logo\/image\/"},"sameAs":["https:\/\/www.facebook.com\/belleflamme.ca\/","https:\/\/www.linkedin.com\/company\/belleflamme\/","https:\/\/www.pinterest.ca\/groupebelleflamme\/","https:\/\/www.instagram.com\/legroupebelleflamme\/"],"mainEntityOfPage":{"@id":"https:\/\/staging.belleflamme.ca\/fr\/produit\/kamado-jeo-kettle-joe\/"}}]},"product_brand":"Kamado Joe","product_price_amount":"679.00","product_price_currency":"CAD","og_availability":"instock","product_availability":"instock","product_retailer_item_id":"KJ15040320","product_condition":"new"},"_links":{"self":[{"href":"https:\/\/staging.belleflamme.ca\/fr\/wp-json\/wp\/v2\/product\/33644","targetHints":{"allow":["GET"]}}],"collection":[{"href":"https:\/\/staging.belleflamme.ca\/fr\/wp-json\/wp\/v2\/product"}],"about":[{"href":"https:\/\/staging.belleflamme.ca\/fr\/wp-json\/wp\/v2\/types\/product"}],"version-history":[{"count":1,"href":"https:\/\/staging.belleflamme.ca\/fr\/wp-json\/wp\/v2\/product\/33644\/revisions"}],"predecessor-version":[{"id":33647,"href":"https:\/\/staging.belleflamme.ca\/fr\/wp-json\/wp\/v2\/product\/33644\/revisions\/33647"}],"wp:featuredmedia":[{"embeddable":true,"href":"https:\/\/staging.belleflamme.ca\/fr\/wp-json\/wp\/v2\/media\/33645"}],"wp:attachment":[{"href":"https:\/\/staging.belleflamme.ca\/fr\/wp-json\/wp\/v2\/media?parent=33644"}],"wp:term":[{"taxonomy":"product_brand","embeddable":true,"href":"https:\/\/staging.belleflamme.ca\/fr\/wp-json\/wp\/v2\/product_brand?post=33644"},{"taxonomy":"product_cat","embeddable":true,"href":"https:\/\/staging.belleflamme.ca\/fr\/wp-json\/wp\/v2\/product_cat?post=33644"},{"taxonomy":"product_tag","embeddable":true,"href":"https:\/\/staging.belleflamme.ca\/fr\/wp-json\/wp\/v2\/product_tag?post=33644"}],"curies":[{"name":"wp","href":"https:\/\/api.w.org\/{rel}","templated":true}]}}