{"id":33453,"date":"2024-04-14T13:43:31","date_gmt":"2024-04-14T17:43:31","guid":{"rendered":"https:\/\/www.belleflamme.ca\/?post_type=product&#038;p=33453"},"modified":"2025-03-31T06:51:33","modified_gmt":"2025-03-31T10:51:33","slug":"foyer-encastrable-a-bois-montpelier-ii-de-vermont-castings","status":"publish","type":"product","link":"https:\/\/staging.belleflamme.ca\/fr\/produit\/foyer-encastrable-a-bois-montpelier-ii-de-vermont-castings\/","title":{"rendered":"Foyer Encastrable \u00e0 bois Montpelier II de Vermont Castings"},"content":{"rendered":"\t\t<div data-elementor-type=\"product-post\" data-elementor-id=\"33453\" class=\"elementor elementor-33453\" data-elementor-post-type=\"product\">\n\t\t\t\t\t\t<section class=\"elementor-section elementor-top-section elementor-element elementor-element-3b214f3c elementor-section-boxed elementor-section-height-default elementor-section-height-default\" data-id=\"3b214f3c\" data-element_type=\"section\">\n\t\t\t\t\t\t<div class=\"elementor-container elementor-column-gap-default\">\n\t\t\t\t\t<div class=\"elementor-column elementor-col-100 elementor-top-column elementor-element elementor-element-1053ae38\" data-id=\"1053ae38\" data-element_type=\"column\">\n\t\t\t<div class=\"elementor-widget-wrap elementor-element-populated\">\n\t\t\t\t\t\t<div class=\"elementor-element elementor-element-1c67f65e elementor-widget elementor-widget-text-editor\" data-id=\"1c67f65e\" data-element_type=\"widget\" data-widget_type=\"text-editor.default\">\n\t\t\t\t<div class=\"elementor-widget-container\">\n\t\t\t\t\t\t\t\t\t<p><iframe title=\"YouTube video player\" src=\"https:\/\/www.youtube.com\/embed\/swS7Kle2BY4?si=o3tnuRh4xsYxpOPP\" width=\"560\" height=\"315\" frameborder=\"0\" allowfullscreen=\"allowfullscreen\"><\/iframe><\/p><p>Regarder les flammes et ressentir la chaleur d&#8217;un feu de bois est une exp\u00e9rience qui ne vieillit jamais. L&#8217;insert \u00e0 bois Montpelier II conserve cet attrait intemporel et met en valeur de grandes vues d\u00e9gag\u00e9es sur le feu, transformant votre foyer existant \u00e0 courants d&#8217;air en une pi\u00e8ce ma\u00eetresse efficace. Fi\u00e8rement fabriqu\u00e9 et moul\u00e9 par nos artisans du Vermont, o\u00f9 aucun d\u00e9tail n&#8217;est trop petit, aucun \u00e9l\u00e9ment insignifiant.<\/p><ul><li>Style intemporel en fonte avec une finition de qualit\u00e9 meuble<\/li><li>Chauffe 1 000 \u00e0 2 400 pieds carr\u00e9s avec 56 000 BTU, en fonction du climat et de l&#8217;efficacit\u00e9 de la maison<\/li><li>Un ventilateur \u00e0 vitesse variable est livr\u00e9 en standard pour mieux r\u00e9partir la chaleur dans tout votre espace<\/li><li>Br\u00fblez facilement des b\u00fbches jusqu&#8217;\u00e0 20 pouces<\/li><\/ul><div class=\"specifications__common\"><div class=\"product-para\">Dimensions en pouces. Reportez-vous au manuel d&#8217;installation\/du propri\u00e9taire pour les sp\u00e9cifications d\u00e9taill\u00e9es sur l&#8217;installation de ce produit. Hearth &amp; Home Technologies se r\u00e9serve le droit de mettre \u00e0 jour les unit\u00e9s p\u00e9riodiquement. L&#8217;installation du produit doit respecter strictement les instructions livr\u00e9es avec le produit.<\/div><\/div><div class=\"specifications__wrapper\"><div class=\"specifications__left\"><div class=\"product-title\">Sp\u00e9cifications du mod\u00e8le<\/div><div class=\"specifications__product\"><div class=\"specifications__product-title\">Encastrable \u00e0 bois Montpelier II<\/div><table class=\"specifications__product-table\"><tbody><tr><th>Largeur de l&#8217;appareil<\/th><td>31-1\/2&#8243;<\/td><\/tr><tr><th>Hauteur de l&#8217;appareil<\/th><td>23-1\/8&#8243;<\/td><\/tr><tr><th>Profondeur de l&#8217;appareil<sup>1<\/sup><\/th><td>17-5\/8&#8243;<\/td><\/tr><tr><th>Profondeur d&#8217;ouverture minimale du foyer<\/th><td>17-7\/8&#8243;<\/td><\/tr><tr><th>Type de carburant<\/th><td>Bois<\/td><\/tr><tr><th>Capacit\u00e9 de chauffage<sup>3<\/sup><\/th><td>1 000 \u00e0 2 400 pieds carr\u00e9s<\/td><\/tr><tr><th>Efficacit\u00e9<sup>5<\/sup><\/th><td>PCI 77%, PCS 71%<\/td><\/tr><tr><th>\u00c9missions<\/th><td>1,85 grammes\/heure<\/td><\/tr><\/tbody><\/table><div class=\"specifications__product-info\"><p><sup>1<\/sup>\u00a0La profondeur de l&#8217;appareil comprend l&#8217;unit\u00e9 enti\u00e8re, y compris la profondeur de la chambre de combustion et l&#8217;extension sur le foyer.<\/p><p><sup>3<\/sup>\u00a0Ceci est un guide g\u00e9n\u00e9ral, consultez votre revendeur local pour obtenir de l&#8217;aide pour d\u00e9terminer le produit qui r\u00e9pond le mieux \u00e0 vos besoins de chauffage en fonction du climat, de l&#8217;efficacit\u00e9 de la maison, de l&#8217;emplacement du radiateur et du mouvement de l&#8217;air dans la pi\u00e8ce.<\/p><p><sup>5<\/sup>\u00a0Efficacit\u00e9 moyenne pond\u00e9r\u00e9e du PCI (faible pouvoir calorifique) et du PCS (pouvoir calorifique \u00e9lev\u00e9) \u00e0 l&#8217;aide des donn\u00e9es collect\u00e9es lors des tests d&#8217;\u00e9missions de l&#8217;EPA. Une efficacit\u00e9 des PCS sup\u00e9rieure \u00e0 75 % donne droit au cr\u00e9dit d&#8217;imp\u00f4t f\u00e9d\u00e9ral.<\/p><p>La puissance calorifique varie en fonction du type de combustible utilis\u00e9. L&#8217;apparence des flammes et des braises peut varier en fonction du type de combustible br\u00fbl\u00e9 et de la configuration de ventilation utilis\u00e9e. L&#8217;apparence r\u00e9elle du produit, y compris la flamme, peut diff\u00e9rer de l&#8217;image pr\u00e9sent\u00e9e. Reportez-vous au manuel du propri\u00e9taire pour conna\u00eetre toutes les exigences et sp\u00e9cifications de d\u00e9gagement. Sp\u00e9cifications du produit et prix sujets \u00e0 changement sans pr\u00e9avis. Pour les tests et les informations de liste, veuillez vous r\u00e9f\u00e9rer au manuel du propri\u00e9taire\/d&#8217;installation.<\/p><p>*Pour certains produits : La capacit\u00e9 calorifique doit \u00eatre utilis\u00e9e \u00e0 titre indicatif seulement. Consultez votre revendeur local pour obtenir de l&#8217;aide afin de d\u00e9terminer le produit qui r\u00e9pond le mieux \u00e0 vos besoins de chauffage en fonction du climat et de l&#8217;efficacit\u00e9 de la maison.<\/p><p>\u00a0<\/p><\/div><\/div><\/div><\/div>\t\t\t\t\t\t\t\t<\/div>\n\t\t\t\t<\/div>\n\t\t\t\t\t<\/div>\n\t\t<\/div>\n\t\t\t\t\t<\/div>\n\t\t<\/section>\n\t\t\t\t<section class=\"elementor-section elementor-top-section elementor-element elementor-element-2b6ec9b elementor-section-boxed elementor-section-height-default elementor-section-height-default\" data-id=\"2b6ec9b\" data-element_type=\"section\">\n\t\t\t\t\t\t<div class=\"elementor-container elementor-column-gap-default\">\n\t\t\t\t\t<div class=\"elementor-column elementor-col-100 elementor-top-column elementor-element elementor-element-c8408b2\" data-id=\"c8408b2\" data-element_type=\"column\">\n\t\t\t<div class=\"elementor-widget-wrap elementor-element-populated\">\n\t\t\t\t\t\t<div class=\"elementor-element elementor-element-83b1635 elementor-tabs-view-horizontal elementor-widget elementor-widget-tabs\" data-id=\"83b1635\" data-element_type=\"widget\" data-widget_type=\"tabs.default\">\n\t\t\t\t<div class=\"elementor-widget-container\">\n\t\t\t\t\t\t\t<div class=\"elementor-tabs\">\n\t\t\t<div class=\"elementor-tabs-wrapper\" role=\"tablist\" >\n\t\t\t\t\t\t\t\t\t<div id=\"elementor-tab-title-1381\" class=\"elementor-tab-title elementor-tab-desktop-title\" aria-selected=\"true\" data-tab=\"1\" role=\"tab\" tabindex=\"0\" aria-controls=\"elementor-tab-content-1381\" aria-expanded=\"false\">Fichiers<\/div>\n\t\t\t\t\t\t\t<\/div>\n\t\t\t<div class=\"elementor-tabs-content-wrapper\" role=\"tablist\" aria-orientation=\"vertical\">\n\t\t\t\t\t\t\t\t\t<div class=\"elementor-tab-title elementor-tab-mobile-title\" aria-selected=\"true\" data-tab=\"1\" role=\"tab\" tabindex=\"0\" aria-controls=\"elementor-tab-content-1381\" aria-expanded=\"false\">Fichiers<\/div>\n\t\t\t\t\t<div id=\"elementor-tab-content-1381\" class=\"elementor-tab-content elementor-clearfix\" data-tab=\"1\" role=\"tabpanel\" aria-labelledby=\"elementor-tab-title-1381\" tabindex=\"0\" hidden=\"false\"><i class=\"far fa-file-pdf fa-xl\" style=\"font-size:35px\"><\/i><a href=\"https:\/\/www.belleflamme.ca\/wp-content\/uploads\/2024\/04\/VMT-1007C_Wood-burning-Insert_Inserts_fre-CA.pdf\"> Brochure<\/a><\/br>\n<i class=\"far fa-file-pdf fa-xl\" style=\"font-size:35px\"><\/i><a href=\"https:\/\/www.belleflamme.ca\/wp-content\/uploads\/2024\/04\/MONTPELIER_II_WOOD_INS_INSTALLATION_FRENCH_CANADIAN_FC7101_802.pdf\"> Installation<\/a><\/br>\n<i class=\"far fa-file-pdf fa-xl\" style=\"font-size:35px\"><\/i><a href=\"https:\/\/www.belleflamme.ca\/wp-content\/uploads\/2024\/04\/MONTPELIER_II_WOOD_INS_OWNERS_FRENCH_CANADIAN_FC7101_803.pdf\"> Manuel<\/a><\/br>\n<i class=\"far fa-file-pdf fa-xl\" style=\"font-size:35px\"><\/i><a href=\"https:\/\/www.belleflamme.ca\/wp-content\/uploads\/2024\/04\/MONTP-II.pdf\"> PI\u00e8ces<\/a><\/br><\/div>\n\t\t\t\t\t\t\t<\/div>\n\t\t<\/div>\n\t\t\t\t\t\t<\/div>\n\t\t\t\t<\/div>\n\t\t\t\t\t<\/div>\n\t\t<\/div>\n\t\t\t\t\t<\/div>\n\t\t<\/section>\n\t\t\t\t<\/div>\n\t\t","protected":false},"excerpt":{"rendered":"<p>Regarder les flammes et ressentir la chaleur d&#8217;un feu de bois est une exp\u00e9rience qui ne vieillit jamais. L&#8217;insert \u00e0 bois Montpelier II conserve cet attrait intemporel et met en valeur de grandes vues d\u00e9gag\u00e9es sur le feu, transformant votre foyer existant \u00e0 courants d&#8217;air en une pi\u00e8ce ma\u00eetresse efficace. Fi\u00e8rement fabriqu\u00e9 et moul\u00e9 par [&hellip;]<\/p>\n","protected":false},"featured_media":33454,"template":"","meta":{"inline_featured_image":false},"product_brand":[1273],"product_cat":[33,34,42],"product_tag":[],"class_list":{"0":"post-33453","1":"product","2":"type-product","3":"status-publish","4":"has-post-thumbnail","6":"product_brand-vermont-casting","7":"product_cat-poeles-et-foyers","8":"product_cat-poeles-et-foyers-au-bois","9":"product_cat-encastrables-au-bois","11":"first","12":"instock","13":"taxable","14":"shipping-taxable","15":"purchasable","16":"product-type-variable"},"yoast_head":"<!-- This site is optimized with the Yoast SEO Premium plugin v24.2 (Yoast SEO v24.2) - https:\/\/yoast.com\/wordpress\/plugins\/seo\/ -->\n<title>Foyer Encastrable \u00e0 bois Montpelier II de Vermont Castings - Groupe BelleFlamme<\/title>\n<meta name=\"description\" content=\"Foyer Encastrable \u00e0 bois Montpelier II de Vermont Castings vendu et install\u00e9 par le Groupe Belleflamme. Laval, Montr\u00e9al, Gatineau et Saint-Sauveur.\" \/>\n<meta name=\"robots\" content=\"index, follow, max-snippet:-1, max-image-preview:large, max-video-preview:-1\" \/>\n<link rel=\"canonical\" href=\"https:\/\/staging.belleflamme.ca\/fr\/produit\/foyer-encastrable-a-bois-montpelier-ii-de-vermont-castings\/\" \/>\n<meta property=\"og:locale\" content=\"fr_FR\" \/>\n<meta property=\"og:type\" content=\"article\" \/>\n<meta property=\"og:title\" content=\"Foyer Encastrable \u00e0 bois Montpelier II de Vermont Castings\" \/>\n<meta property=\"og:description\" content=\"Foyer Encastrable \u00e0 bois Montpelier II de Vermont Castings vendu et install\u00e9 par le Groupe Belleflamme. Laval, Montr\u00e9al, Gatineau et Saint-Sauveur.\" \/>\n<meta property=\"og:url\" content=\"https:\/\/staging.belleflamme.ca\/fr\/produit\/foyer-encastrable-a-bois-montpelier-ii-de-vermont-castings\/\" \/>\n<meta property=\"og:site_name\" content=\"Groupe BelleFlamme\" \/>\n<meta property=\"article:publisher\" content=\"https:\/\/www.facebook.com\/belleflamme.ca\/\" \/>\n<meta property=\"article:modified_time\" content=\"2025-03-31T10:51:33+00:00\" \/>\n<meta property=\"og:image\" content=\"https:\/\/www.belleflamme.ca\/wp-content\/uploads\/2024\/04\/Foyer-Encastrable-a-bois-Montpelier-II-de-Vermont-Castings.jpg\" \/>\n\t<meta property=\"og:image:width\" content=\"1445\" \/>\n\t<meta property=\"og:image:height\" content=\"963\" \/>\n\t<meta property=\"og:image:type\" content=\"image\/jpeg\" \/>\n<meta name=\"twitter:card\" content=\"summary_large_image\" \/>\n<meta name=\"twitter:label1\" content=\"Disponibilit\u00e9\" \/>\n\t<meta name=\"twitter:data1\" content=\"En stock\" \/>\n<script type=\"application\/ld+json\" class=\"yoast-schema-graph\">{\"@context\":\"https:\/\/schema.org\",\"@graph\":[{\"@type\":[\"WebPage\",\"ItemPage\"],\"@id\":\"https:\/\/staging.belleflamme.ca\/fr\/produit\/foyer-encastrable-a-bois-montpelier-ii-de-vermont-castings\/\",\"url\":\"https:\/\/staging.belleflamme.ca\/fr\/produit\/foyer-encastrable-a-bois-montpelier-ii-de-vermont-castings\/\",\"name\":\"Foyer Encastrable \u00e0 bois Montpelier II de Vermont Castings - Groupe BelleFlamme\",\"isPartOf\":{\"@id\":\"https:\/\/www.belleflamme.ca\/fr\/#website\"},\"primaryImageOfPage\":{\"@id\":\"https:\/\/staging.belleflamme.ca\/fr\/produit\/foyer-encastrable-a-bois-montpelier-ii-de-vermont-castings\/#primaryimage\"},\"image\":{\"@id\":\"https:\/\/staging.belleflamme.ca\/fr\/produit\/foyer-encastrable-a-bois-montpelier-ii-de-vermont-castings\/#primaryimage\"},\"thumbnailUrl\":\"https:\/\/staging.belleflamme.ca\/wp-content\/uploads\/2024\/04\/Foyer-Encastrable-a-bois-Montpelier-II-de-Vermont-Castings.jpg\",\"datePublished\":\"2024-04-14T17:43:31+00:00\",\"dateModified\":\"2025-03-31T10:51:33+00:00\",\"description\":\"Foyer Encastrable \u00e0 bois Montpelier II de Vermont Castings vendu et install\u00e9 par le Groupe Belleflamme. Laval, Montr\u00e9al, Gatineau et Saint-Sauveur.\",\"breadcrumb\":{\"@id\":\"https:\/\/staging.belleflamme.ca\/fr\/produit\/foyer-encastrable-a-bois-montpelier-ii-de-vermont-castings\/#breadcrumb\"},\"inLanguage\":\"fr-FR\",\"potentialAction\":[{\"@type\":\"ReadAction\",\"target\":[\"https:\/\/staging.belleflamme.ca\/fr\/produit\/foyer-encastrable-a-bois-montpelier-ii-de-vermont-castings\/\"]}]},{\"@type\":\"ImageObject\",\"inLanguage\":\"fr-FR\",\"@id\":\"https:\/\/staging.belleflamme.ca\/fr\/produit\/foyer-encastrable-a-bois-montpelier-ii-de-vermont-castings\/#primaryimage\",\"url\":\"https:\/\/staging.belleflamme.ca\/wp-content\/uploads\/2024\/04\/Foyer-Encastrable-a-bois-Montpelier-II-de-Vermont-Castings.jpg\",\"contentUrl\":\"https:\/\/staging.belleflamme.ca\/wp-content\/uploads\/2024\/04\/Foyer-Encastrable-a-bois-Montpelier-II-de-Vermont-Castings.jpg\",\"width\":1445,\"height\":963,\"caption\":\"Foyer Encastrable \u00e0 bois Montpelier II de Vermont Castings\"},{\"@type\":\"BreadcrumbList\",\"@id\":\"https:\/\/staging.belleflamme.ca\/fr\/produit\/foyer-encastrable-a-bois-montpelier-ii-de-vermont-castings\/#breadcrumb\",\"itemListElement\":[{\"@type\":\"ListItem\",\"position\":1,\"name\":\"Accueil\",\"item\":\"https:\/\/www.belleflamme.ca\/fr\/\"},{\"@type\":\"ListItem\",\"position\":2,\"name\":\"Boutique\",\"item\":\"https:\/\/www.belleflamme.ca\/fr\/boutique\/\"},{\"@type\":\"ListItem\",\"position\":3,\"name\":\"Po\u00eales &amp; Foyers\",\"item\":\"https:\/\/staging.belleflamme.ca\/fr\/categories\/poeles-et-foyers\/\"},{\"@type\":\"ListItem\",\"position\":4,\"name\":\"Po\u00eales &amp; Foyers au Bois\",\"item\":\"https:\/\/staging.belleflamme.ca\/fr\/categories\/poeles-et-foyers\/poeles-et-foyers-au-bois\/\"},{\"@type\":\"ListItem\",\"position\":5,\"name\":\"Encastrables au Bois\",\"item\":\"https:\/\/staging.belleflamme.ca\/fr\/categories\/poeles-et-foyers\/poeles-et-foyers-au-bois\/encastrables-au-bois\/\"},{\"@type\":\"ListItem\",\"position\":6,\"name\":\"Foyer Encastrable \u00e0 bois Montpelier II de Vermont Castings\"}]},{\"@type\":\"WebSite\",\"@id\":\"https:\/\/www.belleflamme.ca\/fr\/#website\",\"url\":\"https:\/\/www.belleflamme.ca\/fr\/\",\"name\":\"Groupe Belleflamme\",\"description\":\"La m\u00e9canique du b\u00e2timent dans le sang.\",\"publisher\":{\"@id\":\"https:\/\/www.belleflamme.ca\/fr\/#organization\"},\"potentialAction\":[{\"@type\":\"SearchAction\",\"target\":{\"@type\":\"EntryPoint\",\"urlTemplate\":\"https:\/\/www.belleflamme.ca\/fr\/?s={search_term_string}\"},\"query-input\":{\"@type\":\"PropertyValueSpecification\",\"valueRequired\":true,\"valueName\":\"search_term_string\"}}],\"inLanguage\":\"fr-FR\"},{\"@type\":[\"Organization\",\"Place\"],\"@id\":\"https:\/\/www.belleflamme.ca\/fr\/#organization\",\"name\":\"Groupe Belleflamme\",\"alternateName\":\"Belleflamme\",\"url\":\"https:\/\/www.belleflamme.ca\/fr\/\",\"logo\":{\"@type\":\"ImageObject\",\"inLanguage\":\"fr-FR\",\"@id\":\"https:\/\/www.belleflamme.ca\/fr\/#\/schema\/logo\/image\/\",\"url\":\"https:\/\/staging.belleflamme.ca\/wp-content\/uploads\/2023\/01\/og-image.jpg\",\"contentUrl\":\"https:\/\/staging.belleflamme.ca\/wp-content\/uploads\/2023\/01\/og-image.jpg\",\"width\":1200,\"height\":630,\"caption\":\"Groupe Belleflamme\"},\"image\":{\"@id\":\"https:\/\/www.belleflamme.ca\/fr\/#\/schema\/logo\/image\/\"},\"sameAs\":[\"https:\/\/www.facebook.com\/belleflamme.ca\/\",\"https:\/\/www.linkedin.com\/company\/belleflamme\/\",\"https:\/\/www.pinterest.ca\/groupebelleflamme\/\",\"https:\/\/www.instagram.com\/legroupebelleflamme\/\"],\"mainEntityOfPage\":{\"@id\":\"https:\/\/staging.belleflamme.ca\/fr\/produit\/foyer-encastrable-a-bois-montpelier-ii-de-vermont-castings\/\"}}]}<\/script>\n<meta property=\"product:brand\" content=\"Vermont Casting\" \/>\n<meta property=\"og:availability\" content=\"instock\" \/>\n<meta property=\"product:availability\" content=\"instock\" \/>\n<meta property=\"product:condition\" content=\"new\" \/>\n<!-- \/ Yoast SEO Premium plugin. -->","yoast_head_json":{"title":"Foyer Encastrable \u00e0 bois Montpelier II de Vermont Castings - Groupe BelleFlamme","description":"Foyer Encastrable \u00e0 bois Montpelier II de Vermont Castings vendu et install\u00e9 par le Groupe Belleflamme. Laval, Montr\u00e9al, Gatineau et Saint-Sauveur.","robots":{"index":"index","follow":"follow","max-snippet":"max-snippet:-1","max-image-preview":"max-image-preview:large","max-video-preview":"max-video-preview:-1"},"canonical":"https:\/\/staging.belleflamme.ca\/fr\/produit\/foyer-encastrable-a-bois-montpelier-ii-de-vermont-castings\/","og_locale":"fr_FR","og_type":"article","og_title":"Foyer Encastrable \u00e0 bois Montpelier II de Vermont Castings","og_description":"Foyer Encastrable \u00e0 bois Montpelier II de Vermont Castings vendu et install\u00e9 par le Groupe Belleflamme. Laval, Montr\u00e9al, Gatineau et Saint-Sauveur.","og_url":"https:\/\/staging.belleflamme.ca\/fr\/produit\/foyer-encastrable-a-bois-montpelier-ii-de-vermont-castings\/","og_site_name":"Groupe BelleFlamme","article_publisher":"https:\/\/www.facebook.com\/belleflamme.ca\/","article_modified_time":"2025-03-31T10:51:33+00:00","og_image":[{"width":1445,"height":963,"url":"https:\/\/www.belleflamme.ca\/wp-content\/uploads\/2024\/04\/Foyer-Encastrable-a-bois-Montpelier-II-de-Vermont-Castings.jpg","type":"image\/jpeg"}],"twitter_card":"summary_large_image","twitter_misc":{"Disponibilit\u00e9":"En stock"},"schema":{"@context":"https:\/\/schema.org","@graph":[{"@type":["WebPage","ItemPage"],"@id":"https:\/\/staging.belleflamme.ca\/fr\/produit\/foyer-encastrable-a-bois-montpelier-ii-de-vermont-castings\/","url":"https:\/\/staging.belleflamme.ca\/fr\/produit\/foyer-encastrable-a-bois-montpelier-ii-de-vermont-castings\/","name":"Foyer Encastrable \u00e0 bois Montpelier II de Vermont Castings - Groupe BelleFlamme","isPartOf":{"@id":"https:\/\/www.belleflamme.ca\/fr\/#website"},"primaryImageOfPage":{"@id":"https:\/\/staging.belleflamme.ca\/fr\/produit\/foyer-encastrable-a-bois-montpelier-ii-de-vermont-castings\/#primaryimage"},"image":{"@id":"https:\/\/staging.belleflamme.ca\/fr\/produit\/foyer-encastrable-a-bois-montpelier-ii-de-vermont-castings\/#primaryimage"},"thumbnailUrl":"https:\/\/staging.belleflamme.ca\/wp-content\/uploads\/2024\/04\/Foyer-Encastrable-a-bois-Montpelier-II-de-Vermont-Castings.jpg","datePublished":"2024-04-14T17:43:31+00:00","dateModified":"2025-03-31T10:51:33+00:00","description":"Foyer Encastrable \u00e0 bois Montpelier II de Vermont Castings vendu et install\u00e9 par le Groupe Belleflamme. Laval, Montr\u00e9al, Gatineau et Saint-Sauveur.","breadcrumb":{"@id":"https:\/\/staging.belleflamme.ca\/fr\/produit\/foyer-encastrable-a-bois-montpelier-ii-de-vermont-castings\/#breadcrumb"},"inLanguage":"fr-FR","potentialAction":[{"@type":"ReadAction","target":["https:\/\/staging.belleflamme.ca\/fr\/produit\/foyer-encastrable-a-bois-montpelier-ii-de-vermont-castings\/"]}]},{"@type":"ImageObject","inLanguage":"fr-FR","@id":"https:\/\/staging.belleflamme.ca\/fr\/produit\/foyer-encastrable-a-bois-montpelier-ii-de-vermont-castings\/#primaryimage","url":"https:\/\/staging.belleflamme.ca\/wp-content\/uploads\/2024\/04\/Foyer-Encastrable-a-bois-Montpelier-II-de-Vermont-Castings.jpg","contentUrl":"https:\/\/staging.belleflamme.ca\/wp-content\/uploads\/2024\/04\/Foyer-Encastrable-a-bois-Montpelier-II-de-Vermont-Castings.jpg","width":1445,"height":963,"caption":"Foyer Encastrable \u00e0 bois Montpelier II de Vermont Castings"},{"@type":"BreadcrumbList","@id":"https:\/\/staging.belleflamme.ca\/fr\/produit\/foyer-encastrable-a-bois-montpelier-ii-de-vermont-castings\/#breadcrumb","itemListElement":[{"@type":"ListItem","position":1,"name":"Accueil","item":"https:\/\/www.belleflamme.ca\/fr\/"},{"@type":"ListItem","position":2,"name":"Boutique","item":"https:\/\/www.belleflamme.ca\/fr\/boutique\/"},{"@type":"ListItem","position":3,"name":"Po\u00eales &amp; Foyers","item":"https:\/\/staging.belleflamme.ca\/fr\/categories\/poeles-et-foyers\/"},{"@type":"ListItem","position":4,"name":"Po\u00eales &amp; Foyers au Bois","item":"https:\/\/staging.belleflamme.ca\/fr\/categories\/poeles-et-foyers\/poeles-et-foyers-au-bois\/"},{"@type":"ListItem","position":5,"name":"Encastrables au Bois","item":"https:\/\/staging.belleflamme.ca\/fr\/categories\/poeles-et-foyers\/poeles-et-foyers-au-bois\/encastrables-au-bois\/"},{"@type":"ListItem","position":6,"name":"Foyer Encastrable \u00e0 bois Montpelier II de Vermont Castings"}]},{"@type":"WebSite","@id":"https:\/\/www.belleflamme.ca\/fr\/#website","url":"https:\/\/www.belleflamme.ca\/fr\/","name":"Groupe Belleflamme","description":"La m\u00e9canique du b\u00e2timent dans le sang.","publisher":{"@id":"https:\/\/www.belleflamme.ca\/fr\/#organization"},"potentialAction":[{"@type":"SearchAction","target":{"@type":"EntryPoint","urlTemplate":"https:\/\/www.belleflamme.ca\/fr\/?s={search_term_string}"},"query-input":{"@type":"PropertyValueSpecification","valueRequired":true,"valueName":"search_term_string"}}],"inLanguage":"fr-FR"},{"@type":["Organization","Place"],"@id":"https:\/\/www.belleflamme.ca\/fr\/#organization","name":"Groupe Belleflamme","alternateName":"Belleflamme","url":"https:\/\/www.belleflamme.ca\/fr\/","logo":{"@type":"ImageObject","inLanguage":"fr-FR","@id":"https:\/\/www.belleflamme.ca\/fr\/#\/schema\/logo\/image\/","url":"https:\/\/staging.belleflamme.ca\/wp-content\/uploads\/2023\/01\/og-image.jpg","contentUrl":"https:\/\/staging.belleflamme.ca\/wp-content\/uploads\/2023\/01\/og-image.jpg","width":1200,"height":630,"caption":"Groupe Belleflamme"},"image":{"@id":"https:\/\/www.belleflamme.ca\/fr\/#\/schema\/logo\/image\/"},"sameAs":["https:\/\/www.facebook.com\/belleflamme.ca\/","https:\/\/www.linkedin.com\/company\/belleflamme\/","https:\/\/www.pinterest.ca\/groupebelleflamme\/","https:\/\/www.instagram.com\/legroupebelleflamme\/"],"mainEntityOfPage":{"@id":"https:\/\/staging.belleflamme.ca\/fr\/produit\/foyer-encastrable-a-bois-montpelier-ii-de-vermont-castings\/"}}]},"product_brand":"Vermont Casting","og_availability":"instock","product_availability":"instock","product_condition":"new"},"_links":{"self":[{"href":"https:\/\/staging.belleflamme.ca\/fr\/wp-json\/wp\/v2\/product\/33453","targetHints":{"allow":["GET"]}}],"collection":[{"href":"https:\/\/staging.belleflamme.ca\/fr\/wp-json\/wp\/v2\/product"}],"about":[{"href":"https:\/\/staging.belleflamme.ca\/fr\/wp-json\/wp\/v2\/types\/product"}],"version-history":[{"count":5,"href":"https:\/\/staging.belleflamme.ca\/fr\/wp-json\/wp\/v2\/product\/33453\/revisions"}],"predecessor-version":[{"id":42862,"href":"https:\/\/staging.belleflamme.ca\/fr\/wp-json\/wp\/v2\/product\/33453\/revisions\/42862"}],"wp:featuredmedia":[{"embeddable":true,"href":"https:\/\/staging.belleflamme.ca\/fr\/wp-json\/wp\/v2\/media\/33454"}],"wp:attachment":[{"href":"https:\/\/staging.belleflamme.ca\/fr\/wp-json\/wp\/v2\/media?parent=33453"}],"wp:term":[{"taxonomy":"product_brand","embeddable":true,"href":"https:\/\/staging.belleflamme.ca\/fr\/wp-json\/wp\/v2\/product_brand?post=33453"},{"taxonomy":"product_cat","embeddable":true,"href":"https:\/\/staging.belleflamme.ca\/fr\/wp-json\/wp\/v2\/product_cat?post=33453"},{"taxonomy":"product_tag","embeddable":true,"href":"https:\/\/staging.belleflamme.ca\/fr\/wp-json\/wp\/v2\/product_tag?post=33453"}],"curies":[{"name":"wp","href":"https:\/\/api.w.org\/{rel}","templated":true}]}}