{"id":33312,"date":"2024-04-14T11:46:38","date_gmt":"2024-04-14T15:46:38","guid":{"rendered":"https:\/\/www.belleflamme.ca\/?post_type=product&#038;p=33312"},"modified":"2025-03-31T14:30:48","modified_gmt":"2025-03-31T18:30:48","slug":"poele-a-bois-defiant-de-vermont-casting","status":"publish","type":"product","link":"https:\/\/staging.belleflamme.ca\/fr\/produit\/poele-a-bois-defiant-de-vermont-casting\/","title":{"rendered":"Po\u00eale \u00e0 bois Defiant de Vermont Casting"},"content":{"rendered":"\t\t<div data-elementor-type=\"product-post\" data-elementor-id=\"33312\" class=\"elementor elementor-33312\" data-elementor-post-type=\"product\">\n\t\t\t\t\t\t<section class=\"elementor-section elementor-top-section elementor-element elementor-element-41631c44 elementor-section-boxed elementor-section-height-default elementor-section-height-default\" data-id=\"41631c44\" data-element_type=\"section\">\n\t\t\t\t\t\t<div class=\"elementor-container elementor-column-gap-default\">\n\t\t\t\t\t<div class=\"elementor-column elementor-col-100 elementor-top-column elementor-element elementor-element-3c298288\" data-id=\"3c298288\" data-element_type=\"column\">\n\t\t\t<div class=\"elementor-widget-wrap elementor-element-populated\">\n\t\t\t\t\t\t<div class=\"elementor-element elementor-element-21314547 elementor-widget elementor-widget-text-editor\" data-id=\"21314547\" data-element_type=\"widget\" data-widget_type=\"text-editor.default\">\n\t\t\t\t<div class=\"elementor-widget-container\">\n\t\t\t\t\t\t\t\t\t<p><iframe title=\"YouTube video player\" src=\"https:\/\/www.youtube.com\/embed\/DlNr6NZA94E?si=SdKDT9xurvkZ7ld-\" width=\"560\" height=\"315\" frameborder=\"0\" allowfullscreen=\"allowfullscreen\"><\/iframe><\/p><p>Le Defiant offre plus que de la chaleur : c&#8217;est un morceau intemporel et habilement con\u00e7u de l&#8217;histoire am\u00e9ricaine. En fait, le dernier Defiant Parlor Stove original se trouve dans la collection d&#8217;histoire nationale du Smithsonian. Nomm\u00e9 il y a plus de 40 ans pour \u00ab d\u00e9fier le souffle hivernal \u00bb, le Defiant d&#8217;aujourd&#8217;hui fait cela et bien plus encore.<\/p><p>Tout est con\u00e7u dans un souci de commodit\u00e9. Tu peux:<\/p><ul><li>Chargez facilement le bois par le haut, minimisant les efforts et gardant la fum\u00e9e et les braises contenues.<\/li><li>Retirez proprement les cendres, m\u00eame lorsque le po\u00eale est chaud, gr\u00e2ce au cendrier pivotant exclusif et au couvercle \u00e0 poign\u00e9e.<\/li><li>Profitez de dur\u00e9es de combustion plus longues avec une chaleur plus uniforme gr\u00e2ce \u00e0 une combustion contr\u00f4l\u00e9e par thermostat.<\/li><li>Parfait pour les pi\u00e8ces de taille moyenne et plus grandes.<\/li><\/ul><div class=\"specifications__common\"><div class=\"product-para\">Dimensions en pouces. Reportez-vous au manuel d&#8217;installation\/du propri\u00e9taire pour les sp\u00e9cifications d\u00e9taill\u00e9es sur l&#8217;installation de ce produit. Hearth &amp; Home Technologies se r\u00e9serve le droit de mettre \u00e0 jour les unit\u00e9s p\u00e9riodiquement. L&#8217;installation du produit doit respecter strictement les instructions livr\u00e9es avec le produit.<\/div><\/div><div class=\"specifications__wrapper\"><div class=\"specifications__left\"><div class=\"product-title\">Sp\u00e9cifications du mod\u00e8le<\/div><div class=\"specifications__product\"><div class=\"specifications__product-title\">Po\u00eale \u00e0 bois Defiant<\/div><table class=\"specifications__product-table\"><tbody><tr><th>Largeur de l&#8217;appareil<\/th><td>32-3\/8&#8243;<\/td><\/tr><tr><th>Hauteur de l&#8217;appareil<\/th><td>28-7\/8&#8243;<\/td><\/tr><tr><th>Profondeur de l&#8217;appareil<sup>1<\/sup><\/th><td>23-3\/4&#8243;<\/td><\/tr><tr><th>Type de carburant<\/th><td>Bois<\/td><\/tr><tr><th>Capacit\u00e9 de chauffage<sup>3<\/sup><\/th><td>1 300 \u00e0 2 800 pieds carr\u00e9s<\/td><\/tr><tr><th>Efficacit\u00e9<sup>5<\/sup><\/th><td>PCI 84%, PCS 78%<\/td><\/tr><tr><th>\u00c9missions<\/th><td>1,3 grammes\/heure<\/td><\/tr><\/tbody><\/table><div class=\"specifications__product-info\"><p><sup>1<\/sup>\u00a0La profondeur de l&#8217;appareil comprend l&#8217;unit\u00e9 enti\u00e8re, y compris la profondeur de la chambre de combustion et l&#8217;extension sur le foyer.<\/p><p><sup>3<\/sup>\u00a0Ceci est un guide g\u00e9n\u00e9ral, consultez votre revendeur local pour obtenir de l&#8217;aide pour d\u00e9terminer le produit qui r\u00e9pond le mieux \u00e0 vos besoins de chauffage en fonction du climat, de l&#8217;efficacit\u00e9 de la maison, de l&#8217;emplacement du radiateur et du mouvement de l&#8217;air dans la pi\u00e8ce.<\/p><p><sup>5<\/sup>\u00a0Efficacit\u00e9 moyenne pond\u00e9r\u00e9e du PCI (faible pouvoir calorifique) et du PCS (pouvoir calorifique \u00e9lev\u00e9) \u00e0 l&#8217;aide des donn\u00e9es collect\u00e9es lors des tests d&#8217;\u00e9missions de l&#8217;EPA. Une efficacit\u00e9 des PCS sup\u00e9rieure \u00e0 75 % donne droit au cr\u00e9dit d&#8217;imp\u00f4t f\u00e9d\u00e9ral.<\/p><p>La puissance calorifique varie en fonction du type de combustible utilis\u00e9. L&#8217;apparence des flammes et des braises peut varier en fonction du type de combustible br\u00fbl\u00e9 et de la configuration de ventilation utilis\u00e9e. L&#8217;apparence r\u00e9elle du produit, y compris la flamme, peut diff\u00e9rer de l&#8217;image pr\u00e9sent\u00e9e. Reportez-vous au manuel du propri\u00e9taire pour conna\u00eetre toutes les exigences et sp\u00e9cifications de d\u00e9gagement. Sp\u00e9cifications du produit et prix sujets \u00e0 changement sans pr\u00e9avis. Pour les tests et les informations de liste, veuillez vous r\u00e9f\u00e9rer au manuel du propri\u00e9taire\/d&#8217;installation.<\/p><p>*Pour certains produits : La capacit\u00e9 calorifique doit \u00eatre utilis\u00e9e \u00e0 titre indicatif seulement. Consultez votre revendeur local pour obtenir de l&#8217;aide afin de d\u00e9terminer le produit qui r\u00e9pond le mieux \u00e0 vos besoins de chauffage en fonction du climat et de l&#8217;efficacit\u00e9 de la maison.<\/p><p>\u00a0<\/p><\/div><\/div><\/div><\/div>\t\t\t\t\t\t\t\t<\/div>\n\t\t\t\t<\/div>\n\t\t\t\t\t<\/div>\n\t\t<\/div>\n\t\t\t\t\t<\/div>\n\t\t<\/section>\n\t\t\t\t<section class=\"elementor-section elementor-top-section elementor-element elementor-element-b98d70f elementor-section-boxed elementor-section-height-default elementor-section-height-default\" data-id=\"b98d70f\" data-element_type=\"section\">\n\t\t\t\t\t\t<div class=\"elementor-container elementor-column-gap-default\">\n\t\t\t\t\t<div class=\"elementor-column elementor-col-100 elementor-top-column elementor-element elementor-element-0278ac9\" data-id=\"0278ac9\" data-element_type=\"column\">\n\t\t\t<div class=\"elementor-widget-wrap elementor-element-populated\">\n\t\t\t\t\t\t<div class=\"elementor-element elementor-element-2bf4961 elementor-tabs-view-horizontal elementor-widget elementor-widget-tabs\" data-id=\"2bf4961\" data-element_type=\"widget\" data-widget_type=\"tabs.default\">\n\t\t\t\t<div class=\"elementor-widget-container\">\n\t\t\t\t\t\t\t<div class=\"elementor-tabs\">\n\t\t\t<div class=\"elementor-tabs-wrapper\" role=\"tablist\" >\n\t\t\t\t\t\t\t\t\t<div id=\"elementor-tab-title-4601\" class=\"elementor-tab-title elementor-tab-desktop-title\" aria-selected=\"true\" data-tab=\"1\" role=\"tab\" tabindex=\"0\" aria-controls=\"elementor-tab-content-4601\" aria-expanded=\"false\">Fichiers<\/div>\n\t\t\t\t\t\t\t<\/div>\n\t\t\t<div class=\"elementor-tabs-content-wrapper\" role=\"tablist\" aria-orientation=\"vertical\">\n\t\t\t\t\t\t\t\t\t<div class=\"elementor-tab-title elementor-tab-mobile-title\" aria-selected=\"true\" data-tab=\"1\" role=\"tab\" tabindex=\"0\" aria-controls=\"elementor-tab-content-4601\" aria-expanded=\"false\">Fichiers<\/div>\n\t\t\t\t\t<div id=\"elementor-tab-content-4601\" class=\"elementor-tab-content elementor-clearfix\" data-tab=\"1\" role=\"tabpanel\" aria-labelledby=\"elementor-tab-title-4601\" tabindex=\"0\" hidden=\"false\"><i class=\"far fa-file-pdf fa-xl\" style=\"font-size:35px\"><\/i><a href=\"https:\/\/www.belleflamme.ca\/wp-content\/uploads\/2024\/04\/VMT-1011C_WoodStoves_fr_brochure-2-1.pdf\"> Brochure<\/a><\/br>\n<i class=\"far fa-file-pdf fa-xl\" style=\"font-size:35px\"><\/i><a href=\"https:\/\/www.belleflamme.ca\/wp-content\/uploads\/2024\/04\/8390-975_Defiant_Model_1975-CAT-C_FC.pdf\"> Installation et Manuel<\/a><\/br>\n<i class=\"far fa-file-pdf fa-xl\" style=\"font-size:35px\"><\/i><a href=\"https:\/\/www.belleflamme.ca\/wp-content\/uploads\/2024\/04\/Defiant_CAT-C.pdf\"> Pi\u00e8ces<\/a><\/br><\/div>\n\t\t\t\t\t\t\t<\/div>\n\t\t<\/div>\n\t\t\t\t\t\t<\/div>\n\t\t\t\t<\/div>\n\t\t\t\t\t<\/div>\n\t\t<\/div>\n\t\t\t\t\t<\/div>\n\t\t<\/section>\n\t\t\t\t<\/div>\n\t\t","protected":false},"excerpt":{"rendered":"<p>Le Defiant offre plus que de la chaleur : c&#8217;est un morceau intemporel et habilement con\u00e7u de l&#8217;histoire am\u00e9ricaine. En fait, le dernier Defiant Parlor Stove original se trouve dans la collection d&#8217;histoire nationale du Smithsonian. Nomm\u00e9 il y a plus de 40 ans pour \u00ab d\u00e9fier le souffle hivernal \u00bb, le Defiant d&#8217;aujourd&#8217;hui fait [&hellip;]<\/p>\n","protected":false},"featured_media":33313,"template":"","meta":{"inline_featured_image":false},"product_brand":[1273],"product_cat":[197,33,34],"product_tag":[],"class_list":{"0":"post-33312","1":"product","2":"type-product","3":"status-publish","4":"has-post-thumbnail","6":"product_brand-vermont-casting","7":"product_cat-poele-au-bois","8":"product_cat-poeles-et-foyers","9":"product_cat-poeles-et-foyers-au-bois","11":"first","12":"instock","13":"taxable","14":"shipping-taxable","15":"purchasable","16":"product-type-variable"},"yoast_head":"<!-- This site is optimized with the Yoast SEO Premium plugin v24.2 (Yoast SEO v24.2) - https:\/\/yoast.com\/wordpress\/plugins\/seo\/ -->\n<title>Po\u00eale \u00e0 bois Defiant de Vermont Casting - Groupe BelleFlamme<\/title>\n<meta name=\"description\" content=\"Po\u00eale \u00e0 bois Defiant de Vermont Casting vendu et install\u00e9 par le Groupe Belleflamme. Laval, Montr\u00e9al, Gatineau et Saint-Sauveur.\" \/>\n<meta name=\"robots\" content=\"index, follow, max-snippet:-1, max-image-preview:large, max-video-preview:-1\" \/>\n<link rel=\"canonical\" href=\"https:\/\/staging.belleflamme.ca\/fr\/produit\/poele-a-bois-defiant-de-vermont-casting\/\" \/>\n<meta property=\"og:locale\" content=\"fr_FR\" \/>\n<meta property=\"og:type\" content=\"article\" \/>\n<meta property=\"og:title\" content=\"Po\u00eale \u00e0 bois Defiant de Vermont Casting\" \/>\n<meta property=\"og:description\" content=\"Po\u00eale \u00e0 bois Defiant de Vermont Casting vendu et install\u00e9 par le Groupe Belleflamme. Laval, Montr\u00e9al, Gatineau et Saint-Sauveur.\" \/>\n<meta property=\"og:url\" content=\"https:\/\/staging.belleflamme.ca\/fr\/produit\/poele-a-bois-defiant-de-vermont-casting\/\" \/>\n<meta property=\"og:site_name\" content=\"Groupe BelleFlamme\" \/>\n<meta property=\"article:publisher\" content=\"https:\/\/www.facebook.com\/belleflamme.ca\/\" \/>\n<meta property=\"article:modified_time\" content=\"2025-03-31T18:30:48+00:00\" \/>\n<meta property=\"og:image\" content=\"https:\/\/www.belleflamme.ca\/wp-content\/uploads\/2024\/04\/Poele-a-bois-Defiant-de-Vermont-Casting.jpg\" \/>\n\t<meta property=\"og:image:width\" content=\"1440\" \/>\n\t<meta property=\"og:image:height\" content=\"1800\" \/>\n\t<meta property=\"og:image:type\" content=\"image\/jpeg\" \/>\n<meta name=\"twitter:card\" content=\"summary_large_image\" \/>\n<meta name=\"twitter:label1\" content=\"Disponibilit\u00e9\" \/>\n\t<meta name=\"twitter:data1\" content=\"En stock\" \/>\n<script type=\"application\/ld+json\" class=\"yoast-schema-graph\">{\"@context\":\"https:\/\/schema.org\",\"@graph\":[{\"@type\":[\"WebPage\",\"ItemPage\"],\"@id\":\"https:\/\/staging.belleflamme.ca\/fr\/produit\/poele-a-bois-defiant-de-vermont-casting\/\",\"url\":\"https:\/\/staging.belleflamme.ca\/fr\/produit\/poele-a-bois-defiant-de-vermont-casting\/\",\"name\":\"Po\u00eale \u00e0 bois Defiant de Vermont Casting - Groupe BelleFlamme\",\"isPartOf\":{\"@id\":\"https:\/\/www.belleflamme.ca\/fr\/#website\"},\"primaryImageOfPage\":{\"@id\":\"https:\/\/staging.belleflamme.ca\/fr\/produit\/poele-a-bois-defiant-de-vermont-casting\/#primaryimage\"},\"image\":{\"@id\":\"https:\/\/staging.belleflamme.ca\/fr\/produit\/poele-a-bois-defiant-de-vermont-casting\/#primaryimage\"},\"thumbnailUrl\":\"https:\/\/staging.belleflamme.ca\/wp-content\/uploads\/2024\/04\/Poele-a-bois-Defiant-de-Vermont-Casting.jpg\",\"datePublished\":\"2024-04-14T15:46:38+00:00\",\"dateModified\":\"2025-03-31T18:30:48+00:00\",\"description\":\"Po\u00eale \u00e0 bois Defiant de Vermont Casting vendu et install\u00e9 par le Groupe Belleflamme. Laval, Montr\u00e9al, Gatineau et Saint-Sauveur.\",\"breadcrumb\":{\"@id\":\"https:\/\/staging.belleflamme.ca\/fr\/produit\/poele-a-bois-defiant-de-vermont-casting\/#breadcrumb\"},\"inLanguage\":\"fr-FR\",\"potentialAction\":[{\"@type\":\"ReadAction\",\"target\":[\"https:\/\/staging.belleflamme.ca\/fr\/produit\/poele-a-bois-defiant-de-vermont-casting\/\"]}]},{\"@type\":\"ImageObject\",\"inLanguage\":\"fr-FR\",\"@id\":\"https:\/\/staging.belleflamme.ca\/fr\/produit\/poele-a-bois-defiant-de-vermont-casting\/#primaryimage\",\"url\":\"https:\/\/staging.belleflamme.ca\/wp-content\/uploads\/2024\/04\/Poele-a-bois-Defiant-de-Vermont-Casting.jpg\",\"contentUrl\":\"https:\/\/staging.belleflamme.ca\/wp-content\/uploads\/2024\/04\/Poele-a-bois-Defiant-de-Vermont-Casting.jpg\",\"width\":1440,\"height\":1800,\"caption\":\"Po\u00eale \u00e0 bois Defiant de Vermont Casting\"},{\"@type\":\"BreadcrumbList\",\"@id\":\"https:\/\/staging.belleflamme.ca\/fr\/produit\/poele-a-bois-defiant-de-vermont-casting\/#breadcrumb\",\"itemListElement\":[{\"@type\":\"ListItem\",\"position\":1,\"name\":\"Accueil\",\"item\":\"https:\/\/www.belleflamme.ca\/fr\/\"},{\"@type\":\"ListItem\",\"position\":2,\"name\":\"Boutique\",\"item\":\"https:\/\/www.belleflamme.ca\/fr\/boutique\/\"},{\"@type\":\"ListItem\",\"position\":3,\"name\":\"Po\u00eales &amp; Foyers\",\"item\":\"https:\/\/staging.belleflamme.ca\/fr\/categories\/poeles-et-foyers\/\"},{\"@type\":\"ListItem\",\"position\":4,\"name\":\"Po\u00eales &amp; Foyers au Bois\",\"item\":\"https:\/\/staging.belleflamme.ca\/fr\/categories\/poeles-et-foyers\/poeles-et-foyers-au-bois\/\"},{\"@type\":\"ListItem\",\"position\":5,\"name\":\"Po\u00eale au Bois\",\"item\":\"https:\/\/staging.belleflamme.ca\/fr\/categories\/poeles-et-foyers\/poeles-et-foyers-au-bois\/poele-au-bois\/\"},{\"@type\":\"ListItem\",\"position\":6,\"name\":\"Po\u00eale \u00e0 bois Defiant de Vermont Casting\"}]},{\"@type\":\"WebSite\",\"@id\":\"https:\/\/www.belleflamme.ca\/fr\/#website\",\"url\":\"https:\/\/www.belleflamme.ca\/fr\/\",\"name\":\"Groupe Belleflamme\",\"description\":\"La m\u00e9canique du b\u00e2timent dans le sang.\",\"publisher\":{\"@id\":\"https:\/\/www.belleflamme.ca\/fr\/#organization\"},\"potentialAction\":[{\"@type\":\"SearchAction\",\"target\":{\"@type\":\"EntryPoint\",\"urlTemplate\":\"https:\/\/www.belleflamme.ca\/fr\/?s={search_term_string}\"},\"query-input\":{\"@type\":\"PropertyValueSpecification\",\"valueRequired\":true,\"valueName\":\"search_term_string\"}}],\"inLanguage\":\"fr-FR\"},{\"@type\":[\"Organization\",\"Place\"],\"@id\":\"https:\/\/www.belleflamme.ca\/fr\/#organization\",\"name\":\"Groupe Belleflamme\",\"alternateName\":\"Belleflamme\",\"url\":\"https:\/\/www.belleflamme.ca\/fr\/\",\"logo\":{\"@type\":\"ImageObject\",\"inLanguage\":\"fr-FR\",\"@id\":\"https:\/\/www.belleflamme.ca\/fr\/#\/schema\/logo\/image\/\",\"url\":\"https:\/\/staging.belleflamme.ca\/wp-content\/uploads\/2023\/01\/og-image.jpg\",\"contentUrl\":\"https:\/\/staging.belleflamme.ca\/wp-content\/uploads\/2023\/01\/og-image.jpg\",\"width\":1200,\"height\":630,\"caption\":\"Groupe Belleflamme\"},\"image\":{\"@id\":\"https:\/\/www.belleflamme.ca\/fr\/#\/schema\/logo\/image\/\"},\"sameAs\":[\"https:\/\/www.facebook.com\/belleflamme.ca\/\",\"https:\/\/www.linkedin.com\/company\/belleflamme\/\",\"https:\/\/www.pinterest.ca\/groupebelleflamme\/\",\"https:\/\/www.instagram.com\/legroupebelleflamme\/\"],\"mainEntityOfPage\":{\"@id\":\"https:\/\/staging.belleflamme.ca\/fr\/produit\/poele-a-bois-defiant-de-vermont-casting\/\"}}]}<\/script>\n<meta property=\"product:brand\" content=\"Vermont Casting\" \/>\n<meta property=\"og:availability\" content=\"instock\" \/>\n<meta property=\"product:availability\" content=\"instock\" \/>\n<meta property=\"product:condition\" content=\"new\" \/>\n<!-- \/ Yoast SEO Premium plugin. -->","yoast_head_json":{"title":"Po\u00eale \u00e0 bois Defiant de Vermont Casting - Groupe BelleFlamme","description":"Po\u00eale \u00e0 bois Defiant de Vermont Casting vendu et install\u00e9 par le Groupe Belleflamme. Laval, Montr\u00e9al, Gatineau et Saint-Sauveur.","robots":{"index":"index","follow":"follow","max-snippet":"max-snippet:-1","max-image-preview":"max-image-preview:large","max-video-preview":"max-video-preview:-1"},"canonical":"https:\/\/staging.belleflamme.ca\/fr\/produit\/poele-a-bois-defiant-de-vermont-casting\/","og_locale":"fr_FR","og_type":"article","og_title":"Po\u00eale \u00e0 bois Defiant de Vermont Casting","og_description":"Po\u00eale \u00e0 bois Defiant de Vermont Casting vendu et install\u00e9 par le Groupe Belleflamme. Laval, Montr\u00e9al, Gatineau et Saint-Sauveur.","og_url":"https:\/\/staging.belleflamme.ca\/fr\/produit\/poele-a-bois-defiant-de-vermont-casting\/","og_site_name":"Groupe BelleFlamme","article_publisher":"https:\/\/www.facebook.com\/belleflamme.ca\/","article_modified_time":"2025-03-31T18:30:48+00:00","og_image":[{"width":1440,"height":1800,"url":"https:\/\/www.belleflamme.ca\/wp-content\/uploads\/2024\/04\/Poele-a-bois-Defiant-de-Vermont-Casting.jpg","type":"image\/jpeg"}],"twitter_card":"summary_large_image","twitter_misc":{"Disponibilit\u00e9":"En stock"},"schema":{"@context":"https:\/\/schema.org","@graph":[{"@type":["WebPage","ItemPage"],"@id":"https:\/\/staging.belleflamme.ca\/fr\/produit\/poele-a-bois-defiant-de-vermont-casting\/","url":"https:\/\/staging.belleflamme.ca\/fr\/produit\/poele-a-bois-defiant-de-vermont-casting\/","name":"Po\u00eale \u00e0 bois Defiant de Vermont Casting - Groupe BelleFlamme","isPartOf":{"@id":"https:\/\/www.belleflamme.ca\/fr\/#website"},"primaryImageOfPage":{"@id":"https:\/\/staging.belleflamme.ca\/fr\/produit\/poele-a-bois-defiant-de-vermont-casting\/#primaryimage"},"image":{"@id":"https:\/\/staging.belleflamme.ca\/fr\/produit\/poele-a-bois-defiant-de-vermont-casting\/#primaryimage"},"thumbnailUrl":"https:\/\/staging.belleflamme.ca\/wp-content\/uploads\/2024\/04\/Poele-a-bois-Defiant-de-Vermont-Casting.jpg","datePublished":"2024-04-14T15:46:38+00:00","dateModified":"2025-03-31T18:30:48+00:00","description":"Po\u00eale \u00e0 bois Defiant de Vermont Casting vendu et install\u00e9 par le Groupe Belleflamme. Laval, Montr\u00e9al, Gatineau et Saint-Sauveur.","breadcrumb":{"@id":"https:\/\/staging.belleflamme.ca\/fr\/produit\/poele-a-bois-defiant-de-vermont-casting\/#breadcrumb"},"inLanguage":"fr-FR","potentialAction":[{"@type":"ReadAction","target":["https:\/\/staging.belleflamme.ca\/fr\/produit\/poele-a-bois-defiant-de-vermont-casting\/"]}]},{"@type":"ImageObject","inLanguage":"fr-FR","@id":"https:\/\/staging.belleflamme.ca\/fr\/produit\/poele-a-bois-defiant-de-vermont-casting\/#primaryimage","url":"https:\/\/staging.belleflamme.ca\/wp-content\/uploads\/2024\/04\/Poele-a-bois-Defiant-de-Vermont-Casting.jpg","contentUrl":"https:\/\/staging.belleflamme.ca\/wp-content\/uploads\/2024\/04\/Poele-a-bois-Defiant-de-Vermont-Casting.jpg","width":1440,"height":1800,"caption":"Po\u00eale \u00e0 bois Defiant de Vermont Casting"},{"@type":"BreadcrumbList","@id":"https:\/\/staging.belleflamme.ca\/fr\/produit\/poele-a-bois-defiant-de-vermont-casting\/#breadcrumb","itemListElement":[{"@type":"ListItem","position":1,"name":"Accueil","item":"https:\/\/www.belleflamme.ca\/fr\/"},{"@type":"ListItem","position":2,"name":"Boutique","item":"https:\/\/www.belleflamme.ca\/fr\/boutique\/"},{"@type":"ListItem","position":3,"name":"Po\u00eales &amp; Foyers","item":"https:\/\/staging.belleflamme.ca\/fr\/categories\/poeles-et-foyers\/"},{"@type":"ListItem","position":4,"name":"Po\u00eales &amp; Foyers au Bois","item":"https:\/\/staging.belleflamme.ca\/fr\/categories\/poeles-et-foyers\/poeles-et-foyers-au-bois\/"},{"@type":"ListItem","position":5,"name":"Po\u00eale au Bois","item":"https:\/\/staging.belleflamme.ca\/fr\/categories\/poeles-et-foyers\/poeles-et-foyers-au-bois\/poele-au-bois\/"},{"@type":"ListItem","position":6,"name":"Po\u00eale \u00e0 bois Defiant de Vermont Casting"}]},{"@type":"WebSite","@id":"https:\/\/www.belleflamme.ca\/fr\/#website","url":"https:\/\/www.belleflamme.ca\/fr\/","name":"Groupe Belleflamme","description":"La m\u00e9canique du b\u00e2timent dans le sang.","publisher":{"@id":"https:\/\/www.belleflamme.ca\/fr\/#organization"},"potentialAction":[{"@type":"SearchAction","target":{"@type":"EntryPoint","urlTemplate":"https:\/\/www.belleflamme.ca\/fr\/?s={search_term_string}"},"query-input":{"@type":"PropertyValueSpecification","valueRequired":true,"valueName":"search_term_string"}}],"inLanguage":"fr-FR"},{"@type":["Organization","Place"],"@id":"https:\/\/www.belleflamme.ca\/fr\/#organization","name":"Groupe Belleflamme","alternateName":"Belleflamme","url":"https:\/\/www.belleflamme.ca\/fr\/","logo":{"@type":"ImageObject","inLanguage":"fr-FR","@id":"https:\/\/www.belleflamme.ca\/fr\/#\/schema\/logo\/image\/","url":"https:\/\/staging.belleflamme.ca\/wp-content\/uploads\/2023\/01\/og-image.jpg","contentUrl":"https:\/\/staging.belleflamme.ca\/wp-content\/uploads\/2023\/01\/og-image.jpg","width":1200,"height":630,"caption":"Groupe Belleflamme"},"image":{"@id":"https:\/\/www.belleflamme.ca\/fr\/#\/schema\/logo\/image\/"},"sameAs":["https:\/\/www.facebook.com\/belleflamme.ca\/","https:\/\/www.linkedin.com\/company\/belleflamme\/","https:\/\/www.pinterest.ca\/groupebelleflamme\/","https:\/\/www.instagram.com\/legroupebelleflamme\/"],"mainEntityOfPage":{"@id":"https:\/\/staging.belleflamme.ca\/fr\/produit\/poele-a-bois-defiant-de-vermont-casting\/"}}]},"product_brand":"Vermont Casting","og_availability":"instock","product_availability":"instock","product_condition":"new"},"_links":{"self":[{"href":"https:\/\/staging.belleflamme.ca\/fr\/wp-json\/wp\/v2\/product\/33312","targetHints":{"allow":["GET"]}}],"collection":[{"href":"https:\/\/staging.belleflamme.ca\/fr\/wp-json\/wp\/v2\/product"}],"about":[{"href":"https:\/\/staging.belleflamme.ca\/fr\/wp-json\/wp\/v2\/types\/product"}],"version-history":[{"count":5,"href":"https:\/\/staging.belleflamme.ca\/fr\/wp-json\/wp\/v2\/product\/33312\/revisions"}],"predecessor-version":[{"id":43661,"href":"https:\/\/staging.belleflamme.ca\/fr\/wp-json\/wp\/v2\/product\/33312\/revisions\/43661"}],"wp:featuredmedia":[{"embeddable":true,"href":"https:\/\/staging.belleflamme.ca\/fr\/wp-json\/wp\/v2\/media\/33313"}],"wp:attachment":[{"href":"https:\/\/staging.belleflamme.ca\/fr\/wp-json\/wp\/v2\/media?parent=33312"}],"wp:term":[{"taxonomy":"product_brand","embeddable":true,"href":"https:\/\/staging.belleflamme.ca\/fr\/wp-json\/wp\/v2\/product_brand?post=33312"},{"taxonomy":"product_cat","embeddable":true,"href":"https:\/\/staging.belleflamme.ca\/fr\/wp-json\/wp\/v2\/product_cat?post=33312"},{"taxonomy":"product_tag","embeddable":true,"href":"https:\/\/staging.belleflamme.ca\/fr\/wp-json\/wp\/v2\/product_tag?post=33312"}],"curies":[{"name":"wp","href":"https:\/\/api.w.org\/{rel}","templated":true}]}}