{"id":33251,"date":"2024-04-12T16:34:33","date_gmt":"2024-04-12T20:34:33","guid":{"rendered":"https:\/\/www.belleflamme.ca\/?post_type=product&#038;p=33251"},"modified":"2024-04-12T16:39:00","modified_gmt":"2024-04-12T20:39:00","slug":"foyer-au-gaz-transparent-interieur-exterieur-moderne-twilight-de-heat-glo","status":"publish","type":"product","link":"https:\/\/staging.belleflamme.ca\/fr\/produit\/foyer-au-gaz-transparent-interieur-exterieur-moderne-twilight-de-heat-glo\/","title":{"rendered":"Foyer au Gaz Transparent Int\u00e9rieur\/Ext\u00e9rieur moderne Twilight de Heat &#038; Glo"},"content":{"rendered":"\t\t<div data-elementor-type=\"product-post\" data-elementor-id=\"33251\" class=\"elementor elementor-33251\" data-elementor-post-type=\"product\">\n\t\t\t\t\t\t<section class=\"elementor-section elementor-top-section elementor-element elementor-element-1110a4ed elementor-section-boxed elementor-section-height-default elementor-section-height-default\" data-id=\"1110a4ed\" data-element_type=\"section\">\n\t\t\t\t\t\t<div class=\"elementor-container elementor-column-gap-default\">\n\t\t\t\t\t<div class=\"elementor-column elementor-col-100 elementor-top-column elementor-element elementor-element-47429d2f\" data-id=\"47429d2f\" data-element_type=\"column\">\n\t\t\t<div class=\"elementor-widget-wrap elementor-element-populated\">\n\t\t\t\t\t\t<div class=\"elementor-element elementor-element-3a141f4 elementor-widget elementor-widget-video\" data-id=\"3a141f4\" data-element_type=\"widget\" data-settings=\"{&quot;video_type&quot;:&quot;hosted&quot;,&quot;controls&quot;:&quot;yes&quot;}\" data-widget_type=\"video.default\">\n\t\t\t\t<div class=\"elementor-widget-container\">\n\t\t\t\t\t\t\t<div class=\"e-hosted-video elementor-wrapper elementor-open-inline\">\n\t\t\t\t\t<video class=\"elementor-video\" src=\"https:\/\/www.belleflamme.ca\/wp-content\/uploads\/2024\/04\/Foyer-Interieur-Exterieur-au-Gaz-Twilight-de-Heat-Glo.mp4\" controls=\"\" preload=\"metadata\" controlsList=\"nodownload\"><\/video>\n\t\t\t\t<\/div>\n\t\t\t\t\t\t<\/div>\n\t\t\t\t<\/div>\n\t\t\t\t<div class=\"elementor-element elementor-element-319ea5f2 elementor-widget elementor-widget-text-editor\" data-id=\"319ea5f2\" data-element_type=\"widget\" data-widget_type=\"text-editor.default\">\n\t\t\t\t<div class=\"elementor-widget-container\">\n\t\t\t\t\t\t\t\t\t<h2 class=\"h200\"><span>Habitez dans un style contemporain<\/span><\/h2>\r\nLe premier foyer \u00e0 gaz int\u00e9rieur\/ext\u00e9rieur \u00e9volue avec le mod\u00e8le transparent Twilight Modern. Des flammes artistiques s&#8217;\u00e9l\u00e8vent \u00e0 travers le verre pil\u00e9 sans chemin\u00e9e ni ventilation n\u00e9cessaire dans un design contemporain.\r\n<div class=\"productFeatureListHeader\">\r\n<h2 class=\"h200\"><span>Caract\u00e9ristiques<\/span><\/h2>\r\n<\/div>\r\n<div class=\"features\">\r\n<div class=\"featureItem\">\r\n<div class=\"featureDescription\">\r\n<h3 class=\"h600\"><span>TECHNOLOGIE DE VENTILATION DIRECTE<\/span><\/h3>\r\n<span>\u00c9limine efficacement et efficacement toutes les fum\u00e9es ou gaz d&#8217;\u00e9chappement de combustion de votre maison.<\/span>\r\n\r\n<\/div>\r\n<\/div>\r\n<div class=\"featureItem\">\r\n<div class=\"featureDescription\">\r\n<h3 class=\"h600\"><span>INTELLIFIRE TOUCH\u00ae<\/span><\/h3>\r\n<span>Vous offre une t\u00e9l\u00e9commande \u00e0 \u00e9cran tactile ou un interrupteur mural sans fil adapt\u00e9 \u00e0 votre vie.<\/span>\r\n\r\n<\/div>\r\n<\/div>\r\n<\/div>\r\n&nbsp;\r\n<table class=\"table table-striped table-bordered\">\r\n<tbody>\r\n<tr>\r\n<th><span>Mod\u00e8le<\/span><\/th>\r\n<td><span>Foyer au gaz int\u00e9rieur\/ext\u00e9rieur moderne de 36 po Twilight Modern &#8211; DV<\/span><\/td>\r\n<\/tr>\r\n<tr>\r\n<th><span>Largeur du cadre<\/span><\/th>\r\n<td><span>44&#8243;<\/span><\/td>\r\n<\/tr>\r\n<tr>\r\n<th><span>Profondeur du cadrage<\/span><\/th>\r\n<td><span>23&#8243;<\/span><\/td>\r\n<\/tr>\r\n<tr>\r\n<th><span>Hauteur du cadre<\/span><\/th>\r\n<td><span>47-5\/8&#8243;<\/span><\/td>\r\n<\/tr>\r\n<tr>\r\n<th><span>Entr\u00e9e BTU\/h<\/span><\/th>\r\n<td><span>38 000 NG<\/span><\/td>\r\n<\/tr>\r\n<tr>\r\n<th><span>Zone de visualisation<\/span><\/th>\r\n<td><span>35-5\/8 x 21-1\/2&#8243;<\/span><\/td>\r\n<\/tr>\r\n<\/tbody>\r\n<\/table>\t\t\t\t\t\t\t\t<\/div>\n\t\t\t\t<\/div>\n\t\t\t\t\t<\/div>\n\t\t<\/div>\n\t\t\t\t\t<\/div>\n\t\t<\/section>\n\t\t\t\t<section class=\"elementor-section elementor-top-section elementor-element elementor-element-f0f7d14 elementor-section-boxed elementor-section-height-default elementor-section-height-default\" data-id=\"f0f7d14\" data-element_type=\"section\">\n\t\t\t\t\t\t<div class=\"elementor-container elementor-column-gap-default\">\n\t\t\t\t\t<div class=\"elementor-column elementor-col-100 elementor-top-column elementor-element elementor-element-d921ce7\" data-id=\"d921ce7\" data-element_type=\"column\">\n\t\t\t<div class=\"elementor-widget-wrap elementor-element-populated\">\n\t\t\t\t\t\t<div class=\"elementor-element elementor-element-6734239 elementor-tabs-view-horizontal elementor-widget elementor-widget-tabs\" data-id=\"6734239\" data-element_type=\"widget\" data-widget_type=\"tabs.default\">\n\t\t\t\t<div class=\"elementor-widget-container\">\n\t\t\t\t\t\t\t<div class=\"elementor-tabs\">\n\t\t\t<div class=\"elementor-tabs-wrapper\" role=\"tablist\" >\n\t\t\t\t\t\t\t\t\t<div id=\"elementor-tab-title-1081\" class=\"elementor-tab-title elementor-tab-desktop-title\" aria-selected=\"true\" data-tab=\"1\" role=\"tab\" tabindex=\"0\" aria-controls=\"elementor-tab-content-1081\" aria-expanded=\"false\">Fichiers<\/div>\n\t\t\t\t\t\t\t<\/div>\n\t\t\t<div class=\"elementor-tabs-content-wrapper\" role=\"tablist\" aria-orientation=\"vertical\">\n\t\t\t\t\t\t\t\t\t<div class=\"elementor-tab-title elementor-tab-mobile-title\" aria-selected=\"true\" data-tab=\"1\" role=\"tab\" tabindex=\"0\" aria-controls=\"elementor-tab-content-1081\" aria-expanded=\"false\">Fichiers<\/div>\n\t\t\t\t\t<div id=\"elementor-tab-content-1081\" class=\"elementor-tab-content elementor-clearfix\" data-tab=\"1\" role=\"tabpanel\" aria-labelledby=\"elementor-tab-title-1081\" tabindex=\"0\" hidden=\"false\"><i class=\"far fa-file-pdf fa-xl\" style=\"font-size:35px\"><\/i><a href=\"https:\/\/www.belleflamme.ca\/wp-content\/uploads\/2024\/04\/HHT-1073C_OutdoorLifestyles-Indoor-Outdoor_fr_brochure.pdf\"> Brochure<\/a><\/br>\n<i class=\"far fa-file-pdf fa-xl\" style=\"font-size:35px\"><\/i><a href=\"https:\/\/www.belleflamme.ca\/wp-content\/uploads\/2024\/04\/FSF-1016U_Mantels-6.pdf\"> Brochure Manteaux et \u00c9tag\u00e8res<\/a><\/br>\n<i class=\"far fa-file-pdf fa-xl\" style=\"font-size:35px\"><\/i><a href=\"https:\/\/www.belleflamme.ca\/wp-content\/uploads\/2024\/04\/2669_970FC_TWILIGHT-MD-IFT_Install.pdf\"> Installation<\/a><\/br>\n<i class=\"far fa-file-pdf fa-xl\" style=\"font-size:35px\"><\/i><a href=\"https:\/\/www.belleflamme.ca\/wp-content\/uploads\/2024\/04\/2669_971FC_TWILIIGHT-MD-IFT-Owner.pdf\"> Manuel<\/a><\/br>\n<i class=\"far fa-file-pdf fa-xl\" style=\"font-size:35px\"><\/i><a href=\"https:\/\/www.belleflamme.ca\/wp-content\/uploads\/2024\/04\/Twilight_Arch_Guide-1.pdf\"> Dimensions<\/a><\/br>\n<i class=\"far fa-file-pdf fa-xl\" style=\"font-size:35px\"><\/i><a href=\"https:\/\/www.belleflamme.ca\/wp-content\/uploads\/2024\/04\/TWILIGHT-MD-IFT.pdf\"> Pi\u00e8ces<\/a><\/br><\/div>\n\t\t\t\t\t\t\t<\/div>\n\t\t<\/div>\n\t\t\t\t\t\t<\/div>\n\t\t\t\t<\/div>\n\t\t\t\t\t<\/div>\n\t\t<\/div>\n\t\t\t\t\t<\/div>\n\t\t<\/section>\n\t\t\t\t<\/div>\n\t\t","protected":false},"excerpt":{"rendered":"<p>https:\/\/www.belleflamme.ca\/wp-content\/uploads\/2024\/04\/Foyer-Interieur-Exterieur-au-Gaz-Twilight-de-Heat-Glo.mp4 Habitez dans un style contemporain Le premier foyer \u00e0 gaz int\u00e9rieur\/ext\u00e9rieur \u00e9volue avec le mod\u00e8le transparent Twilight Modern. Des flammes artistiques s&#8217;\u00e9l\u00e8vent \u00e0 travers le verre pil\u00e9 sans chemin\u00e9e ni ventilation n\u00e9cessaire dans un design contemporain. Caract\u00e9ristiques TECHNOLOGIE DE VENTILATION DIRECTE \u00c9limine efficacement et efficacement toutes les fum\u00e9es ou gaz d&#8217;\u00e9chappement de combustion de [&hellip;]<\/p>\n","protected":false},"featured_media":33252,"template":"","meta":{"inline_featured_image":false},"product_brand":[1241],"product_cat":[113,119,33,35,37],"product_tag":[],"class_list":{"0":"post-33251","1":"product","2":"type-product","3":"status-publish","4":"has-post-thumbnail","6":"product_brand-heat-glo","7":"product_cat-bbq-produits-exterieurs","8":"product_cat-foyers-exterieurs","9":"product_cat-poeles-et-foyers","10":"product_cat-poeles-foyer-au-gaz","11":"product_cat-foyer-au-gaz","13":"first","14":"instock","15":"taxable","16":"shipping-taxable","17":"purchasable","18":"product-type-simple"},"yoast_head":"<!-- This site is optimized with the Yoast SEO Premium plugin v24.2 (Yoast SEO v24.2) - https:\/\/yoast.com\/wordpress\/plugins\/seo\/ -->\n<title>Foyer au Gaz Transparent Int\u00e9rieur\/Ext\u00e9rieur moderne Twilight de Heat &amp; Glo - Groupe BelleFlamme<\/title>\n<meta name=\"description\" content=\"Foyer au Gaz Transparent Int\u00e9rieur Ext\u00e9rieur moderne Twilight de Heat &amp; Glo sold and installed by the Belleflamme Group. Laval, Montreal, Gatineau and Saint-Sauveur.\" \/>\n<meta name=\"robots\" content=\"index, follow, max-snippet:-1, max-image-preview:large, max-video-preview:-1\" \/>\n<link rel=\"canonical\" href=\"https:\/\/staging.belleflamme.ca\/fr\/produit\/foyer-au-gaz-transparent-interieur-exterieur-moderne-twilight-de-heat-glo\/\" \/>\n<meta property=\"og:locale\" content=\"fr_FR\" \/>\n<meta property=\"og:type\" content=\"article\" \/>\n<meta property=\"og:title\" content=\"Foyer au Gaz Transparent Int\u00e9rieur\/Ext\u00e9rieur moderne Twilight de Heat &amp; Glo\" \/>\n<meta property=\"og:description\" content=\"Foyer au Gaz Transparent Int\u00e9rieur Ext\u00e9rieur moderne Twilight de Heat &amp; Glo sold and installed by the Belleflamme Group. Laval, Montreal, Gatineau and Saint-Sauveur.\" \/>\n<meta property=\"og:url\" content=\"https:\/\/staging.belleflamme.ca\/fr\/produit\/foyer-au-gaz-transparent-interieur-exterieur-moderne-twilight-de-heat-glo\/\" \/>\n<meta property=\"og:site_name\" content=\"Groupe BelleFlamme\" \/>\n<meta property=\"article:publisher\" content=\"https:\/\/www.facebook.com\/belleflamme.ca\/\" \/>\n<meta property=\"article:modified_time\" content=\"2024-04-12T20:39:00+00:00\" \/>\n<meta property=\"og:image\" content=\"https:\/\/www.belleflamme.ca\/wp-content\/uploads\/2024\/04\/Foyer-au-Gaz-Transparent-Interieur-Exterieur-moderne-Twilight-de-Heat-Glo.webp\" \/>\n\t<meta property=\"og:image:width\" content=\"2000\" \/>\n\t<meta property=\"og:image:height\" content=\"1125\" \/>\n\t<meta property=\"og:image:type\" content=\"image\/webp\" \/>\n<meta name=\"twitter:card\" content=\"summary_large_image\" \/>\n<meta name=\"twitter:label1\" content=\"Prix\" \/>\n\t<meta name=\"twitter:data1\" content=\"&#036;10,519.00\" \/>\n\t<meta name=\"twitter:label2\" content=\"Disponibilit\u00e9\" \/>\n\t<meta name=\"twitter:data2\" content=\"En stock\" \/>\n<script type=\"application\/ld+json\" class=\"yoast-schema-graph\">{\"@context\":\"https:\/\/schema.org\",\"@graph\":[{\"@type\":[\"WebPage\",\"ItemPage\"],\"@id\":\"https:\/\/staging.belleflamme.ca\/fr\/produit\/foyer-au-gaz-transparent-interieur-exterieur-moderne-twilight-de-heat-glo\/\",\"url\":\"https:\/\/staging.belleflamme.ca\/fr\/produit\/foyer-au-gaz-transparent-interieur-exterieur-moderne-twilight-de-heat-glo\/\",\"name\":\"Foyer au Gaz Transparent Int\u00e9rieur\/Ext\u00e9rieur moderne Twilight de Heat & Glo - Groupe BelleFlamme\",\"isPartOf\":{\"@id\":\"https:\/\/www.belleflamme.ca\/fr\/#website\"},\"primaryImageOfPage\":{\"@id\":\"https:\/\/staging.belleflamme.ca\/fr\/produit\/foyer-au-gaz-transparent-interieur-exterieur-moderne-twilight-de-heat-glo\/#primaryimage\"},\"image\":{\"@id\":\"https:\/\/staging.belleflamme.ca\/fr\/produit\/foyer-au-gaz-transparent-interieur-exterieur-moderne-twilight-de-heat-glo\/#primaryimage\"},\"thumbnailUrl\":\"https:\/\/staging.belleflamme.ca\/wp-content\/uploads\/2024\/04\/Foyer-au-Gaz-Transparent-Interieur-Exterieur-moderne-Twilight-de-Heat-Glo.webp\",\"datePublished\":\"2024-04-12T20:34:33+00:00\",\"dateModified\":\"2024-04-12T20:39:00+00:00\",\"description\":\"Foyer au Gaz Transparent Int\u00e9rieur Ext\u00e9rieur moderne Twilight de Heat & Glo sold and installed by the Belleflamme Group. Laval, Montreal, Gatineau and Saint-Sauveur.\",\"breadcrumb\":{\"@id\":\"https:\/\/staging.belleflamme.ca\/fr\/produit\/foyer-au-gaz-transparent-interieur-exterieur-moderne-twilight-de-heat-glo\/#breadcrumb\"},\"inLanguage\":\"fr-FR\",\"potentialAction\":[{\"@type\":\"ReadAction\",\"target\":[\"https:\/\/staging.belleflamme.ca\/fr\/produit\/foyer-au-gaz-transparent-interieur-exterieur-moderne-twilight-de-heat-glo\/\"]}]},{\"@type\":\"ImageObject\",\"inLanguage\":\"fr-FR\",\"@id\":\"https:\/\/staging.belleflamme.ca\/fr\/produit\/foyer-au-gaz-transparent-interieur-exterieur-moderne-twilight-de-heat-glo\/#primaryimage\",\"url\":\"https:\/\/staging.belleflamme.ca\/wp-content\/uploads\/2024\/04\/Foyer-au-Gaz-Transparent-Interieur-Exterieur-moderne-Twilight-de-Heat-Glo.webp\",\"contentUrl\":\"https:\/\/staging.belleflamme.ca\/wp-content\/uploads\/2024\/04\/Foyer-au-Gaz-Transparent-Interieur-Exterieur-moderne-Twilight-de-Heat-Glo.webp\",\"width\":2000,\"height\":1125,\"caption\":\"Foyer au Gaz Transparent Int\u00e9rieur Ext\u00e9rieur moderne Twilight de Heat & Glo\"},{\"@type\":\"BreadcrumbList\",\"@id\":\"https:\/\/staging.belleflamme.ca\/fr\/produit\/foyer-au-gaz-transparent-interieur-exterieur-moderne-twilight-de-heat-glo\/#breadcrumb\",\"itemListElement\":[{\"@type\":\"ListItem\",\"position\":1,\"name\":\"Accueil\",\"item\":\"https:\/\/www.belleflamme.ca\/fr\/\"},{\"@type\":\"ListItem\",\"position\":2,\"name\":\"Boutique\",\"item\":\"https:\/\/www.belleflamme.ca\/fr\/boutique\/\"},{\"@type\":\"ListItem\",\"position\":3,\"name\":\"Po\u00eales &amp; Foyers\",\"item\":\"https:\/\/staging.belleflamme.ca\/fr\/categories\/poeles-et-foyers\/\"},{\"@type\":\"ListItem\",\"position\":4,\"name\":\"Po\u00eale &amp; Foyer au Gaz\",\"item\":\"https:\/\/staging.belleflamme.ca\/fr\/categories\/poeles-et-foyers\/poeles-foyer-au-gaz\/\"},{\"@type\":\"ListItem\",\"position\":5,\"name\":\"Foyer au Gaz\",\"item\":\"https:\/\/staging.belleflamme.ca\/fr\/categories\/poeles-et-foyers\/poeles-foyer-au-gaz\/foyer-au-gaz\/\"},{\"@type\":\"ListItem\",\"position\":6,\"name\":\"Foyer au Gaz Transparent Int\u00e9rieur\/Ext\u00e9rieur moderne Twilight de Heat &#038; Glo\"}]},{\"@type\":\"WebSite\",\"@id\":\"https:\/\/www.belleflamme.ca\/fr\/#website\",\"url\":\"https:\/\/www.belleflamme.ca\/fr\/\",\"name\":\"Groupe Belleflamme\",\"description\":\"La m\u00e9canique du b\u00e2timent dans le sang.\",\"publisher\":{\"@id\":\"https:\/\/www.belleflamme.ca\/fr\/#organization\"},\"potentialAction\":[{\"@type\":\"SearchAction\",\"target\":{\"@type\":\"EntryPoint\",\"urlTemplate\":\"https:\/\/www.belleflamme.ca\/fr\/?s={search_term_string}\"},\"query-input\":{\"@type\":\"PropertyValueSpecification\",\"valueRequired\":true,\"valueName\":\"search_term_string\"}}],\"inLanguage\":\"fr-FR\"},{\"@type\":[\"Organization\",\"Place\"],\"@id\":\"https:\/\/www.belleflamme.ca\/fr\/#organization\",\"name\":\"Groupe Belleflamme\",\"alternateName\":\"Belleflamme\",\"url\":\"https:\/\/www.belleflamme.ca\/fr\/\",\"logo\":{\"@type\":\"ImageObject\",\"inLanguage\":\"fr-FR\",\"@id\":\"https:\/\/www.belleflamme.ca\/fr\/#\/schema\/logo\/image\/\",\"url\":\"https:\/\/staging.belleflamme.ca\/wp-content\/uploads\/2023\/01\/og-image.jpg\",\"contentUrl\":\"https:\/\/staging.belleflamme.ca\/wp-content\/uploads\/2023\/01\/og-image.jpg\",\"width\":1200,\"height\":630,\"caption\":\"Groupe Belleflamme\"},\"image\":{\"@id\":\"https:\/\/www.belleflamme.ca\/fr\/#\/schema\/logo\/image\/\"},\"sameAs\":[\"https:\/\/www.facebook.com\/belleflamme.ca\/\",\"https:\/\/www.linkedin.com\/company\/belleflamme\/\",\"https:\/\/www.pinterest.ca\/groupebelleflamme\/\",\"https:\/\/www.instagram.com\/legroupebelleflamme\/\"],\"mainEntityOfPage\":{\"@id\":\"https:\/\/staging.belleflamme.ca\/fr\/produit\/foyer-au-gaz-transparent-interieur-exterieur-moderne-twilight-de-heat-glo\/\"}}]}<\/script>\n<meta property=\"product:brand\" content=\"Heat &amp; Glo\" \/>\n<meta property=\"product:price:amount\" content=\"10519.00\" \/>\n<meta property=\"product:price:currency\" content=\"CAD\" \/>\n<meta property=\"og:availability\" content=\"instock\" \/>\n<meta property=\"product:availability\" content=\"instock\" \/>\n<meta property=\"product:retailer_item_id\" content=\"TWILIGHT-MD-IFT\" \/>\n<meta property=\"product:condition\" content=\"new\" \/>\n<!-- \/ Yoast SEO Premium plugin. -->","yoast_head_json":{"title":"Foyer au Gaz Transparent Int\u00e9rieur\/Ext\u00e9rieur moderne Twilight de Heat & Glo - Groupe BelleFlamme","description":"Foyer au Gaz Transparent Int\u00e9rieur Ext\u00e9rieur moderne Twilight de Heat & Glo sold and installed by the Belleflamme Group. Laval, Montreal, Gatineau and Saint-Sauveur.","robots":{"index":"index","follow":"follow","max-snippet":"max-snippet:-1","max-image-preview":"max-image-preview:large","max-video-preview":"max-video-preview:-1"},"canonical":"https:\/\/staging.belleflamme.ca\/fr\/produit\/foyer-au-gaz-transparent-interieur-exterieur-moderne-twilight-de-heat-glo\/","og_locale":"fr_FR","og_type":"article","og_title":"Foyer au Gaz Transparent Int\u00e9rieur\/Ext\u00e9rieur moderne Twilight de Heat & Glo","og_description":"Foyer au Gaz Transparent Int\u00e9rieur Ext\u00e9rieur moderne Twilight de Heat & Glo sold and installed by the Belleflamme Group. Laval, Montreal, Gatineau and Saint-Sauveur.","og_url":"https:\/\/staging.belleflamme.ca\/fr\/produit\/foyer-au-gaz-transparent-interieur-exterieur-moderne-twilight-de-heat-glo\/","og_site_name":"Groupe BelleFlamme","article_publisher":"https:\/\/www.facebook.com\/belleflamme.ca\/","article_modified_time":"2024-04-12T20:39:00+00:00","og_image":[{"width":2000,"height":1125,"url":"https:\/\/www.belleflamme.ca\/wp-content\/uploads\/2024\/04\/Foyer-au-Gaz-Transparent-Interieur-Exterieur-moderne-Twilight-de-Heat-Glo.webp","type":"image\/webp"}],"twitter_card":"summary_large_image","twitter_misc":{"Prix":"&#36;10,519.00","Disponibilit\u00e9":"En stock"},"schema":{"@context":"https:\/\/schema.org","@graph":[{"@type":["WebPage","ItemPage"],"@id":"https:\/\/staging.belleflamme.ca\/fr\/produit\/foyer-au-gaz-transparent-interieur-exterieur-moderne-twilight-de-heat-glo\/","url":"https:\/\/staging.belleflamme.ca\/fr\/produit\/foyer-au-gaz-transparent-interieur-exterieur-moderne-twilight-de-heat-glo\/","name":"Foyer au Gaz Transparent Int\u00e9rieur\/Ext\u00e9rieur moderne Twilight de Heat & Glo - Groupe BelleFlamme","isPartOf":{"@id":"https:\/\/www.belleflamme.ca\/fr\/#website"},"primaryImageOfPage":{"@id":"https:\/\/staging.belleflamme.ca\/fr\/produit\/foyer-au-gaz-transparent-interieur-exterieur-moderne-twilight-de-heat-glo\/#primaryimage"},"image":{"@id":"https:\/\/staging.belleflamme.ca\/fr\/produit\/foyer-au-gaz-transparent-interieur-exterieur-moderne-twilight-de-heat-glo\/#primaryimage"},"thumbnailUrl":"https:\/\/staging.belleflamme.ca\/wp-content\/uploads\/2024\/04\/Foyer-au-Gaz-Transparent-Interieur-Exterieur-moderne-Twilight-de-Heat-Glo.webp","datePublished":"2024-04-12T20:34:33+00:00","dateModified":"2024-04-12T20:39:00+00:00","description":"Foyer au Gaz Transparent Int\u00e9rieur Ext\u00e9rieur moderne Twilight de Heat & Glo sold and installed by the Belleflamme Group. Laval, Montreal, Gatineau and Saint-Sauveur.","breadcrumb":{"@id":"https:\/\/staging.belleflamme.ca\/fr\/produit\/foyer-au-gaz-transparent-interieur-exterieur-moderne-twilight-de-heat-glo\/#breadcrumb"},"inLanguage":"fr-FR","potentialAction":[{"@type":"ReadAction","target":["https:\/\/staging.belleflamme.ca\/fr\/produit\/foyer-au-gaz-transparent-interieur-exterieur-moderne-twilight-de-heat-glo\/"]}]},{"@type":"ImageObject","inLanguage":"fr-FR","@id":"https:\/\/staging.belleflamme.ca\/fr\/produit\/foyer-au-gaz-transparent-interieur-exterieur-moderne-twilight-de-heat-glo\/#primaryimage","url":"https:\/\/staging.belleflamme.ca\/wp-content\/uploads\/2024\/04\/Foyer-au-Gaz-Transparent-Interieur-Exterieur-moderne-Twilight-de-Heat-Glo.webp","contentUrl":"https:\/\/staging.belleflamme.ca\/wp-content\/uploads\/2024\/04\/Foyer-au-Gaz-Transparent-Interieur-Exterieur-moderne-Twilight-de-Heat-Glo.webp","width":2000,"height":1125,"caption":"Foyer au Gaz Transparent Int\u00e9rieur Ext\u00e9rieur moderne Twilight de Heat & Glo"},{"@type":"BreadcrumbList","@id":"https:\/\/staging.belleflamme.ca\/fr\/produit\/foyer-au-gaz-transparent-interieur-exterieur-moderne-twilight-de-heat-glo\/#breadcrumb","itemListElement":[{"@type":"ListItem","position":1,"name":"Accueil","item":"https:\/\/www.belleflamme.ca\/fr\/"},{"@type":"ListItem","position":2,"name":"Boutique","item":"https:\/\/www.belleflamme.ca\/fr\/boutique\/"},{"@type":"ListItem","position":3,"name":"Po\u00eales &amp; Foyers","item":"https:\/\/staging.belleflamme.ca\/fr\/categories\/poeles-et-foyers\/"},{"@type":"ListItem","position":4,"name":"Po\u00eale &amp; Foyer au Gaz","item":"https:\/\/staging.belleflamme.ca\/fr\/categories\/poeles-et-foyers\/poeles-foyer-au-gaz\/"},{"@type":"ListItem","position":5,"name":"Foyer au Gaz","item":"https:\/\/staging.belleflamme.ca\/fr\/categories\/poeles-et-foyers\/poeles-foyer-au-gaz\/foyer-au-gaz\/"},{"@type":"ListItem","position":6,"name":"Foyer au Gaz Transparent Int\u00e9rieur\/Ext\u00e9rieur moderne Twilight de Heat &#038; Glo"}]},{"@type":"WebSite","@id":"https:\/\/www.belleflamme.ca\/fr\/#website","url":"https:\/\/www.belleflamme.ca\/fr\/","name":"Groupe Belleflamme","description":"La m\u00e9canique du b\u00e2timent dans le sang.","publisher":{"@id":"https:\/\/www.belleflamme.ca\/fr\/#organization"},"potentialAction":[{"@type":"SearchAction","target":{"@type":"EntryPoint","urlTemplate":"https:\/\/www.belleflamme.ca\/fr\/?s={search_term_string}"},"query-input":{"@type":"PropertyValueSpecification","valueRequired":true,"valueName":"search_term_string"}}],"inLanguage":"fr-FR"},{"@type":["Organization","Place"],"@id":"https:\/\/www.belleflamme.ca\/fr\/#organization","name":"Groupe Belleflamme","alternateName":"Belleflamme","url":"https:\/\/www.belleflamme.ca\/fr\/","logo":{"@type":"ImageObject","inLanguage":"fr-FR","@id":"https:\/\/www.belleflamme.ca\/fr\/#\/schema\/logo\/image\/","url":"https:\/\/staging.belleflamme.ca\/wp-content\/uploads\/2023\/01\/og-image.jpg","contentUrl":"https:\/\/staging.belleflamme.ca\/wp-content\/uploads\/2023\/01\/og-image.jpg","width":1200,"height":630,"caption":"Groupe Belleflamme"},"image":{"@id":"https:\/\/www.belleflamme.ca\/fr\/#\/schema\/logo\/image\/"},"sameAs":["https:\/\/www.facebook.com\/belleflamme.ca\/","https:\/\/www.linkedin.com\/company\/belleflamme\/","https:\/\/www.pinterest.ca\/groupebelleflamme\/","https:\/\/www.instagram.com\/legroupebelleflamme\/"],"mainEntityOfPage":{"@id":"https:\/\/staging.belleflamme.ca\/fr\/produit\/foyer-au-gaz-transparent-interieur-exterieur-moderne-twilight-de-heat-glo\/"}}]},"product_brand":"Heat &amp; Glo","product_price_amount":"10519.00","product_price_currency":"CAD","og_availability":"instock","product_availability":"instock","product_retailer_item_id":"TWILIGHT-MD-IFT","product_condition":"new"},"_links":{"self":[{"href":"https:\/\/staging.belleflamme.ca\/fr\/wp-json\/wp\/v2\/product\/33251","targetHints":{"allow":["GET"]}}],"collection":[{"href":"https:\/\/staging.belleflamme.ca\/fr\/wp-json\/wp\/v2\/product"}],"about":[{"href":"https:\/\/staging.belleflamme.ca\/fr\/wp-json\/wp\/v2\/types\/product"}],"version-history":[{"count":4,"href":"https:\/\/staging.belleflamme.ca\/fr\/wp-json\/wp\/v2\/product\/33251\/revisions"}],"predecessor-version":[{"id":33270,"href":"https:\/\/staging.belleflamme.ca\/fr\/wp-json\/wp\/v2\/product\/33251\/revisions\/33270"}],"wp:featuredmedia":[{"embeddable":true,"href":"https:\/\/staging.belleflamme.ca\/fr\/wp-json\/wp\/v2\/media\/33252"}],"wp:attachment":[{"href":"https:\/\/staging.belleflamme.ca\/fr\/wp-json\/wp\/v2\/media?parent=33251"}],"wp:term":[{"taxonomy":"product_brand","embeddable":true,"href":"https:\/\/staging.belleflamme.ca\/fr\/wp-json\/wp\/v2\/product_brand?post=33251"},{"taxonomy":"product_cat","embeddable":true,"href":"https:\/\/staging.belleflamme.ca\/fr\/wp-json\/wp\/v2\/product_cat?post=33251"},{"taxonomy":"product_tag","embeddable":true,"href":"https:\/\/staging.belleflamme.ca\/fr\/wp-json\/wp\/v2\/product_tag?post=33251"}],"curies":[{"name":"wp","href":"https:\/\/api.w.org\/{rel}","templated":true}]}}