{"id":33193,"date":"2024-04-12T16:01:00","date_gmt":"2024-04-12T20:01:00","guid":{"rendered":"https:\/\/www.belleflamme.ca\/?post_type=product&#038;p=33193"},"modified":"2024-04-12T16:16:37","modified_gmt":"2024-04-12T20:16:37","slug":"foyer-interieur-exterieur-au-gaz-fortress-de-heat-glo","status":"publish","type":"product","link":"https:\/\/staging.belleflamme.ca\/fr\/produit\/foyer-interieur-exterieur-au-gaz-fortress-de-heat-glo\/","title":{"rendered":"Foyer Int\u00e9rieur\/Ext\u00e9rieur au Gaz Fortress de Heat &#038; Glo"},"content":{"rendered":"\t\t<div data-elementor-type=\"product-post\" data-elementor-id=\"33193\" class=\"elementor elementor-33193\" data-elementor-post-type=\"product\">\n\t\t\t\t\t\t<section class=\"elementor-section elementor-top-section elementor-element elementor-element-53c71c01 elementor-section-boxed elementor-section-height-default elementor-section-height-default\" data-id=\"53c71c01\" data-element_type=\"section\">\n\t\t\t\t\t\t<div class=\"elementor-container elementor-column-gap-default\">\n\t\t\t\t\t<div class=\"elementor-column elementor-col-100 elementor-top-column elementor-element elementor-element-3223f04b\" data-id=\"3223f04b\" data-element_type=\"column\">\n\t\t\t<div class=\"elementor-widget-wrap elementor-element-populated\">\n\t\t\t\t\t\t<div class=\"elementor-element elementor-element-17c9597 elementor-widget elementor-widget-video\" data-id=\"17c9597\" data-element_type=\"widget\" data-settings=\"{&quot;video_type&quot;:&quot;hosted&quot;,&quot;controls&quot;:&quot;yes&quot;}\" data-widget_type=\"video.default\">\n\t\t\t\t<div class=\"elementor-widget-container\">\n\t\t\t\t\t\t\t<div class=\"e-hosted-video elementor-wrapper elementor-open-inline\">\n\t\t\t\t\t<video class=\"elementor-video\" src=\"https:\/\/www.belleflamme.ca\/wp-content\/uploads\/2024\/04\/Foyer-Interieur-Exterieur-au-Gaz-de-Heat-Glo.mp4\" controls=\"\" preload=\"metadata\" controlsList=\"nodownload\"><\/video>\n\t\t\t\t<\/div>\n\t\t\t\t\t\t<\/div>\n\t\t\t\t<\/div>\n\t\t\t\t<div class=\"elementor-element elementor-element-1a45c978 elementor-widget elementor-widget-text-editor\" data-id=\"1a45c978\" data-element_type=\"widget\" data-widget_type=\"text-editor.default\">\n\t\t\t\t<div class=\"elementor-widget-container\">\n\t\t\t\t\t\t\t\t\t<h2 class=\"h200\"><span>Vues imprenables \u00e0 l&#8217;int\u00e9rieur et \u00e0 l&#8217;ext\u00e9rieur<\/span><\/h2>\r\nFaites de votre maison votre ch\u00e2teau. Du patio au salon, savourez le m\u00eame beau feu avec le foyer au gaz transparent Fortress. Il est construit en acier inoxydable et scell\u00e9 pour allier d\u00e9tente ext\u00e9rieure et int\u00e9rieure.\r\n<div class=\"productFeatureListHeader\">\r\n<h2 class=\"h200\"><span>Caract\u00e9ristiques<\/span><\/h2>\r\n<\/div>\r\n<div class=\"features\">\r\n<div class=\"featureItem\">\r\n<div class=\"featureDescription\">\r\n<h3 class=\"h600\"><span>BATTERIE DE SECOURS<\/span><\/h3>\r\n<span>Vous garantit de toujours disposer d\u2019une source de chaleur fiable, m\u00eame en cas de panne de courant hivernale.<\/span>\r\n\r\n<\/div>\r\n<\/div>\r\n<div class=\"featureItem\">\r\n<div class=\"featureDescription\">\r\n<h3 class=\"h600\"><span>TECHNOLOGIE DE VENTILATION DIRECTE<\/span><\/h3>\r\n<span>\u00c9limine efficacement et efficacement toutes les fum\u00e9es ou gaz d&#8217;\u00e9chappement de combustion de votre maison.<\/span>\r\n\r\n<\/div>\r\n<\/div>\r\n<div class=\"featureItem\">\r\n<div class=\"featureDescription\">\r\n<h3 class=\"h600\"><span>INTELLIFIRE TOUCH\u00ae<\/span><\/h3>\r\n<span>Vous offre une t\u00e9l\u00e9commande \u00e0 \u00e9cran tactile ou un interrupteur mural sans fil adapt\u00e9 \u00e0 votre vie.<\/span>\r\n\r\n<\/div>\r\n<\/div>\r\n<\/div>\r\n&nbsp;\r\n<table class=\"table table-striped table-bordered\">\r\n<tbody>\r\n<tr>\r\n<th><span>Mod\u00e8le<\/span><\/th>\r\n<td><span>Foyer ext\u00e9rieur Forteresse 36<\/span><\/td>\r\n<\/tr>\r\n<tr>\r\n<th><span>Largeur du cadre<\/span><\/th>\r\n<td><span>49-1\/2&#8243;<\/span><\/td>\r\n<\/tr>\r\n<tr>\r\n<th><span>Profondeur du cadrage<\/span><\/th>\r\n<td><span>23&#8243;<\/span><\/td>\r\n<\/tr>\r\n<tr>\r\n<th><span>Hauteur du cadre<\/span><\/th>\r\n<td><span>44-7\/8&#8243;<\/span><\/td>\r\n<\/tr>\r\n<tr>\r\n<th><span>Entr\u00e9e BTU\/h<\/span><\/th>\r\n<td><span>56 000 NG<\/span><\/td>\r\n<\/tr>\r\n<tr>\r\n<th><span>Zone de visualisation<\/span><\/th>\r\n<td><span>36&#215;30&#8243;<\/span><\/td>\r\n<\/tr>\r\n<\/tbody>\r\n<\/table>\t\t\t\t\t\t\t\t<\/div>\n\t\t\t\t<\/div>\n\t\t\t\t\t<\/div>\n\t\t<\/div>\n\t\t\t\t\t<\/div>\n\t\t<\/section>\n\t\t\t\t<section class=\"elementor-section elementor-top-section elementor-element elementor-element-1025182 elementor-section-boxed elementor-section-height-default elementor-section-height-default\" data-id=\"1025182\" data-element_type=\"section\">\n\t\t\t\t\t\t<div class=\"elementor-container elementor-column-gap-default\">\n\t\t\t\t\t<div class=\"elementor-column elementor-col-100 elementor-top-column elementor-element elementor-element-b0d5872\" data-id=\"b0d5872\" data-element_type=\"column\">\n\t\t\t<div class=\"elementor-widget-wrap elementor-element-populated\">\n\t\t\t\t\t\t<div class=\"elementor-element elementor-element-924a268 elementor-tabs-view-horizontal elementor-widget elementor-widget-tabs\" data-id=\"924a268\" data-element_type=\"widget\" data-widget_type=\"tabs.default\">\n\t\t\t\t<div class=\"elementor-widget-container\">\n\t\t\t\t\t\t\t<div class=\"elementor-tabs\">\n\t\t\t<div class=\"elementor-tabs-wrapper\" role=\"tablist\" >\n\t\t\t\t\t\t\t\t\t<div id=\"elementor-tab-title-1531\" class=\"elementor-tab-title elementor-tab-desktop-title\" aria-selected=\"true\" data-tab=\"1\" role=\"tab\" tabindex=\"0\" aria-controls=\"elementor-tab-content-1531\" aria-expanded=\"false\">Fichiers<\/div>\n\t\t\t\t\t\t\t<\/div>\n\t\t\t<div class=\"elementor-tabs-content-wrapper\" role=\"tablist\" aria-orientation=\"vertical\">\n\t\t\t\t\t\t\t\t\t<div class=\"elementor-tab-title elementor-tab-mobile-title\" aria-selected=\"true\" data-tab=\"1\" role=\"tab\" tabindex=\"0\" aria-controls=\"elementor-tab-content-1531\" aria-expanded=\"false\">Fichiers<\/div>\n\t\t\t\t\t<div id=\"elementor-tab-content-1531\" class=\"elementor-tab-content elementor-clearfix\" data-tab=\"1\" role=\"tabpanel\" aria-labelledby=\"elementor-tab-title-1531\" tabindex=\"0\" hidden=\"false\"><i class=\"far fa-file-pdf fa-xl\" style=\"font-size:35px\"><\/i><a href=\"https:\/\/www.belleflamme.ca\/wp-content\/uploads\/2024\/04\/HHT-1073C_OutdoorLifestyles-Indoor-Outdoor_fr_brochure.pdf\"> Brochure<\/a><\/br>\n<i class=\"far fa-file-pdf fa-xl\" style=\"font-size:35px\"><\/i><a href=\"https:\/\/www.belleflamme.ca\/wp-content\/uploads\/2024\/04\/FORTRESS_ODFORTG-36_Install_4602-901.pdf\"> Installation<\/a><\/br>\n<i class=\"far fa-file-pdf fa-xl\" style=\"font-size:35px\"><\/i><a href=\"https:\/\/www.belleflamme.ca\/wp-content\/uploads\/2024\/04\/FORTRESS_ODFORTG-36_Owners_4602-900.pdf\"> Manuel<\/a><\/br>\n<i class=\"far fa-file-pdf fa-xl\" style=\"font-size:35px\"><\/i><a href=\"https:\/\/www.belleflamme.ca\/wp-content\/uploads\/2024\/04\/ODFORTG-36.pdf\"> Pi\u00e8ces<\/a><\/br>\n<i class=\"far fa-file-pdf fa-xl\" style=\"font-size:35px\"><\/i><a href=\"https:\/\/www.belleflamme.ca\/wp-content\/uploads\/2024\/04\/Fortress_ArchGuide.pdf\"> Dimensions<\/a><\/br><\/div>\n\t\t\t\t\t\t\t<\/div>\n\t\t<\/div>\n\t\t\t\t\t\t<\/div>\n\t\t\t\t<\/div>\n\t\t\t\t\t<\/div>\n\t\t<\/div>\n\t\t\t\t\t<\/div>\n\t\t<\/section>\n\t\t\t\t<\/div>\n\t\t","protected":false},"excerpt":{"rendered":"<p>https:\/\/www.belleflamme.ca\/wp-content\/uploads\/2024\/04\/Foyer-Interieur-Exterieur-au-Gaz-de-Heat-Glo.mp4 Vues imprenables \u00e0 l&#8217;int\u00e9rieur et \u00e0 l&#8217;ext\u00e9rieur Faites de votre maison votre ch\u00e2teau. Du patio au salon, savourez le m\u00eame beau feu avec le foyer au gaz transparent Fortress. Il est construit en acier inoxydable et scell\u00e9 pour allier d\u00e9tente ext\u00e9rieure et int\u00e9rieure. Caract\u00e9ristiques BATTERIE DE SECOURS Vous garantit de toujours disposer d\u2019une source [&hellip;]<\/p>\n","protected":false},"featured_media":33194,"template":"","meta":{"inline_featured_image":false},"product_brand":[1241],"product_cat":[113,119,33,35,37],"product_tag":[],"class_list":{"0":"post-33193","1":"product","2":"type-product","3":"status-publish","4":"has-post-thumbnail","6":"product_brand-heat-glo","7":"product_cat-bbq-produits-exterieurs","8":"product_cat-foyers-exterieurs","9":"product_cat-poeles-et-foyers","10":"product_cat-poeles-foyer-au-gaz","11":"product_cat-foyer-au-gaz","13":"first","14":"instock","15":"taxable","16":"shipping-taxable","17":"purchasable","18":"product-type-simple"},"yoast_head":"<!-- This site is optimized with the Yoast SEO Premium plugin v24.2 (Yoast SEO v24.2) - https:\/\/yoast.com\/wordpress\/plugins\/seo\/ -->\n<title>Foyer Int\u00e9rieur\/Ext\u00e9rieur au Gaz Fortress de Heat &amp; Glo - Groupe BelleFlamme<\/title>\n<meta name=\"description\" content=\"Foyer Int\u00e9rieur\/Ext\u00e9rieur au Gaz Fortress de Heat &amp; Glo vendu et install\u00e9 par le Groupe Belleflamme. Laval, Montr\u00e9al, Gatineau et Saint-Sauveur.\" \/>\n<meta name=\"robots\" content=\"index, follow, max-snippet:-1, max-image-preview:large, max-video-preview:-1\" \/>\n<link rel=\"canonical\" href=\"https:\/\/staging.belleflamme.ca\/fr\/produit\/foyer-interieur-exterieur-au-gaz-fortress-de-heat-glo\/\" \/>\n<meta property=\"og:locale\" content=\"fr_FR\" \/>\n<meta property=\"og:type\" content=\"article\" \/>\n<meta property=\"og:title\" content=\"Foyer Int\u00e9rieur\/Ext\u00e9rieur au Gaz Fortress de Heat &amp; Glo\" \/>\n<meta property=\"og:description\" content=\"Foyer Int\u00e9rieur\/Ext\u00e9rieur au Gaz Fortress de Heat &amp; Glo vendu et install\u00e9 par le Groupe Belleflamme. Laval, Montr\u00e9al, Gatineau et Saint-Sauveur.\" \/>\n<meta property=\"og:url\" content=\"https:\/\/staging.belleflamme.ca\/fr\/produit\/foyer-interieur-exterieur-au-gaz-fortress-de-heat-glo\/\" \/>\n<meta property=\"og:site_name\" content=\"Groupe BelleFlamme\" \/>\n<meta property=\"article:publisher\" content=\"https:\/\/www.facebook.com\/belleflamme.ca\/\" \/>\n<meta property=\"article:modified_time\" content=\"2024-04-12T20:16:37+00:00\" \/>\n<meta property=\"og:image\" content=\"https:\/\/www.belleflamme.ca\/wp-content\/uploads\/2024\/04\/Foyer-Interieur-Exterieur-au-Gaz-de-Heat-Glo.webp\" \/>\n\t<meta property=\"og:image:width\" content=\"1110\" \/>\n\t<meta property=\"og:image:height\" content=\"624\" \/>\n\t<meta property=\"og:image:type\" content=\"image\/webp\" \/>\n<meta name=\"twitter:card\" content=\"summary_large_image\" \/>\n<meta name=\"twitter:label1\" content=\"Prix\" \/>\n\t<meta name=\"twitter:data1\" content=\"&#036;13,174.00\" \/>\n\t<meta name=\"twitter:label2\" content=\"Disponibilit\u00e9\" \/>\n\t<meta name=\"twitter:data2\" content=\"En stock\" \/>\n<script type=\"application\/ld+json\" class=\"yoast-schema-graph\">{\"@context\":\"https:\/\/schema.org\",\"@graph\":[{\"@type\":[\"WebPage\",\"ItemPage\"],\"@id\":\"https:\/\/staging.belleflamme.ca\/fr\/produit\/foyer-interieur-exterieur-au-gaz-fortress-de-heat-glo\/\",\"url\":\"https:\/\/staging.belleflamme.ca\/fr\/produit\/foyer-interieur-exterieur-au-gaz-fortress-de-heat-glo\/\",\"name\":\"Foyer Int\u00e9rieur\/Ext\u00e9rieur au Gaz Fortress de Heat & Glo - Groupe BelleFlamme\",\"isPartOf\":{\"@id\":\"https:\/\/www.belleflamme.ca\/fr\/#website\"},\"primaryImageOfPage\":{\"@id\":\"https:\/\/staging.belleflamme.ca\/fr\/produit\/foyer-interieur-exterieur-au-gaz-fortress-de-heat-glo\/#primaryimage\"},\"image\":{\"@id\":\"https:\/\/staging.belleflamme.ca\/fr\/produit\/foyer-interieur-exterieur-au-gaz-fortress-de-heat-glo\/#primaryimage\"},\"thumbnailUrl\":\"https:\/\/staging.belleflamme.ca\/wp-content\/uploads\/2024\/04\/Foyer-Interieur-Exterieur-au-Gaz-de-Heat-Glo.webp\",\"datePublished\":\"2024-04-12T20:01:00+00:00\",\"dateModified\":\"2024-04-12T20:16:37+00:00\",\"description\":\"Foyer Int\u00e9rieur\/Ext\u00e9rieur au Gaz Fortress de Heat & Glo vendu et install\u00e9 par le Groupe Belleflamme. Laval, Montr\u00e9al, Gatineau et Saint-Sauveur.\",\"breadcrumb\":{\"@id\":\"https:\/\/staging.belleflamme.ca\/fr\/produit\/foyer-interieur-exterieur-au-gaz-fortress-de-heat-glo\/#breadcrumb\"},\"inLanguage\":\"fr-FR\",\"potentialAction\":[{\"@type\":\"ReadAction\",\"target\":[\"https:\/\/staging.belleflamme.ca\/fr\/produit\/foyer-interieur-exterieur-au-gaz-fortress-de-heat-glo\/\"]}]},{\"@type\":\"ImageObject\",\"inLanguage\":\"fr-FR\",\"@id\":\"https:\/\/staging.belleflamme.ca\/fr\/produit\/foyer-interieur-exterieur-au-gaz-fortress-de-heat-glo\/#primaryimage\",\"url\":\"https:\/\/staging.belleflamme.ca\/wp-content\/uploads\/2024\/04\/Foyer-Interieur-Exterieur-au-Gaz-de-Heat-Glo.webp\",\"contentUrl\":\"https:\/\/staging.belleflamme.ca\/wp-content\/uploads\/2024\/04\/Foyer-Interieur-Exterieur-au-Gaz-de-Heat-Glo.webp\",\"width\":1110,\"height\":624,\"caption\":\"Foyer Int\u00e9rieur Ext\u00e9rieur au Gaz de Heat & Glo\"},{\"@type\":\"BreadcrumbList\",\"@id\":\"https:\/\/staging.belleflamme.ca\/fr\/produit\/foyer-interieur-exterieur-au-gaz-fortress-de-heat-glo\/#breadcrumb\",\"itemListElement\":[{\"@type\":\"ListItem\",\"position\":1,\"name\":\"Accueil\",\"item\":\"https:\/\/www.belleflamme.ca\/fr\/\"},{\"@type\":\"ListItem\",\"position\":2,\"name\":\"Boutique\",\"item\":\"https:\/\/www.belleflamme.ca\/fr\/boutique\/\"},{\"@type\":\"ListItem\",\"position\":3,\"name\":\"Po\u00eales &amp; Foyers\",\"item\":\"https:\/\/staging.belleflamme.ca\/fr\/categories\/poeles-et-foyers\/\"},{\"@type\":\"ListItem\",\"position\":4,\"name\":\"Po\u00eale &amp; Foyer au Gaz\",\"item\":\"https:\/\/staging.belleflamme.ca\/fr\/categories\/poeles-et-foyers\/poeles-foyer-au-gaz\/\"},{\"@type\":\"ListItem\",\"position\":5,\"name\":\"Foyer au Gaz\",\"item\":\"https:\/\/staging.belleflamme.ca\/fr\/categories\/poeles-et-foyers\/poeles-foyer-au-gaz\/foyer-au-gaz\/\"},{\"@type\":\"ListItem\",\"position\":6,\"name\":\"Foyer Int\u00e9rieur\/Ext\u00e9rieur au Gaz Fortress de Heat &#038; Glo\"}]},{\"@type\":\"WebSite\",\"@id\":\"https:\/\/www.belleflamme.ca\/fr\/#website\",\"url\":\"https:\/\/www.belleflamme.ca\/fr\/\",\"name\":\"Groupe Belleflamme\",\"description\":\"La m\u00e9canique du b\u00e2timent dans le sang.\",\"publisher\":{\"@id\":\"https:\/\/www.belleflamme.ca\/fr\/#organization\"},\"potentialAction\":[{\"@type\":\"SearchAction\",\"target\":{\"@type\":\"EntryPoint\",\"urlTemplate\":\"https:\/\/www.belleflamme.ca\/fr\/?s={search_term_string}\"},\"query-input\":{\"@type\":\"PropertyValueSpecification\",\"valueRequired\":true,\"valueName\":\"search_term_string\"}}],\"inLanguage\":\"fr-FR\"},{\"@type\":[\"Organization\",\"Place\"],\"@id\":\"https:\/\/www.belleflamme.ca\/fr\/#organization\",\"name\":\"Groupe Belleflamme\",\"alternateName\":\"Belleflamme\",\"url\":\"https:\/\/www.belleflamme.ca\/fr\/\",\"logo\":{\"@type\":\"ImageObject\",\"inLanguage\":\"fr-FR\",\"@id\":\"https:\/\/www.belleflamme.ca\/fr\/#\/schema\/logo\/image\/\",\"url\":\"https:\/\/staging.belleflamme.ca\/wp-content\/uploads\/2023\/01\/og-image.jpg\",\"contentUrl\":\"https:\/\/staging.belleflamme.ca\/wp-content\/uploads\/2023\/01\/og-image.jpg\",\"width\":1200,\"height\":630,\"caption\":\"Groupe Belleflamme\"},\"image\":{\"@id\":\"https:\/\/www.belleflamme.ca\/fr\/#\/schema\/logo\/image\/\"},\"sameAs\":[\"https:\/\/www.facebook.com\/belleflamme.ca\/\",\"https:\/\/www.linkedin.com\/company\/belleflamme\/\",\"https:\/\/www.pinterest.ca\/groupebelleflamme\/\",\"https:\/\/www.instagram.com\/legroupebelleflamme\/\"],\"mainEntityOfPage\":{\"@id\":\"https:\/\/staging.belleflamme.ca\/fr\/produit\/foyer-interieur-exterieur-au-gaz-fortress-de-heat-glo\/\"}}]}<\/script>\n<meta property=\"product:brand\" content=\"Heat &amp; Glo\" \/>\n<meta property=\"product:price:amount\" content=\"13174.00\" \/>\n<meta property=\"product:price:currency\" content=\"CAD\" \/>\n<meta property=\"og:availability\" content=\"instock\" \/>\n<meta property=\"product:availability\" content=\"instock\" \/>\n<meta property=\"product:retailer_item_id\" content=\"ODFORTG-36\" \/>\n<meta property=\"product:condition\" content=\"new\" \/>\n<!-- \/ Yoast SEO Premium plugin. -->","yoast_head_json":{"title":"Foyer Int\u00e9rieur\/Ext\u00e9rieur au Gaz Fortress de Heat & Glo - Groupe BelleFlamme","description":"Foyer Int\u00e9rieur\/Ext\u00e9rieur au Gaz Fortress de Heat & Glo vendu et install\u00e9 par le Groupe Belleflamme. Laval, Montr\u00e9al, Gatineau et Saint-Sauveur.","robots":{"index":"index","follow":"follow","max-snippet":"max-snippet:-1","max-image-preview":"max-image-preview:large","max-video-preview":"max-video-preview:-1"},"canonical":"https:\/\/staging.belleflamme.ca\/fr\/produit\/foyer-interieur-exterieur-au-gaz-fortress-de-heat-glo\/","og_locale":"fr_FR","og_type":"article","og_title":"Foyer Int\u00e9rieur\/Ext\u00e9rieur au Gaz Fortress de Heat & Glo","og_description":"Foyer Int\u00e9rieur\/Ext\u00e9rieur au Gaz Fortress de Heat & Glo vendu et install\u00e9 par le Groupe Belleflamme. Laval, Montr\u00e9al, Gatineau et Saint-Sauveur.","og_url":"https:\/\/staging.belleflamme.ca\/fr\/produit\/foyer-interieur-exterieur-au-gaz-fortress-de-heat-glo\/","og_site_name":"Groupe BelleFlamme","article_publisher":"https:\/\/www.facebook.com\/belleflamme.ca\/","article_modified_time":"2024-04-12T20:16:37+00:00","og_image":[{"width":1110,"height":624,"url":"https:\/\/www.belleflamme.ca\/wp-content\/uploads\/2024\/04\/Foyer-Interieur-Exterieur-au-Gaz-de-Heat-Glo.webp","type":"image\/webp"}],"twitter_card":"summary_large_image","twitter_misc":{"Prix":"&#36;13,174.00","Disponibilit\u00e9":"En stock"},"schema":{"@context":"https:\/\/schema.org","@graph":[{"@type":["WebPage","ItemPage"],"@id":"https:\/\/staging.belleflamme.ca\/fr\/produit\/foyer-interieur-exterieur-au-gaz-fortress-de-heat-glo\/","url":"https:\/\/staging.belleflamme.ca\/fr\/produit\/foyer-interieur-exterieur-au-gaz-fortress-de-heat-glo\/","name":"Foyer Int\u00e9rieur\/Ext\u00e9rieur au Gaz Fortress de Heat & Glo - Groupe BelleFlamme","isPartOf":{"@id":"https:\/\/www.belleflamme.ca\/fr\/#website"},"primaryImageOfPage":{"@id":"https:\/\/staging.belleflamme.ca\/fr\/produit\/foyer-interieur-exterieur-au-gaz-fortress-de-heat-glo\/#primaryimage"},"image":{"@id":"https:\/\/staging.belleflamme.ca\/fr\/produit\/foyer-interieur-exterieur-au-gaz-fortress-de-heat-glo\/#primaryimage"},"thumbnailUrl":"https:\/\/staging.belleflamme.ca\/wp-content\/uploads\/2024\/04\/Foyer-Interieur-Exterieur-au-Gaz-de-Heat-Glo.webp","datePublished":"2024-04-12T20:01:00+00:00","dateModified":"2024-04-12T20:16:37+00:00","description":"Foyer Int\u00e9rieur\/Ext\u00e9rieur au Gaz Fortress de Heat & Glo vendu et install\u00e9 par le Groupe Belleflamme. Laval, Montr\u00e9al, Gatineau et Saint-Sauveur.","breadcrumb":{"@id":"https:\/\/staging.belleflamme.ca\/fr\/produit\/foyer-interieur-exterieur-au-gaz-fortress-de-heat-glo\/#breadcrumb"},"inLanguage":"fr-FR","potentialAction":[{"@type":"ReadAction","target":["https:\/\/staging.belleflamme.ca\/fr\/produit\/foyer-interieur-exterieur-au-gaz-fortress-de-heat-glo\/"]}]},{"@type":"ImageObject","inLanguage":"fr-FR","@id":"https:\/\/staging.belleflamme.ca\/fr\/produit\/foyer-interieur-exterieur-au-gaz-fortress-de-heat-glo\/#primaryimage","url":"https:\/\/staging.belleflamme.ca\/wp-content\/uploads\/2024\/04\/Foyer-Interieur-Exterieur-au-Gaz-de-Heat-Glo.webp","contentUrl":"https:\/\/staging.belleflamme.ca\/wp-content\/uploads\/2024\/04\/Foyer-Interieur-Exterieur-au-Gaz-de-Heat-Glo.webp","width":1110,"height":624,"caption":"Foyer Int\u00e9rieur Ext\u00e9rieur au Gaz de Heat & Glo"},{"@type":"BreadcrumbList","@id":"https:\/\/staging.belleflamme.ca\/fr\/produit\/foyer-interieur-exterieur-au-gaz-fortress-de-heat-glo\/#breadcrumb","itemListElement":[{"@type":"ListItem","position":1,"name":"Accueil","item":"https:\/\/www.belleflamme.ca\/fr\/"},{"@type":"ListItem","position":2,"name":"Boutique","item":"https:\/\/www.belleflamme.ca\/fr\/boutique\/"},{"@type":"ListItem","position":3,"name":"Po\u00eales &amp; Foyers","item":"https:\/\/staging.belleflamme.ca\/fr\/categories\/poeles-et-foyers\/"},{"@type":"ListItem","position":4,"name":"Po\u00eale &amp; Foyer au Gaz","item":"https:\/\/staging.belleflamme.ca\/fr\/categories\/poeles-et-foyers\/poeles-foyer-au-gaz\/"},{"@type":"ListItem","position":5,"name":"Foyer au Gaz","item":"https:\/\/staging.belleflamme.ca\/fr\/categories\/poeles-et-foyers\/poeles-foyer-au-gaz\/foyer-au-gaz\/"},{"@type":"ListItem","position":6,"name":"Foyer Int\u00e9rieur\/Ext\u00e9rieur au Gaz Fortress de Heat &#038; Glo"}]},{"@type":"WebSite","@id":"https:\/\/www.belleflamme.ca\/fr\/#website","url":"https:\/\/www.belleflamme.ca\/fr\/","name":"Groupe Belleflamme","description":"La m\u00e9canique du b\u00e2timent dans le sang.","publisher":{"@id":"https:\/\/www.belleflamme.ca\/fr\/#organization"},"potentialAction":[{"@type":"SearchAction","target":{"@type":"EntryPoint","urlTemplate":"https:\/\/www.belleflamme.ca\/fr\/?s={search_term_string}"},"query-input":{"@type":"PropertyValueSpecification","valueRequired":true,"valueName":"search_term_string"}}],"inLanguage":"fr-FR"},{"@type":["Organization","Place"],"@id":"https:\/\/www.belleflamme.ca\/fr\/#organization","name":"Groupe Belleflamme","alternateName":"Belleflamme","url":"https:\/\/www.belleflamme.ca\/fr\/","logo":{"@type":"ImageObject","inLanguage":"fr-FR","@id":"https:\/\/www.belleflamme.ca\/fr\/#\/schema\/logo\/image\/","url":"https:\/\/staging.belleflamme.ca\/wp-content\/uploads\/2023\/01\/og-image.jpg","contentUrl":"https:\/\/staging.belleflamme.ca\/wp-content\/uploads\/2023\/01\/og-image.jpg","width":1200,"height":630,"caption":"Groupe Belleflamme"},"image":{"@id":"https:\/\/www.belleflamme.ca\/fr\/#\/schema\/logo\/image\/"},"sameAs":["https:\/\/www.facebook.com\/belleflamme.ca\/","https:\/\/www.linkedin.com\/company\/belleflamme\/","https:\/\/www.pinterest.ca\/groupebelleflamme\/","https:\/\/www.instagram.com\/legroupebelleflamme\/"],"mainEntityOfPage":{"@id":"https:\/\/staging.belleflamme.ca\/fr\/produit\/foyer-interieur-exterieur-au-gaz-fortress-de-heat-glo\/"}}]},"product_brand":"Heat &amp; Glo","product_price_amount":"13174.00","product_price_currency":"CAD","og_availability":"instock","product_availability":"instock","product_retailer_item_id":"ODFORTG-36","product_condition":"new"},"_links":{"self":[{"href":"https:\/\/staging.belleflamme.ca\/fr\/wp-json\/wp\/v2\/product\/33193","targetHints":{"allow":["GET"]}}],"collection":[{"href":"https:\/\/staging.belleflamme.ca\/fr\/wp-json\/wp\/v2\/product"}],"about":[{"href":"https:\/\/staging.belleflamme.ca\/fr\/wp-json\/wp\/v2\/types\/product"}],"version-history":[{"count":5,"href":"https:\/\/staging.belleflamme.ca\/fr\/wp-json\/wp\/v2\/product\/33193\/revisions"}],"predecessor-version":[{"id":33214,"href":"https:\/\/staging.belleflamme.ca\/fr\/wp-json\/wp\/v2\/product\/33193\/revisions\/33214"}],"wp:featuredmedia":[{"embeddable":true,"href":"https:\/\/staging.belleflamme.ca\/fr\/wp-json\/wp\/v2\/media\/33194"}],"wp:attachment":[{"href":"https:\/\/staging.belleflamme.ca\/fr\/wp-json\/wp\/v2\/media?parent=33193"}],"wp:term":[{"taxonomy":"product_brand","embeddable":true,"href":"https:\/\/staging.belleflamme.ca\/fr\/wp-json\/wp\/v2\/product_brand?post=33193"},{"taxonomy":"product_cat","embeddable":true,"href":"https:\/\/staging.belleflamme.ca\/fr\/wp-json\/wp\/v2\/product_cat?post=33193"},{"taxonomy":"product_tag","embeddable":true,"href":"https:\/\/staging.belleflamme.ca\/fr\/wp-json\/wp\/v2\/product_tag?post=33193"}],"curies":[{"name":"wp","href":"https:\/\/api.w.org\/{rel}","templated":true}]}}