{"id":33161,"date":"2024-04-12T15:38:20","date_gmt":"2024-04-12T19:38:20","guid":{"rendered":"https:\/\/www.belleflamme.ca\/?post_type=product&#038;p=33161"},"modified":"2024-04-12T15:45:42","modified_gmt":"2024-04-12T19:45:42","slug":"foyer-exterieur-au-bois-villawood-de-heat-glo","status":"publish","type":"product","link":"https:\/\/staging.belleflamme.ca\/fr\/produit\/foyer-exterieur-au-bois-villawood-de-heat-glo\/","title":{"rendered":"Foyer Ext\u00e9rieur au Bois Villawood de Heat &#038; Glo"},"content":{"rendered":"\t\t<div data-elementor-type=\"product-post\" data-elementor-id=\"33161\" class=\"elementor elementor-33161\" data-elementor-post-type=\"product\">\n\t\t\t\t\t\t<section class=\"elementor-section elementor-top-section elementor-element elementor-element-7c9cbd65 elementor-section-boxed elementor-section-height-default elementor-section-height-default\" data-id=\"7c9cbd65\" data-element_type=\"section\">\n\t\t\t\t\t\t<div class=\"elementor-container elementor-column-gap-default\">\n\t\t\t\t\t<div class=\"elementor-column elementor-col-100 elementor-top-column elementor-element elementor-element-12b1db2b\" data-id=\"12b1db2b\" data-element_type=\"column\">\n\t\t\t<div class=\"elementor-widget-wrap elementor-element-populated\">\n\t\t\t\t\t\t<div class=\"elementor-element elementor-element-44f86c4b elementor-widget elementor-widget-text-editor\" data-id=\"44f86c4b\" data-element_type=\"widget\" data-widget_type=\"text-editor.default\">\n\t\t\t\t<div class=\"elementor-widget-container\">\n\t\t\t\t\t\t\t\t\t<h2 class=\"h200\">Un confort aussi grand que tout ce qui se passe \u00e0 l&#8217;ext\u00e9rieur<\/h2><p>La chemin\u00e9e \u00e0 foyer ouvert d&#8217;ext\u00e9rieur Villawood offre le claquement et le cr\u00e9pitement que vous aimez, avec la qualit\u00e9 Heat &amp; Glo sur laquelle vous comptez. Son aspect ma\u00e7onnerie et sa conception \u00e0 foyer ouvert rehaussent n&#8217;importe quelle terrasse, patio ou cuisine ext\u00e9rieure et promettent une pr\u00e9sence invitante \u00e0 tous ceux qui se rassemblent pr\u00e8s du foyer \u00e0 flamme nue.<\/p><div class=\"productFeatureListHeader\"><h2 class=\"h200\">Caract\u00e9ristiques<\/h2><\/div><div class=\"features\"><div class=\"featureItem\"><div class=\"featureDescription\"><h3 class=\"h600\">DISPONIBLE EN DEUX TAILLES<\/h3><p>S&#8217;adapte \u00e0 votre espace et \u00e0 votre vision du design avec des options de zone de visualisation de 36&#8243; et 42&#8243;.<\/p><\/div><\/div><div class=\"featureItem\"><div class=\"featureDescription\"><h3 class=\"h600\">APPROUV\u00c9 POUR L&#8217;EXT\u00c9RIEUR<\/h3><p>Fournit un fonctionnement durable et s\u00fbr avec des mat\u00e9riaux en acier inoxydable et des caract\u00e9ristiques de conception uniques.<\/p><\/div><\/div><div class=\"featureItem\"><div class=\"featureDescription\"><h3 class=\"h600\">PAS DE VERRE<\/h3><p>Cr\u00e9e une v\u00e9ritable exp\u00e9rience de chemin\u00e9e avec un foyer ouvert et sans barri\u00e8re de verre.<\/p><div class=\"optionCategoryOverview\"><p>Personnalisez votre foyer en personnalisant l&#8217;int\u00e9rieur de votre foyer parmi les nombreux choix disponibles. Les options peuvent varier selon le mod\u00e8le. Consultez votre revendeur pour plus de d\u00e9tails.<\/p><\/div><div class=\"options row col-lg-12\"><div class=\"option col-lg-3 col-md-4 col-sm-6 \" data-modalid=\"RFR-1018\"><div class=\"optionImageNameContainer\"><div class=\"optionImage \"><img decoding=\"async\" src=\"https:\/\/hearthnhome.getbynder.com\/transform\/8458c2c5-8892-4975-adde-5786b4281025\/Villa-Wood-Herringbone-brick-swatch-326x277?io=transform:fill,width:326\" sizes=\"(min-width: 62rem) 33vw, (min-width: 20rem) 100vw, 100vw\" srcset=\"https:\/\/hearthnhome.getbynder.com\/transform\/8458c2c5-8892-4975-adde-5786b4281025\/Villa-Wood-Herringbone-brick-swatch-326x277?io=transform:fill,width:326 326w\" alt=\"\" \/><\/div><div class=\"optionName h400\">Chevrons<\/div><\/div><\/div><div class=\"option col-lg-3 col-md-4 col-sm-6 \" data-modalid=\"RFR-1017\"><div class=\"optionImageNameContainer\"><div class=\"optionImage \"><img decoding=\"async\" src=\"https:\/\/hearthnhome.getbynder.com\/transform\/1f31e5b2-19fd-4e6a-8be9-48784fd889f3\/Villa-Wood-Traditional-brick-swatch-326x277?io=transform:fill,width:326\" sizes=\"(min-width: 62rem) 33vw, (min-width: 20rem) 100vw, 100vw\" srcset=\"https:\/\/hearthnhome.getbynder.com\/transform\/1f31e5b2-19fd-4e6a-8be9-48784fd889f3\/Villa-Wood-Traditional-brick-swatch-326x277?io=transform:fill,width:326 326w\" alt=\"\" \/><\/div><div class=\"optionName h400\">Traditionnel<\/div><\/div><div>\u00a0<\/div><\/div><\/div><\/div><\/div><\/div><div>\u00a0<\/div><div><table class=\"table table-striped table-bordered\"><tbody><tr><th>Mod\u00e8le<\/th><td>Foyer au bois ext\u00e9rieur 36&#8243; Villawood<\/td><td>Foyer au bois ext\u00e9rieur 42&#8243; Villawood<\/td><\/tr><tr><th>Largeur du cadre<\/th><td>42&#8243;<\/td><td>48&#8243;<\/td><\/tr><tr><th>Profondeur du cadrage<\/th><td>21-1\/2&#8243;<\/td><td>21-1\/2&#8243;<\/td><\/tr><tr><th>Hauteur du cadre<\/th><td>39-3\/4<\/td><td>39-3\/4<\/td><\/tr><tr><th>Zone de visualisation<\/th><td>36&#215;20-7\/8&#8243;<\/td><td>42&#215;20-7\/8&#8243;<\/td><\/tr><\/tbody><\/table><\/div><div class=\"features\"><div class=\"featureItem\"><div class=\"featureDescription\"><p>\u00a0<\/p><\/div><\/div><\/div>\t\t\t\t\t\t\t\t<\/div>\n\t\t\t\t<\/div>\n\t\t\t\t\t<\/div>\n\t\t<\/div>\n\t\t\t\t\t<\/div>\n\t\t<\/section>\n\t\t\t\t<section class=\"elementor-section elementor-top-section elementor-element elementor-element-1e6bc02 elementor-section-boxed elementor-section-height-default elementor-section-height-default\" data-id=\"1e6bc02\" data-element_type=\"section\">\n\t\t\t\t\t\t<div class=\"elementor-container elementor-column-gap-default\">\n\t\t\t\t\t<div class=\"elementor-column elementor-col-100 elementor-top-column elementor-element elementor-element-27bd623\" data-id=\"27bd623\" data-element_type=\"column\">\n\t\t\t<div class=\"elementor-widget-wrap elementor-element-populated\">\n\t\t\t\t\t\t<div class=\"elementor-element elementor-element-e60e426 elementor-tabs-view-horizontal elementor-widget elementor-widget-tabs\" data-id=\"e60e426\" data-element_type=\"widget\" data-widget_type=\"tabs.default\">\n\t\t\t\t<div class=\"elementor-widget-container\">\n\t\t\t\t\t\t\t<div class=\"elementor-tabs\">\n\t\t\t<div class=\"elementor-tabs-wrapper\" role=\"tablist\" >\n\t\t\t\t\t\t\t\t\t<div id=\"elementor-tab-title-2411\" class=\"elementor-tab-title elementor-tab-desktop-title\" aria-selected=\"true\" data-tab=\"1\" role=\"tab\" tabindex=\"0\" aria-controls=\"elementor-tab-content-2411\" aria-expanded=\"false\">Fichiers<\/div>\n\t\t\t\t\t\t\t<\/div>\n\t\t\t<div class=\"elementor-tabs-content-wrapper\" role=\"tablist\" aria-orientation=\"vertical\">\n\t\t\t\t\t\t\t\t\t<div class=\"elementor-tab-title elementor-tab-mobile-title\" aria-selected=\"true\" data-tab=\"1\" role=\"tab\" tabindex=\"0\" aria-controls=\"elementor-tab-content-2411\" aria-expanded=\"false\">Fichiers<\/div>\n\t\t\t\t\t<div id=\"elementor-tab-content-2411\" class=\"elementor-tab-content elementor-clearfix\" data-tab=\"1\" role=\"tabpanel\" aria-labelledby=\"elementor-tab-title-2411\" tabindex=\"0\" hidden=\"false\"><i class=\"far fa-file-pdf fa-xl\" style=\"font-size:35px\"><\/i><a href=\"https:\/\/www.belleflamme.ca\/wp-content\/uploads\/2024\/04\/HHT-1032C_OutdoorLifestyles_fr_brochure-1.pdf\"> Brochure<\/a><\/br>\n<i class=\"far fa-file-pdf fa-xl\" style=\"font-size:35px\"><\/i><a href=\"https:\/\/www.belleflamme.ca\/wp-content\/uploads\/2024\/04\/HHT-1044U.pdf\"> Brochure B\u00fbches au Gaz<\/a><\/br>\n<i class=\"far fa-file-pdf fa-xl\" style=\"font-size:35px\"><\/i><a href=\"https:\/\/www.belleflamme.ca\/wp-content\/uploads\/2024\/04\/4004_305-1.pdf\"> Installation B\u00fbches Ch\u00eane 18 <\/a><\/br>\n<i class=\"far fa-file-pdf fa-xl\" style=\"font-size:35px\"><\/i><a href=\"https:\/\/www.belleflamme.ca\/wp-content\/uploads\/2024\/04\/4004_311-1.pdf\"> Installation B\u00fbches Ch\u00eane 24 <\/a><\/br>\n<i class=\"far fa-file-pdf fa-xl\" style=\"font-size:35px\"><\/i><a href=\"https:\/\/www.belleflamme.ca\/wp-content\/uploads\/2024\/04\/Villawood-ODVILLA_Drain-Pan_Install_4072-344.pdf\"> Installation<\/a><\/br>\n<i class=\"far fa-file-pdf fa-xl\" style=\"font-size:35px\"><\/i><a href=\"https:\/\/www.belleflamme.ca\/wp-content\/uploads\/2024\/04\/4004_315.pdf\"> Installation du Kit Hearth<\/a><\/br>\n<i class=\"far fa-file-pdf fa-xl\" style=\"font-size:35px\"><\/i><a href=\"https:\/\/www.belleflamme.ca\/wp-content\/uploads\/2024\/04\/Villawood_ODVILLA-36-42-Owner-Install_4072-345.pdf\"> Manuel<\/a><\/br>\n<i class=\"far fa-file-pdf fa-xl\" style=\"font-size:35px\"><\/i><a href=\"https:\/\/www.belleflamme.ca\/wp-content\/uploads\/2024\/04\/ODVILLA-36-B.pdf\"> Pi\u00e8ces 36<\/a><\/br>\n<i class=\"far fa-file-pdf fa-xl\" style=\"font-size:35px\"><\/i><a href=\"https:\/\/www.belleflamme.ca\/wp-content\/uploads\/2024\/04\/ODVILLA-42-B.pdf\"> Pi\u00e8ces 42<\/a><\/br>\n<i class=\"far fa-file-pdf fa-xl\" style=\"font-size:35px\"><\/i><a href=\"https:\/\/www.belleflamme.ca\/wp-content\/uploads\/2024\/04\/Villawood36_ArchGuide.pdf\"> Dimensions 36<\/a><\/br>\n<i class=\"far fa-file-pdf fa-xl\" style=\"font-size:35px\"><\/i><a href=\"https:\/\/www.belleflamme.ca\/wp-content\/uploads\/2024\/04\/Villawood42_ArchGuide.pdf\"> Dimensions 42<\/a><\/br><\/div>\n\t\t\t\t\t\t\t<\/div>\n\t\t<\/div>\n\t\t\t\t\t\t<\/div>\n\t\t\t\t<\/div>\n\t\t\t\t\t<\/div>\n\t\t<\/div>\n\t\t\t\t\t<\/div>\n\t\t<\/section>\n\t\t\t\t<\/div>\n\t\t","protected":false},"excerpt":{"rendered":"<p>Un confort aussi grand que tout ce qui se passe \u00e0 l&#8217;ext\u00e9rieur La chemin\u00e9e \u00e0 foyer ouvert d&#8217;ext\u00e9rieur Villawood offre le claquement et le cr\u00e9pitement que vous aimez, avec la qualit\u00e9 Heat &amp; Glo sur laquelle vous comptez. Son aspect ma\u00e7onnerie et sa conception \u00e0 foyer ouvert rehaussent n&#8217;importe quelle terrasse, patio ou cuisine ext\u00e9rieure [&hellip;]<\/p>\n","protected":false},"featured_media":33162,"template":"","meta":{"inline_featured_image":false},"product_brand":[1241],"product_cat":[113,119],"product_tag":[],"class_list":{"0":"post-33161","1":"product","2":"type-product","3":"status-publish","4":"has-post-thumbnail","6":"product_brand-heat-glo","7":"product_cat-bbq-produits-exterieurs","8":"product_cat-foyers-exterieurs","10":"first","11":"outofstock","12":"taxable","13":"shipping-taxable","14":"product-type-variable"},"yoast_head":"<!-- This site is optimized with the Yoast SEO Premium plugin v24.2 (Yoast SEO v24.2) - https:\/\/yoast.com\/wordpress\/plugins\/seo\/ -->\n<title>Foyer Ext\u00e9rieur au Bois Villawood de Heat &amp; Glo - Groupe BelleFlamme<\/title>\n<meta name=\"description\" content=\"Foyer Ext\u00e9rieur au Bois Villawood de Heat &amp; Glo vendu et install\u00e9 par le Groupe Belleflamme. Laval, Montr\u00e9al, Gatineau et Saint-Sauveur.\" \/>\n<meta name=\"robots\" content=\"index, follow, max-snippet:-1, max-image-preview:large, max-video-preview:-1\" \/>\n<link rel=\"canonical\" href=\"https:\/\/staging.belleflamme.ca\/fr\/produit\/foyer-exterieur-au-bois-villawood-de-heat-glo\/\" \/>\n<meta property=\"og:locale\" content=\"fr_FR\" \/>\n<meta property=\"og:type\" content=\"article\" \/>\n<meta property=\"og:title\" content=\"Foyer Ext\u00e9rieur au Bois Villawood de Heat &amp; Glo\" \/>\n<meta property=\"og:description\" content=\"Foyer Ext\u00e9rieur au Bois Villawood de Heat &amp; Glo vendu et install\u00e9 par le Groupe Belleflamme. Laval, Montr\u00e9al, Gatineau et Saint-Sauveur.\" \/>\n<meta property=\"og:url\" content=\"https:\/\/staging.belleflamme.ca\/fr\/produit\/foyer-exterieur-au-bois-villawood-de-heat-glo\/\" \/>\n<meta property=\"og:site_name\" content=\"Groupe BelleFlamme\" \/>\n<meta property=\"article:publisher\" content=\"https:\/\/www.facebook.com\/belleflamme.ca\/\" \/>\n<meta property=\"article:modified_time\" content=\"2024-04-12T19:45:42+00:00\" \/>\n<meta property=\"og:image\" content=\"https:\/\/www.belleflamme.ca\/wp-content\/uploads\/2024\/04\/Foyer-Exterieur-au-Bois-Villawood-de-Heat-Glo.webp\" \/>\n\t<meta property=\"og:image:width\" content=\"2000\" \/>\n\t<meta property=\"og:image:height\" content=\"1125\" \/>\n\t<meta property=\"og:image:type\" content=\"image\/webp\" \/>\n<meta name=\"twitter:card\" content=\"summary_large_image\" \/>\n<meta name=\"twitter:label1\" content=\"Disponibilit\u00e9\" \/>\n\t<meta name=\"twitter:data1\" content=\"Rupture de stock\" \/>\n<script type=\"application\/ld+json\" class=\"yoast-schema-graph\">{\"@context\":\"https:\/\/schema.org\",\"@graph\":[{\"@type\":[\"WebPage\",\"ItemPage\"],\"@id\":\"https:\/\/staging.belleflamme.ca\/fr\/produit\/foyer-exterieur-au-bois-villawood-de-heat-glo\/\",\"url\":\"https:\/\/staging.belleflamme.ca\/fr\/produit\/foyer-exterieur-au-bois-villawood-de-heat-glo\/\",\"name\":\"Foyer Ext\u00e9rieur au Bois Villawood de Heat & Glo - Groupe BelleFlamme\",\"isPartOf\":{\"@id\":\"https:\/\/www.belleflamme.ca\/fr\/#website\"},\"primaryImageOfPage\":{\"@id\":\"https:\/\/staging.belleflamme.ca\/fr\/produit\/foyer-exterieur-au-bois-villawood-de-heat-glo\/#primaryimage\"},\"image\":{\"@id\":\"https:\/\/staging.belleflamme.ca\/fr\/produit\/foyer-exterieur-au-bois-villawood-de-heat-glo\/#primaryimage\"},\"thumbnailUrl\":\"https:\/\/staging.belleflamme.ca\/wp-content\/uploads\/2024\/04\/Foyer-Exterieur-au-Bois-Villawood-de-Heat-Glo.webp\",\"datePublished\":\"2024-04-12T19:38:20+00:00\",\"dateModified\":\"2024-04-12T19:45:42+00:00\",\"description\":\"Foyer Ext\u00e9rieur au Bois Villawood de Heat & Glo vendu et install\u00e9 par le Groupe Belleflamme. Laval, Montr\u00e9al, Gatineau et Saint-Sauveur.\",\"breadcrumb\":{\"@id\":\"https:\/\/staging.belleflamme.ca\/fr\/produit\/foyer-exterieur-au-bois-villawood-de-heat-glo\/#breadcrumb\"},\"inLanguage\":\"fr-FR\",\"potentialAction\":[{\"@type\":\"ReadAction\",\"target\":[\"https:\/\/staging.belleflamme.ca\/fr\/produit\/foyer-exterieur-au-bois-villawood-de-heat-glo\/\"]}]},{\"@type\":\"ImageObject\",\"inLanguage\":\"fr-FR\",\"@id\":\"https:\/\/staging.belleflamme.ca\/fr\/produit\/foyer-exterieur-au-bois-villawood-de-heat-glo\/#primaryimage\",\"url\":\"https:\/\/staging.belleflamme.ca\/wp-content\/uploads\/2024\/04\/Foyer-Exterieur-au-Bois-Villawood-de-Heat-Glo.webp\",\"contentUrl\":\"https:\/\/staging.belleflamme.ca\/wp-content\/uploads\/2024\/04\/Foyer-Exterieur-au-Bois-Villawood-de-Heat-Glo.webp\",\"width\":2000,\"height\":1125,\"caption\":\"Foyer Ext\u00e9rieur au Bois Villawood de Heat & Glo\"},{\"@type\":\"BreadcrumbList\",\"@id\":\"https:\/\/staging.belleflamme.ca\/fr\/produit\/foyer-exterieur-au-bois-villawood-de-heat-glo\/#breadcrumb\",\"itemListElement\":[{\"@type\":\"ListItem\",\"position\":1,\"name\":\"Accueil\",\"item\":\"https:\/\/www.belleflamme.ca\/fr\/\"},{\"@type\":\"ListItem\",\"position\":2,\"name\":\"Boutique\",\"item\":\"https:\/\/www.belleflamme.ca\/fr\/boutique\/\"},{\"@type\":\"ListItem\",\"position\":3,\"name\":\"BBQ &amp; Produits Ext\u00e9rieurs\",\"item\":\"https:\/\/staging.belleflamme.ca\/fr\/categories\/bbq-produits-exterieurs\/\"},{\"@type\":\"ListItem\",\"position\":4,\"name\":\"Foyers Ext\u00e9rieurs\",\"item\":\"https:\/\/staging.belleflamme.ca\/fr\/categories\/bbq-produits-exterieurs\/foyers-exterieurs\/\"},{\"@type\":\"ListItem\",\"position\":5,\"name\":\"Foyer Ext\u00e9rieur au Bois Villawood de Heat &#038; Glo\"}]},{\"@type\":\"WebSite\",\"@id\":\"https:\/\/www.belleflamme.ca\/fr\/#website\",\"url\":\"https:\/\/www.belleflamme.ca\/fr\/\",\"name\":\"Groupe Belleflamme\",\"description\":\"La m\u00e9canique du b\u00e2timent dans le sang.\",\"publisher\":{\"@id\":\"https:\/\/www.belleflamme.ca\/fr\/#organization\"},\"potentialAction\":[{\"@type\":\"SearchAction\",\"target\":{\"@type\":\"EntryPoint\",\"urlTemplate\":\"https:\/\/www.belleflamme.ca\/fr\/?s={search_term_string}\"},\"query-input\":{\"@type\":\"PropertyValueSpecification\",\"valueRequired\":true,\"valueName\":\"search_term_string\"}}],\"inLanguage\":\"fr-FR\"},{\"@type\":[\"Organization\",\"Place\"],\"@id\":\"https:\/\/www.belleflamme.ca\/fr\/#organization\",\"name\":\"Groupe Belleflamme\",\"alternateName\":\"Belleflamme\",\"url\":\"https:\/\/www.belleflamme.ca\/fr\/\",\"logo\":{\"@type\":\"ImageObject\",\"inLanguage\":\"fr-FR\",\"@id\":\"https:\/\/www.belleflamme.ca\/fr\/#\/schema\/logo\/image\/\",\"url\":\"https:\/\/staging.belleflamme.ca\/wp-content\/uploads\/2023\/01\/og-image.jpg\",\"contentUrl\":\"https:\/\/staging.belleflamme.ca\/wp-content\/uploads\/2023\/01\/og-image.jpg\",\"width\":1200,\"height\":630,\"caption\":\"Groupe Belleflamme\"},\"image\":{\"@id\":\"https:\/\/www.belleflamme.ca\/fr\/#\/schema\/logo\/image\/\"},\"sameAs\":[\"https:\/\/www.facebook.com\/belleflamme.ca\/\",\"https:\/\/www.linkedin.com\/company\/belleflamme\/\",\"https:\/\/www.pinterest.ca\/groupebelleflamme\/\",\"https:\/\/www.instagram.com\/legroupebelleflamme\/\"],\"mainEntityOfPage\":{\"@id\":\"https:\/\/staging.belleflamme.ca\/fr\/produit\/foyer-exterieur-au-bois-villawood-de-heat-glo\/\"}}]}<\/script>\n<meta property=\"product:brand\" content=\"Heat &amp; Glo\" \/>\n<meta property=\"og:availability\" content=\"out of stock\" \/>\n<meta property=\"product:availability\" content=\"out of stock\" \/>\n<meta property=\"product:condition\" content=\"new\" \/>\n<!-- \/ Yoast SEO Premium plugin. -->","yoast_head_json":{"title":"Foyer Ext\u00e9rieur au Bois Villawood de Heat & Glo - Groupe BelleFlamme","description":"Foyer Ext\u00e9rieur au Bois Villawood de Heat & Glo vendu et install\u00e9 par le Groupe Belleflamme. Laval, Montr\u00e9al, Gatineau et Saint-Sauveur.","robots":{"index":"index","follow":"follow","max-snippet":"max-snippet:-1","max-image-preview":"max-image-preview:large","max-video-preview":"max-video-preview:-1"},"canonical":"https:\/\/staging.belleflamme.ca\/fr\/produit\/foyer-exterieur-au-bois-villawood-de-heat-glo\/","og_locale":"fr_FR","og_type":"article","og_title":"Foyer Ext\u00e9rieur au Bois Villawood de Heat & Glo","og_description":"Foyer Ext\u00e9rieur au Bois Villawood de Heat & Glo vendu et install\u00e9 par le Groupe Belleflamme. Laval, Montr\u00e9al, Gatineau et Saint-Sauveur.","og_url":"https:\/\/staging.belleflamme.ca\/fr\/produit\/foyer-exterieur-au-bois-villawood-de-heat-glo\/","og_site_name":"Groupe BelleFlamme","article_publisher":"https:\/\/www.facebook.com\/belleflamme.ca\/","article_modified_time":"2024-04-12T19:45:42+00:00","og_image":[{"width":2000,"height":1125,"url":"https:\/\/www.belleflamme.ca\/wp-content\/uploads\/2024\/04\/Foyer-Exterieur-au-Bois-Villawood-de-Heat-Glo.webp","type":"image\/webp"}],"twitter_card":"summary_large_image","twitter_misc":{"Disponibilit\u00e9":"Rupture de stock"},"schema":{"@context":"https:\/\/schema.org","@graph":[{"@type":["WebPage","ItemPage"],"@id":"https:\/\/staging.belleflamme.ca\/fr\/produit\/foyer-exterieur-au-bois-villawood-de-heat-glo\/","url":"https:\/\/staging.belleflamme.ca\/fr\/produit\/foyer-exterieur-au-bois-villawood-de-heat-glo\/","name":"Foyer Ext\u00e9rieur au Bois Villawood de Heat & Glo - Groupe BelleFlamme","isPartOf":{"@id":"https:\/\/www.belleflamme.ca\/fr\/#website"},"primaryImageOfPage":{"@id":"https:\/\/staging.belleflamme.ca\/fr\/produit\/foyer-exterieur-au-bois-villawood-de-heat-glo\/#primaryimage"},"image":{"@id":"https:\/\/staging.belleflamme.ca\/fr\/produit\/foyer-exterieur-au-bois-villawood-de-heat-glo\/#primaryimage"},"thumbnailUrl":"https:\/\/staging.belleflamme.ca\/wp-content\/uploads\/2024\/04\/Foyer-Exterieur-au-Bois-Villawood-de-Heat-Glo.webp","datePublished":"2024-04-12T19:38:20+00:00","dateModified":"2024-04-12T19:45:42+00:00","description":"Foyer Ext\u00e9rieur au Bois Villawood de Heat & Glo vendu et install\u00e9 par le Groupe Belleflamme. Laval, Montr\u00e9al, Gatineau et Saint-Sauveur.","breadcrumb":{"@id":"https:\/\/staging.belleflamme.ca\/fr\/produit\/foyer-exterieur-au-bois-villawood-de-heat-glo\/#breadcrumb"},"inLanguage":"fr-FR","potentialAction":[{"@type":"ReadAction","target":["https:\/\/staging.belleflamme.ca\/fr\/produit\/foyer-exterieur-au-bois-villawood-de-heat-glo\/"]}]},{"@type":"ImageObject","inLanguage":"fr-FR","@id":"https:\/\/staging.belleflamme.ca\/fr\/produit\/foyer-exterieur-au-bois-villawood-de-heat-glo\/#primaryimage","url":"https:\/\/staging.belleflamme.ca\/wp-content\/uploads\/2024\/04\/Foyer-Exterieur-au-Bois-Villawood-de-Heat-Glo.webp","contentUrl":"https:\/\/staging.belleflamme.ca\/wp-content\/uploads\/2024\/04\/Foyer-Exterieur-au-Bois-Villawood-de-Heat-Glo.webp","width":2000,"height":1125,"caption":"Foyer Ext\u00e9rieur au Bois Villawood de Heat & Glo"},{"@type":"BreadcrumbList","@id":"https:\/\/staging.belleflamme.ca\/fr\/produit\/foyer-exterieur-au-bois-villawood-de-heat-glo\/#breadcrumb","itemListElement":[{"@type":"ListItem","position":1,"name":"Accueil","item":"https:\/\/www.belleflamme.ca\/fr\/"},{"@type":"ListItem","position":2,"name":"Boutique","item":"https:\/\/www.belleflamme.ca\/fr\/boutique\/"},{"@type":"ListItem","position":3,"name":"BBQ &amp; Produits Ext\u00e9rieurs","item":"https:\/\/staging.belleflamme.ca\/fr\/categories\/bbq-produits-exterieurs\/"},{"@type":"ListItem","position":4,"name":"Foyers Ext\u00e9rieurs","item":"https:\/\/staging.belleflamme.ca\/fr\/categories\/bbq-produits-exterieurs\/foyers-exterieurs\/"},{"@type":"ListItem","position":5,"name":"Foyer Ext\u00e9rieur au Bois Villawood de Heat &#038; Glo"}]},{"@type":"WebSite","@id":"https:\/\/www.belleflamme.ca\/fr\/#website","url":"https:\/\/www.belleflamme.ca\/fr\/","name":"Groupe Belleflamme","description":"La m\u00e9canique du b\u00e2timent dans le sang.","publisher":{"@id":"https:\/\/www.belleflamme.ca\/fr\/#organization"},"potentialAction":[{"@type":"SearchAction","target":{"@type":"EntryPoint","urlTemplate":"https:\/\/www.belleflamme.ca\/fr\/?s={search_term_string}"},"query-input":{"@type":"PropertyValueSpecification","valueRequired":true,"valueName":"search_term_string"}}],"inLanguage":"fr-FR"},{"@type":["Organization","Place"],"@id":"https:\/\/www.belleflamme.ca\/fr\/#organization","name":"Groupe Belleflamme","alternateName":"Belleflamme","url":"https:\/\/www.belleflamme.ca\/fr\/","logo":{"@type":"ImageObject","inLanguage":"fr-FR","@id":"https:\/\/www.belleflamme.ca\/fr\/#\/schema\/logo\/image\/","url":"https:\/\/staging.belleflamme.ca\/wp-content\/uploads\/2023\/01\/og-image.jpg","contentUrl":"https:\/\/staging.belleflamme.ca\/wp-content\/uploads\/2023\/01\/og-image.jpg","width":1200,"height":630,"caption":"Groupe Belleflamme"},"image":{"@id":"https:\/\/www.belleflamme.ca\/fr\/#\/schema\/logo\/image\/"},"sameAs":["https:\/\/www.facebook.com\/belleflamme.ca\/","https:\/\/www.linkedin.com\/company\/belleflamme\/","https:\/\/www.pinterest.ca\/groupebelleflamme\/","https:\/\/www.instagram.com\/legroupebelleflamme\/"],"mainEntityOfPage":{"@id":"https:\/\/staging.belleflamme.ca\/fr\/produit\/foyer-exterieur-au-bois-villawood-de-heat-glo\/"}}]},"product_brand":"Heat &amp; Glo","og_availability":"out of stock","product_availability":"out of stock","product_condition":"new"},"_links":{"self":[{"href":"https:\/\/staging.belleflamme.ca\/fr\/wp-json\/wp\/v2\/product\/33161","targetHints":{"allow":["GET"]}}],"collection":[{"href":"https:\/\/staging.belleflamme.ca\/fr\/wp-json\/wp\/v2\/product"}],"about":[{"href":"https:\/\/staging.belleflamme.ca\/fr\/wp-json\/wp\/v2\/types\/product"}],"version-history":[{"count":4,"href":"https:\/\/staging.belleflamme.ca\/fr\/wp-json\/wp\/v2\/product\/33161\/revisions"}],"predecessor-version":[{"id":33186,"href":"https:\/\/staging.belleflamme.ca\/fr\/wp-json\/wp\/v2\/product\/33161\/revisions\/33186"}],"wp:featuredmedia":[{"embeddable":true,"href":"https:\/\/staging.belleflamme.ca\/fr\/wp-json\/wp\/v2\/media\/33162"}],"wp:attachment":[{"href":"https:\/\/staging.belleflamme.ca\/fr\/wp-json\/wp\/v2\/media?parent=33161"}],"wp:term":[{"taxonomy":"product_brand","embeddable":true,"href":"https:\/\/staging.belleflamme.ca\/fr\/wp-json\/wp\/v2\/product_brand?post=33161"},{"taxonomy":"product_cat","embeddable":true,"href":"https:\/\/staging.belleflamme.ca\/fr\/wp-json\/wp\/v2\/product_cat?post=33161"},{"taxonomy":"product_tag","embeddable":true,"href":"https:\/\/staging.belleflamme.ca\/fr\/wp-json\/wp\/v2\/product_tag?post=33161"}],"curies":[{"name":"wp","href":"https:\/\/api.w.org\/{rel}","templated":true}]}}