{"id":3303,"date":"2023-02-07T16:01:36","date_gmt":"2023-02-07T21:01:36","guid":{"rendered":"https:\/\/www.belleflamme.ca\/product\/poele-au-bois-novo-38\/"},"modified":"2024-11-21T11:52:54","modified_gmt":"2024-11-21T16:52:54","slug":"poele-au-bois-novo-38","status":"publish","type":"product","link":"https:\/\/staging.belleflamme.ca\/fr\/produit\/poele-au-bois-novo-38\/","title":{"rendered":"Po\u00eale au bois Novo 38 de Supreme"},"content":{"rendered":"\t\t<div data-elementor-type=\"product-post\" data-elementor-id=\"3303\" class=\"elementor elementor-3303\" data-elementor-post-type=\"product\">\n\t\t\t\t\t\t<section class=\"elementor-section elementor-top-section elementor-element elementor-element-421e6a72 elementor-section-boxed elementor-section-height-default elementor-section-height-default\" data-id=\"421e6a72\" data-element_type=\"section\">\n\t\t\t\t\t\t<div class=\"elementor-container elementor-column-gap-default\">\n\t\t\t\t\t<div class=\"elementor-column elementor-col-100 elementor-top-column elementor-element elementor-element-4796ede8\" data-id=\"4796ede8\" data-element_type=\"column\">\n\t\t\t<div class=\"elementor-widget-wrap elementor-element-populated\">\n\t\t\t\t\t\t<div class=\"elementor-element elementor-element-14b89129 elementor-widget elementor-widget-text-editor\" data-id=\"14b89129\" data-element_type=\"widget\" data-widget_type=\"text-editor.default\">\n\t\t\t\t<div class=\"elementor-widget-container\">\n\t\t\t\t\t\t\t\t\t<iframe width=\"560\" height=\"315\" src=\"https:\/\/www.youtube.com\/embed\/fsworoHsxwA?si=-08tDF3wtyS16u7G\" title=\"YouTube video player\" frameborder=\"0\" allow=\"accelerometer; autoplay; clipboard-write; encrypted-media; gyroscope; picture-in-picture; web-share\" allowfullscreen><\/iframe>\nLa singularit\u00e9 du Novo 38, avec ses lignes \u00e9pur\u00e9es et ses proportions harmonieuses, lui permet de s\u2019int\u00e9grer ais\u00e9ment dans tous les types de d\u00e9cors. Tr\u00e8s polyvalent, il incarne le parfait \u00e9quilibre entre allure contemporaine et fonction technique. Le po\u00eale peut \u00eatre plac\u00e9 directement sur le plancher ou \u00eatre sur\u00e9lev\u00e9 \u00e0 l\u2019aide d\u2019un podium, cr\u00e9ant ainsi un espace de rangement pour le bois qui devient un attrait en soi. Il est aussi possible de personnaliser l\u2019apparence de la chambre de combustion en optant pour la pierre \u00e0 savon ou la fonte. Les deux mat\u00e9riaux sont extr\u00eamement durables et conservent la chaleur longtemps, tout en poss\u00e9dant des qualit\u00e9s esth\u00e9tiques distinctes. Les panneaux de fonte sont r\u00e9versibles, offrant deux motifs distingu\u00e9s : un design de briques ou de cannelures. Ceux qui pr\u00e9f\u00e8rent un grain naturel seront certainement s\u00e9duits par l\u2019aspect neutre et le chic intemporel de la pierre \u00e0 savon.\n\nLe Novo 38 allie beaut\u00e9 et confort, tout en offrant un nouvel horizon pour le chauffage contemporain.\n<h4 class=\"sub-heading\">CARACT\u00c9RISTIQUES EXCLUSIVES &amp; TECHNOLOGIES:<\/h4>\n<ol>\n \t<li><a href=\"https:\/\/www.supremem.com\/fr\/novo_38.php#1\" data-toggle=\"modal\" data-target=\"#1\">CONTR\u00d4LE D\u2019AIR AUTOMATIQUE BREVET\u00c9<\/a><\/li>\n \t<li><a href=\"https:\/\/www.supremem.com\/fr\/novo_38.php#2\" data-toggle=\"modal\" data-target=\"#2\">PANNEAUX EN FONTE R\u00c9VERSIBLES<\/a><\/li>\n \t<li><a href=\"https:\/\/www.supremem.com\/fr\/novo_38.php#3\" data-toggle=\"modal\" data-target=\"#3\">VENTILATEUR DE PREMI\u00c8RE QUALIT\u00c9<\/a><\/li>\n \t<li><a href=\"https:\/\/www.supremem.com\/fr\/novo_38.php#4\" data-toggle=\"modal\" data-target=\"#4\">PIERRE \u00c0 SAVON<\/a><\/li>\n \t<li><a href=\"https:\/\/www.supremem.com\/fr\/novo_38.php#5\" data-toggle=\"modal\" data-target=\"#5\">PERSONNALISATION DE LA CHAMBRE INT\u00c9RIEURE<\/a><\/li>\n \t<li><a href=\"https:\/\/www.supremem.com\/fr\/novo_38.php#6\" data-toggle=\"modal\" data-target=\"#6\">D\u00c9FLECTEUR UNIQUE \u00c0 HAUTE CAPACIT\u00c9<\/a><\/li>\n<\/ol>\n<div class=\"row\">\n<div class=\"col-lg-12 techspec_title\">\n<h3 class=\"orange\">NORMES ET SP\u00c9CIFICATIONS<\/h3>\n<\/div>\n<\/div>\n<div class=\"row\">\n<div class=\"col-lg-12\">\n<table class=\"table-specifications\">\n<tbody>\n<tr>\n<td><b>Superficie chauff\u00e9e:<\/b><\/td>\n<td>1 000 \u00e0 2 500 pieds carr\u00e9s<\/td>\n<\/tr>\n<tr>\n<td><b>Puissance calorifique totale:<\/b><\/td>\n<td>125,000 BTU<\/td>\n<\/tr>\n<tr>\n<td><b>Dur\u00e9e de combustion:<\/b><\/td>\n<td>Jusqu&#8217;\u00e0 12 heures<\/td>\n<\/tr>\n<tr>\n<td><b>Grandeur de la chambre \u00e0 combustion:<\/b><\/td>\n<td>3,8 pieds cubes<\/td>\n<\/tr>\n<tr>\n<td><b>Longeur des b\u00fbches:<\/b><\/td>\n<td>Maximum: 23&#8243; Recommand\u00e9e: 18&#8243;<\/td>\n<\/tr>\n<tr>\n<td><b>\u00c9missions:<\/b><\/td>\n<td>1,85 g\/h<\/td>\n<\/tr>\n<tr>\n<td><b>Dimensions de la vitre:<\/b><\/td>\n<td>22 3\/4\u201d x 15 3\/8\u201d<\/td>\n<\/tr>\n<tr>\n<td><b>Chemin\u00e9e:<\/b><\/td>\n<td>6\u201d R\u00e9pond aux normes UL103 \/ ULC S629<\/td>\n<\/tr>\n<\/tbody>\n<\/table>\n<\/div>\n<\/div>\n<img fetchpriority=\"high\" decoding=\"async\" class=\"alignnone size-full wp-image-25701\" src=\"https:\/\/www.belleflamme.ca\/wp-content\/uploads\/2024\/01\/novo_38_dim.png\" alt=\"\" width=\"1500\" height=\"1000\" srcset=\"https:\/\/staging.belleflamme.ca\/wp-content\/uploads\/2024\/01\/novo_38_dim.png 1500w, https:\/\/staging.belleflamme.ca\/wp-content\/uploads\/2024\/01\/novo_38_dim-300x200.png 300w, https:\/\/staging.belleflamme.ca\/wp-content\/uploads\/2024\/01\/novo_38_dim-1024x683.png 1024w, https:\/\/staging.belleflamme.ca\/wp-content\/uploads\/2024\/01\/novo_38_dim-768x512.png 768w, https:\/\/staging.belleflamme.ca\/wp-content\/uploads\/2024\/01\/novo_38_dim-900x600.png 900w\" sizes=\"(max-width: 1500px) 100vw, 1500px\" \/>\t\t\t\t\t\t\t\t<\/div>\n\t\t\t\t<\/div>\n\t\t\t\t\t<\/div>\n\t\t<\/div>\n\t\t\t\t\t<\/div>\n\t\t<\/section>\n\t\t\t\t<section class=\"elementor-section elementor-top-section elementor-element elementor-element-ca1648b elementor-section-boxed elementor-section-height-default elementor-section-height-default\" data-id=\"ca1648b\" data-element_type=\"section\">\n\t\t\t\t\t\t<div class=\"elementor-container elementor-column-gap-default\">\n\t\t\t\t\t<div class=\"elementor-column elementor-col-100 elementor-top-column elementor-element elementor-element-47506fc\" data-id=\"47506fc\" data-element_type=\"column\">\n\t\t\t<div class=\"elementor-widget-wrap elementor-element-populated\">\n\t\t\t\t\t\t<div class=\"elementor-element elementor-element-f536502 elementor-tabs-view-horizontal elementor-widget elementor-widget-tabs\" data-id=\"f536502\" data-element_type=\"widget\" data-widget_type=\"tabs.default\">\n\t\t\t\t<div class=\"elementor-widget-container\">\n\t\t\t\t\t\t\t<div class=\"elementor-tabs\">\n\t\t\t<div class=\"elementor-tabs-wrapper\" role=\"tablist\" >\n\t\t\t\t\t\t\t\t\t<div id=\"elementor-tab-title-2571\" class=\"elementor-tab-title elementor-tab-desktop-title\" aria-selected=\"true\" data-tab=\"1\" role=\"tab\" tabindex=\"0\" aria-controls=\"elementor-tab-content-2571\" aria-expanded=\"false\">Fichiers<\/div>\n\t\t\t\t\t\t\t<\/div>\n\t\t\t<div class=\"elementor-tabs-content-wrapper\" role=\"tablist\" aria-orientation=\"vertical\">\n\t\t\t\t\t\t\t\t\t<div class=\"elementor-tab-title elementor-tab-mobile-title\" aria-selected=\"true\" data-tab=\"1\" role=\"tab\" tabindex=\"0\" aria-controls=\"elementor-tab-content-2571\" aria-expanded=\"false\">Fichiers<\/div>\n\t\t\t\t\t<div id=\"elementor-tab-content-2571\" class=\"elementor-tab-content elementor-clearfix\" data-tab=\"1\" role=\"tabpanel\" aria-labelledby=\"elementor-tab-title-2571\" tabindex=\"0\" hidden=\"false\"><p><i class=\"far fa-file-pdf fa-xl\" style=\"font-size: 35px;\"><\/i><a href=\"https:\/\/www.belleflamme.ca\/wp-content\/uploads\/2023\/02\/novo_brochure_2022_En_print-2.pdf\"> Brochure Novo<\/a><\/p><p><i class=\"far fa-file-pdf fa-xl\" style=\"font-size: 35px;\"><\/i><a href=\"https:\/\/www.belleflamme.ca\/wp-content\/uploads\/2023\/02\/NOVO_EN_OM_OCT22-2.pdf\"> Manuel Novo<\/a><\/p><p><i class=\"far fa-file-pdf fa-xl\" style=\"font-size: 35px;\"><\/i>\u00a0<a href=\"https:\/\/www.belleflamme.ca\/wp-content\/uploads\/2023\/02\/Novo_techsheet_EN-2.pdf\">Sp\u00e9cifications<\/a><\/p><\/div>\n\t\t\t\t\t\t\t<\/div>\n\t\t<\/div>\n\t\t\t\t\t\t<\/div>\n\t\t\t\t<\/div>\n\t\t\t\t\t<\/div>\n\t\t<\/div>\n\t\t\t\t\t<\/div>\n\t\t<\/section>\n\t\t\t\t<\/div>\n\t\t","protected":false},"excerpt":{"rendered":"<p>La singularit\u00e9 du Novo 38, avec ses lignes \u00e9pur\u00e9es et ses proportions harmonieuses, lui permet de s\u2019int\u00e9grer ais\u00e9ment dans tous les types de d\u00e9cors. Tr\u00e8s polyvalent, il incarne le parfait \u00e9quilibre entre allure contemporaine et fonction technique. Le po\u00eale peut \u00eatre plac\u00e9 directement sur le plancher ou \u00eatre sur\u00e9lev\u00e9 \u00e0 l\u2019aide d\u2019un podium, cr\u00e9ant ainsi [&hellip;]<\/p>\n","protected":false},"featured_media":3397,"template":"","meta":{"inline_featured_image":false},"product_brand":[224],"product_cat":[197,33,34],"product_tag":[],"class_list":{"0":"post-3303","1":"product","2":"type-product","3":"status-publish","4":"has-post-thumbnail","6":"product_brand-supreme","7":"product_cat-poele-au-bois","8":"product_cat-poeles-et-foyers","9":"product_cat-poeles-et-foyers-au-bois","11":"first","12":"instock","13":"taxable","14":"shipping-taxable","15":"purchasable","16":"product-type-simple"},"yoast_head":"<!-- This site is optimized with the Yoast SEO Premium plugin v24.2 (Yoast SEO v24.2) - https:\/\/yoast.com\/wordpress\/plugins\/seo\/ -->\n<title>Po\u00eale au bois Novo 38 de Supreme - Groupe BelleFlamme<\/title>\n<meta name=\"description\" content=\"Po\u00eale au bois Novo 38 de Supreme vendu et install\u00e9 par le Groupe Belleflamme. Laval, Montr\u00e9al, Gatineau, Drummondville et Saint-Sauveur.\" \/>\n<meta name=\"robots\" content=\"index, follow, max-snippet:-1, max-image-preview:large, max-video-preview:-1\" \/>\n<link rel=\"canonical\" href=\"https:\/\/staging.belleflamme.ca\/fr\/produit\/poele-au-bois-novo-38\/\" \/>\n<meta property=\"og:locale\" content=\"fr_FR\" \/>\n<meta property=\"og:type\" content=\"article\" \/>\n<meta property=\"og:title\" content=\"Po\u00eale au bois Novo 38 de Supreme\" \/>\n<meta property=\"og:description\" content=\"Po\u00eale au bois Novo 38 de Supreme vendu et install\u00e9 par le Groupe Belleflamme. Laval, Montr\u00e9al, Gatineau, Drummondville et Saint-Sauveur.\" \/>\n<meta property=\"og:url\" content=\"https:\/\/staging.belleflamme.ca\/fr\/produit\/poele-au-bois-novo-38\/\" \/>\n<meta property=\"og:site_name\" content=\"Groupe BelleFlamme\" \/>\n<meta property=\"article:publisher\" content=\"https:\/\/www.facebook.com\/belleflamme.ca\/\" \/>\n<meta property=\"article:modified_time\" content=\"2024-11-21T16:52:54+00:00\" \/>\n<meta property=\"og:image\" content=\"https:\/\/www.belleflamme.ca\/wp-content\/uploads\/2023\/02\/381.png\" \/>\n\t<meta property=\"og:image:width\" content=\"1000\" \/>\n\t<meta property=\"og:image:height\" content=\"1000\" \/>\n\t<meta property=\"og:image:type\" content=\"image\/png\" \/>\n<meta name=\"twitter:card\" content=\"summary_large_image\" \/>\n<meta name=\"twitter:label1\" content=\"Prix\" \/>\n\t<meta name=\"twitter:data1\" content=\"&#036;4,950.00\" \/>\n\t<meta name=\"twitter:label2\" content=\"Disponibilit\u00e9\" \/>\n\t<meta name=\"twitter:data2\" content=\"En stock\" \/>\n<script type=\"application\/ld+json\" class=\"yoast-schema-graph\">{\"@context\":\"https:\/\/schema.org\",\"@graph\":[{\"@type\":[\"WebPage\",\"ItemPage\"],\"@id\":\"https:\/\/staging.belleflamme.ca\/fr\/produit\/poele-au-bois-novo-38\/\",\"url\":\"https:\/\/staging.belleflamme.ca\/fr\/produit\/poele-au-bois-novo-38\/\",\"name\":\"Po\u00eale au bois Novo 38 de Supreme - Groupe BelleFlamme\",\"isPartOf\":{\"@id\":\"https:\/\/www.belleflamme.ca\/fr\/#website\"},\"primaryImageOfPage\":{\"@id\":\"https:\/\/staging.belleflamme.ca\/fr\/produit\/poele-au-bois-novo-38\/#primaryimage\"},\"image\":{\"@id\":\"https:\/\/staging.belleflamme.ca\/fr\/produit\/poele-au-bois-novo-38\/#primaryimage\"},\"thumbnailUrl\":\"https:\/\/staging.belleflamme.ca\/wp-content\/uploads\/2023\/02\/381.png\",\"datePublished\":\"2023-02-07T21:01:36+00:00\",\"dateModified\":\"2024-11-21T16:52:54+00:00\",\"description\":\"Po\u00eale au bois Novo 38 de Supreme [get_meta_en_fr]\",\"breadcrumb\":{\"@id\":\"https:\/\/staging.belleflamme.ca\/fr\/produit\/poele-au-bois-novo-38\/#breadcrumb\"},\"inLanguage\":\"fr-FR\",\"potentialAction\":[{\"@type\":\"ReadAction\",\"target\":[\"https:\/\/staging.belleflamme.ca\/fr\/produit\/poele-au-bois-novo-38\/\"]}]},{\"@type\":\"ImageObject\",\"inLanguage\":\"fr-FR\",\"@id\":\"https:\/\/staging.belleflamme.ca\/fr\/produit\/poele-au-bois-novo-38\/#primaryimage\",\"url\":\"https:\/\/staging.belleflamme.ca\/wp-content\/uploads\/2023\/02\/381.png\",\"contentUrl\":\"https:\/\/staging.belleflamme.ca\/wp-content\/uploads\/2023\/02\/381.png\",\"width\":1000,\"height\":1000,\"caption\":\"Novo 38\"},{\"@type\":\"BreadcrumbList\",\"@id\":\"https:\/\/staging.belleflamme.ca\/fr\/produit\/poele-au-bois-novo-38\/#breadcrumb\",\"itemListElement\":[{\"@type\":\"ListItem\",\"position\":1,\"name\":\"Accueil\",\"item\":\"https:\/\/www.belleflamme.ca\/fr\/\"},{\"@type\":\"ListItem\",\"position\":2,\"name\":\"Boutique\",\"item\":\"https:\/\/www.belleflamme.ca\/fr\/boutique\/\"},{\"@type\":\"ListItem\",\"position\":3,\"name\":\"Po\u00eales &amp; Foyers\",\"item\":\"https:\/\/staging.belleflamme.ca\/fr\/categories\/poeles-et-foyers\/\"},{\"@type\":\"ListItem\",\"position\":4,\"name\":\"Po\u00eales &amp; Foyers au Bois\",\"item\":\"https:\/\/staging.belleflamme.ca\/fr\/categories\/poeles-et-foyers\/poeles-et-foyers-au-bois\/\"},{\"@type\":\"ListItem\",\"position\":5,\"name\":\"Po\u00eale au Bois\",\"item\":\"https:\/\/staging.belleflamme.ca\/fr\/categories\/poeles-et-foyers\/poeles-et-foyers-au-bois\/poele-au-bois\/\"},{\"@type\":\"ListItem\",\"position\":6,\"name\":\"Po\u00eale au bois Novo 38 de Supreme\"}]},{\"@type\":\"WebSite\",\"@id\":\"https:\/\/www.belleflamme.ca\/fr\/#website\",\"url\":\"https:\/\/www.belleflamme.ca\/fr\/\",\"name\":\"Groupe Belleflamme\",\"description\":\"La m\u00e9canique du b\u00e2timent dans le sang.\",\"publisher\":{\"@id\":\"https:\/\/www.belleflamme.ca\/fr\/#organization\"},\"potentialAction\":[{\"@type\":\"SearchAction\",\"target\":{\"@type\":\"EntryPoint\",\"urlTemplate\":\"https:\/\/www.belleflamme.ca\/fr\/?s={search_term_string}\"},\"query-input\":{\"@type\":\"PropertyValueSpecification\",\"valueRequired\":true,\"valueName\":\"search_term_string\"}}],\"inLanguage\":\"fr-FR\"},{\"@type\":[\"Organization\",\"Place\"],\"@id\":\"https:\/\/www.belleflamme.ca\/fr\/#organization\",\"name\":\"Groupe Belleflamme\",\"alternateName\":\"Belleflamme\",\"url\":\"https:\/\/www.belleflamme.ca\/fr\/\",\"logo\":{\"@type\":\"ImageObject\",\"inLanguage\":\"fr-FR\",\"@id\":\"https:\/\/www.belleflamme.ca\/fr\/#\/schema\/logo\/image\/\",\"url\":\"https:\/\/staging.belleflamme.ca\/wp-content\/uploads\/2023\/01\/og-image.jpg\",\"contentUrl\":\"https:\/\/staging.belleflamme.ca\/wp-content\/uploads\/2023\/01\/og-image.jpg\",\"width\":1200,\"height\":630,\"caption\":\"Groupe Belleflamme\"},\"image\":{\"@id\":\"https:\/\/www.belleflamme.ca\/fr\/#\/schema\/logo\/image\/\"},\"sameAs\":[\"https:\/\/www.facebook.com\/belleflamme.ca\/\",\"https:\/\/www.linkedin.com\/company\/belleflamme\/\",\"https:\/\/www.pinterest.ca\/groupebelleflamme\/\",\"https:\/\/www.instagram.com\/legroupebelleflamme\/\"],\"mainEntityOfPage\":{\"@id\":\"https:\/\/staging.belleflamme.ca\/fr\/produit\/poele-au-bois-novo-38\/\"}}]}<\/script>\n<meta property=\"product:brand\" content=\"Supreme\" \/>\n<meta property=\"product:price:amount\" content=\"4950.00\" \/>\n<meta property=\"product:price:currency\" content=\"CAD\" \/>\n<meta property=\"og:availability\" content=\"instock\" \/>\n<meta property=\"product:availability\" content=\"instock\" \/>\n<meta property=\"product:retailer_item_id\" content=\"38NV-11\" \/>\n<meta property=\"product:condition\" content=\"new\" \/>\n<!-- \/ Yoast SEO Premium plugin. -->","yoast_head_json":{"title":"Po\u00eale au bois Novo 38 de Supreme - Groupe BelleFlamme","description":"Po\u00eale au bois Novo 38 de Supreme vendu et install\u00e9 par le Groupe Belleflamme. Laval, Montr\u00e9al, Gatineau, Drummondville et Saint-Sauveur.","robots":{"index":"index","follow":"follow","max-snippet":"max-snippet:-1","max-image-preview":"max-image-preview:large","max-video-preview":"max-video-preview:-1"},"canonical":"https:\/\/staging.belleflamme.ca\/fr\/produit\/poele-au-bois-novo-38\/","og_locale":"fr_FR","og_type":"article","og_title":"Po\u00eale au bois Novo 38 de Supreme","og_description":"Po\u00eale au bois Novo 38 de Supreme vendu et install\u00e9 par le Groupe Belleflamme. Laval, Montr\u00e9al, Gatineau, Drummondville et Saint-Sauveur.","og_url":"https:\/\/staging.belleflamme.ca\/fr\/produit\/poele-au-bois-novo-38\/","og_site_name":"Groupe BelleFlamme","article_publisher":"https:\/\/www.facebook.com\/belleflamme.ca\/","article_modified_time":"2024-11-21T16:52:54+00:00","og_image":[{"width":1000,"height":1000,"url":"https:\/\/www.belleflamme.ca\/wp-content\/uploads\/2023\/02\/381.png","type":"image\/png"}],"twitter_card":"summary_large_image","twitter_misc":{"Prix":"&#36;4,950.00","Disponibilit\u00e9":"En stock"},"schema":{"@context":"https:\/\/schema.org","@graph":[{"@type":["WebPage","ItemPage"],"@id":"https:\/\/staging.belleflamme.ca\/fr\/produit\/poele-au-bois-novo-38\/","url":"https:\/\/staging.belleflamme.ca\/fr\/produit\/poele-au-bois-novo-38\/","name":"Po\u00eale au bois Novo 38 de Supreme - Groupe BelleFlamme","isPartOf":{"@id":"https:\/\/www.belleflamme.ca\/fr\/#website"},"primaryImageOfPage":{"@id":"https:\/\/staging.belleflamme.ca\/fr\/produit\/poele-au-bois-novo-38\/#primaryimage"},"image":{"@id":"https:\/\/staging.belleflamme.ca\/fr\/produit\/poele-au-bois-novo-38\/#primaryimage"},"thumbnailUrl":"https:\/\/staging.belleflamme.ca\/wp-content\/uploads\/2023\/02\/381.png","datePublished":"2023-02-07T21:01:36+00:00","dateModified":"2024-11-21T16:52:54+00:00","description":"Po\u00eale au bois Novo 38 de Supreme [get_meta_en_fr]","breadcrumb":{"@id":"https:\/\/staging.belleflamme.ca\/fr\/produit\/poele-au-bois-novo-38\/#breadcrumb"},"inLanguage":"fr-FR","potentialAction":[{"@type":"ReadAction","target":["https:\/\/staging.belleflamme.ca\/fr\/produit\/poele-au-bois-novo-38\/"]}]},{"@type":"ImageObject","inLanguage":"fr-FR","@id":"https:\/\/staging.belleflamme.ca\/fr\/produit\/poele-au-bois-novo-38\/#primaryimage","url":"https:\/\/staging.belleflamme.ca\/wp-content\/uploads\/2023\/02\/381.png","contentUrl":"https:\/\/staging.belleflamme.ca\/wp-content\/uploads\/2023\/02\/381.png","width":1000,"height":1000,"caption":"Novo 38"},{"@type":"BreadcrumbList","@id":"https:\/\/staging.belleflamme.ca\/fr\/produit\/poele-au-bois-novo-38\/#breadcrumb","itemListElement":[{"@type":"ListItem","position":1,"name":"Accueil","item":"https:\/\/www.belleflamme.ca\/fr\/"},{"@type":"ListItem","position":2,"name":"Boutique","item":"https:\/\/www.belleflamme.ca\/fr\/boutique\/"},{"@type":"ListItem","position":3,"name":"Po\u00eales &amp; Foyers","item":"https:\/\/staging.belleflamme.ca\/fr\/categories\/poeles-et-foyers\/"},{"@type":"ListItem","position":4,"name":"Po\u00eales &amp; Foyers au Bois","item":"https:\/\/staging.belleflamme.ca\/fr\/categories\/poeles-et-foyers\/poeles-et-foyers-au-bois\/"},{"@type":"ListItem","position":5,"name":"Po\u00eale au Bois","item":"https:\/\/staging.belleflamme.ca\/fr\/categories\/poeles-et-foyers\/poeles-et-foyers-au-bois\/poele-au-bois\/"},{"@type":"ListItem","position":6,"name":"Po\u00eale au bois Novo 38 de Supreme"}]},{"@type":"WebSite","@id":"https:\/\/www.belleflamme.ca\/fr\/#website","url":"https:\/\/www.belleflamme.ca\/fr\/","name":"Groupe Belleflamme","description":"La m\u00e9canique du b\u00e2timent dans le sang.","publisher":{"@id":"https:\/\/www.belleflamme.ca\/fr\/#organization"},"potentialAction":[{"@type":"SearchAction","target":{"@type":"EntryPoint","urlTemplate":"https:\/\/www.belleflamme.ca\/fr\/?s={search_term_string}"},"query-input":{"@type":"PropertyValueSpecification","valueRequired":true,"valueName":"search_term_string"}}],"inLanguage":"fr-FR"},{"@type":["Organization","Place"],"@id":"https:\/\/www.belleflamme.ca\/fr\/#organization","name":"Groupe Belleflamme","alternateName":"Belleflamme","url":"https:\/\/www.belleflamme.ca\/fr\/","logo":{"@type":"ImageObject","inLanguage":"fr-FR","@id":"https:\/\/www.belleflamme.ca\/fr\/#\/schema\/logo\/image\/","url":"https:\/\/staging.belleflamme.ca\/wp-content\/uploads\/2023\/01\/og-image.jpg","contentUrl":"https:\/\/staging.belleflamme.ca\/wp-content\/uploads\/2023\/01\/og-image.jpg","width":1200,"height":630,"caption":"Groupe Belleflamme"},"image":{"@id":"https:\/\/www.belleflamme.ca\/fr\/#\/schema\/logo\/image\/"},"sameAs":["https:\/\/www.facebook.com\/belleflamme.ca\/","https:\/\/www.linkedin.com\/company\/belleflamme\/","https:\/\/www.pinterest.ca\/groupebelleflamme\/","https:\/\/www.instagram.com\/legroupebelleflamme\/"],"mainEntityOfPage":{"@id":"https:\/\/staging.belleflamme.ca\/fr\/produit\/poele-au-bois-novo-38\/"}}]},"product_brand":"Supreme","product_price_amount":"4950.00","product_price_currency":"CAD","og_availability":"instock","product_availability":"instock","product_retailer_item_id":"38NV-11","product_condition":"new"},"_links":{"self":[{"href":"https:\/\/staging.belleflamme.ca\/fr\/wp-json\/wp\/v2\/product\/3303","targetHints":{"allow":["GET"]}}],"collection":[{"href":"https:\/\/staging.belleflamme.ca\/fr\/wp-json\/wp\/v2\/product"}],"about":[{"href":"https:\/\/staging.belleflamme.ca\/fr\/wp-json\/wp\/v2\/types\/product"}],"version-history":[{"count":13,"href":"https:\/\/staging.belleflamme.ca\/fr\/wp-json\/wp\/v2\/product\/3303\/revisions"}],"predecessor-version":[{"id":43876,"href":"https:\/\/staging.belleflamme.ca\/fr\/wp-json\/wp\/v2\/product\/3303\/revisions\/43876"}],"wp:featuredmedia":[{"embeddable":true,"href":"https:\/\/staging.belleflamme.ca\/fr\/wp-json\/wp\/v2\/media\/3397"}],"wp:attachment":[{"href":"https:\/\/staging.belleflamme.ca\/fr\/wp-json\/wp\/v2\/media?parent=3303"}],"wp:term":[{"taxonomy":"product_brand","embeddable":true,"href":"https:\/\/staging.belleflamme.ca\/fr\/wp-json\/wp\/v2\/product_brand?post=3303"},{"taxonomy":"product_cat","embeddable":true,"href":"https:\/\/staging.belleflamme.ca\/fr\/wp-json\/wp\/v2\/product_cat?post=3303"},{"taxonomy":"product_tag","embeddable":true,"href":"https:\/\/staging.belleflamme.ca\/fr\/wp-json\/wp\/v2\/product_tag?post=3303"}],"curies":[{"name":"wp","href":"https:\/\/api.w.org\/{rel}","templated":true}]}}