{"id":3301,"date":"2023-02-07T16:01:35","date_gmt":"2023-02-07T21:01:35","guid":{"rendered":"https:\/\/www.belleflamme.ca\/product\/foyer-encastrable-au-bois-fusion-24\/"},"modified":"2024-11-21T11:48:55","modified_gmt":"2024-11-21T16:48:55","slug":"foyer-encastrable-au-bois-fusion-24","status":"publish","type":"product","link":"https:\/\/staging.belleflamme.ca\/fr\/produit\/foyer-encastrable-au-bois-fusion-24\/","title":{"rendered":"Foyer encastrable au bois fusion 24 de Supreme"},"content":{"rendered":"\t\t<div data-elementor-type=\"product-post\" data-elementor-id=\"3301\" class=\"elementor elementor-3301\" data-elementor-post-type=\"product\">\n\t\t\t\t\t\t<section class=\"elementor-section elementor-top-section elementor-element elementor-element-674e29d7 elementor-section-boxed elementor-section-height-default elementor-section-height-default\" data-id=\"674e29d7\" data-element_type=\"section\">\n\t\t\t\t\t\t<div class=\"elementor-container elementor-column-gap-default\">\n\t\t\t\t\t<div class=\"elementor-column elementor-col-100 elementor-top-column elementor-element elementor-element-6aae2440\" data-id=\"6aae2440\" data-element_type=\"column\">\n\t\t\t<div class=\"elementor-widget-wrap elementor-element-populated\">\n\t\t\t\t\t\t<div class=\"elementor-element elementor-element-53f1b7bf elementor-widget elementor-widget-text-editor\" data-id=\"53f1b7bf\" data-element_type=\"widget\" data-widget_type=\"text-editor.default\">\n\t\t\t\t<div class=\"elementor-widget-container\">\n\t\t\t\t\t\t\t\t\t<iframe width=\"560\" height=\"315\" src=\"https:\/\/www.youtube.com\/embed\/r5jNiENUw5Q?si=tWpTMWucRSgmnzQa\" title=\"YouTube video player\" frameborder=\"0\" allow=\"accelerometer; autoplay; clipboard-write; encrypted-media; gyroscope; picture-in-picture; web-share\" allowfullscreen><\/iframe>\nLe foyer encastrable Fusion 24 transforme avec \u00e9l\u00e9gance et sans effort votre foyer existant en un syst\u00e8me de chauffage performant. Avec sa fa\u00e7ade aux lignes \u00e9pur\u00e9es et sa vaste chambre de combustion, la plus imposante de l\u2019industrie, le Fusion 24 pr\u00e9serve la beaut\u00e9 de votre ma\u00e7onnerie tout en am\u00e9liorant la chaleur et le confort de votre maison. Son design \u00e9l\u00e9gant est le reflet du raffinement de son ing\u00e9nierie, appuy\u00e9e par plus d\u2019une trentaine d\u2019ann\u00e9es de recherche et de d\u00e9veloppement. Plusieurs m\u00e9canismes brevet\u00e9s sous-tendent sa technologie in\u00e9gal\u00e9e, comme le contr\u00f4le d\u2019air qui r\u00e9gularise la combustion automatiquement et assure une long\u00e9vit\u00e9 de votre feu tout en \u00e9mettant moins de particules atmosph\u00e9riques. L\u2019ensemble de deux ventilateurs thermostatiques puissants, mais silencieux, propulse une chaleur satisfaisante sur une large surface, et la grille de barbecue int\u00e9gr\u00e9e vous promet de savoureux plats cuits au feu de bois, et ce, toute l\u2019ann\u00e9e.\n\nLe Fusion 24 respecte les normes d\u2019\u00e9mission les plus strictes de l\u2019EPA, ce qui en fait un choix id\u00e9al pour le consommateur souhaitant convertir son foyer \u00e9nergivore en chauffage \u00e9coresponsable et performant sans en compromettre l\u2019aspect esth\u00e9tique.\n<h4 class=\"sub-heading\">CARACT\u00c9RISTIQUES EXCLUSIVES ET TECHNOLOGIES:<\/h4>\n<ol>\n \t<li><a href=\"https:\/\/www.supremem.com\/fr\/fusion_24.php#1\" data-toggle=\"modal\" data-target=\"#1\">CONTR\u00d4LE D\u2019AIR AUTOMATIQUE BREVET\u00c9<\/a><\/li>\n \t<li><a href=\"https:\/\/www.supremem.com\/fr\/fusion_24.php#2\" data-toggle=\"modal\" data-target=\"#2\">CHAMBRE DE CIRCULATION<\/a><\/li>\n \t<li><a href=\"https:\/\/www.supremem.com\/fr\/fusion_24.php#3\" data-toggle=\"modal\" data-target=\"#3\">SYSTEME DE VENTILATEUR DOUBLE (110 PCM)<\/a><\/li>\n \t<li><a href=\"https:\/\/www.supremem.com\/fr\/fusion_24.php#4\" data-toggle=\"modal\" data-target=\"#4\">D\u00c9FLECTEUR UNIQUE \u00c0 HAUTE CAPACIT\u00c9<\/a><\/li>\n \t<li><a href=\"https:\/\/www.supremem.com\/fr\/fusion_24.php#5\" data-toggle=\"modal\" data-target=\"#5\">GRILLE DE BARBECUE INT\u00c9GR\u00c9E (EN OPTION)<\/a><\/li>\n \t<li><a href=\"https:\/\/www.supremem.com\/fr\/fusion_24.php#6\" data-toggle=\"modal\" data-target=\"#6\">GAINE DE CHEMIN\u00c9E DE 5\u2019\u2019<\/a><\/li>\n<\/ol>\n<div class=\"row\">\n<div class=\"col-lg-12 techspec_title\">\n<h3 class=\"orange\">SP\u00c9CIFICATIONS TECHNIQUES<\/h3>\n<\/div>\n<\/div>\n<div class=\"row\">\n<div class=\"col-lg-12\">\n<table class=\"table-specifications\">\n<tbody>\n<tr>\n<td><b>Superficie chauff\u00e9e:<\/b><\/td>\n<td>500 \u00e0 2 000 pieds carr\u00e9s<\/td>\n<\/tr>\n<tr>\n<td><b>Puissance calorifique totale:<\/b><\/td>\n<td>75 000 BTUs (bas\u00e9 sur une charge de bois de 20 lbs)<\/td>\n<\/tr>\n<tr>\n<td><b>Dur\u00e9e de combustion:<\/b><\/td>\n<td>5 \u00e0 10 heures<\/td>\n<\/tr>\n<tr>\n<td><b>Grandeur de la chambre \u00e0 combustion:<\/b><\/td>\n<td>2,94 pieds cubes<\/td>\n<\/tr>\n<tr>\n<td><b>Chemin\u00e9e:<\/b><\/td>\n<td>5 pouces (peut s\u2019adapter \u00e0 une gaine de 5,5 ou 6 pouces)<\/td>\n<\/tr>\n<tr>\n<td><b>Longueur des b\u00fbches:<\/b><\/td>\n<td>Jusqu\u2019\u00e0 21\u201d Recommand\u00e9e: 18\u201d<\/td>\n<\/tr>\n<tr>\n<td><b>\u00c9missions:<\/b><\/td>\n<td>1,54 g\/h avec la m\u00e9thode EPA<\/td>\n<\/tr>\n<tr>\n<td><b>Dimensions de la vitre:<\/b><\/td>\n<td>22&#8243; 3\/4 X 12&#8243; 1\/4<\/td>\n<\/tr>\n<\/tbody>\n<\/table>\n<img fetchpriority=\"high\" decoding=\"async\" class=\"alignnone size-full wp-image-25727\" src=\"https:\/\/www.belleflamme.ca\/wp-content\/uploads\/2024\/01\/fusion24_dim_fr.png\" alt=\"\" width=\"1500\" height=\"1000\" srcset=\"https:\/\/staging.belleflamme.ca\/wp-content\/uploads\/2024\/01\/fusion24_dim_fr.png 1500w, https:\/\/staging.belleflamme.ca\/wp-content\/uploads\/2024\/01\/fusion24_dim_fr-300x200.png 300w, https:\/\/staging.belleflamme.ca\/wp-content\/uploads\/2024\/01\/fusion24_dim_fr-1024x683.png 1024w, https:\/\/staging.belleflamme.ca\/wp-content\/uploads\/2024\/01\/fusion24_dim_fr-768x512.png 768w, https:\/\/staging.belleflamme.ca\/wp-content\/uploads\/2024\/01\/fusion24_dim_fr-900x600.png 900w\" sizes=\"(max-width: 1500px) 100vw, 1500px\" \/>\n\n<\/div>\n<\/div>\t\t\t\t\t\t\t\t<\/div>\n\t\t\t\t<\/div>\n\t\t\t\t\t<\/div>\n\t\t<\/div>\n\t\t\t\t\t<\/div>\n\t\t<\/section>\n\t\t\t\t<section class=\"elementor-section elementor-top-section elementor-element elementor-element-bb8ba37 elementor-section-boxed elementor-section-height-default elementor-section-height-default\" data-id=\"bb8ba37\" data-element_type=\"section\">\n\t\t\t\t\t\t<div class=\"elementor-container elementor-column-gap-default\">\n\t\t\t\t\t<div class=\"elementor-column elementor-col-100 elementor-top-column elementor-element elementor-element-76080db\" data-id=\"76080db\" data-element_type=\"column\">\n\t\t\t<div class=\"elementor-widget-wrap elementor-element-populated\">\n\t\t\t\t\t\t<div class=\"elementor-element elementor-element-5138d18 elementor-tabs-view-horizontal elementor-widget elementor-widget-tabs\" data-id=\"5138d18\" data-element_type=\"widget\" data-widget_type=\"tabs.default\">\n\t\t\t\t<div class=\"elementor-widget-container\">\n\t\t\t\t\t\t\t<div class=\"elementor-tabs\">\n\t\t\t<div class=\"elementor-tabs-wrapper\" role=\"tablist\" >\n\t\t\t\t\t\t\t\t\t<div id=\"elementor-tab-title-8511\" class=\"elementor-tab-title elementor-tab-desktop-title\" aria-selected=\"true\" data-tab=\"1\" role=\"tab\" tabindex=\"0\" aria-controls=\"elementor-tab-content-8511\" aria-expanded=\"false\">Fichiers<\/div>\n\t\t\t\t\t\t\t<\/div>\n\t\t\t<div class=\"elementor-tabs-content-wrapper\" role=\"tablist\" aria-orientation=\"vertical\">\n\t\t\t\t\t\t\t\t\t<div class=\"elementor-tab-title elementor-tab-mobile-title\" aria-selected=\"true\" data-tab=\"1\" role=\"tab\" tabindex=\"0\" aria-controls=\"elementor-tab-content-8511\" aria-expanded=\"false\">Fichiers<\/div>\n\t\t\t\t\t<div id=\"elementor-tab-content-8511\" class=\"elementor-tab-content elementor-clearfix\" data-tab=\"1\" role=\"tabpanel\" aria-labelledby=\"elementor-tab-title-8511\" tabindex=\"0\" hidden=\"false\"><i class=\"far fa-file-pdf fa-xl\" style=\"font-size:35px\"><\/i><a href=\"https:\/\/www.belleflamme.ca\/wp-content\/uploads\/2023\/02\/fusion-24_brochure_En.pdf\"> Brochure Fusion<\/a><\/br>\n\n<i class=\"far fa-file-pdf fa-xl\" style=\"font-size:35px\"><\/i><a href=\"https:\/\/www.belleflamme.ca\/wp-content\/uploads\/2023\/02\/1824FN_MANUAL_EN_JAN23-1.pdf\"> Manuel Fusion<\/a><\/br><\/div>\n\t\t\t\t\t\t\t<\/div>\n\t\t<\/div>\n\t\t\t\t\t\t<\/div>\n\t\t\t\t<\/div>\n\t\t\t\t\t<\/div>\n\t\t<\/div>\n\t\t\t\t\t<\/div>\n\t\t<\/section>\n\t\t\t\t<\/div>\n\t\t","protected":false},"excerpt":{"rendered":"<p>Le foyer encastrable Fusion 24 transforme avec \u00e9l\u00e9gance et sans effort votre foyer existant en un syst\u00e8me de chauffage performant. Avec sa fa\u00e7ade aux lignes \u00e9pur\u00e9es et sa vaste chambre de combustion, la plus imposante de l\u2019industrie, le Fusion 24 pr\u00e9serve la beaut\u00e9 de votre ma\u00e7onnerie tout en am\u00e9liorant la chaleur et le confort de [&hellip;]<\/p>\n","protected":false},"featured_media":3402,"template":"","meta":{"inline_featured_image":false},"product_brand":[224],"product_cat":[33,42],"product_tag":[],"class_list":{"0":"post-3301","1":"product","2":"type-product","3":"status-publish","4":"has-post-thumbnail","6":"product_brand-supreme","7":"product_cat-poeles-et-foyers","8":"product_cat-encastrables-au-bois","10":"first","11":"instock","12":"taxable","13":"shipping-taxable","14":"purchasable","15":"product-type-simple"},"yoast_head":"<!-- This site is optimized with the Yoast SEO Premium plugin v24.2 (Yoast SEO v24.2) - https:\/\/yoast.com\/wordpress\/plugins\/seo\/ -->\n<title>Foyer encastrable au bois fusion 24 de Supreme - Groupe BelleFlamme<\/title>\n<meta name=\"description\" content=\"Foyer encastrable au bois fusion 24 de Supreme vendu et install\u00e9 par le Groupe Belleflamme. Laval, Montr\u00e9al, Gatineau, Drummondville et Saint-Sauveur.\" \/>\n<meta name=\"robots\" content=\"index, follow, max-snippet:-1, max-image-preview:large, max-video-preview:-1\" \/>\n<link rel=\"canonical\" href=\"https:\/\/staging.belleflamme.ca\/fr\/produit\/foyer-encastrable-au-bois-fusion-24\/\" \/>\n<meta property=\"og:locale\" content=\"fr_FR\" \/>\n<meta property=\"og:type\" content=\"article\" \/>\n<meta property=\"og:title\" content=\"Foyer encastrable au bois fusion 24 de Supreme\" \/>\n<meta property=\"og:description\" content=\"Foyer encastrable au bois fusion 24 de Supreme vendu et install\u00e9 par le Groupe Belleflamme. Laval, Montr\u00e9al, Gatineau, Drummondville et Saint-Sauveur.\" \/>\n<meta property=\"og:url\" content=\"https:\/\/staging.belleflamme.ca\/fr\/produit\/foyer-encastrable-au-bois-fusion-24\/\" \/>\n<meta property=\"og:site_name\" content=\"Groupe BelleFlamme\" \/>\n<meta property=\"article:publisher\" content=\"https:\/\/www.facebook.com\/belleflamme.ca\/\" \/>\n<meta property=\"article:modified_time\" content=\"2024-11-21T16:48:55+00:00\" \/>\n<meta property=\"og:image\" content=\"https:\/\/www.belleflamme.ca\/wp-content\/uploads\/2023\/02\/fusion24-scaled.jpg\" \/>\n\t<meta property=\"og:image:width\" content=\"2560\" \/>\n\t<meta property=\"og:image:height\" content=\"1440\" \/>\n\t<meta property=\"og:image:type\" content=\"image\/jpeg\" \/>\n<meta name=\"twitter:card\" content=\"summary_large_image\" \/>\n<meta name=\"twitter:label1\" content=\"Prix\" \/>\n\t<meta name=\"twitter:data1\" content=\"&#036;3,350.00\" \/>\n\t<meta name=\"twitter:label2\" content=\"Disponibilit\u00e9\" \/>\n\t<meta name=\"twitter:data2\" content=\"En stock\" \/>\n<script type=\"application\/ld+json\" class=\"yoast-schema-graph\">{\"@context\":\"https:\/\/schema.org\",\"@graph\":[{\"@type\":[\"WebPage\",\"ItemPage\"],\"@id\":\"https:\/\/staging.belleflamme.ca\/fr\/produit\/foyer-encastrable-au-bois-fusion-24\/\",\"url\":\"https:\/\/staging.belleflamme.ca\/fr\/produit\/foyer-encastrable-au-bois-fusion-24\/\",\"name\":\"Foyer encastrable au bois fusion 24 de Supreme - Groupe BelleFlamme\",\"isPartOf\":{\"@id\":\"https:\/\/www.belleflamme.ca\/fr\/#website\"},\"primaryImageOfPage\":{\"@id\":\"https:\/\/staging.belleflamme.ca\/fr\/produit\/foyer-encastrable-au-bois-fusion-24\/#primaryimage\"},\"image\":{\"@id\":\"https:\/\/staging.belleflamme.ca\/fr\/produit\/foyer-encastrable-au-bois-fusion-24\/#primaryimage\"},\"thumbnailUrl\":\"https:\/\/staging.belleflamme.ca\/wp-content\/uploads\/2023\/02\/fusion24-scaled.jpg\",\"datePublished\":\"2023-02-07T21:01:35+00:00\",\"dateModified\":\"2024-11-21T16:48:55+00:00\",\"description\":\"Foyer encastrable au bois fusion 24 de Supreme [get_meta_en_fr]\",\"breadcrumb\":{\"@id\":\"https:\/\/staging.belleflamme.ca\/fr\/produit\/foyer-encastrable-au-bois-fusion-24\/#breadcrumb\"},\"inLanguage\":\"fr-FR\",\"potentialAction\":[{\"@type\":\"ReadAction\",\"target\":[\"https:\/\/staging.belleflamme.ca\/fr\/produit\/foyer-encastrable-au-bois-fusion-24\/\"]}]},{\"@type\":\"ImageObject\",\"inLanguage\":\"fr-FR\",\"@id\":\"https:\/\/staging.belleflamme.ca\/fr\/produit\/foyer-encastrable-au-bois-fusion-24\/#primaryimage\",\"url\":\"https:\/\/staging.belleflamme.ca\/wp-content\/uploads\/2023\/02\/fusion24-scaled.jpg\",\"contentUrl\":\"https:\/\/staging.belleflamme.ca\/wp-content\/uploads\/2023\/02\/fusion24-scaled.jpg\",\"width\":2560,\"height\":1440,\"caption\":\"fusion 24\"},{\"@type\":\"BreadcrumbList\",\"@id\":\"https:\/\/staging.belleflamme.ca\/fr\/produit\/foyer-encastrable-au-bois-fusion-24\/#breadcrumb\",\"itemListElement\":[{\"@type\":\"ListItem\",\"position\":1,\"name\":\"Accueil\",\"item\":\"https:\/\/www.belleflamme.ca\/fr\/\"},{\"@type\":\"ListItem\",\"position\":2,\"name\":\"Boutique\",\"item\":\"https:\/\/www.belleflamme.ca\/fr\/boutique\/\"},{\"@type\":\"ListItem\",\"position\":3,\"name\":\"Po\u00eales &amp; Foyers\",\"item\":\"https:\/\/staging.belleflamme.ca\/fr\/categories\/poeles-et-foyers\/\"},{\"@type\":\"ListItem\",\"position\":4,\"name\":\"Po\u00eales &amp; Foyers au Bois\",\"item\":\"https:\/\/staging.belleflamme.ca\/fr\/categories\/poeles-et-foyers\/poeles-et-foyers-au-bois\/\"},{\"@type\":\"ListItem\",\"position\":5,\"name\":\"Encastrables au Bois\",\"item\":\"https:\/\/staging.belleflamme.ca\/fr\/categories\/poeles-et-foyers\/poeles-et-foyers-au-bois\/encastrables-au-bois\/\"},{\"@type\":\"ListItem\",\"position\":6,\"name\":\"Foyer encastrable au bois fusion 24 de Supreme\"}]},{\"@type\":\"WebSite\",\"@id\":\"https:\/\/www.belleflamme.ca\/fr\/#website\",\"url\":\"https:\/\/www.belleflamme.ca\/fr\/\",\"name\":\"Groupe Belleflamme\",\"description\":\"La m\u00e9canique du b\u00e2timent dans le sang.\",\"publisher\":{\"@id\":\"https:\/\/www.belleflamme.ca\/fr\/#organization\"},\"potentialAction\":[{\"@type\":\"SearchAction\",\"target\":{\"@type\":\"EntryPoint\",\"urlTemplate\":\"https:\/\/www.belleflamme.ca\/fr\/?s={search_term_string}\"},\"query-input\":{\"@type\":\"PropertyValueSpecification\",\"valueRequired\":true,\"valueName\":\"search_term_string\"}}],\"inLanguage\":\"fr-FR\"},{\"@type\":[\"Organization\",\"Place\"],\"@id\":\"https:\/\/www.belleflamme.ca\/fr\/#organization\",\"name\":\"Groupe Belleflamme\",\"alternateName\":\"Belleflamme\",\"url\":\"https:\/\/www.belleflamme.ca\/fr\/\",\"logo\":{\"@type\":\"ImageObject\",\"inLanguage\":\"fr-FR\",\"@id\":\"https:\/\/www.belleflamme.ca\/fr\/#\/schema\/logo\/image\/\",\"url\":\"https:\/\/staging.belleflamme.ca\/wp-content\/uploads\/2023\/01\/og-image.jpg\",\"contentUrl\":\"https:\/\/staging.belleflamme.ca\/wp-content\/uploads\/2023\/01\/og-image.jpg\",\"width\":1200,\"height\":630,\"caption\":\"Groupe Belleflamme\"},\"image\":{\"@id\":\"https:\/\/www.belleflamme.ca\/fr\/#\/schema\/logo\/image\/\"},\"sameAs\":[\"https:\/\/www.facebook.com\/belleflamme.ca\/\",\"https:\/\/www.linkedin.com\/company\/belleflamme\/\",\"https:\/\/www.pinterest.ca\/groupebelleflamme\/\",\"https:\/\/www.instagram.com\/legroupebelleflamme\/\"],\"mainEntityOfPage\":{\"@id\":\"https:\/\/staging.belleflamme.ca\/fr\/produit\/foyer-encastrable-au-bois-fusion-24\/\"}}]}<\/script>\n<meta property=\"product:brand\" content=\"Supreme\" \/>\n<meta property=\"product:price:amount\" content=\"3350.00\" \/>\n<meta property=\"product:price:currency\" content=\"CAD\" \/>\n<meta property=\"og:availability\" content=\"instock\" \/>\n<meta property=\"product:availability\" content=\"instock\" \/>\n<meta property=\"product:retailer_item_id\" content=\"24FN-01\" \/>\n<meta property=\"product:condition\" content=\"new\" \/>\n<!-- \/ Yoast SEO Premium plugin. -->","yoast_head_json":{"title":"Foyer encastrable au bois fusion 24 de Supreme - Groupe BelleFlamme","description":"Foyer encastrable au bois fusion 24 de Supreme vendu et install\u00e9 par le Groupe Belleflamme. Laval, Montr\u00e9al, Gatineau, Drummondville et Saint-Sauveur.","robots":{"index":"index","follow":"follow","max-snippet":"max-snippet:-1","max-image-preview":"max-image-preview:large","max-video-preview":"max-video-preview:-1"},"canonical":"https:\/\/staging.belleflamme.ca\/fr\/produit\/foyer-encastrable-au-bois-fusion-24\/","og_locale":"fr_FR","og_type":"article","og_title":"Foyer encastrable au bois fusion 24 de Supreme","og_description":"Foyer encastrable au bois fusion 24 de Supreme vendu et install\u00e9 par le Groupe Belleflamme. Laval, Montr\u00e9al, Gatineau, Drummondville et Saint-Sauveur.","og_url":"https:\/\/staging.belleflamme.ca\/fr\/produit\/foyer-encastrable-au-bois-fusion-24\/","og_site_name":"Groupe BelleFlamme","article_publisher":"https:\/\/www.facebook.com\/belleflamme.ca\/","article_modified_time":"2024-11-21T16:48:55+00:00","og_image":[{"width":2560,"height":1440,"url":"https:\/\/www.belleflamme.ca\/wp-content\/uploads\/2023\/02\/fusion24-scaled.jpg","type":"image\/jpeg"}],"twitter_card":"summary_large_image","twitter_misc":{"Prix":"&#36;3,350.00","Disponibilit\u00e9":"En stock"},"schema":{"@context":"https:\/\/schema.org","@graph":[{"@type":["WebPage","ItemPage"],"@id":"https:\/\/staging.belleflamme.ca\/fr\/produit\/foyer-encastrable-au-bois-fusion-24\/","url":"https:\/\/staging.belleflamme.ca\/fr\/produit\/foyer-encastrable-au-bois-fusion-24\/","name":"Foyer encastrable au bois fusion 24 de Supreme - Groupe BelleFlamme","isPartOf":{"@id":"https:\/\/www.belleflamme.ca\/fr\/#website"},"primaryImageOfPage":{"@id":"https:\/\/staging.belleflamme.ca\/fr\/produit\/foyer-encastrable-au-bois-fusion-24\/#primaryimage"},"image":{"@id":"https:\/\/staging.belleflamme.ca\/fr\/produit\/foyer-encastrable-au-bois-fusion-24\/#primaryimage"},"thumbnailUrl":"https:\/\/staging.belleflamme.ca\/wp-content\/uploads\/2023\/02\/fusion24-scaled.jpg","datePublished":"2023-02-07T21:01:35+00:00","dateModified":"2024-11-21T16:48:55+00:00","description":"Foyer encastrable au bois fusion 24 de Supreme [get_meta_en_fr]","breadcrumb":{"@id":"https:\/\/staging.belleflamme.ca\/fr\/produit\/foyer-encastrable-au-bois-fusion-24\/#breadcrumb"},"inLanguage":"fr-FR","potentialAction":[{"@type":"ReadAction","target":["https:\/\/staging.belleflamme.ca\/fr\/produit\/foyer-encastrable-au-bois-fusion-24\/"]}]},{"@type":"ImageObject","inLanguage":"fr-FR","@id":"https:\/\/staging.belleflamme.ca\/fr\/produit\/foyer-encastrable-au-bois-fusion-24\/#primaryimage","url":"https:\/\/staging.belleflamme.ca\/wp-content\/uploads\/2023\/02\/fusion24-scaled.jpg","contentUrl":"https:\/\/staging.belleflamme.ca\/wp-content\/uploads\/2023\/02\/fusion24-scaled.jpg","width":2560,"height":1440,"caption":"fusion 24"},{"@type":"BreadcrumbList","@id":"https:\/\/staging.belleflamme.ca\/fr\/produit\/foyer-encastrable-au-bois-fusion-24\/#breadcrumb","itemListElement":[{"@type":"ListItem","position":1,"name":"Accueil","item":"https:\/\/www.belleflamme.ca\/fr\/"},{"@type":"ListItem","position":2,"name":"Boutique","item":"https:\/\/www.belleflamme.ca\/fr\/boutique\/"},{"@type":"ListItem","position":3,"name":"Po\u00eales &amp; Foyers","item":"https:\/\/staging.belleflamme.ca\/fr\/categories\/poeles-et-foyers\/"},{"@type":"ListItem","position":4,"name":"Po\u00eales &amp; Foyers au Bois","item":"https:\/\/staging.belleflamme.ca\/fr\/categories\/poeles-et-foyers\/poeles-et-foyers-au-bois\/"},{"@type":"ListItem","position":5,"name":"Encastrables au Bois","item":"https:\/\/staging.belleflamme.ca\/fr\/categories\/poeles-et-foyers\/poeles-et-foyers-au-bois\/encastrables-au-bois\/"},{"@type":"ListItem","position":6,"name":"Foyer encastrable au bois fusion 24 de Supreme"}]},{"@type":"WebSite","@id":"https:\/\/www.belleflamme.ca\/fr\/#website","url":"https:\/\/www.belleflamme.ca\/fr\/","name":"Groupe Belleflamme","description":"La m\u00e9canique du b\u00e2timent dans le sang.","publisher":{"@id":"https:\/\/www.belleflamme.ca\/fr\/#organization"},"potentialAction":[{"@type":"SearchAction","target":{"@type":"EntryPoint","urlTemplate":"https:\/\/www.belleflamme.ca\/fr\/?s={search_term_string}"},"query-input":{"@type":"PropertyValueSpecification","valueRequired":true,"valueName":"search_term_string"}}],"inLanguage":"fr-FR"},{"@type":["Organization","Place"],"@id":"https:\/\/www.belleflamme.ca\/fr\/#organization","name":"Groupe Belleflamme","alternateName":"Belleflamme","url":"https:\/\/www.belleflamme.ca\/fr\/","logo":{"@type":"ImageObject","inLanguage":"fr-FR","@id":"https:\/\/www.belleflamme.ca\/fr\/#\/schema\/logo\/image\/","url":"https:\/\/staging.belleflamme.ca\/wp-content\/uploads\/2023\/01\/og-image.jpg","contentUrl":"https:\/\/staging.belleflamme.ca\/wp-content\/uploads\/2023\/01\/og-image.jpg","width":1200,"height":630,"caption":"Groupe Belleflamme"},"image":{"@id":"https:\/\/www.belleflamme.ca\/fr\/#\/schema\/logo\/image\/"},"sameAs":["https:\/\/www.facebook.com\/belleflamme.ca\/","https:\/\/www.linkedin.com\/company\/belleflamme\/","https:\/\/www.pinterest.ca\/groupebelleflamme\/","https:\/\/www.instagram.com\/legroupebelleflamme\/"],"mainEntityOfPage":{"@id":"https:\/\/staging.belleflamme.ca\/fr\/produit\/foyer-encastrable-au-bois-fusion-24\/"}}]},"product_brand":"Supreme","product_price_amount":"3350.00","product_price_currency":"CAD","og_availability":"instock","product_availability":"instock","product_retailer_item_id":"24FN-01","product_condition":"new"},"_links":{"self":[{"href":"https:\/\/staging.belleflamme.ca\/fr\/wp-json\/wp\/v2\/product\/3301","targetHints":{"allow":["GET"]}}],"collection":[{"href":"https:\/\/staging.belleflamme.ca\/fr\/wp-json\/wp\/v2\/product"}],"about":[{"href":"https:\/\/staging.belleflamme.ca\/fr\/wp-json\/wp\/v2\/types\/product"}],"version-history":[{"count":9,"href":"https:\/\/staging.belleflamme.ca\/fr\/wp-json\/wp\/v2\/product\/3301\/revisions"}],"predecessor-version":[{"id":42858,"href":"https:\/\/staging.belleflamme.ca\/fr\/wp-json\/wp\/v2\/product\/3301\/revisions\/42858"}],"wp:featuredmedia":[{"embeddable":true,"href":"https:\/\/staging.belleflamme.ca\/fr\/wp-json\/wp\/v2\/media\/3402"}],"wp:attachment":[{"href":"https:\/\/staging.belleflamme.ca\/fr\/wp-json\/wp\/v2\/media?parent=3301"}],"wp:term":[{"taxonomy":"product_brand","embeddable":true,"href":"https:\/\/staging.belleflamme.ca\/fr\/wp-json\/wp\/v2\/product_brand?post=3301"},{"taxonomy":"product_cat","embeddable":true,"href":"https:\/\/staging.belleflamme.ca\/fr\/wp-json\/wp\/v2\/product_cat?post=3301"},{"taxonomy":"product_tag","embeddable":true,"href":"https:\/\/staging.belleflamme.ca\/fr\/wp-json\/wp\/v2\/product_tag?post=3301"}],"curies":[{"name":"wp","href":"https:\/\/api.w.org\/{rel}","templated":true}]}}