{"id":3300,"date":"2023-02-07T16:01:35","date_gmt":"2023-02-07T21:01:35","guid":{"rendered":"https:\/\/www.belleflamme.ca\/product\/foyer-encastrable-au-bois-fusion-18\/"},"modified":"2024-11-21T11:47:24","modified_gmt":"2024-11-21T16:47:24","slug":"foyer-encastrable-au-bois-fusion-18","status":"publish","type":"product","link":"https:\/\/staging.belleflamme.ca\/fr\/produit\/foyer-encastrable-au-bois-fusion-18\/","title":{"rendered":"Foyer encastrable au bois Fusion 18 de Supreme"},"content":{"rendered":"\t\t<div data-elementor-type=\"product-post\" data-elementor-id=\"3300\" class=\"elementor elementor-3300\" data-elementor-post-type=\"product\">\n\t\t\t\t\t\t<section class=\"elementor-section elementor-top-section elementor-element elementor-element-14c1ec7 elementor-section-boxed elementor-section-height-default elementor-section-height-default\" data-id=\"14c1ec7\" data-element_type=\"section\">\n\t\t\t\t\t\t<div class=\"elementor-container elementor-column-gap-default\">\n\t\t\t\t\t<div class=\"elementor-column elementor-col-100 elementor-top-column elementor-element elementor-element-493f2360\" data-id=\"493f2360\" data-element_type=\"column\">\n\t\t\t<div class=\"elementor-widget-wrap elementor-element-populated\">\n\t\t\t\t\t\t<div class=\"elementor-element elementor-element-6de54acc elementor-widget elementor-widget-text-editor\" data-id=\"6de54acc\" data-element_type=\"widget\" data-widget_type=\"text-editor.default\">\n\t\t\t\t<div class=\"elementor-widget-container\">\n\t\t\t\t\t\t\t\t\t<iframe width=\"560\" height=\"315\" src=\"https:\/\/www.youtube.com\/embed\/r5jNiENUw5Q?si=IdSPxojTuV0HvldN\" title=\"YouTube video player\" frameborder=\"0\" allow=\"accelerometer; autoplay; clipboard-write; encrypted-media; gyroscope; picture-in-picture; web-share\" allowfullscreen><\/iframe>\nLe Fusion 18 est un insert id\u00e9al pour les consommateurs souhaitant int\u00e9grer les derni\u00e8res technologies de chauffage dans leur habitation actuelle. Mod\u00e8le compact de la s\u00e9rie, le Fusion 18 dispose n\u00e9anmoins d&#8217;une grande chambre de combustion et d&#8217;une grande porte vitr\u00e9e offrant une vue d\u00e9gag\u00e9e sur la vivacit\u00e9 et le charme du feu. Son design \u00e9l\u00e9gant est le reflet du raffinement de son ing\u00e9nierie, soutenue par plus de trente ans de recherche et d\u00e9veloppement. Plusieurs m\u00e9canismes brevet\u00e9s sous-tendent sa technologie in\u00e9gal\u00e9e, comme le contr\u00f4le d&#8217;air qui r\u00e9gule automatiquement la combustion et assure la long\u00e9vit\u00e9 de votre feu tout en \u00e9mettant moins de particules d&#8217;air. L&#8217;ensemble de deux ventilateurs thermostatiques puissants mais silencieux fournit une chaleur satisfaisante sur une grande surface,\n\nLe Fusion 18 r\u00e9pond aux normes d&#8217;\u00e9missions les plus strictes de l&#8217;EPA, ce qui en fait un choix id\u00e9al pour les consommateurs souhaitant convertir leur maison \u00e9nergivore en un chauffage \u00e9coresponsable et efficace sans compromettre l&#8217;aspect esth\u00e9tique.\n<h4 class=\"sub-heading\">CARACT\u00c9RISTIQUES EXCLUSIVES ET TECHNOLOGIES:<\/h4>\n<ol>\n \t<li><a href=\"https:\/\/www.supremem.com\/fr\/fusion_18.php#1\" data-toggle=\"modal\" data-target=\"#1\">CONTR\u00d4LE D\u2019AIR AUTOMATIQUE BREVET\u00c9<\/a><\/li>\n \t<li><a href=\"https:\/\/www.supremem.com\/fr\/fusion_18.php#2\" data-toggle=\"modal\" data-target=\"#2\">CHAMBRE DE CIRCULATION<\/a><\/li>\n \t<li><a href=\"https:\/\/www.supremem.com\/fr\/fusion_18.php#3\" data-toggle=\"modal\" data-target=\"#3\">SYSTEME DE VENTILATEUR DOUBLE (110 PCM)<\/a><\/li>\n \t<li><a href=\"https:\/\/www.supremem.com\/fr\/fusion_18.php#4\" data-toggle=\"modal\" data-target=\"#4\">D\u00c9FLECTEUR UNIQUE \u00c0 HAUTE CAPACIT\u00c9<\/a><\/li>\n \t<li><a href=\"https:\/\/www.supremem.com\/fr\/fusion_18.php#5\" data-toggle=\"modal\" data-target=\"#5\">GRILLE DE BARBECUE INT\u00c9GR\u00c9E (EN OPTION)<\/a><\/li>\n \t<li><a href=\"https:\/\/www.supremem.com\/fr\/fusion_18.php#6\" data-toggle=\"modal\" data-target=\"#6\">GAINE DE CHEMIN\u00c9E DE 5\u2019\u2019<\/a><\/li>\n<\/ol>\n<div class=\"row\">\n<div class=\"col-lg-12 techspec_title\">\n<h3 class=\"orange\">SP\u00c9CIFICATIONS TECHNIQUES<\/h3>\n<\/div>\n<\/div>\n<div class=\"row\">\n<div class=\"col-lg-12\">\n<table class=\"table-specifications\">\n<tbody>\n<tr>\n<td><b>Superficie chauff\u00e9e:<\/b><\/td>\n<td>500 \u00e0 1 800 pieds carr\u00e9s<\/td>\n<\/tr>\n<tr>\n<td><b>Puissance calorifique totale:<\/b><\/td>\n<td>60 000 BTUs (bas\u00e9 sur une charge de bois de 20 lbs)<\/td>\n<\/tr>\n<tr>\n<td><b>Dur\u00e9e de combustion:<\/b><\/td>\n<td>4 \u00e0 8 heures<\/td>\n<\/tr>\n<tr>\n<td><b>Grandeur de la chambre \u00e0 combustion:<\/b><\/td>\n<td>1,85 pieds cubes<\/td>\n<\/tr>\n<tr>\n<td><b>Chemin\u00e9e:<\/b><\/td>\n<td>5 pouces (peut s\u2019adapter \u00e0 une gaine de 5,5 ou 6 pouces)<\/td>\n<\/tr>\n<tr>\n<td><b>Longueur des b\u00fbches:<\/b><\/td>\n<td>Jusqu\u2019\u00e0 21\u201d Recommand\u00e9e: 18\u201d<\/td>\n<\/tr>\n<tr>\n<td><b>\u00c9missions:<\/b><\/td>\n<td>1,9 g\/h avec la m\u00e9thode EPA<\/td>\n<\/tr>\n<tr>\n<td><b>Dimensions de la vitre:<\/b><\/td>\n<td>22 3\/4\u201d x 15 3\/8\u201d<\/td>\n<\/tr>\n<\/tbody>\n<\/table>\n<img fetchpriority=\"high\" decoding=\"async\" class=\"alignnone size-full wp-image-25714\" src=\"https:\/\/www.belleflamme.ca\/wp-content\/uploads\/2024\/01\/fusion18_dim_fr.png\" alt=\"\" width=\"1500\" height=\"1000\" srcset=\"https:\/\/staging.belleflamme.ca\/wp-content\/uploads\/2024\/01\/fusion18_dim_fr.png 1500w, https:\/\/staging.belleflamme.ca\/wp-content\/uploads\/2024\/01\/fusion18_dim_fr-300x200.png 300w, https:\/\/staging.belleflamme.ca\/wp-content\/uploads\/2024\/01\/fusion18_dim_fr-1024x683.png 1024w, https:\/\/staging.belleflamme.ca\/wp-content\/uploads\/2024\/01\/fusion18_dim_fr-768x512.png 768w, https:\/\/staging.belleflamme.ca\/wp-content\/uploads\/2024\/01\/fusion18_dim_fr-900x600.png 900w\" sizes=\"(max-width: 1500px) 100vw, 1500px\" \/>\n\n<\/div>\n<\/div>\t\t\t\t\t\t\t\t<\/div>\n\t\t\t\t<\/div>\n\t\t\t\t\t<\/div>\n\t\t<\/div>\n\t\t\t\t\t<\/div>\n\t\t<\/section>\n\t\t\t\t<section class=\"elementor-section elementor-top-section elementor-element elementor-element-e402b71 elementor-section-boxed elementor-section-height-default elementor-section-height-default\" data-id=\"e402b71\" data-element_type=\"section\">\n\t\t\t\t\t\t<div class=\"elementor-container elementor-column-gap-default\">\n\t\t\t\t\t<div class=\"elementor-column elementor-col-100 elementor-top-column elementor-element elementor-element-87de981\" data-id=\"87de981\" data-element_type=\"column\">\n\t\t\t<div class=\"elementor-widget-wrap elementor-element-populated\">\n\t\t\t\t\t\t<div class=\"elementor-element elementor-element-26a47f6 elementor-tabs-view-horizontal elementor-widget elementor-widget-tabs\" data-id=\"26a47f6\" data-element_type=\"widget\" data-widget_type=\"tabs.default\">\n\t\t\t\t<div class=\"elementor-widget-container\">\n\t\t\t\t\t\t\t<div class=\"elementor-tabs\">\n\t\t\t<div class=\"elementor-tabs-wrapper\" role=\"tablist\" >\n\t\t\t\t\t\t\t\t\t<div id=\"elementor-tab-title-4051\" class=\"elementor-tab-title elementor-tab-desktop-title\" aria-selected=\"true\" data-tab=\"1\" role=\"tab\" tabindex=\"0\" aria-controls=\"elementor-tab-content-4051\" aria-expanded=\"false\">Fichiers<\/div>\n\t\t\t\t\t\t\t<\/div>\n\t\t\t<div class=\"elementor-tabs-content-wrapper\" role=\"tablist\" aria-orientation=\"vertical\">\n\t\t\t\t\t\t\t\t\t<div class=\"elementor-tab-title elementor-tab-mobile-title\" aria-selected=\"true\" data-tab=\"1\" role=\"tab\" tabindex=\"0\" aria-controls=\"elementor-tab-content-4051\" aria-expanded=\"false\">Fichiers<\/div>\n\t\t\t\t\t<div id=\"elementor-tab-content-4051\" class=\"elementor-tab-content elementor-clearfix\" data-tab=\"1\" role=\"tabpanel\" aria-labelledby=\"elementor-tab-title-4051\" tabindex=\"0\" hidden=\"false\"><i class=\"far fa-file-pdf fa-xl\" style=\"font-size:35px\"><\/i><a href=\"https:\/\/www.belleflamme.ca\/wp-content\/uploads\/2023\/02\/Fusion_18_brochure_2020_En_web.pdf\"> Brochure Fusion<\/a><\/br>\n\n<i class=\"far fa-file-pdf fa-xl\" style=\"font-size:35px\"><\/i><a href=\"https:\/\/www.belleflamme.ca\/wp-content\/uploads\/2023\/02\/1824FN_MANUAL_EN_JAN23.pdf\"> Manuel Fusion<\/a><\/br><\/div>\n\t\t\t\t\t\t\t<\/div>\n\t\t<\/div>\n\t\t\t\t\t\t<\/div>\n\t\t\t\t<\/div>\n\t\t\t\t\t<\/div>\n\t\t<\/div>\n\t\t\t\t\t<\/div>\n\t\t<\/section>\n\t\t\t\t<\/div>\n\t\t","protected":false},"excerpt":{"rendered":"<p>Le Fusion 18 est un insert id\u00e9al pour les consommateurs souhaitant int\u00e9grer les derni\u00e8res technologies de chauffage dans leur habitation actuelle. Mod\u00e8le compact de la s\u00e9rie, le Fusion 18 dispose n\u00e9anmoins d&#8217;une grande chambre de combustion et d&#8217;une grande porte vitr\u00e9e offrant une vue d\u00e9gag\u00e9e sur la vivacit\u00e9 et le charme du feu. Son design [&hellip;]<\/p>\n","protected":false},"featured_media":3405,"template":"","meta":{"inline_featured_image":false},"product_brand":[224],"product_cat":[33,34,42],"product_tag":[],"class_list":{"0":"post-3300","1":"product","2":"type-product","3":"status-publish","4":"has-post-thumbnail","6":"product_brand-supreme","7":"product_cat-poeles-et-foyers","8":"product_cat-poeles-et-foyers-au-bois","9":"product_cat-encastrables-au-bois","11":"first","12":"instock","13":"taxable","14":"shipping-taxable","15":"purchasable","16":"product-type-simple"},"yoast_head":"<!-- This site is optimized with the Yoast SEO Premium plugin v24.2 (Yoast SEO v24.2) - https:\/\/yoast.com\/wordpress\/plugins\/seo\/ -->\n<title>Foyer encastrable au bois Fusion 18 de Supreme - Groupe BelleFlamme<\/title>\n<meta name=\"description\" content=\"Foyer encastrable au bois Fusion 18 de Supreme vendu et install\u00e9 par le Groupe Belleflamme. Laval, Montr\u00e9al, Gatineau, Drummondville et Saint-Sauveur.\" \/>\n<meta name=\"robots\" content=\"index, follow, max-snippet:-1, max-image-preview:large, max-video-preview:-1\" \/>\n<link rel=\"canonical\" href=\"https:\/\/staging.belleflamme.ca\/fr\/produit\/foyer-encastrable-au-bois-fusion-18\/\" \/>\n<meta property=\"og:locale\" content=\"fr_FR\" \/>\n<meta property=\"og:type\" content=\"article\" \/>\n<meta property=\"og:title\" content=\"Foyer encastrable au bois Fusion 18 de Supreme\" \/>\n<meta property=\"og:description\" content=\"Foyer encastrable au bois Fusion 18 de Supreme vendu et install\u00e9 par le Groupe Belleflamme. Laval, Montr\u00e9al, Gatineau, Drummondville et Saint-Sauveur.\" \/>\n<meta property=\"og:url\" content=\"https:\/\/staging.belleflamme.ca\/fr\/produit\/foyer-encastrable-au-bois-fusion-18\/\" \/>\n<meta property=\"og:site_name\" content=\"Groupe BelleFlamme\" \/>\n<meta property=\"article:publisher\" content=\"https:\/\/www.facebook.com\/belleflamme.ca\/\" \/>\n<meta property=\"article:modified_time\" content=\"2024-11-21T16:47:24+00:00\" \/>\n<meta property=\"og:image\" content=\"https:\/\/www.belleflamme.ca\/wp-content\/uploads\/2023\/02\/fusion18-scaled.jpg\" \/>\n\t<meta property=\"og:image:width\" content=\"2560\" \/>\n\t<meta property=\"og:image:height\" content=\"1440\" \/>\n\t<meta property=\"og:image:type\" content=\"image\/jpeg\" \/>\n<meta name=\"twitter:card\" content=\"summary_large_image\" \/>\n<meta name=\"twitter:label1\" content=\"Prix\" \/>\n\t<meta name=\"twitter:data1\" content=\"&#036;3,051.00\" \/>\n\t<meta name=\"twitter:label2\" content=\"Disponibilit\u00e9\" \/>\n\t<meta name=\"twitter:data2\" content=\"En stock\" \/>\n<script type=\"application\/ld+json\" class=\"yoast-schema-graph\">{\"@context\":\"https:\/\/schema.org\",\"@graph\":[{\"@type\":[\"WebPage\",\"ItemPage\"],\"@id\":\"https:\/\/staging.belleflamme.ca\/fr\/produit\/foyer-encastrable-au-bois-fusion-18\/\",\"url\":\"https:\/\/staging.belleflamme.ca\/fr\/produit\/foyer-encastrable-au-bois-fusion-18\/\",\"name\":\"Foyer encastrable au bois Fusion 18 de Supreme - Groupe BelleFlamme\",\"isPartOf\":{\"@id\":\"https:\/\/www.belleflamme.ca\/fr\/#website\"},\"primaryImageOfPage\":{\"@id\":\"https:\/\/staging.belleflamme.ca\/fr\/produit\/foyer-encastrable-au-bois-fusion-18\/#primaryimage\"},\"image\":{\"@id\":\"https:\/\/staging.belleflamme.ca\/fr\/produit\/foyer-encastrable-au-bois-fusion-18\/#primaryimage\"},\"thumbnailUrl\":\"https:\/\/staging.belleflamme.ca\/wp-content\/uploads\/2023\/02\/fusion18-scaled.jpg\",\"datePublished\":\"2023-02-07T21:01:35+00:00\",\"dateModified\":\"2024-11-21T16:47:24+00:00\",\"description\":\"Foyer encastrable au bois Fusion 18 de Supreme [get_meta_en_fr]\",\"breadcrumb\":{\"@id\":\"https:\/\/staging.belleflamme.ca\/fr\/produit\/foyer-encastrable-au-bois-fusion-18\/#breadcrumb\"},\"inLanguage\":\"fr-FR\",\"potentialAction\":[{\"@type\":\"ReadAction\",\"target\":[\"https:\/\/staging.belleflamme.ca\/fr\/produit\/foyer-encastrable-au-bois-fusion-18\/\"]}]},{\"@type\":\"ImageObject\",\"inLanguage\":\"fr-FR\",\"@id\":\"https:\/\/staging.belleflamme.ca\/fr\/produit\/foyer-encastrable-au-bois-fusion-18\/#primaryimage\",\"url\":\"https:\/\/staging.belleflamme.ca\/wp-content\/uploads\/2023\/02\/fusion18-scaled.jpg\",\"contentUrl\":\"https:\/\/staging.belleflamme.ca\/wp-content\/uploads\/2023\/02\/fusion18-scaled.jpg\",\"width\":2560,\"height\":1440,\"caption\":\"fusion 18\"},{\"@type\":\"BreadcrumbList\",\"@id\":\"https:\/\/staging.belleflamme.ca\/fr\/produit\/foyer-encastrable-au-bois-fusion-18\/#breadcrumb\",\"itemListElement\":[{\"@type\":\"ListItem\",\"position\":1,\"name\":\"Accueil\",\"item\":\"https:\/\/www.belleflamme.ca\/fr\/\"},{\"@type\":\"ListItem\",\"position\":2,\"name\":\"Boutique\",\"item\":\"https:\/\/www.belleflamme.ca\/fr\/boutique\/\"},{\"@type\":\"ListItem\",\"position\":3,\"name\":\"Po\u00eales &amp; Foyers\",\"item\":\"https:\/\/staging.belleflamme.ca\/fr\/categories\/poeles-et-foyers\/\"},{\"@type\":\"ListItem\",\"position\":4,\"name\":\"Po\u00eales &amp; Foyers au Bois\",\"item\":\"https:\/\/staging.belleflamme.ca\/fr\/categories\/poeles-et-foyers\/poeles-et-foyers-au-bois\/\"},{\"@type\":\"ListItem\",\"position\":5,\"name\":\"Encastrables au Bois\",\"item\":\"https:\/\/staging.belleflamme.ca\/fr\/categories\/poeles-et-foyers\/poeles-et-foyers-au-bois\/encastrables-au-bois\/\"},{\"@type\":\"ListItem\",\"position\":6,\"name\":\"Foyer encastrable au bois Fusion 18 de Supreme\"}]},{\"@type\":\"WebSite\",\"@id\":\"https:\/\/www.belleflamme.ca\/fr\/#website\",\"url\":\"https:\/\/www.belleflamme.ca\/fr\/\",\"name\":\"Groupe Belleflamme\",\"description\":\"La m\u00e9canique du b\u00e2timent dans le sang.\",\"publisher\":{\"@id\":\"https:\/\/www.belleflamme.ca\/fr\/#organization\"},\"potentialAction\":[{\"@type\":\"SearchAction\",\"target\":{\"@type\":\"EntryPoint\",\"urlTemplate\":\"https:\/\/www.belleflamme.ca\/fr\/?s={search_term_string}\"},\"query-input\":{\"@type\":\"PropertyValueSpecification\",\"valueRequired\":true,\"valueName\":\"search_term_string\"}}],\"inLanguage\":\"fr-FR\"},{\"@type\":[\"Organization\",\"Place\"],\"@id\":\"https:\/\/www.belleflamme.ca\/fr\/#organization\",\"name\":\"Groupe Belleflamme\",\"alternateName\":\"Belleflamme\",\"url\":\"https:\/\/www.belleflamme.ca\/fr\/\",\"logo\":{\"@type\":\"ImageObject\",\"inLanguage\":\"fr-FR\",\"@id\":\"https:\/\/www.belleflamme.ca\/fr\/#\/schema\/logo\/image\/\",\"url\":\"https:\/\/staging.belleflamme.ca\/wp-content\/uploads\/2023\/01\/og-image.jpg\",\"contentUrl\":\"https:\/\/staging.belleflamme.ca\/wp-content\/uploads\/2023\/01\/og-image.jpg\",\"width\":1200,\"height\":630,\"caption\":\"Groupe Belleflamme\"},\"image\":{\"@id\":\"https:\/\/www.belleflamme.ca\/fr\/#\/schema\/logo\/image\/\"},\"sameAs\":[\"https:\/\/www.facebook.com\/belleflamme.ca\/\",\"https:\/\/www.linkedin.com\/company\/belleflamme\/\",\"https:\/\/www.pinterest.ca\/groupebelleflamme\/\",\"https:\/\/www.instagram.com\/legroupebelleflamme\/\"],\"mainEntityOfPage\":{\"@id\":\"https:\/\/staging.belleflamme.ca\/fr\/produit\/foyer-encastrable-au-bois-fusion-18\/\"}}]}<\/script>\n<meta property=\"product:brand\" content=\"Supreme\" \/>\n<meta property=\"product:price:amount\" content=\"3051.00\" \/>\n<meta property=\"product:price:currency\" content=\"CAD\" \/>\n<meta property=\"og:availability\" content=\"instock\" \/>\n<meta property=\"product:availability\" content=\"instock\" \/>\n<meta property=\"product:retailer_item_id\" content=\"18FN-01\" \/>\n<meta property=\"product:condition\" content=\"new\" \/>\n<!-- \/ Yoast SEO Premium plugin. -->","yoast_head_json":{"title":"Foyer encastrable au bois Fusion 18 de Supreme - Groupe BelleFlamme","description":"Foyer encastrable au bois Fusion 18 de Supreme vendu et install\u00e9 par le Groupe Belleflamme. Laval, Montr\u00e9al, Gatineau, Drummondville et Saint-Sauveur.","robots":{"index":"index","follow":"follow","max-snippet":"max-snippet:-1","max-image-preview":"max-image-preview:large","max-video-preview":"max-video-preview:-1"},"canonical":"https:\/\/staging.belleflamme.ca\/fr\/produit\/foyer-encastrable-au-bois-fusion-18\/","og_locale":"fr_FR","og_type":"article","og_title":"Foyer encastrable au bois Fusion 18 de Supreme","og_description":"Foyer encastrable au bois Fusion 18 de Supreme vendu et install\u00e9 par le Groupe Belleflamme. Laval, Montr\u00e9al, Gatineau, Drummondville et Saint-Sauveur.","og_url":"https:\/\/staging.belleflamme.ca\/fr\/produit\/foyer-encastrable-au-bois-fusion-18\/","og_site_name":"Groupe BelleFlamme","article_publisher":"https:\/\/www.facebook.com\/belleflamme.ca\/","article_modified_time":"2024-11-21T16:47:24+00:00","og_image":[{"width":2560,"height":1440,"url":"https:\/\/www.belleflamme.ca\/wp-content\/uploads\/2023\/02\/fusion18-scaled.jpg","type":"image\/jpeg"}],"twitter_card":"summary_large_image","twitter_misc":{"Prix":"&#36;3,051.00","Disponibilit\u00e9":"En stock"},"schema":{"@context":"https:\/\/schema.org","@graph":[{"@type":["WebPage","ItemPage"],"@id":"https:\/\/staging.belleflamme.ca\/fr\/produit\/foyer-encastrable-au-bois-fusion-18\/","url":"https:\/\/staging.belleflamme.ca\/fr\/produit\/foyer-encastrable-au-bois-fusion-18\/","name":"Foyer encastrable au bois Fusion 18 de Supreme - Groupe BelleFlamme","isPartOf":{"@id":"https:\/\/www.belleflamme.ca\/fr\/#website"},"primaryImageOfPage":{"@id":"https:\/\/staging.belleflamme.ca\/fr\/produit\/foyer-encastrable-au-bois-fusion-18\/#primaryimage"},"image":{"@id":"https:\/\/staging.belleflamme.ca\/fr\/produit\/foyer-encastrable-au-bois-fusion-18\/#primaryimage"},"thumbnailUrl":"https:\/\/staging.belleflamme.ca\/wp-content\/uploads\/2023\/02\/fusion18-scaled.jpg","datePublished":"2023-02-07T21:01:35+00:00","dateModified":"2024-11-21T16:47:24+00:00","description":"Foyer encastrable au bois Fusion 18 de Supreme [get_meta_en_fr]","breadcrumb":{"@id":"https:\/\/staging.belleflamme.ca\/fr\/produit\/foyer-encastrable-au-bois-fusion-18\/#breadcrumb"},"inLanguage":"fr-FR","potentialAction":[{"@type":"ReadAction","target":["https:\/\/staging.belleflamme.ca\/fr\/produit\/foyer-encastrable-au-bois-fusion-18\/"]}]},{"@type":"ImageObject","inLanguage":"fr-FR","@id":"https:\/\/staging.belleflamme.ca\/fr\/produit\/foyer-encastrable-au-bois-fusion-18\/#primaryimage","url":"https:\/\/staging.belleflamme.ca\/wp-content\/uploads\/2023\/02\/fusion18-scaled.jpg","contentUrl":"https:\/\/staging.belleflamme.ca\/wp-content\/uploads\/2023\/02\/fusion18-scaled.jpg","width":2560,"height":1440,"caption":"fusion 18"},{"@type":"BreadcrumbList","@id":"https:\/\/staging.belleflamme.ca\/fr\/produit\/foyer-encastrable-au-bois-fusion-18\/#breadcrumb","itemListElement":[{"@type":"ListItem","position":1,"name":"Accueil","item":"https:\/\/www.belleflamme.ca\/fr\/"},{"@type":"ListItem","position":2,"name":"Boutique","item":"https:\/\/www.belleflamme.ca\/fr\/boutique\/"},{"@type":"ListItem","position":3,"name":"Po\u00eales &amp; Foyers","item":"https:\/\/staging.belleflamme.ca\/fr\/categories\/poeles-et-foyers\/"},{"@type":"ListItem","position":4,"name":"Po\u00eales &amp; Foyers au Bois","item":"https:\/\/staging.belleflamme.ca\/fr\/categories\/poeles-et-foyers\/poeles-et-foyers-au-bois\/"},{"@type":"ListItem","position":5,"name":"Encastrables au Bois","item":"https:\/\/staging.belleflamme.ca\/fr\/categories\/poeles-et-foyers\/poeles-et-foyers-au-bois\/encastrables-au-bois\/"},{"@type":"ListItem","position":6,"name":"Foyer encastrable au bois Fusion 18 de Supreme"}]},{"@type":"WebSite","@id":"https:\/\/www.belleflamme.ca\/fr\/#website","url":"https:\/\/www.belleflamme.ca\/fr\/","name":"Groupe Belleflamme","description":"La m\u00e9canique du b\u00e2timent dans le sang.","publisher":{"@id":"https:\/\/www.belleflamme.ca\/fr\/#organization"},"potentialAction":[{"@type":"SearchAction","target":{"@type":"EntryPoint","urlTemplate":"https:\/\/www.belleflamme.ca\/fr\/?s={search_term_string}"},"query-input":{"@type":"PropertyValueSpecification","valueRequired":true,"valueName":"search_term_string"}}],"inLanguage":"fr-FR"},{"@type":["Organization","Place"],"@id":"https:\/\/www.belleflamme.ca\/fr\/#organization","name":"Groupe Belleflamme","alternateName":"Belleflamme","url":"https:\/\/www.belleflamme.ca\/fr\/","logo":{"@type":"ImageObject","inLanguage":"fr-FR","@id":"https:\/\/www.belleflamme.ca\/fr\/#\/schema\/logo\/image\/","url":"https:\/\/staging.belleflamme.ca\/wp-content\/uploads\/2023\/01\/og-image.jpg","contentUrl":"https:\/\/staging.belleflamme.ca\/wp-content\/uploads\/2023\/01\/og-image.jpg","width":1200,"height":630,"caption":"Groupe Belleflamme"},"image":{"@id":"https:\/\/www.belleflamme.ca\/fr\/#\/schema\/logo\/image\/"},"sameAs":["https:\/\/www.facebook.com\/belleflamme.ca\/","https:\/\/www.linkedin.com\/company\/belleflamme\/","https:\/\/www.pinterest.ca\/groupebelleflamme\/","https:\/\/www.instagram.com\/legroupebelleflamme\/"],"mainEntityOfPage":{"@id":"https:\/\/staging.belleflamme.ca\/fr\/produit\/foyer-encastrable-au-bois-fusion-18\/"}}]},"product_brand":"Supreme","product_price_amount":"3051.00","product_price_currency":"CAD","og_availability":"instock","product_availability":"instock","product_retailer_item_id":"18FN-01","product_condition":"new"},"_links":{"self":[{"href":"https:\/\/staging.belleflamme.ca\/fr\/wp-json\/wp\/v2\/product\/3300","targetHints":{"allow":["GET"]}}],"collection":[{"href":"https:\/\/staging.belleflamme.ca\/fr\/wp-json\/wp\/v2\/product"}],"about":[{"href":"https:\/\/staging.belleflamme.ca\/fr\/wp-json\/wp\/v2\/types\/product"}],"version-history":[{"count":9,"href":"https:\/\/staging.belleflamme.ca\/fr\/wp-json\/wp\/v2\/product\/3300\/revisions"}],"predecessor-version":[{"id":32278,"href":"https:\/\/staging.belleflamme.ca\/fr\/wp-json\/wp\/v2\/product\/3300\/revisions\/32278"}],"wp:featuredmedia":[{"embeddable":true,"href":"https:\/\/staging.belleflamme.ca\/fr\/wp-json\/wp\/v2\/media\/3405"}],"wp:attachment":[{"href":"https:\/\/staging.belleflamme.ca\/fr\/wp-json\/wp\/v2\/media?parent=3300"}],"wp:term":[{"taxonomy":"product_brand","embeddable":true,"href":"https:\/\/staging.belleflamme.ca\/fr\/wp-json\/wp\/v2\/product_brand?post=3300"},{"taxonomy":"product_cat","embeddable":true,"href":"https:\/\/staging.belleflamme.ca\/fr\/wp-json\/wp\/v2\/product_cat?post=3300"},{"taxonomy":"product_tag","embeddable":true,"href":"https:\/\/staging.belleflamme.ca\/fr\/wp-json\/wp\/v2\/product_tag?post=3300"}],"curies":[{"name":"wp","href":"https:\/\/api.w.org\/{rel}","templated":true}]}}