{"id":3298,"date":"2023-02-07T16:01:34","date_gmt":"2023-02-07T21:01:34","guid":{"rendered":"https:\/\/www.belleflamme.ca\/product\/poele-au-bois-novo-18\/"},"modified":"2024-11-21T11:51:01","modified_gmt":"2024-11-21T16:51:01","slug":"poele-au-bois-novo-18","status":"publish","type":"product","link":"https:\/\/staging.belleflamme.ca\/fr\/produit\/poele-au-bois-novo-18\/","title":{"rendered":"Po\u00eale au bois Novo 18 de Supreme"},"content":{"rendered":"\t\t<div data-elementor-type=\"product-post\" data-elementor-id=\"3298\" class=\"elementor elementor-3298\" data-elementor-post-type=\"product\">\n\t\t\t\t\t\t<section class=\"elementor-section elementor-top-section elementor-element elementor-element-aa7573c elementor-section-boxed elementor-section-height-default elementor-section-height-default\" data-id=\"aa7573c\" data-element_type=\"section\">\n\t\t\t\t\t\t<div class=\"elementor-container elementor-column-gap-default\">\n\t\t\t\t\t<div class=\"elementor-column elementor-col-100 elementor-top-column elementor-element elementor-element-199d36a5\" data-id=\"199d36a5\" data-element_type=\"column\">\n\t\t\t<div class=\"elementor-widget-wrap elementor-element-populated\">\n\t\t\t\t\t\t<div class=\"elementor-element elementor-element-59fdc56 elementor-widget elementor-widget-text-editor\" data-id=\"59fdc56\" data-element_type=\"widget\" data-widget_type=\"text-editor.default\">\n\t\t\t\t<div class=\"elementor-widget-container\">\n\t\t\t\t\t\t\t\t\t\n<iframe width=\"560\" height=\"315\" src=\"https:\/\/www.youtube.com\/embed\/fsworoHsxwA?si=8LAed6BLbH5HiwfG\" title=\"YouTube video player\" frameborder=\"0\" allow=\"accelerometer; autoplay; clipboard-write; encrypted-media; gyroscope; picture-in-picture; web-share\" allowfullscreen><\/iframe>\nLa singularit\u00e9 du Novo\u00a018, avec ses lignes \u00e9pur\u00e9es et ses proportions harmonieuses, lui permet de s\u2019int\u00e9grer ais\u00e9ment dans tous les types de d\u00e9cors. Tr\u00e8s polyvalent, il incarne le parfait \u00e9quilibre entre allure contemporaine et fonction technique.\n\nLe po\u00eale peut \u00eatre plac\u00e9 directement sur le plancher ou \u00eatre sur\u00e9lev\u00e9 \u00e0 l\u2019aide d\u2019un podium, cr\u00e9ant ainsi un espace de rangement pour le bois qui devient un attrait en soi. Il est aussi possible de personnaliser l\u2019apparence de la chambre de combustion en optant pour la pierre \u00e0 savon ou la fonte. Les deux mat\u00e9riaux sont extr\u00eamement durables et conservent la chaleur longtemps, tout en poss\u00e9dant des qualit\u00e9s esth\u00e9tiques distinctes. Les panneaux de fonte sont r\u00e9versibles, offrant deux motifs distingu\u00e9s\u00a0: un design de briques ou de cannelures. Ceux qui pr\u00e9f\u00e8rent un grain naturel seront certainement s\u00e9duits par l\u2019aspect neutre et le chic intemporel de la pierre \u00e0 savon.\n\nLe Novo\u00a018 allie beaut\u00e9 et confort, tout en offrant un nouvel horizon pour le chauffage contemporain\n<h4 class=\"sub-heading\">CARACT\u00c9RISTIQUES EXCLUSIVES &amp; TECHNOLOGIES:<\/h4>\n<ol>\n \t<li><a href=\"https:\/\/www.supremem.com\/fr\/novo_18.php#1\" data-toggle=\"modal\" data-target=\"#1\">CONTR\u00d4LE D\u2019AIR AUTOMATIQUE BREVET\u00c9<\/a><\/li>\n \t<li><a href=\"https:\/\/www.supremem.com\/fr\/novo_18.php#2\" data-toggle=\"modal\" data-target=\"#2\">PANNEAUX EN FONTE R\u00c9VERSIBLES<\/a><\/li>\n \t<li><a href=\"https:\/\/www.supremem.com\/fr\/novo_18.php#3\" data-toggle=\"modal\" data-target=\"#3\">VENTILATEUR DE PREMI\u00c8RE QUALIT\u00c9<\/a><\/li>\n \t<li><a href=\"https:\/\/www.supremem.com\/fr\/novo_18.php#4\" data-toggle=\"modal\" data-target=\"#4\">PIERRE \u00c0 SAVON<\/a><\/li>\n \t<li><a href=\"https:\/\/www.supremem.com\/fr\/novo_18.php#5\" data-toggle=\"modal\" data-target=\"#5\">PERSONNALISATION DE LA CHAMBRE INT\u00c9RIEURE<\/a><\/li>\n \t<li><a href=\"https:\/\/www.supremem.com\/fr\/novo_18.php#6\" data-toggle=\"modal\" data-target=\"#6\">D\u00c9FLECTEUR UNIQUE \u00c0 HAUTE CAPACIT\u00c9<\/a><\/li>\n<\/ol>\n<div class=\"container-fluid container-filter container-master\">\n<div class=\"container-fluid\">\n<div class=\"container container-master\">\n<div class=\"row\">\n<div id=\"scroll_navigation\" class=\"col-lg-12 container-content\">\n<div role=\"tabpanel\">\n<div id=\"tabContent1\" class=\"tab-content container-master\">\n<div id=\"tech\" class=\"tab-pane fade active in\" role=\"tabpanel\">\n<div class=\"container-fluid container-master\">\n<div class=\"row\">\n<div class=\"col-lg-12 techspec_title\">\n<h3 class=\"orange\">NORMES ET SP\u00c9CIFICATIONS<\/h3>\n<\/div>\n<\/div>\n<div class=\"row\">\n<div class=\"col-lg-12\">\n<table class=\"table-specifications\">\n<tbody>\n<tr>\n<td><b>Superficie chauff\u00e9e:<\/b><\/td>\n<td>500 \u00e0 1 000 pieds carr\u00e9s<\/td>\n<\/tr>\n<tr>\n<td><b>Puissance calorifique totale:<\/b><\/td>\n<td>60,000 BTU<\/td>\n<\/tr>\n<tr>\n<td><b>Dur\u00e9e de combustion:<\/b><\/td>\n<td>Jusqu&#8217;\u00e0 10 heures<\/td>\n<\/tr>\n<tr>\n<td><b>Grandeur de la chambre \u00e0 combustion:<\/b><\/td>\n<td>1,8 pieds cubes<\/td>\n<\/tr>\n<tr>\n<td><b>Longeur des b\u00fbches:<\/b><\/td>\n<td>Maximum: 18&#8243; Recommand\u00e9e: 18&#8243;<\/td>\n<\/tr>\n<tr>\n<td><b>\u00c9missions:<\/b><\/td>\n<td>1,99 g\/h<\/td>\n<\/tr>\n<tr>\n<td><b>Dimensions de la vitre:<\/b><\/td>\n<td>17 1\/8&#8243; x 12&#8243;<\/td>\n<\/tr>\n<tr>\n<td><b>Chemin\u00e9e:<\/b><\/td>\n<td>6\u201d R\u00e9pond aux normes UL103 \/ ULC S629<\/td>\n<\/tr>\n<\/tbody>\n<\/table>\n<\/div>\n<\/div>\n<\/div>\n<\/div>\n<\/div>\n<\/div>\n<\/div>\n<\/div>\n<\/div>\n<\/div>\n<\/div>\n<p class=\"text-center\"><img fetchpriority=\"high\" decoding=\"async\" class=\"alignnone size-full wp-image-25681\" src=\"https:\/\/www.belleflamme.ca\/wp-content\/uploads\/2024\/01\/Novo-18ST.png\" alt=\"\" width=\"2744\" height=\"2324\" srcset=\"https:\/\/staging.belleflamme.ca\/wp-content\/uploads\/2024\/01\/Novo-18ST.png 2744w, https:\/\/staging.belleflamme.ca\/wp-content\/uploads\/2024\/01\/Novo-18ST-300x254.png 300w, https:\/\/staging.belleflamme.ca\/wp-content\/uploads\/2024\/01\/Novo-18ST-1024x867.png 1024w, https:\/\/staging.belleflamme.ca\/wp-content\/uploads\/2024\/01\/Novo-18ST-768x650.png 768w, https:\/\/staging.belleflamme.ca\/wp-content\/uploads\/2024\/01\/Novo-18ST-1536x1301.png 1536w, https:\/\/staging.belleflamme.ca\/wp-content\/uploads\/2024\/01\/Novo-18ST-2048x1735.png 2048w, https:\/\/staging.belleflamme.ca\/wp-content\/uploads\/2024\/01\/Novo-18ST-900x762.png 900w\" sizes=\"(max-width: 2744px) 100vw, 2744px\" \/><\/p>\t\t\t\t\t\t\t\t<\/div>\n\t\t\t\t<\/div>\n\t\t\t\t\t<\/div>\n\t\t<\/div>\n\t\t\t\t\t<\/div>\n\t\t<\/section>\n\t\t\t\t<section class=\"elementor-section elementor-top-section elementor-element elementor-element-772f1bc elementor-section-boxed elementor-section-height-default elementor-section-height-default\" data-id=\"772f1bc\" data-element_type=\"section\">\n\t\t\t\t\t\t<div class=\"elementor-container elementor-column-gap-default\">\n\t\t\t\t\t<div class=\"elementor-column elementor-col-100 elementor-top-column elementor-element elementor-element-1d420c3\" data-id=\"1d420c3\" data-element_type=\"column\">\n\t\t\t<div class=\"elementor-widget-wrap elementor-element-populated\">\n\t\t\t\t\t\t<div class=\"elementor-element elementor-element-1c1ddc8 elementor-tabs-view-horizontal elementor-widget elementor-widget-tabs\" data-id=\"1c1ddc8\" data-element_type=\"widget\" data-widget_type=\"tabs.default\">\n\t\t\t\t<div class=\"elementor-widget-container\">\n\t\t\t\t\t\t\t<div class=\"elementor-tabs\">\n\t\t\t<div class=\"elementor-tabs-wrapper\" role=\"tablist\" >\n\t\t\t\t\t\t\t\t\t<div id=\"elementor-tab-title-2941\" class=\"elementor-tab-title elementor-tab-desktop-title\" aria-selected=\"true\" data-tab=\"1\" role=\"tab\" tabindex=\"0\" aria-controls=\"elementor-tab-content-2941\" aria-expanded=\"false\">Fichiers<\/div>\n\t\t\t\t\t\t\t<\/div>\n\t\t\t<div class=\"elementor-tabs-content-wrapper\" role=\"tablist\" aria-orientation=\"vertical\">\n\t\t\t\t\t\t\t\t\t<div class=\"elementor-tab-title elementor-tab-mobile-title\" aria-selected=\"true\" data-tab=\"1\" role=\"tab\" tabindex=\"0\" aria-controls=\"elementor-tab-content-2941\" aria-expanded=\"false\">Fichiers<\/div>\n\t\t\t\t\t<div id=\"elementor-tab-content-2941\" class=\"elementor-tab-content elementor-clearfix\" data-tab=\"1\" role=\"tabpanel\" aria-labelledby=\"elementor-tab-title-2941\" tabindex=\"0\" hidden=\"false\"><p><i class=\"far fa-file-pdf fa-xl\" style=\"font-size: 35px;\"><\/i><a href=\"https:\/\/www.belleflamme.ca\/wp-content\/uploads\/2023\/02\/novo_brochure_2022_En_print.pdf\"> Brochure Novo<\/a><\/p><p><i class=\"far fa-file-pdf fa-xl\" style=\"font-size: 35px;\"><\/i><a href=\"https:\/\/www.belleflamme.ca\/wp-content\/uploads\/2023\/02\/NOVO_EN_OM_OCT22.pdf\"> Manuel Novo<\/a><\/p><p><i class=\"far fa-file-pdf fa-xl\" style=\"font-size: 35px;\"><\/i>\u00a0<a href=\"https:\/\/www.belleflamme.ca\/wp-content\/uploads\/2023\/02\/Novo_techsheet_EN.pdf\">Sp\u00e9cifications<\/a><\/p><\/div>\n\t\t\t\t\t\t\t<\/div>\n\t\t<\/div>\n\t\t\t\t\t\t<\/div>\n\t\t\t\t<\/div>\n\t\t\t\t\t<\/div>\n\t\t<\/div>\n\t\t\t\t\t<\/div>\n\t\t<\/section>\n\t\t\t\t<\/div>\n\t\t","protected":false},"excerpt":{"rendered":"<p>La singularit\u00e9 du Novo\u00a018, avec ses lignes \u00e9pur\u00e9es et ses proportions harmonieuses, lui permet de s\u2019int\u00e9grer ais\u00e9ment dans tous les types de d\u00e9cors. Tr\u00e8s polyvalent, il incarne le parfait \u00e9quilibre entre allure contemporaine et fonction technique. Le po\u00eale peut \u00eatre plac\u00e9 directement sur le plancher ou \u00eatre sur\u00e9lev\u00e9 \u00e0 l\u2019aide d\u2019un podium, cr\u00e9ant ainsi un [&hellip;]<\/p>\n","protected":false},"featured_media":3408,"template":"","meta":{"inline_featured_image":false},"product_brand":[224],"product_cat":[197,33,34],"product_tag":[],"class_list":{"0":"post-3298","1":"product","2":"type-product","3":"status-publish","4":"has-post-thumbnail","6":"product_brand-supreme","7":"product_cat-poele-au-bois","8":"product_cat-poeles-et-foyers","9":"product_cat-poeles-et-foyers-au-bois","11":"first","12":"instock","13":"taxable","14":"shipping-taxable","15":"purchasable","16":"product-type-simple"},"yoast_head":"<!-- This site is optimized with the Yoast SEO Premium plugin v24.2 (Yoast SEO v24.2) - https:\/\/yoast.com\/wordpress\/plugins\/seo\/ -->\n<title>Po\u00eale au bois Novo 18 de Supreme - Groupe BelleFlamme<\/title>\n<meta name=\"description\" content=\"Po\u00eale au bois Novo 18 de Supreme vendu et install\u00e9 par le Groupe Belleflamme. Laval, Montr\u00e9al, Gatineau, Drummondville et Saint-Sauveur.\" \/>\n<meta name=\"robots\" content=\"index, follow, max-snippet:-1, max-image-preview:large, max-video-preview:-1\" \/>\n<link rel=\"canonical\" href=\"https:\/\/staging.belleflamme.ca\/fr\/produit\/poele-au-bois-novo-18\/\" \/>\n<meta property=\"og:locale\" content=\"fr_FR\" \/>\n<meta property=\"og:type\" content=\"article\" \/>\n<meta property=\"og:title\" content=\"Po\u00eale au bois Novo 18 de Supreme\" \/>\n<meta property=\"og:description\" content=\"Po\u00eale au bois Novo 18 de Supreme vendu et install\u00e9 par le Groupe Belleflamme. Laval, Montr\u00e9al, Gatineau, Drummondville et Saint-Sauveur.\" \/>\n<meta property=\"og:url\" content=\"https:\/\/staging.belleflamme.ca\/fr\/produit\/poele-au-bois-novo-18\/\" \/>\n<meta property=\"og:site_name\" content=\"Groupe BelleFlamme\" \/>\n<meta property=\"article:publisher\" content=\"https:\/\/www.facebook.com\/belleflamme.ca\/\" \/>\n<meta property=\"article:modified_time\" content=\"2024-11-21T16:51:01+00:00\" \/>\n<meta property=\"og:image\" content=\"https:\/\/www.belleflamme.ca\/wp-content\/uploads\/2023\/02\/novo_18c-scaled.jpg\" \/>\n\t<meta property=\"og:image:width\" content=\"2560\" \/>\n\t<meta property=\"og:image:height\" content=\"1667\" \/>\n\t<meta property=\"og:image:type\" content=\"image\/jpeg\" \/>\n<meta name=\"twitter:card\" content=\"summary_large_image\" \/>\n<meta name=\"twitter:label1\" content=\"Prix\" \/>\n\t<meta name=\"twitter:data1\" content=\"&#036;3,500.00\" \/>\n\t<meta name=\"twitter:label2\" content=\"Disponibilit\u00e9\" \/>\n\t<meta name=\"twitter:data2\" content=\"En stock\" \/>\n<script type=\"application\/ld+json\" class=\"yoast-schema-graph\">{\"@context\":\"https:\/\/schema.org\",\"@graph\":[{\"@type\":[\"WebPage\",\"ItemPage\"],\"@id\":\"https:\/\/staging.belleflamme.ca\/fr\/produit\/poele-au-bois-novo-18\/\",\"url\":\"https:\/\/staging.belleflamme.ca\/fr\/produit\/poele-au-bois-novo-18\/\",\"name\":\"Po\u00eale au bois Novo 18 de Supreme - Groupe BelleFlamme\",\"isPartOf\":{\"@id\":\"https:\/\/www.belleflamme.ca\/fr\/#website\"},\"primaryImageOfPage\":{\"@id\":\"https:\/\/staging.belleflamme.ca\/fr\/produit\/poele-au-bois-novo-18\/#primaryimage\"},\"image\":{\"@id\":\"https:\/\/staging.belleflamme.ca\/fr\/produit\/poele-au-bois-novo-18\/#primaryimage\"},\"thumbnailUrl\":\"https:\/\/staging.belleflamme.ca\/wp-content\/uploads\/2023\/02\/novo_18c-scaled.jpg\",\"datePublished\":\"2023-02-07T21:01:34+00:00\",\"dateModified\":\"2024-11-21T16:51:01+00:00\",\"description\":\"Po\u00eale au bois Novo 18 de Supreme [get_meta_en_fr]\",\"breadcrumb\":{\"@id\":\"https:\/\/staging.belleflamme.ca\/fr\/produit\/poele-au-bois-novo-18\/#breadcrumb\"},\"inLanguage\":\"fr-FR\",\"potentialAction\":[{\"@type\":\"ReadAction\",\"target\":[\"https:\/\/staging.belleflamme.ca\/fr\/produit\/poele-au-bois-novo-18\/\"]}]},{\"@type\":\"ImageObject\",\"inLanguage\":\"fr-FR\",\"@id\":\"https:\/\/staging.belleflamme.ca\/fr\/produit\/poele-au-bois-novo-18\/#primaryimage\",\"url\":\"https:\/\/staging.belleflamme.ca\/wp-content\/uploads\/2023\/02\/novo_18c-scaled.jpg\",\"contentUrl\":\"https:\/\/staging.belleflamme.ca\/wp-content\/uploads\/2023\/02\/novo_18c-scaled.jpg\",\"width\":2560,\"height\":1667,\"caption\":\"Novo 18\"},{\"@type\":\"BreadcrumbList\",\"@id\":\"https:\/\/staging.belleflamme.ca\/fr\/produit\/poele-au-bois-novo-18\/#breadcrumb\",\"itemListElement\":[{\"@type\":\"ListItem\",\"position\":1,\"name\":\"Accueil\",\"item\":\"https:\/\/www.belleflamme.ca\/fr\/\"},{\"@type\":\"ListItem\",\"position\":2,\"name\":\"Boutique\",\"item\":\"https:\/\/www.belleflamme.ca\/fr\/boutique\/\"},{\"@type\":\"ListItem\",\"position\":3,\"name\":\"Po\u00eales &amp; Foyers\",\"item\":\"https:\/\/staging.belleflamme.ca\/fr\/categories\/poeles-et-foyers\/\"},{\"@type\":\"ListItem\",\"position\":4,\"name\":\"Po\u00eales &amp; Foyers au Bois\",\"item\":\"https:\/\/staging.belleflamme.ca\/fr\/categories\/poeles-et-foyers\/poeles-et-foyers-au-bois\/\"},{\"@type\":\"ListItem\",\"position\":5,\"name\":\"Po\u00eale au Bois\",\"item\":\"https:\/\/staging.belleflamme.ca\/fr\/categories\/poeles-et-foyers\/poeles-et-foyers-au-bois\/poele-au-bois\/\"},{\"@type\":\"ListItem\",\"position\":6,\"name\":\"Po\u00eale au bois Novo 18 de Supreme\"}]},{\"@type\":\"WebSite\",\"@id\":\"https:\/\/www.belleflamme.ca\/fr\/#website\",\"url\":\"https:\/\/www.belleflamme.ca\/fr\/\",\"name\":\"Groupe Belleflamme\",\"description\":\"La m\u00e9canique du b\u00e2timent dans le sang.\",\"publisher\":{\"@id\":\"https:\/\/www.belleflamme.ca\/fr\/#organization\"},\"potentialAction\":[{\"@type\":\"SearchAction\",\"target\":{\"@type\":\"EntryPoint\",\"urlTemplate\":\"https:\/\/www.belleflamme.ca\/fr\/?s={search_term_string}\"},\"query-input\":{\"@type\":\"PropertyValueSpecification\",\"valueRequired\":true,\"valueName\":\"search_term_string\"}}],\"inLanguage\":\"fr-FR\"},{\"@type\":[\"Organization\",\"Place\"],\"@id\":\"https:\/\/www.belleflamme.ca\/fr\/#organization\",\"name\":\"Groupe Belleflamme\",\"alternateName\":\"Belleflamme\",\"url\":\"https:\/\/www.belleflamme.ca\/fr\/\",\"logo\":{\"@type\":\"ImageObject\",\"inLanguage\":\"fr-FR\",\"@id\":\"https:\/\/www.belleflamme.ca\/fr\/#\/schema\/logo\/image\/\",\"url\":\"https:\/\/staging.belleflamme.ca\/wp-content\/uploads\/2023\/01\/og-image.jpg\",\"contentUrl\":\"https:\/\/staging.belleflamme.ca\/wp-content\/uploads\/2023\/01\/og-image.jpg\",\"width\":1200,\"height\":630,\"caption\":\"Groupe Belleflamme\"},\"image\":{\"@id\":\"https:\/\/www.belleflamme.ca\/fr\/#\/schema\/logo\/image\/\"},\"sameAs\":[\"https:\/\/www.facebook.com\/belleflamme.ca\/\",\"https:\/\/www.linkedin.com\/company\/belleflamme\/\",\"https:\/\/www.pinterest.ca\/groupebelleflamme\/\",\"https:\/\/www.instagram.com\/legroupebelleflamme\/\"],\"mainEntityOfPage\":{\"@id\":\"https:\/\/staging.belleflamme.ca\/fr\/produit\/poele-au-bois-novo-18\/\"}}]}<\/script>\n<meta property=\"product:brand\" content=\"Supreme\" \/>\n<meta property=\"product:price:amount\" content=\"3500.00\" \/>\n<meta property=\"product:price:currency\" content=\"CAD\" \/>\n<meta property=\"og:availability\" content=\"instock\" \/>\n<meta property=\"product:availability\" content=\"instock\" \/>\n<meta property=\"product:retailer_item_id\" content=\"18NV-11\" \/>\n<meta property=\"product:condition\" content=\"new\" \/>\n<!-- \/ Yoast SEO Premium plugin. -->","yoast_head_json":{"title":"Po\u00eale au bois Novo 18 de Supreme - Groupe BelleFlamme","description":"Po\u00eale au bois Novo 18 de Supreme vendu et install\u00e9 par le Groupe Belleflamme. Laval, Montr\u00e9al, Gatineau, Drummondville et Saint-Sauveur.","robots":{"index":"index","follow":"follow","max-snippet":"max-snippet:-1","max-image-preview":"max-image-preview:large","max-video-preview":"max-video-preview:-1"},"canonical":"https:\/\/staging.belleflamme.ca\/fr\/produit\/poele-au-bois-novo-18\/","og_locale":"fr_FR","og_type":"article","og_title":"Po\u00eale au bois Novo 18 de Supreme","og_description":"Po\u00eale au bois Novo 18 de Supreme vendu et install\u00e9 par le Groupe Belleflamme. Laval, Montr\u00e9al, Gatineau, Drummondville et Saint-Sauveur.","og_url":"https:\/\/staging.belleflamme.ca\/fr\/produit\/poele-au-bois-novo-18\/","og_site_name":"Groupe BelleFlamme","article_publisher":"https:\/\/www.facebook.com\/belleflamme.ca\/","article_modified_time":"2024-11-21T16:51:01+00:00","og_image":[{"width":2560,"height":1667,"url":"https:\/\/www.belleflamme.ca\/wp-content\/uploads\/2023\/02\/novo_18c-scaled.jpg","type":"image\/jpeg"}],"twitter_card":"summary_large_image","twitter_misc":{"Prix":"&#36;3,500.00","Disponibilit\u00e9":"En stock"},"schema":{"@context":"https:\/\/schema.org","@graph":[{"@type":["WebPage","ItemPage"],"@id":"https:\/\/staging.belleflamme.ca\/fr\/produit\/poele-au-bois-novo-18\/","url":"https:\/\/staging.belleflamme.ca\/fr\/produit\/poele-au-bois-novo-18\/","name":"Po\u00eale au bois Novo 18 de Supreme - Groupe BelleFlamme","isPartOf":{"@id":"https:\/\/www.belleflamme.ca\/fr\/#website"},"primaryImageOfPage":{"@id":"https:\/\/staging.belleflamme.ca\/fr\/produit\/poele-au-bois-novo-18\/#primaryimage"},"image":{"@id":"https:\/\/staging.belleflamme.ca\/fr\/produit\/poele-au-bois-novo-18\/#primaryimage"},"thumbnailUrl":"https:\/\/staging.belleflamme.ca\/wp-content\/uploads\/2023\/02\/novo_18c-scaled.jpg","datePublished":"2023-02-07T21:01:34+00:00","dateModified":"2024-11-21T16:51:01+00:00","description":"Po\u00eale au bois Novo 18 de Supreme [get_meta_en_fr]","breadcrumb":{"@id":"https:\/\/staging.belleflamme.ca\/fr\/produit\/poele-au-bois-novo-18\/#breadcrumb"},"inLanguage":"fr-FR","potentialAction":[{"@type":"ReadAction","target":["https:\/\/staging.belleflamme.ca\/fr\/produit\/poele-au-bois-novo-18\/"]}]},{"@type":"ImageObject","inLanguage":"fr-FR","@id":"https:\/\/staging.belleflamme.ca\/fr\/produit\/poele-au-bois-novo-18\/#primaryimage","url":"https:\/\/staging.belleflamme.ca\/wp-content\/uploads\/2023\/02\/novo_18c-scaled.jpg","contentUrl":"https:\/\/staging.belleflamme.ca\/wp-content\/uploads\/2023\/02\/novo_18c-scaled.jpg","width":2560,"height":1667,"caption":"Novo 18"},{"@type":"BreadcrumbList","@id":"https:\/\/staging.belleflamme.ca\/fr\/produit\/poele-au-bois-novo-18\/#breadcrumb","itemListElement":[{"@type":"ListItem","position":1,"name":"Accueil","item":"https:\/\/www.belleflamme.ca\/fr\/"},{"@type":"ListItem","position":2,"name":"Boutique","item":"https:\/\/www.belleflamme.ca\/fr\/boutique\/"},{"@type":"ListItem","position":3,"name":"Po\u00eales &amp; Foyers","item":"https:\/\/staging.belleflamme.ca\/fr\/categories\/poeles-et-foyers\/"},{"@type":"ListItem","position":4,"name":"Po\u00eales &amp; Foyers au Bois","item":"https:\/\/staging.belleflamme.ca\/fr\/categories\/poeles-et-foyers\/poeles-et-foyers-au-bois\/"},{"@type":"ListItem","position":5,"name":"Po\u00eale au Bois","item":"https:\/\/staging.belleflamme.ca\/fr\/categories\/poeles-et-foyers\/poeles-et-foyers-au-bois\/poele-au-bois\/"},{"@type":"ListItem","position":6,"name":"Po\u00eale au bois Novo 18 de Supreme"}]},{"@type":"WebSite","@id":"https:\/\/www.belleflamme.ca\/fr\/#website","url":"https:\/\/www.belleflamme.ca\/fr\/","name":"Groupe Belleflamme","description":"La m\u00e9canique du b\u00e2timent dans le sang.","publisher":{"@id":"https:\/\/www.belleflamme.ca\/fr\/#organization"},"potentialAction":[{"@type":"SearchAction","target":{"@type":"EntryPoint","urlTemplate":"https:\/\/www.belleflamme.ca\/fr\/?s={search_term_string}"},"query-input":{"@type":"PropertyValueSpecification","valueRequired":true,"valueName":"search_term_string"}}],"inLanguage":"fr-FR"},{"@type":["Organization","Place"],"@id":"https:\/\/www.belleflamme.ca\/fr\/#organization","name":"Groupe Belleflamme","alternateName":"Belleflamme","url":"https:\/\/www.belleflamme.ca\/fr\/","logo":{"@type":"ImageObject","inLanguage":"fr-FR","@id":"https:\/\/www.belleflamme.ca\/fr\/#\/schema\/logo\/image\/","url":"https:\/\/staging.belleflamme.ca\/wp-content\/uploads\/2023\/01\/og-image.jpg","contentUrl":"https:\/\/staging.belleflamme.ca\/wp-content\/uploads\/2023\/01\/og-image.jpg","width":1200,"height":630,"caption":"Groupe Belleflamme"},"image":{"@id":"https:\/\/www.belleflamme.ca\/fr\/#\/schema\/logo\/image\/"},"sameAs":["https:\/\/www.facebook.com\/belleflamme.ca\/","https:\/\/www.linkedin.com\/company\/belleflamme\/","https:\/\/www.pinterest.ca\/groupebelleflamme\/","https:\/\/www.instagram.com\/legroupebelleflamme\/"],"mainEntityOfPage":{"@id":"https:\/\/staging.belleflamme.ca\/fr\/produit\/poele-au-bois-novo-18\/"}}]},"product_brand":"Supreme","product_price_amount":"3500.00","product_price_currency":"CAD","og_availability":"instock","product_availability":"instock","product_retailer_item_id":"18NV-11","product_condition":"new"},"_links":{"self":[{"href":"https:\/\/staging.belleflamme.ca\/fr\/wp-json\/wp\/v2\/product\/3298","targetHints":{"allow":["GET"]}}],"collection":[{"href":"https:\/\/staging.belleflamme.ca\/fr\/wp-json\/wp\/v2\/product"}],"about":[{"href":"https:\/\/staging.belleflamme.ca\/fr\/wp-json\/wp\/v2\/types\/product"}],"version-history":[{"count":9,"href":"https:\/\/staging.belleflamme.ca\/fr\/wp-json\/wp\/v2\/product\/3298\/revisions"}],"predecessor-version":[{"id":42845,"href":"https:\/\/staging.belleflamme.ca\/fr\/wp-json\/wp\/v2\/product\/3298\/revisions\/42845"}],"wp:featuredmedia":[{"embeddable":true,"href":"https:\/\/staging.belleflamme.ca\/fr\/wp-json\/wp\/v2\/media\/3408"}],"wp:attachment":[{"href":"https:\/\/staging.belleflamme.ca\/fr\/wp-json\/wp\/v2\/media?parent=3298"}],"wp:term":[{"taxonomy":"product_brand","embeddable":true,"href":"https:\/\/staging.belleflamme.ca\/fr\/wp-json\/wp\/v2\/product_brand?post=3298"},{"taxonomy":"product_cat","embeddable":true,"href":"https:\/\/staging.belleflamme.ca\/fr\/wp-json\/wp\/v2\/product_cat?post=3298"},{"taxonomy":"product_tag","embeddable":true,"href":"https:\/\/staging.belleflamme.ca\/fr\/wp-json\/wp\/v2\/product_tag?post=3298"}],"curies":[{"name":"wp","href":"https:\/\/api.w.org\/{rel}","templated":true}]}}