{"id":3295,"date":"2023-02-07T16:01:33","date_gmt":"2023-02-07T21:01:33","guid":{"rendered":"https:\/\/www.belleflamme.ca\/product\/foyer-au-bois-apex-42\/"},"modified":"2025-07-11T11:51:38","modified_gmt":"2025-07-11T15:51:38","slug":"42-apex-nexgen-hybrid-fireplace-xtrordinair","status":"publish","type":"product","link":"https:\/\/staging.belleflamme.ca\/fr\/produit\/42-apex-nexgen-hybrid-fireplace-xtrordinair\/","title":{"rendered":"42 APEX NEXGEN-HYBRID\u2122 Fireplace Xtrordinair"},"content":{"rendered":"\t\t<div data-elementor-type=\"product-post\" data-elementor-id=\"3295\" class=\"elementor elementor-3295\" data-elementor-post-type=\"product\">\n\t\t\t\t\t\t<section class=\"elementor-section elementor-top-section elementor-element elementor-element-1500d08c elementor-section-boxed elementor-section-height-default elementor-section-height-default\" data-id=\"1500d08c\" data-element_type=\"section\">\n\t\t\t\t\t\t<div class=\"elementor-container elementor-column-gap-default\">\n\t\t\t\t\t<div class=\"elementor-column elementor-col-100 elementor-top-column elementor-element elementor-element-2fa740bf\" data-id=\"2fa740bf\" data-element_type=\"column\">\n\t\t\t<div class=\"elementor-widget-wrap elementor-element-populated\">\n\t\t\t\t\t\t<div class=\"elementor-element elementor-element-7c8d3054 elementor-widget elementor-widget-text-editor\" data-id=\"7c8d3054\" data-element_type=\"widget\" data-widget_type=\"text-editor.default\">\n\t\t\t\t<div class=\"elementor-widget-container\">\n\t\t\t\t\t\t\t\t\t<p><iframe src=\"https:\/\/player.vimeo.com\/video\/466247480?h=df1cc09457\" width=\"640\" height=\"360\" frameborder=\"0\" allowfullscreen=\"allowfullscreen\"><\/iframe><\/p><p>Le 42 Apex NexGen-Hybrid\u2122 utilise une technologie catalytique \u00e0 toute \u00e9preuve pour fournir une chaleur haute performance, efficace et propre.\u00a0Des dur\u00e9es de combustion tr\u00e8s longues et des plages de BTU tr\u00e8s \u00e9lev\u00e9es font de ces radiateurs domestiques puissants.\u00a0Exprimez votre style personnel et am\u00e9liorez votre vue spectaculaire sur le feu avec l&#8217;une des trois faces disponibles.\u00a0Disponible avec l&#8217;allumeur GreenStart\u00ae en option \u2013 Allumez votre feu en appuyant simplement sur un bouton\u00a0!<\/p><ul><li>Capacit\u00e9 de chauffage : jusqu&#8217;\u00e0 2 500 pieds carr\u00e9s<\/li><li>Dur\u00e9e de combustion maximale : jusqu&#8217;\u00e0 12 heures.<\/li><li>Longueur des b\u00fbches\u00a0: 24\u00a0po<\/li><li>Plage de BTU test\u00e9e par l&#8217;EPA\u00a0: 7\u00a0660 \u00e0 40\u00a0275<\/li><li>BTU du monde r\u00e9el \u00bb\u00a0: les tests EPA pour d\u00e9terminer la puissance en BTU sont r\u00e9alis\u00e9s avec une seule charge de bois \u00e0 chaque taux de combustion.\u00a0\u00c0 la maison, vous ajouterez probablement plus de bois \u00e0 votre po\u00eale pour maintenir le niveau de confort souhait\u00e9.\u00a0Par le simple processus consistant \u00e0 charger votre po\u00eale avec du bois suppl\u00e9mentaire, vous pourriez obtenir une puissance calorifique jusqu&#8217;\u00e0 20 % plus \u00e9lev\u00e9e que celle \u00e9tablie lors des tests EPA.<\/li><li>\u00c9missions\u00a0: 1,2\u00a0grammes\/heure.\u00a0(Bois de berceau)<\/li><li>Efficacit\u00e9 globale\u00a0:* Jusqu&#8217;\u00e0 77,2\u00a0%<\/li><li>Foyer\u00a0: 3,5 pieds cubes.<\/li><li>Zone de visualisation du verre : Verre c\u00e9ramique, 25-5\/8\u2033 L x 12-7\/8\u2033 H, 328,7 pouces carr\u00e9es<\/li><\/ul><p><em>*Efficacit\u00e9 globale test\u00e9e selon B-415.1 avec Cord Wood.\u00a0LHV = Faible Pouvoir Calorifique, HHV = Haut Pouvoir Calorifique.<\/em><\/p><p><img decoding=\"async\" src=\"https:\/\/www.fireplacex.com\/wp-content\/uploads\/42APEX_INSTALL_A.jpg\" \/><\/p><p><img decoding=\"async\" src=\"https:\/\/www.fireplacex.com\/wp-content\/uploads\/42APEX_INSTALL_B.jpg\" \/><\/p><p><img decoding=\"async\" src=\"https:\/\/www.fireplacex.com\/wp-content\/uploads\/42APEX_DIM.jpg\" \/><\/p>\t\t\t\t\t\t\t\t<\/div>\n\t\t\t\t<\/div>\n\t\t\t\t\t<\/div>\n\t\t<\/div>\n\t\t\t\t\t<\/div>\n\t\t<\/section>\n\t\t\t\t<section class=\"elementor-section elementor-top-section elementor-element elementor-element-91c8e60 elementor-section-boxed elementor-section-height-default elementor-section-height-default\" data-id=\"91c8e60\" data-element_type=\"section\">\n\t\t\t\t\t\t<div class=\"elementor-container elementor-column-gap-default\">\n\t\t\t\t\t<div class=\"elementor-column elementor-col-100 elementor-top-column elementor-element elementor-element-e9f2073\" data-id=\"e9f2073\" data-element_type=\"column\">\n\t\t\t<div class=\"elementor-widget-wrap elementor-element-populated\">\n\t\t\t\t\t\t<div class=\"elementor-element elementor-element-3def471 elementor-tabs-view-horizontal elementor-widget elementor-widget-tabs\" data-id=\"3def471\" data-element_type=\"widget\" data-widget_type=\"tabs.default\">\n\t\t\t\t<div class=\"elementor-widget-container\">\n\t\t\t\t\t\t\t<div class=\"elementor-tabs\">\n\t\t\t<div class=\"elementor-tabs-wrapper\" role=\"tablist\" >\n\t\t\t\t\t\t\t\t\t<div id=\"elementor-tab-title-6491\" class=\"elementor-tab-title elementor-tab-desktop-title\" aria-selected=\"true\" data-tab=\"1\" role=\"tab\" tabindex=\"0\" aria-controls=\"elementor-tab-content-6491\" aria-expanded=\"false\">Fichiers<\/div>\n\t\t\t\t\t\t\t<\/div>\n\t\t\t<div class=\"elementor-tabs-content-wrapper\" role=\"tablist\" aria-orientation=\"vertical\">\n\t\t\t\t\t\t\t\t\t<div class=\"elementor-tab-title elementor-tab-mobile-title\" aria-selected=\"true\" data-tab=\"1\" role=\"tab\" tabindex=\"0\" aria-controls=\"elementor-tab-content-6491\" aria-expanded=\"false\">Fichiers<\/div>\n\t\t\t\t\t<div id=\"elementor-tab-content-6491\" class=\"elementor-tab-content elementor-clearfix\" data-tab=\"1\" role=\"tabpanel\" aria-labelledby=\"elementor-tab-title-6491\" tabindex=\"0\" hidden=\"false\"><i class=\"far fa-file-pdf fa-xl\" style=\"font-size: 35px;\"><\/i><a href=\"https:\/\/www.belleflamme.ca\/wp-content\/uploads\/2023\/02\/100-01436.pdf\"> Manuel D&#8217;installation Apex 42<\/a><\/br>\n<i class=\"far fa-file-pdf fa-xl\" style=\"font-size: 35px;\"><\/i><a href=\"https:\/\/www.belleflamme.ca\/wp-content\/uploads\/2023\/02\/100-01437.pdf\"> Manuel D&#8217;operation Apex 42<\/a><\/br>\n<i class=\"far fa-file-pdf fa-xl\" style=\"font-size: 35px;\"><\/i>\u00a0<a href=\"https:\/\/www.belleflamme.ca\/wp-content\/uploads\/2023\/02\/17601955.pdf\">Aide M\u00e9moire<\/a><\/br>\n<i class=\"far fa-file-pdf fa-xl\" style=\"font-size: 35px;\"><\/i><a href=\"https:\/\/www.belleflamme.ca\/wp-content\/uploads\/2023\/02\/18100016.pdf\"> Framing Work Sheet<\/a><\/br>\n<i class=\"far fa-file-pdf fa-xl\" style=\"font-size: 35px;\"><\/i><a href=\"https:\/\/www.belleflamme.ca\/wp-content\/uploads\/2023\/11\/SPF_42ApexNG_682.pdf\"> Flyer<\/a><\/br>\n<i class=\"far fa-file-pdf fa-xl\" style=\"font-size: 35px;\"><\/i><a href=\"https:\/\/www.belleflamme.ca\/wp-content\/uploads\/2023\/11\/98800160.pdf\">Brochure<\/a><\/br><\/div>\n\t\t\t\t\t\t\t<\/div>\n\t\t<\/div>\n\t\t\t\t\t\t<\/div>\n\t\t\t\t<\/div>\n\t\t\t\t\t<\/div>\n\t\t<\/div>\n\t\t\t\t\t<\/div>\n\t\t<\/section>\n\t\t\t\t<\/div>\n\t\t","protected":false},"excerpt":{"rendered":"<p>Le 42 Apex NexGen-Hybrid\u2122 utilise une technologie catalytique \u00e0 toute \u00e9preuve pour fournir une chaleur haute performance, efficace et propre.\u00a0Des dur\u00e9es de combustion tr\u00e8s longues et des plages de BTU tr\u00e8s \u00e9lev\u00e9es font de ces radiateurs domestiques puissants.\u00a0Exprimez votre style personnel et am\u00e9liorez votre vue spectaculaire sur le feu avec l&#8217;une des trois faces disponibles.\u00a0Disponible [&hellip;]<\/p>\n","protected":false},"featured_media":3422,"template":"","meta":{"inline_featured_image":false},"product_brand":[236],"product_cat":[33,34,40],"product_tag":[],"class_list":{"0":"post-3295","1":"product","2":"type-product","3":"status-publish","4":"has-post-thumbnail","6":"product_brand-fireplaces-xtrordinair","7":"product_cat-poeles-et-foyers","8":"product_cat-poeles-et-foyers-au-bois","9":"product_cat-foyer-au-bois","11":"first","12":"instock","13":"taxable","14":"shipping-taxable","15":"purchasable","16":"product-type-simple"},"yoast_head":"<!-- This site is optimized with the Yoast SEO Premium plugin v24.2 (Yoast SEO v24.2) - https:\/\/yoast.com\/wordpress\/plugins\/seo\/ -->\n<title>42 APEX NEXGEN-HYBRID\u2122 Fireplace Xtrordinair - Groupe BelleFlamme<\/title>\n<meta name=\"description\" content=\"42 APEX NEXGEN-HYBRID\u2122 Fireplace Xtrordinair vendu et install\u00e9 par le Groupe Belleflamme. Laval, Montr\u00e9al, Gatineau, Drummondville et Saint-Sauveur.\" \/>\n<meta name=\"robots\" content=\"index, follow, max-snippet:-1, max-image-preview:large, max-video-preview:-1\" \/>\n<link rel=\"canonical\" href=\"https:\/\/staging.belleflamme.ca\/fr\/produit\/42-apex-nexgen-hybrid-fireplace-xtrordinair\/\" \/>\n<meta property=\"og:locale\" content=\"fr_FR\" \/>\n<meta property=\"og:type\" content=\"article\" \/>\n<meta property=\"og:title\" content=\"42 APEX NEXGEN-HYBRID\u2122 Fireplace Xtrordinair\" \/>\n<meta property=\"og:description\" content=\"42 APEX NEXGEN-HYBRID\u2122 Fireplace Xtrordinair vendu et install\u00e9 par le Groupe Belleflamme. Laval, Montr\u00e9al, Gatineau, Drummondville et Saint-Sauveur.\" \/>\n<meta property=\"og:url\" content=\"https:\/\/staging.belleflamme.ca\/fr\/produit\/42-apex-nexgen-hybrid-fireplace-xtrordinair\/\" \/>\n<meta property=\"og:site_name\" content=\"Groupe BelleFlamme\" \/>\n<meta property=\"article:publisher\" content=\"https:\/\/www.facebook.com\/belleflamme.ca\/\" \/>\n<meta property=\"article:modified_time\" content=\"2025-07-11T15:51:38+00:00\" \/>\n<meta property=\"og:image\" content=\"https:\/\/staging.belleflamme.ca\/wp-content\/uploads\/2023\/02\/42Apex_Metro_1600.jpg\" \/>\n\t<meta property=\"og:image:width\" content=\"1600\" \/>\n\t<meta property=\"og:image:height\" content=\"600\" \/>\n\t<meta property=\"og:image:type\" content=\"image\/jpeg\" \/>\n<meta name=\"twitter:card\" content=\"summary_large_image\" \/>\n<meta name=\"twitter:label1\" content=\"Prix\" \/>\n\t<meta name=\"twitter:data1\" content=\"&#036;12,426.00\" \/>\n\t<meta name=\"twitter:label2\" content=\"Disponibilit\u00e9\" \/>\n\t<meta name=\"twitter:data2\" content=\"En stock\" \/>\n<script type=\"application\/ld+json\" class=\"yoast-schema-graph\">{\"@context\":\"https:\/\/schema.org\",\"@graph\":[{\"@type\":[\"WebPage\",\"ItemPage\"],\"@id\":\"https:\/\/staging.belleflamme.ca\/fr\/produit\/42-apex-nexgen-hybrid-fireplace-xtrordinair\/\",\"url\":\"https:\/\/staging.belleflamme.ca\/fr\/produit\/42-apex-nexgen-hybrid-fireplace-xtrordinair\/\",\"name\":\"42 APEX NEXGEN-HYBRID\u2122 Fireplace Xtrordinair - Groupe BelleFlamme\",\"isPartOf\":{\"@id\":\"https:\/\/www.belleflamme.ca\/fr\/#website\"},\"primaryImageOfPage\":{\"@id\":\"https:\/\/staging.belleflamme.ca\/fr\/produit\/42-apex-nexgen-hybrid-fireplace-xtrordinair\/#primaryimage\"},\"image\":{\"@id\":\"https:\/\/staging.belleflamme.ca\/fr\/produit\/42-apex-nexgen-hybrid-fireplace-xtrordinair\/#primaryimage\"},\"thumbnailUrl\":\"https:\/\/staging.belleflamme.ca\/wp-content\/uploads\/2023\/02\/42Apex_Metro_1600.jpg\",\"datePublished\":\"2023-02-07T21:01:33+00:00\",\"dateModified\":\"2025-07-11T15:51:38+00:00\",\"description\":\"42 APEX NEXGEN-HYBRID\u2122 Fireplace Xtrordinair [get_meta_en_fr]\",\"breadcrumb\":{\"@id\":\"https:\/\/staging.belleflamme.ca\/fr\/produit\/42-apex-nexgen-hybrid-fireplace-xtrordinair\/#breadcrumb\"},\"inLanguage\":\"fr-FR\",\"potentialAction\":[{\"@type\":\"ReadAction\",\"target\":[\"https:\/\/staging.belleflamme.ca\/fr\/produit\/42-apex-nexgen-hybrid-fireplace-xtrordinair\/\"]}]},{\"@type\":\"ImageObject\",\"inLanguage\":\"fr-FR\",\"@id\":\"https:\/\/staging.belleflamme.ca\/fr\/produit\/42-apex-nexgen-hybrid-fireplace-xtrordinair\/#primaryimage\",\"url\":\"https:\/\/staging.belleflamme.ca\/wp-content\/uploads\/2023\/02\/42Apex_Metro_1600.jpg\",\"contentUrl\":\"https:\/\/staging.belleflamme.ca\/wp-content\/uploads\/2023\/02\/42Apex_Metro_1600.jpg\",\"width\":1600,\"height\":600,\"caption\":\"42Apex_Metro_1600\"},{\"@type\":\"BreadcrumbList\",\"@id\":\"https:\/\/staging.belleflamme.ca\/fr\/produit\/42-apex-nexgen-hybrid-fireplace-xtrordinair\/#breadcrumb\",\"itemListElement\":[{\"@type\":\"ListItem\",\"position\":1,\"name\":\"Accueil\",\"item\":\"https:\/\/www.belleflamme.ca\/fr\/\"},{\"@type\":\"ListItem\",\"position\":2,\"name\":\"Boutique\",\"item\":\"https:\/\/www.belleflamme.ca\/fr\/boutique\/\"},{\"@type\":\"ListItem\",\"position\":3,\"name\":\"Po\u00eales &amp; Foyers\",\"item\":\"https:\/\/staging.belleflamme.ca\/fr\/categories\/poeles-et-foyers\/\"},{\"@type\":\"ListItem\",\"position\":4,\"name\":\"Po\u00eales &amp; Foyers au Bois\",\"item\":\"https:\/\/staging.belleflamme.ca\/fr\/categories\/poeles-et-foyers\/poeles-et-foyers-au-bois\/\"},{\"@type\":\"ListItem\",\"position\":5,\"name\":\"Foyer au Bois\",\"item\":\"https:\/\/staging.belleflamme.ca\/fr\/categories\/poeles-et-foyers\/poeles-et-foyers-au-bois\/foyer-au-bois\/\"},{\"@type\":\"ListItem\",\"position\":6,\"name\":\"42 APEX NEXGEN-HYBRID\u2122 Fireplace Xtrordinair\"}]},{\"@type\":\"WebSite\",\"@id\":\"https:\/\/www.belleflamme.ca\/fr\/#website\",\"url\":\"https:\/\/www.belleflamme.ca\/fr\/\",\"name\":\"Groupe Belleflamme\",\"description\":\"La m\u00e9canique du b\u00e2timent dans le sang.\",\"publisher\":{\"@id\":\"https:\/\/www.belleflamme.ca\/fr\/#organization\"},\"potentialAction\":[{\"@type\":\"SearchAction\",\"target\":{\"@type\":\"EntryPoint\",\"urlTemplate\":\"https:\/\/www.belleflamme.ca\/fr\/?s={search_term_string}\"},\"query-input\":{\"@type\":\"PropertyValueSpecification\",\"valueRequired\":true,\"valueName\":\"search_term_string\"}}],\"inLanguage\":\"fr-FR\"},{\"@type\":[\"Organization\",\"Place\"],\"@id\":\"https:\/\/www.belleflamme.ca\/fr\/#organization\",\"name\":\"Groupe Belleflamme\",\"alternateName\":\"Belleflamme\",\"url\":\"https:\/\/www.belleflamme.ca\/fr\/\",\"logo\":{\"@type\":\"ImageObject\",\"inLanguage\":\"fr-FR\",\"@id\":\"https:\/\/www.belleflamme.ca\/fr\/#\/schema\/logo\/image\/\",\"url\":\"https:\/\/staging.belleflamme.ca\/wp-content\/uploads\/2023\/01\/og-image.jpg\",\"contentUrl\":\"https:\/\/staging.belleflamme.ca\/wp-content\/uploads\/2023\/01\/og-image.jpg\",\"width\":1200,\"height\":630,\"caption\":\"Groupe Belleflamme\"},\"image\":{\"@id\":\"https:\/\/www.belleflamme.ca\/fr\/#\/schema\/logo\/image\/\"},\"sameAs\":[\"https:\/\/www.facebook.com\/belleflamme.ca\/\",\"https:\/\/www.linkedin.com\/company\/belleflamme\/\",\"https:\/\/www.pinterest.ca\/groupebelleflamme\/\",\"https:\/\/www.instagram.com\/legroupebelleflamme\/\"],\"mainEntityOfPage\":{\"@id\":\"https:\/\/staging.belleflamme.ca\/fr\/produit\/42-apex-nexgen-hybrid-fireplace-xtrordinair\/\"}}]}<\/script>\n<meta property=\"product:brand\" content=\"Fireplaces Xtrordinair\" \/>\n<meta property=\"product:price:amount\" content=\"12426.00\" \/>\n<meta property=\"product:price:currency\" content=\"CAD\" \/>\n<meta property=\"og:availability\" content=\"instock\" \/>\n<meta property=\"product:availability\" content=\"instock\" \/>\n<meta property=\"product:retailer_item_id\" content=\"98500115\" \/>\n<meta property=\"product:condition\" content=\"new\" \/>\n<!-- \/ Yoast SEO Premium plugin. -->","yoast_head_json":{"title":"42 APEX NEXGEN-HYBRID\u2122 Fireplace Xtrordinair - Groupe BelleFlamme","description":"42 APEX NEXGEN-HYBRID\u2122 Fireplace Xtrordinair vendu et install\u00e9 par le Groupe Belleflamme. Laval, Montr\u00e9al, Gatineau, Drummondville et Saint-Sauveur.","robots":{"index":"index","follow":"follow","max-snippet":"max-snippet:-1","max-image-preview":"max-image-preview:large","max-video-preview":"max-video-preview:-1"},"canonical":"https:\/\/staging.belleflamme.ca\/fr\/produit\/42-apex-nexgen-hybrid-fireplace-xtrordinair\/","og_locale":"fr_FR","og_type":"article","og_title":"42 APEX NEXGEN-HYBRID\u2122 Fireplace Xtrordinair","og_description":"42 APEX NEXGEN-HYBRID\u2122 Fireplace Xtrordinair vendu et install\u00e9 par le Groupe Belleflamme. Laval, Montr\u00e9al, Gatineau, Drummondville et Saint-Sauveur.","og_url":"https:\/\/staging.belleflamme.ca\/fr\/produit\/42-apex-nexgen-hybrid-fireplace-xtrordinair\/","og_site_name":"Groupe BelleFlamme","article_publisher":"https:\/\/www.facebook.com\/belleflamme.ca\/","article_modified_time":"2025-07-11T15:51:38+00:00","og_image":[{"width":1600,"height":600,"url":"https:\/\/staging.belleflamme.ca\/wp-content\/uploads\/2023\/02\/42Apex_Metro_1600.jpg","type":"image\/jpeg"}],"twitter_card":"summary_large_image","twitter_misc":{"Prix":"&#36;12,426.00","Disponibilit\u00e9":"En stock"},"schema":{"@context":"https:\/\/schema.org","@graph":[{"@type":["WebPage","ItemPage"],"@id":"https:\/\/staging.belleflamme.ca\/fr\/produit\/42-apex-nexgen-hybrid-fireplace-xtrordinair\/","url":"https:\/\/staging.belleflamme.ca\/fr\/produit\/42-apex-nexgen-hybrid-fireplace-xtrordinair\/","name":"42 APEX NEXGEN-HYBRID\u2122 Fireplace Xtrordinair - Groupe BelleFlamme","isPartOf":{"@id":"https:\/\/www.belleflamme.ca\/fr\/#website"},"primaryImageOfPage":{"@id":"https:\/\/staging.belleflamme.ca\/fr\/produit\/42-apex-nexgen-hybrid-fireplace-xtrordinair\/#primaryimage"},"image":{"@id":"https:\/\/staging.belleflamme.ca\/fr\/produit\/42-apex-nexgen-hybrid-fireplace-xtrordinair\/#primaryimage"},"thumbnailUrl":"https:\/\/staging.belleflamme.ca\/wp-content\/uploads\/2023\/02\/42Apex_Metro_1600.jpg","datePublished":"2023-02-07T21:01:33+00:00","dateModified":"2025-07-11T15:51:38+00:00","description":"42 APEX NEXGEN-HYBRID\u2122 Fireplace Xtrordinair [get_meta_en_fr]","breadcrumb":{"@id":"https:\/\/staging.belleflamme.ca\/fr\/produit\/42-apex-nexgen-hybrid-fireplace-xtrordinair\/#breadcrumb"},"inLanguage":"fr-FR","potentialAction":[{"@type":"ReadAction","target":["https:\/\/staging.belleflamme.ca\/fr\/produit\/42-apex-nexgen-hybrid-fireplace-xtrordinair\/"]}]},{"@type":"ImageObject","inLanguage":"fr-FR","@id":"https:\/\/staging.belleflamme.ca\/fr\/produit\/42-apex-nexgen-hybrid-fireplace-xtrordinair\/#primaryimage","url":"https:\/\/staging.belleflamme.ca\/wp-content\/uploads\/2023\/02\/42Apex_Metro_1600.jpg","contentUrl":"https:\/\/staging.belleflamme.ca\/wp-content\/uploads\/2023\/02\/42Apex_Metro_1600.jpg","width":1600,"height":600,"caption":"42Apex_Metro_1600"},{"@type":"BreadcrumbList","@id":"https:\/\/staging.belleflamme.ca\/fr\/produit\/42-apex-nexgen-hybrid-fireplace-xtrordinair\/#breadcrumb","itemListElement":[{"@type":"ListItem","position":1,"name":"Accueil","item":"https:\/\/www.belleflamme.ca\/fr\/"},{"@type":"ListItem","position":2,"name":"Boutique","item":"https:\/\/www.belleflamme.ca\/fr\/boutique\/"},{"@type":"ListItem","position":3,"name":"Po\u00eales &amp; Foyers","item":"https:\/\/staging.belleflamme.ca\/fr\/categories\/poeles-et-foyers\/"},{"@type":"ListItem","position":4,"name":"Po\u00eales &amp; Foyers au Bois","item":"https:\/\/staging.belleflamme.ca\/fr\/categories\/poeles-et-foyers\/poeles-et-foyers-au-bois\/"},{"@type":"ListItem","position":5,"name":"Foyer au Bois","item":"https:\/\/staging.belleflamme.ca\/fr\/categories\/poeles-et-foyers\/poeles-et-foyers-au-bois\/foyer-au-bois\/"},{"@type":"ListItem","position":6,"name":"42 APEX NEXGEN-HYBRID\u2122 Fireplace Xtrordinair"}]},{"@type":"WebSite","@id":"https:\/\/www.belleflamme.ca\/fr\/#website","url":"https:\/\/www.belleflamme.ca\/fr\/","name":"Groupe Belleflamme","description":"La m\u00e9canique du b\u00e2timent dans le sang.","publisher":{"@id":"https:\/\/www.belleflamme.ca\/fr\/#organization"},"potentialAction":[{"@type":"SearchAction","target":{"@type":"EntryPoint","urlTemplate":"https:\/\/www.belleflamme.ca\/fr\/?s={search_term_string}"},"query-input":{"@type":"PropertyValueSpecification","valueRequired":true,"valueName":"search_term_string"}}],"inLanguage":"fr-FR"},{"@type":["Organization","Place"],"@id":"https:\/\/www.belleflamme.ca\/fr\/#organization","name":"Groupe Belleflamme","alternateName":"Belleflamme","url":"https:\/\/www.belleflamme.ca\/fr\/","logo":{"@type":"ImageObject","inLanguage":"fr-FR","@id":"https:\/\/www.belleflamme.ca\/fr\/#\/schema\/logo\/image\/","url":"https:\/\/staging.belleflamme.ca\/wp-content\/uploads\/2023\/01\/og-image.jpg","contentUrl":"https:\/\/staging.belleflamme.ca\/wp-content\/uploads\/2023\/01\/og-image.jpg","width":1200,"height":630,"caption":"Groupe Belleflamme"},"image":{"@id":"https:\/\/www.belleflamme.ca\/fr\/#\/schema\/logo\/image\/"},"sameAs":["https:\/\/www.facebook.com\/belleflamme.ca\/","https:\/\/www.linkedin.com\/company\/belleflamme\/","https:\/\/www.pinterest.ca\/groupebelleflamme\/","https:\/\/www.instagram.com\/legroupebelleflamme\/"],"mainEntityOfPage":{"@id":"https:\/\/staging.belleflamme.ca\/fr\/produit\/42-apex-nexgen-hybrid-fireplace-xtrordinair\/"}}]},"product_brand":"Fireplaces Xtrordinair","product_price_amount":"12426.00","product_price_currency":"CAD","og_availability":"instock","product_availability":"instock","product_retailer_item_id":"98500115","product_condition":"new"},"_links":{"self":[{"href":"https:\/\/staging.belleflamme.ca\/fr\/wp-json\/wp\/v2\/product\/3295","targetHints":{"allow":["GET"]}}],"collection":[{"href":"https:\/\/staging.belleflamme.ca\/fr\/wp-json\/wp\/v2\/product"}],"about":[{"href":"https:\/\/staging.belleflamme.ca\/fr\/wp-json\/wp\/v2\/types\/product"}],"version-history":[{"count":17,"href":"https:\/\/staging.belleflamme.ca\/fr\/wp-json\/wp\/v2\/product\/3295\/revisions"}],"predecessor-version":[{"id":43307,"href":"https:\/\/staging.belleflamme.ca\/fr\/wp-json\/wp\/v2\/product\/3295\/revisions\/43307"}],"wp:featuredmedia":[{"embeddable":true,"href":"https:\/\/staging.belleflamme.ca\/fr\/wp-json\/wp\/v2\/media\/3422"}],"wp:attachment":[{"href":"https:\/\/staging.belleflamme.ca\/fr\/wp-json\/wp\/v2\/media?parent=3295"}],"wp:term":[{"taxonomy":"product_brand","embeddable":true,"href":"https:\/\/staging.belleflamme.ca\/fr\/wp-json\/wp\/v2\/product_brand?post=3295"},{"taxonomy":"product_cat","embeddable":true,"href":"https:\/\/staging.belleflamme.ca\/fr\/wp-json\/wp\/v2\/product_cat?post=3295"},{"taxonomy":"product_tag","embeddable":true,"href":"https:\/\/staging.belleflamme.ca\/fr\/wp-json\/wp\/v2\/product_tag?post=3295"}],"curies":[{"name":"wp","href":"https:\/\/api.w.org\/{rel}","templated":true}]}}