{"id":3281,"date":"2023-02-07T16:01:24","date_gmt":"2023-02-07T21:01:24","guid":{"rendered":"https:\/\/www.belleflamme.ca\/product\/foyer-au-gaz-c34-2\/"},"modified":"2025-05-05T14:53:03","modified_gmt":"2025-05-05T18:53:03","slug":"foyer-au-gaz-c34-2","status":"publish","type":"product","link":"https:\/\/staging.belleflamme.ca\/fr\/produit\/foyer-au-gaz-c34-2\/","title":{"rendered":"Foyer Int\u00e9rieur\/ Ext\u00e9rieur au gaz C34 par Enviro"},"content":{"rendered":"\t\t<div data-elementor-type=\"product-post\" data-elementor-id=\"3281\" class=\"elementor elementor-3281\" data-elementor-post-type=\"product\">\n\t\t\t\t\t\t<section class=\"elementor-section elementor-top-section elementor-element elementor-element-1f5e6102 elementor-section-boxed elementor-section-height-default elementor-section-height-default\" data-id=\"1f5e6102\" data-element_type=\"section\">\n\t\t\t\t\t\t<div class=\"elementor-container elementor-column-gap-default\">\n\t\t\t\t\t<div class=\"elementor-column elementor-col-100 elementor-top-column elementor-element elementor-element-32873b4d\" data-id=\"32873b4d\" data-element_type=\"column\">\n\t\t\t<div class=\"elementor-widget-wrap elementor-element-populated\">\n\t\t\t\t\t\t<div class=\"elementor-element elementor-element-75927dcd elementor-widget elementor-widget-text-editor\" data-id=\"75927dcd\" data-element_type=\"widget\" data-widget_type=\"text-editor.default\">\n\t\t\t\t<div class=\"elementor-widget-container\">\n\t\t\t\t\t\t\t\t\t<p><iframe title=\"YouTube video player\" src=\"https:\/\/www.youtube.com\/embed\/nAbcfMozhWU?si=x7rTa6MOjwviX5Yd\" width=\"560\" height=\"315\" frameborder=\"0\" allowfullscreen=\"allowfullscreen\"><\/iframe><\/p><p>Le C34 est le plus petit foyer lin\u00e9aire de la S\u00e9rie C de Enviro. Ce qui diff\u00e9rencie ce foyer de la concurrence est qu\u2019il est enti\u00e8rement personnalisable pour l\u2019agencer \u00e0 une multitude de d\u00e9cors. Que vous choisissez des b\u00fbches ou du verre, il saura apporter chaleur et distinction \u00e0 votre d\u00e9cor. De plus, vous pouvez utiliser l\u2019option de sortie de chaleur permettant de r\u00e9duire la chaleur du mur au dessus du foyer pour pr\u00e9server l\u2019\u0153uvre ou t\u00e9l\u00e9viseur plac\u00e9 en haut du foyer.<\/p><div class=\"prodInfo1\"><div class=\"subTitle\">Caract\u00e9ristiques<\/div><ul class=\"featureList\"><li class=\"featureList\">Design lin\u00e9aire pour un effet saisissant.<\/li><li class=\"featureList\">Personnalisable avec un choix de kits de supports de rev\u00eatement et de br\u00fbleur.<\/li><li class=\"featureList\">\u00c9cran de s\u00e9curit\u00e9 Clear View inclus.<\/li><\/ul><\/div><div class=\"prodInfo2\"><div class=\"subTitle\">Possibilit\u00e9s<\/div><ul class=\"featureList\"><li class=\"featureList\">Bordure View en<br \/>nickel noir |\u00a0Gris enduit de poudre<br \/>40,75&#8243; L x 21,45&#8243; H<\/li><li class=\"featureList\">Contour mince<br \/>39,4&#8243; L x 20&#8243; H<\/li><li class=\"featureList\">Doublures disponibles\u00a0:<br \/>\u00e9maill\u00e9 noir |\u00a0Ledgestone cannel\u00e9<br \/>|\u00a0Acier (inclus)<\/li><li class=\"featureList\">M\u00e9dia en verre noir<\/li><li class=\"featureList\">Base de lunette avec vermiculite<\/li><li class=\"featureList\">Kit d&#8217;\u00e9clairage halog\u00e8ne avec support en verre transparent et plateau de br\u00fbleur perfor\u00e9<\/li><li class=\"featureList\">Ensemble de b\u00fbches de bois flott\u00e9 ultra haute d\u00e9finition<\/li><li class=\"featureList\">Ensemble River Rock avec brindilles<\/li><li class=\"featureList\">Syst\u00e8me de surface fra\u00eeche en option,<br \/>ventilation avant ou lat\u00e9rale<\/li><li class=\"featureList\">Kit de double ventilateur en option (220 CFM combin\u00e9s)<\/li><li class=\"featureList\">Colliers adaptateurs pour \u00e9vent flexible<\/li><li class=\"featureList\">Kit de ventilation forc\u00e9e horizontale (10-110 pieds)<\/li><\/ul><\/div><div class=\"prodInfo3\"><div class=\"subTitle\">Caract\u00e9ristiques<\/div><div class=\"prodSpecsLeft\">Zone de chauffage<\/div><div class=\"prodSpecsRight\">1 100 pi\u00b2<\/div><div class=\"prodSpecsLeft\">BTU d&#8217;entr\u00e9e maximum(NG)<\/div><div class=\"prodSpecsRight\">30 000<\/div><div class=\"prodSpecsLeft\">BTU de sortie minimum<\/div><div class=\"prodSpecsRight\">15 000<\/div><div class=\"prodSpecsLeft\">Efficacit\u00e9 P4<\/div><div class=\"prodSpecsRight\">64,6%<\/div><div class=\"prodSpecsLeft\">Verre visible<\/div><div class=\"prodSpecsRight\">32&#8243; l x 11<sup>3<\/sup>\u2044<sub>8<\/sub>&#8220;H<\/div><div class=\"prodSpecsLeft\">Ventilateur \u00e0 convection<\/div><div class=\"prodSpecsRight\">Kit double ventilateur en option<\/div><div class=\"prodSpecsLeft\">Dim. de l&#8217;unit\u00e9*<\/div><div class=\"prodSpecsRight\">36&#8243; L x 17&#8243; H x 18&#8243; P<\/div><div class=\"prodSpecsLeft\">Installer les Dims*<\/div><div class=\"prodSpecsRight\">45&#8243; L x 65&#8243; H x 20&#8243; P<\/div><div>\u00a0<\/div><div>*Consultez le manuel pour les dimensions et les d\u00e9gagements d\u00e9taill\u00e9s.<br \/>Les sp\u00e9cifications peuvent varier en fonction des options s\u00e9lectionn\u00e9es.<\/div><\/div>\t\t\t\t\t\t\t\t<\/div>\n\t\t\t\t<\/div>\n\t\t\t\t\t<\/div>\n\t\t<\/div>\n\t\t\t\t\t<\/div>\n\t\t<\/section>\n\t\t\t\t<section class=\"elementor-section elementor-top-section elementor-element elementor-element-702f2db elementor-section-boxed elementor-section-height-default elementor-section-height-default\" data-id=\"702f2db\" data-element_type=\"section\">\n\t\t\t\t\t\t<div class=\"elementor-container elementor-column-gap-default\">\n\t\t\t\t\t<div class=\"elementor-column elementor-col-100 elementor-top-column elementor-element elementor-element-ef5907e\" data-id=\"ef5907e\" data-element_type=\"column\">\n\t\t\t<div class=\"elementor-widget-wrap elementor-element-populated\">\n\t\t\t\t\t\t<div class=\"elementor-element elementor-element-5ede124 elementor-tabs-view-horizontal elementor-widget elementor-widget-tabs\" data-id=\"5ede124\" data-element_type=\"widget\" data-widget_type=\"tabs.default\">\n\t\t\t\t<div class=\"elementor-widget-container\">\n\t\t\t\t\t\t\t<div class=\"elementor-tabs\">\n\t\t\t<div class=\"elementor-tabs-wrapper\" role=\"tablist\" >\n\t\t\t\t\t\t\t\t\t<div id=\"elementor-tab-title-9941\" class=\"elementor-tab-title elementor-tab-desktop-title\" aria-selected=\"true\" data-tab=\"1\" role=\"tab\" tabindex=\"0\" aria-controls=\"elementor-tab-content-9941\" aria-expanded=\"false\">Fichiers<\/div>\n\t\t\t\t\t\t\t<\/div>\n\t\t\t<div class=\"elementor-tabs-content-wrapper\" role=\"tablist\" aria-orientation=\"vertical\">\n\t\t\t\t\t\t\t\t\t<div class=\"elementor-tab-title elementor-tab-mobile-title\" aria-selected=\"true\" data-tab=\"1\" role=\"tab\" tabindex=\"0\" aria-controls=\"elementor-tab-content-9941\" aria-expanded=\"false\">Fichiers<\/div>\n\t\t\t\t\t<div id=\"elementor-tab-content-9941\" class=\"elementor-tab-content elementor-clearfix\" data-tab=\"1\" role=\"tabpanel\" aria-labelledby=\"elementor-tab-title-9941\" tabindex=\"0\" hidden=\"false\"><i class=\"far fa-file-pdf fa-xl\" style=\"font-size:35px\"><\/i><a href=\"https:\/\/www.belleflamme.ca\/wp-content\/uploads\/2025\/01\/Enviro-C-Series-Brochure-1.pdf\"> Brochure<\/a><\/br>\n<i class=\"far fa-file-pdf fa-xl\" style=\"font-size:35px\"><\/i><a href=\"https:\/\/www.belleflamme.ca\/wp-content\/uploads\/2025\/01\/C-15844-Cool-Surface-System-Side-Vent-Instruction-Manual-R3-3.pdf\"> Cool Surface System Side Vent<\/a><\/br>\n<i class=\"far fa-file-pdf fa-xl\" style=\"font-size:35px\"><\/i><a href=\"https:\/\/www.belleflamme.ca\/wp-content\/uploads\/2025\/01\/C-16411-Instruction-Cool-Surface-System-Front-Vent-Instruction-Manual-R3-3.pdf\"> Cool Surface System Front Vent<\/a><\/br>\n<i class=\"far fa-file-pdf fa-xl\" style=\"font-size:35px\"><\/i><a href=\"https:\/\/www.belleflamme.ca\/wp-content\/uploads\/2025\/01\/C-16983-C34I-Manuel-du-Proprietaire-R04.pdf\"> Manuel<\/a><\/br>\n<i class=\"far fa-file-pdf fa-xl\" style=\"font-size:35px\"><\/i><a href=\"https:\/\/www.belleflamme.ca\/wp-content\/uploads\/2025\/01\/C-16871-C34-Installation-Guide-2023.pdf\"> Installation<\/a><\/br><\/div>\n\t\t\t\t\t\t\t<\/div>\n\t\t<\/div>\n\t\t\t\t\t\t<\/div>\n\t\t\t\t<\/div>\n\t\t\t\t\t<\/div>\n\t\t<\/div>\n\t\t\t\t\t<\/div>\n\t\t<\/section>\n\t\t\t\t<\/div>\n\t\t","protected":false},"excerpt":{"rendered":"<p>Le C34 est le plus petit foyer lin\u00e9aire de la S\u00e9rie C de Enviro. Ce qui diff\u00e9rencie ce foyer de la concurrence est qu\u2019il est enti\u00e8rement personnalisable pour l\u2019agencer \u00e0 une multitude de d\u00e9cors. Que vous choisissez des b\u00fbches ou du verre, il saura apporter chaleur et distinction \u00e0 votre d\u00e9cor. De plus, vous pouvez [&hellip;]<\/p>\n","protected":false},"featured_media":3460,"template":"","meta":{"inline_featured_image":false},"product_brand":[223],"product_cat":[33,35,37],"product_tag":[],"class_list":{"0":"post-3281","1":"product","2":"type-product","3":"status-publish","4":"has-post-thumbnail","6":"product_brand-enviro","7":"product_cat-poeles-et-foyers","8":"product_cat-poeles-foyer-au-gaz","9":"product_cat-foyer-au-gaz","11":"first","12":"instock","13":"taxable","14":"shipping-taxable","15":"purchasable","16":"product-type-simple"},"yoast_head":"<!-- This site is optimized with the Yoast SEO Premium plugin v24.2 (Yoast SEO v24.2) - https:\/\/yoast.com\/wordpress\/plugins\/seo\/ -->\n<title>Foyer Int\u00e9rieur\/ Ext\u00e9rieur au gaz C34 par Enviro - Groupe BelleFlamme<\/title>\n<meta name=\"description\" content=\"Foyer Int\u00e9rieur\/ Ext\u00e9rieur au gaz C34 par Enviro vendu et install\u00e9 par le Groupe Belleflamme. Laval, Montr\u00e9al, Gatineau, Drummondville et Saint-Sauveur.\" \/>\n<meta name=\"robots\" content=\"index, follow, max-snippet:-1, max-image-preview:large, max-video-preview:-1\" \/>\n<link rel=\"canonical\" href=\"https:\/\/staging.belleflamme.ca\/fr\/produit\/foyer-au-gaz-c34-2\/\" \/>\n<meta property=\"og:locale\" content=\"fr_FR\" \/>\n<meta property=\"og:type\" content=\"article\" \/>\n<meta property=\"og:title\" content=\"Foyer Int\u00e9rieur\/ Ext\u00e9rieur au gaz C34 par Enviro\" \/>\n<meta property=\"og:description\" content=\"Foyer Int\u00e9rieur\/ Ext\u00e9rieur au gaz C34 par Enviro vendu et install\u00e9 par le Groupe Belleflamme. Laval, Montr\u00e9al, Gatineau, Drummondville et Saint-Sauveur.\" \/>\n<meta property=\"og:url\" content=\"https:\/\/staging.belleflamme.ca\/fr\/produit\/foyer-au-gaz-c34-2\/\" \/>\n<meta property=\"og:site_name\" content=\"Groupe BelleFlamme\" \/>\n<meta property=\"article:publisher\" content=\"https:\/\/www.facebook.com\/belleflamme.ca\/\" \/>\n<meta property=\"article:modified_time\" content=\"2025-05-05T18:53:03+00:00\" \/>\n<meta property=\"og:image\" content=\"https:\/\/www.belleflamme.ca\/wp-content\/uploads\/2023\/02\/Enviro-C34-Linear-Fireplace-Friendly-Fires-Apsley-scaled.jpg\" \/>\n\t<meta property=\"og:image:width\" content=\"2560\" \/>\n\t<meta property=\"og:image:height\" content=\"1442\" \/>\n\t<meta property=\"og:image:type\" content=\"image\/jpeg\" \/>\n<meta name=\"twitter:card\" content=\"summary_large_image\" \/>\n<meta name=\"twitter:label1\" content=\"Prix\" \/>\n\t<meta name=\"twitter:data1\" content=\"&#036;4,385.00\" \/>\n\t<meta name=\"twitter:label2\" content=\"Disponibilit\u00e9\" \/>\n\t<meta name=\"twitter:data2\" content=\"En stock\" \/>\n<script type=\"application\/ld+json\" class=\"yoast-schema-graph\">{\"@context\":\"https:\/\/schema.org\",\"@graph\":[{\"@type\":[\"WebPage\",\"ItemPage\"],\"@id\":\"https:\/\/staging.belleflamme.ca\/fr\/produit\/foyer-au-gaz-c34-2\/\",\"url\":\"https:\/\/staging.belleflamme.ca\/fr\/produit\/foyer-au-gaz-c34-2\/\",\"name\":\"Foyer Int\u00e9rieur\/ Ext\u00e9rieur au gaz C34 par Enviro - Groupe BelleFlamme\",\"isPartOf\":{\"@id\":\"https:\/\/www.belleflamme.ca\/fr\/#website\"},\"primaryImageOfPage\":{\"@id\":\"https:\/\/staging.belleflamme.ca\/fr\/produit\/foyer-au-gaz-c34-2\/#primaryimage\"},\"image\":{\"@id\":\"https:\/\/staging.belleflamme.ca\/fr\/produit\/foyer-au-gaz-c34-2\/#primaryimage\"},\"thumbnailUrl\":\"https:\/\/staging.belleflamme.ca\/wp-content\/uploads\/2023\/02\/Enviro-C34-Linear-Fireplace-Friendly-Fires-Apsley-scaled.jpg\",\"datePublished\":\"2023-02-07T21:01:24+00:00\",\"dateModified\":\"2025-05-05T18:53:03+00:00\",\"description\":\"Foyer Int\u00e9rieur\/ Ext\u00e9rieur au gaz C34 par Enviro [get_meta_en_fr]\",\"breadcrumb\":{\"@id\":\"https:\/\/staging.belleflamme.ca\/fr\/produit\/foyer-au-gaz-c34-2\/#breadcrumb\"},\"inLanguage\":\"fr-FR\",\"potentialAction\":[{\"@type\":\"ReadAction\",\"target\":[\"https:\/\/staging.belleflamme.ca\/fr\/produit\/foyer-au-gaz-c34-2\/\"]}]},{\"@type\":\"ImageObject\",\"inLanguage\":\"fr-FR\",\"@id\":\"https:\/\/staging.belleflamme.ca\/fr\/produit\/foyer-au-gaz-c34-2\/#primaryimage\",\"url\":\"https:\/\/staging.belleflamme.ca\/wp-content\/uploads\/2023\/02\/Enviro-C34-Linear-Fireplace-Friendly-Fires-Apsley-scaled.jpg\",\"contentUrl\":\"https:\/\/staging.belleflamme.ca\/wp-content\/uploads\/2023\/02\/Enviro-C34-Linear-Fireplace-Friendly-Fires-Apsley-scaled.jpg\",\"width\":2560,\"height\":1442,\"caption\":\"Enviro-C34-Linear-Fireplace\"},{\"@type\":\"BreadcrumbList\",\"@id\":\"https:\/\/staging.belleflamme.ca\/fr\/produit\/foyer-au-gaz-c34-2\/#breadcrumb\",\"itemListElement\":[{\"@type\":\"ListItem\",\"position\":1,\"name\":\"Accueil\",\"item\":\"https:\/\/www.belleflamme.ca\/fr\/\"},{\"@type\":\"ListItem\",\"position\":2,\"name\":\"Boutique\",\"item\":\"https:\/\/www.belleflamme.ca\/fr\/boutique\/\"},{\"@type\":\"ListItem\",\"position\":3,\"name\":\"Po\u00eales &amp; Foyers\",\"item\":\"https:\/\/staging.belleflamme.ca\/fr\/categories\/poeles-et-foyers\/\"},{\"@type\":\"ListItem\",\"position\":4,\"name\":\"Po\u00eale &amp; Foyer au Gaz\",\"item\":\"https:\/\/staging.belleflamme.ca\/fr\/categories\/poeles-et-foyers\/poeles-foyer-au-gaz\/\"},{\"@type\":\"ListItem\",\"position\":5,\"name\":\"Foyer au Gaz\",\"item\":\"https:\/\/staging.belleflamme.ca\/fr\/categories\/poeles-et-foyers\/poeles-foyer-au-gaz\/foyer-au-gaz\/\"},{\"@type\":\"ListItem\",\"position\":6,\"name\":\"Foyer Int\u00e9rieur\/ Ext\u00e9rieur au gaz C34 par Enviro\"}]},{\"@type\":\"WebSite\",\"@id\":\"https:\/\/www.belleflamme.ca\/fr\/#website\",\"url\":\"https:\/\/www.belleflamme.ca\/fr\/\",\"name\":\"Groupe Belleflamme\",\"description\":\"La m\u00e9canique du b\u00e2timent dans le sang.\",\"publisher\":{\"@id\":\"https:\/\/www.belleflamme.ca\/fr\/#organization\"},\"potentialAction\":[{\"@type\":\"SearchAction\",\"target\":{\"@type\":\"EntryPoint\",\"urlTemplate\":\"https:\/\/www.belleflamme.ca\/fr\/?s={search_term_string}\"},\"query-input\":{\"@type\":\"PropertyValueSpecification\",\"valueRequired\":true,\"valueName\":\"search_term_string\"}}],\"inLanguage\":\"fr-FR\"},{\"@type\":[\"Organization\",\"Place\"],\"@id\":\"https:\/\/www.belleflamme.ca\/fr\/#organization\",\"name\":\"Groupe Belleflamme\",\"alternateName\":\"Belleflamme\",\"url\":\"https:\/\/www.belleflamme.ca\/fr\/\",\"logo\":{\"@type\":\"ImageObject\",\"inLanguage\":\"fr-FR\",\"@id\":\"https:\/\/www.belleflamme.ca\/fr\/#\/schema\/logo\/image\/\",\"url\":\"https:\/\/staging.belleflamme.ca\/wp-content\/uploads\/2023\/01\/og-image.jpg\",\"contentUrl\":\"https:\/\/staging.belleflamme.ca\/wp-content\/uploads\/2023\/01\/og-image.jpg\",\"width\":1200,\"height\":630,\"caption\":\"Groupe Belleflamme\"},\"image\":{\"@id\":\"https:\/\/www.belleflamme.ca\/fr\/#\/schema\/logo\/image\/\"},\"sameAs\":[\"https:\/\/www.facebook.com\/belleflamme.ca\/\",\"https:\/\/www.linkedin.com\/company\/belleflamme\/\",\"https:\/\/www.pinterest.ca\/groupebelleflamme\/\",\"https:\/\/www.instagram.com\/legroupebelleflamme\/\"],\"mainEntityOfPage\":{\"@id\":\"https:\/\/staging.belleflamme.ca\/fr\/produit\/foyer-au-gaz-c34-2\/\"}}]}<\/script>\n<meta property=\"product:brand\" content=\"Enviro\" \/>\n<meta property=\"product:price:amount\" content=\"4385.00\" \/>\n<meta property=\"product:price:currency\" content=\"CAD\" \/>\n<meta property=\"og:availability\" content=\"instock\" \/>\n<meta property=\"product:availability\" content=\"instock\" \/>\n<meta property=\"product:retailer_item_id\" content=\"C34I-3\" \/>\n<meta property=\"product:condition\" content=\"new\" \/>\n<!-- \/ Yoast SEO Premium plugin. -->","yoast_head_json":{"title":"Foyer Int\u00e9rieur\/ Ext\u00e9rieur au gaz C34 par Enviro - Groupe BelleFlamme","description":"Foyer Int\u00e9rieur\/ Ext\u00e9rieur au gaz C34 par Enviro vendu et install\u00e9 par le Groupe Belleflamme. Laval, Montr\u00e9al, Gatineau, Drummondville et Saint-Sauveur.","robots":{"index":"index","follow":"follow","max-snippet":"max-snippet:-1","max-image-preview":"max-image-preview:large","max-video-preview":"max-video-preview:-1"},"canonical":"https:\/\/staging.belleflamme.ca\/fr\/produit\/foyer-au-gaz-c34-2\/","og_locale":"fr_FR","og_type":"article","og_title":"Foyer Int\u00e9rieur\/ Ext\u00e9rieur au gaz C34 par Enviro","og_description":"Foyer Int\u00e9rieur\/ Ext\u00e9rieur au gaz C34 par Enviro vendu et install\u00e9 par le Groupe Belleflamme. Laval, Montr\u00e9al, Gatineau, Drummondville et Saint-Sauveur.","og_url":"https:\/\/staging.belleflamme.ca\/fr\/produit\/foyer-au-gaz-c34-2\/","og_site_name":"Groupe BelleFlamme","article_publisher":"https:\/\/www.facebook.com\/belleflamme.ca\/","article_modified_time":"2025-05-05T18:53:03+00:00","og_image":[{"width":2560,"height":1442,"url":"https:\/\/www.belleflamme.ca\/wp-content\/uploads\/2023\/02\/Enviro-C34-Linear-Fireplace-Friendly-Fires-Apsley-scaled.jpg","type":"image\/jpeg"}],"twitter_card":"summary_large_image","twitter_misc":{"Prix":"&#36;4,385.00","Disponibilit\u00e9":"En stock"},"schema":{"@context":"https:\/\/schema.org","@graph":[{"@type":["WebPage","ItemPage"],"@id":"https:\/\/staging.belleflamme.ca\/fr\/produit\/foyer-au-gaz-c34-2\/","url":"https:\/\/staging.belleflamme.ca\/fr\/produit\/foyer-au-gaz-c34-2\/","name":"Foyer Int\u00e9rieur\/ Ext\u00e9rieur au gaz C34 par Enviro - Groupe BelleFlamme","isPartOf":{"@id":"https:\/\/www.belleflamme.ca\/fr\/#website"},"primaryImageOfPage":{"@id":"https:\/\/staging.belleflamme.ca\/fr\/produit\/foyer-au-gaz-c34-2\/#primaryimage"},"image":{"@id":"https:\/\/staging.belleflamme.ca\/fr\/produit\/foyer-au-gaz-c34-2\/#primaryimage"},"thumbnailUrl":"https:\/\/staging.belleflamme.ca\/wp-content\/uploads\/2023\/02\/Enviro-C34-Linear-Fireplace-Friendly-Fires-Apsley-scaled.jpg","datePublished":"2023-02-07T21:01:24+00:00","dateModified":"2025-05-05T18:53:03+00:00","description":"Foyer Int\u00e9rieur\/ Ext\u00e9rieur au gaz C34 par Enviro [get_meta_en_fr]","breadcrumb":{"@id":"https:\/\/staging.belleflamme.ca\/fr\/produit\/foyer-au-gaz-c34-2\/#breadcrumb"},"inLanguage":"fr-FR","potentialAction":[{"@type":"ReadAction","target":["https:\/\/staging.belleflamme.ca\/fr\/produit\/foyer-au-gaz-c34-2\/"]}]},{"@type":"ImageObject","inLanguage":"fr-FR","@id":"https:\/\/staging.belleflamme.ca\/fr\/produit\/foyer-au-gaz-c34-2\/#primaryimage","url":"https:\/\/staging.belleflamme.ca\/wp-content\/uploads\/2023\/02\/Enviro-C34-Linear-Fireplace-Friendly-Fires-Apsley-scaled.jpg","contentUrl":"https:\/\/staging.belleflamme.ca\/wp-content\/uploads\/2023\/02\/Enviro-C34-Linear-Fireplace-Friendly-Fires-Apsley-scaled.jpg","width":2560,"height":1442,"caption":"Enviro-C34-Linear-Fireplace"},{"@type":"BreadcrumbList","@id":"https:\/\/staging.belleflamme.ca\/fr\/produit\/foyer-au-gaz-c34-2\/#breadcrumb","itemListElement":[{"@type":"ListItem","position":1,"name":"Accueil","item":"https:\/\/www.belleflamme.ca\/fr\/"},{"@type":"ListItem","position":2,"name":"Boutique","item":"https:\/\/www.belleflamme.ca\/fr\/boutique\/"},{"@type":"ListItem","position":3,"name":"Po\u00eales &amp; Foyers","item":"https:\/\/staging.belleflamme.ca\/fr\/categories\/poeles-et-foyers\/"},{"@type":"ListItem","position":4,"name":"Po\u00eale &amp; Foyer au Gaz","item":"https:\/\/staging.belleflamme.ca\/fr\/categories\/poeles-et-foyers\/poeles-foyer-au-gaz\/"},{"@type":"ListItem","position":5,"name":"Foyer au Gaz","item":"https:\/\/staging.belleflamme.ca\/fr\/categories\/poeles-et-foyers\/poeles-foyer-au-gaz\/foyer-au-gaz\/"},{"@type":"ListItem","position":6,"name":"Foyer Int\u00e9rieur\/ Ext\u00e9rieur au gaz C34 par Enviro"}]},{"@type":"WebSite","@id":"https:\/\/www.belleflamme.ca\/fr\/#website","url":"https:\/\/www.belleflamme.ca\/fr\/","name":"Groupe Belleflamme","description":"La m\u00e9canique du b\u00e2timent dans le sang.","publisher":{"@id":"https:\/\/www.belleflamme.ca\/fr\/#organization"},"potentialAction":[{"@type":"SearchAction","target":{"@type":"EntryPoint","urlTemplate":"https:\/\/www.belleflamme.ca\/fr\/?s={search_term_string}"},"query-input":{"@type":"PropertyValueSpecification","valueRequired":true,"valueName":"search_term_string"}}],"inLanguage":"fr-FR"},{"@type":["Organization","Place"],"@id":"https:\/\/www.belleflamme.ca\/fr\/#organization","name":"Groupe Belleflamme","alternateName":"Belleflamme","url":"https:\/\/www.belleflamme.ca\/fr\/","logo":{"@type":"ImageObject","inLanguage":"fr-FR","@id":"https:\/\/www.belleflamme.ca\/fr\/#\/schema\/logo\/image\/","url":"https:\/\/staging.belleflamme.ca\/wp-content\/uploads\/2023\/01\/og-image.jpg","contentUrl":"https:\/\/staging.belleflamme.ca\/wp-content\/uploads\/2023\/01\/og-image.jpg","width":1200,"height":630,"caption":"Groupe Belleflamme"},"image":{"@id":"https:\/\/www.belleflamme.ca\/fr\/#\/schema\/logo\/image\/"},"sameAs":["https:\/\/www.facebook.com\/belleflamme.ca\/","https:\/\/www.linkedin.com\/company\/belleflamme\/","https:\/\/www.pinterest.ca\/groupebelleflamme\/","https:\/\/www.instagram.com\/legroupebelleflamme\/"],"mainEntityOfPage":{"@id":"https:\/\/staging.belleflamme.ca\/fr\/produit\/foyer-au-gaz-c34-2\/"}}]},"product_brand":"Enviro","product_price_amount":"4385.00","product_price_currency":"CAD","og_availability":"instock","product_availability":"instock","product_retailer_item_id":"C34I-3","product_condition":"new"},"_links":{"self":[{"href":"https:\/\/staging.belleflamme.ca\/fr\/wp-json\/wp\/v2\/product\/3281","targetHints":{"allow":["GET"]}}],"collection":[{"href":"https:\/\/staging.belleflamme.ca\/fr\/wp-json\/wp\/v2\/product"}],"about":[{"href":"https:\/\/staging.belleflamme.ca\/fr\/wp-json\/wp\/v2\/types\/product"}],"version-history":[{"count":14,"href":"https:\/\/staging.belleflamme.ca\/fr\/wp-json\/wp\/v2\/product\/3281\/revisions"}],"predecessor-version":[{"id":48943,"href":"https:\/\/staging.belleflamme.ca\/fr\/wp-json\/wp\/v2\/product\/3281\/revisions\/48943"}],"wp:featuredmedia":[{"embeddable":true,"href":"https:\/\/staging.belleflamme.ca\/fr\/wp-json\/wp\/v2\/media\/3460"}],"wp:attachment":[{"href":"https:\/\/staging.belleflamme.ca\/fr\/wp-json\/wp\/v2\/media?parent=3281"}],"wp:term":[{"taxonomy":"product_brand","embeddable":true,"href":"https:\/\/staging.belleflamme.ca\/fr\/wp-json\/wp\/v2\/product_brand?post=3281"},{"taxonomy":"product_cat","embeddable":true,"href":"https:\/\/staging.belleflamme.ca\/fr\/wp-json\/wp\/v2\/product_cat?post=3281"},{"taxonomy":"product_tag","embeddable":true,"href":"https:\/\/staging.belleflamme.ca\/fr\/wp-json\/wp\/v2\/product_tag?post=3281"}],"curies":[{"name":"wp","href":"https:\/\/api.w.org\/{rel}","templated":true}]}}