{"id":32755,"date":"2024-04-11T14:44:22","date_gmt":"2024-04-11T18:44:22","guid":{"rendered":"https:\/\/www.belleflamme.ca\/?post_type=product&#038;p=32755"},"modified":"2025-04-01T07:14:24","modified_gmt":"2025-04-01T11:14:24","slug":"foyer-electrique-en-bay-format-de-simplifire","status":"publish","type":"product","link":"https:\/\/staging.belleflamme.ca\/fr\/produit\/foyer-electrique-en-bay-format-de-simplifire\/","title":{"rendered":"Foyer \u00c9lectrique en bay Format de SimpliFire"},"content":{"rendered":"\t\t<div data-elementor-type=\"product-post\" data-elementor-id=\"32755\" class=\"elementor elementor-32755\" data-elementor-post-type=\"product\">\n\t\t\t\t\t\t<section class=\"elementor-section elementor-top-section elementor-element elementor-element-7ad8bac8 elementor-section-boxed elementor-section-height-default elementor-section-height-default\" data-id=\"7ad8bac8\" data-element_type=\"section\">\n\t\t\t\t\t\t<div class=\"elementor-container elementor-column-gap-default\">\n\t\t\t\t\t<div class=\"elementor-column elementor-col-100 elementor-top-column elementor-element elementor-element-6e80cd6c\" data-id=\"6e80cd6c\" data-element_type=\"column\">\n\t\t\t<div class=\"elementor-widget-wrap elementor-element-populated\">\n\t\t\t\t\t\t<div class=\"elementor-element elementor-element-0f232e4 elementor-widget elementor-widget-video\" data-id=\"0f232e4\" data-element_type=\"widget\" data-settings=\"{&quot;video_type&quot;:&quot;hosted&quot;,&quot;controls&quot;:&quot;yes&quot;}\" data-widget_type=\"video.default\">\n\t\t\t\t<div class=\"elementor-widget-container\">\n\t\t\t\t\t\t\t<div class=\"e-hosted-video elementor-wrapper elementor-open-inline\">\n\t\t\t\t\t<video class=\"elementor-video\" src=\"https:\/\/www.belleflamme.ca\/wp-content\/uploads\/2024\/04\/Foyer-Electrique-en-bay-Format-de-SimpliFire.mp4\" controls=\"\" preload=\"metadata\" controlsList=\"nodownload\"><\/video>\n\t\t\t\t<\/div>\n\t\t\t\t\t\t<\/div>\n\t\t\t\t<\/div>\n\t\t\t\t<div class=\"elementor-element elementor-element-456db933 elementor-widget elementor-widget-text-editor\" data-id=\"456db933\" data-element_type=\"widget\" data-widget_type=\"text-editor.default\">\n\t\t\t\t<div class=\"elementor-widget-container\">\n\t\t\t\t\t\t\t\t\t<h2 class=\"h200\">Design minimaliste, grande pr\u00e9sence<\/h2>\r\nAvec son manteau flottant, le foyer \u00e9lectrique mural SimpliFire Format offre une grande ambiance mais peu de tracas avec la possibilit\u00e9 de l&#8217;accrocher au mur.\r\n<div class=\"productFeatureListHeader\">\r\n<h2 class=\"h200\">Caract\u00e9ristiques<\/h2>\r\n<\/div>\r\n<div class=\"features\">\r\n<div class=\"featureItem\">\r\n<div class=\"featureDescription\">\r\n<h3 class=\"h600\">MONTAGE MURAL<\/h3>\r\nFacilite une installation rapide et facile avec un simple kit de montage mural pour un placement facile.\r\n\r\n<\/div>\r\n<\/div>\r\n<div class=\"featureItem\">\r\n<div class=\"featureDescription\">\r\n<h3 class=\"h600\">T\u00c9L\u00c9COMMANDE MULTIFONCTION<\/h3>\r\nThermostat, \u00e9clairage, commande marche\/arr\u00eat \u00e0 port\u00e9e de main.\r\n\r\n<\/div>\r\n<\/div>\r\n<div class=\"featureItem\">\r\n<div class=\"featureDescription\">\r\n<h3 class=\"h600\">COULEURS DE FLAMME ET DE BRAISE<\/h3>\r\nPersonnalisez chaque exp\u00e9rience au coin du feu avec quatre choix de couleurs de flammes et 13 lits de braises.\r\n\r\n<\/div>\r\n<\/div>\r\n<div class=\"featureItem\">\r\n<div class=\"featureDescription\">\r\n<h3 class=\"h600\">CHALEUR R\u00c9GLABLE<\/h3>\r\nA d\u00e9guster toute l&#8217;ann\u00e9e avec ou sans chauffage.\r\n\r\n<\/div>\r\n<\/div>\r\n<div class=\"featureItem\">\r\n<div class=\"featureDescription\">\r\n<h3 class=\"h600\">\u00c9CLAIRAGE D&#8217;ACCENTUATION MULTICOLORE<\/h3>\r\nCr\u00e9ez votre propre atmosph\u00e8re unique avec un magnifique \u00e9clairage vers le bas sur la chemin\u00e9e.\r\n<div class=\"optionCategory\" data-gtm=\"Floating Mantels\">\r\n<div class=\"categoryName\">Manteaux flottants<\/div>\r\n<div class=\"navButtonIcon white\"><img decoding=\"async\" src=\"https:\/\/www.simplifire.com\/-\/media\/hht-images\/icons\/navigation\/icon-carret-down-black.svg?rev=81e151e93a2e46a79a2181d89522a538\" alt=\"ic\u00f4ne du chariot vers le bas\" \/><\/div>\r\n<\/div>\r\n<div class=\"optionsContainer\" data-index=\"1\">\r\n<div class=\"options row col-lg-12\">\r\n<div class=\"option col-lg-3 col-md-4 col-sm-6 \" data-modalid=\"SF-FM43-WH\">\r\n<div class=\"optionImageNameContainer\">\r\n<div class=\"optionImage \"><img decoding=\"async\" src=\"https:\/\/hearthnhome.getbynder.com\/transform\/e40dc40d-d7a8-4cd4-b4cf-34f2ddea88bf\/Format-43-mantel-only?io=transform:fill,width:224\" sizes=\"(min-width: 62rem) 23vw, (min-width: 20rem) 70vw, 100vw\" srcset=\"https:\/\/hearthnhome.getbynder.com\/transform\/e40dc40d-d7a8-4cd4-b4cf-34f2ddea88bf\/Format-43-mantel-only?io=transform:fill,width:224 224w\" alt=\"\" \/><\/div>\r\n<div class=\"optionName h400\">Kit de manteau flottant 43 pouces<\/div>\r\n<\/div>\r\n<\/div>\r\n<div class=\"option col-lg-3 col-md-4 col-sm-6 \" data-modalid=\"SF-FM50-WH\">\r\n<div class=\"optionImageNameContainer\">\r\n<div class=\"optionImage \"><img decoding=\"async\" src=\"https:\/\/hearthnhome.getbynder.com\/transform\/477f7185-5980-4d22-a5db-ffaf701f6c7f\/Format-50-mantel-only?io=transform:fill,width:253\" sizes=\"(min-width: 62rem) 26vw, (min-width: 20rem) 80vw, 100vw\" srcset=\"https:\/\/hearthnhome.getbynder.com\/transform\/477f7185-5980-4d22-a5db-ffaf701f6c7f\/Format-50-mantel-only?io=transform:fill,width:253 253w\" alt=\"\" \/><\/div>\r\n<div class=\"optionName h400\">Kit de manteau flottant 50 pouces<\/div>\r\n<\/div>\r\n<\/div>\r\n<div class=\"option col-lg-3 col-md-4 col-sm-6 \" data-modalid=\"SF-FM60-WH\">\r\n<div class=\"optionImageNameContainer\">\r\n<div class=\"optionImage \"><img decoding=\"async\" src=\"https:\/\/hearthnhome.getbynder.com\/transform\/80d3536d-c422-4299-b766-02579a175165\/Format-60-mantel-only?io=transform:fill,width:275\" sizes=\"(min-width: 62rem) 28vw, (min-width: 20rem) 86vw, 100vw\" srcset=\"https:\/\/hearthnhome.getbynder.com\/transform\/80d3536d-c422-4299-b766-02579a175165\/Format-60-mantel-only?io=transform:fill,width:275 275w\" alt=\"\" \/><\/div>\r\n<div class=\"optionName h400\">Kit de manteau flottant 60 pouces<\/div>\r\n<\/div>\r\n<\/div>\r\n<\/div>\r\n<\/div>\r\n<\/div>\r\n<\/div>\r\n<\/div>\r\n&nbsp;\r\n<table class=\"table table-striped table-bordered\">\r\n<tbody>\r\n<tr>\r\n<th>Mod\u00e8le<\/th>\r\n<td>Format<\/td>\r\n<td>Format avec manteau flottant de 43 pouces<\/td>\r\n<td>Format avec manteau flottant de 50 pouces<\/td>\r\n<td>Format avec manteau flottant de 60 pouces<\/td>\r\n<\/tr>\r\n<tr>\r\n<th>Largeur de l&#8217;unit\u00e9<\/th>\r\n<td><\/td>\r\n<td>43-5\/16&#8243;<\/td>\r\n<td>50&#8243;<\/td>\r\n<td>59-7\/8&#8243;<\/td>\r\n<\/tr>\r\n<tr>\r\n<th>Profondeur de l&#8217;unit\u00e9<\/th>\r\n<td><\/td>\r\n<td>9-7\/8&#8243;<\/td>\r\n<td>9-7\/8&#8243;<\/td>\r\n<td>9-7\/8&#8243;<\/td>\r\n<\/tr>\r\n<tr>\r\n<th>Hauteur de l&#8217;unit\u00e9<\/th>\r\n<td><\/td>\r\n<td>23-5\/16&#8243;<\/td>\r\n<td>23-5\/16&#8243;<\/td>\r\n<td>23-5\/16&#8243;<\/td>\r\n<\/tr>\r\n<tr>\r\n<th>Entr\u00e9e BTU\/h<\/th>\r\n<td>5 000<\/td>\r\n<td>5 000<\/td>\r\n<td>5 000<\/td>\r\n<td>5 000<\/td>\r\n<\/tr>\r\n<tr>\r\n<th>Zone de visualisation<\/th>\r\n<td>36-1\/16&#8243; x 12-5\/8&#8243;<\/td>\r\n<td>36-1\/16&#8243; x 12-5\/8&#8243;<\/td>\r\n<td>36-1\/16&#8243; x 12-5\/8&#8243;<\/td>\r\n<td>36-1\/16&#8243; x 12-5\/8&#8243;<\/td>\r\n<\/tr>\r\n<\/tbody>\r\n<\/table>\t\t\t\t\t\t\t\t<\/div>\n\t\t\t\t<\/div>\n\t\t\t\t\t<\/div>\n\t\t<\/div>\n\t\t\t\t\t<\/div>\n\t\t<\/section>\n\t\t\t\t<section class=\"elementor-section elementor-top-section elementor-element elementor-element-9f252c7 elementor-section-boxed elementor-section-height-default elementor-section-height-default\" data-id=\"9f252c7\" data-element_type=\"section\">\n\t\t\t\t\t\t<div class=\"elementor-container elementor-column-gap-default\">\n\t\t\t\t\t<div class=\"elementor-column elementor-col-100 elementor-top-column elementor-element elementor-element-61f0e11\" data-id=\"61f0e11\" data-element_type=\"column\">\n\t\t\t<div class=\"elementor-widget-wrap elementor-element-populated\">\n\t\t\t\t\t\t<div class=\"elementor-element elementor-element-2a8023d elementor-tabs-view-horizontal elementor-widget elementor-widget-tabs\" data-id=\"2a8023d\" data-element_type=\"widget\" data-widget_type=\"tabs.default\">\n\t\t\t\t<div class=\"elementor-widget-container\">\n\t\t\t\t\t\t\t<div class=\"elementor-tabs\">\n\t\t\t<div class=\"elementor-tabs-wrapper\" role=\"tablist\" >\n\t\t\t\t\t\t\t\t\t<div id=\"elementor-tab-title-4451\" class=\"elementor-tab-title elementor-tab-desktop-title\" aria-selected=\"true\" data-tab=\"1\" role=\"tab\" tabindex=\"0\" aria-controls=\"elementor-tab-content-4451\" aria-expanded=\"false\">Fichiers<\/div>\n\t\t\t\t\t\t\t<\/div>\n\t\t\t<div class=\"elementor-tabs-content-wrapper\" role=\"tablist\" aria-orientation=\"vertical\">\n\t\t\t\t\t\t\t\t\t<div class=\"elementor-tab-title elementor-tab-mobile-title\" aria-selected=\"true\" data-tab=\"1\" role=\"tab\" tabindex=\"0\" aria-controls=\"elementor-tab-content-4451\" aria-expanded=\"false\">Fichiers<\/div>\n\t\t\t\t\t<div id=\"elementor-tab-content-4451\" class=\"elementor-tab-content elementor-clearfix\" data-tab=\"1\" role=\"tabpanel\" aria-labelledby=\"elementor-tab-title-4451\" tabindex=\"0\" hidden=\"false\"><i class=\"far fa-file-pdf fa-xl\" style=\"font-size:35px\"><\/i><a href=\"https:\/\/www.belleflamme.ca\/wp-content\/uploads\/2024\/04\/SFE-1011C_LinearFireplace_Brochure_FC-1.pdf\"> Brochure<\/a><\/br>\n<i class=\"far fa-file-pdf fa-xl\" style=\"font-size:35px\"><\/i><a href=\"https:\/\/www.belleflamme.ca\/wp-content\/uploads\/2024\/04\/2042_950_FORMAT36_Install_Manual.pdf\"> Installation<\/a><\/br>\n<i class=\"far fa-file-pdf fa-xl\" style=\"font-size:35px\"><\/i><a href=\"https:\/\/www.belleflamme.ca\/wp-content\/uploads\/2024\/04\/2542_961_FORMAT36_Service_Manual.pdf\"> Manuel d&#8217;entretien<\/a><\/br>\n<i class=\"far fa-file-pdf fa-xl\" style=\"font-size:35px\"><\/i><a href=\"https:\/\/www.belleflamme.ca\/wp-content\/uploads\/2024\/04\/2042_951_FORMAT36_Mantel_Instruction.pdf\"> Installation du Manteau<\/a><\/br>\n<i class=\"far fa-file-pdf fa-xl\" style=\"font-size:35px\"><\/i><a href=\"https:\/\/www.belleflamme.ca\/wp-content\/uploads\/2024\/04\/2042_950FC_SF-FORMAT36_ELECTRIC_INSTALL.pdf\"> Manuel<\/a><\/br>\n<i class=\"far fa-file-pdf fa-xl\" style=\"font-size:35px\"><\/i><a href=\"https:\/\/www.belleflamme.ca\/wp-content\/uploads\/2024\/04\/SF-FORMAT36.pdf\"> Pi\u00e8ces<\/a><\/br>\n<i class=\"far fa-file-pdf fa-xl\" style=\"font-size:35px\"><\/i><a href=\"https:\/\/www.belleflamme.ca\/wp-content\/uploads\/2024\/04\/SF-FM50-WH_ArchitectGuide.pdf\"> Dimensions 50<\/a><\/br>\n<i class=\"far fa-file-pdf fa-xl\" style=\"font-size:35px\"><\/i><a href=\"https:\/\/www.belleflamme.ca\/wp-content\/uploads\/2024\/04\/SF-FM60-WH_ArchitectGuide.pdf\"> Dimensions 60<\/a><\/br>\n<i class=\"far fa-file-pdf fa-xl\" style=\"font-size:35px\"><\/i><a href=\"https:\/\/www.belleflamme.ca\/wp-content\/uploads\/2024\/04\/SF-FM43-WH_ArchitectGuide.pdf\"> Dimensions 43<\/a><\/br><\/div>\n\t\t\t\t\t\t\t<\/div>\n\t\t<\/div>\n\t\t\t\t\t\t<\/div>\n\t\t\t\t<\/div>\n\t\t\t\t\t<\/div>\n\t\t<\/div>\n\t\t\t\t\t<\/div>\n\t\t<\/section>\n\t\t\t\t<\/div>\n\t\t","protected":false},"excerpt":{"rendered":"<p>https:\/\/www.belleflamme.ca\/wp-content\/uploads\/2024\/04\/Foyer-Electrique-en-bay-Format-de-SimpliFire.mp4 Design minimaliste, grande pr\u00e9sence Avec son manteau flottant, le foyer \u00e9lectrique mural SimpliFire Format offre une grande ambiance mais peu de tracas avec la possibilit\u00e9 de l&#8217;accrocher au mur. Caract\u00e9ristiques MONTAGE MURAL Facilite une installation rapide et facile avec un simple kit de montage mural pour un placement facile. T\u00c9L\u00c9COMMANDE MULTIFONCTION Thermostat, \u00e9clairage, commande [&hellip;]<\/p>\n","protected":false},"featured_media":32756,"template":"","meta":{"inline_featured_image":false},"product_brand":[1295],"product_cat":[240,241,33],"product_tag":[],"class_list":{"0":"post-32755","1":"product","2":"type-product","3":"status-publish","4":"has-post-thumbnail","6":"product_brand-simplifire","7":"product_cat-foyer-electrique","8":"product_cat-poele-foyer-electrique","9":"product_cat-poeles-et-foyers","11":"first","12":"instock","13":"taxable","14":"shipping-taxable","15":"purchasable","16":"product-type-simple"},"yoast_head":"<!-- This site is optimized with the Yoast SEO Premium plugin v24.2 (Yoast SEO v24.2) - https:\/\/yoast.com\/wordpress\/plugins\/seo\/ -->\n<title>Foyer \u00c9lectrique en bay Format de SimpliFire - Groupe BelleFlamme<\/title>\n<meta name=\"description\" content=\"Foyer \u00c9lectrique en bay Format de SimpliFire vendu et install\u00e9 par le Groupe Belleflamme. Laval, Montr\u00e9al, Gatineau et Saint-Sauveur.\" \/>\n<meta name=\"robots\" content=\"index, follow, max-snippet:-1, max-image-preview:large, max-video-preview:-1\" \/>\n<link rel=\"canonical\" href=\"https:\/\/staging.belleflamme.ca\/fr\/produit\/foyer-electrique-en-bay-format-de-simplifire\/\" \/>\n<meta property=\"og:locale\" content=\"fr_FR\" \/>\n<meta property=\"og:type\" content=\"article\" \/>\n<meta property=\"og:title\" content=\"Foyer \u00c9lectrique en bay Format de SimpliFire\" \/>\n<meta property=\"og:description\" content=\"Foyer \u00c9lectrique en bay Format de SimpliFire vendu et install\u00e9 par le Groupe Belleflamme. Laval, Montr\u00e9al, Gatineau et Saint-Sauveur.\" \/>\n<meta property=\"og:url\" content=\"https:\/\/staging.belleflamme.ca\/fr\/produit\/foyer-electrique-en-bay-format-de-simplifire\/\" \/>\n<meta property=\"og:site_name\" content=\"Groupe BelleFlamme\" \/>\n<meta property=\"article:publisher\" content=\"https:\/\/www.facebook.com\/belleflamme.ca\/\" \/>\n<meta property=\"article:modified_time\" content=\"2025-04-01T11:14:24+00:00\" \/>\n<meta property=\"og:image\" content=\"https:\/\/www.belleflamme.ca\/wp-content\/uploads\/2024\/04\/Foyer-Electrique-en-bay-Format-de-SimpliFire.webp\" \/>\n\t<meta property=\"og:image:width\" content=\"2000\" \/>\n\t<meta property=\"og:image:height\" content=\"1125\" \/>\n\t<meta property=\"og:image:type\" content=\"image\/webp\" \/>\n<meta name=\"twitter:card\" content=\"summary_large_image\" \/>\n<meta name=\"twitter:label1\" content=\"Prix\" \/>\n\t<meta name=\"twitter:data1\" content=\"&#036;1,069.00\" \/>\n\t<meta name=\"twitter:label2\" content=\"Disponibilit\u00e9\" \/>\n\t<meta name=\"twitter:data2\" content=\"En stock\" \/>\n<script type=\"application\/ld+json\" class=\"yoast-schema-graph\">{\"@context\":\"https:\/\/schema.org\",\"@graph\":[{\"@type\":[\"WebPage\",\"ItemPage\"],\"@id\":\"https:\/\/staging.belleflamme.ca\/fr\/produit\/foyer-electrique-en-bay-format-de-simplifire\/\",\"url\":\"https:\/\/staging.belleflamme.ca\/fr\/produit\/foyer-electrique-en-bay-format-de-simplifire\/\",\"name\":\"Foyer \u00c9lectrique en bay Format de SimpliFire - Groupe BelleFlamme\",\"isPartOf\":{\"@id\":\"https:\/\/www.belleflamme.ca\/fr\/#website\"},\"primaryImageOfPage\":{\"@id\":\"https:\/\/staging.belleflamme.ca\/fr\/produit\/foyer-electrique-en-bay-format-de-simplifire\/#primaryimage\"},\"image\":{\"@id\":\"https:\/\/staging.belleflamme.ca\/fr\/produit\/foyer-electrique-en-bay-format-de-simplifire\/#primaryimage\"},\"thumbnailUrl\":\"https:\/\/staging.belleflamme.ca\/wp-content\/uploads\/2024\/04\/Foyer-Electrique-en-bay-Format-de-SimpliFire.webp\",\"datePublished\":\"2024-04-11T18:44:22+00:00\",\"dateModified\":\"2025-04-01T11:14:24+00:00\",\"description\":\"Foyer \u00c9lectrique en bay Format de SimpliFire vendu et install\u00e9 par le Groupe Belleflamme. Laval, Montr\u00e9al, Gatineau et Saint-Sauveur.\",\"breadcrumb\":{\"@id\":\"https:\/\/staging.belleflamme.ca\/fr\/produit\/foyer-electrique-en-bay-format-de-simplifire\/#breadcrumb\"},\"inLanguage\":\"fr-FR\",\"potentialAction\":[{\"@type\":\"ReadAction\",\"target\":[\"https:\/\/staging.belleflamme.ca\/fr\/produit\/foyer-electrique-en-bay-format-de-simplifire\/\"]}]},{\"@type\":\"ImageObject\",\"inLanguage\":\"fr-FR\",\"@id\":\"https:\/\/staging.belleflamme.ca\/fr\/produit\/foyer-electrique-en-bay-format-de-simplifire\/#primaryimage\",\"url\":\"https:\/\/staging.belleflamme.ca\/wp-content\/uploads\/2024\/04\/Foyer-Electrique-en-bay-Format-de-SimpliFire.webp\",\"contentUrl\":\"https:\/\/staging.belleflamme.ca\/wp-content\/uploads\/2024\/04\/Foyer-Electrique-en-bay-Format-de-SimpliFire.webp\",\"width\":2000,\"height\":1125,\"caption\":\"Foyer \u00c9lectrique en bay Format de SimpliFire\"},{\"@type\":\"BreadcrumbList\",\"@id\":\"https:\/\/staging.belleflamme.ca\/fr\/produit\/foyer-electrique-en-bay-format-de-simplifire\/#breadcrumb\",\"itemListElement\":[{\"@type\":\"ListItem\",\"position\":1,\"name\":\"Accueil\",\"item\":\"https:\/\/www.belleflamme.ca\/fr\/\"},{\"@type\":\"ListItem\",\"position\":2,\"name\":\"Boutique\",\"item\":\"https:\/\/www.belleflamme.ca\/fr\/boutique\/\"},{\"@type\":\"ListItem\",\"position\":3,\"name\":\"Po\u00eales &amp; Foyers\",\"item\":\"https:\/\/staging.belleflamme.ca\/fr\/categories\/poeles-et-foyers\/\"},{\"@type\":\"ListItem\",\"position\":4,\"name\":\"Po\u00eale &amp; Foyer \u00c9lectrique\",\"item\":\"https:\/\/staging.belleflamme.ca\/fr\/categories\/poeles-et-foyers\/poele-foyer-electrique\/\"},{\"@type\":\"ListItem\",\"position\":5,\"name\":\"Foyer \u00c9lectrique\",\"item\":\"https:\/\/staging.belleflamme.ca\/fr\/categories\/poeles-et-foyers\/poele-foyer-electrique\/foyer-electrique\/\"},{\"@type\":\"ListItem\",\"position\":6,\"name\":\"Foyer \u00c9lectrique en bay Format de SimpliFire\"}]},{\"@type\":\"WebSite\",\"@id\":\"https:\/\/www.belleflamme.ca\/fr\/#website\",\"url\":\"https:\/\/www.belleflamme.ca\/fr\/\",\"name\":\"Groupe Belleflamme\",\"description\":\"La m\u00e9canique du b\u00e2timent dans le sang.\",\"publisher\":{\"@id\":\"https:\/\/www.belleflamme.ca\/fr\/#organization\"},\"potentialAction\":[{\"@type\":\"SearchAction\",\"target\":{\"@type\":\"EntryPoint\",\"urlTemplate\":\"https:\/\/www.belleflamme.ca\/fr\/?s={search_term_string}\"},\"query-input\":{\"@type\":\"PropertyValueSpecification\",\"valueRequired\":true,\"valueName\":\"search_term_string\"}}],\"inLanguage\":\"fr-FR\"},{\"@type\":[\"Organization\",\"Place\"],\"@id\":\"https:\/\/www.belleflamme.ca\/fr\/#organization\",\"name\":\"Groupe Belleflamme\",\"alternateName\":\"Belleflamme\",\"url\":\"https:\/\/www.belleflamme.ca\/fr\/\",\"logo\":{\"@type\":\"ImageObject\",\"inLanguage\":\"fr-FR\",\"@id\":\"https:\/\/www.belleflamme.ca\/fr\/#\/schema\/logo\/image\/\",\"url\":\"https:\/\/staging.belleflamme.ca\/wp-content\/uploads\/2023\/01\/og-image.jpg\",\"contentUrl\":\"https:\/\/staging.belleflamme.ca\/wp-content\/uploads\/2023\/01\/og-image.jpg\",\"width\":1200,\"height\":630,\"caption\":\"Groupe Belleflamme\"},\"image\":{\"@id\":\"https:\/\/www.belleflamme.ca\/fr\/#\/schema\/logo\/image\/\"},\"sameAs\":[\"https:\/\/www.facebook.com\/belleflamme.ca\/\",\"https:\/\/www.linkedin.com\/company\/belleflamme\/\",\"https:\/\/www.pinterest.ca\/groupebelleflamme\/\",\"https:\/\/www.instagram.com\/legroupebelleflamme\/\"],\"mainEntityOfPage\":{\"@id\":\"https:\/\/staging.belleflamme.ca\/fr\/produit\/foyer-electrique-en-bay-format-de-simplifire\/\"}}]}<\/script>\n<meta property=\"product:brand\" content=\"SimpliFire\" \/>\n<meta property=\"product:price:amount\" content=\"1069.00\" \/>\n<meta property=\"product:price:currency\" content=\"CAD\" \/>\n<meta property=\"og:availability\" content=\"instock\" \/>\n<meta property=\"product:availability\" content=\"instock\" \/>\n<meta property=\"product:retailer_item_id\" content=\"SF-FORMAT36\" \/>\n<meta property=\"product:condition\" content=\"new\" \/>\n<!-- \/ Yoast SEO Premium plugin. -->","yoast_head_json":{"title":"Foyer \u00c9lectrique en bay Format de SimpliFire - Groupe BelleFlamme","description":"Foyer \u00c9lectrique en bay Format de SimpliFire vendu et install\u00e9 par le Groupe Belleflamme. Laval, Montr\u00e9al, Gatineau et Saint-Sauveur.","robots":{"index":"index","follow":"follow","max-snippet":"max-snippet:-1","max-image-preview":"max-image-preview:large","max-video-preview":"max-video-preview:-1"},"canonical":"https:\/\/staging.belleflamme.ca\/fr\/produit\/foyer-electrique-en-bay-format-de-simplifire\/","og_locale":"fr_FR","og_type":"article","og_title":"Foyer \u00c9lectrique en bay Format de SimpliFire","og_description":"Foyer \u00c9lectrique en bay Format de SimpliFire vendu et install\u00e9 par le Groupe Belleflamme. Laval, Montr\u00e9al, Gatineau et Saint-Sauveur.","og_url":"https:\/\/staging.belleflamme.ca\/fr\/produit\/foyer-electrique-en-bay-format-de-simplifire\/","og_site_name":"Groupe BelleFlamme","article_publisher":"https:\/\/www.facebook.com\/belleflamme.ca\/","article_modified_time":"2025-04-01T11:14:24+00:00","og_image":[{"width":2000,"height":1125,"url":"https:\/\/www.belleflamme.ca\/wp-content\/uploads\/2024\/04\/Foyer-Electrique-en-bay-Format-de-SimpliFire.webp","type":"image\/webp"}],"twitter_card":"summary_large_image","twitter_misc":{"Prix":"&#36;1,069.00","Disponibilit\u00e9":"En stock"},"schema":{"@context":"https:\/\/schema.org","@graph":[{"@type":["WebPage","ItemPage"],"@id":"https:\/\/staging.belleflamme.ca\/fr\/produit\/foyer-electrique-en-bay-format-de-simplifire\/","url":"https:\/\/staging.belleflamme.ca\/fr\/produit\/foyer-electrique-en-bay-format-de-simplifire\/","name":"Foyer \u00c9lectrique en bay Format de SimpliFire - Groupe BelleFlamme","isPartOf":{"@id":"https:\/\/www.belleflamme.ca\/fr\/#website"},"primaryImageOfPage":{"@id":"https:\/\/staging.belleflamme.ca\/fr\/produit\/foyer-electrique-en-bay-format-de-simplifire\/#primaryimage"},"image":{"@id":"https:\/\/staging.belleflamme.ca\/fr\/produit\/foyer-electrique-en-bay-format-de-simplifire\/#primaryimage"},"thumbnailUrl":"https:\/\/staging.belleflamme.ca\/wp-content\/uploads\/2024\/04\/Foyer-Electrique-en-bay-Format-de-SimpliFire.webp","datePublished":"2024-04-11T18:44:22+00:00","dateModified":"2025-04-01T11:14:24+00:00","description":"Foyer \u00c9lectrique en bay Format de SimpliFire vendu et install\u00e9 par le Groupe Belleflamme. Laval, Montr\u00e9al, Gatineau et Saint-Sauveur.","breadcrumb":{"@id":"https:\/\/staging.belleflamme.ca\/fr\/produit\/foyer-electrique-en-bay-format-de-simplifire\/#breadcrumb"},"inLanguage":"fr-FR","potentialAction":[{"@type":"ReadAction","target":["https:\/\/staging.belleflamme.ca\/fr\/produit\/foyer-electrique-en-bay-format-de-simplifire\/"]}]},{"@type":"ImageObject","inLanguage":"fr-FR","@id":"https:\/\/staging.belleflamme.ca\/fr\/produit\/foyer-electrique-en-bay-format-de-simplifire\/#primaryimage","url":"https:\/\/staging.belleflamme.ca\/wp-content\/uploads\/2024\/04\/Foyer-Electrique-en-bay-Format-de-SimpliFire.webp","contentUrl":"https:\/\/staging.belleflamme.ca\/wp-content\/uploads\/2024\/04\/Foyer-Electrique-en-bay-Format-de-SimpliFire.webp","width":2000,"height":1125,"caption":"Foyer \u00c9lectrique en bay Format de SimpliFire"},{"@type":"BreadcrumbList","@id":"https:\/\/staging.belleflamme.ca\/fr\/produit\/foyer-electrique-en-bay-format-de-simplifire\/#breadcrumb","itemListElement":[{"@type":"ListItem","position":1,"name":"Accueil","item":"https:\/\/www.belleflamme.ca\/fr\/"},{"@type":"ListItem","position":2,"name":"Boutique","item":"https:\/\/www.belleflamme.ca\/fr\/boutique\/"},{"@type":"ListItem","position":3,"name":"Po\u00eales &amp; Foyers","item":"https:\/\/staging.belleflamme.ca\/fr\/categories\/poeles-et-foyers\/"},{"@type":"ListItem","position":4,"name":"Po\u00eale &amp; Foyer \u00c9lectrique","item":"https:\/\/staging.belleflamme.ca\/fr\/categories\/poeles-et-foyers\/poele-foyer-electrique\/"},{"@type":"ListItem","position":5,"name":"Foyer \u00c9lectrique","item":"https:\/\/staging.belleflamme.ca\/fr\/categories\/poeles-et-foyers\/poele-foyer-electrique\/foyer-electrique\/"},{"@type":"ListItem","position":6,"name":"Foyer \u00c9lectrique en bay Format de SimpliFire"}]},{"@type":"WebSite","@id":"https:\/\/www.belleflamme.ca\/fr\/#website","url":"https:\/\/www.belleflamme.ca\/fr\/","name":"Groupe Belleflamme","description":"La m\u00e9canique du b\u00e2timent dans le sang.","publisher":{"@id":"https:\/\/www.belleflamme.ca\/fr\/#organization"},"potentialAction":[{"@type":"SearchAction","target":{"@type":"EntryPoint","urlTemplate":"https:\/\/www.belleflamme.ca\/fr\/?s={search_term_string}"},"query-input":{"@type":"PropertyValueSpecification","valueRequired":true,"valueName":"search_term_string"}}],"inLanguage":"fr-FR"},{"@type":["Organization","Place"],"@id":"https:\/\/www.belleflamme.ca\/fr\/#organization","name":"Groupe Belleflamme","alternateName":"Belleflamme","url":"https:\/\/www.belleflamme.ca\/fr\/","logo":{"@type":"ImageObject","inLanguage":"fr-FR","@id":"https:\/\/www.belleflamme.ca\/fr\/#\/schema\/logo\/image\/","url":"https:\/\/staging.belleflamme.ca\/wp-content\/uploads\/2023\/01\/og-image.jpg","contentUrl":"https:\/\/staging.belleflamme.ca\/wp-content\/uploads\/2023\/01\/og-image.jpg","width":1200,"height":630,"caption":"Groupe Belleflamme"},"image":{"@id":"https:\/\/www.belleflamme.ca\/fr\/#\/schema\/logo\/image\/"},"sameAs":["https:\/\/www.facebook.com\/belleflamme.ca\/","https:\/\/www.linkedin.com\/company\/belleflamme\/","https:\/\/www.pinterest.ca\/groupebelleflamme\/","https:\/\/www.instagram.com\/legroupebelleflamme\/"],"mainEntityOfPage":{"@id":"https:\/\/staging.belleflamme.ca\/fr\/produit\/foyer-electrique-en-bay-format-de-simplifire\/"}}]},"product_brand":"SimpliFire","product_price_amount":"1069.00","product_price_currency":"CAD","og_availability":"instock","product_availability":"instock","product_retailer_item_id":"SF-FORMAT36","product_condition":"new"},"_links":{"self":[{"href":"https:\/\/staging.belleflamme.ca\/fr\/wp-json\/wp\/v2\/product\/32755","targetHints":{"allow":["GET"]}}],"collection":[{"href":"https:\/\/staging.belleflamme.ca\/fr\/wp-json\/wp\/v2\/product"}],"about":[{"href":"https:\/\/staging.belleflamme.ca\/fr\/wp-json\/wp\/v2\/types\/product"}],"version-history":[{"count":10,"href":"https:\/\/staging.belleflamme.ca\/fr\/wp-json\/wp\/v2\/product\/32755\/revisions"}],"predecessor-version":[{"id":43234,"href":"https:\/\/staging.belleflamme.ca\/fr\/wp-json\/wp\/v2\/product\/32755\/revisions\/43234"}],"wp:featuredmedia":[{"embeddable":true,"href":"https:\/\/staging.belleflamme.ca\/fr\/wp-json\/wp\/v2\/media\/32756"}],"wp:attachment":[{"href":"https:\/\/staging.belleflamme.ca\/fr\/wp-json\/wp\/v2\/media?parent=32755"}],"wp:term":[{"taxonomy":"product_brand","embeddable":true,"href":"https:\/\/staging.belleflamme.ca\/fr\/wp-json\/wp\/v2\/product_brand?post=32755"},{"taxonomy":"product_cat","embeddable":true,"href":"https:\/\/staging.belleflamme.ca\/fr\/wp-json\/wp\/v2\/product_cat?post=32755"},{"taxonomy":"product_tag","embeddable":true,"href":"https:\/\/staging.belleflamme.ca\/fr\/wp-json\/wp\/v2\/product_tag?post=32755"}],"curies":[{"name":"wp","href":"https:\/\/api.w.org\/{rel}","templated":true}]}}