{"id":3275,"date":"2023-02-07T16:01:22","date_gmt":"2023-02-07T21:01:22","guid":{"rendered":"https:\/\/www.belleflamme.ca\/product\/foyer-au-gaz-q1\/"},"modified":"2025-01-08T15:36:58","modified_gmt":"2025-01-08T20:36:58","slug":"foyer-au-gaz-q1","status":"publish","type":"product","link":"https:\/\/staging.belleflamme.ca\/fr\/produit\/foyer-au-gaz-q1\/","title":{"rendered":"Foyer au gaz Q1 de Enviro"},"content":{"rendered":"\t\t<div data-elementor-type=\"product-post\" data-elementor-id=\"3275\" class=\"elementor elementor-3275\" data-elementor-post-type=\"product\">\n\t\t\t\t\t\t<section class=\"elementor-section elementor-top-section elementor-element elementor-element-5950ae87 elementor-section-boxed elementor-section-height-default elementor-section-height-default\" data-id=\"5950ae87\" data-element_type=\"section\">\n\t\t\t\t\t\t<div class=\"elementor-container elementor-column-gap-default\">\n\t\t\t\t\t<div class=\"elementor-column elementor-col-100 elementor-top-column elementor-element elementor-element-2fd7c1a5\" data-id=\"2fd7c1a5\" data-element_type=\"column\">\n\t\t\t<div class=\"elementor-widget-wrap elementor-element-populated\">\n\t\t\t\t\t\t<div class=\"elementor-element elementor-element-5a52d2b3 elementor-widget elementor-widget-text-editor\" data-id=\"5a52d2b3\" data-element_type=\"widget\" data-widget_type=\"text-editor.default\">\n\t\t\t\t<div class=\"elementor-widget-container\">\n\t\t\t\t\t\t\t\t\t<p><iframe title=\"YouTube video player\" src=\"https:\/\/www.youtube.com\/embed\/lQQfw0I_wAM?si=5lQRaAhXQ9jepSa5\" width=\"560\" height=\"315\" frameborder=\"0\" allowfullscreen=\"allowfullscreen\"><\/iframe>&nbsp;<\/p>\n<p>Le Q1 est une foyer au gaz de petite dimension qui peut aussi \u00eatre utilis\u00e9 en tant qu\u2019encastrable pour rendre votre foyer de ma\u00e7onnerie existant plus performant. Il offre une fa\u00e7ade plus haute que large pour un style hors de l\u2019ordinaire.<\/p>\n<div class=\"prodInfo1\">\n<div class=\"subTitle\">Caract\u00e9ristiques<\/div>\n<ul class=\"featureList\">\n<li class=\"featureList\">Aspect propre du visage \u2013 pas de persiennes.<\/li>\n<li class=\"featureList\">Syst\u00e8me IPI avec t\u00e9l\u00e9commande<\/li>\n<li class=\"featureList\">\u00c9cran de s\u00e9curit\u00e9 \u00e0 vue claire<\/li>\n<li class=\"featureList\">Foyer soud\u00e9 \u00e0 la main.<\/li>\n<li class=\"featureList\">Options de ventilation sup\u00e9rieure\/arri\u00e8re<\/li>\n<li class=\"featureList\">Configurations de chemin\u00e9e et d&#8217;insert de chemin\u00e9e.<\/li>\n<\/ul>\n<\/div>\n<div class=\"prodInfo2\">\n<div class=\"subTitle\">Possibilit\u00e9s<\/div>\n<ul class=\"featureList\">\n<li class=\"featureList\">Contemporain avec panneau ajustable<br>36&#8243; L x 32&#8243; H<\/li>\n<li class=\"featureList\">Surround minimal 3S<br>22,75&#8243; L x 26,42&#8243; H<\/li>\n<li class=\"featureList\">Cadre moderne<br>30&#8243; L x 30&#8243; H<\/li>\n<li class=\"featureList\">Panneau d\u00e9coupable<br>36&#8243; L x 32&#8243; H<\/li>\n<li class=\"featureList\">Facade victorienne<br>noir |&nbsp;Bronze antique<br>31,4&#8243; L x 30,5&#8243; H<\/li>\n<li class=\"featureList\">Panneau de r\u00e9duction de profondeur victorien<br>36&#8243; L x 34&#8243; H<\/li>\n<li class=\"featureList\">Doublures disponibles&nbsp;:<br>\u00e9maill\u00e9 noir |&nbsp;Brique en c\u00e9ramique<br>Ledgestone |&nbsp;Acier (inclus)<\/li>\n<li class=\"featureList\">Doublures \u00e9maill\u00e9es noires ou Ledgestone<\/li>\n<li class=\"featureList\">Kit d&#8217;adaptateur d&#8217;insert de ventilation colin\u00e9aire Q1<\/li>\n<li class=\"featureList\">Kit de garniture de visage propre Q1<\/li>\n<\/ul>\n<\/div>\n<div class=\"prodInfo3\">\n<div class=\"subTitle\">Caract\u00e9ristiques<\/div>\n<div class=\"prodSpecsLeft\">Zone de chauffage<\/div>\n<div class=\"prodSpecsRight\">1 100 pi\u00b2<\/div>\n<div class=\"prodSpecsRight\">&nbsp;<\/div>\n<div class=\"prodSpecsLeft\">BTU d&#8217;entr\u00e9e maximum(NG)<\/div>\n<div class=\"prodSpecsRight\">20 000<\/div>\n<div class=\"prodSpecsRight\">&nbsp;<\/div>\n<div class=\"prodSpecsLeft\">BTU de sortie minimum<\/div>\n<div class=\"prodSpecsRight\">13 400<\/div>\n<div class=\"prodSpecsRight\">&nbsp;<\/div>\n<div class=\"prodSpecsLeft\">Efficacit\u00e9 P4<\/div>\n<div class=\"prodSpecsRight\">74,5%<\/div>\n<div class=\"prodSpecsRight\">&nbsp;<\/div>\n<div class=\"prodSpecsLeft\">Verre visible<\/div>\n<div class=\"prodSpecsRight\">16<sup>1<\/sup>\u2044<sub>2<\/sub>&#8221; L x 18<sup>3<\/sup>\u2044<sub>4<\/sub>&#8220;H<\/div>\n<div class=\"prodSpecsRight\">&nbsp;<\/div>\n<div class=\"prodSpecsLeft\">Ventilateur \u00e0 convection<\/div>\n<div class=\"prodSpecsRight\">150 PCM<\/div>\n<div class=\"prodSpecsRight\">&nbsp;<\/div>\n<div class=\"prodSpecsLeft\">Poids<\/div>\n<div class=\"prodSpecsRight\">110 livres<\/div>\n<div class=\"prodSpecsRight\">&nbsp;<\/div>\n<div class=\"prodSpecsLeft\">Dimensions*<\/div>\n<div class=\"prodSpecsRight\">20<sup>1<\/sup>\u2044<sub>4<\/sub>&#8221; L x 27<sup>1<\/sup>\u2044<sub>2<\/sub>&#8220;H<\/div><div class=\"prodSpecsRight\"><br><\/div>\n<div class=\"prodSpecsLeft\">Plage de profondeur d&#8217;installation*<\/div>\n<div class=\"prodSpecsRight\">13<sup>3<\/sup>\u2044<sub>20<\/sub>\u00bb &#8211; 15<sup>3<\/sup>\u2044<sub>4<\/sub>\u00bb<\/div><div class=\"prodSpecsRight\"><br><\/div>\n<div>*Consultez le manuel pour les dimensions et les d\u00e9gagements d\u00e9taill\u00e9s.<br>*La profondeur d&#8217;installation minimale peut varier selon le cadre choisi.<\/div>\n<\/div>\t\t\t\t\t\t\t\t<\/div>\n\t\t\t\t<\/div>\n\t\t\t\t\t<\/div>\n\t\t<\/div>\n\t\t\t\t\t<\/div>\n\t\t<\/section>\n\t\t\t\t<section class=\"elementor-section elementor-top-section elementor-element elementor-element-22fdaf4 elementor-section-boxed elementor-section-height-default elementor-section-height-default\" data-id=\"22fdaf4\" data-element_type=\"section\">\n\t\t\t\t\t\t<div class=\"elementor-container elementor-column-gap-default\">\n\t\t\t\t\t<div class=\"elementor-column elementor-col-100 elementor-top-column elementor-element elementor-element-a2492fc\" data-id=\"a2492fc\" data-element_type=\"column\">\n\t\t\t<div class=\"elementor-widget-wrap elementor-element-populated\">\n\t\t\t\t\t\t<div class=\"elementor-element elementor-element-3a2f82c elementor-tabs-view-horizontal elementor-widget elementor-widget-tabs\" data-id=\"3a2f82c\" data-element_type=\"widget\" data-widget_type=\"tabs.default\">\n\t\t\t\t<div class=\"elementor-widget-container\">\n\t\t\t\t\t\t\t<div class=\"elementor-tabs\">\n\t\t\t<div class=\"elementor-tabs-wrapper\" role=\"tablist\" >\n\t\t\t\t\t\t\t\t\t<div id=\"elementor-tab-title-6101\" class=\"elementor-tab-title elementor-tab-desktop-title\" aria-selected=\"true\" data-tab=\"1\" role=\"tab\" tabindex=\"0\" aria-controls=\"elementor-tab-content-6101\" aria-expanded=\"false\">Fichiers<\/div>\n\t\t\t\t\t\t\t<\/div>\n\t\t\t<div class=\"elementor-tabs-content-wrapper\" role=\"tablist\" aria-orientation=\"vertical\">\n\t\t\t\t\t\t\t\t\t<div class=\"elementor-tab-title elementor-tab-mobile-title\" aria-selected=\"true\" data-tab=\"1\" role=\"tab\" tabindex=\"0\" aria-controls=\"elementor-tab-content-6101\" aria-expanded=\"false\">Fichiers<\/div>\n\t\t\t\t\t<div id=\"elementor-tab-content-6101\" class=\"elementor-tab-content elementor-clearfix\" data-tab=\"1\" role=\"tabpanel\" aria-labelledby=\"elementor-tab-title-6101\" tabindex=\"0\" hidden=\"false\"><i class=\"far fa-file-pdf fa-xl\" style=\"font-size: 35px;\"><\/i><a href=\"https:\/\/www.belleflamme.ca\/wp-content\/uploads\/2025\/01\/Enviro-Gas-Fireplace-Brochure.pdf\"> Brochure<\/a><\/br>\n<i class=\"far fa-file-pdf fa-xl\" style=\"font-size: 35px;\"><\/i><a href=\"https:\/\/www.belleflamme.ca\/wp-content\/uploads\/2025\/01\/C-15347-Instruction-Q1LI-Owners-Manual-French-R3.pdf\"> Manuel LI<\/a><\/br>\n<i class=\"far fa-file-pdf fa-xl\" style=\"font-size: 35px;\"><\/i><a href=\"https:\/\/www.belleflamme.ca\/wp-content\/uploads\/2025\/01\/C-15344-Instruction-Q1L-Owners-Manual-French-R1.pdf\"> Manuel L<\/a><\/br>\n<i class=\"far fa-file-pdf fa-xl\" style=\"font-size: 35px;\"><\/i><a href=\"https:\/\/www.belleflamme.ca\/wp-content\/uploads\/2025\/01\/Q1FP-InstallGuide.pdf\"> Installation<\/a><\/br>\n<\/div>\n\t\t\t\t\t\t\t<\/div>\n\t\t<\/div>\n\t\t\t\t\t\t<\/div>\n\t\t\t\t<\/div>\n\t\t\t\t\t<\/div>\n\t\t<\/div>\n\t\t\t\t\t<\/div>\n\t\t<\/section>\n\t\t\t\t<\/div>\n\t\t","protected":false},"excerpt":{"rendered":"<p>&nbsp; Le Q1 est une foyer au gaz de petite dimension qui peut aussi \u00eatre utilis\u00e9 en tant qu\u2019encastrable pour rendre votre foyer de ma\u00e7onnerie existant plus performant. Il offre une fa\u00e7ade plus haute que large pour un style hors de l\u2019ordinaire. Caract\u00e9ristiques Aspect propre du visage \u2013 pas de persiennes. Syst\u00e8me IPI avec t\u00e9l\u00e9commande [&hellip;]<\/p>\n","protected":false},"featured_media":3480,"template":"","meta":{"inline_featured_image":false},"product_brand":[223],"product_cat":[33,35,37],"product_tag":[],"class_list":{"0":"post-3275","1":"product","2":"type-product","3":"status-publish","4":"has-post-thumbnail","6":"product_brand-enviro","7":"product_cat-poeles-et-foyers","8":"product_cat-poeles-foyer-au-gaz","9":"product_cat-foyer-au-gaz","11":"first","12":"instock","13":"taxable","14":"shipping-taxable","15":"purchasable","16":"product-type-variable"},"yoast_head":"<!-- This site is optimized with the Yoast SEO Premium plugin v24.2 (Yoast SEO v24.2) - https:\/\/yoast.com\/wordpress\/plugins\/seo\/ -->\n<title>Foyer au gaz Q1 de Enviro - Groupe BelleFlamme<\/title>\n<meta name=\"description\" content=\"Foyer au gaz Q1 de Enviro vendu et install\u00e9 par le Groupe Belleflamme. Laval, Montr\u00e9al, Gatineau, Drummondville et Saint-Sauveur.\" \/>\n<meta name=\"robots\" content=\"index, follow, max-snippet:-1, max-image-preview:large, max-video-preview:-1\" \/>\n<link rel=\"canonical\" href=\"https:\/\/staging.belleflamme.ca\/fr\/produit\/foyer-au-gaz-q1\/\" \/>\n<meta property=\"og:locale\" content=\"fr_FR\" \/>\n<meta property=\"og:type\" content=\"article\" \/>\n<meta property=\"og:title\" content=\"Foyer au gaz Q1 de Enviro\" \/>\n<meta property=\"og:description\" content=\"Foyer au gaz Q1 de Enviro vendu et install\u00e9 par le Groupe Belleflamme. Laval, Montr\u00e9al, Gatineau, Drummondville et Saint-Sauveur.\" \/>\n<meta property=\"og:url\" content=\"https:\/\/staging.belleflamme.ca\/fr\/produit\/foyer-au-gaz-q1\/\" \/>\n<meta property=\"og:site_name\" content=\"Groupe BelleFlamme\" \/>\n<meta property=\"article:publisher\" content=\"https:\/\/www.facebook.com\/belleflamme.ca\/\" \/>\n<meta property=\"article:modified_time\" content=\"2025-01-08T20:36:58+00:00\" \/>\n<meta property=\"og:image\" content=\"https:\/\/www.belleflamme.ca\/wp-content\/uploads\/2023\/02\/q1_b_fpi_fp.jpg\" \/>\n\t<meta property=\"og:image:width\" content=\"1200\" \/>\n\t<meta property=\"og:image:height\" content=\"815\" \/>\n\t<meta property=\"og:image:type\" content=\"image\/jpeg\" \/>\n<meta name=\"twitter:card\" content=\"summary_large_image\" \/>\n<meta name=\"twitter:label1\" content=\"Disponibilit\u00e9\" \/>\n\t<meta name=\"twitter:data1\" content=\"En stock\" \/>\n<script type=\"application\/ld+json\" class=\"yoast-schema-graph\">{\"@context\":\"https:\/\/schema.org\",\"@graph\":[{\"@type\":[\"WebPage\",\"ItemPage\"],\"@id\":\"https:\/\/staging.belleflamme.ca\/fr\/produit\/foyer-au-gaz-q1\/\",\"url\":\"https:\/\/staging.belleflamme.ca\/fr\/produit\/foyer-au-gaz-q1\/\",\"name\":\"Foyer au gaz Q1 de Enviro - Groupe BelleFlamme\",\"isPartOf\":{\"@id\":\"https:\/\/www.belleflamme.ca\/fr\/#website\"},\"primaryImageOfPage\":{\"@id\":\"https:\/\/staging.belleflamme.ca\/fr\/produit\/foyer-au-gaz-q1\/#primaryimage\"},\"image\":{\"@id\":\"https:\/\/staging.belleflamme.ca\/fr\/produit\/foyer-au-gaz-q1\/#primaryimage\"},\"thumbnailUrl\":\"https:\/\/staging.belleflamme.ca\/wp-content\/uploads\/2023\/02\/q1_b_fpi_fp.jpg\",\"datePublished\":\"2023-02-07T21:01:22+00:00\",\"dateModified\":\"2025-01-08T20:36:58+00:00\",\"description\":\"Foyer au gaz Q1 de Enviro [get_meta_en_fr]\",\"breadcrumb\":{\"@id\":\"https:\/\/staging.belleflamme.ca\/fr\/produit\/foyer-au-gaz-q1\/#breadcrumb\"},\"inLanguage\":\"fr-FR\",\"potentialAction\":[{\"@type\":\"ReadAction\",\"target\":[\"https:\/\/staging.belleflamme.ca\/fr\/produit\/foyer-au-gaz-q1\/\"]}]},{\"@type\":\"ImageObject\",\"inLanguage\":\"fr-FR\",\"@id\":\"https:\/\/staging.belleflamme.ca\/fr\/produit\/foyer-au-gaz-q1\/#primaryimage\",\"url\":\"https:\/\/staging.belleflamme.ca\/wp-content\/uploads\/2023\/02\/q1_b_fpi_fp.jpg\",\"contentUrl\":\"https:\/\/staging.belleflamme.ca\/wp-content\/uploads\/2023\/02\/q1_b_fpi_fp.jpg\",\"width\":1200,\"height\":815,\"caption\":\"gas Q1 fireplace enviro\"},{\"@type\":\"BreadcrumbList\",\"@id\":\"https:\/\/staging.belleflamme.ca\/fr\/produit\/foyer-au-gaz-q1\/#breadcrumb\",\"itemListElement\":[{\"@type\":\"ListItem\",\"position\":1,\"name\":\"Accueil\",\"item\":\"https:\/\/www.belleflamme.ca\/fr\/\"},{\"@type\":\"ListItem\",\"position\":2,\"name\":\"Boutique\",\"item\":\"https:\/\/www.belleflamme.ca\/fr\/boutique\/\"},{\"@type\":\"ListItem\",\"position\":3,\"name\":\"Po\u00eales &amp; Foyers\",\"item\":\"https:\/\/staging.belleflamme.ca\/fr\/categories\/poeles-et-foyers\/\"},{\"@type\":\"ListItem\",\"position\":4,\"name\":\"Po\u00eale &amp; Foyer au Gaz\",\"item\":\"https:\/\/staging.belleflamme.ca\/fr\/categories\/poeles-et-foyers\/poeles-foyer-au-gaz\/\"},{\"@type\":\"ListItem\",\"position\":5,\"name\":\"Foyer au Gaz\",\"item\":\"https:\/\/staging.belleflamme.ca\/fr\/categories\/poeles-et-foyers\/poeles-foyer-au-gaz\/foyer-au-gaz\/\"},{\"@type\":\"ListItem\",\"position\":6,\"name\":\"Foyer au gaz Q1 de Enviro\"}]},{\"@type\":\"WebSite\",\"@id\":\"https:\/\/www.belleflamme.ca\/fr\/#website\",\"url\":\"https:\/\/www.belleflamme.ca\/fr\/\",\"name\":\"Groupe Belleflamme\",\"description\":\"La m\u00e9canique du b\u00e2timent dans le sang.\",\"publisher\":{\"@id\":\"https:\/\/www.belleflamme.ca\/fr\/#organization\"},\"potentialAction\":[{\"@type\":\"SearchAction\",\"target\":{\"@type\":\"EntryPoint\",\"urlTemplate\":\"https:\/\/www.belleflamme.ca\/fr\/?s={search_term_string}\"},\"query-input\":{\"@type\":\"PropertyValueSpecification\",\"valueRequired\":true,\"valueName\":\"search_term_string\"}}],\"inLanguage\":\"fr-FR\"},{\"@type\":[\"Organization\",\"Place\"],\"@id\":\"https:\/\/www.belleflamme.ca\/fr\/#organization\",\"name\":\"Groupe Belleflamme\",\"alternateName\":\"Belleflamme\",\"url\":\"https:\/\/www.belleflamme.ca\/fr\/\",\"logo\":{\"@type\":\"ImageObject\",\"inLanguage\":\"fr-FR\",\"@id\":\"https:\/\/www.belleflamme.ca\/fr\/#\/schema\/logo\/image\/\",\"url\":\"https:\/\/staging.belleflamme.ca\/wp-content\/uploads\/2023\/01\/og-image.jpg\",\"contentUrl\":\"https:\/\/staging.belleflamme.ca\/wp-content\/uploads\/2023\/01\/og-image.jpg\",\"width\":1200,\"height\":630,\"caption\":\"Groupe Belleflamme\"},\"image\":{\"@id\":\"https:\/\/www.belleflamme.ca\/fr\/#\/schema\/logo\/image\/\"},\"sameAs\":[\"https:\/\/www.facebook.com\/belleflamme.ca\/\",\"https:\/\/www.linkedin.com\/company\/belleflamme\/\",\"https:\/\/www.pinterest.ca\/groupebelleflamme\/\",\"https:\/\/www.instagram.com\/legroupebelleflamme\/\"],\"mainEntityOfPage\":{\"@id\":\"https:\/\/staging.belleflamme.ca\/fr\/produit\/foyer-au-gaz-q1\/\"}}]}<\/script>\n<meta property=\"product:brand\" content=\"Enviro\" \/>\n<meta property=\"og:availability\" content=\"instock\" \/>\n<meta property=\"product:availability\" content=\"instock\" \/>\n<meta property=\"product:condition\" content=\"new\" \/>\n<!-- \/ Yoast SEO Premium plugin. -->","yoast_head_json":{"title":"Foyer au gaz Q1 de Enviro - Groupe BelleFlamme","description":"Foyer au gaz Q1 de Enviro vendu et install\u00e9 par le Groupe Belleflamme. Laval, Montr\u00e9al, Gatineau, Drummondville et Saint-Sauveur.","robots":{"index":"index","follow":"follow","max-snippet":"max-snippet:-1","max-image-preview":"max-image-preview:large","max-video-preview":"max-video-preview:-1"},"canonical":"https:\/\/staging.belleflamme.ca\/fr\/produit\/foyer-au-gaz-q1\/","og_locale":"fr_FR","og_type":"article","og_title":"Foyer au gaz Q1 de Enviro","og_description":"Foyer au gaz Q1 de Enviro vendu et install\u00e9 par le Groupe Belleflamme. Laval, Montr\u00e9al, Gatineau, Drummondville et Saint-Sauveur.","og_url":"https:\/\/staging.belleflamme.ca\/fr\/produit\/foyer-au-gaz-q1\/","og_site_name":"Groupe BelleFlamme","article_publisher":"https:\/\/www.facebook.com\/belleflamme.ca\/","article_modified_time":"2025-01-08T20:36:58+00:00","og_image":[{"width":1200,"height":815,"url":"https:\/\/www.belleflamme.ca\/wp-content\/uploads\/2023\/02\/q1_b_fpi_fp.jpg","type":"image\/jpeg"}],"twitter_card":"summary_large_image","twitter_misc":{"Disponibilit\u00e9":"En stock"},"schema":{"@context":"https:\/\/schema.org","@graph":[{"@type":["WebPage","ItemPage"],"@id":"https:\/\/staging.belleflamme.ca\/fr\/produit\/foyer-au-gaz-q1\/","url":"https:\/\/staging.belleflamme.ca\/fr\/produit\/foyer-au-gaz-q1\/","name":"Foyer au gaz Q1 de Enviro - Groupe BelleFlamme","isPartOf":{"@id":"https:\/\/www.belleflamme.ca\/fr\/#website"},"primaryImageOfPage":{"@id":"https:\/\/staging.belleflamme.ca\/fr\/produit\/foyer-au-gaz-q1\/#primaryimage"},"image":{"@id":"https:\/\/staging.belleflamme.ca\/fr\/produit\/foyer-au-gaz-q1\/#primaryimage"},"thumbnailUrl":"https:\/\/staging.belleflamme.ca\/wp-content\/uploads\/2023\/02\/q1_b_fpi_fp.jpg","datePublished":"2023-02-07T21:01:22+00:00","dateModified":"2025-01-08T20:36:58+00:00","description":"Foyer au gaz Q1 de Enviro [get_meta_en_fr]","breadcrumb":{"@id":"https:\/\/staging.belleflamme.ca\/fr\/produit\/foyer-au-gaz-q1\/#breadcrumb"},"inLanguage":"fr-FR","potentialAction":[{"@type":"ReadAction","target":["https:\/\/staging.belleflamme.ca\/fr\/produit\/foyer-au-gaz-q1\/"]}]},{"@type":"ImageObject","inLanguage":"fr-FR","@id":"https:\/\/staging.belleflamme.ca\/fr\/produit\/foyer-au-gaz-q1\/#primaryimage","url":"https:\/\/staging.belleflamme.ca\/wp-content\/uploads\/2023\/02\/q1_b_fpi_fp.jpg","contentUrl":"https:\/\/staging.belleflamme.ca\/wp-content\/uploads\/2023\/02\/q1_b_fpi_fp.jpg","width":1200,"height":815,"caption":"gas Q1 fireplace enviro"},{"@type":"BreadcrumbList","@id":"https:\/\/staging.belleflamme.ca\/fr\/produit\/foyer-au-gaz-q1\/#breadcrumb","itemListElement":[{"@type":"ListItem","position":1,"name":"Accueil","item":"https:\/\/www.belleflamme.ca\/fr\/"},{"@type":"ListItem","position":2,"name":"Boutique","item":"https:\/\/www.belleflamme.ca\/fr\/boutique\/"},{"@type":"ListItem","position":3,"name":"Po\u00eales &amp; Foyers","item":"https:\/\/staging.belleflamme.ca\/fr\/categories\/poeles-et-foyers\/"},{"@type":"ListItem","position":4,"name":"Po\u00eale &amp; Foyer au Gaz","item":"https:\/\/staging.belleflamme.ca\/fr\/categories\/poeles-et-foyers\/poeles-foyer-au-gaz\/"},{"@type":"ListItem","position":5,"name":"Foyer au Gaz","item":"https:\/\/staging.belleflamme.ca\/fr\/categories\/poeles-et-foyers\/poeles-foyer-au-gaz\/foyer-au-gaz\/"},{"@type":"ListItem","position":6,"name":"Foyer au gaz Q1 de Enviro"}]},{"@type":"WebSite","@id":"https:\/\/www.belleflamme.ca\/fr\/#website","url":"https:\/\/www.belleflamme.ca\/fr\/","name":"Groupe Belleflamme","description":"La m\u00e9canique du b\u00e2timent dans le sang.","publisher":{"@id":"https:\/\/www.belleflamme.ca\/fr\/#organization"},"potentialAction":[{"@type":"SearchAction","target":{"@type":"EntryPoint","urlTemplate":"https:\/\/www.belleflamme.ca\/fr\/?s={search_term_string}"},"query-input":{"@type":"PropertyValueSpecification","valueRequired":true,"valueName":"search_term_string"}}],"inLanguage":"fr-FR"},{"@type":["Organization","Place"],"@id":"https:\/\/www.belleflamme.ca\/fr\/#organization","name":"Groupe Belleflamme","alternateName":"Belleflamme","url":"https:\/\/www.belleflamme.ca\/fr\/","logo":{"@type":"ImageObject","inLanguage":"fr-FR","@id":"https:\/\/www.belleflamme.ca\/fr\/#\/schema\/logo\/image\/","url":"https:\/\/staging.belleflamme.ca\/wp-content\/uploads\/2023\/01\/og-image.jpg","contentUrl":"https:\/\/staging.belleflamme.ca\/wp-content\/uploads\/2023\/01\/og-image.jpg","width":1200,"height":630,"caption":"Groupe Belleflamme"},"image":{"@id":"https:\/\/www.belleflamme.ca\/fr\/#\/schema\/logo\/image\/"},"sameAs":["https:\/\/www.facebook.com\/belleflamme.ca\/","https:\/\/www.linkedin.com\/company\/belleflamme\/","https:\/\/www.pinterest.ca\/groupebelleflamme\/","https:\/\/www.instagram.com\/legroupebelleflamme\/"],"mainEntityOfPage":{"@id":"https:\/\/staging.belleflamme.ca\/fr\/produit\/foyer-au-gaz-q1\/"}}]},"product_brand":"Enviro","og_availability":"instock","product_availability":"instock","product_condition":"new"},"_links":{"self":[{"href":"https:\/\/staging.belleflamme.ca\/fr\/wp-json\/wp\/v2\/product\/3275","targetHints":{"allow":["GET"]}}],"collection":[{"href":"https:\/\/staging.belleflamme.ca\/fr\/wp-json\/wp\/v2\/product"}],"about":[{"href":"https:\/\/staging.belleflamme.ca\/fr\/wp-json\/wp\/v2\/types\/product"}],"version-history":[{"count":17,"href":"https:\/\/staging.belleflamme.ca\/fr\/wp-json\/wp\/v2\/product\/3275\/revisions"}],"predecessor-version":[{"id":48466,"href":"https:\/\/staging.belleflamme.ca\/fr\/wp-json\/wp\/v2\/product\/3275\/revisions\/48466"}],"wp:featuredmedia":[{"embeddable":true,"href":"https:\/\/staging.belleflamme.ca\/fr\/wp-json\/wp\/v2\/media\/3480"}],"wp:attachment":[{"href":"https:\/\/staging.belleflamme.ca\/fr\/wp-json\/wp\/v2\/media?parent=3275"}],"wp:term":[{"taxonomy":"product_brand","embeddable":true,"href":"https:\/\/staging.belleflamme.ca\/fr\/wp-json\/wp\/v2\/product_brand?post=3275"},{"taxonomy":"product_cat","embeddable":true,"href":"https:\/\/staging.belleflamme.ca\/fr\/wp-json\/wp\/v2\/product_cat?post=3275"},{"taxonomy":"product_tag","embeddable":true,"href":"https:\/\/staging.belleflamme.ca\/fr\/wp-json\/wp\/v2\/product_tag?post=3275"}],"curies":[{"name":"wp","href":"https:\/\/api.w.org\/{rel}","templated":true}]}}