{"id":32706,"date":"2024-04-11T14:18:01","date_gmt":"2024-04-11T18:18:01","guid":{"rendered":"https:\/\/www.belleflamme.ca\/?post_type=product&#038;p=32706"},"modified":"2025-04-01T07:14:29","modified_gmt":"2025-04-01T11:14:29","slug":"foyer-electrique-allusion-platinum-de-simplifire","status":"publish","type":"product","link":"https:\/\/staging.belleflamme.ca\/fr\/produit\/foyer-electrique-allusion-platinum-de-simplifire\/","title":{"rendered":"Foyer \u00c9lectrique Allusion Platinum de SimpliFire"},"content":{"rendered":"\t\t<div data-elementor-type=\"product-post\" data-elementor-id=\"32706\" class=\"elementor elementor-32706\" data-elementor-post-type=\"product\">\n\t\t\t\t\t\t<section class=\"elementor-section elementor-top-section elementor-element elementor-element-26391c09 elementor-section-boxed elementor-section-height-default elementor-section-height-default\" data-id=\"26391c09\" data-element_type=\"section\">\n\t\t\t\t\t\t<div class=\"elementor-container elementor-column-gap-default\">\n\t\t\t\t\t<div class=\"elementor-column elementor-col-100 elementor-top-column elementor-element elementor-element-6b4be58a\" data-id=\"6b4be58a\" data-element_type=\"column\">\n\t\t\t<div class=\"elementor-widget-wrap elementor-element-populated\">\n\t\t\t\t\t\t<div class=\"elementor-element elementor-element-6611bf7 elementor-widget elementor-widget-video\" data-id=\"6611bf7\" data-element_type=\"widget\" data-settings=\"{&quot;video_type&quot;:&quot;hosted&quot;,&quot;controls&quot;:&quot;yes&quot;}\" data-widget_type=\"video.default\">\n\t\t\t\t<div class=\"elementor-widget-container\">\n\t\t\t\t\t\t\t<div class=\"e-hosted-video elementor-wrapper elementor-open-inline\">\n\t\t\t\t\t<video class=\"elementor-video\" src=\"https:\/\/www.belleflamme.ca\/wp-content\/uploads\/2024\/04\/Foyer-Electrique-Allusion-Platinum-de-SimpliFire.mp4\" controls=\"\" preload=\"metadata\" controlsList=\"nodownload\"><\/video>\n\t\t\t\t<\/div>\n\t\t\t\t\t\t<\/div>\n\t\t\t\t<\/div>\n\t\t\t\t<div class=\"elementor-element elementor-element-281324bb elementor-widget elementor-widget-text-editor\" data-id=\"281324bb\" data-element_type=\"widget\" data-widget_type=\"text-editor.default\">\n\t\t\t\t<div class=\"elementor-widget-container\">\n\t\t\t\t\t\t\t\t\t<h2 class=\"h200\">Exprimez votre style avec un foyer \u00e9lectrique moderne<\/h2>\r\nFaites de votre maison un reflet unique de vous-m\u00eame avec un \u00e9blouissant foyer \u00e9lectrique lin\u00e9aire haut de gamme. Le foyer \u00e9lectrique moderne Allusion Platinum est la pi\u00e8ce ma\u00eetresse parfaite pour votre maison. \u00c0 partir d\u2019une grande zone de visualisation avec un cadre minimal, personnalisez les th\u00e8mes de votre lit de braises, de vos flammes et de vos couleurs d\u2019\u00e9clairage.\r\n<div class=\"productFeatureListHeader\">\r\n<h2 class=\"h200\">Caract\u00e9ristiques<\/h2>\r\n<\/div>\r\n<div class=\"features\">\r\n<div class=\"featureItem\">\r\n<div class=\"featureDescription\">\r\n<h3 class=\"h600\">ENTI\u00c8REMENT ENCASTR\u00c9<\/h3>\r\nFournit un aspect \u00e9pur\u00e9 enti\u00e8rement encastr\u00e9 sur un mur fini de 2 x 6 ; est amovible pour un d\u00e9placement facile.\r\n\r\n<\/div>\r\n<\/div>\r\n<div class=\"featureItem\">\r\n<div class=\"featureDescription\">\r\n<h3 class=\"h600\">T\u00c9L\u00c9COMMANDE MULTIFONCTION<\/h3>\r\nThermostat, \u00e9clairage, commande marche\/arr\u00eat \u00e0 port\u00e9e de main.\r\n\r\n<\/div>\r\n<\/div>\r\n<div class=\"featureItem\">\r\n<div class=\"featureDescription\">\r\n<h3 class=\"h600\">COULEURS DE FLAMME ET DE BRAISE<\/h3>\r\nPersonnalisez chaque exp\u00e9rience au coin du feu avec quatre choix de couleurs de flammes et 13 lits de braises.\r\n\r\n<\/div>\r\n<\/div>\r\n<div class=\"featureItem\">\r\n<div class=\"featureDescription\">\r\n<h3 class=\"h600\">CHALEUR R\u00c9GLABLE<\/h3>\r\nA d\u00e9guster toute l&#8217;ann\u00e9e avec ou sans chauffage.\r\n<table class=\"table table-striped table-bordered\">\r\n<tbody>\r\n<tr>\r\n<th>Mod\u00e8le<\/th>\r\n<td>Allusion Platine 50<\/td>\r\n<\/tr>\r\n<tr>\r\n<th>Largeur de l&#8217;unit\u00e9<\/th>\r\n<td>52-5\/16&#8243;<\/td>\r\n<\/tr>\r\n<tr>\r\n<th>Profondeur de l&#8217;unit\u00e9<\/th>\r\n<td>5-5\/8&#8243;<\/td>\r\n<\/tr>\r\n<tr>\r\n<th>Hauteur de l&#8217;unit\u00e9<\/th>\r\n<td>20-7\/16&#8243;<\/td>\r\n<\/tr>\r\n<tr>\r\n<th>Largeur du cadre<\/th>\r\n<td>51&#8243;<\/td>\r\n<\/tr>\r\n<tr>\r\n<th>Profondeur du cadrage<\/th>\r\n<td>6&#8243;<\/td>\r\n<\/tr>\r\n<tr>\r\n<th>Hauteur du cadre<\/th>\r\n<td>19-3\/4&#8243;<\/td>\r\n<\/tr>\r\n<tr>\r\n<th>Entr\u00e9e BTU\/h<\/th>\r\n<td>5 000<\/td>\r\n<\/tr>\r\n<tr>\r\n<th>Zone de visualisation<\/th>\r\n<td>48&#8243; x 15&#8243;<\/td>\r\n<\/tr>\r\n<\/tbody>\r\n<\/table>\r\n&nbsp;\r\n<table class=\"table table-striped table-bordered\">\r\n<tbody>\r\n<tr>\r\n<th>Mod\u00e8le<\/th>\r\n<td>Allusion Platine 60<\/td>\r\n<\/tr>\r\n<tr>\r\n<th>Largeur de l&#8217;unit\u00e9<\/th>\r\n<td>62-5\/16&#8243;<\/td>\r\n<\/tr>\r\n<tr>\r\n<th>Profondeur de l&#8217;unit\u00e9<\/th>\r\n<td>5-5\/8&#8243;<\/td>\r\n<\/tr>\r\n<tr>\r\n<th>Hauteur de l&#8217;unit\u00e9<\/th>\r\n<td>20-7\/16&#8243;<\/td>\r\n<\/tr>\r\n<tr>\r\n<th>Largeur du cadre<\/th>\r\n<td>61&#8243;<\/td>\r\n<\/tr>\r\n<tr>\r\n<th>Profondeur du cadrage<\/th>\r\n<td>6&#8243;<\/td>\r\n<\/tr>\r\n<tr>\r\n<th>Hauteur du cadre<\/th>\r\n<td>19-3\/4&#8243;<\/td>\r\n<\/tr>\r\n<tr>\r\n<th>Entr\u00e9e BTU\/h<\/th>\r\n<td>5 000<\/td>\r\n<\/tr>\r\n<tr>\r\n<th>Zone de visualisation<\/th>\r\n<td>58&#8243; x 15&#8243;<\/td>\r\n<\/tr>\r\n<\/tbody>\r\n<\/table>\r\n<\/div>\r\n<\/div>\r\n<\/div>\r\n&nbsp;\r\n<table class=\"table table-striped table-bordered\">\r\n<tbody>\r\n<tr>\r\n<th>Mod\u00e8le<\/th>\r\n<td>Allusion Platine 72<\/td>\r\n<\/tr>\r\n<tr>\r\n<th>Largeur de l&#8217;unit\u00e9<\/th>\r\n<td>74-5\/16&#8243;<\/td>\r\n<\/tr>\r\n<tr>\r\n<th>Profondeur de l&#8217;unit\u00e9<\/th>\r\n<td>5-5\/8&#8243;<\/td>\r\n<\/tr>\r\n<tr>\r\n<th>Hauteur de l&#8217;unit\u00e9<\/th>\r\n<td>20-7\/16&#8243;<\/td>\r\n<\/tr>\r\n<tr>\r\n<th>Largeur du cadre<\/th>\r\n<td>73&#8243;<\/td>\r\n<\/tr>\r\n<tr>\r\n<th>Profondeur du cadrage<\/th>\r\n<td>6&#8243;<\/td>\r\n<\/tr>\r\n<tr>\r\n<th>Hauteur du cadre<\/th>\r\n<td>19-3\/4&#8243;<\/td>\r\n<\/tr>\r\n<tr>\r\n<th>Entr\u00e9e BTU\/h<\/th>\r\n<td>5 000<\/td>\r\n<\/tr>\r\n<tr>\r\n<th>Zone de visualisation<\/th>\r\n<td>70&#8243; x 15&#8243;<\/td>\r\n<\/tr>\r\n<\/tbody>\r\n<\/table>\t\t\t\t\t\t\t\t<\/div>\n\t\t\t\t<\/div>\n\t\t\t\t\t<\/div>\n\t\t<\/div>\n\t\t\t\t\t<\/div>\n\t\t<\/section>\n\t\t\t\t<section class=\"elementor-section elementor-top-section elementor-element elementor-element-9b0a706 elementor-section-boxed elementor-section-height-default elementor-section-height-default\" data-id=\"9b0a706\" data-element_type=\"section\">\n\t\t\t\t\t\t<div class=\"elementor-container elementor-column-gap-default\">\n\t\t\t\t\t<div class=\"elementor-column elementor-col-100 elementor-top-column elementor-element elementor-element-b39b145\" data-id=\"b39b145\" data-element_type=\"column\">\n\t\t\t<div class=\"elementor-widget-wrap elementor-element-populated\">\n\t\t\t\t\t\t<div class=\"elementor-element elementor-element-d26db36 elementor-tabs-view-horizontal elementor-widget elementor-widget-tabs\" data-id=\"d26db36\" data-element_type=\"widget\" data-widget_type=\"tabs.default\">\n\t\t\t\t<div class=\"elementor-widget-container\">\n\t\t\t\t\t\t\t<div class=\"elementor-tabs\">\n\t\t\t<div class=\"elementor-tabs-wrapper\" role=\"tablist\" >\n\t\t\t\t\t\t\t\t\t<div id=\"elementor-tab-title-2201\" class=\"elementor-tab-title elementor-tab-desktop-title\" aria-selected=\"true\" data-tab=\"1\" role=\"tab\" tabindex=\"0\" aria-controls=\"elementor-tab-content-2201\" aria-expanded=\"false\">Fichiers<\/div>\n\t\t\t\t\t\t\t<\/div>\n\t\t\t<div class=\"elementor-tabs-content-wrapper\" role=\"tablist\" aria-orientation=\"vertical\">\n\t\t\t\t\t\t\t\t\t<div class=\"elementor-tab-title elementor-tab-mobile-title\" aria-selected=\"true\" data-tab=\"1\" role=\"tab\" tabindex=\"0\" aria-controls=\"elementor-tab-content-2201\" aria-expanded=\"false\">Fichiers<\/div>\n\t\t\t\t\t<div id=\"elementor-tab-content-2201\" class=\"elementor-tab-content elementor-clearfix\" data-tab=\"1\" role=\"tabpanel\" aria-labelledby=\"elementor-tab-title-2201\" tabindex=\"0\" hidden=\"false\"><i class=\"far fa-file-pdf fa-xl\" style=\"font-size:35px\"><\/i><a href=\"https:\/\/www.belleflamme.ca\/wp-content\/uploads\/2024\/04\/SFE-1011C_LinearFireplace_Brochure_FC-1.pdf\"> Brochure<\/a><\/br>\n<i class=\"far fa-file-pdf fa-xl\" style=\"font-size:35px\"><\/i><a href=\"https:\/\/www.belleflamme.ca\/wp-content\/uploads\/2024\/04\/2044_980FC_Allusion_Platinum_Install.pdf\"> Installation<\/a><\/br>\n<i class=\"far fa-file-pdf fa-xl\" style=\"font-size:35px\"><\/i><a href=\"https:\/\/www.belleflamme.ca\/wp-content\/uploads\/2024\/04\/2044_960_ALLUSION_PLATINUM_SERVICE_MANUAL.pdf\"> Manuel d&#8217;entretien<\/a><\/br>\n<i class=\"far fa-file-pdf fa-xl\" style=\"font-size:35px\"><\/i><a href=\"https:\/\/www.belleflamme.ca\/wp-content\/uploads\/2024\/04\/2044_922FR_BOYDKIT_INSTALL.pdf\"> Kit de Construction<\/a><\/br>\n<i class=\"far fa-file-pdf fa-xl\" style=\"font-size:35px\"><\/i><a href=\"https:\/\/www.belleflamme.ca\/wp-content\/uploads\/2024\/04\/2040_935_LOGS-SF-ALL48-60.pdf\"> B\u00fbches<\/a><\/br>\n<i class=\"far fa-file-pdf fa-xl\" style=\"font-size:35px\"><\/i><a href=\"https:\/\/www.belleflamme.ca\/wp-content\/uploads\/2024\/04\/2040_930_Wall_Mount_Bracket_Kit-Allusion.pdf\"> Kit de montage mural<\/a><\/br>\n<i class=\"far fa-file-pdf fa-xl\" style=\"font-size:35px\"><\/i><a href=\"https:\/\/www.belleflamme.ca\/wp-content\/uploads\/2024\/04\/SF-ALLP50-BK.pdf\"> Pi\u00e8ces 50<\/a><\/br>\n<i class=\"far fa-file-pdf fa-xl\" style=\"font-size:35px\"><\/i><a href=\"https:\/\/www.belleflamme.ca\/wp-content\/uploads\/2024\/04\/SF-ALLP50-BK_ArchGuide.pdf\"> Dimensions 50<\/a><\/br>\n<i class=\"far fa-file-pdf fa-xl\" style=\"font-size:35px\"><\/i><a href=\"https:\/\/www.belleflamme.ca\/wp-content\/uploads\/2024\/04\/SF-ALLP60-BK.pdf\"> Pi\u00e8ces 60<\/a><\/br>\n<i class=\"far fa-file-pdf fa-xl\" style=\"font-size:35px\"><\/i><a href=\"https:\/\/www.belleflamme.ca\/wp-content\/uploads\/2024\/04\/SF-ALLP60-BK_ArchGuide.pdf\"> Dimensions 60<\/a><\/br>\n<i class=\"far fa-file-pdf fa-xl\" style=\"font-size:35px\"><\/i><a href=\"https:\/\/www.belleflamme.ca\/wp-content\/uploads\/2024\/04\/SF-ALLP72-BK.pdf\"> Pi\u00e8ces 72<\/a><\/br>\n<i class=\"far fa-file-pdf fa-xl\" style=\"font-size:35px\"><\/i><a href=\"https:\/\/www.belleflamme.ca\/wp-content\/uploads\/2024\/04\/SF-ALLP72-BK_ArchGuide.pdf\"> Dimensions 72<\/a><\/br><\/div>\n\t\t\t\t\t\t\t<\/div>\n\t\t<\/div>\n\t\t\t\t\t\t<\/div>\n\t\t\t\t<\/div>\n\t\t\t\t\t<\/div>\n\t\t<\/div>\n\t\t\t\t\t<\/div>\n\t\t<\/section>\n\t\t\t\t<\/div>\n\t\t","protected":false},"excerpt":{"rendered":"<p>https:\/\/www.belleflamme.ca\/wp-content\/uploads\/2024\/04\/Foyer-Electrique-Allusion-Platinum-de-SimpliFire.mp4 Exprimez votre style avec un foyer \u00e9lectrique moderne Faites de votre maison un reflet unique de vous-m\u00eame avec un \u00e9blouissant foyer \u00e9lectrique lin\u00e9aire haut de gamme. Le foyer \u00e9lectrique moderne Allusion Platinum est la pi\u00e8ce ma\u00eetresse parfaite pour votre maison. \u00c0 partir d\u2019une grande zone de visualisation avec un cadre minimal, personnalisez les th\u00e8mes [&hellip;]<\/p>\n","protected":false},"featured_media":32709,"template":"","meta":{"inline_featured_image":false},"product_brand":[1295],"product_cat":[240,241,33],"product_tag":[],"class_list":{"0":"post-32706","1":"product","2":"type-product","3":"status-publish","4":"has-post-thumbnail","6":"product_brand-simplifire","7":"product_cat-foyer-electrique","8":"product_cat-poele-foyer-electrique","9":"product_cat-poeles-et-foyers","11":"first","12":"instock","13":"taxable","14":"shipping-taxable","15":"purchasable","16":"product-type-variable"},"yoast_head":"<!-- This site is optimized with the Yoast SEO Premium plugin v24.2 (Yoast SEO v24.2) - https:\/\/yoast.com\/wordpress\/plugins\/seo\/ -->\n<title>Foyer \u00c9lectrique Allusion Platinum de SimpliFire - Groupe BelleFlamme<\/title>\n<meta name=\"description\" content=\"Foyer \u00c9lectrique Allusion Platinum de SimpliFire vendu et install\u00e9 par le Groupe Belleflamme. Laval, Montr\u00e9al, Gatineau et Saint-Sauveur.\" \/>\n<meta name=\"robots\" content=\"index, follow, max-snippet:-1, max-image-preview:large, max-video-preview:-1\" \/>\n<link rel=\"canonical\" href=\"https:\/\/staging.belleflamme.ca\/fr\/produit\/foyer-electrique-allusion-platinum-de-simplifire\/\" \/>\n<meta property=\"og:locale\" content=\"fr_FR\" \/>\n<meta property=\"og:type\" content=\"article\" \/>\n<meta property=\"og:title\" content=\"Foyer \u00c9lectrique Allusion Platinum de SimpliFire\" \/>\n<meta property=\"og:description\" content=\"Foyer \u00c9lectrique Allusion Platinum de SimpliFire vendu et install\u00e9 par le Groupe Belleflamme. Laval, Montr\u00e9al, Gatineau et Saint-Sauveur.\" \/>\n<meta property=\"og:url\" content=\"https:\/\/staging.belleflamme.ca\/fr\/produit\/foyer-electrique-allusion-platinum-de-simplifire\/\" \/>\n<meta property=\"og:site_name\" content=\"Groupe BelleFlamme\" \/>\n<meta property=\"article:publisher\" content=\"https:\/\/www.facebook.com\/belleflamme.ca\/\" \/>\n<meta property=\"article:modified_time\" content=\"2025-04-01T11:14:29+00:00\" \/>\n<meta property=\"og:image\" content=\"https:\/\/www.belleflamme.ca\/wp-content\/uploads\/2024\/04\/Foyer-Electrique-Allusion-Platinum-de-SimpliFire.webp\" \/>\n\t<meta property=\"og:image:width\" content=\"2000\" \/>\n\t<meta property=\"og:image:height\" content=\"1125\" \/>\n\t<meta property=\"og:image:type\" content=\"image\/webp\" \/>\n<meta name=\"twitter:card\" content=\"summary_large_image\" \/>\n<meta name=\"twitter:label1\" content=\"Disponibilit\u00e9\" \/>\n\t<meta name=\"twitter:data1\" content=\"En stock\" \/>\n<script type=\"application\/ld+json\" class=\"yoast-schema-graph\">{\"@context\":\"https:\/\/schema.org\",\"@graph\":[{\"@type\":[\"WebPage\",\"ItemPage\"],\"@id\":\"https:\/\/staging.belleflamme.ca\/fr\/produit\/foyer-electrique-allusion-platinum-de-simplifire\/\",\"url\":\"https:\/\/staging.belleflamme.ca\/fr\/produit\/foyer-electrique-allusion-platinum-de-simplifire\/\",\"name\":\"Foyer \u00c9lectrique Allusion Platinum de SimpliFire - Groupe BelleFlamme\",\"isPartOf\":{\"@id\":\"https:\/\/www.belleflamme.ca\/fr\/#website\"},\"primaryImageOfPage\":{\"@id\":\"https:\/\/staging.belleflamme.ca\/fr\/produit\/foyer-electrique-allusion-platinum-de-simplifire\/#primaryimage\"},\"image\":{\"@id\":\"https:\/\/staging.belleflamme.ca\/fr\/produit\/foyer-electrique-allusion-platinum-de-simplifire\/#primaryimage\"},\"thumbnailUrl\":\"https:\/\/staging.belleflamme.ca\/wp-content\/uploads\/2024\/04\/Foyer-Electrique-Allusion-Platinum-de-SimpliFire.webp\",\"datePublished\":\"2024-04-11T18:18:01+00:00\",\"dateModified\":\"2025-04-01T11:14:29+00:00\",\"description\":\"Foyer \u00c9lectrique Allusion Platinum de SimpliFire vendu et install\u00e9 par le Groupe Belleflamme. Laval, Montr\u00e9al, Gatineau et Saint-Sauveur.\",\"breadcrumb\":{\"@id\":\"https:\/\/staging.belleflamme.ca\/fr\/produit\/foyer-electrique-allusion-platinum-de-simplifire\/#breadcrumb\"},\"inLanguage\":\"fr-FR\",\"potentialAction\":[{\"@type\":\"ReadAction\",\"target\":[\"https:\/\/staging.belleflamme.ca\/fr\/produit\/foyer-electrique-allusion-platinum-de-simplifire\/\"]}]},{\"@type\":\"ImageObject\",\"inLanguage\":\"fr-FR\",\"@id\":\"https:\/\/staging.belleflamme.ca\/fr\/produit\/foyer-electrique-allusion-platinum-de-simplifire\/#primaryimage\",\"url\":\"https:\/\/staging.belleflamme.ca\/wp-content\/uploads\/2024\/04\/Foyer-Electrique-Allusion-Platinum-de-SimpliFire.webp\",\"contentUrl\":\"https:\/\/staging.belleflamme.ca\/wp-content\/uploads\/2024\/04\/Foyer-Electrique-Allusion-Platinum-de-SimpliFire.webp\",\"width\":2000,\"height\":1125,\"caption\":\"Foyer \u00c9lectrique Allusion Platinum de SimpliFire\"},{\"@type\":\"BreadcrumbList\",\"@id\":\"https:\/\/staging.belleflamme.ca\/fr\/produit\/foyer-electrique-allusion-platinum-de-simplifire\/#breadcrumb\",\"itemListElement\":[{\"@type\":\"ListItem\",\"position\":1,\"name\":\"Accueil\",\"item\":\"https:\/\/www.belleflamme.ca\/fr\/\"},{\"@type\":\"ListItem\",\"position\":2,\"name\":\"Boutique\",\"item\":\"https:\/\/www.belleflamme.ca\/fr\/boutique\/\"},{\"@type\":\"ListItem\",\"position\":3,\"name\":\"Po\u00eales &amp; Foyers\",\"item\":\"https:\/\/staging.belleflamme.ca\/fr\/categories\/poeles-et-foyers\/\"},{\"@type\":\"ListItem\",\"position\":4,\"name\":\"Po\u00eale &amp; Foyer \u00c9lectrique\",\"item\":\"https:\/\/staging.belleflamme.ca\/fr\/categories\/poeles-et-foyers\/poele-foyer-electrique\/\"},{\"@type\":\"ListItem\",\"position\":5,\"name\":\"Foyer \u00c9lectrique\",\"item\":\"https:\/\/staging.belleflamme.ca\/fr\/categories\/poeles-et-foyers\/poele-foyer-electrique\/foyer-electrique\/\"},{\"@type\":\"ListItem\",\"position\":6,\"name\":\"Foyer \u00c9lectrique Allusion Platinum de SimpliFire\"}]},{\"@type\":\"WebSite\",\"@id\":\"https:\/\/www.belleflamme.ca\/fr\/#website\",\"url\":\"https:\/\/www.belleflamme.ca\/fr\/\",\"name\":\"Groupe Belleflamme\",\"description\":\"La m\u00e9canique du b\u00e2timent dans le sang.\",\"publisher\":{\"@id\":\"https:\/\/www.belleflamme.ca\/fr\/#organization\"},\"potentialAction\":[{\"@type\":\"SearchAction\",\"target\":{\"@type\":\"EntryPoint\",\"urlTemplate\":\"https:\/\/www.belleflamme.ca\/fr\/?s={search_term_string}\"},\"query-input\":{\"@type\":\"PropertyValueSpecification\",\"valueRequired\":true,\"valueName\":\"search_term_string\"}}],\"inLanguage\":\"fr-FR\"},{\"@type\":[\"Organization\",\"Place\"],\"@id\":\"https:\/\/www.belleflamme.ca\/fr\/#organization\",\"name\":\"Groupe Belleflamme\",\"alternateName\":\"Belleflamme\",\"url\":\"https:\/\/www.belleflamme.ca\/fr\/\",\"logo\":{\"@type\":\"ImageObject\",\"inLanguage\":\"fr-FR\",\"@id\":\"https:\/\/www.belleflamme.ca\/fr\/#\/schema\/logo\/image\/\",\"url\":\"https:\/\/staging.belleflamme.ca\/wp-content\/uploads\/2023\/01\/og-image.jpg\",\"contentUrl\":\"https:\/\/staging.belleflamme.ca\/wp-content\/uploads\/2023\/01\/og-image.jpg\",\"width\":1200,\"height\":630,\"caption\":\"Groupe Belleflamme\"},\"image\":{\"@id\":\"https:\/\/www.belleflamme.ca\/fr\/#\/schema\/logo\/image\/\"},\"sameAs\":[\"https:\/\/www.facebook.com\/belleflamme.ca\/\",\"https:\/\/www.linkedin.com\/company\/belleflamme\/\",\"https:\/\/www.pinterest.ca\/groupebelleflamme\/\",\"https:\/\/www.instagram.com\/legroupebelleflamme\/\"],\"mainEntityOfPage\":{\"@id\":\"https:\/\/staging.belleflamme.ca\/fr\/produit\/foyer-electrique-allusion-platinum-de-simplifire\/\"}}]}<\/script>\n<meta property=\"product:brand\" content=\"SimpliFire\" \/>\n<meta property=\"og:availability\" content=\"instock\" \/>\n<meta property=\"product:availability\" content=\"instock\" \/>\n<meta property=\"product:condition\" content=\"new\" \/>\n<!-- \/ Yoast SEO Premium plugin. -->","yoast_head_json":{"title":"Foyer \u00c9lectrique Allusion Platinum de SimpliFire - Groupe BelleFlamme","description":"Foyer \u00c9lectrique Allusion Platinum de SimpliFire vendu et install\u00e9 par le Groupe Belleflamme. Laval, Montr\u00e9al, Gatineau et Saint-Sauveur.","robots":{"index":"index","follow":"follow","max-snippet":"max-snippet:-1","max-image-preview":"max-image-preview:large","max-video-preview":"max-video-preview:-1"},"canonical":"https:\/\/staging.belleflamme.ca\/fr\/produit\/foyer-electrique-allusion-platinum-de-simplifire\/","og_locale":"fr_FR","og_type":"article","og_title":"Foyer \u00c9lectrique Allusion Platinum de SimpliFire","og_description":"Foyer \u00c9lectrique Allusion Platinum de SimpliFire vendu et install\u00e9 par le Groupe Belleflamme. Laval, Montr\u00e9al, Gatineau et Saint-Sauveur.","og_url":"https:\/\/staging.belleflamme.ca\/fr\/produit\/foyer-electrique-allusion-platinum-de-simplifire\/","og_site_name":"Groupe BelleFlamme","article_publisher":"https:\/\/www.facebook.com\/belleflamme.ca\/","article_modified_time":"2025-04-01T11:14:29+00:00","og_image":[{"width":2000,"height":1125,"url":"https:\/\/www.belleflamme.ca\/wp-content\/uploads\/2024\/04\/Foyer-Electrique-Allusion-Platinum-de-SimpliFire.webp","type":"image\/webp"}],"twitter_card":"summary_large_image","twitter_misc":{"Disponibilit\u00e9":"En stock"},"schema":{"@context":"https:\/\/schema.org","@graph":[{"@type":["WebPage","ItemPage"],"@id":"https:\/\/staging.belleflamme.ca\/fr\/produit\/foyer-electrique-allusion-platinum-de-simplifire\/","url":"https:\/\/staging.belleflamme.ca\/fr\/produit\/foyer-electrique-allusion-platinum-de-simplifire\/","name":"Foyer \u00c9lectrique Allusion Platinum de SimpliFire - Groupe BelleFlamme","isPartOf":{"@id":"https:\/\/www.belleflamme.ca\/fr\/#website"},"primaryImageOfPage":{"@id":"https:\/\/staging.belleflamme.ca\/fr\/produit\/foyer-electrique-allusion-platinum-de-simplifire\/#primaryimage"},"image":{"@id":"https:\/\/staging.belleflamme.ca\/fr\/produit\/foyer-electrique-allusion-platinum-de-simplifire\/#primaryimage"},"thumbnailUrl":"https:\/\/staging.belleflamme.ca\/wp-content\/uploads\/2024\/04\/Foyer-Electrique-Allusion-Platinum-de-SimpliFire.webp","datePublished":"2024-04-11T18:18:01+00:00","dateModified":"2025-04-01T11:14:29+00:00","description":"Foyer \u00c9lectrique Allusion Platinum de SimpliFire vendu et install\u00e9 par le Groupe Belleflamme. Laval, Montr\u00e9al, Gatineau et Saint-Sauveur.","breadcrumb":{"@id":"https:\/\/staging.belleflamme.ca\/fr\/produit\/foyer-electrique-allusion-platinum-de-simplifire\/#breadcrumb"},"inLanguage":"fr-FR","potentialAction":[{"@type":"ReadAction","target":["https:\/\/staging.belleflamme.ca\/fr\/produit\/foyer-electrique-allusion-platinum-de-simplifire\/"]}]},{"@type":"ImageObject","inLanguage":"fr-FR","@id":"https:\/\/staging.belleflamme.ca\/fr\/produit\/foyer-electrique-allusion-platinum-de-simplifire\/#primaryimage","url":"https:\/\/staging.belleflamme.ca\/wp-content\/uploads\/2024\/04\/Foyer-Electrique-Allusion-Platinum-de-SimpliFire.webp","contentUrl":"https:\/\/staging.belleflamme.ca\/wp-content\/uploads\/2024\/04\/Foyer-Electrique-Allusion-Platinum-de-SimpliFire.webp","width":2000,"height":1125,"caption":"Foyer \u00c9lectrique Allusion Platinum de SimpliFire"},{"@type":"BreadcrumbList","@id":"https:\/\/staging.belleflamme.ca\/fr\/produit\/foyer-electrique-allusion-platinum-de-simplifire\/#breadcrumb","itemListElement":[{"@type":"ListItem","position":1,"name":"Accueil","item":"https:\/\/www.belleflamme.ca\/fr\/"},{"@type":"ListItem","position":2,"name":"Boutique","item":"https:\/\/www.belleflamme.ca\/fr\/boutique\/"},{"@type":"ListItem","position":3,"name":"Po\u00eales &amp; Foyers","item":"https:\/\/staging.belleflamme.ca\/fr\/categories\/poeles-et-foyers\/"},{"@type":"ListItem","position":4,"name":"Po\u00eale &amp; Foyer \u00c9lectrique","item":"https:\/\/staging.belleflamme.ca\/fr\/categories\/poeles-et-foyers\/poele-foyer-electrique\/"},{"@type":"ListItem","position":5,"name":"Foyer \u00c9lectrique","item":"https:\/\/staging.belleflamme.ca\/fr\/categories\/poeles-et-foyers\/poele-foyer-electrique\/foyer-electrique\/"},{"@type":"ListItem","position":6,"name":"Foyer \u00c9lectrique Allusion Platinum de SimpliFire"}]},{"@type":"WebSite","@id":"https:\/\/www.belleflamme.ca\/fr\/#website","url":"https:\/\/www.belleflamme.ca\/fr\/","name":"Groupe Belleflamme","description":"La m\u00e9canique du b\u00e2timent dans le sang.","publisher":{"@id":"https:\/\/www.belleflamme.ca\/fr\/#organization"},"potentialAction":[{"@type":"SearchAction","target":{"@type":"EntryPoint","urlTemplate":"https:\/\/www.belleflamme.ca\/fr\/?s={search_term_string}"},"query-input":{"@type":"PropertyValueSpecification","valueRequired":true,"valueName":"search_term_string"}}],"inLanguage":"fr-FR"},{"@type":["Organization","Place"],"@id":"https:\/\/www.belleflamme.ca\/fr\/#organization","name":"Groupe Belleflamme","alternateName":"Belleflamme","url":"https:\/\/www.belleflamme.ca\/fr\/","logo":{"@type":"ImageObject","inLanguage":"fr-FR","@id":"https:\/\/www.belleflamme.ca\/fr\/#\/schema\/logo\/image\/","url":"https:\/\/staging.belleflamme.ca\/wp-content\/uploads\/2023\/01\/og-image.jpg","contentUrl":"https:\/\/staging.belleflamme.ca\/wp-content\/uploads\/2023\/01\/og-image.jpg","width":1200,"height":630,"caption":"Groupe Belleflamme"},"image":{"@id":"https:\/\/www.belleflamme.ca\/fr\/#\/schema\/logo\/image\/"},"sameAs":["https:\/\/www.facebook.com\/belleflamme.ca\/","https:\/\/www.linkedin.com\/company\/belleflamme\/","https:\/\/www.pinterest.ca\/groupebelleflamme\/","https:\/\/www.instagram.com\/legroupebelleflamme\/"],"mainEntityOfPage":{"@id":"https:\/\/staging.belleflamme.ca\/fr\/produit\/foyer-electrique-allusion-platinum-de-simplifire\/"}}]},"product_brand":"SimpliFire","og_availability":"instock","product_availability":"instock","product_condition":"new"},"_links":{"self":[{"href":"https:\/\/staging.belleflamme.ca\/fr\/wp-json\/wp\/v2\/product\/32706","targetHints":{"allow":["GET"]}}],"collection":[{"href":"https:\/\/staging.belleflamme.ca\/fr\/wp-json\/wp\/v2\/product"}],"about":[{"href":"https:\/\/staging.belleflamme.ca\/fr\/wp-json\/wp\/v2\/types\/product"}],"version-history":[{"count":6,"href":"https:\/\/staging.belleflamme.ca\/fr\/wp-json\/wp\/v2\/product\/32706\/revisions"}],"predecessor-version":[{"id":43233,"href":"https:\/\/staging.belleflamme.ca\/fr\/wp-json\/wp\/v2\/product\/32706\/revisions\/43233"}],"wp:featuredmedia":[{"embeddable":true,"href":"https:\/\/staging.belleflamme.ca\/fr\/wp-json\/wp\/v2\/media\/32709"}],"wp:attachment":[{"href":"https:\/\/staging.belleflamme.ca\/fr\/wp-json\/wp\/v2\/media?parent=32706"}],"wp:term":[{"taxonomy":"product_brand","embeddable":true,"href":"https:\/\/staging.belleflamme.ca\/fr\/wp-json\/wp\/v2\/product_brand?post=32706"},{"taxonomy":"product_cat","embeddable":true,"href":"https:\/\/staging.belleflamme.ca\/fr\/wp-json\/wp\/v2\/product_cat?post=32706"},{"taxonomy":"product_tag","embeddable":true,"href":"https:\/\/staging.belleflamme.ca\/fr\/wp-json\/wp\/v2\/product_tag?post=32706"}],"curies":[{"name":"wp","href":"https:\/\/api.w.org\/{rel}","templated":true}]}}