{"id":32627,"date":"2024-04-11T12:28:18","date_gmt":"2024-04-11T16:28:18","guid":{"rendered":"https:\/\/www.belleflamme.ca\/?post_type=product&#038;p=32627"},"modified":"2024-09-25T14:24:15","modified_gmt":"2024-09-25T18:24:15","slug":"foyer-electrique-ignite-evolve-de-dimplex","status":"publish","type":"product","link":"https:\/\/staging.belleflamme.ca\/fr\/produit\/foyer-electrique-ignite-evolve-de-dimplex\/","title":{"rendered":"Foyer \u00c9lectrique Ignite Evolve de Dimplex"},"content":{"rendered":"\t\t<div data-elementor-type=\"product-post\" data-elementor-id=\"32627\" class=\"elementor elementor-32627\" data-elementor-post-type=\"product\">\n\t\t\t\t\t\t<section class=\"elementor-section elementor-top-section elementor-element elementor-element-1ab0fbe2 elementor-section-boxed elementor-section-height-default elementor-section-height-default\" data-id=\"1ab0fbe2\" data-element_type=\"section\">\n\t\t\t\t\t\t<div class=\"elementor-container elementor-column-gap-default\">\n\t\t\t\t\t<div class=\"elementor-column elementor-col-100 elementor-top-column elementor-element elementor-element-5cfaf928\" data-id=\"5cfaf928\" data-element_type=\"column\">\n\t\t\t<div class=\"elementor-widget-wrap elementor-element-populated\">\n\t\t\t\t\t\t<div class=\"elementor-element elementor-element-5ee853d8 elementor-widget elementor-widget-text-editor\" data-id=\"5ee853d8\" data-element_type=\"widget\" data-widget_type=\"text-editor.default\">\n\t\t\t\t<div class=\"elementor-widget-container\">\n\t\t\t\t\t\t\t\t\tL\u2019industrie des foyers \u00e9volue, tout comme la s\u00e9rie Ignite de Dimplex. Le nouveau Ignite Evolve repousse les limites pour s\u2019adapter aux espaces modernes et traditionnels. Profitez de flammes ultrar\u00e9alistes, rehauss\u00e9es d\u2019\u00e9clats de verre aux teintes variables et de bois de gr\u00e8ve plus vrai que nature. Transformez votre espace gr\u00e2ce \u00e0 Ignite\u00ae Evolve.\r\n<ul class=\"product-details__listing\">\r\n \t<li>R\u00e9glez la vitesse de la flamme gr\u00e2ce \u00e0 cinq r\u00e9glages d\u2019intensit\u00e9 pour cr\u00e9er l\u2019atmosph\u00e8re parfaite en fonction de votre humeur ou de la pi\u00e8ce.<\/li>\r\n \t<li>Nouveaux ornements d\u2019\u00e9clats de verre avec des couleurs translucides : ambre, anthracite et blanc, et les nouveaux ornements de bois de gr\u00e8ve moul\u00e9s \u00e0 partir de vraies b\u00fbches de bois.<\/li>\r\n \t<li>La technologie de flamme brevet\u00e9e de Dimplex produit des flammes vives et r\u00e9alistes afin de recr\u00e9er l\u2019aspect d\u2019un feu traditionnel.<\/li>\r\n \t<li>Compatible avec l\u2019application Flame Connect, qui vous permet de contr\u00f4ler votre foyer avec votre t\u00e9l\u00e9phone.<\/li>\r\n<\/ul>\r\n<h3 class=\"specs-title no-img\">Les fiches techniques essentielles<\/h3>\r\n<div class=\"row\">\r\n<div class=\"col-12\">\r\n<div class=\"product-details__specifications-container\">\r\n<div class=\"container\">\r\n<div class=\"row\">\r\n<ul class=\"product-details__specifications-table--spec-list no-img\">\r\n \t<li class=\"product-details__specifications-table--spec-list--specs spec-margin\"><span class=\"spec-title\">Puissance<\/span>\u00a0<span class=\"spec-desription\">1500\/2500<\/span><\/li>\r\n \t<li class=\"product-details__specifications-table--spec-list--specs spec-margin\"><span class=\"spec-title\">Tension<\/span>\u00a0<span class=\"spec-desription\">120\/240<\/span><\/li>\r\n \t<li class=\"product-details__specifications-table--spec-list--specs spec-margin\"><span class=\"spec-title\">BTU<\/span>\u00a0<span class=\"spec-desription\">5118\/8530<\/span><\/li>\r\n \t<li class=\"product-details__specifications-table--spec-list--specs spec-margin\"><span class=\"spec-title\">Profondeur\/longueur du produit (po)<\/span>\u00a0<span class=\"spec-desription\">5.88<\/span><\/li>\r\n \t<li class=\"product-details__specifications-table--spec-list--specs spec-margin\"><span class=\"spec-title\">Hauteur du produit (po)<\/span>\u00a0<span class=\"spec-desription\">16.5<\/span><\/li>\r\n \t<li class=\"product-details__specifications-table--spec-list--specs spec-margin\"><span class=\"spec-title\">Poids du produit (lb)<\/span>\u00a0<span class=\"spec-desription\">73.96<\/span><\/li>\r\n \t<li class=\"product-details__specifications-table--spec-list--specs spec-margin\"><span class=\"spec-title\">Profondeur\/longueur du produit (cm)<\/span>\u00a0<span class=\"spec-desription\">14.94<\/span><\/li>\r\n \t<li class=\"product-details__specifications-table--spec-list--specs spec-margin\"><span class=\"spec-title\">Minuterie<\/span>\u00a0<span class=\"spec-desription\">1<\/span><\/li>\r\n \t<li class=\"product-details__specifications-table--spec-list--specs spec-margin\"><span class=\"spec-title\">T\u00e9l\u00e9commande<\/span>\u00a0<span class=\"spec-desription\">Oui<\/span><\/li>\r\n \t<li class=\"product-details__specifications-table--spec-list--specs spec-margin\"><span class=\"spec-title\">Thermostat int\u00e9gr\u00e9<\/span>\u00a0<span class=\"spec-desription\">Oui<\/span><\/li>\r\n \t<li class=\"product-details__specifications-table--spec-list--specs spec-margin\"><span class=\"spec-title\">Arr\u00eat automatique<\/span>\u00a0<span class=\"spec-desription\">Oui<\/span><\/li>\r\n \t<li class=\"product-details__specifications-table--spec-list--specs spec-margin\"><span class=\"spec-title\">Source d\u2019alimentation<\/span>\u00a0<span class=\"spec-desription\">\u00c9lectrique<\/span><\/li>\r\n \t<li class=\"product-details__specifications-table--spec-list--specs spec-margin\"><span class=\"spec-title\">Garantie<\/span>\u00a0<span class=\"spec-desription\">5 yr limited<\/span><\/li>\r\n \t<li class=\"product-details__specifications-table--spec-list--specs spec-margin\"><span class=\"spec-title\">Largeur du produit (po)<\/span>\u00a0<span class=\"spec-desription\">51.42<\/span><\/li>\r\n<\/ul>\r\n&nbsp;\r\n\r\n<\/div>\r\n<\/div>\r\n<\/div>\r\n<\/div>\r\n<\/div>\t\t\t\t\t\t\t\t<\/div>\n\t\t\t\t<\/div>\n\t\t\t\t\t<\/div>\n\t\t<\/div>\n\t\t\t\t\t<\/div>\n\t\t<\/section>\n\t\t\t\t<section class=\"elementor-section elementor-top-section elementor-element elementor-element-e0203fb elementor-section-boxed elementor-section-height-default elementor-section-height-default\" data-id=\"e0203fb\" data-element_type=\"section\">\n\t\t\t\t\t\t<div class=\"elementor-container elementor-column-gap-default\">\n\t\t\t\t\t<div class=\"elementor-column elementor-col-100 elementor-top-column elementor-element elementor-element-059eb2e\" data-id=\"059eb2e\" data-element_type=\"column\">\n\t\t\t<div class=\"elementor-widget-wrap elementor-element-populated\">\n\t\t\t\t\t\t<div class=\"elementor-element elementor-element-ee862f5 elementor-tabs-view-horizontal elementor-widget elementor-widget-tabs\" data-id=\"ee862f5\" data-element_type=\"widget\" data-widget_type=\"tabs.default\">\n\t\t\t\t<div class=\"elementor-widget-container\">\n\t\t\t\t\t\t\t<div class=\"elementor-tabs\">\n\t\t\t<div class=\"elementor-tabs-wrapper\" role=\"tablist\" >\n\t\t\t\t\t\t\t\t\t<div id=\"elementor-tab-title-2501\" class=\"elementor-tab-title elementor-tab-desktop-title\" aria-selected=\"true\" data-tab=\"1\" role=\"tab\" tabindex=\"0\" aria-controls=\"elementor-tab-content-2501\" aria-expanded=\"false\">Fichiers<\/div>\n\t\t\t\t\t\t\t<\/div>\n\t\t\t<div class=\"elementor-tabs-content-wrapper\" role=\"tablist\" aria-orientation=\"vertical\">\n\t\t\t\t\t\t\t\t\t<div class=\"elementor-tab-title elementor-tab-mobile-title\" aria-selected=\"true\" data-tab=\"1\" role=\"tab\" tabindex=\"0\" aria-controls=\"elementor-tab-content-2501\" aria-expanded=\"false\">Fichiers<\/div>\n\t\t\t\t\t<div id=\"elementor-tab-content-2501\" class=\"elementor-tab-content elementor-clearfix\" data-tab=\"1\" role=\"tabpanel\" aria-labelledby=\"elementor-tab-title-2501\" tabindex=\"0\" hidden=\"false\"><i class=\"far fa-file-pdf fa-xl\" style=\"font-size:35px\"><\/i><a href=\"https:\/\/www.belleflamme.ca\/wp-content\/uploads\/2024\/04\/Dimplex_IgniteSeries_Brochure_LI-1070_R00_2023-11-14_FR.pdf\"> Brochure<\/a><\/br>\n<i class=\"far fa-file-pdf fa-xl\" style=\"font-size:35px\"><\/i><a href=\"https:\/\/www.belleflamme.ca\/wp-content\/uploads\/2024\/04\/Dimplex-3-part-IgniteEvolve_50in_2023-07-26_Fr.pdf\"> Sp\u00e9cifications<\/a><\/br>\n<i class=\"far fa-file-pdf fa-xl\" style=\"font-size:35px\"><\/i><a href=\"https:\/\/www.belleflamme.ca\/wp-content\/uploads\/2024\/04\/Dimplex_Ignite_Evolve_SS_2023-11-01_FR.pdf\"> Catalogue<\/a><\/br>\n<\/div>\n\t\t\t\t\t\t\t<\/div>\n\t\t<\/div>\n\t\t\t\t\t\t<\/div>\n\t\t\t\t<\/div>\n\t\t\t\t\t<\/div>\n\t\t<\/div>\n\t\t\t\t\t<\/div>\n\t\t<\/section>\n\t\t\t\t<\/div>\n\t\t","protected":false},"excerpt":{"rendered":"<p>L\u2019industrie des foyers \u00e9volue, tout comme la s\u00e9rie Ignite de Dimplex. Le nouveau Ignite Evolve repousse les limites pour s\u2019adapter aux espaces modernes et traditionnels. Profitez de flammes ultrar\u00e9alistes, rehauss\u00e9es d\u2019\u00e9clats de verre aux teintes variables et de bois de gr\u00e8ve plus vrai que nature. Transformez votre espace gr\u00e2ce \u00e0 Ignite\u00ae Evolve. R\u00e9glez la vitesse [&hellip;]<\/p>\n","protected":false},"featured_media":32628,"template":"","meta":{"inline_featured_image":false},"product_brand":[232],"product_cat":[240,241,33],"product_tag":[],"class_list":{"0":"post-32627","1":"product","2":"type-product","3":"status-publish","4":"has-post-thumbnail","6":"product_brand-dimplex","7":"product_cat-foyer-electrique","8":"product_cat-poele-foyer-electrique","9":"product_cat-poeles-et-foyers","11":"first","12":"instock","13":"taxable","14":"shipping-taxable","15":"purchasable","16":"product-type-variable"},"yoast_head":"<!-- This site is optimized with the Yoast SEO Premium plugin v24.2 (Yoast SEO v24.2) - https:\/\/yoast.com\/wordpress\/plugins\/seo\/ -->\n<title>Foyer \u00c9lectrique Ignite Evolve de Dimplex - Groupe BelleFlamme<\/title>\n<meta name=\"description\" content=\"Foyer \u00c9lectrique Ignite Evolve de Dimplex sold and installed by Groupe Belleflamme. Laval, Montreal, Gatineau and Saint-Sauveur.\" \/>\n<meta name=\"robots\" content=\"index, follow, max-snippet:-1, max-image-preview:large, max-video-preview:-1\" \/>\n<link rel=\"canonical\" href=\"https:\/\/staging.belleflamme.ca\/fr\/produit\/foyer-electrique-ignite-evolve-de-dimplex\/\" \/>\n<meta property=\"og:locale\" content=\"fr_FR\" \/>\n<meta property=\"og:type\" content=\"article\" \/>\n<meta property=\"og:title\" content=\"Foyer \u00c9lectrique Ignite Evolve de Dimplex\" \/>\n<meta property=\"og:description\" content=\"Foyer \u00c9lectrique Ignite Evolve de Dimplex sold and installed by Groupe Belleflamme. Laval, Montreal, Gatineau and Saint-Sauveur.\" \/>\n<meta property=\"og:url\" content=\"https:\/\/staging.belleflamme.ca\/fr\/produit\/foyer-electrique-ignite-evolve-de-dimplex\/\" \/>\n<meta property=\"og:site_name\" content=\"Groupe BelleFlamme\" \/>\n<meta property=\"article:publisher\" content=\"https:\/\/www.facebook.com\/belleflamme.ca\/\" \/>\n<meta property=\"article:modified_time\" content=\"2024-09-25T18:24:15+00:00\" \/>\n<meta property=\"og:image\" content=\"https:\/\/www.belleflamme.ca\/wp-content\/uploads\/2024\/04\/Foyer-Electrique-Ignite-Evolve-de-Dimplex.jpg\" \/>\n\t<meta property=\"og:image:width\" content=\"600\" \/>\n\t<meta property=\"og:image:height\" content=\"600\" \/>\n\t<meta property=\"og:image:type\" content=\"image\/jpeg\" \/>\n<meta name=\"twitter:card\" content=\"summary_large_image\" \/>\n<meta name=\"twitter:label1\" content=\"Disponibilit\u00e9\" \/>\n\t<meta name=\"twitter:data1\" content=\"En stock\" \/>\n<script type=\"application\/ld+json\" class=\"yoast-schema-graph\">{\"@context\":\"https:\/\/schema.org\",\"@graph\":[{\"@type\":[\"WebPage\",\"ItemPage\"],\"@id\":\"https:\/\/staging.belleflamme.ca\/fr\/produit\/foyer-electrique-ignite-evolve-de-dimplex\/\",\"url\":\"https:\/\/staging.belleflamme.ca\/fr\/produit\/foyer-electrique-ignite-evolve-de-dimplex\/\",\"name\":\"Foyer \u00c9lectrique Ignite Evolve de Dimplex - Groupe BelleFlamme\",\"isPartOf\":{\"@id\":\"https:\/\/www.belleflamme.ca\/fr\/#website\"},\"primaryImageOfPage\":{\"@id\":\"https:\/\/staging.belleflamme.ca\/fr\/produit\/foyer-electrique-ignite-evolve-de-dimplex\/#primaryimage\"},\"image\":{\"@id\":\"https:\/\/staging.belleflamme.ca\/fr\/produit\/foyer-electrique-ignite-evolve-de-dimplex\/#primaryimage\"},\"thumbnailUrl\":\"https:\/\/staging.belleflamme.ca\/wp-content\/uploads\/2024\/04\/Foyer-Electrique-Ignite-Evolve-de-Dimplex.jpg\",\"datePublished\":\"2024-04-11T16:28:18+00:00\",\"dateModified\":\"2024-09-25T18:24:15+00:00\",\"description\":\"Foyer \u00c9lectrique Ignite Evolve de Dimplex sold and installed by Groupe Belleflamme. Laval, Montreal, Gatineau and Saint-Sauveur.\",\"breadcrumb\":{\"@id\":\"https:\/\/staging.belleflamme.ca\/fr\/produit\/foyer-electrique-ignite-evolve-de-dimplex\/#breadcrumb\"},\"inLanguage\":\"fr-FR\",\"potentialAction\":[{\"@type\":\"ReadAction\",\"target\":[\"https:\/\/staging.belleflamme.ca\/fr\/produit\/foyer-electrique-ignite-evolve-de-dimplex\/\"]}]},{\"@type\":\"ImageObject\",\"inLanguage\":\"fr-FR\",\"@id\":\"https:\/\/staging.belleflamme.ca\/fr\/produit\/foyer-electrique-ignite-evolve-de-dimplex\/#primaryimage\",\"url\":\"https:\/\/staging.belleflamme.ca\/wp-content\/uploads\/2024\/04\/Foyer-Electrique-Ignite-Evolve-de-Dimplex.jpg\",\"contentUrl\":\"https:\/\/staging.belleflamme.ca\/wp-content\/uploads\/2024\/04\/Foyer-Electrique-Ignite-Evolve-de-Dimplex.jpg\",\"width\":600,\"height\":600,\"caption\":\"Foyer \u00c9lectrique Ignite Evolve de Dimplex\"},{\"@type\":\"BreadcrumbList\",\"@id\":\"https:\/\/staging.belleflamme.ca\/fr\/produit\/foyer-electrique-ignite-evolve-de-dimplex\/#breadcrumb\",\"itemListElement\":[{\"@type\":\"ListItem\",\"position\":1,\"name\":\"Accueil\",\"item\":\"https:\/\/www.belleflamme.ca\/fr\/\"},{\"@type\":\"ListItem\",\"position\":2,\"name\":\"Boutique\",\"item\":\"https:\/\/www.belleflamme.ca\/fr\/boutique\/\"},{\"@type\":\"ListItem\",\"position\":3,\"name\":\"Po\u00eales &amp; Foyers\",\"item\":\"https:\/\/staging.belleflamme.ca\/fr\/categories\/poeles-et-foyers\/\"},{\"@type\":\"ListItem\",\"position\":4,\"name\":\"Po\u00eale &amp; Foyer \u00c9lectrique\",\"item\":\"https:\/\/staging.belleflamme.ca\/fr\/categories\/poeles-et-foyers\/poele-foyer-electrique\/\"},{\"@type\":\"ListItem\",\"position\":5,\"name\":\"Foyer \u00c9lectrique\",\"item\":\"https:\/\/staging.belleflamme.ca\/fr\/categories\/poeles-et-foyers\/poele-foyer-electrique\/foyer-electrique\/\"},{\"@type\":\"ListItem\",\"position\":6,\"name\":\"Foyer \u00c9lectrique Ignite Evolve de Dimplex\"}]},{\"@type\":\"WebSite\",\"@id\":\"https:\/\/www.belleflamme.ca\/fr\/#website\",\"url\":\"https:\/\/www.belleflamme.ca\/fr\/\",\"name\":\"Groupe Belleflamme\",\"description\":\"La m\u00e9canique du b\u00e2timent dans le sang.\",\"publisher\":{\"@id\":\"https:\/\/www.belleflamme.ca\/fr\/#organization\"},\"potentialAction\":[{\"@type\":\"SearchAction\",\"target\":{\"@type\":\"EntryPoint\",\"urlTemplate\":\"https:\/\/www.belleflamme.ca\/fr\/?s={search_term_string}\"},\"query-input\":{\"@type\":\"PropertyValueSpecification\",\"valueRequired\":true,\"valueName\":\"search_term_string\"}}],\"inLanguage\":\"fr-FR\"},{\"@type\":[\"Organization\",\"Place\"],\"@id\":\"https:\/\/www.belleflamme.ca\/fr\/#organization\",\"name\":\"Groupe Belleflamme\",\"alternateName\":\"Belleflamme\",\"url\":\"https:\/\/www.belleflamme.ca\/fr\/\",\"logo\":{\"@type\":\"ImageObject\",\"inLanguage\":\"fr-FR\",\"@id\":\"https:\/\/www.belleflamme.ca\/fr\/#\/schema\/logo\/image\/\",\"url\":\"https:\/\/staging.belleflamme.ca\/wp-content\/uploads\/2023\/01\/og-image.jpg\",\"contentUrl\":\"https:\/\/staging.belleflamme.ca\/wp-content\/uploads\/2023\/01\/og-image.jpg\",\"width\":1200,\"height\":630,\"caption\":\"Groupe Belleflamme\"},\"image\":{\"@id\":\"https:\/\/www.belleflamme.ca\/fr\/#\/schema\/logo\/image\/\"},\"sameAs\":[\"https:\/\/www.facebook.com\/belleflamme.ca\/\",\"https:\/\/www.linkedin.com\/company\/belleflamme\/\",\"https:\/\/www.pinterest.ca\/groupebelleflamme\/\",\"https:\/\/www.instagram.com\/legroupebelleflamme\/\"],\"mainEntityOfPage\":{\"@id\":\"https:\/\/staging.belleflamme.ca\/fr\/produit\/foyer-electrique-ignite-evolve-de-dimplex\/\"}}]}<\/script>\n<meta property=\"product:brand\" content=\"Dimplex\" \/>\n<meta property=\"og:availability\" content=\"instock\" \/>\n<meta property=\"product:availability\" content=\"instock\" \/>\n<meta property=\"product:condition\" content=\"new\" \/>\n<!-- \/ Yoast SEO Premium plugin. -->","yoast_head_json":{"title":"Foyer \u00c9lectrique Ignite Evolve de Dimplex - Groupe BelleFlamme","description":"Foyer \u00c9lectrique Ignite Evolve de Dimplex sold and installed by Groupe Belleflamme. Laval, Montreal, Gatineau and Saint-Sauveur.","robots":{"index":"index","follow":"follow","max-snippet":"max-snippet:-1","max-image-preview":"max-image-preview:large","max-video-preview":"max-video-preview:-1"},"canonical":"https:\/\/staging.belleflamme.ca\/fr\/produit\/foyer-electrique-ignite-evolve-de-dimplex\/","og_locale":"fr_FR","og_type":"article","og_title":"Foyer \u00c9lectrique Ignite Evolve de Dimplex","og_description":"Foyer \u00c9lectrique Ignite Evolve de Dimplex sold and installed by Groupe Belleflamme. Laval, Montreal, Gatineau and Saint-Sauveur.","og_url":"https:\/\/staging.belleflamme.ca\/fr\/produit\/foyer-electrique-ignite-evolve-de-dimplex\/","og_site_name":"Groupe BelleFlamme","article_publisher":"https:\/\/www.facebook.com\/belleflamme.ca\/","article_modified_time":"2024-09-25T18:24:15+00:00","og_image":[{"width":600,"height":600,"url":"https:\/\/www.belleflamme.ca\/wp-content\/uploads\/2024\/04\/Foyer-Electrique-Ignite-Evolve-de-Dimplex.jpg","type":"image\/jpeg"}],"twitter_card":"summary_large_image","twitter_misc":{"Disponibilit\u00e9":"En stock"},"schema":{"@context":"https:\/\/schema.org","@graph":[{"@type":["WebPage","ItemPage"],"@id":"https:\/\/staging.belleflamme.ca\/fr\/produit\/foyer-electrique-ignite-evolve-de-dimplex\/","url":"https:\/\/staging.belleflamme.ca\/fr\/produit\/foyer-electrique-ignite-evolve-de-dimplex\/","name":"Foyer \u00c9lectrique Ignite Evolve de Dimplex - Groupe BelleFlamme","isPartOf":{"@id":"https:\/\/www.belleflamme.ca\/fr\/#website"},"primaryImageOfPage":{"@id":"https:\/\/staging.belleflamme.ca\/fr\/produit\/foyer-electrique-ignite-evolve-de-dimplex\/#primaryimage"},"image":{"@id":"https:\/\/staging.belleflamme.ca\/fr\/produit\/foyer-electrique-ignite-evolve-de-dimplex\/#primaryimage"},"thumbnailUrl":"https:\/\/staging.belleflamme.ca\/wp-content\/uploads\/2024\/04\/Foyer-Electrique-Ignite-Evolve-de-Dimplex.jpg","datePublished":"2024-04-11T16:28:18+00:00","dateModified":"2024-09-25T18:24:15+00:00","description":"Foyer \u00c9lectrique Ignite Evolve de Dimplex sold and installed by Groupe Belleflamme. Laval, Montreal, Gatineau and Saint-Sauveur.","breadcrumb":{"@id":"https:\/\/staging.belleflamme.ca\/fr\/produit\/foyer-electrique-ignite-evolve-de-dimplex\/#breadcrumb"},"inLanguage":"fr-FR","potentialAction":[{"@type":"ReadAction","target":["https:\/\/staging.belleflamme.ca\/fr\/produit\/foyer-electrique-ignite-evolve-de-dimplex\/"]}]},{"@type":"ImageObject","inLanguage":"fr-FR","@id":"https:\/\/staging.belleflamme.ca\/fr\/produit\/foyer-electrique-ignite-evolve-de-dimplex\/#primaryimage","url":"https:\/\/staging.belleflamme.ca\/wp-content\/uploads\/2024\/04\/Foyer-Electrique-Ignite-Evolve-de-Dimplex.jpg","contentUrl":"https:\/\/staging.belleflamme.ca\/wp-content\/uploads\/2024\/04\/Foyer-Electrique-Ignite-Evolve-de-Dimplex.jpg","width":600,"height":600,"caption":"Foyer \u00c9lectrique Ignite Evolve de Dimplex"},{"@type":"BreadcrumbList","@id":"https:\/\/staging.belleflamme.ca\/fr\/produit\/foyer-electrique-ignite-evolve-de-dimplex\/#breadcrumb","itemListElement":[{"@type":"ListItem","position":1,"name":"Accueil","item":"https:\/\/www.belleflamme.ca\/fr\/"},{"@type":"ListItem","position":2,"name":"Boutique","item":"https:\/\/www.belleflamme.ca\/fr\/boutique\/"},{"@type":"ListItem","position":3,"name":"Po\u00eales &amp; Foyers","item":"https:\/\/staging.belleflamme.ca\/fr\/categories\/poeles-et-foyers\/"},{"@type":"ListItem","position":4,"name":"Po\u00eale &amp; Foyer \u00c9lectrique","item":"https:\/\/staging.belleflamme.ca\/fr\/categories\/poeles-et-foyers\/poele-foyer-electrique\/"},{"@type":"ListItem","position":5,"name":"Foyer \u00c9lectrique","item":"https:\/\/staging.belleflamme.ca\/fr\/categories\/poeles-et-foyers\/poele-foyer-electrique\/foyer-electrique\/"},{"@type":"ListItem","position":6,"name":"Foyer \u00c9lectrique Ignite Evolve de Dimplex"}]},{"@type":"WebSite","@id":"https:\/\/www.belleflamme.ca\/fr\/#website","url":"https:\/\/www.belleflamme.ca\/fr\/","name":"Groupe Belleflamme","description":"La m\u00e9canique du b\u00e2timent dans le sang.","publisher":{"@id":"https:\/\/www.belleflamme.ca\/fr\/#organization"},"potentialAction":[{"@type":"SearchAction","target":{"@type":"EntryPoint","urlTemplate":"https:\/\/www.belleflamme.ca\/fr\/?s={search_term_string}"},"query-input":{"@type":"PropertyValueSpecification","valueRequired":true,"valueName":"search_term_string"}}],"inLanguage":"fr-FR"},{"@type":["Organization","Place"],"@id":"https:\/\/www.belleflamme.ca\/fr\/#organization","name":"Groupe Belleflamme","alternateName":"Belleflamme","url":"https:\/\/www.belleflamme.ca\/fr\/","logo":{"@type":"ImageObject","inLanguage":"fr-FR","@id":"https:\/\/www.belleflamme.ca\/fr\/#\/schema\/logo\/image\/","url":"https:\/\/staging.belleflamme.ca\/wp-content\/uploads\/2023\/01\/og-image.jpg","contentUrl":"https:\/\/staging.belleflamme.ca\/wp-content\/uploads\/2023\/01\/og-image.jpg","width":1200,"height":630,"caption":"Groupe Belleflamme"},"image":{"@id":"https:\/\/www.belleflamme.ca\/fr\/#\/schema\/logo\/image\/"},"sameAs":["https:\/\/www.facebook.com\/belleflamme.ca\/","https:\/\/www.linkedin.com\/company\/belleflamme\/","https:\/\/www.pinterest.ca\/groupebelleflamme\/","https:\/\/www.instagram.com\/legroupebelleflamme\/"],"mainEntityOfPage":{"@id":"https:\/\/staging.belleflamme.ca\/fr\/produit\/foyer-electrique-ignite-evolve-de-dimplex\/"}}]},"product_brand":"Dimplex","og_availability":"instock","product_availability":"instock","product_condition":"new"},"_links":{"self":[{"href":"https:\/\/staging.belleflamme.ca\/fr\/wp-json\/wp\/v2\/product\/32627","targetHints":{"allow":["GET"]}}],"collection":[{"href":"https:\/\/staging.belleflamme.ca\/fr\/wp-json\/wp\/v2\/product"}],"about":[{"href":"https:\/\/staging.belleflamme.ca\/fr\/wp-json\/wp\/v2\/types\/product"}],"version-history":[{"count":6,"href":"https:\/\/staging.belleflamme.ca\/fr\/wp-json\/wp\/v2\/product\/32627\/revisions"}],"predecessor-version":[{"id":37488,"href":"https:\/\/staging.belleflamme.ca\/fr\/wp-json\/wp\/v2\/product\/32627\/revisions\/37488"}],"wp:featuredmedia":[{"embeddable":true,"href":"https:\/\/staging.belleflamme.ca\/fr\/wp-json\/wp\/v2\/media\/32628"}],"wp:attachment":[{"href":"https:\/\/staging.belleflamme.ca\/fr\/wp-json\/wp\/v2\/media?parent=32627"}],"wp:term":[{"taxonomy":"product_brand","embeddable":true,"href":"https:\/\/staging.belleflamme.ca\/fr\/wp-json\/wp\/v2\/product_brand?post=32627"},{"taxonomy":"product_cat","embeddable":true,"href":"https:\/\/staging.belleflamme.ca\/fr\/wp-json\/wp\/v2\/product_cat?post=32627"},{"taxonomy":"product_tag","embeddable":true,"href":"https:\/\/staging.belleflamme.ca\/fr\/wp-json\/wp\/v2\/product_tag?post=32627"}],"curies":[{"name":"wp","href":"https:\/\/api.w.org\/{rel}","templated":true}]}}