{"id":3253,"date":"2023-02-07T15:54:11","date_gmt":"2023-02-07T20:54:11","guid":{"rendered":"https:\/\/www.belleflamme.ca\/product\/foyer-tc36-arque\/"},"modified":"2024-09-24T15:16:58","modified_gmt":"2024-09-24T19:16:58","slug":"foyer-tc36-arque","status":"publish","type":"product","link":"https:\/\/staging.belleflamme.ca\/fr\/produit\/foyer-tc36-arque\/","title":{"rendered":"Foyer  au Gaz TC36 Arqu\u00e9 de Town and Country"},"content":{"rendered":"\t\t<div data-elementor-type=\"product-post\" data-elementor-id=\"3253\" class=\"elementor elementor-3253\" data-elementor-post-type=\"product\">\n\t\t\t\t\t\t<section class=\"elementor-section elementor-top-section elementor-element elementor-element-869a105 elementor-section-boxed elementor-section-height-default elementor-section-height-default\" data-id=\"869a105\" data-element_type=\"section\">\n\t\t\t\t\t\t<div class=\"elementor-container elementor-column-gap-default\">\n\t\t\t\t\t<div class=\"elementor-column elementor-col-100 elementor-top-column elementor-element elementor-element-6930a994\" data-id=\"6930a994\" data-element_type=\"column\">\n\t\t\t<div class=\"elementor-widget-wrap elementor-element-populated\">\n\t\t\t\t\t\t<div class=\"elementor-element elementor-element-53516e75 elementor-widget elementor-widget-text-editor\" data-id=\"53516e75\" data-element_type=\"widget\" data-widget_type=\"text-editor.default\">\n\t\t\t\t<div class=\"elementor-widget-container\">\n\t\t\t\t\t\t\t\t\tL\u2019imposant TC36 \u00e0 arche est dot\u00e9 d\u2019une fa\u00e7ade classique \u00e0 arche en berceau qui reproduit les \u00e2tres de style Rumford des maisons de la noblesse d\u2019une \u00e9poque r\u00e9volue. Ce foyer \u00e0 arche ne comporte aucune moulure ni persienne, ce qui vous permet de couronner sa fa\u00e7ade avec des pierres, des carreaux ou d\u2019autres mat\u00e9riaux qui lui donneront une allure encore plus traditionnelle.\t\t\t\t\t\t\t\t<\/div>\n\t\t\t\t<\/div>\n\t\t\t\t\t<\/div>\n\t\t<\/div>\n\t\t\t\t\t<\/div>\n\t\t<\/section>\n\t\t\t\t<section class=\"elementor-section elementor-top-section elementor-element elementor-element-dfa9a46 elementor-section-boxed elementor-section-height-default elementor-section-height-default\" data-id=\"dfa9a46\" data-element_type=\"section\">\n\t\t\t\t\t\t<div class=\"elementor-container elementor-column-gap-default\">\n\t\t\t\t\t<div class=\"elementor-column elementor-col-100 elementor-top-column elementor-element elementor-element-0d73d69\" data-id=\"0d73d69\" data-element_type=\"column\">\n\t\t\t<div class=\"elementor-widget-wrap elementor-element-populated\">\n\t\t\t\t\t\t<div class=\"elementor-element elementor-element-9057139 elementor-tabs-view-horizontal elementor-widget elementor-widget-tabs\" data-id=\"9057139\" data-element_type=\"widget\" data-widget_type=\"tabs.default\">\n\t\t\t\t<div class=\"elementor-widget-container\">\n\t\t\t\t\t\t\t<div class=\"elementor-tabs\">\n\t\t\t<div class=\"elementor-tabs-wrapper\" role=\"tablist\" >\n\t\t\t\t\t\t\t\t\t<div id=\"elementor-tab-title-1511\" class=\"elementor-tab-title elementor-tab-desktop-title\" aria-selected=\"true\" data-tab=\"1\" role=\"tab\" tabindex=\"0\" aria-controls=\"elementor-tab-content-1511\" aria-expanded=\"false\">Fichiers<\/div>\n\t\t\t\t\t\t\t<\/div>\n\t\t\t<div class=\"elementor-tabs-content-wrapper\" role=\"tablist\" aria-orientation=\"vertical\">\n\t\t\t\t\t\t\t\t\t<div class=\"elementor-tab-title elementor-tab-mobile-title\" aria-selected=\"true\" data-tab=\"1\" role=\"tab\" tabindex=\"0\" aria-controls=\"elementor-tab-content-1511\" aria-expanded=\"false\">Fichiers<\/div>\n\t\t\t\t\t<div id=\"elementor-tab-content-1511\" class=\"elementor-tab-content elementor-clearfix\" data-tab=\"1\" role=\"tabpanel\" aria-labelledby=\"elementor-tab-title-1511\" tabindex=\"0\" hidden=\"false\"><i class=\"far fa-file-pdf fa-xl\" style=\"font-size:35px\"><\/i><a href=\"https:\/\/www.belleflamme.ca\/wp-content\/uploads\/2023\/02\/2019-TC36-Specsheet-1.pdf\"> Fiche Technique TC36 Arque<\/a><\/br>\n\n<i class=\"far fa-file-pdf fa-xl\" style=\"font-size:35px\"><\/i><a href=\"https:\/\/www.belleflamme.ca\/wp-content\/uploads\/2023\/02\/100000818-50_User_TC36D.ver2_250418-17-1.pdf\"> Manuel TC36 Arque<\/a><\/br>\n\n<i class=\"far fa-file-pdf fa-xl\" style=\"font-size:35px\"><\/i><a href=\"https:\/\/www.belleflamme.ca\/wp-content\/uploads\/2023\/02\/100000817-Installation-TC36D2-TC36D2ARCH-150322-48.pdf\"> Installation TC36 Arque<\/a><\/br><\/div>\n\t\t\t\t\t\t\t<\/div>\n\t\t<\/div>\n\t\t\t\t\t\t<\/div>\n\t\t\t\t<\/div>\n\t\t\t\t\t<\/div>\n\t\t<\/div>\n\t\t\t\t\t<\/div>\n\t\t<\/section>\n\t\t\t\t<\/div>\n\t\t","protected":false},"excerpt":{"rendered":"<p>L\u2019imposant TC36 \u00e0 arche est dot\u00e9 d\u2019une fa\u00e7ade classique \u00e0 arche en berceau qui reproduit les \u00e2tres de style Rumford des maisons de la noblesse d\u2019une \u00e9poque r\u00e9volue. Ce foyer \u00e0 arche ne comporte aucune moulure ni persienne, ce qui vous permet de couronner sa fa\u00e7ade avec des pierres, des carreaux ou d\u2019autres mat\u00e9riaux qui [&hellip;]<\/p>\n","protected":false},"featured_media":3541,"template":"","meta":{"inline_featured_image":false},"product_brand":[220],"product_cat":[33,35,37],"product_tag":[],"class_list":{"0":"post-3253","1":"product","2":"type-product","3":"status-publish","4":"has-post-thumbnail","6":"product_brand-town-and-country","7":"product_cat-poeles-et-foyers","8":"product_cat-poeles-foyer-au-gaz","9":"product_cat-foyer-au-gaz","11":"first","12":"instock","13":"taxable","14":"shipping-taxable","15":"purchasable","16":"product-type-simple"},"yoast_head":"<!-- This site is optimized with the Yoast SEO Premium plugin v24.2 (Yoast SEO v24.2) - https:\/\/yoast.com\/wordpress\/plugins\/seo\/ -->\n<title>Foyer au Gaz TC36 Arqu\u00e9 de Town and Country - Groupe BelleFlamme<\/title>\n<meta name=\"description\" content=\"Foyer au Gaz TC36 Arqu\u00e9 de Town and Country vendu et install\u00e9 par le Groupe Belleflamme. Laval, Montr\u00e9al, Gatineau, Drummondville et Saint-Sauveur.\" \/>\n<meta name=\"robots\" content=\"index, follow, max-snippet:-1, max-image-preview:large, max-video-preview:-1\" \/>\n<link rel=\"canonical\" href=\"https:\/\/staging.belleflamme.ca\/fr\/produit\/foyer-tc36-arque\/\" \/>\n<meta property=\"og:locale\" content=\"fr_FR\" \/>\n<meta property=\"og:type\" content=\"article\" \/>\n<meta property=\"og:title\" content=\"Foyer au Gaz TC36 Arqu\u00e9 de Town and Country\" \/>\n<meta property=\"og:description\" content=\"Foyer au Gaz TC36 Arqu\u00e9 de Town and Country vendu et install\u00e9 par le Groupe Belleflamme. Laval, Montr\u00e9al, Gatineau, Drummondville et Saint-Sauveur.\" \/>\n<meta property=\"og:url\" content=\"https:\/\/staging.belleflamme.ca\/fr\/produit\/foyer-tc36-arque\/\" \/>\n<meta property=\"og:site_name\" content=\"Groupe BelleFlamme\" \/>\n<meta property=\"article:publisher\" content=\"https:\/\/www.facebook.com\/belleflamme.ca\/\" \/>\n<meta property=\"article:modified_time\" content=\"2024-09-24T19:16:58+00:00\" \/>\n<meta property=\"og:image\" content=\"https:\/\/www.belleflamme.ca\/wp-content\/uploads\/2023\/02\/TC36Arch_room_hero_HR-1608x1286-1.jpg\" \/>\n\t<meta property=\"og:image:width\" content=\"1608\" \/>\n\t<meta property=\"og:image:height\" content=\"1286\" \/>\n\t<meta property=\"og:image:type\" content=\"image\/jpeg\" \/>\n<meta name=\"twitter:card\" content=\"summary_large_image\" \/>\n<meta name=\"twitter:label1\" content=\"Prix\" \/>\n\t<meta name=\"twitter:data1\" content=\"&#036;7,299.00\" \/>\n\t<meta name=\"twitter:label2\" content=\"Disponibilit\u00e9\" \/>\n\t<meta name=\"twitter:data2\" content=\"En stock\" \/>\n<script type=\"application\/ld+json\" class=\"yoast-schema-graph\">{\"@context\":\"https:\/\/schema.org\",\"@graph\":[{\"@type\":[\"WebPage\",\"ItemPage\"],\"@id\":\"https:\/\/staging.belleflamme.ca\/fr\/produit\/foyer-tc36-arque\/\",\"url\":\"https:\/\/staging.belleflamme.ca\/fr\/produit\/foyer-tc36-arque\/\",\"name\":\"Foyer au Gaz TC36 Arqu\u00e9 de Town and Country - Groupe BelleFlamme\",\"isPartOf\":{\"@id\":\"https:\/\/www.belleflamme.ca\/fr\/#website\"},\"primaryImageOfPage\":{\"@id\":\"https:\/\/staging.belleflamme.ca\/fr\/produit\/foyer-tc36-arque\/#primaryimage\"},\"image\":{\"@id\":\"https:\/\/staging.belleflamme.ca\/fr\/produit\/foyer-tc36-arque\/#primaryimage\"},\"thumbnailUrl\":\"https:\/\/staging.belleflamme.ca\/wp-content\/uploads\/2023\/02\/TC36Arch_room_hero_HR-1608x1286-1.jpg\",\"datePublished\":\"2023-02-07T20:54:11+00:00\",\"dateModified\":\"2024-09-24T19:16:58+00:00\",\"description\":\"Foyer au Gaz TC36 Arqu\u00e9 de Town and Country [get_meta_en_fr]\",\"breadcrumb\":{\"@id\":\"https:\/\/staging.belleflamme.ca\/fr\/produit\/foyer-tc36-arque\/#breadcrumb\"},\"inLanguage\":\"fr-FR\",\"potentialAction\":[{\"@type\":\"ReadAction\",\"target\":[\"https:\/\/staging.belleflamme.ca\/fr\/produit\/foyer-tc36-arque\/\"]}]},{\"@type\":\"ImageObject\",\"inLanguage\":\"fr-FR\",\"@id\":\"https:\/\/staging.belleflamme.ca\/fr\/produit\/foyer-tc36-arque\/#primaryimage\",\"url\":\"https:\/\/staging.belleflamme.ca\/wp-content\/uploads\/2023\/02\/TC36Arch_room_hero_HR-1608x1286-1.jpg\",\"contentUrl\":\"https:\/\/staging.belleflamme.ca\/wp-content\/uploads\/2023\/02\/TC36Arch_room_hero_HR-1608x1286-1.jpg\",\"width\":1608,\"height\":1286,\"caption\":\"tc36 arch town and country\"},{\"@type\":\"BreadcrumbList\",\"@id\":\"https:\/\/staging.belleflamme.ca\/fr\/produit\/foyer-tc36-arque\/#breadcrumb\",\"itemListElement\":[{\"@type\":\"ListItem\",\"position\":1,\"name\":\"Accueil\",\"item\":\"https:\/\/www.belleflamme.ca\/fr\/\"},{\"@type\":\"ListItem\",\"position\":2,\"name\":\"Boutique\",\"item\":\"https:\/\/www.belleflamme.ca\/fr\/boutique\/\"},{\"@type\":\"ListItem\",\"position\":3,\"name\":\"Po\u00eales &amp; Foyers\",\"item\":\"https:\/\/staging.belleflamme.ca\/fr\/categories\/poeles-et-foyers\/\"},{\"@type\":\"ListItem\",\"position\":4,\"name\":\"Po\u00eale &amp; Foyer au Gaz\",\"item\":\"https:\/\/staging.belleflamme.ca\/fr\/categories\/poeles-et-foyers\/poeles-foyer-au-gaz\/\"},{\"@type\":\"ListItem\",\"position\":5,\"name\":\"Foyer au Gaz\",\"item\":\"https:\/\/staging.belleflamme.ca\/fr\/categories\/poeles-et-foyers\/poeles-foyer-au-gaz\/foyer-au-gaz\/\"},{\"@type\":\"ListItem\",\"position\":6,\"name\":\"Foyer au Gaz TC36 Arqu\u00e9 de Town and Country\"}]},{\"@type\":\"WebSite\",\"@id\":\"https:\/\/www.belleflamme.ca\/fr\/#website\",\"url\":\"https:\/\/www.belleflamme.ca\/fr\/\",\"name\":\"Groupe Belleflamme\",\"description\":\"La m\u00e9canique du b\u00e2timent dans le sang.\",\"publisher\":{\"@id\":\"https:\/\/www.belleflamme.ca\/fr\/#organization\"},\"potentialAction\":[{\"@type\":\"SearchAction\",\"target\":{\"@type\":\"EntryPoint\",\"urlTemplate\":\"https:\/\/www.belleflamme.ca\/fr\/?s={search_term_string}\"},\"query-input\":{\"@type\":\"PropertyValueSpecification\",\"valueRequired\":true,\"valueName\":\"search_term_string\"}}],\"inLanguage\":\"fr-FR\"},{\"@type\":[\"Organization\",\"Place\"],\"@id\":\"https:\/\/www.belleflamme.ca\/fr\/#organization\",\"name\":\"Groupe Belleflamme\",\"alternateName\":\"Belleflamme\",\"url\":\"https:\/\/www.belleflamme.ca\/fr\/\",\"logo\":{\"@type\":\"ImageObject\",\"inLanguage\":\"fr-FR\",\"@id\":\"https:\/\/www.belleflamme.ca\/fr\/#\/schema\/logo\/image\/\",\"url\":\"https:\/\/staging.belleflamme.ca\/wp-content\/uploads\/2023\/01\/og-image.jpg\",\"contentUrl\":\"https:\/\/staging.belleflamme.ca\/wp-content\/uploads\/2023\/01\/og-image.jpg\",\"width\":1200,\"height\":630,\"caption\":\"Groupe Belleflamme\"},\"image\":{\"@id\":\"https:\/\/www.belleflamme.ca\/fr\/#\/schema\/logo\/image\/\"},\"sameAs\":[\"https:\/\/www.facebook.com\/belleflamme.ca\/\",\"https:\/\/www.linkedin.com\/company\/belleflamme\/\",\"https:\/\/www.pinterest.ca\/groupebelleflamme\/\",\"https:\/\/www.instagram.com\/legroupebelleflamme\/\"],\"mainEntityOfPage\":{\"@id\":\"https:\/\/staging.belleflamme.ca\/fr\/produit\/foyer-tc36-arque\/\"}}]}<\/script>\n<meta property=\"product:brand\" content=\"Town &amp; Country\" \/>\n<meta property=\"product:price:amount\" content=\"7299.00\" \/>\n<meta property=\"product:price:currency\" content=\"CAD\" \/>\n<meta property=\"og:availability\" content=\"instock\" \/>\n<meta property=\"product:availability\" content=\"instock\" \/>\n<meta property=\"product:retailer_item_id\" content=\"22030017\" \/>\n<meta property=\"product:condition\" content=\"new\" \/>\n<!-- \/ Yoast SEO Premium plugin. -->","yoast_head_json":{"title":"Foyer au Gaz TC36 Arqu\u00e9 de Town and Country - Groupe BelleFlamme","description":"Foyer au Gaz TC36 Arqu\u00e9 de Town and Country vendu et install\u00e9 par le Groupe Belleflamme. Laval, Montr\u00e9al, Gatineau, Drummondville et Saint-Sauveur.","robots":{"index":"index","follow":"follow","max-snippet":"max-snippet:-1","max-image-preview":"max-image-preview:large","max-video-preview":"max-video-preview:-1"},"canonical":"https:\/\/staging.belleflamme.ca\/fr\/produit\/foyer-tc36-arque\/","og_locale":"fr_FR","og_type":"article","og_title":"Foyer au Gaz TC36 Arqu\u00e9 de Town and Country","og_description":"Foyer au Gaz TC36 Arqu\u00e9 de Town and Country vendu et install\u00e9 par le Groupe Belleflamme. Laval, Montr\u00e9al, Gatineau, Drummondville et Saint-Sauveur.","og_url":"https:\/\/staging.belleflamme.ca\/fr\/produit\/foyer-tc36-arque\/","og_site_name":"Groupe BelleFlamme","article_publisher":"https:\/\/www.facebook.com\/belleflamme.ca\/","article_modified_time":"2024-09-24T19:16:58+00:00","og_image":[{"width":1608,"height":1286,"url":"https:\/\/www.belleflamme.ca\/wp-content\/uploads\/2023\/02\/TC36Arch_room_hero_HR-1608x1286-1.jpg","type":"image\/jpeg"}],"twitter_card":"summary_large_image","twitter_misc":{"Prix":"&#36;7,299.00","Disponibilit\u00e9":"En stock"},"schema":{"@context":"https:\/\/schema.org","@graph":[{"@type":["WebPage","ItemPage"],"@id":"https:\/\/staging.belleflamme.ca\/fr\/produit\/foyer-tc36-arque\/","url":"https:\/\/staging.belleflamme.ca\/fr\/produit\/foyer-tc36-arque\/","name":"Foyer au Gaz TC36 Arqu\u00e9 de Town and Country - Groupe BelleFlamme","isPartOf":{"@id":"https:\/\/www.belleflamme.ca\/fr\/#website"},"primaryImageOfPage":{"@id":"https:\/\/staging.belleflamme.ca\/fr\/produit\/foyer-tc36-arque\/#primaryimage"},"image":{"@id":"https:\/\/staging.belleflamme.ca\/fr\/produit\/foyer-tc36-arque\/#primaryimage"},"thumbnailUrl":"https:\/\/staging.belleflamme.ca\/wp-content\/uploads\/2023\/02\/TC36Arch_room_hero_HR-1608x1286-1.jpg","datePublished":"2023-02-07T20:54:11+00:00","dateModified":"2024-09-24T19:16:58+00:00","description":"Foyer au Gaz TC36 Arqu\u00e9 de Town and Country [get_meta_en_fr]","breadcrumb":{"@id":"https:\/\/staging.belleflamme.ca\/fr\/produit\/foyer-tc36-arque\/#breadcrumb"},"inLanguage":"fr-FR","potentialAction":[{"@type":"ReadAction","target":["https:\/\/staging.belleflamme.ca\/fr\/produit\/foyer-tc36-arque\/"]}]},{"@type":"ImageObject","inLanguage":"fr-FR","@id":"https:\/\/staging.belleflamme.ca\/fr\/produit\/foyer-tc36-arque\/#primaryimage","url":"https:\/\/staging.belleflamme.ca\/wp-content\/uploads\/2023\/02\/TC36Arch_room_hero_HR-1608x1286-1.jpg","contentUrl":"https:\/\/staging.belleflamme.ca\/wp-content\/uploads\/2023\/02\/TC36Arch_room_hero_HR-1608x1286-1.jpg","width":1608,"height":1286,"caption":"tc36 arch town and country"},{"@type":"BreadcrumbList","@id":"https:\/\/staging.belleflamme.ca\/fr\/produit\/foyer-tc36-arque\/#breadcrumb","itemListElement":[{"@type":"ListItem","position":1,"name":"Accueil","item":"https:\/\/www.belleflamme.ca\/fr\/"},{"@type":"ListItem","position":2,"name":"Boutique","item":"https:\/\/www.belleflamme.ca\/fr\/boutique\/"},{"@type":"ListItem","position":3,"name":"Po\u00eales &amp; Foyers","item":"https:\/\/staging.belleflamme.ca\/fr\/categories\/poeles-et-foyers\/"},{"@type":"ListItem","position":4,"name":"Po\u00eale &amp; Foyer au Gaz","item":"https:\/\/staging.belleflamme.ca\/fr\/categories\/poeles-et-foyers\/poeles-foyer-au-gaz\/"},{"@type":"ListItem","position":5,"name":"Foyer au Gaz","item":"https:\/\/staging.belleflamme.ca\/fr\/categories\/poeles-et-foyers\/poeles-foyer-au-gaz\/foyer-au-gaz\/"},{"@type":"ListItem","position":6,"name":"Foyer au Gaz TC36 Arqu\u00e9 de Town and Country"}]},{"@type":"WebSite","@id":"https:\/\/www.belleflamme.ca\/fr\/#website","url":"https:\/\/www.belleflamme.ca\/fr\/","name":"Groupe Belleflamme","description":"La m\u00e9canique du b\u00e2timent dans le sang.","publisher":{"@id":"https:\/\/www.belleflamme.ca\/fr\/#organization"},"potentialAction":[{"@type":"SearchAction","target":{"@type":"EntryPoint","urlTemplate":"https:\/\/www.belleflamme.ca\/fr\/?s={search_term_string}"},"query-input":{"@type":"PropertyValueSpecification","valueRequired":true,"valueName":"search_term_string"}}],"inLanguage":"fr-FR"},{"@type":["Organization","Place"],"@id":"https:\/\/www.belleflamme.ca\/fr\/#organization","name":"Groupe Belleflamme","alternateName":"Belleflamme","url":"https:\/\/www.belleflamme.ca\/fr\/","logo":{"@type":"ImageObject","inLanguage":"fr-FR","@id":"https:\/\/www.belleflamme.ca\/fr\/#\/schema\/logo\/image\/","url":"https:\/\/staging.belleflamme.ca\/wp-content\/uploads\/2023\/01\/og-image.jpg","contentUrl":"https:\/\/staging.belleflamme.ca\/wp-content\/uploads\/2023\/01\/og-image.jpg","width":1200,"height":630,"caption":"Groupe Belleflamme"},"image":{"@id":"https:\/\/www.belleflamme.ca\/fr\/#\/schema\/logo\/image\/"},"sameAs":["https:\/\/www.facebook.com\/belleflamme.ca\/","https:\/\/www.linkedin.com\/company\/belleflamme\/","https:\/\/www.pinterest.ca\/groupebelleflamme\/","https:\/\/www.instagram.com\/legroupebelleflamme\/"],"mainEntityOfPage":{"@id":"https:\/\/staging.belleflamme.ca\/fr\/produit\/foyer-tc36-arque\/"}}]},"product_brand":"Town &amp; Country","product_price_amount":"7299.00","product_price_currency":"CAD","og_availability":"instock","product_availability":"instock","product_retailer_item_id":"22030017","product_condition":"new"},"_links":{"self":[{"href":"https:\/\/staging.belleflamme.ca\/fr\/wp-json\/wp\/v2\/product\/3253","targetHints":{"allow":["GET"]}}],"collection":[{"href":"https:\/\/staging.belleflamme.ca\/fr\/wp-json\/wp\/v2\/product"}],"about":[{"href":"https:\/\/staging.belleflamme.ca\/fr\/wp-json\/wp\/v2\/types\/product"}],"version-history":[{"count":6,"href":"https:\/\/staging.belleflamme.ca\/fr\/wp-json\/wp\/v2\/product\/3253\/revisions"}],"predecessor-version":[{"id":43253,"href":"https:\/\/staging.belleflamme.ca\/fr\/wp-json\/wp\/v2\/product\/3253\/revisions\/43253"}],"wp:featuredmedia":[{"embeddable":true,"href":"https:\/\/staging.belleflamme.ca\/fr\/wp-json\/wp\/v2\/media\/3541"}],"wp:attachment":[{"href":"https:\/\/staging.belleflamme.ca\/fr\/wp-json\/wp\/v2\/media?parent=3253"}],"wp:term":[{"taxonomy":"product_brand","embeddable":true,"href":"https:\/\/staging.belleflamme.ca\/fr\/wp-json\/wp\/v2\/product_brand?post=3253"},{"taxonomy":"product_cat","embeddable":true,"href":"https:\/\/staging.belleflamme.ca\/fr\/wp-json\/wp\/v2\/product_cat?post=3253"},{"taxonomy":"product_tag","embeddable":true,"href":"https:\/\/staging.belleflamme.ca\/fr\/wp-json\/wp\/v2\/product_tag?post=3253"}],"curies":[{"name":"wp","href":"https:\/\/api.w.org\/{rel}","templated":true}]}}