{"id":32449,"date":"2024-04-10T12:09:39","date_gmt":"2024-04-10T16:09:39","guid":{"rendered":"https:\/\/www.belleflamme.ca\/?post_type=product&#038;p=32449"},"modified":"2025-03-31T06:46:34","modified_gmt":"2025-03-31T10:46:34","slug":"poele-a-bois-aspen-c3-de-vermont-castings","status":"publish","type":"product","link":"https:\/\/staging.belleflamme.ca\/fr\/produit\/poele-a-bois-aspen-c3-de-vermont-castings\/","title":{"rendered":"Po\u00eale \u00e0 bois Aspen C3 de Vermont Castings"},"content":{"rendered":"\t\t<div data-elementor-type=\"product-post\" data-elementor-id=\"32449\" class=\"elementor elementor-32449\" data-elementor-post-type=\"product\">\n\t\t\t\t\t\t<section class=\"elementor-section elementor-top-section elementor-element elementor-element-437f74a9 elementor-section-boxed elementor-section-height-default elementor-section-height-default\" data-id=\"437f74a9\" data-element_type=\"section\">\n\t\t\t\t\t\t<div class=\"elementor-container elementor-column-gap-default\">\n\t\t\t\t\t<div class=\"elementor-column elementor-col-100 elementor-top-column elementor-element elementor-element-6d5acf33\" data-id=\"6d5acf33\" data-element_type=\"column\">\n\t\t\t<div class=\"elementor-widget-wrap elementor-element-populated\">\n\t\t\t\t\t\t<div class=\"elementor-element elementor-element-74bcbfcc elementor-widget elementor-widget-text-editor\" data-id=\"74bcbfcc\" data-element_type=\"widget\" data-widget_type=\"text-editor.default\">\n\t\t\t\t<div class=\"elementor-widget-container\">\n\t\t\t\t\t\t\t\t\t<p><iframe title=\"YouTube video player\" src=\"https:\/\/www.youtube.com\/embed\/-tRiIAsaFEQ?si=aC9yHty9wNBi0q-H\" width=\"560\" height=\"315\" frameborder=\"0\" allowfullscreen=\"allowfullscreen\"><\/iframe><\/p><p>Compact mais solide, le po\u00eale \u00e0 bois Aspen \u00ae ajoute chaleur et style aux espaces intimes. Lorsque chaque \u00e9l\u00e9ment est m\u00e9ticuleusement con\u00e7u, la qualit\u00e9 parle d&#8217;elle-m\u00eame. Sans commandes manuelles, c\u2019est le po\u00eale le plus simple que vous ayez jamais utilis\u00e9.<\/p><ul><li>La technologie Continuous Combustion Control\u2122 (C3) optimise automatiquement la production de chaleur et l&#8217;efficacit\u00e9 tout au long de la dur\u00e9e de vie de la combustion.<\/li><li>Surface de cuisson \u00e0 plaque sup\u00e9rieure pour le chef cuisinier<\/li><li>Jusqu&#8217;\u00e0 10 heures d&#8217;autonomie pour chaque charge de bois<\/li><li>Parfait pour les petits et moyens espaces<\/li><\/ul><div class=\"specifications__common\"><div class=\"product-para\">Dimensions en pouces. Reportez-vous au manuel d&#8217;installation\/du propri\u00e9taire pour les sp\u00e9cifications d\u00e9taill\u00e9es sur l&#8217;installation de ce produit. Hearth &amp; Home Technologies se r\u00e9serve le droit de mettre \u00e0 jour les unit\u00e9s p\u00e9riodiquement. L&#8217;installation du produit doit respecter strictement les instructions livr\u00e9es avec le produit.<\/div><\/div><div class=\"specifications__wrapper\"><div class=\"specifications__left\"><div class=\"product-title\">Sp\u00e9cifications du mod\u00e8le<\/div><div class=\"specifications__product-title\">\u00a0<\/div><div class=\"specifications__product\"><table class=\"specifications__product-table\"><tbody><tr><th>Largeur de l&#8217;appareil<\/th><td>16&#8243;<\/td><\/tr><tr><th>Hauteur de l&#8217;appareil<\/th><td>25-1\/16&#8243;<\/td><\/tr><tr><th>Profondeur de l&#8217;appareil<sup>1<\/sup><\/th><td>24-1\/2&#8243;<\/td><\/tr><tr><th>Type de carburant<\/th><td>Bois<\/td><\/tr><tr><th>Capacit\u00e9 de chauffage<sup>3<\/sup><\/th><td>400 \u00e0 1 200 pieds carr\u00e9s<\/td><\/tr><tr><th>Efficacit\u00e9<sup>5<\/sup><\/th><td>PCI 81%, PCS 75%<\/td><\/tr><tr><th>\u00c9missions<\/th><td>1,9 grammes\/heure<\/td><\/tr><\/tbody><\/table><div class=\"specifications__product-info\"><p><sup>1<\/sup>\u00a0La profondeur de l&#8217;appareil comprend l&#8217;unit\u00e9 enti\u00e8re, y compris la profondeur de la chambre de combustion et l&#8217;extension sur le foyer.<\/p><p><sup>3<\/sup>\u00a0Ceci est un guide g\u00e9n\u00e9ral, consultez votre revendeur local pour obtenir de l&#8217;aide pour d\u00e9terminer le produit qui convient le mieux \u00e0 vos besoins de chauffage en fonction du climat, de l&#8217;efficacit\u00e9 de la maison, de l&#8217;emplacement du radiateur et du mouvement de l&#8217;air dans la pi\u00e8ce.<\/p><p><sup>5<\/sup>\u00a0Efficacit\u00e9 moyenne pond\u00e9r\u00e9e du PCI (faible pouvoir calorifique) et du PCS (pouvoir calorifique \u00e9lev\u00e9) \u00e0 l&#8217;aide des donn\u00e9es collect\u00e9es lors des tests d&#8217;\u00e9missions de l&#8217;EPA. Une efficacit\u00e9 des PCS sup\u00e9rieure \u00e0 75 % donne droit au cr\u00e9dit d&#8217;imp\u00f4t f\u00e9d\u00e9ral.<\/p><p>La puissance calorifique varie en fonction du type de combustible utilis\u00e9. L&#8217;apparence des flammes et des braises peut varier en fonction du type de combustible br\u00fbl\u00e9 et de la configuration de ventilation utilis\u00e9e. L&#8217;apparence r\u00e9elle du produit, y compris la flamme, peut diff\u00e9rer de l&#8217;image pr\u00e9sent\u00e9e. Reportez-vous au manuel du propri\u00e9taire pour conna\u00eetre toutes les exigences et sp\u00e9cifications de d\u00e9gagement. Sp\u00e9cifications du produit et prix sujets \u00e0 changement sans pr\u00e9avis. Pour les tests et les informations de liste, veuillez vous r\u00e9f\u00e9rer au manuel du propri\u00e9taire\/d&#8217;installation.<\/p><p>*Pour certains produits : La capacit\u00e9 calorifique doit \u00eatre utilis\u00e9e \u00e0 titre indicatif seulement. Consultez votre revendeur local pour obtenir de l&#8217;aide afin de d\u00e9terminer le produit qui r\u00e9pond le mieux \u00e0 vos besoins de chauffage en fonction du climat et de l&#8217;efficacit\u00e9 de la maison.<\/p><p>\u00a0<\/p><\/div><\/div><\/div><\/div>\t\t\t\t\t\t\t\t<\/div>\n\t\t\t\t<\/div>\n\t\t\t\t\t<\/div>\n\t\t<\/div>\n\t\t\t\t\t<\/div>\n\t\t<\/section>\n\t\t\t\t<section class=\"elementor-section elementor-top-section elementor-element elementor-element-564c7a7 elementor-section-boxed elementor-section-height-default elementor-section-height-default\" data-id=\"564c7a7\" data-element_type=\"section\">\n\t\t\t\t\t\t<div class=\"elementor-container elementor-column-gap-default\">\n\t\t\t\t\t<div class=\"elementor-column elementor-col-100 elementor-top-column elementor-element elementor-element-96b3098\" data-id=\"96b3098\" data-element_type=\"column\">\n\t\t\t<div class=\"elementor-widget-wrap elementor-element-populated\">\n\t\t\t\t\t\t<div class=\"elementor-element elementor-element-8d891a8 elementor-tabs-view-horizontal elementor-widget elementor-widget-tabs\" data-id=\"8d891a8\" data-element_type=\"widget\" data-widget_type=\"tabs.default\">\n\t\t\t\t<div class=\"elementor-widget-container\">\n\t\t\t\t\t\t\t<div class=\"elementor-tabs\">\n\t\t\t<div class=\"elementor-tabs-wrapper\" role=\"tablist\" >\n\t\t\t\t\t\t\t\t\t<div id=\"elementor-tab-title-1481\" class=\"elementor-tab-title elementor-tab-desktop-title\" aria-selected=\"true\" data-tab=\"1\" role=\"tab\" tabindex=\"0\" aria-controls=\"elementor-tab-content-1481\" aria-expanded=\"false\">Fichiers<\/div>\n\t\t\t\t\t\t\t<\/div>\n\t\t\t<div class=\"elementor-tabs-content-wrapper\" role=\"tablist\" aria-orientation=\"vertical\">\n\t\t\t\t\t\t\t\t\t<div class=\"elementor-tab-title elementor-tab-mobile-title\" aria-selected=\"true\" data-tab=\"1\" role=\"tab\" tabindex=\"0\" aria-controls=\"elementor-tab-content-1481\" aria-expanded=\"false\">Fichiers<\/div>\n\t\t\t\t\t<div id=\"elementor-tab-content-1481\" class=\"elementor-tab-content elementor-clearfix\" data-tab=\"1\" role=\"tabpanel\" aria-labelledby=\"elementor-tab-title-1481\" tabindex=\"0\" hidden=\"false\"><i class=\"far fa-file-pdf fa-xl\" style=\"font-size:35px\"><\/i><a href=\"https:\/\/www.belleflamme.ca\/wp-content\/uploads\/2024\/04\/VMT-1011C_WoodStoves_fr_brochure-2.pdf\"> Brochure<\/a><\/br>\n<i class=\"far fa-file-pdf fa-xl\" style=\"font-size:35px\"><\/i><a href=\"https:\/\/www.belleflamme.ca\/wp-content\/uploads\/2024\/04\/8390-950i_Aspen_C3_Install_FR.pdf\"> Installation<\/a><\/br>\n<i class=\"far fa-file-pdf fa-xl\" style=\"font-size:35px\"><\/i><a href=\"https:\/\/www.belleflamme.ca\/wp-content\/uploads\/2024\/04\/8390-950c_Aspen_C3_Consumer_FR.pdf\"> Manuel<\/a><\/br>\n<i class=\"far fa-file-pdf fa-xl\" style=\"font-size:35px\"><\/i><a href=\"https:\/\/www.belleflamme.ca\/wp-content\/uploads\/2024\/04\/Aspen_C3.pdf\"> Pi\u00e8ces<\/a><\/br><\/div>\n\t\t\t\t\t\t\t<\/div>\n\t\t<\/div>\n\t\t\t\t\t\t<\/div>\n\t\t\t\t<\/div>\n\t\t\t\t\t<\/div>\n\t\t<\/div>\n\t\t\t\t\t<\/div>\n\t\t<\/section>\n\t\t\t\t<\/div>\n\t\t","protected":false},"excerpt":{"rendered":"<p>Compact mais solide, le po\u00eale \u00e0 bois Aspen \u00ae ajoute chaleur et style aux espaces intimes. Lorsque chaque \u00e9l\u00e9ment est m\u00e9ticuleusement con\u00e7u, la qualit\u00e9 parle d&#8217;elle-m\u00eame. Sans commandes manuelles, c\u2019est le po\u00eale le plus simple que vous ayez jamais utilis\u00e9. La technologie Continuous Combustion Control\u2122 (C3) optimise automatiquement la production de chaleur et l&#8217;efficacit\u00e9 tout [&hellip;]<\/p>\n","protected":false},"featured_media":32450,"template":"","meta":{"inline_featured_image":false},"product_brand":[1273],"product_cat":[197,33,34],"product_tag":[],"class_list":{"0":"post-32449","1":"product","2":"type-product","3":"status-publish","4":"has-post-thumbnail","6":"product_brand-vermont-casting","7":"product_cat-poele-au-bois","8":"product_cat-poeles-et-foyers","9":"product_cat-poeles-et-foyers-au-bois","11":"first","12":"instock","13":"taxable","14":"shipping-taxable","15":"purchasable","16":"product-type-simple"},"yoast_head":"<!-- This site is optimized with the Yoast SEO Premium plugin v24.2 (Yoast SEO v24.2) - https:\/\/yoast.com\/wordpress\/plugins\/seo\/ -->\n<title>Po\u00eale \u00e0 bois Aspen C3 de Vermont Castings - Groupe BelleFlamme<\/title>\n<meta name=\"description\" content=\"Po\u00eale \u00e0 bois Aspen C3 de Vermont Castings vendu et install\u00e9 par le Groupe Belleflamme. Laval, Montr\u00e9al, Gatineau et Saint-Sauveur.\" \/>\n<meta name=\"robots\" content=\"index, follow, max-snippet:-1, max-image-preview:large, max-video-preview:-1\" \/>\n<link rel=\"canonical\" href=\"https:\/\/staging.belleflamme.ca\/fr\/produit\/poele-a-bois-aspen-c3-de-vermont-castings\/\" \/>\n<meta property=\"og:locale\" content=\"fr_FR\" \/>\n<meta property=\"og:type\" content=\"article\" \/>\n<meta property=\"og:title\" content=\"Po\u00eale \u00e0 bois Aspen C3 de Vermont Castings\" \/>\n<meta property=\"og:description\" content=\"Po\u00eale \u00e0 bois Aspen C3 de Vermont Castings vendu et install\u00e9 par le Groupe Belleflamme. Laval, Montr\u00e9al, Gatineau et Saint-Sauveur.\" \/>\n<meta property=\"og:url\" content=\"https:\/\/staging.belleflamme.ca\/fr\/produit\/poele-a-bois-aspen-c3-de-vermont-castings\/\" \/>\n<meta property=\"og:site_name\" content=\"Groupe BelleFlamme\" \/>\n<meta property=\"article:publisher\" content=\"https:\/\/www.facebook.com\/belleflamme.ca\/\" \/>\n<meta property=\"article:modified_time\" content=\"2025-03-31T10:46:34+00:00\" \/>\n<meta property=\"og:image\" content=\"https:\/\/www.belleflamme.ca\/wp-content\/uploads\/2024\/04\/Poele-a-bois-Aspen-C3-de-Vermont-Castings.png\" \/>\n\t<meta property=\"og:image:width\" content=\"600\" \/>\n\t<meta property=\"og:image:height\" content=\"600\" \/>\n\t<meta property=\"og:image:type\" content=\"image\/png\" \/>\n<meta name=\"twitter:card\" content=\"summary_large_image\" \/>\n<meta name=\"twitter:label1\" content=\"Prix\" \/>\n\t<meta name=\"twitter:data1\" content=\"&#036;2,999.00\" \/>\n\t<meta name=\"twitter:label2\" content=\"Disponibilit\u00e9\" \/>\n\t<meta name=\"twitter:data2\" content=\"En stock\" \/>\n<script type=\"application\/ld+json\" class=\"yoast-schema-graph\">{\"@context\":\"https:\/\/schema.org\",\"@graph\":[{\"@type\":[\"WebPage\",\"ItemPage\"],\"@id\":\"https:\/\/staging.belleflamme.ca\/fr\/produit\/poele-a-bois-aspen-c3-de-vermont-castings\/\",\"url\":\"https:\/\/staging.belleflamme.ca\/fr\/produit\/poele-a-bois-aspen-c3-de-vermont-castings\/\",\"name\":\"Po\u00eale \u00e0 bois Aspen C3 de Vermont Castings - Groupe BelleFlamme\",\"isPartOf\":{\"@id\":\"https:\/\/www.belleflamme.ca\/fr\/#website\"},\"primaryImageOfPage\":{\"@id\":\"https:\/\/staging.belleflamme.ca\/fr\/produit\/poele-a-bois-aspen-c3-de-vermont-castings\/#primaryimage\"},\"image\":{\"@id\":\"https:\/\/staging.belleflamme.ca\/fr\/produit\/poele-a-bois-aspen-c3-de-vermont-castings\/#primaryimage\"},\"thumbnailUrl\":\"https:\/\/staging.belleflamme.ca\/wp-content\/uploads\/2024\/04\/Poele-a-bois-Aspen-C3-de-Vermont-Castings.png\",\"datePublished\":\"2024-04-10T16:09:39+00:00\",\"dateModified\":\"2025-03-31T10:46:34+00:00\",\"description\":\"Po\u00eale \u00e0 bois Aspen C3 de Vermont Castings vendu et install\u00e9 par le Groupe Belleflamme. Laval, Montr\u00e9al, Gatineau et Saint-Sauveur.\",\"breadcrumb\":{\"@id\":\"https:\/\/staging.belleflamme.ca\/fr\/produit\/poele-a-bois-aspen-c3-de-vermont-castings\/#breadcrumb\"},\"inLanguage\":\"fr-FR\",\"potentialAction\":[{\"@type\":\"ReadAction\",\"target\":[\"https:\/\/staging.belleflamme.ca\/fr\/produit\/poele-a-bois-aspen-c3-de-vermont-castings\/\"]}]},{\"@type\":\"ImageObject\",\"inLanguage\":\"fr-FR\",\"@id\":\"https:\/\/staging.belleflamme.ca\/fr\/produit\/poele-a-bois-aspen-c3-de-vermont-castings\/#primaryimage\",\"url\":\"https:\/\/staging.belleflamme.ca\/wp-content\/uploads\/2024\/04\/Poele-a-bois-Aspen-C3-de-Vermont-Castings.png\",\"contentUrl\":\"https:\/\/staging.belleflamme.ca\/wp-content\/uploads\/2024\/04\/Poele-a-bois-Aspen-C3-de-Vermont-Castings.png\",\"width\":600,\"height\":600,\"caption\":\"Po\u00eale \u00e0 bois Aspen C3 de Vermont Castings\"},{\"@type\":\"BreadcrumbList\",\"@id\":\"https:\/\/staging.belleflamme.ca\/fr\/produit\/poele-a-bois-aspen-c3-de-vermont-castings\/#breadcrumb\",\"itemListElement\":[{\"@type\":\"ListItem\",\"position\":1,\"name\":\"Accueil\",\"item\":\"https:\/\/www.belleflamme.ca\/fr\/\"},{\"@type\":\"ListItem\",\"position\":2,\"name\":\"Boutique\",\"item\":\"https:\/\/www.belleflamme.ca\/fr\/boutique\/\"},{\"@type\":\"ListItem\",\"position\":3,\"name\":\"Po\u00eales &amp; Foyers\",\"item\":\"https:\/\/staging.belleflamme.ca\/fr\/categories\/poeles-et-foyers\/\"},{\"@type\":\"ListItem\",\"position\":4,\"name\":\"Po\u00eales &amp; Foyers au Bois\",\"item\":\"https:\/\/staging.belleflamme.ca\/fr\/categories\/poeles-et-foyers\/poeles-et-foyers-au-bois\/\"},{\"@type\":\"ListItem\",\"position\":5,\"name\":\"Po\u00eale au Bois\",\"item\":\"https:\/\/staging.belleflamme.ca\/fr\/categories\/poeles-et-foyers\/poeles-et-foyers-au-bois\/poele-au-bois\/\"},{\"@type\":\"ListItem\",\"position\":6,\"name\":\"Po\u00eale \u00e0 bois Aspen C3 de Vermont Castings\"}]},{\"@type\":\"WebSite\",\"@id\":\"https:\/\/www.belleflamme.ca\/fr\/#website\",\"url\":\"https:\/\/www.belleflamme.ca\/fr\/\",\"name\":\"Groupe Belleflamme\",\"description\":\"La m\u00e9canique du b\u00e2timent dans le sang.\",\"publisher\":{\"@id\":\"https:\/\/www.belleflamme.ca\/fr\/#organization\"},\"potentialAction\":[{\"@type\":\"SearchAction\",\"target\":{\"@type\":\"EntryPoint\",\"urlTemplate\":\"https:\/\/www.belleflamme.ca\/fr\/?s={search_term_string}\"},\"query-input\":{\"@type\":\"PropertyValueSpecification\",\"valueRequired\":true,\"valueName\":\"search_term_string\"}}],\"inLanguage\":\"fr-FR\"},{\"@type\":[\"Organization\",\"Place\"],\"@id\":\"https:\/\/www.belleflamme.ca\/fr\/#organization\",\"name\":\"Groupe Belleflamme\",\"alternateName\":\"Belleflamme\",\"url\":\"https:\/\/www.belleflamme.ca\/fr\/\",\"logo\":{\"@type\":\"ImageObject\",\"inLanguage\":\"fr-FR\",\"@id\":\"https:\/\/www.belleflamme.ca\/fr\/#\/schema\/logo\/image\/\",\"url\":\"https:\/\/staging.belleflamme.ca\/wp-content\/uploads\/2023\/01\/og-image.jpg\",\"contentUrl\":\"https:\/\/staging.belleflamme.ca\/wp-content\/uploads\/2023\/01\/og-image.jpg\",\"width\":1200,\"height\":630,\"caption\":\"Groupe Belleflamme\"},\"image\":{\"@id\":\"https:\/\/www.belleflamme.ca\/fr\/#\/schema\/logo\/image\/\"},\"sameAs\":[\"https:\/\/www.facebook.com\/belleflamme.ca\/\",\"https:\/\/www.linkedin.com\/company\/belleflamme\/\",\"https:\/\/www.pinterest.ca\/groupebelleflamme\/\",\"https:\/\/www.instagram.com\/legroupebelleflamme\/\"],\"mainEntityOfPage\":{\"@id\":\"https:\/\/staging.belleflamme.ca\/fr\/produit\/poele-a-bois-aspen-c3-de-vermont-castings\/\"}}]}<\/script>\n<meta property=\"product:brand\" content=\"Vermont Casting\" \/>\n<meta property=\"product:price:amount\" content=\"2999.00\" \/>\n<meta property=\"product:price:currency\" content=\"CAD\" \/>\n<meta property=\"og:availability\" content=\"instock\" \/>\n<meta property=\"product:availability\" content=\"instock\" \/>\n<meta property=\"product:retailer_item_id\" content=\"0002505\" \/>\n<meta property=\"product:condition\" content=\"new\" \/>\n<!-- \/ Yoast SEO Premium plugin. -->","yoast_head_json":{"title":"Po\u00eale \u00e0 bois Aspen C3 de Vermont Castings - Groupe BelleFlamme","description":"Po\u00eale \u00e0 bois Aspen C3 de Vermont Castings vendu et install\u00e9 par le Groupe Belleflamme. Laval, Montr\u00e9al, Gatineau et Saint-Sauveur.","robots":{"index":"index","follow":"follow","max-snippet":"max-snippet:-1","max-image-preview":"max-image-preview:large","max-video-preview":"max-video-preview:-1"},"canonical":"https:\/\/staging.belleflamme.ca\/fr\/produit\/poele-a-bois-aspen-c3-de-vermont-castings\/","og_locale":"fr_FR","og_type":"article","og_title":"Po\u00eale \u00e0 bois Aspen C3 de Vermont Castings","og_description":"Po\u00eale \u00e0 bois Aspen C3 de Vermont Castings vendu et install\u00e9 par le Groupe Belleflamme. Laval, Montr\u00e9al, Gatineau et Saint-Sauveur.","og_url":"https:\/\/staging.belleflamme.ca\/fr\/produit\/poele-a-bois-aspen-c3-de-vermont-castings\/","og_site_name":"Groupe BelleFlamme","article_publisher":"https:\/\/www.facebook.com\/belleflamme.ca\/","article_modified_time":"2025-03-31T10:46:34+00:00","og_image":[{"width":600,"height":600,"url":"https:\/\/www.belleflamme.ca\/wp-content\/uploads\/2024\/04\/Poele-a-bois-Aspen-C3-de-Vermont-Castings.png","type":"image\/png"}],"twitter_card":"summary_large_image","twitter_misc":{"Prix":"&#36;2,999.00","Disponibilit\u00e9":"En stock"},"schema":{"@context":"https:\/\/schema.org","@graph":[{"@type":["WebPage","ItemPage"],"@id":"https:\/\/staging.belleflamme.ca\/fr\/produit\/poele-a-bois-aspen-c3-de-vermont-castings\/","url":"https:\/\/staging.belleflamme.ca\/fr\/produit\/poele-a-bois-aspen-c3-de-vermont-castings\/","name":"Po\u00eale \u00e0 bois Aspen C3 de Vermont Castings - Groupe BelleFlamme","isPartOf":{"@id":"https:\/\/www.belleflamme.ca\/fr\/#website"},"primaryImageOfPage":{"@id":"https:\/\/staging.belleflamme.ca\/fr\/produit\/poele-a-bois-aspen-c3-de-vermont-castings\/#primaryimage"},"image":{"@id":"https:\/\/staging.belleflamme.ca\/fr\/produit\/poele-a-bois-aspen-c3-de-vermont-castings\/#primaryimage"},"thumbnailUrl":"https:\/\/staging.belleflamme.ca\/wp-content\/uploads\/2024\/04\/Poele-a-bois-Aspen-C3-de-Vermont-Castings.png","datePublished":"2024-04-10T16:09:39+00:00","dateModified":"2025-03-31T10:46:34+00:00","description":"Po\u00eale \u00e0 bois Aspen C3 de Vermont Castings vendu et install\u00e9 par le Groupe Belleflamme. Laval, Montr\u00e9al, Gatineau et Saint-Sauveur.","breadcrumb":{"@id":"https:\/\/staging.belleflamme.ca\/fr\/produit\/poele-a-bois-aspen-c3-de-vermont-castings\/#breadcrumb"},"inLanguage":"fr-FR","potentialAction":[{"@type":"ReadAction","target":["https:\/\/staging.belleflamme.ca\/fr\/produit\/poele-a-bois-aspen-c3-de-vermont-castings\/"]}]},{"@type":"ImageObject","inLanguage":"fr-FR","@id":"https:\/\/staging.belleflamme.ca\/fr\/produit\/poele-a-bois-aspen-c3-de-vermont-castings\/#primaryimage","url":"https:\/\/staging.belleflamme.ca\/wp-content\/uploads\/2024\/04\/Poele-a-bois-Aspen-C3-de-Vermont-Castings.png","contentUrl":"https:\/\/staging.belleflamme.ca\/wp-content\/uploads\/2024\/04\/Poele-a-bois-Aspen-C3-de-Vermont-Castings.png","width":600,"height":600,"caption":"Po\u00eale \u00e0 bois Aspen C3 de Vermont Castings"},{"@type":"BreadcrumbList","@id":"https:\/\/staging.belleflamme.ca\/fr\/produit\/poele-a-bois-aspen-c3-de-vermont-castings\/#breadcrumb","itemListElement":[{"@type":"ListItem","position":1,"name":"Accueil","item":"https:\/\/www.belleflamme.ca\/fr\/"},{"@type":"ListItem","position":2,"name":"Boutique","item":"https:\/\/www.belleflamme.ca\/fr\/boutique\/"},{"@type":"ListItem","position":3,"name":"Po\u00eales &amp; Foyers","item":"https:\/\/staging.belleflamme.ca\/fr\/categories\/poeles-et-foyers\/"},{"@type":"ListItem","position":4,"name":"Po\u00eales &amp; Foyers au Bois","item":"https:\/\/staging.belleflamme.ca\/fr\/categories\/poeles-et-foyers\/poeles-et-foyers-au-bois\/"},{"@type":"ListItem","position":5,"name":"Po\u00eale au Bois","item":"https:\/\/staging.belleflamme.ca\/fr\/categories\/poeles-et-foyers\/poeles-et-foyers-au-bois\/poele-au-bois\/"},{"@type":"ListItem","position":6,"name":"Po\u00eale \u00e0 bois Aspen C3 de Vermont Castings"}]},{"@type":"WebSite","@id":"https:\/\/www.belleflamme.ca\/fr\/#website","url":"https:\/\/www.belleflamme.ca\/fr\/","name":"Groupe Belleflamme","description":"La m\u00e9canique du b\u00e2timent dans le sang.","publisher":{"@id":"https:\/\/www.belleflamme.ca\/fr\/#organization"},"potentialAction":[{"@type":"SearchAction","target":{"@type":"EntryPoint","urlTemplate":"https:\/\/www.belleflamme.ca\/fr\/?s={search_term_string}"},"query-input":{"@type":"PropertyValueSpecification","valueRequired":true,"valueName":"search_term_string"}}],"inLanguage":"fr-FR"},{"@type":["Organization","Place"],"@id":"https:\/\/www.belleflamme.ca\/fr\/#organization","name":"Groupe Belleflamme","alternateName":"Belleflamme","url":"https:\/\/www.belleflamme.ca\/fr\/","logo":{"@type":"ImageObject","inLanguage":"fr-FR","@id":"https:\/\/www.belleflamme.ca\/fr\/#\/schema\/logo\/image\/","url":"https:\/\/staging.belleflamme.ca\/wp-content\/uploads\/2023\/01\/og-image.jpg","contentUrl":"https:\/\/staging.belleflamme.ca\/wp-content\/uploads\/2023\/01\/og-image.jpg","width":1200,"height":630,"caption":"Groupe Belleflamme"},"image":{"@id":"https:\/\/www.belleflamme.ca\/fr\/#\/schema\/logo\/image\/"},"sameAs":["https:\/\/www.facebook.com\/belleflamme.ca\/","https:\/\/www.linkedin.com\/company\/belleflamme\/","https:\/\/www.pinterest.ca\/groupebelleflamme\/","https:\/\/www.instagram.com\/legroupebelleflamme\/"],"mainEntityOfPage":{"@id":"https:\/\/staging.belleflamme.ca\/fr\/produit\/poele-a-bois-aspen-c3-de-vermont-castings\/"}}]},"product_brand":"Vermont Casting","product_price_amount":"2999.00","product_price_currency":"CAD","og_availability":"instock","product_availability":"instock","product_retailer_item_id":"0002505","product_condition":"new"},"_links":{"self":[{"href":"https:\/\/staging.belleflamme.ca\/fr\/wp-json\/wp\/v2\/product\/32449","targetHints":{"allow":["GET"]}}],"collection":[{"href":"https:\/\/staging.belleflamme.ca\/fr\/wp-json\/wp\/v2\/product"}],"about":[{"href":"https:\/\/staging.belleflamme.ca\/fr\/wp-json\/wp\/v2\/types\/product"}],"version-history":[{"count":6,"href":"https:\/\/staging.belleflamme.ca\/fr\/wp-json\/wp\/v2\/product\/32449\/revisions"}],"predecessor-version":[{"id":43660,"href":"https:\/\/staging.belleflamme.ca\/fr\/wp-json\/wp\/v2\/product\/32449\/revisions\/43660"}],"wp:featuredmedia":[{"embeddable":true,"href":"https:\/\/staging.belleflamme.ca\/fr\/wp-json\/wp\/v2\/media\/32450"}],"wp:attachment":[{"href":"https:\/\/staging.belleflamme.ca\/fr\/wp-json\/wp\/v2\/media?parent=32449"}],"wp:term":[{"taxonomy":"product_brand","embeddable":true,"href":"https:\/\/staging.belleflamme.ca\/fr\/wp-json\/wp\/v2\/product_brand?post=32449"},{"taxonomy":"product_cat","embeddable":true,"href":"https:\/\/staging.belleflamme.ca\/fr\/wp-json\/wp\/v2\/product_cat?post=32449"},{"taxonomy":"product_tag","embeddable":true,"href":"https:\/\/staging.belleflamme.ca\/fr\/wp-json\/wp\/v2\/product_tag?post=32449"}],"curies":[{"name":"wp","href":"https:\/\/api.w.org\/{rel}","templated":true}]}}