{"id":3239,"date":"2023-02-07T15:54:07","date_gmt":"2023-02-07T20:54:07","guid":{"rendered":"https:\/\/www.belleflamme.ca\/product\/foyer-divine-multi-faces-see-through\/"},"modified":"2025-03-20T08:34:10","modified_gmt":"2025-03-20T12:34:10","slug":"foyer-divine-multi-faces-see-through","status":"publish","type":"product","link":"https:\/\/staging.belleflamme.ca\/fr\/produit\/foyer-divine-multi-faces-see-through\/","title":{"rendered":"Foyer Transparent au Gaz DIVINE MULTI  H38FSD de Montigo"},"content":{"rendered":"\t\t<div data-elementor-type=\"product-post\" data-elementor-id=\"3239\" class=\"elementor elementor-3239\" data-elementor-post-type=\"product\">\n\t\t\t\t\t\t<section class=\"elementor-section elementor-top-section elementor-element elementor-element-51a24207 elementor-section-boxed elementor-section-height-default elementor-section-height-default\" data-id=\"51a24207\" data-element_type=\"section\">\n\t\t\t\t\t\t<div class=\"elementor-container elementor-column-gap-default\">\n\t\t\t\t\t<div class=\"elementor-column elementor-col-100 elementor-top-column elementor-element elementor-element-3234e9ae\" data-id=\"3234e9ae\" data-element_type=\"column\">\n\t\t\t<div class=\"elementor-widget-wrap elementor-element-populated\">\n\t\t\t\t\t\t<div class=\"elementor-element elementor-element-3ffead19 elementor-widget elementor-widget-text-editor\" data-id=\"3ffead19\" data-element_type=\"widget\" data-widget_type=\"text-editor.default\">\n\t\t\t\t<div class=\"elementor-widget-container\">\n\t\t\t\t\t\t\t\t\t<p><iframe title=\"YouTube video player\" src=\"https:\/\/www.youtube.com\/embed\/6vUoSzLdIk0?si=OkOpQQPLtpRsR2TH\" width=\"560\" height=\"315\" frameborder=\"0\" allowfullscreen=\"allowfullscreen\"><\/iframe><\/p><h2><span>Le DIVIN Voir \u00e0 travers<\/span><\/h2><p><span>Pr\u00e9sentation de la chemin\u00e9e DIVINE See Through, une v\u00e9ritable merveille qui apporte l&#8217;allure intemporelle d&#8217;un foyer traditionnel des deux c\u00f4t\u00e9s de votre espace de vie.\u00a0Avec son design transparent, la chemin\u00e9e cr\u00e9e une connexion visuelle enchanteresse, ajoutant une touche d&#8217;\u00e9l\u00e9gance et de chaleur \u00e0 plusieurs pi\u00e8ces \u00e0 la fois.\u00a0Le jeu de b\u00fbches traditionnel m\u00e9ticuleusement con\u00e7u conf\u00e8re \u00e0 votre maison le charme rustique d&#8217;un foyer au bois, tandis que la doublure en brique patrimoniale d\u00e9gage un sentiment de sophistication classique, ce qui en fait une pi\u00e8ce ma\u00eetresse ch\u00e9rie qui r\u00e9sonne de chaleur et de nostalgie.<\/span><\/p><p><span>Impr\u00e9gnez-vous d&#8217;une ambiance chaleureuse et regardez les flammes danser des deux c\u00f4t\u00e9s, cr\u00e9ant une atmosph\u00e8re harmonieuse et captivante qui deviendra sans aucun doute le c\u0153ur de votre maison.\u00a0La chemin\u00e9e DIVINE See Through n&#8217;est pas seulement une source de chaleur ;\u00a0c&#8217;est une incarnation de la beaut\u00e9 et du savoir-faire qui enrichit votre espace de vie avec le charme d&#8217;un foyer traditionnel, apportant de la joie et des moments pr\u00e9cieux \u00e0 votre famille et \u00e0 vos invit\u00e9s.<\/span><\/p><h2><span>Adorez la beaut\u00e9 sous tous les angles<\/span><\/h2><p><span>Les chemin\u00e9es transparentes DIVINE de Montigo red\u00e9finissent le concept de luxe et d&#8217;ambiance.\u00a0Con\u00e7ues avec une vue d\u00e9gag\u00e9e des deux c\u00f4t\u00e9s, ces chemin\u00e9es cr\u00e9ent une connexion visuelle \u00e9poustouflante entre les espaces adjacents, rehaussant l&#8217;atmosph\u00e8re de n&#8217;importe quelle pi\u00e8ce.\u00a0Dot\u00e9s d&#8217;une ing\u00e9nierie avanc\u00e9e et de fonctionnalit\u00e9s de pointe, les foyers transparents DIVINE de Montigo offrent non seulement une esth\u00e9tique exceptionnelle, mais \u00e9galement des performances et une efficacit\u00e9 in\u00e9gal\u00e9es, ce qui en fait l&#8217;incarnation de la sophistication et de la fonctionnalit\u00e9.<\/span><\/p><h2><span>Inspiration de conception de chemin\u00e9e<\/span><\/h2><h3><span>TENDANCES LES PLUS CHAUDES EN MATI\u00c8RE DE CONCEPTION DE CHEMIN\u00c9ES<\/span><\/h3><p><span>Que vous souhaitiez rafra\u00eechir un foyer existant avec un changement de manteau, un peu de peinture, une refonte compl\u00e8te de la conception, ou remplacer l&#8217;unit\u00e9 et cr\u00e9er un chef-d&#8217;\u0153uvre.\u00a0Il existe de nombreuses fa\u00e7ons de mettre \u00e0 niveau et une infinit\u00e9 de mat\u00e9riaux parmi lesquels choisir.<\/span><\/p><div class=\"js-fade js-fade-up js-delay-1 js-in\"><p><strong>Standard:<\/strong><\/p><ul><li>Br\u00fbleur et b\u00fbches traditionnels, doublure en brique Heritage, grille en fer forg\u00e9, contr\u00f4le manuel de la flamme Hi-Lo<\/li><\/ul><p><strong>Possibilit\u00e9s\u00a0:<\/strong><\/p><ul><li>T\u00e9l\u00e9commande multifonctions, T\u00e9l\u00e9commande murale, Batterie de secours, Ventilateurs, Encadrements en noir satin\u00e9 ou en acier inoxydable, Contr\u00f4le par application t\u00e9l\u00e9phonique WiFi<\/li><\/ul><h3><span>SP\u00c9CIFICATIONS EN UN COUP D&#8217;\u0152IL\u00a0:<\/span><\/h3><div class=\"specs-list\"><dl><dt><span>BTU maximum (NG)<\/span><\/dt><dd><span>34 000<\/span><\/dd><\/dl><dl><dt><span>Largeur du cadre<\/span><\/dt><dd><span>40 3\/4&#8243;<\/span><\/dd><\/dl><dl><dt><span>Hauteur du cadre<\/span><\/dt><dd><span>42 1\/2&#8243;<\/span><\/dd><\/dl><dl><dt><span>Profondeur du cadrage<\/span><\/dt><dd><span>23 3\/4&#8243;<\/span><\/dd><\/dl><dl><dt><span>Largeur d&#8217;ouverture du verre<\/span><\/dt><dd><span>35 1\/4&#8243;<\/span><\/dd><\/dl><dl><dt><span>Hauteur d&#8217;ouverture du verre<\/span><\/dt><dd><span>26 3\/8&#8243;<\/span><\/dd><\/dl><dl><dt><span>Taille de l&#8217;\u00e9vent int\u00e9rieur<\/span><\/dt><dd><span>5<\/span><\/dd><\/dl><dl><dt><span>Taille de l&#8217;\u00e9vent ext\u00e9rieur<\/span><\/dt><dd><span>8<\/span><\/dd><\/dl><dl><dt><span>Commercial<\/span><\/dt><dd><span>Non<\/span><\/dd><\/dl><dl><dt><span>Personnalisable<\/span><\/dt><dd><span>Non<\/span><\/dd><\/dl><\/div><\/div><div class=\"js-fade js-fade-up js-delay-2 js-in\">\u00a0<\/div><div>\u00a0<\/div>\t\t\t\t\t\t\t\t<\/div>\n\t\t\t\t<\/div>\n\t\t\t\t\t<\/div>\n\t\t<\/div>\n\t\t\t\t\t<\/div>\n\t\t<\/section>\n\t\t\t\t<section class=\"elementor-section elementor-top-section elementor-element elementor-element-57d342e elementor-section-boxed elementor-section-height-default elementor-section-height-default\" data-id=\"57d342e\" data-element_type=\"section\">\n\t\t\t\t\t\t<div class=\"elementor-container elementor-column-gap-default\">\n\t\t\t\t\t<div class=\"elementor-column elementor-col-100 elementor-top-column elementor-element elementor-element-11532d6\" data-id=\"11532d6\" data-element_type=\"column\">\n\t\t\t<div class=\"elementor-widget-wrap elementor-element-populated\">\n\t\t\t\t\t\t<div class=\"elementor-element elementor-element-acee59f elementor-tabs-view-horizontal elementor-widget elementor-widget-tabs\" data-id=\"acee59f\" data-element_type=\"widget\" data-widget_type=\"tabs.default\">\n\t\t\t\t<div class=\"elementor-widget-container\">\n\t\t\t\t\t\t\t<div class=\"elementor-tabs\">\n\t\t\t<div class=\"elementor-tabs-wrapper\" role=\"tablist\" >\n\t\t\t\t\t\t\t\t\t<div id=\"elementor-tab-title-1811\" class=\"elementor-tab-title elementor-tab-desktop-title\" aria-selected=\"true\" data-tab=\"1\" role=\"tab\" tabindex=\"0\" aria-controls=\"elementor-tab-content-1811\" aria-expanded=\"false\">Fichiers<\/div>\n\t\t\t\t\t\t\t<\/div>\n\t\t\t<div class=\"elementor-tabs-content-wrapper\" role=\"tablist\" aria-orientation=\"vertical\">\n\t\t\t\t\t\t\t\t\t<div class=\"elementor-tab-title elementor-tab-mobile-title\" aria-selected=\"true\" data-tab=\"1\" role=\"tab\" tabindex=\"0\" aria-controls=\"elementor-tab-content-1811\" aria-expanded=\"false\">Fichiers<\/div>\n\t\t\t\t\t<div id=\"elementor-tab-content-1811\" class=\"elementor-tab-content elementor-clearfix\" data-tab=\"1\" role=\"tabpanel\" aria-labelledby=\"elementor-tab-title-1811\" tabindex=\"0\" hidden=\"false\"><i class=\"far fa-file-pdf fa-xl\" style=\"font-size:35px\"><\/i><a href=\"https:\/\/www.belleflamme.ca\/wp-content\/uploads\/2023\/11\/XB2215FR-Montigo-Fireplaces-Divine-Multi-Sided-Brochure.pdf\"> Brochure<\/a><\/br>\n<i class=\"far fa-file-pdf fa-xl\" style=\"font-size:35px\"><\/i><a href=\"https:\/\/www.belleflamme.ca\/wp-content\/uploads\/2023\/11\/montigo-FR-residential-fireplace-Divine-Multi-Sided-38-spec-sheet.pdf\"> Sp\u00e9cifications<\/a><\/br>\n<i class=\"far fa-file-pdf fa-xl\" style=\"font-size:35px\"><\/i><a href=\"https:\/\/www.belleflamme.ca\/wp-content\/uploads\/2023\/11\/xg0207-montigo-manual-divine-see-through.pdf\"> Installation<\/a><\/br><\/div>\n\t\t\t\t\t\t\t<\/div>\n\t\t<\/div>\n\t\t\t\t\t\t<\/div>\n\t\t\t\t<\/div>\n\t\t\t\t\t<\/div>\n\t\t<\/div>\n\t\t\t\t\t<\/div>\n\t\t<\/section>\n\t\t\t\t<\/div>\n\t\t","protected":false},"excerpt":{"rendered":"<p>Le DIVIN Voir \u00e0 travers Pr\u00e9sentation de la chemin\u00e9e DIVINE See Through, une v\u00e9ritable merveille qui apporte l&#8217;allure intemporelle d&#8217;un foyer traditionnel des deux c\u00f4t\u00e9s de votre espace de vie.\u00a0Avec son design transparent, la chemin\u00e9e cr\u00e9e une connexion visuelle enchanteresse, ajoutant une touche d&#8217;\u00e9l\u00e9gance et de chaleur \u00e0 plusieurs pi\u00e8ces \u00e0 la fois.\u00a0Le jeu de [&hellip;]<\/p>\n","protected":false},"featured_media":22852,"template":"","meta":{"inline_featured_image":false},"product_brand":[218],"product_cat":[33,35,37],"product_tag":[],"class_list":{"0":"post-3239","1":"product","2":"type-product","3":"status-publish","4":"has-post-thumbnail","6":"product_brand-montigo","7":"product_cat-poeles-et-foyers","8":"product_cat-poeles-foyer-au-gaz","9":"product_cat-foyer-au-gaz","11":"first","12":"instock","13":"taxable","14":"shipping-taxable","15":"purchasable","16":"product-type-variable"},"yoast_head":"<!-- This site is optimized with the Yoast SEO Premium plugin v24.2 (Yoast SEO v24.2) - https:\/\/yoast.com\/wordpress\/plugins\/seo\/ -->\n<title>Foyer Transparent au Gaz DIVINE MULTI H38FSD de Montigo - Groupe BelleFlamme<\/title>\n<meta name=\"description\" content=\"Foyer Transparent au Gaz DIVINE MULTI H38FSD de Montigo vendu et install\u00e9 par le Groupe Belleflamme. Laval, Montr\u00e9al, Gatineau et Saint-Sauveur.\" \/>\n<meta name=\"robots\" content=\"index, follow, max-snippet:-1, max-image-preview:large, max-video-preview:-1\" \/>\n<link rel=\"canonical\" href=\"https:\/\/staging.belleflamme.ca\/fr\/produit\/foyer-divine-multi-faces-see-through\/\" \/>\n<meta property=\"og:locale\" content=\"fr_FR\" \/>\n<meta property=\"og:type\" content=\"article\" \/>\n<meta property=\"og:title\" content=\"Foyer Transparent au Gaz DIVINE MULTI H38FSD de Montigo\" \/>\n<meta property=\"og:description\" content=\"Foyer Transparent au Gaz DIVINE MULTI H38FSD de Montigo vendu et install\u00e9 par le Groupe Belleflamme. Laval, Montr\u00e9al, Gatineau et Saint-Sauveur.\" \/>\n<meta property=\"og:url\" content=\"https:\/\/staging.belleflamme.ca\/fr\/produit\/foyer-divine-multi-faces-see-through\/\" \/>\n<meta property=\"og:site_name\" content=\"Groupe BelleFlamme\" \/>\n<meta property=\"article:publisher\" content=\"https:\/\/www.facebook.com\/belleflamme.ca\/\" \/>\n<meta property=\"article:modified_time\" content=\"2025-03-20T12:34:10+00:00\" \/>\n<meta property=\"og:image\" content=\"https:\/\/www.belleflamme.ca\/wp-content\/uploads\/2023\/02\/Foyer-Transparent-au-Gaz-DIVINE-MULTI-H38FSD-de-Montigo.jpg\" \/>\n\t<meta property=\"og:image:width\" content=\"1200\" \/>\n\t<meta property=\"og:image:height\" content=\"1360\" \/>\n\t<meta property=\"og:image:type\" content=\"image\/jpeg\" \/>\n<meta name=\"twitter:card\" content=\"summary_large_image\" \/>\n<meta name=\"twitter:label1\" content=\"Disponibilit\u00e9\" \/>\n\t<meta name=\"twitter:data1\" content=\"En stock\" \/>\n<script type=\"application\/ld+json\" class=\"yoast-schema-graph\">{\"@context\":\"https:\/\/schema.org\",\"@graph\":[{\"@type\":[\"WebPage\",\"ItemPage\"],\"@id\":\"https:\/\/staging.belleflamme.ca\/fr\/produit\/foyer-divine-multi-faces-see-through\/\",\"url\":\"https:\/\/staging.belleflamme.ca\/fr\/produit\/foyer-divine-multi-faces-see-through\/\",\"name\":\"Foyer Transparent au Gaz DIVINE MULTI H38FSD de Montigo - Groupe BelleFlamme\",\"isPartOf\":{\"@id\":\"https:\/\/www.belleflamme.ca\/fr\/#website\"},\"primaryImageOfPage\":{\"@id\":\"https:\/\/staging.belleflamme.ca\/fr\/produit\/foyer-divine-multi-faces-see-through\/#primaryimage\"},\"image\":{\"@id\":\"https:\/\/staging.belleflamme.ca\/fr\/produit\/foyer-divine-multi-faces-see-through\/#primaryimage\"},\"thumbnailUrl\":\"https:\/\/staging.belleflamme.ca\/wp-content\/uploads\/2023\/02\/Foyer-Transparent-au-Gaz-DIVINE-MULTI-H38FSD-de-Montigo.jpg\",\"datePublished\":\"2023-02-07T20:54:07+00:00\",\"dateModified\":\"2025-03-20T12:34:10+00:00\",\"description\":\"Foyer Transparent au Gaz DIVINE MULTI H38FSD de Montigo vendu et install\u00e9 par le Groupe Belleflamme. Laval, Montr\u00e9al, Gatineau et Saint-Sauveur.\",\"breadcrumb\":{\"@id\":\"https:\/\/staging.belleflamme.ca\/fr\/produit\/foyer-divine-multi-faces-see-through\/#breadcrumb\"},\"inLanguage\":\"fr-FR\",\"potentialAction\":[{\"@type\":\"ReadAction\",\"target\":[\"https:\/\/staging.belleflamme.ca\/fr\/produit\/foyer-divine-multi-faces-see-through\/\"]}]},{\"@type\":\"ImageObject\",\"inLanguage\":\"fr-FR\",\"@id\":\"https:\/\/staging.belleflamme.ca\/fr\/produit\/foyer-divine-multi-faces-see-through\/#primaryimage\",\"url\":\"https:\/\/staging.belleflamme.ca\/wp-content\/uploads\/2023\/02\/Foyer-Transparent-au-Gaz-DIVINE-MULTI-H38FSD-de-Montigo.jpg\",\"contentUrl\":\"https:\/\/staging.belleflamme.ca\/wp-content\/uploads\/2023\/02\/Foyer-Transparent-au-Gaz-DIVINE-MULTI-H38FSD-de-Montigo.jpg\",\"width\":1200,\"height\":1360,\"caption\":\"Foyer Transparent au Gaz DIVINE MULTI H38FSD de Montigo\"},{\"@type\":\"BreadcrumbList\",\"@id\":\"https:\/\/staging.belleflamme.ca\/fr\/produit\/foyer-divine-multi-faces-see-through\/#breadcrumb\",\"itemListElement\":[{\"@type\":\"ListItem\",\"position\":1,\"name\":\"Accueil\",\"item\":\"https:\/\/www.belleflamme.ca\/fr\/\"},{\"@type\":\"ListItem\",\"position\":2,\"name\":\"Boutique\",\"item\":\"https:\/\/www.belleflamme.ca\/fr\/boutique\/\"},{\"@type\":\"ListItem\",\"position\":3,\"name\":\"Po\u00eales &amp; Foyers\",\"item\":\"https:\/\/staging.belleflamme.ca\/fr\/categories\/poeles-et-foyers\/\"},{\"@type\":\"ListItem\",\"position\":4,\"name\":\"Po\u00eale &amp; Foyer au Gaz\",\"item\":\"https:\/\/staging.belleflamme.ca\/fr\/categories\/poeles-et-foyers\/poeles-foyer-au-gaz\/\"},{\"@type\":\"ListItem\",\"position\":5,\"name\":\"Foyer au Gaz\",\"item\":\"https:\/\/staging.belleflamme.ca\/fr\/categories\/poeles-et-foyers\/poeles-foyer-au-gaz\/foyer-au-gaz\/\"},{\"@type\":\"ListItem\",\"position\":6,\"name\":\"Foyer Transparent au Gaz DIVINE MULTI H38FSD de Montigo\"}]},{\"@type\":\"WebSite\",\"@id\":\"https:\/\/www.belleflamme.ca\/fr\/#website\",\"url\":\"https:\/\/www.belleflamme.ca\/fr\/\",\"name\":\"Groupe Belleflamme\",\"description\":\"La m\u00e9canique du b\u00e2timent dans le sang.\",\"publisher\":{\"@id\":\"https:\/\/www.belleflamme.ca\/fr\/#organization\"},\"potentialAction\":[{\"@type\":\"SearchAction\",\"target\":{\"@type\":\"EntryPoint\",\"urlTemplate\":\"https:\/\/www.belleflamme.ca\/fr\/?s={search_term_string}\"},\"query-input\":{\"@type\":\"PropertyValueSpecification\",\"valueRequired\":true,\"valueName\":\"search_term_string\"}}],\"inLanguage\":\"fr-FR\"},{\"@type\":[\"Organization\",\"Place\"],\"@id\":\"https:\/\/www.belleflamme.ca\/fr\/#organization\",\"name\":\"Groupe Belleflamme\",\"alternateName\":\"Belleflamme\",\"url\":\"https:\/\/www.belleflamme.ca\/fr\/\",\"logo\":{\"@type\":\"ImageObject\",\"inLanguage\":\"fr-FR\",\"@id\":\"https:\/\/www.belleflamme.ca\/fr\/#\/schema\/logo\/image\/\",\"url\":\"https:\/\/staging.belleflamme.ca\/wp-content\/uploads\/2023\/01\/og-image.jpg\",\"contentUrl\":\"https:\/\/staging.belleflamme.ca\/wp-content\/uploads\/2023\/01\/og-image.jpg\",\"width\":1200,\"height\":630,\"caption\":\"Groupe Belleflamme\"},\"image\":{\"@id\":\"https:\/\/www.belleflamme.ca\/fr\/#\/schema\/logo\/image\/\"},\"sameAs\":[\"https:\/\/www.facebook.com\/belleflamme.ca\/\",\"https:\/\/www.linkedin.com\/company\/belleflamme\/\",\"https:\/\/www.pinterest.ca\/groupebelleflamme\/\",\"https:\/\/www.instagram.com\/legroupebelleflamme\/\"],\"mainEntityOfPage\":{\"@id\":\"https:\/\/staging.belleflamme.ca\/fr\/produit\/foyer-divine-multi-faces-see-through\/\"}}]}<\/script>\n<meta property=\"product:brand\" content=\"Montigo\" \/>\n<meta property=\"og:availability\" content=\"instock\" \/>\n<meta property=\"product:availability\" content=\"instock\" \/>\n<meta property=\"product:condition\" content=\"new\" \/>\n<!-- \/ Yoast SEO Premium plugin. -->","yoast_head_json":{"title":"Foyer Transparent au Gaz DIVINE MULTI H38FSD de Montigo - Groupe BelleFlamme","description":"Foyer Transparent au Gaz DIVINE MULTI H38FSD de Montigo vendu et install\u00e9 par le Groupe Belleflamme. Laval, Montr\u00e9al, Gatineau et Saint-Sauveur.","robots":{"index":"index","follow":"follow","max-snippet":"max-snippet:-1","max-image-preview":"max-image-preview:large","max-video-preview":"max-video-preview:-1"},"canonical":"https:\/\/staging.belleflamme.ca\/fr\/produit\/foyer-divine-multi-faces-see-through\/","og_locale":"fr_FR","og_type":"article","og_title":"Foyer Transparent au Gaz DIVINE MULTI H38FSD de Montigo","og_description":"Foyer Transparent au Gaz DIVINE MULTI H38FSD de Montigo vendu et install\u00e9 par le Groupe Belleflamme. Laval, Montr\u00e9al, Gatineau et Saint-Sauveur.","og_url":"https:\/\/staging.belleflamme.ca\/fr\/produit\/foyer-divine-multi-faces-see-through\/","og_site_name":"Groupe BelleFlamme","article_publisher":"https:\/\/www.facebook.com\/belleflamme.ca\/","article_modified_time":"2025-03-20T12:34:10+00:00","og_image":[{"width":1200,"height":1360,"url":"https:\/\/www.belleflamme.ca\/wp-content\/uploads\/2023\/02\/Foyer-Transparent-au-Gaz-DIVINE-MULTI-H38FSD-de-Montigo.jpg","type":"image\/jpeg"}],"twitter_card":"summary_large_image","twitter_misc":{"Disponibilit\u00e9":"En stock"},"schema":{"@context":"https:\/\/schema.org","@graph":[{"@type":["WebPage","ItemPage"],"@id":"https:\/\/staging.belleflamme.ca\/fr\/produit\/foyer-divine-multi-faces-see-through\/","url":"https:\/\/staging.belleflamme.ca\/fr\/produit\/foyer-divine-multi-faces-see-through\/","name":"Foyer Transparent au Gaz DIVINE MULTI H38FSD de Montigo - Groupe BelleFlamme","isPartOf":{"@id":"https:\/\/www.belleflamme.ca\/fr\/#website"},"primaryImageOfPage":{"@id":"https:\/\/staging.belleflamme.ca\/fr\/produit\/foyer-divine-multi-faces-see-through\/#primaryimage"},"image":{"@id":"https:\/\/staging.belleflamme.ca\/fr\/produit\/foyer-divine-multi-faces-see-through\/#primaryimage"},"thumbnailUrl":"https:\/\/staging.belleflamme.ca\/wp-content\/uploads\/2023\/02\/Foyer-Transparent-au-Gaz-DIVINE-MULTI-H38FSD-de-Montigo.jpg","datePublished":"2023-02-07T20:54:07+00:00","dateModified":"2025-03-20T12:34:10+00:00","description":"Foyer Transparent au Gaz DIVINE MULTI H38FSD de Montigo vendu et install\u00e9 par le Groupe Belleflamme. Laval, Montr\u00e9al, Gatineau et Saint-Sauveur.","breadcrumb":{"@id":"https:\/\/staging.belleflamme.ca\/fr\/produit\/foyer-divine-multi-faces-see-through\/#breadcrumb"},"inLanguage":"fr-FR","potentialAction":[{"@type":"ReadAction","target":["https:\/\/staging.belleflamme.ca\/fr\/produit\/foyer-divine-multi-faces-see-through\/"]}]},{"@type":"ImageObject","inLanguage":"fr-FR","@id":"https:\/\/staging.belleflamme.ca\/fr\/produit\/foyer-divine-multi-faces-see-through\/#primaryimage","url":"https:\/\/staging.belleflamme.ca\/wp-content\/uploads\/2023\/02\/Foyer-Transparent-au-Gaz-DIVINE-MULTI-H38FSD-de-Montigo.jpg","contentUrl":"https:\/\/staging.belleflamme.ca\/wp-content\/uploads\/2023\/02\/Foyer-Transparent-au-Gaz-DIVINE-MULTI-H38FSD-de-Montigo.jpg","width":1200,"height":1360,"caption":"Foyer Transparent au Gaz DIVINE MULTI H38FSD de Montigo"},{"@type":"BreadcrumbList","@id":"https:\/\/staging.belleflamme.ca\/fr\/produit\/foyer-divine-multi-faces-see-through\/#breadcrumb","itemListElement":[{"@type":"ListItem","position":1,"name":"Accueil","item":"https:\/\/www.belleflamme.ca\/fr\/"},{"@type":"ListItem","position":2,"name":"Boutique","item":"https:\/\/www.belleflamme.ca\/fr\/boutique\/"},{"@type":"ListItem","position":3,"name":"Po\u00eales &amp; Foyers","item":"https:\/\/staging.belleflamme.ca\/fr\/categories\/poeles-et-foyers\/"},{"@type":"ListItem","position":4,"name":"Po\u00eale &amp; Foyer au Gaz","item":"https:\/\/staging.belleflamme.ca\/fr\/categories\/poeles-et-foyers\/poeles-foyer-au-gaz\/"},{"@type":"ListItem","position":5,"name":"Foyer au Gaz","item":"https:\/\/staging.belleflamme.ca\/fr\/categories\/poeles-et-foyers\/poeles-foyer-au-gaz\/foyer-au-gaz\/"},{"@type":"ListItem","position":6,"name":"Foyer Transparent au Gaz DIVINE MULTI H38FSD de Montigo"}]},{"@type":"WebSite","@id":"https:\/\/www.belleflamme.ca\/fr\/#website","url":"https:\/\/www.belleflamme.ca\/fr\/","name":"Groupe Belleflamme","description":"La m\u00e9canique du b\u00e2timent dans le sang.","publisher":{"@id":"https:\/\/www.belleflamme.ca\/fr\/#organization"},"potentialAction":[{"@type":"SearchAction","target":{"@type":"EntryPoint","urlTemplate":"https:\/\/www.belleflamme.ca\/fr\/?s={search_term_string}"},"query-input":{"@type":"PropertyValueSpecification","valueRequired":true,"valueName":"search_term_string"}}],"inLanguage":"fr-FR"},{"@type":["Organization","Place"],"@id":"https:\/\/www.belleflamme.ca\/fr\/#organization","name":"Groupe Belleflamme","alternateName":"Belleflamme","url":"https:\/\/www.belleflamme.ca\/fr\/","logo":{"@type":"ImageObject","inLanguage":"fr-FR","@id":"https:\/\/www.belleflamme.ca\/fr\/#\/schema\/logo\/image\/","url":"https:\/\/staging.belleflamme.ca\/wp-content\/uploads\/2023\/01\/og-image.jpg","contentUrl":"https:\/\/staging.belleflamme.ca\/wp-content\/uploads\/2023\/01\/og-image.jpg","width":1200,"height":630,"caption":"Groupe Belleflamme"},"image":{"@id":"https:\/\/www.belleflamme.ca\/fr\/#\/schema\/logo\/image\/"},"sameAs":["https:\/\/www.facebook.com\/belleflamme.ca\/","https:\/\/www.linkedin.com\/company\/belleflamme\/","https:\/\/www.pinterest.ca\/groupebelleflamme\/","https:\/\/www.instagram.com\/legroupebelleflamme\/"],"mainEntityOfPage":{"@id":"https:\/\/staging.belleflamme.ca\/fr\/produit\/foyer-divine-multi-faces-see-through\/"}}]},"product_brand":"Montigo","og_availability":"instock","product_availability":"instock","product_condition":"new"},"_links":{"self":[{"href":"https:\/\/staging.belleflamme.ca\/fr\/wp-json\/wp\/v2\/product\/3239","targetHints":{"allow":["GET"]}}],"collection":[{"href":"https:\/\/staging.belleflamme.ca\/fr\/wp-json\/wp\/v2\/product"}],"about":[{"href":"https:\/\/staging.belleflamme.ca\/fr\/wp-json\/wp\/v2\/types\/product"}],"version-history":[{"count":9,"href":"https:\/\/staging.belleflamme.ca\/fr\/wp-json\/wp\/v2\/product\/3239\/revisions"}],"predecessor-version":[{"id":49331,"href":"https:\/\/staging.belleflamme.ca\/fr\/wp-json\/wp\/v2\/product\/3239\/revisions\/49331"}],"wp:featuredmedia":[{"embeddable":true,"href":"https:\/\/staging.belleflamme.ca\/fr\/wp-json\/wp\/v2\/media\/22852"}],"wp:attachment":[{"href":"https:\/\/staging.belleflamme.ca\/fr\/wp-json\/wp\/v2\/media?parent=3239"}],"wp:term":[{"taxonomy":"product_brand","embeddable":true,"href":"https:\/\/staging.belleflamme.ca\/fr\/wp-json\/wp\/v2\/product_brand?post=3239"},{"taxonomy":"product_cat","embeddable":true,"href":"https:\/\/staging.belleflamme.ca\/fr\/wp-json\/wp\/v2\/product_cat?post=3239"},{"taxonomy":"product_tag","embeddable":true,"href":"https:\/\/staging.belleflamme.ca\/fr\/wp-json\/wp\/v2\/product_tag?post=3239"}],"curies":[{"name":"wp","href":"https:\/\/api.w.org\/{rel}","templated":true}]}}