{"id":3237,"date":"2023-02-07T15:54:04","date_gmt":"2023-02-07T20:54:04","guid":{"rendered":"https:\/\/www.belleflamme.ca\/product\/foyer-divine-multi-faces-the-bay\/"},"modified":"2025-03-20T08:55:57","modified_gmt":"2025-03-20T12:55:57","slug":"foyer-divine-multi-faces-the-bay","status":"publish","type":"product","link":"https:\/\/staging.belleflamme.ca\/fr\/produit\/foyer-divine-multi-faces-the-bay\/","title":{"rendered":"Foyer au Gaz en Bay DIVINE MULTI  H38PR Traditionnel de Montigo"},"content":{"rendered":"\t\t<div data-elementor-type=\"product-post\" data-elementor-id=\"3237\" class=\"elementor elementor-3237\" data-elementor-post-type=\"product\">\n\t\t\t\t\t\t<section class=\"elementor-section elementor-top-section elementor-element elementor-element-33465092 elementor-section-boxed elementor-section-height-default elementor-section-height-default\" data-id=\"33465092\" data-element_type=\"section\">\n\t\t\t\t\t\t<div class=\"elementor-container elementor-column-gap-default\">\n\t\t\t\t\t<div class=\"elementor-column elementor-col-100 elementor-top-column elementor-element elementor-element-44b2a112\" data-id=\"44b2a112\" data-element_type=\"column\">\n\t\t\t<div class=\"elementor-widget-wrap elementor-element-populated\">\n\t\t\t\t\t\t<div class=\"elementor-element elementor-element-6a02cb70 elementor-widget elementor-widget-text-editor\" data-id=\"6a02cb70\" data-element_type=\"widget\" data-widget_type=\"text-editor.default\">\n\t\t\t\t<div class=\"elementor-widget-container\">\n\t\t\t\t\t\t\t\t\t<p><iframe title=\"YouTube video player\" src=\"https:\/\/www.youtube.com\/embed\/nujBzpBt7IU?si=pSeD390uz00GG9jf\" width=\"560\" height=\"315\" frameborder=\"0\" allowfullscreen=\"allowfullscreen\"><\/iframe><\/p><h2><span>La baie DIVINE<\/span><\/h2><p><span>Le foyer multiface DIVINE Bay, o\u00f9 le charme intemporel rencontre la commodit\u00e9 moderne.\u00a0Avec son br\u00fbleur \u00e0 b\u00fbches traditionnel et son design captivant \u00e0 plusieurs faces, ce foyer apporte l&#8217;attrait d&#8217;un foyer \u00e0 bois classique au 21e si\u00e8cle.\u00a0L&#8217;ensemble de b\u00fbches m\u00e9ticuleusement con\u00e7u impr\u00e8gne votre espace de vie d&#8217;une \u00e9l\u00e9gance rustique, cr\u00e9ant une ambiance chaleureuse qui rappelle les moments pr\u00e9cieux pass\u00e9s autour d&#8217;un foyer traditionnelle. La construction multiface du DIVINE Bay vous permet de profiter de la lueur chaleureuse des flammes depuis diff\u00e9rents points de vue, ce qui en fait une superbe pi\u00e8ce ma\u00eetresse qui relie harmonieusement diff\u00e9rentes zones de votre maison.<\/span><\/p><p><span>Avec la t\u00e9l\u00e9commande incluse, profiter du confort de la DIVINE Bay n&#8217;a jamais \u00e9t\u00e9 aussi simple.\u00a0Ajustez la hauteur de la flamme, contr\u00f4lez avec le thermostat et allumez ou \u00e9teignez le feu, le tout du bout des doigts depuis le confort de votre canap\u00e9.\u00a0D\u00e9couvrez le luxe d&#8217;une ambiance chaleureuse avec un minimum d&#8217;effort tout en cr\u00e9ant l&#8217;atmosph\u00e8re parfaite pour la d\u00e9tente et les moments pr\u00e9cieux avec vos proches.\u00a0Plongez-vous dans l&#8217;\u00e9l\u00e9gance et la commodit\u00e9 in\u00e9gal\u00e9es qu&#8217;apporte le foyer multiface DIVINE Bay, ce qui en fait un ajout exquis \u00e0 toute maison moderne recherchant \u00e0 la fois style et confort.<\/span><\/p><h2><span>Adorez la beaut\u00e9 sous tous les angles<\/span><\/h2><p><span>Les foyers DIVINE multifaces de Montigo sont un v\u00e9ritable chef-d&#8217;\u0153uvre de design contemporain et de savoir-faire exceptionnel. Gr\u00e2ce \u00e0 leurs vitres multifaces innovantes, les flammes peuvent \u00eatre appr\u00e9ci\u00e9es sous plusieurs angles, cr\u00e9ant un point focal captivant dans n&#8217;importe quel espace de vie.\u00a0Ces foyers allient harmonieusement esth\u00e9tique moderne et technologie de pointe, offrant \u00e0 la fois \u00e9l\u00e9gance et commodit\u00e9 avec des fonctionnalit\u00e9s telles que le fonctionnement de la t\u00e9l\u00e9commande, les r\u00e9glages de flamme personnalisables et les options de chauffage efficaces.<\/span><\/p><h2><span>Inspiration de conception de foyer<\/span><\/h2><h3><span>TENDANCES LES PLUS CHAUDES EN MATI\u00c8RE DE CONCEPTION DE FOYERS<\/span><\/h3><p><span>Que vous souhaitiez rafra\u00eechir un foyer existant avec un changement de manteau, un peu de peinture, une refonte compl\u00e8te de la conception, ou remplacer l&#8217;unit\u00e9 et cr\u00e9er un chef-d&#8217;\u0153uvre.\u00a0Il existe de nombreuses fa\u00e7ons de mettre \u00e0 niveau et une infinit\u00e9 de mat\u00e9riaux parmi lesquels choisir.<\/span><\/p><p><strong><span>Standard:<\/span><\/strong><\/p><ul><li><span>Br\u00fbleur et b\u00fbches traditionnels, doublure en brique Heritage, grille en fer forg\u00e9, flamme Hi-Lo \u00e0 distance, t\u00e9l\u00e9commande multifonction, \u00e9cran \u00e0 micro-mailles, batterie de secours<\/span><\/li><\/ul><p><strong><span>Possibilit\u00e9s\u00a0:<\/span><\/strong><\/p><ul><li><span>T\u00e9l\u00e9commande murale, contr\u00f4le par application t\u00e9l\u00e9phonique WiFi<\/span><\/li><\/ul><div class=\"grid grid--flush moved-on-top\"><div class=\"grid__item one-half md-one-whole\"><div class=\"specs offset-left--big\"><h3><span>SP\u00c9CIFICATIONS EN UN COUP D&#8217;\u0152IL\u00a0:<\/span><\/h3><div class=\"specs-list\"><dl><dt><span>BTU maximum (NG)<\/span><\/dt><dd><span>34 000<\/span><\/dd><\/dl><dl><dt><span>Largeur du cadre<\/span><\/dt><dd><span>40 3\/4&#8243;<\/span><\/dd><\/dl><dl><dt><span>Hauteur du cadre<\/span><\/dt><dd><span>44&#8243;<\/span><\/dd><\/dl><dl><dt><span>Profondeur du cadrage<\/span><\/dt><dd><span>24 1\/2&#8243;<\/span><\/dd><\/dl><dl><dt><span>Largeur d&#8217;ouverture du verre<\/span><\/dt><dd><span>32 1\/8&#8243;<\/span><\/dd><\/dl><dl><dt><span>Hauteur d&#8217;ouverture du verre<\/span><\/dt><dd><span>24 3\/4&#8243;<\/span><\/dd><\/dl><dl><dt><span>Taille de l&#8217;\u00e9vent int\u00e9rieur<\/span><\/dt><dd><span>5<\/span><\/dd><\/dl><dl><dt><span>Taille de l&#8217;\u00e9vent ext\u00e9rieur<\/span><\/dt><dd><span>8<\/span><\/dd><\/dl><dl><dt><span>Commercial<\/span><\/dt><dd><span>Non<\/span><\/dd><\/dl><dl><dt><span>Personnalisable<\/span><\/dt><dd><span>Non<\/span><\/dd><\/dl><dl><dt><span>Largeur d&#8217;ouverture du verre &#8211; C\u00f4t\u00e9s<\/span><\/dt><dd><span>16 1\/4&#8243;<\/span><\/dd><\/dl><\/div><\/div><\/div><\/div><div class=\"grid grid--flush margin-bottom--medium two-images\"><div class=\"grid__item one-half sm-one-whole\"><div class=\"small-image left-aligned\"><img decoding=\"async\" class=\"moved-up-100\" src=\"https:\/\/www.montigo.com\/product\/h38dfpr\/\" alt=\"\" \/><\/div><\/div><div class=\"grid__item one-half sm-one-whole padding-top--medium\"><div class=\"offset-left--grid\">\u00a0<\/div><\/div><\/div>\t\t\t\t\t\t\t\t<\/div>\n\t\t\t\t<\/div>\n\t\t\t\t\t<\/div>\n\t\t<\/div>\n\t\t\t\t\t<\/div>\n\t\t<\/section>\n\t\t\t\t<section class=\"elementor-section elementor-top-section elementor-element elementor-element-f1e698d elementor-section-boxed elementor-section-height-default elementor-section-height-default\" data-id=\"f1e698d\" data-element_type=\"section\">\n\t\t\t\t\t\t<div class=\"elementor-container elementor-column-gap-default\">\n\t\t\t\t\t<div class=\"elementor-column elementor-col-100 elementor-top-column elementor-element elementor-element-5ed00d6\" data-id=\"5ed00d6\" data-element_type=\"column\">\n\t\t\t<div class=\"elementor-widget-wrap elementor-element-populated\">\n\t\t\t\t\t\t<div class=\"elementor-element elementor-element-0a2f668 elementor-tabs-view-horizontal elementor-widget elementor-widget-tabs\" data-id=\"0a2f668\" data-element_type=\"widget\" data-widget_type=\"tabs.default\">\n\t\t\t\t<div class=\"elementor-widget-container\">\n\t\t\t\t\t\t\t<div class=\"elementor-tabs\">\n\t\t\t<div class=\"elementor-tabs-wrapper\" role=\"tablist\" >\n\t\t\t\t\t\t\t\t\t<div id=\"elementor-tab-title-1061\" class=\"elementor-tab-title elementor-tab-desktop-title\" aria-selected=\"true\" data-tab=\"1\" role=\"tab\" tabindex=\"0\" aria-controls=\"elementor-tab-content-1061\" aria-expanded=\"false\">Fichiers<\/div>\n\t\t\t\t\t\t\t<\/div>\n\t\t\t<div class=\"elementor-tabs-content-wrapper\" role=\"tablist\" aria-orientation=\"vertical\">\n\t\t\t\t\t\t\t\t\t<div class=\"elementor-tab-title elementor-tab-mobile-title\" aria-selected=\"true\" data-tab=\"1\" role=\"tab\" tabindex=\"0\" aria-controls=\"elementor-tab-content-1061\" aria-expanded=\"false\">Fichiers<\/div>\n\t\t\t\t\t<div id=\"elementor-tab-content-1061\" class=\"elementor-tab-content elementor-clearfix\" data-tab=\"1\" role=\"tabpanel\" aria-labelledby=\"elementor-tab-title-1061\" tabindex=\"0\" hidden=\"false\"><i class=\"far fa-file-pdf fa-xl\" style=\"font-size:35px\"><\/i><a href=\"https:\/\/www.belleflamme.ca\/wp-content\/uploads\/2023\/11\/XB2215FR-Montigo-Fireplaces-Divine-Multi-Sided-Brochure-1.pdf\">Brochure<\/a><\/br>\n<i class=\"far fa-file-pdf fa-xl\" style=\"font-size:35px\"><\/i><a href=\"https:\/\/www.belleflamme.ca\/wp-content\/uploads\/2023\/11\/montigo-FR-residential-fireplace-Divine-Multi-Sided-38-Bay-spec-sheet.pdf\"> Sp\u00e9cifications<\/a><\/br>\n<i class=\"far fa-file-pdf fa-xl\" style=\"font-size:35px\"><\/i><a href=\"https:\/\/www.belleflamme.ca\/wp-content\/uploads\/2023\/11\/xg0227-montigo-manual-divine-multi-sided.pdf\"> Installation<\/a><\/br><\/div>\n\t\t\t\t\t\t\t<\/div>\n\t\t<\/div>\n\t\t\t\t\t\t<\/div>\n\t\t\t\t<\/div>\n\t\t\t\t\t<\/div>\n\t\t<\/div>\n\t\t\t\t\t<\/div>\n\t\t<\/section>\n\t\t\t\t<\/div>\n\t\t","protected":false},"excerpt":{"rendered":"<p>La baie DIVINE Le foyer multiface DIVINE Bay, o\u00f9 le charme intemporel rencontre la commodit\u00e9 moderne.\u00a0Avec son br\u00fbleur \u00e0 b\u00fbches traditionnel et son design captivant \u00e0 plusieurs faces, ce foyer apporte l&#8217;attrait d&#8217;un foyer \u00e0 bois classique au 21e si\u00e8cle.\u00a0L&#8217;ensemble de b\u00fbches m\u00e9ticuleusement con\u00e7u impr\u00e8gne votre espace de vie d&#8217;une \u00e9l\u00e9gance rustique, cr\u00e9ant une ambiance [&hellip;]<\/p>\n","protected":false},"featured_media":23061,"template":"","meta":{"inline_featured_image":false},"product_brand":[218],"product_cat":[33,35,37],"product_tag":[],"class_list":{"0":"post-3237","1":"product","2":"type-product","3":"status-publish","4":"has-post-thumbnail","6":"product_brand-montigo","7":"product_cat-poeles-et-foyers","8":"product_cat-poeles-foyer-au-gaz","9":"product_cat-foyer-au-gaz","11":"first","12":"instock","13":"taxable","14":"shipping-taxable","15":"purchasable","16":"product-type-variable"},"yoast_head":"<!-- This site is optimized with the Yoast SEO Premium plugin v24.2 (Yoast SEO v24.2) - https:\/\/yoast.com\/wordpress\/plugins\/seo\/ -->\n<title>Foyer au Gaz en Bay DIVINE MULTI H38PR Traditionnel de Montigo - Groupe BelleFlamme<\/title>\n<meta name=\"description\" content=\"Foyer au Gaz en Bay DIVINE MULTI H38PR Traditionnel de Montigo vendu et install\u00e9 par le Groupe Belleflamme. Laval, Montr\u00e9al, Gatineau et Saint-Sauveur.\" \/>\n<meta name=\"robots\" content=\"index, follow, max-snippet:-1, max-image-preview:large, max-video-preview:-1\" \/>\n<link rel=\"canonical\" href=\"https:\/\/staging.belleflamme.ca\/fr\/produit\/foyer-divine-multi-faces-the-bay\/\" \/>\n<meta property=\"og:locale\" content=\"fr_FR\" \/>\n<meta property=\"og:type\" content=\"article\" \/>\n<meta property=\"og:title\" content=\"Foyer au Gaz en Bay DIVINE MULTI H38PR Traditionnel de Montigo\" \/>\n<meta property=\"og:description\" content=\"Foyer au Gaz en Bay DIVINE MULTI H38PR Traditionnel de Montigo vendu et install\u00e9 par le Groupe Belleflamme. Laval, Montr\u00e9al, Gatineau et Saint-Sauveur.\" \/>\n<meta property=\"og:url\" content=\"https:\/\/staging.belleflamme.ca\/fr\/produit\/foyer-divine-multi-faces-the-bay\/\" \/>\n<meta property=\"og:site_name\" content=\"Groupe BelleFlamme\" \/>\n<meta property=\"article:publisher\" content=\"https:\/\/www.facebook.com\/belleflamme.ca\/\" \/>\n<meta property=\"article:modified_time\" content=\"2025-03-20T12:55:57+00:00\" \/>\n<meta property=\"og:image\" content=\"https:\/\/www.belleflamme.ca\/wp-content\/uploads\/2023\/02\/Foyer-au-Gaz-en-Bay-DIVINE-MULTI-H38PR-de-Montigo.jpg\" \/>\n\t<meta property=\"og:image:width\" content=\"1200\" \/>\n\t<meta property=\"og:image:height\" content=\"1360\" \/>\n\t<meta property=\"og:image:type\" content=\"image\/jpeg\" \/>\n<meta name=\"twitter:card\" content=\"summary_large_image\" \/>\n<meta name=\"twitter:label1\" content=\"Disponibilit\u00e9\" \/>\n\t<meta name=\"twitter:data1\" content=\"En stock\" \/>\n<script type=\"application\/ld+json\" class=\"yoast-schema-graph\">{\"@context\":\"https:\/\/schema.org\",\"@graph\":[{\"@type\":[\"WebPage\",\"ItemPage\"],\"@id\":\"https:\/\/staging.belleflamme.ca\/fr\/produit\/foyer-divine-multi-faces-the-bay\/\",\"url\":\"https:\/\/staging.belleflamme.ca\/fr\/produit\/foyer-divine-multi-faces-the-bay\/\",\"name\":\"Foyer au Gaz en Bay DIVINE MULTI H38PR Traditionnel de Montigo - Groupe BelleFlamme\",\"isPartOf\":{\"@id\":\"https:\/\/www.belleflamme.ca\/fr\/#website\"},\"primaryImageOfPage\":{\"@id\":\"https:\/\/staging.belleflamme.ca\/fr\/produit\/foyer-divine-multi-faces-the-bay\/#primaryimage\"},\"image\":{\"@id\":\"https:\/\/staging.belleflamme.ca\/fr\/produit\/foyer-divine-multi-faces-the-bay\/#primaryimage\"},\"thumbnailUrl\":\"https:\/\/staging.belleflamme.ca\/wp-content\/uploads\/2023\/02\/Foyer-au-Gaz-en-Bay-DIVINE-MULTI-H38PR-de-Montigo.jpg\",\"datePublished\":\"2023-02-07T20:54:04+00:00\",\"dateModified\":\"2025-03-20T12:55:57+00:00\",\"description\":\"Foyer au Gaz en Bay DIVINE MULTI H38PR Traditionnel de Montigo vendu et install\u00e9 par le Groupe Belleflamme. Laval, Montr\u00e9al, Gatineau et Saint-Sauveur.\",\"breadcrumb\":{\"@id\":\"https:\/\/staging.belleflamme.ca\/fr\/produit\/foyer-divine-multi-faces-the-bay\/#breadcrumb\"},\"inLanguage\":\"fr-FR\",\"potentialAction\":[{\"@type\":\"ReadAction\",\"target\":[\"https:\/\/staging.belleflamme.ca\/fr\/produit\/foyer-divine-multi-faces-the-bay\/\"]}]},{\"@type\":\"ImageObject\",\"inLanguage\":\"fr-FR\",\"@id\":\"https:\/\/staging.belleflamme.ca\/fr\/produit\/foyer-divine-multi-faces-the-bay\/#primaryimage\",\"url\":\"https:\/\/staging.belleflamme.ca\/wp-content\/uploads\/2023\/02\/Foyer-au-Gaz-en-Bay-DIVINE-MULTI-H38PR-de-Montigo.jpg\",\"contentUrl\":\"https:\/\/staging.belleflamme.ca\/wp-content\/uploads\/2023\/02\/Foyer-au-Gaz-en-Bay-DIVINE-MULTI-H38PR-de-Montigo.jpg\",\"width\":1200,\"height\":1360,\"caption\":\"Foyer au Gaz en Bay DIVINE MULTI H38PR de Montigo\"},{\"@type\":\"BreadcrumbList\",\"@id\":\"https:\/\/staging.belleflamme.ca\/fr\/produit\/foyer-divine-multi-faces-the-bay\/#breadcrumb\",\"itemListElement\":[{\"@type\":\"ListItem\",\"position\":1,\"name\":\"Accueil\",\"item\":\"https:\/\/www.belleflamme.ca\/fr\/\"},{\"@type\":\"ListItem\",\"position\":2,\"name\":\"Boutique\",\"item\":\"https:\/\/www.belleflamme.ca\/fr\/boutique\/\"},{\"@type\":\"ListItem\",\"position\":3,\"name\":\"Po\u00eales &amp; Foyers\",\"item\":\"https:\/\/staging.belleflamme.ca\/fr\/categories\/poeles-et-foyers\/\"},{\"@type\":\"ListItem\",\"position\":4,\"name\":\"Po\u00eale &amp; Foyer au Gaz\",\"item\":\"https:\/\/staging.belleflamme.ca\/fr\/categories\/poeles-et-foyers\/poeles-foyer-au-gaz\/\"},{\"@type\":\"ListItem\",\"position\":5,\"name\":\"Foyer au Gaz\",\"item\":\"https:\/\/staging.belleflamme.ca\/fr\/categories\/poeles-et-foyers\/poeles-foyer-au-gaz\/foyer-au-gaz\/\"},{\"@type\":\"ListItem\",\"position\":6,\"name\":\"Foyer au Gaz en Bay DIVINE MULTI H38PR Traditionnel de Montigo\"}]},{\"@type\":\"WebSite\",\"@id\":\"https:\/\/www.belleflamme.ca\/fr\/#website\",\"url\":\"https:\/\/www.belleflamme.ca\/fr\/\",\"name\":\"Groupe Belleflamme\",\"description\":\"La m\u00e9canique du b\u00e2timent dans le sang.\",\"publisher\":{\"@id\":\"https:\/\/www.belleflamme.ca\/fr\/#organization\"},\"potentialAction\":[{\"@type\":\"SearchAction\",\"target\":{\"@type\":\"EntryPoint\",\"urlTemplate\":\"https:\/\/www.belleflamme.ca\/fr\/?s={search_term_string}\"},\"query-input\":{\"@type\":\"PropertyValueSpecification\",\"valueRequired\":true,\"valueName\":\"search_term_string\"}}],\"inLanguage\":\"fr-FR\"},{\"@type\":[\"Organization\",\"Place\"],\"@id\":\"https:\/\/www.belleflamme.ca\/fr\/#organization\",\"name\":\"Groupe Belleflamme\",\"alternateName\":\"Belleflamme\",\"url\":\"https:\/\/www.belleflamme.ca\/fr\/\",\"logo\":{\"@type\":\"ImageObject\",\"inLanguage\":\"fr-FR\",\"@id\":\"https:\/\/www.belleflamme.ca\/fr\/#\/schema\/logo\/image\/\",\"url\":\"https:\/\/staging.belleflamme.ca\/wp-content\/uploads\/2023\/01\/og-image.jpg\",\"contentUrl\":\"https:\/\/staging.belleflamme.ca\/wp-content\/uploads\/2023\/01\/og-image.jpg\",\"width\":1200,\"height\":630,\"caption\":\"Groupe Belleflamme\"},\"image\":{\"@id\":\"https:\/\/www.belleflamme.ca\/fr\/#\/schema\/logo\/image\/\"},\"sameAs\":[\"https:\/\/www.facebook.com\/belleflamme.ca\/\",\"https:\/\/www.linkedin.com\/company\/belleflamme\/\",\"https:\/\/www.pinterest.ca\/groupebelleflamme\/\",\"https:\/\/www.instagram.com\/legroupebelleflamme\/\"],\"mainEntityOfPage\":{\"@id\":\"https:\/\/staging.belleflamme.ca\/fr\/produit\/foyer-divine-multi-faces-the-bay\/\"}}]}<\/script>\n<meta property=\"product:brand\" content=\"Montigo\" \/>\n<meta property=\"og:availability\" content=\"instock\" \/>\n<meta property=\"product:availability\" content=\"instock\" \/>\n<meta property=\"product:condition\" content=\"new\" \/>\n<!-- \/ Yoast SEO Premium plugin. -->","yoast_head_json":{"title":"Foyer au Gaz en Bay DIVINE MULTI H38PR Traditionnel de Montigo - Groupe BelleFlamme","description":"Foyer au Gaz en Bay DIVINE MULTI H38PR Traditionnel de Montigo vendu et install\u00e9 par le Groupe Belleflamme. Laval, Montr\u00e9al, Gatineau et Saint-Sauveur.","robots":{"index":"index","follow":"follow","max-snippet":"max-snippet:-1","max-image-preview":"max-image-preview:large","max-video-preview":"max-video-preview:-1"},"canonical":"https:\/\/staging.belleflamme.ca\/fr\/produit\/foyer-divine-multi-faces-the-bay\/","og_locale":"fr_FR","og_type":"article","og_title":"Foyer au Gaz en Bay DIVINE MULTI H38PR Traditionnel de Montigo","og_description":"Foyer au Gaz en Bay DIVINE MULTI H38PR Traditionnel de Montigo vendu et install\u00e9 par le Groupe Belleflamme. Laval, Montr\u00e9al, Gatineau et Saint-Sauveur.","og_url":"https:\/\/staging.belleflamme.ca\/fr\/produit\/foyer-divine-multi-faces-the-bay\/","og_site_name":"Groupe BelleFlamme","article_publisher":"https:\/\/www.facebook.com\/belleflamme.ca\/","article_modified_time":"2025-03-20T12:55:57+00:00","og_image":[{"width":1200,"height":1360,"url":"https:\/\/www.belleflamme.ca\/wp-content\/uploads\/2023\/02\/Foyer-au-Gaz-en-Bay-DIVINE-MULTI-H38PR-de-Montigo.jpg","type":"image\/jpeg"}],"twitter_card":"summary_large_image","twitter_misc":{"Disponibilit\u00e9":"En stock"},"schema":{"@context":"https:\/\/schema.org","@graph":[{"@type":["WebPage","ItemPage"],"@id":"https:\/\/staging.belleflamme.ca\/fr\/produit\/foyer-divine-multi-faces-the-bay\/","url":"https:\/\/staging.belleflamme.ca\/fr\/produit\/foyer-divine-multi-faces-the-bay\/","name":"Foyer au Gaz en Bay DIVINE MULTI H38PR Traditionnel de Montigo - Groupe BelleFlamme","isPartOf":{"@id":"https:\/\/www.belleflamme.ca\/fr\/#website"},"primaryImageOfPage":{"@id":"https:\/\/staging.belleflamme.ca\/fr\/produit\/foyer-divine-multi-faces-the-bay\/#primaryimage"},"image":{"@id":"https:\/\/staging.belleflamme.ca\/fr\/produit\/foyer-divine-multi-faces-the-bay\/#primaryimage"},"thumbnailUrl":"https:\/\/staging.belleflamme.ca\/wp-content\/uploads\/2023\/02\/Foyer-au-Gaz-en-Bay-DIVINE-MULTI-H38PR-de-Montigo.jpg","datePublished":"2023-02-07T20:54:04+00:00","dateModified":"2025-03-20T12:55:57+00:00","description":"Foyer au Gaz en Bay DIVINE MULTI H38PR Traditionnel de Montigo vendu et install\u00e9 par le Groupe Belleflamme. Laval, Montr\u00e9al, Gatineau et Saint-Sauveur.","breadcrumb":{"@id":"https:\/\/staging.belleflamme.ca\/fr\/produit\/foyer-divine-multi-faces-the-bay\/#breadcrumb"},"inLanguage":"fr-FR","potentialAction":[{"@type":"ReadAction","target":["https:\/\/staging.belleflamme.ca\/fr\/produit\/foyer-divine-multi-faces-the-bay\/"]}]},{"@type":"ImageObject","inLanguage":"fr-FR","@id":"https:\/\/staging.belleflamme.ca\/fr\/produit\/foyer-divine-multi-faces-the-bay\/#primaryimage","url":"https:\/\/staging.belleflamme.ca\/wp-content\/uploads\/2023\/02\/Foyer-au-Gaz-en-Bay-DIVINE-MULTI-H38PR-de-Montigo.jpg","contentUrl":"https:\/\/staging.belleflamme.ca\/wp-content\/uploads\/2023\/02\/Foyer-au-Gaz-en-Bay-DIVINE-MULTI-H38PR-de-Montigo.jpg","width":1200,"height":1360,"caption":"Foyer au Gaz en Bay DIVINE MULTI H38PR de Montigo"},{"@type":"BreadcrumbList","@id":"https:\/\/staging.belleflamme.ca\/fr\/produit\/foyer-divine-multi-faces-the-bay\/#breadcrumb","itemListElement":[{"@type":"ListItem","position":1,"name":"Accueil","item":"https:\/\/www.belleflamme.ca\/fr\/"},{"@type":"ListItem","position":2,"name":"Boutique","item":"https:\/\/www.belleflamme.ca\/fr\/boutique\/"},{"@type":"ListItem","position":3,"name":"Po\u00eales &amp; Foyers","item":"https:\/\/staging.belleflamme.ca\/fr\/categories\/poeles-et-foyers\/"},{"@type":"ListItem","position":4,"name":"Po\u00eale &amp; Foyer au Gaz","item":"https:\/\/staging.belleflamme.ca\/fr\/categories\/poeles-et-foyers\/poeles-foyer-au-gaz\/"},{"@type":"ListItem","position":5,"name":"Foyer au Gaz","item":"https:\/\/staging.belleflamme.ca\/fr\/categories\/poeles-et-foyers\/poeles-foyer-au-gaz\/foyer-au-gaz\/"},{"@type":"ListItem","position":6,"name":"Foyer au Gaz en Bay DIVINE MULTI H38PR Traditionnel de Montigo"}]},{"@type":"WebSite","@id":"https:\/\/www.belleflamme.ca\/fr\/#website","url":"https:\/\/www.belleflamme.ca\/fr\/","name":"Groupe Belleflamme","description":"La m\u00e9canique du b\u00e2timent dans le sang.","publisher":{"@id":"https:\/\/www.belleflamme.ca\/fr\/#organization"},"potentialAction":[{"@type":"SearchAction","target":{"@type":"EntryPoint","urlTemplate":"https:\/\/www.belleflamme.ca\/fr\/?s={search_term_string}"},"query-input":{"@type":"PropertyValueSpecification","valueRequired":true,"valueName":"search_term_string"}}],"inLanguage":"fr-FR"},{"@type":["Organization","Place"],"@id":"https:\/\/www.belleflamme.ca\/fr\/#organization","name":"Groupe Belleflamme","alternateName":"Belleflamme","url":"https:\/\/www.belleflamme.ca\/fr\/","logo":{"@type":"ImageObject","inLanguage":"fr-FR","@id":"https:\/\/www.belleflamme.ca\/fr\/#\/schema\/logo\/image\/","url":"https:\/\/staging.belleflamme.ca\/wp-content\/uploads\/2023\/01\/og-image.jpg","contentUrl":"https:\/\/staging.belleflamme.ca\/wp-content\/uploads\/2023\/01\/og-image.jpg","width":1200,"height":630,"caption":"Groupe Belleflamme"},"image":{"@id":"https:\/\/www.belleflamme.ca\/fr\/#\/schema\/logo\/image\/"},"sameAs":["https:\/\/www.facebook.com\/belleflamme.ca\/","https:\/\/www.linkedin.com\/company\/belleflamme\/","https:\/\/www.pinterest.ca\/groupebelleflamme\/","https:\/\/www.instagram.com\/legroupebelleflamme\/"],"mainEntityOfPage":{"@id":"https:\/\/staging.belleflamme.ca\/fr\/produit\/foyer-divine-multi-faces-the-bay\/"}}]},"product_brand":"Montigo","og_availability":"instock","product_availability":"instock","product_condition":"new"},"_links":{"self":[{"href":"https:\/\/staging.belleflamme.ca\/fr\/wp-json\/wp\/v2\/product\/3237","targetHints":{"allow":["GET"]}}],"collection":[{"href":"https:\/\/staging.belleflamme.ca\/fr\/wp-json\/wp\/v2\/product"}],"about":[{"href":"https:\/\/staging.belleflamme.ca\/fr\/wp-json\/wp\/v2\/types\/product"}],"version-history":[{"count":11,"href":"https:\/\/staging.belleflamme.ca\/fr\/wp-json\/wp\/v2\/product\/3237\/revisions"}],"predecessor-version":[{"id":49146,"href":"https:\/\/staging.belleflamme.ca\/fr\/wp-json\/wp\/v2\/product\/3237\/revisions\/49146"}],"wp:featuredmedia":[{"embeddable":true,"href":"https:\/\/staging.belleflamme.ca\/fr\/wp-json\/wp\/v2\/media\/23061"}],"wp:attachment":[{"href":"https:\/\/staging.belleflamme.ca\/fr\/wp-json\/wp\/v2\/media?parent=3237"}],"wp:term":[{"taxonomy":"product_brand","embeddable":true,"href":"https:\/\/staging.belleflamme.ca\/fr\/wp-json\/wp\/v2\/product_brand?post=3237"},{"taxonomy":"product_cat","embeddable":true,"href":"https:\/\/staging.belleflamme.ca\/fr\/wp-json\/wp\/v2\/product_cat?post=3237"},{"taxonomy":"product_tag","embeddable":true,"href":"https:\/\/staging.belleflamme.ca\/fr\/wp-json\/wp\/v2\/product_tag?post=3237"}],"curies":[{"name":"wp","href":"https:\/\/api.w.org\/{rel}","templated":true}]}}