{"id":31648,"date":"2024-03-20T12:42:09","date_gmt":"2024-03-20T16:42:09","guid":{"rendered":"https:\/\/www.belleflamme.ca\/?post_type=product&#038;p=31648"},"modified":"2025-03-31T08:57:47","modified_gmt":"2025-03-31T12:57:47","slug":"foyer-au-gaz-transparent-primo-ii-st-de-heat-glo","status":"publish","type":"product","link":"https:\/\/staging.belleflamme.ca\/fr\/produit\/foyer-au-gaz-transparent-primo-ii-st-de-heat-glo\/","title":{"rendered":"Foyer au Gaz Transparent Primo II ST de Heat &#038; Glo"},"content":{"rendered":"\t\t<div data-elementor-type=\"product-post\" data-elementor-id=\"31648\" class=\"elementor elementor-31648\" data-elementor-post-type=\"product\">\n\t\t\t\t\t\t<section class=\"elementor-section elementor-top-section elementor-element elementor-element-53e08592 elementor-section-boxed elementor-section-height-default elementor-section-height-default\" data-id=\"53e08592\" data-element_type=\"section\">\n\t\t\t\t\t\t<div class=\"elementor-container elementor-column-gap-default\">\n\t\t\t\t\t<div class=\"elementor-column elementor-col-100 elementor-top-column elementor-element elementor-element-278d958a\" data-id=\"278d958a\" data-element_type=\"column\">\n\t\t\t<div class=\"elementor-widget-wrap elementor-element-populated\">\n\t\t\t\t\t\t<div class=\"elementor-element elementor-element-7d56207 elementor-widget elementor-widget-video\" data-id=\"7d56207\" data-element_type=\"widget\" data-settings=\"{&quot;video_type&quot;:&quot;hosted&quot;,&quot;controls&quot;:&quot;yes&quot;}\" data-widget_type=\"video.default\">\n\t\t\t\t<div class=\"elementor-widget-container\">\n\t\t\t\t\t\t\t<div class=\"e-hosted-video elementor-wrapper elementor-open-inline\">\n\t\t\t\t\t<video class=\"elementor-video\" src=\"https:\/\/www.belleflamme.ca\/wp-content\/uploads\/2024\/03\/0B6DBDE2-877F-4F8F-A7DD8768C54DE8C8-1.mp4\" controls=\"\" preload=\"metadata\" controlsList=\"nodownload\"><\/video>\n\t\t\t\t<\/div>\n\t\t\t\t\t\t<\/div>\n\t\t\t\t<\/div>\n\t\t\t\t<div class=\"elementor-element elementor-element-78a16d9a elementor-widget elementor-widget-text-editor\" data-id=\"78a16d9a\" data-element_type=\"widget\" data-widget_type=\"text-editor.default\">\n\t\t\t\t<div class=\"elementor-widget-container\">\n\t\t\t\t\t\t\t\t\t<h2 class=\"h200\">Deux fois plus de pr\u00e9sence toute l&#8217;ann\u00e9e<\/h2>\r\n\u00c9levez deux espaces \u00e0 la fois avec une pi\u00e8ce ma\u00eetresse \u00e9l\u00e9gante pour n\u2019importe quelle saison ou climat.\u00a0Adaptez-le \u00e0 votre d\u00e9cor.\u00a0Choisissez une chaleur faible ou nulle.\u00a0Et d\u00e9tendez-vous en famille ou entre amis lorsque le repos et le rajeunissement n\u2019ont jamais \u00e9t\u00e9 aussi importants.\r\n<div class=\"productFeatureListHeader\">\r\n<h2 class=\"h200\">Caract\u00e9ristiques<\/h2>\r\n<\/div>\r\n<div class=\"features\">\r\n<div class=\"featureItem\">\r\n<div class=\"featureDescription\">\r\n<h3 class=\"h600\">TECHNOLOGIE DE VENTILATION DIRECTE<\/h3>\r\n\u00c9limine efficacement et efficacement toutes les fum\u00e9es ou gaz d&#8217;\u00e9chappement de combustion de votre maison.\r\n\r\n<\/div>\r\n<\/div>\r\n<div class=\"featureItem\">\r\n<div class=\"featureDescription\">\r\n<h3 class=\"h600\">VERRE SAFESURFACE<\/h3>\r\nVerre \u00e0 double vitrage pour \u00e9loigner la chaleur sans \u00e9cran offrant la meilleure vue de la flamme.\r\n\r\n<\/div>\r\n<\/div>\r\n<div class=\"featureItem\">\r\n<div class=\"featureDescription\">\r\n<h3 class=\"h600\">\u00c9CLAIRAGE DE FOYER \u00c0 LED MULTICOLORE<\/h3>\r\nCr\u00e9e un \u00e9clairage brillant et contrast\u00e9 dans une teinte choisie ou fait d\u00e9filer continuellement les couleurs.\r\n\r\n<\/div>\r\n<\/div>\r\n<div class=\"featureItem\">\r\n<div class=\"featureDescription\">\r\n<h3 class=\"h600\">FAIBLE PRODUCTION DE CHALEUR<\/h3>\r\nProfitez d&#8217;un confort toute l&#8217;ann\u00e9e avec le foyer au gaz lin\u00e9aire Primo II et son contr\u00f4le novateur pour une chaleur faible ou nulle.\r\n\r\n<\/div>\r\n<\/div>\r\n<div class=\"featureItem\">\r\n<div class=\"featureDescription\">\r\n<h3 class=\"h600\">CONCEPTION SANS COMPROMIS<\/h3>\r\nApportez des plaques de pl\u00e2tre, des panneaux de bois ou d&#8217;autres mat\u00e9riaux sensibles \u00e0 la chaleur jusqu&#8217;\u00e0 l&#8217;ouverture du foyer.\r\n\r\n<\/div>\r\n<\/div>\r\n<\/div>\r\n&nbsp;\r\n<table class=\"table table-striped table-bordered\">\r\n<tbody>\r\n<tr>\r\n<th>Mod\u00e8le<\/th>\r\n<td>Foyer au gaz Primo II 48ST &#8211; DV<\/td>\r\n<td>Foyer au gaz Primo II 60ST &#8211; DV<\/td>\r\n<td>Foyer au gaz Primo II 72ST &#8211; DV<\/td>\r\n<\/tr>\r\n<tr>\r\n<th>Largeur du cadre<\/th>\r\n<td>66 1\/2&#8243;<\/td>\r\n<td>78 1\/2&#8243;<\/td>\r\n<td>90 1\/2&#8243;<\/td>\r\n<\/tr>\r\n<tr>\r\n<th>Profondeur du cadrage<\/th>\r\n<td>17&#8243;<\/td>\r\n<td>17&#8243;<\/td>\r\n<td>17&#8243;<\/td>\r\n<\/tr>\r\n<tr>\r\n<th>Hauteur du cadre<\/th>\r\n<td>45&#8243;<\/td>\r\n<td>45&#8243;<\/td>\r\n<td>45&#8243;<\/td>\r\n<\/tr>\r\n<tr>\r\n<th>Entr\u00e9e BTU\/h<\/th>\r\n<td>31 500-45 000 (GN)<\/td>\r\n<td>39 500 &#8211; 57 000 (GN)<\/td>\r\n<td>42 000 &#8211; 58 500 (GN)<\/td>\r\n<\/tr>\r\n<tr>\r\n<th>Zone de visualisation<\/th>\r\n<td>48&#8243; x 18&#8243;<\/td>\r\n<td>60&#8243; x 18&#8243;<\/td>\r\n<td>72&#8243; x 18&#8243;<\/td>\r\n<\/tr>\r\n<\/tbody>\r\n<\/table>\t\t\t\t\t\t\t\t<\/div>\n\t\t\t\t<\/div>\n\t\t\t\t\t<\/div>\n\t\t<\/div>\n\t\t\t\t\t<\/div>\n\t\t<\/section>\n\t\t\t\t<section class=\"elementor-section elementor-top-section elementor-element elementor-element-14b2252 elementor-section-boxed elementor-section-height-default elementor-section-height-default\" data-id=\"14b2252\" data-element_type=\"section\">\n\t\t\t\t\t\t<div class=\"elementor-container elementor-column-gap-default\">\n\t\t\t\t\t<div class=\"elementor-column elementor-col-100 elementor-top-column elementor-element elementor-element-fc43ecc\" data-id=\"fc43ecc\" data-element_type=\"column\">\n\t\t\t<div class=\"elementor-widget-wrap elementor-element-populated\">\n\t\t\t\t\t\t<div class=\"elementor-element elementor-element-f6c251c elementor-tabs-view-horizontal elementor-widget elementor-widget-tabs\" data-id=\"f6c251c\" data-element_type=\"widget\" data-widget_type=\"tabs.default\">\n\t\t\t\t<div class=\"elementor-widget-container\">\n\t\t\t\t\t\t\t<div class=\"elementor-tabs\">\n\t\t\t<div class=\"elementor-tabs-wrapper\" role=\"tablist\" >\n\t\t\t\t\t\t\t\t\t<div id=\"elementor-tab-title-2581\" class=\"elementor-tab-title elementor-tab-desktop-title\" aria-selected=\"true\" data-tab=\"1\" role=\"tab\" tabindex=\"0\" aria-controls=\"elementor-tab-content-2581\" aria-expanded=\"false\">Fichiers<\/div>\n\t\t\t\t\t\t\t<\/div>\n\t\t\t<div class=\"elementor-tabs-content-wrapper\" role=\"tablist\" aria-orientation=\"vertical\">\n\t\t\t\t\t\t\t\t\t<div class=\"elementor-tab-title elementor-tab-mobile-title\" aria-selected=\"true\" data-tab=\"1\" role=\"tab\" tabindex=\"0\" aria-controls=\"elementor-tab-content-2581\" aria-expanded=\"false\">Fichiers<\/div>\n\t\t\t\t\t<div id=\"elementor-tab-content-2581\" class=\"elementor-tab-content elementor-clearfix\" data-tab=\"1\" role=\"tabpanel\" aria-labelledby=\"elementor-tab-title-2581\" tabindex=\"0\" hidden=\"false\"><i class=\"far fa-file-pdf fa-xl\" style=\"font-size:35px\"><\/i><a href=\"https:\/\/www.belleflamme.ca\/wp-content\/uploads\/2024\/03\/HNG-1144U_PrimoII_brochure-1.pdf\"> Brochure<\/a><\/br>\n<i class=\"far fa-file-pdf fa-xl\" style=\"font-size:35px\"><\/i><a href=\"https:\/\/www.belleflamme.ca\/wp-content\/uploads\/2024\/03\/FSF-1016U_Mantels-3.pdf\"> Brochure \u00c9tag\u00e8res et contours de manteaux de chemin\u00e9e<\/a><\/br>\n<i class=\"far fa-file-pdf fa-xl\" style=\"font-size:35px\"><\/i><a href=\"https:\/\/www.belleflamme.ca\/wp-content\/uploads\/2024\/03\/2670_980FC_PRIMO-II_INSTALL-1.pdf\"> Installation<\/a><\/br>\n<i class=\"far fa-file-pdf fa-xl\" style=\"font-size:35px\"><\/i><a href=\"https:\/\/www.belleflamme.ca\/wp-content\/uploads\/2024\/03\/2670_981FC_PRIMO-II_OWNER-1.pdf\"> Manuel<\/a><\/br>\n<i class=\"far fa-file-pdf fa-xl\" style=\"font-size:35px\"><\/i><a href=\"https:\/\/www.belleflamme.ca\/wp-content\/uploads\/2024\/03\/Primo-II-48ST_ArchitectGuide.pdf\"> Dimensions 48 pouces<\/a><\/br>\n<i class=\"far fa-file-pdf fa-xl\" style=\"font-size:35px\"><\/i><a href=\"https:\/\/www.belleflamme.ca\/wp-content\/uploads\/2024\/03\/Primo-II-60ST_ArchitectGuide.pdf\"> Dimensions 60 pouces<\/a><\/br>\n<i class=\"far fa-file-pdf fa-xl\" style=\"font-size:35px\"><\/i><a href=\"https:\/\/www.belleflamme.ca\/wp-content\/uploads\/2024\/03\/Primo-II-72ST_ArchitectGuide.pdf\"> Dimensions 72 pouces<\/a><\/br>\n<i class=\"far fa-file-pdf fa-xl\" style=\"font-size:35px\"><\/i><a href=\"https:\/\/www.belleflamme.ca\/wp-content\/uploads\/2024\/03\/PRIMO-II-48ST.pdf\"> Pi\u00e8ces 48 pouces<\/a><\/br>\n<i class=\"far fa-file-pdf fa-xl\" style=\"font-size:35px\"><\/i><a href=\"https:\/\/www.belleflamme.ca\/wp-content\/uploads\/2024\/03\/PRIMO-II-60ST.pdf\"> Pi\u00e8ces 60 pouces<\/a><\/br>\n<i class=\"far fa-file-pdf fa-xl\" style=\"font-size:35px\"><\/i><a href=\"https:\/\/www.belleflamme.ca\/wp-content\/uploads\/2024\/03\/PRIMO-II-72ST.pdf\"> Pi\u00e8ces 72 pouces<\/a><\/br><\/div>\n\t\t\t\t\t\t\t<\/div>\n\t\t<\/div>\n\t\t\t\t\t\t<\/div>\n\t\t\t\t<\/div>\n\t\t\t\t\t<\/div>\n\t\t<\/div>\n\t\t\t\t\t<\/div>\n\t\t<\/section>\n\t\t\t\t<\/div>\n\t\t","protected":false},"excerpt":{"rendered":"<p>https:\/\/www.belleflamme.ca\/wp-content\/uploads\/2024\/03\/0B6DBDE2-877F-4F8F-A7DD8768C54DE8C8-1.mp4 Deux fois plus de pr\u00e9sence toute l&#8217;ann\u00e9e \u00c9levez deux espaces \u00e0 la fois avec une pi\u00e8ce ma\u00eetresse \u00e9l\u00e9gante pour n\u2019importe quelle saison ou climat.\u00a0Adaptez-le \u00e0 votre d\u00e9cor.\u00a0Choisissez une chaleur faible ou nulle.\u00a0Et d\u00e9tendez-vous en famille ou entre amis lorsque le repos et le rajeunissement n\u2019ont jamais \u00e9t\u00e9 aussi importants. Caract\u00e9ristiques TECHNOLOGIE DE VENTILATION DIRECTE [&hellip;]<\/p>\n","protected":false},"featured_media":31649,"template":"","meta":{"inline_featured_image":false},"product_brand":[1241],"product_cat":[33,35,37],"product_tag":[],"class_list":{"0":"post-31648","1":"product","2":"type-product","3":"status-publish","4":"has-post-thumbnail","6":"product_brand-heat-glo","7":"product_cat-poeles-et-foyers","8":"product_cat-poeles-foyer-au-gaz","9":"product_cat-foyer-au-gaz","11":"first","12":"instock","13":"taxable","14":"shipping-taxable","15":"purchasable","16":"product-type-variable"},"yoast_head":"<!-- This site is optimized with the Yoast SEO Premium plugin v24.2 (Yoast SEO v24.2) - https:\/\/yoast.com\/wordpress\/plugins\/seo\/ -->\n<title>Foyer au Gaz Transparent Primo II ST de Heat &amp; Glo - Groupe BelleFlamme<\/title>\n<meta name=\"description\" content=\"Primo II ST See-Through Gas Fireplace by Heat &amp; Glo vendu et install\u00e9 par le Groupe Belleflamme. Laval, Montr\u00e9al, Gatineau et Saint-Sauveur.\" \/>\n<meta name=\"robots\" content=\"index, follow, max-snippet:-1, max-image-preview:large, max-video-preview:-1\" \/>\n<link rel=\"canonical\" href=\"https:\/\/staging.belleflamme.ca\/fr\/produit\/foyer-au-gaz-transparent-primo-ii-st-de-heat-glo\/\" \/>\n<meta property=\"og:locale\" content=\"fr_FR\" \/>\n<meta property=\"og:type\" content=\"article\" \/>\n<meta property=\"og:title\" content=\"Foyer au Gaz Transparent Primo II ST de Heat &amp; Glo\" \/>\n<meta property=\"og:description\" content=\"Primo II ST See-Through Gas Fireplace by Heat &amp; Glo vendu et install\u00e9 par le Groupe Belleflamme. Laval, Montr\u00e9al, Gatineau et Saint-Sauveur.\" \/>\n<meta property=\"og:url\" content=\"https:\/\/staging.belleflamme.ca\/fr\/produit\/foyer-au-gaz-transparent-primo-ii-st-de-heat-glo\/\" \/>\n<meta property=\"og:site_name\" content=\"Groupe BelleFlamme\" \/>\n<meta property=\"article:publisher\" content=\"https:\/\/www.facebook.com\/belleflamme.ca\/\" \/>\n<meta property=\"article:modified_time\" content=\"2025-03-31T12:57:47+00:00\" \/>\n<meta property=\"og:image\" content=\"https:\/\/www.belleflamme.ca\/wp-content\/uploads\/2024\/03\/Primo-II-ST-See-Through-Gas-Fireplace-by-Heat-Glo.webp\" \/>\n\t<meta property=\"og:image:width\" content=\"2000\" \/>\n\t<meta property=\"og:image:height\" content=\"1125\" \/>\n\t<meta property=\"og:image:type\" content=\"image\/webp\" \/>\n<meta name=\"twitter:card\" content=\"summary_large_image\" \/>\n<meta name=\"twitter:label1\" content=\"Disponibilit\u00e9\" \/>\n\t<meta name=\"twitter:data1\" content=\"En stock\" \/>\n<script type=\"application\/ld+json\" class=\"yoast-schema-graph\">{\"@context\":\"https:\/\/schema.org\",\"@graph\":[{\"@type\":[\"WebPage\",\"ItemPage\"],\"@id\":\"https:\/\/staging.belleflamme.ca\/fr\/produit\/foyer-au-gaz-transparent-primo-ii-st-de-heat-glo\/\",\"url\":\"https:\/\/staging.belleflamme.ca\/fr\/produit\/foyer-au-gaz-transparent-primo-ii-st-de-heat-glo\/\",\"name\":\"Foyer au Gaz Transparent Primo II ST de Heat & Glo - Groupe BelleFlamme\",\"isPartOf\":{\"@id\":\"https:\/\/www.belleflamme.ca\/fr\/#website\"},\"primaryImageOfPage\":{\"@id\":\"https:\/\/staging.belleflamme.ca\/fr\/produit\/foyer-au-gaz-transparent-primo-ii-st-de-heat-glo\/#primaryimage\"},\"image\":{\"@id\":\"https:\/\/staging.belleflamme.ca\/fr\/produit\/foyer-au-gaz-transparent-primo-ii-st-de-heat-glo\/#primaryimage\"},\"thumbnailUrl\":\"https:\/\/staging.belleflamme.ca\/wp-content\/uploads\/2024\/03\/Primo-II-ST-See-Through-Gas-Fireplace-by-Heat-Glo.webp\",\"datePublished\":\"2024-03-20T16:42:09+00:00\",\"dateModified\":\"2025-03-31T12:57:47+00:00\",\"description\":\"Primo II ST See-Through Gas Fireplace by Heat & Glo vendu et install\u00e9 par le Groupe Belleflamme. Laval, Montr\u00e9al, Gatineau et Saint-Sauveur.\",\"breadcrumb\":{\"@id\":\"https:\/\/staging.belleflamme.ca\/fr\/produit\/foyer-au-gaz-transparent-primo-ii-st-de-heat-glo\/#breadcrumb\"},\"inLanguage\":\"fr-FR\",\"potentialAction\":[{\"@type\":\"ReadAction\",\"target\":[\"https:\/\/staging.belleflamme.ca\/fr\/produit\/foyer-au-gaz-transparent-primo-ii-st-de-heat-glo\/\"]}]},{\"@type\":\"ImageObject\",\"inLanguage\":\"fr-FR\",\"@id\":\"https:\/\/staging.belleflamme.ca\/fr\/produit\/foyer-au-gaz-transparent-primo-ii-st-de-heat-glo\/#primaryimage\",\"url\":\"https:\/\/staging.belleflamme.ca\/wp-content\/uploads\/2024\/03\/Primo-II-ST-See-Through-Gas-Fireplace-by-Heat-Glo.webp\",\"contentUrl\":\"https:\/\/staging.belleflamme.ca\/wp-content\/uploads\/2024\/03\/Primo-II-ST-See-Through-Gas-Fireplace-by-Heat-Glo.webp\",\"width\":2000,\"height\":1125,\"caption\":\"Primo II ST See-Through Gas Fireplace by Heat & Glo\"},{\"@type\":\"BreadcrumbList\",\"@id\":\"https:\/\/staging.belleflamme.ca\/fr\/produit\/foyer-au-gaz-transparent-primo-ii-st-de-heat-glo\/#breadcrumb\",\"itemListElement\":[{\"@type\":\"ListItem\",\"position\":1,\"name\":\"Accueil\",\"item\":\"https:\/\/www.belleflamme.ca\/fr\/\"},{\"@type\":\"ListItem\",\"position\":2,\"name\":\"Boutique\",\"item\":\"https:\/\/www.belleflamme.ca\/fr\/boutique\/\"},{\"@type\":\"ListItem\",\"position\":3,\"name\":\"Po\u00eales &amp; Foyers\",\"item\":\"https:\/\/staging.belleflamme.ca\/fr\/categories\/poeles-et-foyers\/\"},{\"@type\":\"ListItem\",\"position\":4,\"name\":\"Po\u00eale &amp; Foyer au Gaz\",\"item\":\"https:\/\/staging.belleflamme.ca\/fr\/categories\/poeles-et-foyers\/poeles-foyer-au-gaz\/\"},{\"@type\":\"ListItem\",\"position\":5,\"name\":\"Foyer au Gaz\",\"item\":\"https:\/\/staging.belleflamme.ca\/fr\/categories\/poeles-et-foyers\/poeles-foyer-au-gaz\/foyer-au-gaz\/\"},{\"@type\":\"ListItem\",\"position\":6,\"name\":\"Foyer au Gaz Transparent Primo II ST de Heat &#038; Glo\"}]},{\"@type\":\"WebSite\",\"@id\":\"https:\/\/www.belleflamme.ca\/fr\/#website\",\"url\":\"https:\/\/www.belleflamme.ca\/fr\/\",\"name\":\"Groupe Belleflamme\",\"description\":\"La m\u00e9canique du b\u00e2timent dans le sang.\",\"publisher\":{\"@id\":\"https:\/\/www.belleflamme.ca\/fr\/#organization\"},\"potentialAction\":[{\"@type\":\"SearchAction\",\"target\":{\"@type\":\"EntryPoint\",\"urlTemplate\":\"https:\/\/www.belleflamme.ca\/fr\/?s={search_term_string}\"},\"query-input\":{\"@type\":\"PropertyValueSpecification\",\"valueRequired\":true,\"valueName\":\"search_term_string\"}}],\"inLanguage\":\"fr-FR\"},{\"@type\":[\"Organization\",\"Place\"],\"@id\":\"https:\/\/www.belleflamme.ca\/fr\/#organization\",\"name\":\"Groupe Belleflamme\",\"alternateName\":\"Belleflamme\",\"url\":\"https:\/\/www.belleflamme.ca\/fr\/\",\"logo\":{\"@type\":\"ImageObject\",\"inLanguage\":\"fr-FR\",\"@id\":\"https:\/\/www.belleflamme.ca\/fr\/#\/schema\/logo\/image\/\",\"url\":\"https:\/\/staging.belleflamme.ca\/wp-content\/uploads\/2023\/01\/og-image.jpg\",\"contentUrl\":\"https:\/\/staging.belleflamme.ca\/wp-content\/uploads\/2023\/01\/og-image.jpg\",\"width\":1200,\"height\":630,\"caption\":\"Groupe Belleflamme\"},\"image\":{\"@id\":\"https:\/\/www.belleflamme.ca\/fr\/#\/schema\/logo\/image\/\"},\"sameAs\":[\"https:\/\/www.facebook.com\/belleflamme.ca\/\",\"https:\/\/www.linkedin.com\/company\/belleflamme\/\",\"https:\/\/www.pinterest.ca\/groupebelleflamme\/\",\"https:\/\/www.instagram.com\/legroupebelleflamme\/\"],\"mainEntityOfPage\":{\"@id\":\"https:\/\/staging.belleflamme.ca\/fr\/produit\/foyer-au-gaz-transparent-primo-ii-st-de-heat-glo\/\"}}]}<\/script>\n<meta property=\"product:brand\" content=\"Heat &amp; Glo\" \/>\n<meta property=\"og:availability\" content=\"instock\" \/>\n<meta property=\"product:availability\" content=\"instock\" \/>\n<meta property=\"product:condition\" content=\"new\" \/>\n<!-- \/ Yoast SEO Premium plugin. -->","yoast_head_json":{"title":"Foyer au Gaz Transparent Primo II ST de Heat & Glo - Groupe BelleFlamme","description":"Primo II ST See-Through Gas Fireplace by Heat & Glo vendu et install\u00e9 par le Groupe Belleflamme. Laval, Montr\u00e9al, Gatineau et Saint-Sauveur.","robots":{"index":"index","follow":"follow","max-snippet":"max-snippet:-1","max-image-preview":"max-image-preview:large","max-video-preview":"max-video-preview:-1"},"canonical":"https:\/\/staging.belleflamme.ca\/fr\/produit\/foyer-au-gaz-transparent-primo-ii-st-de-heat-glo\/","og_locale":"fr_FR","og_type":"article","og_title":"Foyer au Gaz Transparent Primo II ST de Heat & Glo","og_description":"Primo II ST See-Through Gas Fireplace by Heat & Glo vendu et install\u00e9 par le Groupe Belleflamme. Laval, Montr\u00e9al, Gatineau et Saint-Sauveur.","og_url":"https:\/\/staging.belleflamme.ca\/fr\/produit\/foyer-au-gaz-transparent-primo-ii-st-de-heat-glo\/","og_site_name":"Groupe BelleFlamme","article_publisher":"https:\/\/www.facebook.com\/belleflamme.ca\/","article_modified_time":"2025-03-31T12:57:47+00:00","og_image":[{"width":2000,"height":1125,"url":"https:\/\/www.belleflamme.ca\/wp-content\/uploads\/2024\/03\/Primo-II-ST-See-Through-Gas-Fireplace-by-Heat-Glo.webp","type":"image\/webp"}],"twitter_card":"summary_large_image","twitter_misc":{"Disponibilit\u00e9":"En stock"},"schema":{"@context":"https:\/\/schema.org","@graph":[{"@type":["WebPage","ItemPage"],"@id":"https:\/\/staging.belleflamme.ca\/fr\/produit\/foyer-au-gaz-transparent-primo-ii-st-de-heat-glo\/","url":"https:\/\/staging.belleflamme.ca\/fr\/produit\/foyer-au-gaz-transparent-primo-ii-st-de-heat-glo\/","name":"Foyer au Gaz Transparent Primo II ST de Heat & Glo - Groupe BelleFlamme","isPartOf":{"@id":"https:\/\/www.belleflamme.ca\/fr\/#website"},"primaryImageOfPage":{"@id":"https:\/\/staging.belleflamme.ca\/fr\/produit\/foyer-au-gaz-transparent-primo-ii-st-de-heat-glo\/#primaryimage"},"image":{"@id":"https:\/\/staging.belleflamme.ca\/fr\/produit\/foyer-au-gaz-transparent-primo-ii-st-de-heat-glo\/#primaryimage"},"thumbnailUrl":"https:\/\/staging.belleflamme.ca\/wp-content\/uploads\/2024\/03\/Primo-II-ST-See-Through-Gas-Fireplace-by-Heat-Glo.webp","datePublished":"2024-03-20T16:42:09+00:00","dateModified":"2025-03-31T12:57:47+00:00","description":"Primo II ST See-Through Gas Fireplace by Heat & Glo vendu et install\u00e9 par le Groupe Belleflamme. Laval, Montr\u00e9al, Gatineau et Saint-Sauveur.","breadcrumb":{"@id":"https:\/\/staging.belleflamme.ca\/fr\/produit\/foyer-au-gaz-transparent-primo-ii-st-de-heat-glo\/#breadcrumb"},"inLanguage":"fr-FR","potentialAction":[{"@type":"ReadAction","target":["https:\/\/staging.belleflamme.ca\/fr\/produit\/foyer-au-gaz-transparent-primo-ii-st-de-heat-glo\/"]}]},{"@type":"ImageObject","inLanguage":"fr-FR","@id":"https:\/\/staging.belleflamme.ca\/fr\/produit\/foyer-au-gaz-transparent-primo-ii-st-de-heat-glo\/#primaryimage","url":"https:\/\/staging.belleflamme.ca\/wp-content\/uploads\/2024\/03\/Primo-II-ST-See-Through-Gas-Fireplace-by-Heat-Glo.webp","contentUrl":"https:\/\/staging.belleflamme.ca\/wp-content\/uploads\/2024\/03\/Primo-II-ST-See-Through-Gas-Fireplace-by-Heat-Glo.webp","width":2000,"height":1125,"caption":"Primo II ST See-Through Gas Fireplace by Heat & Glo"},{"@type":"BreadcrumbList","@id":"https:\/\/staging.belleflamme.ca\/fr\/produit\/foyer-au-gaz-transparent-primo-ii-st-de-heat-glo\/#breadcrumb","itemListElement":[{"@type":"ListItem","position":1,"name":"Accueil","item":"https:\/\/www.belleflamme.ca\/fr\/"},{"@type":"ListItem","position":2,"name":"Boutique","item":"https:\/\/www.belleflamme.ca\/fr\/boutique\/"},{"@type":"ListItem","position":3,"name":"Po\u00eales &amp; Foyers","item":"https:\/\/staging.belleflamme.ca\/fr\/categories\/poeles-et-foyers\/"},{"@type":"ListItem","position":4,"name":"Po\u00eale &amp; Foyer au Gaz","item":"https:\/\/staging.belleflamme.ca\/fr\/categories\/poeles-et-foyers\/poeles-foyer-au-gaz\/"},{"@type":"ListItem","position":5,"name":"Foyer au Gaz","item":"https:\/\/staging.belleflamme.ca\/fr\/categories\/poeles-et-foyers\/poeles-foyer-au-gaz\/foyer-au-gaz\/"},{"@type":"ListItem","position":6,"name":"Foyer au Gaz Transparent Primo II ST de Heat &#038; Glo"}]},{"@type":"WebSite","@id":"https:\/\/www.belleflamme.ca\/fr\/#website","url":"https:\/\/www.belleflamme.ca\/fr\/","name":"Groupe Belleflamme","description":"La m\u00e9canique du b\u00e2timent dans le sang.","publisher":{"@id":"https:\/\/www.belleflamme.ca\/fr\/#organization"},"potentialAction":[{"@type":"SearchAction","target":{"@type":"EntryPoint","urlTemplate":"https:\/\/www.belleflamme.ca\/fr\/?s={search_term_string}"},"query-input":{"@type":"PropertyValueSpecification","valueRequired":true,"valueName":"search_term_string"}}],"inLanguage":"fr-FR"},{"@type":["Organization","Place"],"@id":"https:\/\/www.belleflamme.ca\/fr\/#organization","name":"Groupe Belleflamme","alternateName":"Belleflamme","url":"https:\/\/www.belleflamme.ca\/fr\/","logo":{"@type":"ImageObject","inLanguage":"fr-FR","@id":"https:\/\/www.belleflamme.ca\/fr\/#\/schema\/logo\/image\/","url":"https:\/\/staging.belleflamme.ca\/wp-content\/uploads\/2023\/01\/og-image.jpg","contentUrl":"https:\/\/staging.belleflamme.ca\/wp-content\/uploads\/2023\/01\/og-image.jpg","width":1200,"height":630,"caption":"Groupe Belleflamme"},"image":{"@id":"https:\/\/www.belleflamme.ca\/fr\/#\/schema\/logo\/image\/"},"sameAs":["https:\/\/www.facebook.com\/belleflamme.ca\/","https:\/\/www.linkedin.com\/company\/belleflamme\/","https:\/\/www.pinterest.ca\/groupebelleflamme\/","https:\/\/www.instagram.com\/legroupebelleflamme\/"],"mainEntityOfPage":{"@id":"https:\/\/staging.belleflamme.ca\/fr\/produit\/foyer-au-gaz-transparent-primo-ii-st-de-heat-glo\/"}}]},"product_brand":"Heat &amp; Glo","og_availability":"instock","product_availability":"instock","product_condition":"new"},"_links":{"self":[{"href":"https:\/\/staging.belleflamme.ca\/fr\/wp-json\/wp\/v2\/product\/31648","targetHints":{"allow":["GET"]}}],"collection":[{"href":"https:\/\/staging.belleflamme.ca\/fr\/wp-json\/wp\/v2\/product"}],"about":[{"href":"https:\/\/staging.belleflamme.ca\/fr\/wp-json\/wp\/v2\/types\/product"}],"version-history":[{"count":8,"href":"https:\/\/staging.belleflamme.ca\/fr\/wp-json\/wp\/v2\/product\/31648\/revisions"}],"predecessor-version":[{"id":31705,"href":"https:\/\/staging.belleflamme.ca\/fr\/wp-json\/wp\/v2\/product\/31648\/revisions\/31705"}],"wp:featuredmedia":[{"embeddable":true,"href":"https:\/\/staging.belleflamme.ca\/fr\/wp-json\/wp\/v2\/media\/31649"}],"wp:attachment":[{"href":"https:\/\/staging.belleflamme.ca\/fr\/wp-json\/wp\/v2\/media?parent=31648"}],"wp:term":[{"taxonomy":"product_brand","embeddable":true,"href":"https:\/\/staging.belleflamme.ca\/fr\/wp-json\/wp\/v2\/product_brand?post=31648"},{"taxonomy":"product_cat","embeddable":true,"href":"https:\/\/staging.belleflamme.ca\/fr\/wp-json\/wp\/v2\/product_cat?post=31648"},{"taxonomy":"product_tag","embeddable":true,"href":"https:\/\/staging.belleflamme.ca\/fr\/wp-json\/wp\/v2\/product_tag?post=31648"}],"curies":[{"name":"wp","href":"https:\/\/api.w.org\/{rel}","templated":true}]}}