{"id":3137,"date":"2023-02-07T12:36:59","date_gmt":"2023-02-07T17:36:59","guid":{"rendered":"https:\/\/www.belleflamme.ca\/product\/foyer-bentley-39-42\/"},"modified":"2025-04-30T10:42:19","modified_gmt":"2025-04-30T14:42:19","slug":"foyer-bentley-39-42","status":"publish","type":"product","link":"https:\/\/staging.belleflamme.ca\/fr\/produit\/foyer-bentley-39-42\/","title":{"rendered":"Foyer Bentley de Marquis"},"content":{"rendered":"\t\t<div data-elementor-type=\"product-post\" data-elementor-id=\"3137\" class=\"elementor elementor-3137\" data-elementor-post-type=\"product\">\n\t\t\t\t\t\t<section class=\"elementor-section elementor-top-section elementor-element elementor-element-d62921c elementor-section-boxed elementor-section-height-default elementor-section-height-default\" data-id=\"d62921c\" data-element_type=\"section\">\n\t\t\t\t\t\t<div class=\"elementor-container elementor-column-gap-default\">\n\t\t\t\t\t<div class=\"elementor-column elementor-col-100 elementor-top-column elementor-element elementor-element-70bf0dd\" data-id=\"70bf0dd\" data-element_type=\"column\">\n\t\t\t<div class=\"elementor-widget-wrap elementor-element-populated\">\n\t\t\t\t\t\t<div class=\"elementor-element elementor-element-0615c6a elementor-widget elementor-widget-text-editor\" data-id=\"0615c6a\" data-element_type=\"widget\" data-widget_type=\"text-editor.default\">\n\t\t\t\t<div class=\"elementor-widget-container\">\n\t\t\t\t\t\t\t\t\t<div>\n<h2>Foyer au gaz \u00e0 \u00e9vacuation directe et \u00e0 d\u00e9gagement z\u00e9ro<\/h2>\n<\/div>\n<div>\n\nAvec une vaste zone de visualisation en verre et des options de conception intelligentes pour personnaliser le look en fonction de votre style personnel, la\u00a0<strong>BENTLEY\u00a0<\/strong>\u00a0de Marquis suscite une s\u00e9rieuse attention.\n\nDisponible dans une gamme de tailles et de styles, vous pouvez choisir parmi notre chemin\u00e9e \u00e0 efficacit\u00e9 moyenne pour l&#8217;ambiance et \u00e9liminer le froid de la pi\u00e8ce, ou une version \u00e0 efficacit\u00e9 sup\u00e9rieure pour une chaleur suppl\u00e9mentaire.\n\nPersonnalisez votre look avec votre choix d&#8217;encadrement, de rev\u00eatement de brique, d&#8217;ensembles de b\u00fbches de ch\u00eane, de bouleau ou de bois flott\u00e9, de verre de braise en cinq options de couleurs, de boulets de canon ou de roches.\u00a0Avec autant de style et d\u2019attention aux d\u00e9tails, il n\u2019est pas \u00e9tonnant que les gens se concentrent sur la vue \u00e0 l\u2019int\u00e9rieur !\n<h3>Caract\u00e9ristiques standards<\/h3>\n<ul>\n \t<li>Appareil Clean View d\u00e9di\u00e9<\/li>\n \t<li>Le syst\u00e8me de valve millivolt ou IPI permet un fonctionnement pendant une panne de courant avec un r\u00e9glage de la chaleur et de la flamme haute\/basse.<\/li>\n \t<li>Br\u00fbleur de po\u00eale avec motif de flamme r\u00e9aliste<\/li>\n \t<li>Barri\u00e8re d&#8217;\u00e9cran de s\u00e9curit\u00e9<\/li>\n \t<li>(PF2) Les mod\u00e8les incluent une t\u00e9l\u00e9commande\u00a0: comprend une flamme, un ventilateur, un thermostat et un thermostat intelligent (compatibilit\u00e9 WIFI*).<\/li>\n<\/ul>\n<em>* Smartphone (WIFI local uniquement)<\/em>\n<div class=\"remote\"><\/div>\n<h3>Caract\u00e9ristiques optionnelles<\/h3>\n<h4>KIT DE VENTILATEUR<\/h4>\nActivation par la chaleur avec contr\u00f4le de vitesse variable\n<h4>PORTES DESIGN<\/h4>\nArc, Droit Noir (2 options)\n<h4>ENVIRONS<\/h4>\nSupport pour foyer, cadre photo ou cadre photo Slim Line\n\n<strong>Entourages ZCV39<\/strong>\n<ul>\n \t<li>Support pour foyer de 4&#8243; de large (couvre 40 5\/8&#8243; de largeur x 35&#8243; de hauteur)<\/li>\n \t<li>Cadre photo 4&#8243; de large (couvre 40 5\/8&#8243; de largeur x 37&#8243; de hauteur)<\/li>\n \t<li>Cadre photo 1 5\/8&#8243; de large (couvre 36 1\/8&#8243; de largeur x 32 1\/2&#8243; de hauteur)<\/li>\n<\/ul>\n<strong>Entourages ZCV42<\/strong>\n<ul>\n \t<li>Support pour foyer de 4&#8243; de large (couvre 44 5\/8&#8243; de largeur x 38 1\/8&#8243; de hauteur)<\/li>\n \t<li>Cadre photo 4&#8243; de large (couvre 44 5\/8&#8243; de largeur x 40 1\/8&#8243; de hauteur)<\/li>\n \t<li>Cadre photo 1 5\/8&#8243; de large (couvre 40 1\/8&#8243; de largeur x 35 5\/8&#8243; de hauteur)<\/li>\n<\/ul>\n<h4>DOUBLURES<\/h4>\nPorcelaine r\u00e9fl\u00e9chissante ou brique\n<h4>OPTIONS MULTIM\u00c9DIAS<\/h4>\nRoches contemporaines (2 options), ensemble de bois flott\u00e9 (2 options), pierres d\u00e9coratives, verre de braise d\u00e9coratif (glace de glacier, bleu cobalt, noir, bronze, blanc), morceaux de braise ou boulets de canon multicolores.\n<h4>ENSEMBLES DE JOURNAUX<\/h4>\nChoisissez entre un ensemble de b\u00fbches en ch\u00eane, un ensemble de b\u00fbches en bouleau (ZCV39\/42 uniquement) ou un ensemble de b\u00fbches en bois flott\u00e9.\n<h4>\u00c9CLAIRAGE D&#8217;ACCENTUATION<\/h4>\n\u00e0 utiliser avec le plateau en verre\u00a0<em>(article install\u00e9 par le concessionnaire)<\/em>\n<h4>T\u00c9L\u00c9COMMANDES (MILLIVOLT OU IPI PF1)<\/h4>\nThermostat marche\/arr\u00eat, Thermostat marche\/arr\u00eat modulant, Thermostat marche\/arr\u00eat modulant et contr\u00f4le ventilateur\n<h4>THERMOSTAT<\/h4>\nMontage mural ou programmable\n<h4>CHASSE VENTIL\u00c9E<\/h4>\nGrille avant ou grilles lat\u00e9rales\t\t\t\t\t\t\t\t<\/div>\n\t\t\t\t<\/div>\n\t\t\t\t\t<\/div>\n\t\t<\/div>\n\t\t\t\t\t<\/div>\n\t\t<\/section>\n\t\t\t\t<section class=\"elementor-section elementor-top-section elementor-element elementor-element-678ba5c elementor-section-boxed elementor-section-height-default elementor-section-height-default\" data-id=\"678ba5c\" data-element_type=\"section\">\n\t\t\t\t\t\t<div class=\"elementor-container elementor-column-gap-default\">\n\t\t\t\t\t<div class=\"elementor-column elementor-col-100 elementor-top-column elementor-element elementor-element-db06da8\" data-id=\"db06da8\" data-element_type=\"column\">\n\t\t\t<div class=\"elementor-widget-wrap elementor-element-populated\">\n\t\t\t\t\t\t<div class=\"elementor-element elementor-element-3ad3c7f elementor-tabs-view-horizontal elementor-widget elementor-widget-tabs\" data-id=\"3ad3c7f\" data-element_type=\"widget\" data-widget_type=\"tabs.default\">\n\t\t\t\t<div class=\"elementor-widget-container\">\n\t\t\t\t\t\t\t<div class=\"elementor-tabs\">\n\t\t\t<div class=\"elementor-tabs-wrapper\" role=\"tablist\" >\n\t\t\t\t\t\t\t\t\t<div id=\"elementor-tab-title-6161\" class=\"elementor-tab-title elementor-tab-desktop-title\" aria-selected=\"true\" data-tab=\"1\" role=\"tab\" tabindex=\"0\" aria-controls=\"elementor-tab-content-6161\" aria-expanded=\"false\">Fichiers<\/div>\n\t\t\t\t\t\t\t<\/div>\n\t\t\t<div class=\"elementor-tabs-content-wrapper\" role=\"tablist\" aria-orientation=\"vertical\">\n\t\t\t\t\t\t\t\t\t<div class=\"elementor-tab-title elementor-tab-mobile-title\" aria-selected=\"true\" data-tab=\"1\" role=\"tab\" tabindex=\"0\" aria-controls=\"elementor-tab-content-6161\" aria-expanded=\"false\">Fichiers<\/div>\n\t\t\t\t\t<div id=\"elementor-tab-content-6161\" class=\"elementor-tab-content elementor-clearfix\" data-tab=\"1\" role=\"tabpanel\" aria-labelledby=\"elementor-tab-title-6161\" tabindex=\"0\" hidden=\"false\"><i class=\"far fa-file-pdf fa-xl\" style=\"font-size:35px\"><\/i><a href=\"https:\/\/www.belleflamme.ca\/wp-content\/uploads\/2023\/02\/16613-MQ-B106-BENTLEY-34-39-42-48FR-Feb2022-WEB2.pdf\"> Bentley Brochure(Fr)<\/a><\/br> \n\n<i class=\"far fa-file-pdf fa-xl\" style=\"font-size:35px\"><\/i><a href=\"https:\/\/www.belleflamme.ca\/wp-content\/uploads\/2023\/02\/39ZCV-MANFR17-5.pdf\"> \nBentley 39\/42 Manuel(Fr)<\/a><\/br>\n\n<i class=\"far fa-file-pdf fa-xl\" style=\"font-size:35px\"><\/i><a href=\"https:\/\/www.belleflamme.ca\/wp-content\/uploads\/2023\/02\/34ZCV-MANFR19-4.pdf\"> Bentley Manuel 34(Fr)<\/a><\/br><\/div>\n\t\t\t\t\t\t\t<\/div>\n\t\t<\/div>\n\t\t\t\t\t\t<\/div>\n\t\t\t\t<\/div>\n\t\t\t\t\t<\/div>\n\t\t<\/div>\n\t\t\t\t\t<\/div>\n\t\t<\/section>\n\t\t\t\t<\/div>\n\t\t","protected":false},"excerpt":{"rendered":"<p>Foyer au gaz \u00e0 \u00e9vacuation directe et \u00e0 d\u00e9gagement z\u00e9ro Avec une vaste zone de visualisation en verre et des options de conception intelligentes pour personnaliser le look en fonction de votre style personnel, la\u00a0BENTLEY\u00a0\u00a0de Marquis suscite une s\u00e9rieuse attention. Disponible dans une gamme de tailles et de styles, vous pouvez choisir parmi notre chemin\u00e9e [&hellip;]<\/p>\n","protected":false},"featured_media":3608,"template":"","meta":{"inline_featured_image":false},"product_brand":[217],"product_cat":[33,35,37],"product_tag":[],"class_list":{"0":"post-3137","1":"product","2":"type-product","3":"status-publish","4":"has-post-thumbnail","6":"product_brand-marquis","7":"product_cat-poeles-et-foyers","8":"product_cat-poeles-foyer-au-gaz","9":"product_cat-foyer-au-gaz","11":"first","12":"instock","13":"taxable","14":"shipping-taxable","15":"purchasable","16":"product-type-variable"},"yoast_head":"<!-- This site is optimized with the Yoast SEO Premium plugin v24.2 (Yoast SEO v24.2) - https:\/\/yoast.com\/wordpress\/plugins\/seo\/ -->\n<title>Foyer Bentley de Marquis - Groupe BelleFlamme<\/title>\n<meta name=\"description\" content=\"Foyer Bentley de Marquis vendu et install\u00e9 par le Groupe Belleflamme. Laval, Montr\u00e9al, Gatineau, Drummondville et Saint-Sauveur.\" \/>\n<meta name=\"robots\" content=\"index, follow, max-snippet:-1, max-image-preview:large, max-video-preview:-1\" \/>\n<link rel=\"canonical\" href=\"https:\/\/staging.belleflamme.ca\/fr\/produit\/foyer-bentley-39-42\/\" \/>\n<meta property=\"og:locale\" content=\"fr_FR\" \/>\n<meta property=\"og:type\" content=\"article\" \/>\n<meta property=\"og:title\" content=\"Foyer Bentley de Marquis\" \/>\n<meta property=\"og:description\" content=\"Foyer Bentley de Marquis vendu et install\u00e9 par le Groupe Belleflamme. Laval, Montr\u00e9al, Gatineau, Drummondville et Saint-Sauveur.\" \/>\n<meta property=\"og:url\" content=\"https:\/\/staging.belleflamme.ca\/fr\/produit\/foyer-bentley-39-42\/\" \/>\n<meta property=\"og:site_name\" content=\"Groupe BelleFlamme\" \/>\n<meta property=\"article:publisher\" content=\"https:\/\/www.facebook.com\/belleflamme.ca\/\" \/>\n<meta property=\"article:modified_time\" content=\"2025-04-30T14:42:19+00:00\" \/>\n<meta property=\"og:image\" content=\"https:\/\/www.belleflamme.ca\/wp-content\/uploads\/2023\/02\/Bentley39-42-DBLogFeb2020-1500x886-1.jpg\" \/>\n\t<meta property=\"og:image:width\" content=\"1500\" \/>\n\t<meta property=\"og:image:height\" content=\"886\" \/>\n\t<meta property=\"og:image:type\" content=\"image\/jpeg\" \/>\n<meta name=\"twitter:card\" content=\"summary_large_image\" \/>\n<meta name=\"twitter:label1\" content=\"Disponibilit\u00e9\" \/>\n\t<meta name=\"twitter:data1\" content=\"En stock\" \/>\n<script type=\"application\/ld+json\" class=\"yoast-schema-graph\">{\"@context\":\"https:\/\/schema.org\",\"@graph\":[{\"@type\":[\"WebPage\",\"ItemPage\"],\"@id\":\"https:\/\/staging.belleflamme.ca\/fr\/produit\/foyer-bentley-39-42\/\",\"url\":\"https:\/\/staging.belleflamme.ca\/fr\/produit\/foyer-bentley-39-42\/\",\"name\":\"Foyer Bentley de Marquis - Groupe BelleFlamme\",\"isPartOf\":{\"@id\":\"https:\/\/www.belleflamme.ca\/fr\/#website\"},\"primaryImageOfPage\":{\"@id\":\"https:\/\/staging.belleflamme.ca\/fr\/produit\/foyer-bentley-39-42\/#primaryimage\"},\"image\":{\"@id\":\"https:\/\/staging.belleflamme.ca\/fr\/produit\/foyer-bentley-39-42\/#primaryimage\"},\"thumbnailUrl\":\"https:\/\/staging.belleflamme.ca\/wp-content\/uploads\/2023\/02\/Bentley39-42-DBLogFeb2020-1500x886-1.jpg\",\"datePublished\":\"2023-02-07T17:36:59+00:00\",\"dateModified\":\"2025-04-30T14:42:19+00:00\",\"description\":\"Foyer Bentley de Marquis [get_meta_en_fr]\",\"breadcrumb\":{\"@id\":\"https:\/\/staging.belleflamme.ca\/fr\/produit\/foyer-bentley-39-42\/#breadcrumb\"},\"inLanguage\":\"fr-FR\",\"potentialAction\":[{\"@type\":\"ReadAction\",\"target\":[\"https:\/\/staging.belleflamme.ca\/fr\/produit\/foyer-bentley-39-42\/\"]}]},{\"@type\":\"ImageObject\",\"inLanguage\":\"fr-FR\",\"@id\":\"https:\/\/staging.belleflamme.ca\/fr\/produit\/foyer-bentley-39-42\/#primaryimage\",\"url\":\"https:\/\/staging.belleflamme.ca\/wp-content\/uploads\/2023\/02\/Bentley39-42-DBLogFeb2020-1500x886-1.jpg\",\"contentUrl\":\"https:\/\/staging.belleflamme.ca\/wp-content\/uploads\/2023\/02\/Bentley39-42-DBLogFeb2020-1500x886-1.jpg\",\"width\":1500,\"height\":886,\"caption\":\"marquis Bentley\"},{\"@type\":\"BreadcrumbList\",\"@id\":\"https:\/\/staging.belleflamme.ca\/fr\/produit\/foyer-bentley-39-42\/#breadcrumb\",\"itemListElement\":[{\"@type\":\"ListItem\",\"position\":1,\"name\":\"Accueil\",\"item\":\"https:\/\/www.belleflamme.ca\/fr\/\"},{\"@type\":\"ListItem\",\"position\":2,\"name\":\"Boutique\",\"item\":\"https:\/\/www.belleflamme.ca\/fr\/boutique\/\"},{\"@type\":\"ListItem\",\"position\":3,\"name\":\"Po\u00eales &amp; Foyers\",\"item\":\"https:\/\/staging.belleflamme.ca\/fr\/categories\/poeles-et-foyers\/\"},{\"@type\":\"ListItem\",\"position\":4,\"name\":\"Po\u00eale &amp; Foyer au Gaz\",\"item\":\"https:\/\/staging.belleflamme.ca\/fr\/categories\/poeles-et-foyers\/poeles-foyer-au-gaz\/\"},{\"@type\":\"ListItem\",\"position\":5,\"name\":\"Foyer au Gaz\",\"item\":\"https:\/\/staging.belleflamme.ca\/fr\/categories\/poeles-et-foyers\/poeles-foyer-au-gaz\/foyer-au-gaz\/\"},{\"@type\":\"ListItem\",\"position\":6,\"name\":\"Foyer Bentley de Marquis\"}]},{\"@type\":\"WebSite\",\"@id\":\"https:\/\/www.belleflamme.ca\/fr\/#website\",\"url\":\"https:\/\/www.belleflamme.ca\/fr\/\",\"name\":\"Groupe Belleflamme\",\"description\":\"La m\u00e9canique du b\u00e2timent dans le sang.\",\"publisher\":{\"@id\":\"https:\/\/www.belleflamme.ca\/fr\/#organization\"},\"potentialAction\":[{\"@type\":\"SearchAction\",\"target\":{\"@type\":\"EntryPoint\",\"urlTemplate\":\"https:\/\/www.belleflamme.ca\/fr\/?s={search_term_string}\"},\"query-input\":{\"@type\":\"PropertyValueSpecification\",\"valueRequired\":true,\"valueName\":\"search_term_string\"}}],\"inLanguage\":\"fr-FR\"},{\"@type\":[\"Organization\",\"Place\"],\"@id\":\"https:\/\/www.belleflamme.ca\/fr\/#organization\",\"name\":\"Groupe Belleflamme\",\"alternateName\":\"Belleflamme\",\"url\":\"https:\/\/www.belleflamme.ca\/fr\/\",\"logo\":{\"@type\":\"ImageObject\",\"inLanguage\":\"fr-FR\",\"@id\":\"https:\/\/www.belleflamme.ca\/fr\/#\/schema\/logo\/image\/\",\"url\":\"https:\/\/staging.belleflamme.ca\/wp-content\/uploads\/2023\/01\/og-image.jpg\",\"contentUrl\":\"https:\/\/staging.belleflamme.ca\/wp-content\/uploads\/2023\/01\/og-image.jpg\",\"width\":1200,\"height\":630,\"caption\":\"Groupe Belleflamme\"},\"image\":{\"@id\":\"https:\/\/www.belleflamme.ca\/fr\/#\/schema\/logo\/image\/\"},\"sameAs\":[\"https:\/\/www.facebook.com\/belleflamme.ca\/\",\"https:\/\/www.linkedin.com\/company\/belleflamme\/\",\"https:\/\/www.pinterest.ca\/groupebelleflamme\/\",\"https:\/\/www.instagram.com\/legroupebelleflamme\/\"],\"mainEntityOfPage\":{\"@id\":\"https:\/\/staging.belleflamme.ca\/fr\/produit\/foyer-bentley-39-42\/\"}}]}<\/script>\n<meta property=\"product:brand\" content=\"Marquis\" \/>\n<meta property=\"og:availability\" content=\"instock\" \/>\n<meta property=\"product:availability\" content=\"instock\" \/>\n<meta property=\"product:condition\" content=\"new\" \/>\n<!-- \/ Yoast SEO Premium plugin. -->","yoast_head_json":{"title":"Foyer Bentley de Marquis - Groupe BelleFlamme","description":"Foyer Bentley de Marquis vendu et install\u00e9 par le Groupe Belleflamme. Laval, Montr\u00e9al, Gatineau, Drummondville et Saint-Sauveur.","robots":{"index":"index","follow":"follow","max-snippet":"max-snippet:-1","max-image-preview":"max-image-preview:large","max-video-preview":"max-video-preview:-1"},"canonical":"https:\/\/staging.belleflamme.ca\/fr\/produit\/foyer-bentley-39-42\/","og_locale":"fr_FR","og_type":"article","og_title":"Foyer Bentley de Marquis","og_description":"Foyer Bentley de Marquis vendu et install\u00e9 par le Groupe Belleflamme. Laval, Montr\u00e9al, Gatineau, Drummondville et Saint-Sauveur.","og_url":"https:\/\/staging.belleflamme.ca\/fr\/produit\/foyer-bentley-39-42\/","og_site_name":"Groupe BelleFlamme","article_publisher":"https:\/\/www.facebook.com\/belleflamme.ca\/","article_modified_time":"2025-04-30T14:42:19+00:00","og_image":[{"width":1500,"height":886,"url":"https:\/\/www.belleflamme.ca\/wp-content\/uploads\/2023\/02\/Bentley39-42-DBLogFeb2020-1500x886-1.jpg","type":"image\/jpeg"}],"twitter_card":"summary_large_image","twitter_misc":{"Disponibilit\u00e9":"En stock"},"schema":{"@context":"https:\/\/schema.org","@graph":[{"@type":["WebPage","ItemPage"],"@id":"https:\/\/staging.belleflamme.ca\/fr\/produit\/foyer-bentley-39-42\/","url":"https:\/\/staging.belleflamme.ca\/fr\/produit\/foyer-bentley-39-42\/","name":"Foyer Bentley de Marquis - Groupe BelleFlamme","isPartOf":{"@id":"https:\/\/www.belleflamme.ca\/fr\/#website"},"primaryImageOfPage":{"@id":"https:\/\/staging.belleflamme.ca\/fr\/produit\/foyer-bentley-39-42\/#primaryimage"},"image":{"@id":"https:\/\/staging.belleflamme.ca\/fr\/produit\/foyer-bentley-39-42\/#primaryimage"},"thumbnailUrl":"https:\/\/staging.belleflamme.ca\/wp-content\/uploads\/2023\/02\/Bentley39-42-DBLogFeb2020-1500x886-1.jpg","datePublished":"2023-02-07T17:36:59+00:00","dateModified":"2025-04-30T14:42:19+00:00","description":"Foyer Bentley de Marquis [get_meta_en_fr]","breadcrumb":{"@id":"https:\/\/staging.belleflamme.ca\/fr\/produit\/foyer-bentley-39-42\/#breadcrumb"},"inLanguage":"fr-FR","potentialAction":[{"@type":"ReadAction","target":["https:\/\/staging.belleflamme.ca\/fr\/produit\/foyer-bentley-39-42\/"]}]},{"@type":"ImageObject","inLanguage":"fr-FR","@id":"https:\/\/staging.belleflamme.ca\/fr\/produit\/foyer-bentley-39-42\/#primaryimage","url":"https:\/\/staging.belleflamme.ca\/wp-content\/uploads\/2023\/02\/Bentley39-42-DBLogFeb2020-1500x886-1.jpg","contentUrl":"https:\/\/staging.belleflamme.ca\/wp-content\/uploads\/2023\/02\/Bentley39-42-DBLogFeb2020-1500x886-1.jpg","width":1500,"height":886,"caption":"marquis Bentley"},{"@type":"BreadcrumbList","@id":"https:\/\/staging.belleflamme.ca\/fr\/produit\/foyer-bentley-39-42\/#breadcrumb","itemListElement":[{"@type":"ListItem","position":1,"name":"Accueil","item":"https:\/\/www.belleflamme.ca\/fr\/"},{"@type":"ListItem","position":2,"name":"Boutique","item":"https:\/\/www.belleflamme.ca\/fr\/boutique\/"},{"@type":"ListItem","position":3,"name":"Po\u00eales &amp; Foyers","item":"https:\/\/staging.belleflamme.ca\/fr\/categories\/poeles-et-foyers\/"},{"@type":"ListItem","position":4,"name":"Po\u00eale &amp; Foyer au Gaz","item":"https:\/\/staging.belleflamme.ca\/fr\/categories\/poeles-et-foyers\/poeles-foyer-au-gaz\/"},{"@type":"ListItem","position":5,"name":"Foyer au Gaz","item":"https:\/\/staging.belleflamme.ca\/fr\/categories\/poeles-et-foyers\/poeles-foyer-au-gaz\/foyer-au-gaz\/"},{"@type":"ListItem","position":6,"name":"Foyer Bentley de Marquis"}]},{"@type":"WebSite","@id":"https:\/\/www.belleflamme.ca\/fr\/#website","url":"https:\/\/www.belleflamme.ca\/fr\/","name":"Groupe Belleflamme","description":"La m\u00e9canique du b\u00e2timent dans le sang.","publisher":{"@id":"https:\/\/www.belleflamme.ca\/fr\/#organization"},"potentialAction":[{"@type":"SearchAction","target":{"@type":"EntryPoint","urlTemplate":"https:\/\/www.belleflamme.ca\/fr\/?s={search_term_string}"},"query-input":{"@type":"PropertyValueSpecification","valueRequired":true,"valueName":"search_term_string"}}],"inLanguage":"fr-FR"},{"@type":["Organization","Place"],"@id":"https:\/\/www.belleflamme.ca\/fr\/#organization","name":"Groupe Belleflamme","alternateName":"Belleflamme","url":"https:\/\/www.belleflamme.ca\/fr\/","logo":{"@type":"ImageObject","inLanguage":"fr-FR","@id":"https:\/\/www.belleflamme.ca\/fr\/#\/schema\/logo\/image\/","url":"https:\/\/staging.belleflamme.ca\/wp-content\/uploads\/2023\/01\/og-image.jpg","contentUrl":"https:\/\/staging.belleflamme.ca\/wp-content\/uploads\/2023\/01\/og-image.jpg","width":1200,"height":630,"caption":"Groupe Belleflamme"},"image":{"@id":"https:\/\/www.belleflamme.ca\/fr\/#\/schema\/logo\/image\/"},"sameAs":["https:\/\/www.facebook.com\/belleflamme.ca\/","https:\/\/www.linkedin.com\/company\/belleflamme\/","https:\/\/www.pinterest.ca\/groupebelleflamme\/","https:\/\/www.instagram.com\/legroupebelleflamme\/"],"mainEntityOfPage":{"@id":"https:\/\/staging.belleflamme.ca\/fr\/produit\/foyer-bentley-39-42\/"}}]},"product_brand":"Marquis","og_availability":"instock","product_availability":"instock","product_condition":"new"},"_links":{"self":[{"href":"https:\/\/staging.belleflamme.ca\/fr\/wp-json\/wp\/v2\/product\/3137","targetHints":{"allow":["GET"]}}],"collection":[{"href":"https:\/\/staging.belleflamme.ca\/fr\/wp-json\/wp\/v2\/product"}],"about":[{"href":"https:\/\/staging.belleflamme.ca\/fr\/wp-json\/wp\/v2\/types\/product"}],"version-history":[{"count":11,"href":"https:\/\/staging.belleflamme.ca\/fr\/wp-json\/wp\/v2\/product\/3137\/revisions"}],"predecessor-version":[{"id":32566,"href":"https:\/\/staging.belleflamme.ca\/fr\/wp-json\/wp\/v2\/product\/3137\/revisions\/32566"}],"wp:featuredmedia":[{"embeddable":true,"href":"https:\/\/staging.belleflamme.ca\/fr\/wp-json\/wp\/v2\/media\/3608"}],"wp:attachment":[{"href":"https:\/\/staging.belleflamme.ca\/fr\/wp-json\/wp\/v2\/media?parent=3137"}],"wp:term":[{"taxonomy":"product_brand","embeddable":true,"href":"https:\/\/staging.belleflamme.ca\/fr\/wp-json\/wp\/v2\/product_brand?post=3137"},{"taxonomy":"product_cat","embeddable":true,"href":"https:\/\/staging.belleflamme.ca\/fr\/wp-json\/wp\/v2\/product_cat?post=3137"},{"taxonomy":"product_tag","embeddable":true,"href":"https:\/\/staging.belleflamme.ca\/fr\/wp-json\/wp\/v2\/product_tag?post=3137"}],"curies":[{"name":"wp","href":"https:\/\/api.w.org\/{rel}","templated":true}]}}