{"id":3135,"date":"2023-02-07T12:36:58","date_gmt":"2023-02-07T17:36:58","guid":{"rendered":"https:\/\/www.belleflamme.ca\/product\/foyer-serene\/"},"modified":"2025-04-10T13:22:18","modified_gmt":"2025-04-10T17:22:18","slug":"foyer-serene","status":"publish","type":"product","link":"https:\/\/staging.belleflamme.ca\/fr\/produit\/foyer-serene\/","title":{"rendered":"Foyer au Gaz Serene de Marquis"},"content":{"rendered":"\t\t<div data-elementor-type=\"product-post\" data-elementor-id=\"3135\" class=\"elementor elementor-3135\" data-elementor-post-type=\"product\">\n\t\t\t\t\t\t<section class=\"elementor-section elementor-top-section elementor-element elementor-element-30f64eae elementor-section-boxed elementor-section-height-default elementor-section-height-default\" data-id=\"30f64eae\" data-element_type=\"section\">\n\t\t\t\t\t\t<div class=\"elementor-container elementor-column-gap-default\">\n\t\t\t\t\t<div class=\"elementor-column elementor-col-100 elementor-top-column elementor-element elementor-element-67c40071\" data-id=\"67c40071\" data-element_type=\"column\">\n\t\t\t<div class=\"elementor-widget-wrap elementor-element-populated\">\n\t\t\t\t\t\t<div class=\"elementor-element elementor-element-61a84de8 elementor-widget elementor-widget-text-editor\" data-id=\"61a84de8\" data-element_type=\"widget\" data-widget_type=\"text-editor.default\">\n\t\t\t\t<div class=\"elementor-widget-container\">\n\t\t\t\t\t\t\t\t\t<div class=\"col-lg-12 col-md-12 col-sm-12 col-xs-12\"><h2><span>Foyer au gaz \u00e0 \u00e9vacuation directe et \u00e0 d\u00e9gagement z\u00e9ro<\/span><\/h2><\/div><div class=\"col-lg-9 col-md-10 col-sm-12 col-xs-12\"><p>\u00c0 la fin d&#8217;une journ\u00e9e bien remplie, installez-vous confortablement dans le\u00a0<strong>SERENE<\/strong>\u00a0by Marquis.\u00a0Avec de superbes d\u00e9tails de cr\u00e9ateurs et un savoir-faire de la plus haute qualit\u00e9,\u00a0<strong>SERENE<\/strong>\u00a0combine le confort pur avec un facteur \u00e9poustouflant qui vient de votre choix de roches, de bouleau et de bois flott\u00e9, de pierres d\u00e9coratives, de boulets de canon ou de braises de verre.\u00a0D\u00e9tendez-vous et d\u00e9tendez-vous de mani\u00e8re\u00a0<strong>SEREIN<\/strong>\u00a0.<\/p><h3><span>Caract\u00e9ristiques standards<\/span><\/h3><ul><li><span>Le syst\u00e8me de valve Hi\/Low Millivolt ou IPI fonctionnera pendant les pannes de courant.<\/span><\/li><li><span>Verre Bronze<\/span><\/li><li><span>Mobil Home, Chambre et Lit Salon homologu\u00e9s<\/span><\/li><li><span>Barri\u00e8re d&#8217;\u00e9cran de s\u00e9curit\u00e9<\/span><\/li><li><span>Les mod\u00e8les Proflame II incluent une t\u00e9l\u00e9commande \u2013 comprend une flamme, un ventilateur, un thermostat, un thermostat intelligent (compatible WIFI*) et des lumi\u00e8res LED (non dimmables)<\/span><\/li><\/ul><p><em><span>* Smartphone (WIFI local uniquement)<\/span><\/em><\/p><div class=\"remote\"><div class=\"remote-img\">\u00a0<\/div><span>Proflame I<\/span><\/div><div class=\"remote\"><div class=\"remote-img\">\u00a0<\/div><span>Proflame II<\/span><\/div><h3><span>Caract\u00e9ristiques optionnelles<\/span><\/h3><h4><span>ENTOURER<\/span><\/h4><p><span>Noir ou acier inoxydable<\/span><\/p><h4><span>KIT DE VENTILATEUR<\/span><\/h4><p><span>Activation par la chaleur avec contr\u00f4le de vitesse variable<\/span><\/p><h4><span>KIT D&#8217;\u00c9CLAIRAGE UNIVERSEL (MV\/IPI PF1)<\/span><\/h4><p><span>Deux lampes (\u00e9clairage d&#8217;accentuation)<\/span><\/p><h4><span>THERMOSTAT MURAL<\/span><\/h4><p><span>Marche\/arr\u00eat standard ou programmable 5 jours (jour de semaine) et 2 jours (week-end)<\/span><\/p><h4><span>ENSEMBLES DE JOURNAUX<\/span><\/h4><p><span>Ensemble de bois flott\u00e9 trois pi\u00e8ces (MQ46D), bois flott\u00e9 quatre pi\u00e8ces avec quatre pierres (MQRBD1), ensemble de b\u00fbches de bois flott\u00e9 trois pi\u00e8ces (MQRBD4), ensemble de bois flott\u00e9 cinq pi\u00e8ces (MQRBD3) ou ensemble de b\u00fbches de bouleau cinq pi\u00e8ces (MQRBRW)<\/span><\/p><h4><span>OPTIONS MULTIM\u00c9DIAS<\/span><\/h4><p><span>Roches contemporaines, pierres d\u00e9coratives, braises d\u00e9coratives (glace de glacier, bleu cobalt, noir, bronze, blanc), morceaux de braises ou boulets de canon multicolores<\/span><\/p><h4><span>DOUBLURES<\/span><\/h4><p><span>Porcelaine r\u00e9fl\u00e9chissante, brique cannel\u00e9e (Serene 47) ou pierre empil\u00e9e (Serene 60)<\/span><\/p><h4><span>T\u00c9L\u00c9COMMANDES<\/span><\/h4><p><span>Thermostat marche\/arr\u00eat, Thermostat marche\/arr\u00eat modulant, Thermostat marche\/arr\u00eat modulant, contr\u00f4le ventilateurs et lumi\u00e8res<\/span><\/p><h4><span>GRILLE D&#8217;ENCEINTE (INACHEV\u00c9E)<\/span><\/h4><p><span>Devant \u2013 SERENE 47 \u2013 46 3\/4\u201d L x 2 5\/8\u201d H<\/span><\/p><p><span>Fa\u00e7ade \u2013 SERENE 60 \u2013 60 5\/8\u201d L x 3 5\/8\u201d H<\/span><\/p><p><span>C\u00f4t\u00e9s \u2013 SERENE 47\/60 \u2013 15 1\/4\u201d L x 6 5\/8\u201d H<\/span><\/p><\/div>\t\t\t\t\t\t\t\t<\/div>\n\t\t\t\t<\/div>\n\t\t\t\t\t<\/div>\n\t\t<\/div>\n\t\t\t\t\t<\/div>\n\t\t<\/section>\n\t\t\t\t<section class=\"elementor-section elementor-top-section elementor-element elementor-element-ef457f5 elementor-section-boxed elementor-section-height-default elementor-section-height-default\" data-id=\"ef457f5\" data-element_type=\"section\">\n\t\t\t\t\t\t<div class=\"elementor-container elementor-column-gap-default\">\n\t\t\t\t\t<div class=\"elementor-column elementor-col-100 elementor-top-column elementor-element elementor-element-5d35f76\" data-id=\"5d35f76\" data-element_type=\"column\">\n\t\t\t<div class=\"elementor-widget-wrap elementor-element-populated\">\n\t\t\t\t\t\t<div class=\"elementor-element elementor-element-00a44f5 elementor-tabs-view-horizontal elementor-widget elementor-widget-tabs\" data-id=\"00a44f5\" data-element_type=\"widget\" data-widget_type=\"tabs.default\">\n\t\t\t\t<div class=\"elementor-widget-container\">\n\t\t\t\t\t\t\t<div class=\"elementor-tabs\">\n\t\t\t<div class=\"elementor-tabs-wrapper\" role=\"tablist\" >\n\t\t\t\t\t\t\t\t\t<div id=\"elementor-tab-title-6731\" class=\"elementor-tab-title elementor-tab-desktop-title\" aria-selected=\"true\" data-tab=\"1\" role=\"tab\" tabindex=\"0\" aria-controls=\"elementor-tab-content-6731\" aria-expanded=\"false\">Fichiers<\/div>\n\t\t\t\t\t\t\t<\/div>\n\t\t\t<div class=\"elementor-tabs-content-wrapper\" role=\"tablist\" aria-orientation=\"vertical\">\n\t\t\t\t\t\t\t\t\t<div class=\"elementor-tab-title elementor-tab-mobile-title\" aria-selected=\"true\" data-tab=\"1\" role=\"tab\" tabindex=\"0\" aria-controls=\"elementor-tab-content-6731\" aria-expanded=\"false\">Fichiers<\/div>\n\t\t\t\t\t<div id=\"elementor-tab-content-6731\" class=\"elementor-tab-content elementor-clearfix\" data-tab=\"1\" role=\"tabpanel\" aria-labelledby=\"elementor-tab-title-6731\" tabindex=\"0\" hidden=\"false\"><i class=\"far fa-file-pdf fa-xl\" style=\"font-size: 35px;\"><\/i><a href=\"https:\/\/www.belleflamme.ca\/wp-content\/uploads\/2023\/02\/15195-MQ-B104-SERENEFR-Apr2021-WEB1.pdf\"> Serene Brochure(Fr)<\/a><\/br>\n\n<i class=\"far fa-file-pdf fa-xl\" style=\"font-size: 35px;\"><\/i><a href=\"https:\/\/www.belleflamme.ca\/wp-content\/uploads\/2023\/02\/47ZCV-MANFR17-12.pdf\"> Serene Manuel 47(Fr)<\/a><\/br>\n\n<i class=\"far fa-file-pdf fa-xl\" style=\"font-size: 35px;\"><\/i><a href=\"https:\/\/www.belleflamme.ca\/wp-content\/uploads\/2023\/02\/60ZCV-MANFR17-8.pdf\"> Serene Manuel 60(Fr)<\/a><\/br>\n\n<i class=\"far fa-file-pdf fa-xl\" style=\"font-size:35px\"><\/i><a href=\"https:\/\/www.belleflamme.ca\/wp-content\/uploads\/2024\/03\/72ZCV-MANFR19-2.pdf\"> Serene Manuel 72 (Fr)<\/a><\/br>\n<\/div>\n\t\t\t\t\t\t\t<\/div>\n\t\t<\/div>\n\t\t\t\t\t\t<\/div>\n\t\t\t\t<\/div>\n\t\t\t\t\t<\/div>\n\t\t<\/div>\n\t\t\t\t\t<\/div>\n\t\t<\/section>\n\t\t\t\t<\/div>\n\t\t","protected":false},"excerpt":{"rendered":"<p>Foyer au gaz \u00e0 \u00e9vacuation directe et \u00e0 d\u00e9gagement z\u00e9ro \u00c0 la fin d&#8217;une journ\u00e9e bien remplie, installez-vous confortablement dans le\u00a0SERENE\u00a0by Marquis.\u00a0Avec de superbes d\u00e9tails de cr\u00e9ateurs et un savoir-faire de la plus haute qualit\u00e9,\u00a0SERENE\u00a0combine le confort pur avec un facteur \u00e9poustouflant qui vient de votre choix de roches, de bouleau et de bois flott\u00e9, [&hellip;]<\/p>\n","protected":false},"featured_media":3625,"template":"","meta":{"inline_featured_image":false},"product_brand":[217],"product_cat":[33,35,37],"product_tag":[],"class_list":{"0":"post-3135","1":"product","2":"type-product","3":"status-publish","4":"has-post-thumbnail","6":"product_brand-marquis","7":"product_cat-poeles-et-foyers","8":"product_cat-poeles-foyer-au-gaz","9":"product_cat-foyer-au-gaz","11":"first","12":"instock","13":"taxable","14":"shipping-taxable","15":"purchasable","16":"product-type-variable"},"yoast_head":"<!-- This site is optimized with the Yoast SEO Premium plugin v24.2 (Yoast SEO v24.2) - https:\/\/yoast.com\/wordpress\/plugins\/seo\/ -->\n<title>Foyer au Gaz Serene de Marquis - Groupe BelleFlamme<\/title>\n<meta name=\"description\" content=\"Foyer au Gaz Serene de Marquis vendu et install\u00e9 par le Groupe Belleflamme. Laval, Montr\u00e9al, Gatineau, Drummondville et Saint-Sauveur.\" \/>\n<meta name=\"robots\" content=\"index, follow, max-snippet:-1, max-image-preview:large, max-video-preview:-1\" \/>\n<link rel=\"canonical\" href=\"https:\/\/staging.belleflamme.ca\/fr\/produit\/foyer-serene\/\" \/>\n<meta property=\"og:locale\" content=\"fr_FR\" \/>\n<meta property=\"og:type\" content=\"article\" \/>\n<meta property=\"og:title\" content=\"Foyer au Gaz Serene de Marquis\" \/>\n<meta property=\"og:description\" content=\"Foyer au Gaz Serene de Marquis vendu et install\u00e9 par le Groupe Belleflamme. Laval, Montr\u00e9al, Gatineau, Drummondville et Saint-Sauveur.\" \/>\n<meta property=\"og:url\" content=\"https:\/\/staging.belleflamme.ca\/fr\/produit\/foyer-serene\/\" \/>\n<meta property=\"og:site_name\" content=\"Groupe BelleFlamme\" \/>\n<meta property=\"article:publisher\" content=\"https:\/\/www.facebook.com\/belleflamme.ca\/\" \/>\n<meta property=\"article:modified_time\" content=\"2025-04-10T17:22:18+00:00\" \/>\n<meta property=\"og:image\" content=\"https:\/\/www.belleflamme.ca\/wp-content\/uploads\/2023\/02\/SERENE-image-updates-Oct2019-Stones-1500x659-1.jpg\" \/>\n\t<meta property=\"og:image:width\" content=\"1500\" \/>\n\t<meta property=\"og:image:height\" content=\"659\" \/>\n\t<meta property=\"og:image:type\" content=\"image\/jpeg\" \/>\n<meta name=\"twitter:card\" content=\"summary_large_image\" \/>\n<meta name=\"twitter:label1\" content=\"Disponibilit\u00e9\" \/>\n\t<meta name=\"twitter:data1\" content=\"En stock\" \/>\n<script type=\"application\/ld+json\" class=\"yoast-schema-graph\">{\"@context\":\"https:\/\/schema.org\",\"@graph\":[{\"@type\":[\"WebPage\",\"ItemPage\"],\"@id\":\"https:\/\/staging.belleflamme.ca\/fr\/produit\/foyer-serene\/\",\"url\":\"https:\/\/staging.belleflamme.ca\/fr\/produit\/foyer-serene\/\",\"name\":\"Foyer au Gaz Serene de Marquis - Groupe BelleFlamme\",\"isPartOf\":{\"@id\":\"https:\/\/www.belleflamme.ca\/fr\/#website\"},\"primaryImageOfPage\":{\"@id\":\"https:\/\/staging.belleflamme.ca\/fr\/produit\/foyer-serene\/#primaryimage\"},\"image\":{\"@id\":\"https:\/\/staging.belleflamme.ca\/fr\/produit\/foyer-serene\/#primaryimage\"},\"thumbnailUrl\":\"https:\/\/staging.belleflamme.ca\/wp-content\/uploads\/2023\/02\/SERENE-image-updates-Oct2019-Stones-1500x659-1.jpg\",\"datePublished\":\"2023-02-07T17:36:58+00:00\",\"dateModified\":\"2025-04-10T17:22:18+00:00\",\"description\":\"Foyer au Gaz Serene de Marquis [get_meta_en_fr]\",\"breadcrumb\":{\"@id\":\"https:\/\/staging.belleflamme.ca\/fr\/produit\/foyer-serene\/#breadcrumb\"},\"inLanguage\":\"fr-FR\",\"potentialAction\":[{\"@type\":\"ReadAction\",\"target\":[\"https:\/\/staging.belleflamme.ca\/fr\/produit\/foyer-serene\/\"]}]},{\"@type\":\"ImageObject\",\"inLanguage\":\"fr-FR\",\"@id\":\"https:\/\/staging.belleflamme.ca\/fr\/produit\/foyer-serene\/#primaryimage\",\"url\":\"https:\/\/staging.belleflamme.ca\/wp-content\/uploads\/2023\/02\/SERENE-image-updates-Oct2019-Stones-1500x659-1.jpg\",\"contentUrl\":\"https:\/\/staging.belleflamme.ca\/wp-content\/uploads\/2023\/02\/SERENE-image-updates-Oct2019-Stones-1500x659-1.jpg\",\"width\":1500,\"height\":659,\"caption\":\"marquis Serene fireplace\"},{\"@type\":\"BreadcrumbList\",\"@id\":\"https:\/\/staging.belleflamme.ca\/fr\/produit\/foyer-serene\/#breadcrumb\",\"itemListElement\":[{\"@type\":\"ListItem\",\"position\":1,\"name\":\"Accueil\",\"item\":\"https:\/\/www.belleflamme.ca\/fr\/\"},{\"@type\":\"ListItem\",\"position\":2,\"name\":\"Boutique\",\"item\":\"https:\/\/www.belleflamme.ca\/fr\/boutique\/\"},{\"@type\":\"ListItem\",\"position\":3,\"name\":\"Po\u00eales &amp; Foyers\",\"item\":\"https:\/\/staging.belleflamme.ca\/fr\/categories\/poeles-et-foyers\/\"},{\"@type\":\"ListItem\",\"position\":4,\"name\":\"Po\u00eale &amp; Foyer au Gaz\",\"item\":\"https:\/\/staging.belleflamme.ca\/fr\/categories\/poeles-et-foyers\/poeles-foyer-au-gaz\/\"},{\"@type\":\"ListItem\",\"position\":5,\"name\":\"Foyer au Gaz\",\"item\":\"https:\/\/staging.belleflamme.ca\/fr\/categories\/poeles-et-foyers\/poeles-foyer-au-gaz\/foyer-au-gaz\/\"},{\"@type\":\"ListItem\",\"position\":6,\"name\":\"Foyer au Gaz Serene de Marquis\"}]},{\"@type\":\"WebSite\",\"@id\":\"https:\/\/www.belleflamme.ca\/fr\/#website\",\"url\":\"https:\/\/www.belleflamme.ca\/fr\/\",\"name\":\"Groupe Belleflamme\",\"description\":\"La m\u00e9canique du b\u00e2timent dans le sang.\",\"publisher\":{\"@id\":\"https:\/\/www.belleflamme.ca\/fr\/#organization\"},\"potentialAction\":[{\"@type\":\"SearchAction\",\"target\":{\"@type\":\"EntryPoint\",\"urlTemplate\":\"https:\/\/www.belleflamme.ca\/fr\/?s={search_term_string}\"},\"query-input\":{\"@type\":\"PropertyValueSpecification\",\"valueRequired\":true,\"valueName\":\"search_term_string\"}}],\"inLanguage\":\"fr-FR\"},{\"@type\":[\"Organization\",\"Place\"],\"@id\":\"https:\/\/www.belleflamme.ca\/fr\/#organization\",\"name\":\"Groupe Belleflamme\",\"alternateName\":\"Belleflamme\",\"url\":\"https:\/\/www.belleflamme.ca\/fr\/\",\"logo\":{\"@type\":\"ImageObject\",\"inLanguage\":\"fr-FR\",\"@id\":\"https:\/\/www.belleflamme.ca\/fr\/#\/schema\/logo\/image\/\",\"url\":\"https:\/\/staging.belleflamme.ca\/wp-content\/uploads\/2023\/01\/og-image.jpg\",\"contentUrl\":\"https:\/\/staging.belleflamme.ca\/wp-content\/uploads\/2023\/01\/og-image.jpg\",\"width\":1200,\"height\":630,\"caption\":\"Groupe Belleflamme\"},\"image\":{\"@id\":\"https:\/\/www.belleflamme.ca\/fr\/#\/schema\/logo\/image\/\"},\"sameAs\":[\"https:\/\/www.facebook.com\/belleflamme.ca\/\",\"https:\/\/www.linkedin.com\/company\/belleflamme\/\",\"https:\/\/www.pinterest.ca\/groupebelleflamme\/\",\"https:\/\/www.instagram.com\/legroupebelleflamme\/\"],\"mainEntityOfPage\":{\"@id\":\"https:\/\/staging.belleflamme.ca\/fr\/produit\/foyer-serene\/\"}}]}<\/script>\n<meta property=\"product:brand\" content=\"Marquis\" \/>\n<meta property=\"og:availability\" content=\"instock\" \/>\n<meta property=\"product:availability\" content=\"instock\" \/>\n<meta property=\"product:condition\" content=\"new\" \/>\n<!-- \/ Yoast SEO Premium plugin. -->","yoast_head_json":{"title":"Foyer au Gaz Serene de Marquis - Groupe BelleFlamme","description":"Foyer au Gaz Serene de Marquis vendu et install\u00e9 par le Groupe Belleflamme. Laval, Montr\u00e9al, Gatineau, Drummondville et Saint-Sauveur.","robots":{"index":"index","follow":"follow","max-snippet":"max-snippet:-1","max-image-preview":"max-image-preview:large","max-video-preview":"max-video-preview:-1"},"canonical":"https:\/\/staging.belleflamme.ca\/fr\/produit\/foyer-serene\/","og_locale":"fr_FR","og_type":"article","og_title":"Foyer au Gaz Serene de Marquis","og_description":"Foyer au Gaz Serene de Marquis vendu et install\u00e9 par le Groupe Belleflamme. Laval, Montr\u00e9al, Gatineau, Drummondville et Saint-Sauveur.","og_url":"https:\/\/staging.belleflamme.ca\/fr\/produit\/foyer-serene\/","og_site_name":"Groupe BelleFlamme","article_publisher":"https:\/\/www.facebook.com\/belleflamme.ca\/","article_modified_time":"2025-04-10T17:22:18+00:00","og_image":[{"width":1500,"height":659,"url":"https:\/\/www.belleflamme.ca\/wp-content\/uploads\/2023\/02\/SERENE-image-updates-Oct2019-Stones-1500x659-1.jpg","type":"image\/jpeg"}],"twitter_card":"summary_large_image","twitter_misc":{"Disponibilit\u00e9":"En stock"},"schema":{"@context":"https:\/\/schema.org","@graph":[{"@type":["WebPage","ItemPage"],"@id":"https:\/\/staging.belleflamme.ca\/fr\/produit\/foyer-serene\/","url":"https:\/\/staging.belleflamme.ca\/fr\/produit\/foyer-serene\/","name":"Foyer au Gaz Serene de Marquis - Groupe BelleFlamme","isPartOf":{"@id":"https:\/\/www.belleflamme.ca\/fr\/#website"},"primaryImageOfPage":{"@id":"https:\/\/staging.belleflamme.ca\/fr\/produit\/foyer-serene\/#primaryimage"},"image":{"@id":"https:\/\/staging.belleflamme.ca\/fr\/produit\/foyer-serene\/#primaryimage"},"thumbnailUrl":"https:\/\/staging.belleflamme.ca\/wp-content\/uploads\/2023\/02\/SERENE-image-updates-Oct2019-Stones-1500x659-1.jpg","datePublished":"2023-02-07T17:36:58+00:00","dateModified":"2025-04-10T17:22:18+00:00","description":"Foyer au Gaz Serene de Marquis [get_meta_en_fr]","breadcrumb":{"@id":"https:\/\/staging.belleflamme.ca\/fr\/produit\/foyer-serene\/#breadcrumb"},"inLanguage":"fr-FR","potentialAction":[{"@type":"ReadAction","target":["https:\/\/staging.belleflamme.ca\/fr\/produit\/foyer-serene\/"]}]},{"@type":"ImageObject","inLanguage":"fr-FR","@id":"https:\/\/staging.belleflamme.ca\/fr\/produit\/foyer-serene\/#primaryimage","url":"https:\/\/staging.belleflamme.ca\/wp-content\/uploads\/2023\/02\/SERENE-image-updates-Oct2019-Stones-1500x659-1.jpg","contentUrl":"https:\/\/staging.belleflamme.ca\/wp-content\/uploads\/2023\/02\/SERENE-image-updates-Oct2019-Stones-1500x659-1.jpg","width":1500,"height":659,"caption":"marquis Serene fireplace"},{"@type":"BreadcrumbList","@id":"https:\/\/staging.belleflamme.ca\/fr\/produit\/foyer-serene\/#breadcrumb","itemListElement":[{"@type":"ListItem","position":1,"name":"Accueil","item":"https:\/\/www.belleflamme.ca\/fr\/"},{"@type":"ListItem","position":2,"name":"Boutique","item":"https:\/\/www.belleflamme.ca\/fr\/boutique\/"},{"@type":"ListItem","position":3,"name":"Po\u00eales &amp; Foyers","item":"https:\/\/staging.belleflamme.ca\/fr\/categories\/poeles-et-foyers\/"},{"@type":"ListItem","position":4,"name":"Po\u00eale &amp; Foyer au Gaz","item":"https:\/\/staging.belleflamme.ca\/fr\/categories\/poeles-et-foyers\/poeles-foyer-au-gaz\/"},{"@type":"ListItem","position":5,"name":"Foyer au Gaz","item":"https:\/\/staging.belleflamme.ca\/fr\/categories\/poeles-et-foyers\/poeles-foyer-au-gaz\/foyer-au-gaz\/"},{"@type":"ListItem","position":6,"name":"Foyer au Gaz Serene de Marquis"}]},{"@type":"WebSite","@id":"https:\/\/www.belleflamme.ca\/fr\/#website","url":"https:\/\/www.belleflamme.ca\/fr\/","name":"Groupe Belleflamme","description":"La m\u00e9canique du b\u00e2timent dans le sang.","publisher":{"@id":"https:\/\/www.belleflamme.ca\/fr\/#organization"},"potentialAction":[{"@type":"SearchAction","target":{"@type":"EntryPoint","urlTemplate":"https:\/\/www.belleflamme.ca\/fr\/?s={search_term_string}"},"query-input":{"@type":"PropertyValueSpecification","valueRequired":true,"valueName":"search_term_string"}}],"inLanguage":"fr-FR"},{"@type":["Organization","Place"],"@id":"https:\/\/www.belleflamme.ca\/fr\/#organization","name":"Groupe Belleflamme","alternateName":"Belleflamme","url":"https:\/\/www.belleflamme.ca\/fr\/","logo":{"@type":"ImageObject","inLanguage":"fr-FR","@id":"https:\/\/www.belleflamme.ca\/fr\/#\/schema\/logo\/image\/","url":"https:\/\/staging.belleflamme.ca\/wp-content\/uploads\/2023\/01\/og-image.jpg","contentUrl":"https:\/\/staging.belleflamme.ca\/wp-content\/uploads\/2023\/01\/og-image.jpg","width":1200,"height":630,"caption":"Groupe Belleflamme"},"image":{"@id":"https:\/\/www.belleflamme.ca\/fr\/#\/schema\/logo\/image\/"},"sameAs":["https:\/\/www.facebook.com\/belleflamme.ca\/","https:\/\/www.linkedin.com\/company\/belleflamme\/","https:\/\/www.pinterest.ca\/groupebelleflamme\/","https:\/\/www.instagram.com\/legroupebelleflamme\/"],"mainEntityOfPage":{"@id":"https:\/\/staging.belleflamme.ca\/fr\/produit\/foyer-serene\/"}}]},"product_brand":"Marquis","og_availability":"instock","product_availability":"instock","product_condition":"new"},"_links":{"self":[{"href":"https:\/\/staging.belleflamme.ca\/fr\/wp-json\/wp\/v2\/product\/3135","targetHints":{"allow":["GET"]}}],"collection":[{"href":"https:\/\/staging.belleflamme.ca\/fr\/wp-json\/wp\/v2\/product"}],"about":[{"href":"https:\/\/staging.belleflamme.ca\/fr\/wp-json\/wp\/v2\/types\/product"}],"version-history":[{"count":14,"href":"https:\/\/staging.belleflamme.ca\/fr\/wp-json\/wp\/v2\/product\/3135\/revisions"}],"predecessor-version":[{"id":32246,"href":"https:\/\/staging.belleflamme.ca\/fr\/wp-json\/wp\/v2\/product\/3135\/revisions\/32246"}],"wp:featuredmedia":[{"embeddable":true,"href":"https:\/\/staging.belleflamme.ca\/fr\/wp-json\/wp\/v2\/media\/3625"}],"wp:attachment":[{"href":"https:\/\/staging.belleflamme.ca\/fr\/wp-json\/wp\/v2\/media?parent=3135"}],"wp:term":[{"taxonomy":"product_brand","embeddable":true,"href":"https:\/\/staging.belleflamme.ca\/fr\/wp-json\/wp\/v2\/product_brand?post=3135"},{"taxonomy":"product_cat","embeddable":true,"href":"https:\/\/staging.belleflamme.ca\/fr\/wp-json\/wp\/v2\/product_cat?post=3135"},{"taxonomy":"product_tag","embeddable":true,"href":"https:\/\/staging.belleflamme.ca\/fr\/wp-json\/wp\/v2\/product_tag?post=3135"}],"curies":[{"name":"wp","href":"https:\/\/api.w.org\/{rel}","templated":true}]}}