{"id":3131,"date":"2023-02-07T12:36:57","date_gmt":"2023-02-07T17:36:57","guid":{"rendered":"https:\/\/www.belleflamme.ca\/product\/foyer-enclave\/"},"modified":"2025-04-03T09:00:26","modified_gmt":"2025-04-03T13:00:26","slug":"foyer-enclave","status":"publish","type":"product","link":"https:\/\/staging.belleflamme.ca\/fr\/produit\/foyer-enclave\/","title":{"rendered":"Foyer au Gaz Enclave de Marquis"},"content":{"rendered":"\t\t<div data-elementor-type=\"product-post\" data-elementor-id=\"3131\" class=\"elementor elementor-3131\" data-elementor-post-type=\"product\">\n\t\t\t\t\t\t<section class=\"elementor-section elementor-top-section elementor-element elementor-element-2138d019 elementor-section-boxed elementor-section-height-default elementor-section-height-default\" data-id=\"2138d019\" data-element_type=\"section\">\n\t\t\t\t\t\t<div class=\"elementor-container elementor-column-gap-default\">\n\t\t\t\t\t<div class=\"elementor-column elementor-col-100 elementor-top-column elementor-element elementor-element-77f2a3fc\" data-id=\"77f2a3fc\" data-element_type=\"column\">\n\t\t\t<div class=\"elementor-widget-wrap elementor-element-populated\">\n\t\t\t\t\t\t<div class=\"elementor-element elementor-element-6c9b51be elementor-widget elementor-widget-text-editor\" data-id=\"6c9b51be\" data-element_type=\"widget\" data-widget_type=\"text-editor.default\">\n\t\t\t\t<div class=\"elementor-widget-container\">\n\t\t\t\t\t\t\t\t\t<div>\n<h2>Foyer au gaz Bay Peninsula \u00e0 \u00e9vacuation directe et sans d\u00e9gagement<\/h2>\n<\/div>\n<div>\n<h3>Cr\u00e9er une nouvelle dimension<\/h3>\n<p>Sa vue panoramique s\u00e9duit sous tous les angles.&nbsp;Vous attirant avec ses lignes de vue tridimensionnelles, l&#8217;&nbsp;<strong>ENCLAVE<\/strong>&nbsp;de Marquis cr\u00e9e un point de rassemblement \u00e9l\u00e9gant et intelligemment con\u00e7u pour le c\u0153ur de votre maison.<\/p>\n<p>\u00c9tonnamment polyvalente, cette chemin\u00e9e s\u00e9duisante s&#8217;adapte \u00e0 n&#8217;importe quelle pi\u00e8ce avec des options pour un simple c\u00f4t\u00e9, un coin ou une p\u00e9ninsule de baie.&nbsp;Il se transforme compl\u00e8tement avec votre choix de rev\u00eatement de chemin\u00e9e et d&#8217;accessoires allant des b\u00fbches de bois flott\u00e9 et des roches contemporaines aux boulets de canon et au verre.<\/p>\n<p>Gr\u00e2ce \u00e0 la technologie innovante de chasse ventil\u00e9e&nbsp;<strong>de l&#8217;ENCLAVE,<\/strong>&nbsp;vous pouvez d\u00e9sormais recouvrir le foyer de mat\u00e9riaux combustibles jusqu&#8217;\u00e0 l&#8217;ouverture de la porte vitr\u00e9e.<\/p>\n<h3>Caract\u00e9ristiques standards<\/h3>\n<ul>\n<li>\u00c9clairage d\u2019accentuation :<br>Enclave 48\/60\/72 \u2013&nbsp;\u00c9clairage LED (non dimmable)<br>Enclave 34 \u2013&nbsp;\u00c9clairage halog\u00e8ne<\/li>\n<li>Aucun d\u00e9gagement pour les t\u00e9l\u00e9viseurs et les \u0153uvres d&#8217;art<\/li>\n<li>Barri\u00e8re de s\u00e9curit\u00e9 en verre invisible<\/li>\n<li>Les mod\u00e8les Proflame II incluent une t\u00e9l\u00e9commande avec les fonctionnalit\u00e9s suivantes&nbsp;: r\u00e9glage de la flamme, thermostat, thermostat intelligent (compatibilit\u00e9 WIFI*) et contr\u00f4le de l&#8217;\u00e9clairage d&#8217;accentuation.<\/li>\n<\/ul>\n<p>* Smartphone (WIFI local uniquement)<\/p>\n<h4>&nbsp;<\/h4>\n<h4>AVANTAGES DE NOTRE TECHNOLOGIE DE CHASE VENTIL\u00c9E<\/h4>\n<ul>\n<li>Aucun ventilateur n&#8217;est requis pour ventiler la chasse, fonctionnera pendant les pannes de courant (piles requises)<\/li>\n<li>Permet toutes les charpentes en bois<\/li>\n<li>Des mat\u00e9riaux combustibles peuvent \u00eatre utilis\u00e9s jusqu&#8217;\u00e0 l&#8217;ouverture de la porte vitr\u00e9e<\/li>\n<li>Verre sans soudure, \u00e9limine le besoin d&#8217;une barri\u00e8re de s\u00e9curit\u00e9 en acier<\/li>\n<li>Permet de r\u00e9duire les d\u00e9gagements du manteau<\/li>\n<li>D\u00e9gagements TV ultra-faibles<\/li>\n<\/ul>\n<div>\n<div>&nbsp;<\/div>\n<p>Proflame II<\/p><div style=\"-webkit-font-smoothing: antialiased; text-rendering: optimizelegibility; margin: 0px 20px 5px 0px; padding: 0px; max-width: 150px; display: inline-block; vertical-align: top; width: 130px; color: rgba(79, 93, 101, 0.7); font-family: proxima-nova, Helvetica, Arial, sans-serif; background-color: rgb(244, 244, 244);\"><div style=\"-webkit-font-smoothing: antialiased; text-rendering: optimizelegibility; margin: 15px 0px 0px; padding: 45px; background-position: right center; background-size: contain; width: 130px; background-repeat: no-repeat; background-image: url(&quot;https:\/\/marquisfireplaces.net\/wp-content\/uploads\/2017\/06\/GTMFL-Wall-Mount-Transmitter-P2-WIFI-Compatible-1-2.png&quot;);\"><\/div><span style=\"-webkit-font-smoothing: antialiased; text-rendering: optimizelegibility; margin: 0px; padding: 10px 0px; display: block; font-size: 12px; text-align: center; line-height: 1.2;\"><font style=\"-webkit-font-smoothing: antialiased; text-rendering: optimizelegibility; margin: 0px; padding: 0px; vertical-align: inherit;\">Proflame II<\/font><\/span><\/div><\/div>\n<h3>Caract\u00e9ristiques optionnelles<\/h3>\n<h4>ENTOURER<\/h4>\n<p>Noir ou inoxydable&nbsp;;&nbsp;Mod\u00e8les simple face uniquement<\/p>\n<h4>DOUBLURES<\/h4>\n<p>Enclave 48\/60\/72 \u2013&nbsp;Verre r\u00e9fl\u00e9chissant, brique cannel\u00e9e et brique empil\u00e9e<br>Enclave 34 \u2013&nbsp;Verre r\u00e9fl\u00e9chissant, brique cannel\u00e9e et traditionnelle<\/p>\n<h4>OPTIONS MULTIM\u00c9DIAS (OBLIGATOIRE)<\/h4>\n<p>Support en verre (glace de glacier, bleu cobalt, noir, bronze, blanc)<\/p>\n<h4>M\u00c9DIAS SUPPL\u00c9MENTAIRES (FACULTATIF)<\/h4>\n<p>Boulets de canon, pierres d\u00e9coratives, roches contemporaines (naturelles et multicolores) ou morceaux de braise<\/p>\n<h4>ENSEMBLES DE JOURNAUX<\/h4>\n<p>Ensembles en ch\u00eane, bouleau et bois flott\u00e9<\/p>\n<h4>GRILLES D&#8217;ENCEINTE<\/h4>\n<p>Fa\u00e7ade ou c\u00f4t\u00e9s \u2013 Inachev\u00e9<\/p>\n<h4>KIT DE COIN<\/h4>\n<p>Disponible pour l\u2019unit\u00e9 Bay Peninsula<\/p>\n<h4>PANNEAUX D&#8217;EXTENSION LAT\u00c9RAUX<\/h4>\n<p>Noir;&nbsp;Mod\u00e8les simple face uniquement<\/p>\n<h4>SYST\u00c8ME DE DISTRIBUTION DE CHALEUR<\/h4>\n<p>Pl\u00e9num (Enclave 48 uniquement)<\/p>\n<\/div>\t\t\t\t\t\t\t\t<\/div>\n\t\t\t\t<\/div>\n\t\t\t\t\t<\/div>\n\t\t<\/div>\n\t\t\t\t\t<\/div>\n\t\t<\/section>\n\t\t\t\t<section class=\"elementor-section elementor-top-section elementor-element elementor-element-2267c5f elementor-section-boxed elementor-section-height-default elementor-section-height-default\" data-id=\"2267c5f\" data-element_type=\"section\">\n\t\t\t\t\t\t<div class=\"elementor-container elementor-column-gap-default\">\n\t\t\t\t\t<div class=\"elementor-column elementor-col-100 elementor-top-column elementor-element elementor-element-cb93406\" data-id=\"cb93406\" data-element_type=\"column\">\n\t\t\t<div class=\"elementor-widget-wrap elementor-element-populated\">\n\t\t\t\t\t\t<div class=\"elementor-element elementor-element-8d184fc elementor-tabs-view-horizontal elementor-widget elementor-widget-tabs\" data-id=\"8d184fc\" data-element_type=\"widget\" data-widget_type=\"tabs.default\">\n\t\t\t\t<div class=\"elementor-widget-container\">\n\t\t\t\t\t\t\t<div class=\"elementor-tabs\">\n\t\t\t<div class=\"elementor-tabs-wrapper\" role=\"tablist\" >\n\t\t\t\t\t\t\t\t\t<div id=\"elementor-tab-title-1471\" class=\"elementor-tab-title elementor-tab-desktop-title\" aria-selected=\"true\" data-tab=\"1\" role=\"tab\" tabindex=\"0\" aria-controls=\"elementor-tab-content-1471\" aria-expanded=\"false\">Fichiers<\/div>\n\t\t\t\t\t\t\t<\/div>\n\t\t\t<div class=\"elementor-tabs-content-wrapper\" role=\"tablist\" aria-orientation=\"vertical\">\n\t\t\t\t\t\t\t\t\t<div class=\"elementor-tab-title elementor-tab-mobile-title\" aria-selected=\"true\" data-tab=\"1\" role=\"tab\" tabindex=\"0\" aria-controls=\"elementor-tab-content-1471\" aria-expanded=\"false\">Fichiers<\/div>\n\t\t\t\t\t<div id=\"elementor-tab-content-1471\" class=\"elementor-tab-content elementor-clearfix\" data-tab=\"1\" role=\"tabpanel\" aria-labelledby=\"elementor-tab-title-1471\" tabindex=\"0\" hidden=\"false\"><i class=\"far fa-file-pdf fa-xl\" style=\"font-size: 35px;\"><\/i><a href=\"https:\/\/www.belleflamme.ca\/wp-content\/uploads\/2023\/02\/16615-MQ-B100-ENCLAVE-34-48-60-72FR-Feb2022-WEB2.pdf\"> Enclave(Fr)<\/a><\/br>\n\n<i class=\"far fa-file-pdf fa-xl\" style=\"font-size: 35px;\"><\/i><a href=\"https:\/\/www.belleflamme.ca\/wp-content\/uploads\/2023\/02\/48MQVLBG-MAN17FR-8.pdf\"> Enclave Manuel 48(Fr)<\/a><\/br>\n\n<i class=\"far fa-file-pdf fa-xl\" style=\"font-size: 35px;\"><\/i><a href=\"https:\/\/www.belleflamme.ca\/wp-content\/uploads\/2023\/02\/60MQVL-MAN17-fr-10.pdf\"> Enclave Manuel 60(Fr)<\/a><\/br>\n\n<i class=\"far fa-file-pdf fa-xl\" style=\"font-size: 35px;\"><\/i><a href=\"https:\/\/www.belleflamme.ca\/wp-content\/uploads\/2023\/02\/72VL-MAN17-FR-8.pdf\"> Enclave Manuel 72(Fr)<\/a><\/br>\n\n<i class=\"far fa-file-pdf fa-xl\" style=\"font-size: 35px;\"><\/i><a href=\"https:\/\/www.belleflamme.ca\/wp-content\/uploads\/2023\/02\/34ZCVBG-MANFR19-1.pdf\"> Enclave 34\nBay Pennisula Manuel(Fr)<\/a><\/br>\n<i class=\"far fa-file-pdf fa-xl\" style=\"font-size:35px\"><\/i><a href=\"https:\/\/www.belleflamme.ca\/wp-content\/uploads\/2023\/11\/16946-MQ-ProductGuide-Marquis-2022-Mar2023-WEB2-Single.pdf\"> Brochure<\/a><\/br><\/div>\n\t\t\t\t\t\t\t<\/div>\n\t\t<\/div>\n\t\t\t\t\t\t<\/div>\n\t\t\t\t<\/div>\n\t\t\t\t\t<\/div>\n\t\t<\/div>\n\t\t\t\t\t<\/div>\n\t\t<\/section>\n\t\t\t\t<\/div>\n\t\t","protected":false},"excerpt":{"rendered":"<p>Foyer au gaz Bay Peninsula \u00e0 \u00e9vacuation directe et sans d\u00e9gagement Cr\u00e9er une nouvelle dimension Sa vue panoramique s\u00e9duit sous tous les angles.\u00a0Vous attirant avec ses lignes de vue tridimensionnelles, l&#8217;\u00a0ENCLAVE\u00a0de Marquis cr\u00e9e un point de rassemblement \u00e9l\u00e9gant et intelligemment con\u00e7u pour le c\u0153ur de votre maison. \u00c9tonnamment polyvalente, cette chemin\u00e9e s\u00e9duisante s&#8217;adapte \u00e0 n&#8217;importe [&hellip;]<\/p>\n","protected":false},"featured_media":3628,"template":"","meta":{"inline_featured_image":false},"product_brand":[217],"product_cat":[33,35,37],"product_tag":[],"class_list":{"0":"post-3131","1":"product","2":"type-product","3":"status-publish","4":"has-post-thumbnail","6":"product_brand-marquis","7":"product_cat-poeles-et-foyers","8":"product_cat-poeles-foyer-au-gaz","9":"product_cat-foyer-au-gaz","11":"first","12":"instock","13":"taxable","14":"shipping-taxable","15":"purchasable","16":"product-type-variable"},"yoast_head":"<!-- This site is optimized with the Yoast SEO Premium plugin v24.2 (Yoast SEO v24.2) - https:\/\/yoast.com\/wordpress\/plugins\/seo\/ -->\n<title>Foyer au Gaz Enclave de Marquis - Groupe BelleFlamme<\/title>\n<meta name=\"description\" content=\"Foyer au Gaz Enclave de Marquis vendu et install\u00e9 par le Groupe Belleflamme. Laval, Montr\u00e9al, Gatineau, Drummondville et Saint-Sauveur.\" \/>\n<meta name=\"robots\" content=\"index, follow, max-snippet:-1, max-image-preview:large, max-video-preview:-1\" \/>\n<link rel=\"canonical\" href=\"https:\/\/staging.belleflamme.ca\/fr\/produit\/foyer-enclave\/\" \/>\n<meta property=\"og:locale\" content=\"fr_FR\" \/>\n<meta property=\"og:type\" content=\"article\" \/>\n<meta property=\"og:title\" content=\"Foyer au Gaz Enclave de Marquis\" \/>\n<meta property=\"og:description\" content=\"Foyer au Gaz Enclave de Marquis vendu et install\u00e9 par le Groupe Belleflamme. Laval, Montr\u00e9al, Gatineau, Drummondville et Saint-Sauveur.\" \/>\n<meta property=\"og:url\" content=\"https:\/\/staging.belleflamme.ca\/fr\/produit\/foyer-enclave\/\" \/>\n<meta property=\"og:site_name\" content=\"Groupe BelleFlamme\" \/>\n<meta property=\"article:publisher\" content=\"https:\/\/www.facebook.com\/belleflamme.ca\/\" \/>\n<meta property=\"article:modified_time\" content=\"2025-04-03T13:00:26+00:00\" \/>\n<meta property=\"og:image\" content=\"https:\/\/www.belleflamme.ca\/wp-content\/uploads\/2023\/02\/ENCLAVE-image-updates-Oct2019-1-1500x659-1.jpg\" \/>\n\t<meta property=\"og:image:width\" content=\"1500\" \/>\n\t<meta property=\"og:image:height\" content=\"659\" \/>\n\t<meta property=\"og:image:type\" content=\"image\/jpeg\" \/>\n<meta name=\"twitter:card\" content=\"summary_large_image\" \/>\n<meta name=\"twitter:label1\" content=\"Disponibilit\u00e9\" \/>\n\t<meta name=\"twitter:data1\" content=\"En stock\" \/>\n<script type=\"application\/ld+json\" class=\"yoast-schema-graph\">{\"@context\":\"https:\/\/schema.org\",\"@graph\":[{\"@type\":[\"WebPage\",\"ItemPage\"],\"@id\":\"https:\/\/staging.belleflamme.ca\/fr\/produit\/foyer-enclave\/\",\"url\":\"https:\/\/staging.belleflamme.ca\/fr\/produit\/foyer-enclave\/\",\"name\":\"Foyer au Gaz Enclave de Marquis - Groupe BelleFlamme\",\"isPartOf\":{\"@id\":\"https:\/\/www.belleflamme.ca\/fr\/#website\"},\"primaryImageOfPage\":{\"@id\":\"https:\/\/staging.belleflamme.ca\/fr\/produit\/foyer-enclave\/#primaryimage\"},\"image\":{\"@id\":\"https:\/\/staging.belleflamme.ca\/fr\/produit\/foyer-enclave\/#primaryimage\"},\"thumbnailUrl\":\"https:\/\/staging.belleflamme.ca\/wp-content\/uploads\/2023\/02\/ENCLAVE-image-updates-Oct2019-1-1500x659-1.jpg\",\"datePublished\":\"2023-02-07T17:36:57+00:00\",\"dateModified\":\"2025-04-03T13:00:26+00:00\",\"description\":\"Foyer au Gaz Enclave de Marquis [get_meta_en_fr]\",\"breadcrumb\":{\"@id\":\"https:\/\/staging.belleflamme.ca\/fr\/produit\/foyer-enclave\/#breadcrumb\"},\"inLanguage\":\"fr-FR\",\"potentialAction\":[{\"@type\":\"ReadAction\",\"target\":[\"https:\/\/staging.belleflamme.ca\/fr\/produit\/foyer-enclave\/\"]}]},{\"@type\":\"ImageObject\",\"inLanguage\":\"fr-FR\",\"@id\":\"https:\/\/staging.belleflamme.ca\/fr\/produit\/foyer-enclave\/#primaryimage\",\"url\":\"https:\/\/staging.belleflamme.ca\/wp-content\/uploads\/2023\/02\/ENCLAVE-image-updates-Oct2019-1-1500x659-1.jpg\",\"contentUrl\":\"https:\/\/staging.belleflamme.ca\/wp-content\/uploads\/2023\/02\/ENCLAVE-image-updates-Oct2019-1-1500x659-1.jpg\",\"width\":1500,\"height\":659,\"caption\":\"marquis Enclave fireplace\"},{\"@type\":\"BreadcrumbList\",\"@id\":\"https:\/\/staging.belleflamme.ca\/fr\/produit\/foyer-enclave\/#breadcrumb\",\"itemListElement\":[{\"@type\":\"ListItem\",\"position\":1,\"name\":\"Accueil\",\"item\":\"https:\/\/www.belleflamme.ca\/fr\/\"},{\"@type\":\"ListItem\",\"position\":2,\"name\":\"Boutique\",\"item\":\"https:\/\/www.belleflamme.ca\/fr\/boutique\/\"},{\"@type\":\"ListItem\",\"position\":3,\"name\":\"Po\u00eales &amp; Foyers\",\"item\":\"https:\/\/staging.belleflamme.ca\/fr\/categories\/poeles-et-foyers\/\"},{\"@type\":\"ListItem\",\"position\":4,\"name\":\"Po\u00eale &amp; Foyer au Gaz\",\"item\":\"https:\/\/staging.belleflamme.ca\/fr\/categories\/poeles-et-foyers\/poeles-foyer-au-gaz\/\"},{\"@type\":\"ListItem\",\"position\":5,\"name\":\"Foyer au Gaz\",\"item\":\"https:\/\/staging.belleflamme.ca\/fr\/categories\/poeles-et-foyers\/poeles-foyer-au-gaz\/foyer-au-gaz\/\"},{\"@type\":\"ListItem\",\"position\":6,\"name\":\"Foyer au Gaz Enclave de Marquis\"}]},{\"@type\":\"WebSite\",\"@id\":\"https:\/\/www.belleflamme.ca\/fr\/#website\",\"url\":\"https:\/\/www.belleflamme.ca\/fr\/\",\"name\":\"Groupe Belleflamme\",\"description\":\"La m\u00e9canique du b\u00e2timent dans le sang.\",\"publisher\":{\"@id\":\"https:\/\/www.belleflamme.ca\/fr\/#organization\"},\"potentialAction\":[{\"@type\":\"SearchAction\",\"target\":{\"@type\":\"EntryPoint\",\"urlTemplate\":\"https:\/\/www.belleflamme.ca\/fr\/?s={search_term_string}\"},\"query-input\":{\"@type\":\"PropertyValueSpecification\",\"valueRequired\":true,\"valueName\":\"search_term_string\"}}],\"inLanguage\":\"fr-FR\"},{\"@type\":[\"Organization\",\"Place\"],\"@id\":\"https:\/\/www.belleflamme.ca\/fr\/#organization\",\"name\":\"Groupe Belleflamme\",\"alternateName\":\"Belleflamme\",\"url\":\"https:\/\/www.belleflamme.ca\/fr\/\",\"logo\":{\"@type\":\"ImageObject\",\"inLanguage\":\"fr-FR\",\"@id\":\"https:\/\/www.belleflamme.ca\/fr\/#\/schema\/logo\/image\/\",\"url\":\"https:\/\/staging.belleflamme.ca\/wp-content\/uploads\/2023\/01\/og-image.jpg\",\"contentUrl\":\"https:\/\/staging.belleflamme.ca\/wp-content\/uploads\/2023\/01\/og-image.jpg\",\"width\":1200,\"height\":630,\"caption\":\"Groupe Belleflamme\"},\"image\":{\"@id\":\"https:\/\/www.belleflamme.ca\/fr\/#\/schema\/logo\/image\/\"},\"sameAs\":[\"https:\/\/www.facebook.com\/belleflamme.ca\/\",\"https:\/\/www.linkedin.com\/company\/belleflamme\/\",\"https:\/\/www.pinterest.ca\/groupebelleflamme\/\",\"https:\/\/www.instagram.com\/legroupebelleflamme\/\"],\"mainEntityOfPage\":{\"@id\":\"https:\/\/staging.belleflamme.ca\/fr\/produit\/foyer-enclave\/\"}}]}<\/script>\n<meta property=\"product:brand\" content=\"Marquis\" \/>\n<meta property=\"og:availability\" content=\"instock\" \/>\n<meta property=\"product:availability\" content=\"instock\" \/>\n<meta property=\"product:condition\" content=\"new\" \/>\n<!-- \/ Yoast SEO Premium plugin. -->","yoast_head_json":{"title":"Foyer au Gaz Enclave de Marquis - Groupe BelleFlamme","description":"Foyer au Gaz Enclave de Marquis vendu et install\u00e9 par le Groupe Belleflamme. Laval, Montr\u00e9al, Gatineau, Drummondville et Saint-Sauveur.","robots":{"index":"index","follow":"follow","max-snippet":"max-snippet:-1","max-image-preview":"max-image-preview:large","max-video-preview":"max-video-preview:-1"},"canonical":"https:\/\/staging.belleflamme.ca\/fr\/produit\/foyer-enclave\/","og_locale":"fr_FR","og_type":"article","og_title":"Foyer au Gaz Enclave de Marquis","og_description":"Foyer au Gaz Enclave de Marquis vendu et install\u00e9 par le Groupe Belleflamme. Laval, Montr\u00e9al, Gatineau, Drummondville et Saint-Sauveur.","og_url":"https:\/\/staging.belleflamme.ca\/fr\/produit\/foyer-enclave\/","og_site_name":"Groupe BelleFlamme","article_publisher":"https:\/\/www.facebook.com\/belleflamme.ca\/","article_modified_time":"2025-04-03T13:00:26+00:00","og_image":[{"width":1500,"height":659,"url":"https:\/\/www.belleflamme.ca\/wp-content\/uploads\/2023\/02\/ENCLAVE-image-updates-Oct2019-1-1500x659-1.jpg","type":"image\/jpeg"}],"twitter_card":"summary_large_image","twitter_misc":{"Disponibilit\u00e9":"En stock"},"schema":{"@context":"https:\/\/schema.org","@graph":[{"@type":["WebPage","ItemPage"],"@id":"https:\/\/staging.belleflamme.ca\/fr\/produit\/foyer-enclave\/","url":"https:\/\/staging.belleflamme.ca\/fr\/produit\/foyer-enclave\/","name":"Foyer au Gaz Enclave de Marquis - Groupe BelleFlamme","isPartOf":{"@id":"https:\/\/www.belleflamme.ca\/fr\/#website"},"primaryImageOfPage":{"@id":"https:\/\/staging.belleflamme.ca\/fr\/produit\/foyer-enclave\/#primaryimage"},"image":{"@id":"https:\/\/staging.belleflamme.ca\/fr\/produit\/foyer-enclave\/#primaryimage"},"thumbnailUrl":"https:\/\/staging.belleflamme.ca\/wp-content\/uploads\/2023\/02\/ENCLAVE-image-updates-Oct2019-1-1500x659-1.jpg","datePublished":"2023-02-07T17:36:57+00:00","dateModified":"2025-04-03T13:00:26+00:00","description":"Foyer au Gaz Enclave de Marquis [get_meta_en_fr]","breadcrumb":{"@id":"https:\/\/staging.belleflamme.ca\/fr\/produit\/foyer-enclave\/#breadcrumb"},"inLanguage":"fr-FR","potentialAction":[{"@type":"ReadAction","target":["https:\/\/staging.belleflamme.ca\/fr\/produit\/foyer-enclave\/"]}]},{"@type":"ImageObject","inLanguage":"fr-FR","@id":"https:\/\/staging.belleflamme.ca\/fr\/produit\/foyer-enclave\/#primaryimage","url":"https:\/\/staging.belleflamme.ca\/wp-content\/uploads\/2023\/02\/ENCLAVE-image-updates-Oct2019-1-1500x659-1.jpg","contentUrl":"https:\/\/staging.belleflamme.ca\/wp-content\/uploads\/2023\/02\/ENCLAVE-image-updates-Oct2019-1-1500x659-1.jpg","width":1500,"height":659,"caption":"marquis Enclave fireplace"},{"@type":"BreadcrumbList","@id":"https:\/\/staging.belleflamme.ca\/fr\/produit\/foyer-enclave\/#breadcrumb","itemListElement":[{"@type":"ListItem","position":1,"name":"Accueil","item":"https:\/\/www.belleflamme.ca\/fr\/"},{"@type":"ListItem","position":2,"name":"Boutique","item":"https:\/\/www.belleflamme.ca\/fr\/boutique\/"},{"@type":"ListItem","position":3,"name":"Po\u00eales &amp; Foyers","item":"https:\/\/staging.belleflamme.ca\/fr\/categories\/poeles-et-foyers\/"},{"@type":"ListItem","position":4,"name":"Po\u00eale &amp; Foyer au Gaz","item":"https:\/\/staging.belleflamme.ca\/fr\/categories\/poeles-et-foyers\/poeles-foyer-au-gaz\/"},{"@type":"ListItem","position":5,"name":"Foyer au Gaz","item":"https:\/\/staging.belleflamme.ca\/fr\/categories\/poeles-et-foyers\/poeles-foyer-au-gaz\/foyer-au-gaz\/"},{"@type":"ListItem","position":6,"name":"Foyer au Gaz Enclave de Marquis"}]},{"@type":"WebSite","@id":"https:\/\/www.belleflamme.ca\/fr\/#website","url":"https:\/\/www.belleflamme.ca\/fr\/","name":"Groupe Belleflamme","description":"La m\u00e9canique du b\u00e2timent dans le sang.","publisher":{"@id":"https:\/\/www.belleflamme.ca\/fr\/#organization"},"potentialAction":[{"@type":"SearchAction","target":{"@type":"EntryPoint","urlTemplate":"https:\/\/www.belleflamme.ca\/fr\/?s={search_term_string}"},"query-input":{"@type":"PropertyValueSpecification","valueRequired":true,"valueName":"search_term_string"}}],"inLanguage":"fr-FR"},{"@type":["Organization","Place"],"@id":"https:\/\/www.belleflamme.ca\/fr\/#organization","name":"Groupe Belleflamme","alternateName":"Belleflamme","url":"https:\/\/www.belleflamme.ca\/fr\/","logo":{"@type":"ImageObject","inLanguage":"fr-FR","@id":"https:\/\/www.belleflamme.ca\/fr\/#\/schema\/logo\/image\/","url":"https:\/\/staging.belleflamme.ca\/wp-content\/uploads\/2023\/01\/og-image.jpg","contentUrl":"https:\/\/staging.belleflamme.ca\/wp-content\/uploads\/2023\/01\/og-image.jpg","width":1200,"height":630,"caption":"Groupe Belleflamme"},"image":{"@id":"https:\/\/www.belleflamme.ca\/fr\/#\/schema\/logo\/image\/"},"sameAs":["https:\/\/www.facebook.com\/belleflamme.ca\/","https:\/\/www.linkedin.com\/company\/belleflamme\/","https:\/\/www.pinterest.ca\/groupebelleflamme\/","https:\/\/www.instagram.com\/legroupebelleflamme\/"],"mainEntityOfPage":{"@id":"https:\/\/staging.belleflamme.ca\/fr\/produit\/foyer-enclave\/"}}]},"product_brand":"Marquis","og_availability":"instock","product_availability":"instock","product_condition":"new"},"_links":{"self":[{"href":"https:\/\/staging.belleflamme.ca\/fr\/wp-json\/wp\/v2\/product\/3131","targetHints":{"allow":["GET"]}}],"collection":[{"href":"https:\/\/staging.belleflamme.ca\/fr\/wp-json\/wp\/v2\/product"}],"about":[{"href":"https:\/\/staging.belleflamme.ca\/fr\/wp-json\/wp\/v2\/types\/product"}],"version-history":[{"count":16,"href":"https:\/\/staging.belleflamme.ca\/fr\/wp-json\/wp\/v2\/product\/3131\/revisions"}],"predecessor-version":[{"id":27239,"href":"https:\/\/staging.belleflamme.ca\/fr\/wp-json\/wp\/v2\/product\/3131\/revisions\/27239"}],"wp:featuredmedia":[{"embeddable":true,"href":"https:\/\/staging.belleflamme.ca\/fr\/wp-json\/wp\/v2\/media\/3628"}],"wp:attachment":[{"href":"https:\/\/staging.belleflamme.ca\/fr\/wp-json\/wp\/v2\/media?parent=3131"}],"wp:term":[{"taxonomy":"product_brand","embeddable":true,"href":"https:\/\/staging.belleflamme.ca\/fr\/wp-json\/wp\/v2\/product_brand?post=3131"},{"taxonomy":"product_cat","embeddable":true,"href":"https:\/\/staging.belleflamme.ca\/fr\/wp-json\/wp\/v2\/product_cat?post=3131"},{"taxonomy":"product_tag","embeddable":true,"href":"https:\/\/staging.belleflamme.ca\/fr\/wp-json\/wp\/v2\/product_tag?post=3131"}],"curies":[{"name":"wp","href":"https:\/\/api.w.org\/{rel}","templated":true}]}}