{"id":3130,"date":"2023-02-07T12:36:56","date_gmt":"2023-02-07T17:36:56","guid":{"rendered":"https:\/\/www.belleflamme.ca\/product\/atrium-le-foyer-3-faces\/"},"modified":"2025-04-03T09:05:21","modified_gmt":"2025-04-03T13:05:21","slug":"atrium-le-foyer-3-faces","status":"publish","type":"product","link":"https:\/\/staging.belleflamme.ca\/fr\/produit\/atrium-le-foyer-3-faces\/","title":{"rendered":"Atrium le foyer au Gaz 3 faces de Marquis"},"content":{"rendered":"\t\t<div data-elementor-type=\"product-post\" data-elementor-id=\"3130\" class=\"elementor elementor-3130\" data-elementor-post-type=\"product\">\n\t\t\t\t\t\t<section class=\"elementor-section elementor-top-section elementor-element elementor-element-2ead80a7 elementor-section-boxed elementor-section-height-default elementor-section-height-default\" data-id=\"2ead80a7\" data-element_type=\"section\">\n\t\t\t\t\t\t<div class=\"elementor-container elementor-column-gap-default\">\n\t\t\t\t\t<div class=\"elementor-column elementor-col-100 elementor-top-column elementor-element elementor-element-6884e58b\" data-id=\"6884e58b\" data-element_type=\"column\">\n\t\t\t<div class=\"elementor-widget-wrap elementor-element-populated\">\n\t\t\t\t\t\t<div class=\"elementor-element elementor-element-6ff51b73 elementor-widget elementor-widget-text-editor\" data-id=\"6ff51b73\" data-element_type=\"widget\" data-widget_type=\"text-editor.default\">\n\t\t\t\t<div class=\"elementor-widget-container\">\n\t\t\t\t\t\t\t\t\t<div class=\"col-lg-12 col-md-12 col-sm-12 col-xs-12\">\n<h2><span>Foyer au gaz \u00e0 \u00e9vacuation directe et \u00e0 d\u00e9gagement z\u00e9ro<\/span><\/h2>\n<\/div>\n<div class=\"col-lg-9 col-md-10 col-sm-12 col-xs-12\">\n<p>Quand la vue est aussi belle, vous voulez pouvoir la voir sous tous les angles.&nbsp;C&#8217;est pourquoi l&#8217;&nbsp;&nbsp;<strong>ATRIUM<\/strong>&nbsp;de Marquis est une option design \u00e0 trois c\u00f4t\u00e9s id\u00e9ale pour diviser les espaces de divertissement et cr\u00e9er un maximum d&#8217;impact et de chaleur.&nbsp;Notre p\u00e9ninsule peut \u00eatre personnalis\u00e9e avec votre choix de rev\u00eatement de brique, de bois flott\u00e9, de b\u00fbches, de braises de verre ou de roches.<\/p>\n<h3><span>Caract\u00e9ristiques standards<\/span><\/h3>\n<ul>\n<li><span>Appareil Clean View d\u00e9di\u00e9<\/span><\/li>\n<li><span>Le syst\u00e8me de valve millivolt ou IPI permet un fonctionnement pendant une panne de courant avec un r\u00e9glage de la chaleur et de la flamme haute\/basse.<\/span><\/li>\n<li><span>Barri\u00e8re d&#8217;\u00e9cran de s\u00e9curit\u00e9<\/span><\/li><\/ul>\n<h3><span>Caract\u00e9ristiques optionnelles<\/span><\/h3>\n<h4><span>DOUBLURES<\/span><\/h4>\n<p><span>Brique r\u00e9fl\u00e9chissante ou traditionnelle en porcelaine<\/span><\/p>\n<h4><span>OPTIONS DE SUPPORT (PLATEAU EN VERRE REQUIS)&nbsp;:<\/span><\/h4>\n<p><span>wiRoches contemporaines, pierres d\u00e9coratives, braises d\u00e9coratives en verre (glace de glacier, bleu cobalt, noir, bronze, blanc), morceaux de braises ou boulets de canon multicolores<\/span><\/p>\n<h4><span>ENSEMBLES DE B\u00dbCHES (GRILLE \u00c0 B\u00dbCHES OU PLATEAU EN VERRE REQUIS)&nbsp;:<\/span><\/h4>\n<p><span>Deux ensembles de bois flott\u00e9 (7 ou 8 pi\u00e8ces), deux ensembles de ch\u00eane (8 pi\u00e8ces)<\/span><\/p>\n<h4><span>\u00c9CLAIRAGE D&#8217;ACCENTUATION<\/span><\/h4>\n<p><span>\u00c0 utiliser avec le plateau en verre<\/span><\/p>\n<h4><span>THERMOSTAT<\/span><\/h4>\n<p><span>Thermostat millivolt \u00e0 montage mural ou thermostat programmable<\/span><\/p>\n<h4><span>T\u00c9L\u00c9COMMANDES<\/span><\/h4>\n<p><span>Thermostat marche\/arr\u00eat, Thermostat marche\/arr\u00eat modulant, Thermostat marche\/arr\u00eat modulant et contr\u00f4le de la lumi\u00e8re<\/span><\/p>\n<\/div>\t\t\t\t\t\t\t\t<\/div>\n\t\t\t\t<\/div>\n\t\t\t\t\t<\/div>\n\t\t<\/div>\n\t\t\t\t\t<\/div>\n\t\t<\/section>\n\t\t\t\t<section class=\"elementor-section elementor-top-section elementor-element elementor-element-8a5c59d elementor-section-boxed elementor-section-height-default elementor-section-height-default\" data-id=\"8a5c59d\" data-element_type=\"section\">\n\t\t\t\t\t\t<div class=\"elementor-container elementor-column-gap-default\">\n\t\t\t\t\t<div class=\"elementor-column elementor-col-100 elementor-top-column elementor-element elementor-element-3123c4e\" data-id=\"3123c4e\" data-element_type=\"column\">\n\t\t\t<div class=\"elementor-widget-wrap elementor-element-populated\">\n\t\t\t\t\t\t<div class=\"elementor-element elementor-element-cb2afb0 elementor-tabs-view-horizontal elementor-widget elementor-widget-tabs\" data-id=\"cb2afb0\" data-element_type=\"widget\" data-widget_type=\"tabs.default\">\n\t\t\t\t<div class=\"elementor-widget-container\">\n\t\t\t\t\t\t\t<div class=\"elementor-tabs\">\n\t\t\t<div class=\"elementor-tabs-wrapper\" role=\"tablist\" >\n\t\t\t\t\t\t\t\t\t<div id=\"elementor-tab-title-2131\" class=\"elementor-tab-title elementor-tab-desktop-title\" aria-selected=\"true\" data-tab=\"1\" role=\"tab\" tabindex=\"0\" aria-controls=\"elementor-tab-content-2131\" aria-expanded=\"false\">Fichiers<\/div>\n\t\t\t\t\t\t\t<\/div>\n\t\t\t<div class=\"elementor-tabs-content-wrapper\" role=\"tablist\" aria-orientation=\"vertical\">\n\t\t\t\t\t\t\t\t\t<div class=\"elementor-tab-title elementor-tab-mobile-title\" aria-selected=\"true\" data-tab=\"1\" role=\"tab\" tabindex=\"0\" aria-controls=\"elementor-tab-content-2131\" aria-expanded=\"false\">Fichiers<\/div>\n\t\t\t\t\t<div id=\"elementor-tab-content-2131\" class=\"elementor-tab-content elementor-clearfix\" data-tab=\"1\" role=\"tabpanel\" aria-labelledby=\"elementor-tab-title-2131\" tabindex=\"0\" hidden=\"false\"><i class=\"far fa-file-pdf fa-xl\" style=\"font-size:35px\"><\/i><a href=\"https:\/\/www.belleflamme.ca\/wp-content\/uploads\/2023\/02\/Manuel-Atrium-1.pdf\"> Manuel Atrium<\/a><\/br>\n<i class=\"far fa-file-pdf fa-xl\" style=\"font-size:35px\"><\/i><a href=\"https:\/\/www.belleflamme.ca\/wp-content\/uploads\/2023\/02\/Brochure-Atrium-1.pdf\"> \n Brochure Atrium<\/a>\n<\/div>\n\t\t\t\t\t\t\t<\/div>\n\t\t<\/div>\n\t\t\t\t\t\t<\/div>\n\t\t\t\t<\/div>\n\t\t\t\t\t<\/div>\n\t\t<\/div>\n\t\t\t\t\t<\/div>\n\t\t<\/section>\n\t\t\t\t<\/div>\n\t\t","protected":false},"excerpt":{"rendered":"<p><i class=\"far fa-file-pdf fa-xl\" style=\"font-size: 35px;\"><\/i><a href=\"https:\/\/www.belleflamme.ca\/wp-content\/uploads\/2023\/02\/Brochure-Atrium-1.pdf\"> Brochure Atrium<\/a><br \/>\n<i class=\"far fa-file-pdf fa-xl\" style=\"font-size: 35px;\"><\/i><a href=\"https:\/\/www.belleflamme.ca\/wp-content\/uploads\/2023\/02\/Manuel-Atrium-1.pdf\"> Manuel Atrium<\/a><\/p>\n","protected":false},"featured_media":3635,"template":"","meta":{"inline_featured_image":false},"product_brand":[217],"product_cat":[33,35,37],"product_tag":[],"class_list":{"0":"post-3130","1":"product","2":"type-product","3":"status-publish","4":"has-post-thumbnail","6":"product_brand-marquis","7":"product_cat-poeles-et-foyers","8":"product_cat-poeles-foyer-au-gaz","9":"product_cat-foyer-au-gaz","11":"first","12":"instock","13":"taxable","14":"shipping-taxable","15":"purchasable","16":"product-type-variable"},"yoast_head":"<!-- This site is optimized with the Yoast SEO Premium plugin v24.2 (Yoast SEO v24.2) - https:\/\/yoast.com\/wordpress\/plugins\/seo\/ -->\n<title>Atrium le foyer au Gaz 3 faces de Marquis - Groupe BelleFlamme<\/title>\n<meta name=\"description\" content=\"Atrium le foyer au Gaz 3 faces de Marquis vendu et install\u00e9 par le Groupe Belleflamme. Laval, Montr\u00e9al, Gatineau, Drummondville et Saint-Sauveur.\" \/>\n<meta name=\"robots\" content=\"index, follow, max-snippet:-1, max-image-preview:large, max-video-preview:-1\" \/>\n<link rel=\"canonical\" href=\"https:\/\/staging.belleflamme.ca\/fr\/produit\/atrium-le-foyer-3-faces\/\" \/>\n<meta property=\"og:locale\" content=\"fr_FR\" \/>\n<meta property=\"og:type\" content=\"article\" \/>\n<meta property=\"og:title\" content=\"Atrium le foyer au Gaz 3 faces de Marquis\" \/>\n<meta property=\"og:description\" content=\"Atrium le foyer au Gaz 3 faces de Marquis vendu et install\u00e9 par le Groupe Belleflamme. Laval, Montr\u00e9al, Gatineau, Drummondville et Saint-Sauveur.\" \/>\n<meta property=\"og:url\" content=\"https:\/\/staging.belleflamme.ca\/fr\/produit\/atrium-le-foyer-3-faces\/\" \/>\n<meta property=\"og:site_name\" content=\"Groupe BelleFlamme\" \/>\n<meta property=\"article:publisher\" content=\"https:\/\/www.facebook.com\/belleflamme.ca\/\" \/>\n<meta property=\"article:modified_time\" content=\"2025-04-03T13:05:21+00:00\" \/>\n<meta property=\"og:image\" content=\"https:\/\/www.belleflamme.ca\/wp-content\/uploads\/2023\/02\/Atrium-Driftwood-scaled-1.jpg\" \/>\n\t<meta property=\"og:image:width\" content=\"2560\" \/>\n\t<meta property=\"og:image:height\" content=\"1673\" \/>\n\t<meta property=\"og:image:type\" content=\"image\/jpeg\" \/>\n<meta name=\"twitter:card\" content=\"summary_large_image\" \/>\n<meta name=\"twitter:label1\" content=\"Disponibilit\u00e9\" \/>\n\t<meta name=\"twitter:data1\" content=\"En stock\" \/>\n<script type=\"application\/ld+json\" class=\"yoast-schema-graph\">{\"@context\":\"https:\/\/schema.org\",\"@graph\":[{\"@type\":[\"WebPage\",\"ItemPage\"],\"@id\":\"https:\/\/staging.belleflamme.ca\/fr\/produit\/atrium-le-foyer-3-faces\/\",\"url\":\"https:\/\/staging.belleflamme.ca\/fr\/produit\/atrium-le-foyer-3-faces\/\",\"name\":\"Atrium le foyer au Gaz 3 faces de Marquis - Groupe BelleFlamme\",\"isPartOf\":{\"@id\":\"https:\/\/www.belleflamme.ca\/fr\/#website\"},\"primaryImageOfPage\":{\"@id\":\"https:\/\/staging.belleflamme.ca\/fr\/produit\/atrium-le-foyer-3-faces\/#primaryimage\"},\"image\":{\"@id\":\"https:\/\/staging.belleflamme.ca\/fr\/produit\/atrium-le-foyer-3-faces\/#primaryimage\"},\"thumbnailUrl\":\"https:\/\/staging.belleflamme.ca\/wp-content\/uploads\/2023\/02\/Atrium-Driftwood-scaled-1.jpg\",\"datePublished\":\"2023-02-07T17:36:56+00:00\",\"dateModified\":\"2025-04-03T13:05:21+00:00\",\"description\":\"Atrium le foyer au Gaz 3 faces de Marquis [get_meta_en_fr]\",\"breadcrumb\":{\"@id\":\"https:\/\/staging.belleflamme.ca\/fr\/produit\/atrium-le-foyer-3-faces\/#breadcrumb\"},\"inLanguage\":\"fr-FR\",\"potentialAction\":[{\"@type\":\"ReadAction\",\"target\":[\"https:\/\/staging.belleflamme.ca\/fr\/produit\/atrium-le-foyer-3-faces\/\"]}]},{\"@type\":\"ImageObject\",\"inLanguage\":\"fr-FR\",\"@id\":\"https:\/\/staging.belleflamme.ca\/fr\/produit\/atrium-le-foyer-3-faces\/#primaryimage\",\"url\":\"https:\/\/staging.belleflamme.ca\/wp-content\/uploads\/2023\/02\/Atrium-Driftwood-scaled-1.jpg\",\"contentUrl\":\"https:\/\/staging.belleflamme.ca\/wp-content\/uploads\/2023\/02\/Atrium-Driftwood-scaled-1.jpg\",\"width\":2560,\"height\":1673,\"caption\":\"Atrium marquis\"},{\"@type\":\"BreadcrumbList\",\"@id\":\"https:\/\/staging.belleflamme.ca\/fr\/produit\/atrium-le-foyer-3-faces\/#breadcrumb\",\"itemListElement\":[{\"@type\":\"ListItem\",\"position\":1,\"name\":\"Accueil\",\"item\":\"https:\/\/www.belleflamme.ca\/fr\/\"},{\"@type\":\"ListItem\",\"position\":2,\"name\":\"Boutique\",\"item\":\"https:\/\/www.belleflamme.ca\/fr\/boutique\/\"},{\"@type\":\"ListItem\",\"position\":3,\"name\":\"Po\u00eales &amp; Foyers\",\"item\":\"https:\/\/staging.belleflamme.ca\/fr\/categories\/poeles-et-foyers\/\"},{\"@type\":\"ListItem\",\"position\":4,\"name\":\"Po\u00eale &amp; Foyer au Gaz\",\"item\":\"https:\/\/staging.belleflamme.ca\/fr\/categories\/poeles-et-foyers\/poeles-foyer-au-gaz\/\"},{\"@type\":\"ListItem\",\"position\":5,\"name\":\"Foyer au Gaz\",\"item\":\"https:\/\/staging.belleflamme.ca\/fr\/categories\/poeles-et-foyers\/poeles-foyer-au-gaz\/foyer-au-gaz\/\"},{\"@type\":\"ListItem\",\"position\":6,\"name\":\"Atrium le foyer au Gaz 3 faces de Marquis\"}]},{\"@type\":\"WebSite\",\"@id\":\"https:\/\/www.belleflamme.ca\/fr\/#website\",\"url\":\"https:\/\/www.belleflamme.ca\/fr\/\",\"name\":\"Groupe Belleflamme\",\"description\":\"La m\u00e9canique du b\u00e2timent dans le sang.\",\"publisher\":{\"@id\":\"https:\/\/www.belleflamme.ca\/fr\/#organization\"},\"potentialAction\":[{\"@type\":\"SearchAction\",\"target\":{\"@type\":\"EntryPoint\",\"urlTemplate\":\"https:\/\/www.belleflamme.ca\/fr\/?s={search_term_string}\"},\"query-input\":{\"@type\":\"PropertyValueSpecification\",\"valueRequired\":true,\"valueName\":\"search_term_string\"}}],\"inLanguage\":\"fr-FR\"},{\"@type\":[\"Organization\",\"Place\"],\"@id\":\"https:\/\/www.belleflamme.ca\/fr\/#organization\",\"name\":\"Groupe Belleflamme\",\"alternateName\":\"Belleflamme\",\"url\":\"https:\/\/www.belleflamme.ca\/fr\/\",\"logo\":{\"@type\":\"ImageObject\",\"inLanguage\":\"fr-FR\",\"@id\":\"https:\/\/www.belleflamme.ca\/fr\/#\/schema\/logo\/image\/\",\"url\":\"https:\/\/staging.belleflamme.ca\/wp-content\/uploads\/2023\/01\/og-image.jpg\",\"contentUrl\":\"https:\/\/staging.belleflamme.ca\/wp-content\/uploads\/2023\/01\/og-image.jpg\",\"width\":1200,\"height\":630,\"caption\":\"Groupe Belleflamme\"},\"image\":{\"@id\":\"https:\/\/www.belleflamme.ca\/fr\/#\/schema\/logo\/image\/\"},\"sameAs\":[\"https:\/\/www.facebook.com\/belleflamme.ca\/\",\"https:\/\/www.linkedin.com\/company\/belleflamme\/\",\"https:\/\/www.pinterest.ca\/groupebelleflamme\/\",\"https:\/\/www.instagram.com\/legroupebelleflamme\/\"],\"mainEntityOfPage\":{\"@id\":\"https:\/\/staging.belleflamme.ca\/fr\/produit\/atrium-le-foyer-3-faces\/\"}}]}<\/script>\n<meta property=\"product:brand\" content=\"Marquis\" \/>\n<meta property=\"og:availability\" content=\"instock\" \/>\n<meta property=\"product:availability\" content=\"instock\" \/>\n<meta property=\"product:condition\" content=\"new\" \/>\n<!-- \/ Yoast SEO Premium plugin. -->","yoast_head_json":{"title":"Atrium le foyer au Gaz 3 faces de Marquis - Groupe BelleFlamme","description":"Atrium le foyer au Gaz 3 faces de Marquis vendu et install\u00e9 par le Groupe Belleflamme. Laval, Montr\u00e9al, Gatineau, Drummondville et Saint-Sauveur.","robots":{"index":"index","follow":"follow","max-snippet":"max-snippet:-1","max-image-preview":"max-image-preview:large","max-video-preview":"max-video-preview:-1"},"canonical":"https:\/\/staging.belleflamme.ca\/fr\/produit\/atrium-le-foyer-3-faces\/","og_locale":"fr_FR","og_type":"article","og_title":"Atrium le foyer au Gaz 3 faces de Marquis","og_description":"Atrium le foyer au Gaz 3 faces de Marquis vendu et install\u00e9 par le Groupe Belleflamme. Laval, Montr\u00e9al, Gatineau, Drummondville et Saint-Sauveur.","og_url":"https:\/\/staging.belleflamme.ca\/fr\/produit\/atrium-le-foyer-3-faces\/","og_site_name":"Groupe BelleFlamme","article_publisher":"https:\/\/www.facebook.com\/belleflamme.ca\/","article_modified_time":"2025-04-03T13:05:21+00:00","og_image":[{"width":2560,"height":1673,"url":"https:\/\/www.belleflamme.ca\/wp-content\/uploads\/2023\/02\/Atrium-Driftwood-scaled-1.jpg","type":"image\/jpeg"}],"twitter_card":"summary_large_image","twitter_misc":{"Disponibilit\u00e9":"En stock"},"schema":{"@context":"https:\/\/schema.org","@graph":[{"@type":["WebPage","ItemPage"],"@id":"https:\/\/staging.belleflamme.ca\/fr\/produit\/atrium-le-foyer-3-faces\/","url":"https:\/\/staging.belleflamme.ca\/fr\/produit\/atrium-le-foyer-3-faces\/","name":"Atrium le foyer au Gaz 3 faces de Marquis - Groupe BelleFlamme","isPartOf":{"@id":"https:\/\/www.belleflamme.ca\/fr\/#website"},"primaryImageOfPage":{"@id":"https:\/\/staging.belleflamme.ca\/fr\/produit\/atrium-le-foyer-3-faces\/#primaryimage"},"image":{"@id":"https:\/\/staging.belleflamme.ca\/fr\/produit\/atrium-le-foyer-3-faces\/#primaryimage"},"thumbnailUrl":"https:\/\/staging.belleflamme.ca\/wp-content\/uploads\/2023\/02\/Atrium-Driftwood-scaled-1.jpg","datePublished":"2023-02-07T17:36:56+00:00","dateModified":"2025-04-03T13:05:21+00:00","description":"Atrium le foyer au Gaz 3 faces de Marquis [get_meta_en_fr]","breadcrumb":{"@id":"https:\/\/staging.belleflamme.ca\/fr\/produit\/atrium-le-foyer-3-faces\/#breadcrumb"},"inLanguage":"fr-FR","potentialAction":[{"@type":"ReadAction","target":["https:\/\/staging.belleflamme.ca\/fr\/produit\/atrium-le-foyer-3-faces\/"]}]},{"@type":"ImageObject","inLanguage":"fr-FR","@id":"https:\/\/staging.belleflamme.ca\/fr\/produit\/atrium-le-foyer-3-faces\/#primaryimage","url":"https:\/\/staging.belleflamme.ca\/wp-content\/uploads\/2023\/02\/Atrium-Driftwood-scaled-1.jpg","contentUrl":"https:\/\/staging.belleflamme.ca\/wp-content\/uploads\/2023\/02\/Atrium-Driftwood-scaled-1.jpg","width":2560,"height":1673,"caption":"Atrium marquis"},{"@type":"BreadcrumbList","@id":"https:\/\/staging.belleflamme.ca\/fr\/produit\/atrium-le-foyer-3-faces\/#breadcrumb","itemListElement":[{"@type":"ListItem","position":1,"name":"Accueil","item":"https:\/\/www.belleflamme.ca\/fr\/"},{"@type":"ListItem","position":2,"name":"Boutique","item":"https:\/\/www.belleflamme.ca\/fr\/boutique\/"},{"@type":"ListItem","position":3,"name":"Po\u00eales &amp; Foyers","item":"https:\/\/staging.belleflamme.ca\/fr\/categories\/poeles-et-foyers\/"},{"@type":"ListItem","position":4,"name":"Po\u00eale &amp; Foyer au Gaz","item":"https:\/\/staging.belleflamme.ca\/fr\/categories\/poeles-et-foyers\/poeles-foyer-au-gaz\/"},{"@type":"ListItem","position":5,"name":"Foyer au Gaz","item":"https:\/\/staging.belleflamme.ca\/fr\/categories\/poeles-et-foyers\/poeles-foyer-au-gaz\/foyer-au-gaz\/"},{"@type":"ListItem","position":6,"name":"Atrium le foyer au Gaz 3 faces de Marquis"}]},{"@type":"WebSite","@id":"https:\/\/www.belleflamme.ca\/fr\/#website","url":"https:\/\/www.belleflamme.ca\/fr\/","name":"Groupe Belleflamme","description":"La m\u00e9canique du b\u00e2timent dans le sang.","publisher":{"@id":"https:\/\/www.belleflamme.ca\/fr\/#organization"},"potentialAction":[{"@type":"SearchAction","target":{"@type":"EntryPoint","urlTemplate":"https:\/\/www.belleflamme.ca\/fr\/?s={search_term_string}"},"query-input":{"@type":"PropertyValueSpecification","valueRequired":true,"valueName":"search_term_string"}}],"inLanguage":"fr-FR"},{"@type":["Organization","Place"],"@id":"https:\/\/www.belleflamme.ca\/fr\/#organization","name":"Groupe Belleflamme","alternateName":"Belleflamme","url":"https:\/\/www.belleflamme.ca\/fr\/","logo":{"@type":"ImageObject","inLanguage":"fr-FR","@id":"https:\/\/www.belleflamme.ca\/fr\/#\/schema\/logo\/image\/","url":"https:\/\/staging.belleflamme.ca\/wp-content\/uploads\/2023\/01\/og-image.jpg","contentUrl":"https:\/\/staging.belleflamme.ca\/wp-content\/uploads\/2023\/01\/og-image.jpg","width":1200,"height":630,"caption":"Groupe Belleflamme"},"image":{"@id":"https:\/\/www.belleflamme.ca\/fr\/#\/schema\/logo\/image\/"},"sameAs":["https:\/\/www.facebook.com\/belleflamme.ca\/","https:\/\/www.linkedin.com\/company\/belleflamme\/","https:\/\/www.pinterest.ca\/groupebelleflamme\/","https:\/\/www.instagram.com\/legroupebelleflamme\/"],"mainEntityOfPage":{"@id":"https:\/\/staging.belleflamme.ca\/fr\/produit\/atrium-le-foyer-3-faces\/"}}]},"product_brand":"Marquis","og_availability":"instock","product_availability":"instock","product_condition":"new"},"_links":{"self":[{"href":"https:\/\/staging.belleflamme.ca\/fr\/wp-json\/wp\/v2\/product\/3130","targetHints":{"allow":["GET"]}}],"collection":[{"href":"https:\/\/staging.belleflamme.ca\/fr\/wp-json\/wp\/v2\/product"}],"about":[{"href":"https:\/\/staging.belleflamme.ca\/fr\/wp-json\/wp\/v2\/types\/product"}],"version-history":[{"count":14,"href":"https:\/\/staging.belleflamme.ca\/fr\/wp-json\/wp\/v2\/product\/3130\/revisions"}],"predecessor-version":[{"id":43686,"href":"https:\/\/staging.belleflamme.ca\/fr\/wp-json\/wp\/v2\/product\/3130\/revisions\/43686"}],"wp:featuredmedia":[{"embeddable":true,"href":"https:\/\/staging.belleflamme.ca\/fr\/wp-json\/wp\/v2\/media\/3635"}],"wp:attachment":[{"href":"https:\/\/staging.belleflamme.ca\/fr\/wp-json\/wp\/v2\/media?parent=3130"}],"wp:term":[{"taxonomy":"product_brand","embeddable":true,"href":"https:\/\/staging.belleflamme.ca\/fr\/wp-json\/wp\/v2\/product_brand?post=3130"},{"taxonomy":"product_cat","embeddable":true,"href":"https:\/\/staging.belleflamme.ca\/fr\/wp-json\/wp\/v2\/product_cat?post=3130"},{"taxonomy":"product_tag","embeddable":true,"href":"https:\/\/staging.belleflamme.ca\/fr\/wp-json\/wp\/v2\/product_tag?post=3130"}],"curies":[{"name":"wp","href":"https:\/\/api.w.org\/{rel}","templated":true}]}}