{"id":31164,"date":"2024-03-19T15:53:16","date_gmt":"2024-03-19T19:53:16","guid":{"rendered":"https:\/\/www.belleflamme.ca\/?post_type=product&#038;p=31164"},"modified":"2025-03-31T07:53:19","modified_gmt":"2025-03-31T11:53:19","slug":"foyer-au-gaz-serie-6k-8k-de-heat-glo","status":"publish","type":"product","link":"https:\/\/staging.belleflamme.ca\/fr\/produit\/foyer-au-gaz-serie-6k-8k-de-heat-glo\/","title":{"rendered":"Foyer au Gaz s\u00e9rie 6K\/8K de Heat &#038; Glo"},"content":{"rendered":"\t\t<div data-elementor-type=\"product-post\" data-elementor-id=\"31164\" class=\"elementor elementor-31164\" data-elementor-post-type=\"product\">\n\t\t\t\t\t\t<section class=\"elementor-section elementor-top-section elementor-element elementor-element-2cc6dc66 elementor-section-boxed elementor-section-height-default elementor-section-height-default\" data-id=\"2cc6dc66\" data-element_type=\"section\">\n\t\t\t\t\t\t<div class=\"elementor-container elementor-column-gap-default\">\n\t\t\t\t\t<div class=\"elementor-column elementor-col-100 elementor-top-column elementor-element elementor-element-f69fd61\" data-id=\"f69fd61\" data-element_type=\"column\">\n\t\t\t<div class=\"elementor-widget-wrap elementor-element-populated\">\n\t\t\t\t\t\t<div class=\"elementor-element elementor-element-fc33c6c elementor-widget elementor-widget-video\" data-id=\"fc33c6c\" data-element_type=\"widget\" data-settings=\"{&quot;video_type&quot;:&quot;hosted&quot;,&quot;controls&quot;:&quot;yes&quot;}\" data-widget_type=\"video.default\">\n\t\t\t\t<div class=\"elementor-widget-container\">\n\t\t\t\t\t\t\t<div class=\"e-hosted-video elementor-wrapper elementor-open-inline\">\n\t\t\t\t\t<video class=\"elementor-video\" src=\"https:\/\/www.belleflamme.ca\/wp-content\/uploads\/2024\/03\/B0B84648-E037-4198-AE32BD79E85AD711.mp4\" controls=\"\" preload=\"metadata\" controlsList=\"nodownload\"><\/video>\n\t\t\t\t<\/div>\n\t\t\t\t\t\t<\/div>\n\t\t\t\t<\/div>\n\t\t\t\t<div class=\"elementor-element elementor-element-2e1d2a17 elementor-widget elementor-widget-text-editor\" data-id=\"2e1d2a17\" data-element_type=\"widget\" data-widget_type=\"text-editor.default\">\n\t\t\t\t<div class=\"elementor-widget-container\">\n\t\t\t\t\t\t\t\t\t<h2 class=\"h200\"><span>Rentrez \u00e0 la maison avec le feu parfait<\/span><\/h2>\r\n<span>La s\u00e9rie 6K\/8K, le foyer au gaz le plus vendu de sa cat\u00e9gorie, ram\u00e8ne de beaux moments avec l&#8217;apparence et la sensation d&#8217;un feu traditionnel.\u00a0<\/span><span>Une vue \u00e9tendue, des choix de conception avant-gardistes, une commande vocale et une gestion de la chaleur cr\u00e9ent une exp\u00e9rience de luxe dont vous pourrez profiter toute l&#8217;ann\u00e9e.<\/span>\r\n<div class=\"productFeatureListHeader\">\r\n<h2 class=\"h200\"><span>Caract\u00e9ristiques<\/span><\/h2>\r\n<\/div>\r\n<div class=\"features\">\r\n<div class=\"featureItem\">\r\n<div class=\"featureDescription\">\r\n<h3 class=\"h600\"><span>TECHNOLOGIE DE VENTILATION DIRECTE<\/span><\/h3>\r\n<span>\u00c9limine efficacement et efficacement toutes les fum\u00e9es ou gaz d&#8217;\u00e9chappement de combustion de votre maison.<\/span>\r\n\r\n<\/div>\r\n<\/div>\r\n<div class=\"featureItem\">\r\n<div class=\"featureDescription\">\r\n<h3 class=\"h600\"><span>INTELLIFIRE TOUCH\u00ae<\/span><\/h3>\r\n<span>Contr\u00f4lez votre foyer avec l&#8217;application IntelliFire, le haut-parleur intelligent, la t\u00e9l\u00e9commande \u00e0 \u00e9cran tactile ou l&#8217;interrupteur mural sans fil.<\/span>\r\n\r\n<\/div>\r\n<\/div>\r\n<div class=\"featureItem\">\r\n<div class=\"featureDescription\">\r\n<h3 class=\"h600\"><span>THERMOSTAT DYNAMIQUE<\/span><\/h3>\r\n<span>Diminue les flammes avec la hausse des temp\u00e9ratures pour maintenir le niveau de confort.<\/span>\r\n\r\n<\/div>\r\n<\/div>\r\n<div class=\"featureItem\">\r\n<div class=\"featureDescription\">\r\n<h3 class=\"h600\"><span>GESTION DE LA CHALEUR<\/span><\/h3>\r\n<span>Mettez la chaleur o\u00f9 vous le voulez, quand vous le voulez.<\/span>\r\n\r\n<\/div>\r\n<\/div>\r\n<\/div>\r\n<img fetchpriority=\"high\" decoding=\"async\" class=\"alignnone size-full wp-image-31179\" src=\"https:\/\/www.belleflamme.ca\/wp-content\/uploads\/2024\/03\/2024-03-19-15_48_45-6K_8K-Series-Traditional-Gas-Fireplace-_-Heat-Glo.png\" alt=\"\" width=\"820\" height=\"629\" srcset=\"https:\/\/staging.belleflamme.ca\/wp-content\/uploads\/2024\/03\/2024-03-19-15_48_45-6K_8K-Series-Traditional-Gas-Fireplace-_-Heat-Glo.png 820w, https:\/\/staging.belleflamme.ca\/wp-content\/uploads\/2024\/03\/2024-03-19-15_48_45-6K_8K-Series-Traditional-Gas-Fireplace-_-Heat-Glo-300x230.png 300w, https:\/\/staging.belleflamme.ca\/wp-content\/uploads\/2024\/03\/2024-03-19-15_48_45-6K_8K-Series-Traditional-Gas-Fireplace-_-Heat-Glo-768x589.png 768w\" sizes=\"(max-width: 820px) 100vw, 820px\" \/>\r\n<table class=\"table table-striped table-bordered\">\r\n<tbody>\r\n<tr>\r\n<th><span>Mod\u00e8le<\/span><\/th>\r\n<td><span>Foyer au gaz 6K &#8211; DV<\/span><\/td>\r\n<\/tr>\r\n<tr>\r\n<th><span>Largeur du cadre<\/span><\/th>\r\n<td><span>42&#8243;<\/span><\/td>\r\n<\/tr>\r\n<tr>\r\n<th><span>Profondeur du cadrage<\/span><\/th>\r\n<td><span>22&#8243;<\/span><\/td>\r\n<\/tr>\r\n<tr>\r\n<th><span>Hauteur du cadre<\/span><\/th>\r\n<td><span>40 1\/8&#8243;<\/span><\/td>\r\n<\/tr>\r\n<tr>\r\n<th><span>Entr\u00e9e BTU\/h<\/span><\/th>\r\n<td><span>30 000 (NG) : 29 000 (LP)<\/span><\/td>\r\n<\/tr>\r\n<tr>\r\n<th><span>Zone de visualisation<\/span><\/th>\r\n<td><span>34 1\/4&#215;24 3\/4&#8243;<\/span><\/td>\r\n<\/tr>\r\n<\/tbody>\r\n<\/table>\r\n&nbsp;\r\n<table class=\"table table-striped table-bordered\">\r\n<tbody>\r\n<tr>\r\n<th><span>Mod\u00e8le<\/span><\/th>\r\n<td><span>Foyer au gaz 8K 42 &#8211; DV<\/span><\/td>\r\n<\/tr>\r\n<tr>\r\n<th><span>Largeur du cadre<\/span><\/th>\r\n<td><span>49&#8243;<\/span><\/td>\r\n<\/tr>\r\n<tr>\r\n<th><span>Profondeur du cadrage<\/span><\/th>\r\n<td><span>22&#8243;<\/span><\/td>\r\n<\/tr>\r\n<tr>\r\n<th><span>Hauteur du cadre<\/span><\/th>\r\n<td><span>42 1\/8&#8243;<\/span><\/td>\r\n<\/tr>\r\n<tr>\r\n<th><span>Entr\u00e9e BTU\/h<\/span><\/th>\r\n<td><span>35 000 (NG) : 34 000 (LP)<\/span><\/td>\r\n<\/tr>\r\n<tr>\r\n<th><span>Zone de visualisation<\/span><\/th>\r\n<td><span>41 1\/4 x 26 11\/16&#8243;<\/span><\/td>\r\n<\/tr>\r\n<\/tbody>\r\n<\/table>\r\n&nbsp;\t\t\t\t\t\t\t\t<\/div>\n\t\t\t\t<\/div>\n\t\t\t\t\t<\/div>\n\t\t<\/div>\n\t\t\t\t\t<\/div>\n\t\t<\/section>\n\t\t\t\t<section class=\"elementor-section elementor-top-section elementor-element elementor-element-f0b3ee7 elementor-section-boxed elementor-section-height-default elementor-section-height-default\" data-id=\"f0b3ee7\" data-element_type=\"section\">\n\t\t\t\t\t\t<div class=\"elementor-container elementor-column-gap-default\">\n\t\t\t\t\t<div class=\"elementor-column elementor-col-100 elementor-top-column elementor-element elementor-element-cb6c822\" data-id=\"cb6c822\" data-element_type=\"column\">\n\t\t\t<div class=\"elementor-widget-wrap elementor-element-populated\">\n\t\t\t\t\t\t<div class=\"elementor-element elementor-element-0333a21 elementor-tabs-view-horizontal elementor-widget elementor-widget-tabs\" data-id=\"0333a21\" data-element_type=\"widget\" data-widget_type=\"tabs.default\">\n\t\t\t\t<div class=\"elementor-widget-container\">\n\t\t\t\t\t\t\t<div class=\"elementor-tabs\">\n\t\t\t<div class=\"elementor-tabs-wrapper\" role=\"tablist\" >\n\t\t\t\t\t\t\t\t\t<div id=\"elementor-tab-title-3351\" class=\"elementor-tab-title elementor-tab-desktop-title\" aria-selected=\"true\" data-tab=\"1\" role=\"tab\" tabindex=\"0\" aria-controls=\"elementor-tab-content-3351\" aria-expanded=\"false\">Fichiers<\/div>\n\t\t\t\t\t\t\t<\/div>\n\t\t\t<div class=\"elementor-tabs-content-wrapper\" role=\"tablist\" aria-orientation=\"vertical\">\n\t\t\t\t\t\t\t\t\t<div class=\"elementor-tab-title elementor-tab-mobile-title\" aria-selected=\"true\" data-tab=\"1\" role=\"tab\" tabindex=\"0\" aria-controls=\"elementor-tab-content-3351\" aria-expanded=\"false\">Fichiers<\/div>\n\t\t\t\t\t<div id=\"elementor-tab-content-3351\" class=\"elementor-tab-content elementor-clearfix\" data-tab=\"1\" role=\"tabpanel\" aria-labelledby=\"elementor-tab-title-3351\" tabindex=\"0\" hidden=\"false\"><i class=\"far fa-file-pdf fa-xl\" style=\"font-size:35px\"><\/i><a href=\"https:\/\/www.belleflamme.ca\/wp-content\/uploads\/2024\/03\/HNG-1179U_6K-8K_Series_brochure-1.pdf\"> Brochure<\/a><\/br>\n<i class=\"far fa-file-pdf fa-xl\" style=\"font-size:35px\"><\/i><a href=\"https:\/\/www.belleflamme.ca\/wp-content\/uploads\/2024\/03\/2581_980FR_6K_8K_INSTALL.pdf\"> Installation<\/a><\/br>\n<i class=\"far fa-file-pdf fa-xl\" style=\"font-size:35px\"><\/i><a href=\"https:\/\/www.belleflamme.ca\/wp-content\/uploads\/2024\/03\/2581_981FR_6K_8K_OWNER.pdf\"> Manuel<\/a><\/br>\n<i class=\"far fa-file-pdf fa-xl\" style=\"font-size:35px\"><\/i><a href=\"https:\/\/www.belleflamme.ca\/wp-content\/uploads\/2024\/03\/6K.pdf\"> Pi\u00e8ces 6K<\/a><\/br>\n<i class=\"far fa-file-pdf fa-xl\" style=\"font-size:35px\"><\/i><a href=\"https:\/\/www.belleflamme.ca\/wp-content\/uploads\/2024\/03\/8K.pdf\"> Pi\u00e8ces 8K<\/a><\/br>\n<i class=\"far fa-file-pdf fa-xl\" style=\"font-size:35px\"><\/i><a href=\"https:\/\/www.belleflamme.ca\/wp-content\/uploads\/2024\/03\/6K_ArchitectGuide.pdf\"> Dimensions 6K<\/a><\/br>\n<i class=\"far fa-file-pdf fa-xl\" style=\"font-size:35px\"><\/i><a href=\"https:\/\/www.belleflamme.ca\/wp-content\/uploads\/2024\/03\/8K_ArchitectGuide.pdf\"> Dimensions 8K<\/a><\/br><\/div>\n\t\t\t\t\t\t\t<\/div>\n\t\t<\/div>\n\t\t\t\t\t\t<\/div>\n\t\t\t\t<\/div>\n\t\t\t\t\t<\/div>\n\t\t<\/div>\n\t\t\t\t\t<\/div>\n\t\t<\/section>\n\t\t\t\t<\/div>\n\t\t","protected":false},"excerpt":{"rendered":"<p>https:\/\/www.belleflamme.ca\/wp-content\/uploads\/2024\/03\/B0B84648-E037-4198-AE32BD79E85AD711.mp4 Rentrez \u00e0 la maison avec le feu parfait La s\u00e9rie 6K\/8K, le foyer au gaz le plus vendu de sa cat\u00e9gorie, ram\u00e8ne de beaux moments avec l&#8217;apparence et la sensation d&#8217;un feu traditionnel.\u00a0Une vue \u00e9tendue, des choix de conception avant-gardistes, une commande vocale et une gestion de la chaleur cr\u00e9ent une exp\u00e9rience de luxe [&hellip;]<\/p>\n","protected":false},"featured_media":31165,"template":"","meta":{"inline_featured_image":false},"product_brand":[1241],"product_cat":[33,35,37],"product_tag":[],"class_list":{"0":"post-31164","1":"product","2":"type-product","3":"status-publish","4":"has-post-thumbnail","6":"product_brand-heat-glo","7":"product_cat-poeles-et-foyers","8":"product_cat-poeles-foyer-au-gaz","9":"product_cat-foyer-au-gaz","11":"first","12":"instock","13":"taxable","14":"shipping-taxable","15":"purchasable","16":"product-type-variable"},"yoast_head":"<!-- This site is optimized with the Yoast SEO Premium plugin v24.2 (Yoast SEO v24.2) - https:\/\/yoast.com\/wordpress\/plugins\/seo\/ -->\n<title>Foyer au Gaz s\u00e9rie 6K\/8K de Heat &amp; Glo - Groupe BelleFlamme<\/title>\n<meta name=\"description\" content=\"Foyer au Gaz s\u00e9rie 6K 8K de Heat &amp; Glo vendu et install\u00e9 par le Groupe Belleflamme. Laval, Montr\u00e9al, Gatineau et Saint-Sauveur.\" \/>\n<meta name=\"robots\" content=\"index, follow, max-snippet:-1, max-image-preview:large, max-video-preview:-1\" \/>\n<link rel=\"canonical\" href=\"https:\/\/staging.belleflamme.ca\/fr\/produit\/foyer-au-gaz-serie-6k-8k-de-heat-glo\/\" \/>\n<meta property=\"og:locale\" content=\"fr_FR\" \/>\n<meta property=\"og:type\" content=\"article\" \/>\n<meta property=\"og:title\" content=\"Foyer au Gaz s\u00e9rie 6K\/8K de Heat &amp; Glo\" \/>\n<meta property=\"og:description\" content=\"Foyer au Gaz s\u00e9rie 6K 8K de Heat &amp; Glo vendu et install\u00e9 par le Groupe Belleflamme. Laval, Montr\u00e9al, Gatineau et Saint-Sauveur.\" \/>\n<meta property=\"og:url\" content=\"https:\/\/staging.belleflamme.ca\/fr\/produit\/foyer-au-gaz-serie-6k-8k-de-heat-glo\/\" \/>\n<meta property=\"og:site_name\" content=\"Groupe BelleFlamme\" \/>\n<meta property=\"article:publisher\" content=\"https:\/\/www.facebook.com\/belleflamme.ca\/\" \/>\n<meta property=\"article:modified_time\" content=\"2025-03-31T11:53:19+00:00\" \/>\n<meta property=\"og:image\" content=\"https:\/\/www.belleflamme.ca\/wp-content\/uploads\/2024\/03\/Foyer-au-Gaz-serie-6K-8K-de-Heat-Glo.webp\" \/>\n\t<meta property=\"og:image:width\" content=\"800\" \/>\n\t<meta property=\"og:image:height\" content=\"450\" \/>\n\t<meta property=\"og:image:type\" content=\"image\/webp\" \/>\n<meta name=\"twitter:card\" content=\"summary_large_image\" \/>\n<meta name=\"twitter:label1\" content=\"Disponibilit\u00e9\" \/>\n\t<meta name=\"twitter:data1\" content=\"En stock\" \/>\n<script type=\"application\/ld+json\" class=\"yoast-schema-graph\">{\"@context\":\"https:\/\/schema.org\",\"@graph\":[{\"@type\":[\"WebPage\",\"ItemPage\"],\"@id\":\"https:\/\/staging.belleflamme.ca\/fr\/produit\/foyer-au-gaz-serie-6k-8k-de-heat-glo\/\",\"url\":\"https:\/\/staging.belleflamme.ca\/fr\/produit\/foyer-au-gaz-serie-6k-8k-de-heat-glo\/\",\"name\":\"Foyer au Gaz s\u00e9rie 6K\/8K de Heat & Glo - Groupe BelleFlamme\",\"isPartOf\":{\"@id\":\"https:\/\/www.belleflamme.ca\/fr\/#website\"},\"primaryImageOfPage\":{\"@id\":\"https:\/\/staging.belleflamme.ca\/fr\/produit\/foyer-au-gaz-serie-6k-8k-de-heat-glo\/#primaryimage\"},\"image\":{\"@id\":\"https:\/\/staging.belleflamme.ca\/fr\/produit\/foyer-au-gaz-serie-6k-8k-de-heat-glo\/#primaryimage\"},\"thumbnailUrl\":\"https:\/\/staging.belleflamme.ca\/wp-content\/uploads\/2024\/03\/Foyer-au-Gaz-serie-6K-8K-de-Heat-Glo.webp\",\"datePublished\":\"2024-03-19T19:53:16+00:00\",\"dateModified\":\"2025-03-31T11:53:19+00:00\",\"description\":\"Foyer au Gaz s\u00e9rie 6K 8K de Heat & Glo vendu et install\u00e9 par le Groupe Belleflamme. Laval, Montr\u00e9al, Gatineau et Saint-Sauveur.\",\"breadcrumb\":{\"@id\":\"https:\/\/staging.belleflamme.ca\/fr\/produit\/foyer-au-gaz-serie-6k-8k-de-heat-glo\/#breadcrumb\"},\"inLanguage\":\"fr-FR\",\"potentialAction\":[{\"@type\":\"ReadAction\",\"target\":[\"https:\/\/staging.belleflamme.ca\/fr\/produit\/foyer-au-gaz-serie-6k-8k-de-heat-glo\/\"]}]},{\"@type\":\"ImageObject\",\"inLanguage\":\"fr-FR\",\"@id\":\"https:\/\/staging.belleflamme.ca\/fr\/produit\/foyer-au-gaz-serie-6k-8k-de-heat-glo\/#primaryimage\",\"url\":\"https:\/\/staging.belleflamme.ca\/wp-content\/uploads\/2024\/03\/Foyer-au-Gaz-serie-6K-8K-de-Heat-Glo.webp\",\"contentUrl\":\"https:\/\/staging.belleflamme.ca\/wp-content\/uploads\/2024\/03\/Foyer-au-Gaz-serie-6K-8K-de-Heat-Glo.webp\",\"width\":800,\"height\":450,\"caption\":\"Foyer au Gaz s\u00e9rie 6K 8K de Heat & Glo\"},{\"@type\":\"BreadcrumbList\",\"@id\":\"https:\/\/staging.belleflamme.ca\/fr\/produit\/foyer-au-gaz-serie-6k-8k-de-heat-glo\/#breadcrumb\",\"itemListElement\":[{\"@type\":\"ListItem\",\"position\":1,\"name\":\"Accueil\",\"item\":\"https:\/\/www.belleflamme.ca\/fr\/\"},{\"@type\":\"ListItem\",\"position\":2,\"name\":\"Boutique\",\"item\":\"https:\/\/www.belleflamme.ca\/fr\/boutique\/\"},{\"@type\":\"ListItem\",\"position\":3,\"name\":\"Po\u00eales &amp; Foyers\",\"item\":\"https:\/\/staging.belleflamme.ca\/fr\/categories\/poeles-et-foyers\/\"},{\"@type\":\"ListItem\",\"position\":4,\"name\":\"Po\u00eale &amp; Foyer au Gaz\",\"item\":\"https:\/\/staging.belleflamme.ca\/fr\/categories\/poeles-et-foyers\/poeles-foyer-au-gaz\/\"},{\"@type\":\"ListItem\",\"position\":5,\"name\":\"Foyer au Gaz\",\"item\":\"https:\/\/staging.belleflamme.ca\/fr\/categories\/poeles-et-foyers\/poeles-foyer-au-gaz\/foyer-au-gaz\/\"},{\"@type\":\"ListItem\",\"position\":6,\"name\":\"Foyer au Gaz s\u00e9rie 6K\/8K de Heat &#038; Glo\"}]},{\"@type\":\"WebSite\",\"@id\":\"https:\/\/www.belleflamme.ca\/fr\/#website\",\"url\":\"https:\/\/www.belleflamme.ca\/fr\/\",\"name\":\"Groupe Belleflamme\",\"description\":\"La m\u00e9canique du b\u00e2timent dans le sang.\",\"publisher\":{\"@id\":\"https:\/\/www.belleflamme.ca\/fr\/#organization\"},\"potentialAction\":[{\"@type\":\"SearchAction\",\"target\":{\"@type\":\"EntryPoint\",\"urlTemplate\":\"https:\/\/www.belleflamme.ca\/fr\/?s={search_term_string}\"},\"query-input\":{\"@type\":\"PropertyValueSpecification\",\"valueRequired\":true,\"valueName\":\"search_term_string\"}}],\"inLanguage\":\"fr-FR\"},{\"@type\":[\"Organization\",\"Place\"],\"@id\":\"https:\/\/www.belleflamme.ca\/fr\/#organization\",\"name\":\"Groupe Belleflamme\",\"alternateName\":\"Belleflamme\",\"url\":\"https:\/\/www.belleflamme.ca\/fr\/\",\"logo\":{\"@type\":\"ImageObject\",\"inLanguage\":\"fr-FR\",\"@id\":\"https:\/\/www.belleflamme.ca\/fr\/#\/schema\/logo\/image\/\",\"url\":\"https:\/\/staging.belleflamme.ca\/wp-content\/uploads\/2023\/01\/og-image.jpg\",\"contentUrl\":\"https:\/\/staging.belleflamme.ca\/wp-content\/uploads\/2023\/01\/og-image.jpg\",\"width\":1200,\"height\":630,\"caption\":\"Groupe Belleflamme\"},\"image\":{\"@id\":\"https:\/\/www.belleflamme.ca\/fr\/#\/schema\/logo\/image\/\"},\"sameAs\":[\"https:\/\/www.facebook.com\/belleflamme.ca\/\",\"https:\/\/www.linkedin.com\/company\/belleflamme\/\",\"https:\/\/www.pinterest.ca\/groupebelleflamme\/\",\"https:\/\/www.instagram.com\/legroupebelleflamme\/\"],\"mainEntityOfPage\":{\"@id\":\"https:\/\/staging.belleflamme.ca\/fr\/produit\/foyer-au-gaz-serie-6k-8k-de-heat-glo\/\"}}]}<\/script>\n<meta property=\"product:brand\" content=\"Heat &amp; Glo\" \/>\n<meta property=\"og:availability\" content=\"instock\" \/>\n<meta property=\"product:availability\" content=\"instock\" \/>\n<meta property=\"product:condition\" content=\"new\" \/>\n<!-- \/ Yoast SEO Premium plugin. -->","yoast_head_json":{"title":"Foyer au Gaz s\u00e9rie 6K\/8K de Heat & Glo - Groupe BelleFlamme","description":"Foyer au Gaz s\u00e9rie 6K 8K de Heat & Glo vendu et install\u00e9 par le Groupe Belleflamme. Laval, Montr\u00e9al, Gatineau et Saint-Sauveur.","robots":{"index":"index","follow":"follow","max-snippet":"max-snippet:-1","max-image-preview":"max-image-preview:large","max-video-preview":"max-video-preview:-1"},"canonical":"https:\/\/staging.belleflamme.ca\/fr\/produit\/foyer-au-gaz-serie-6k-8k-de-heat-glo\/","og_locale":"fr_FR","og_type":"article","og_title":"Foyer au Gaz s\u00e9rie 6K\/8K de Heat & Glo","og_description":"Foyer au Gaz s\u00e9rie 6K 8K de Heat & Glo vendu et install\u00e9 par le Groupe Belleflamme. Laval, Montr\u00e9al, Gatineau et Saint-Sauveur.","og_url":"https:\/\/staging.belleflamme.ca\/fr\/produit\/foyer-au-gaz-serie-6k-8k-de-heat-glo\/","og_site_name":"Groupe BelleFlamme","article_publisher":"https:\/\/www.facebook.com\/belleflamme.ca\/","article_modified_time":"2025-03-31T11:53:19+00:00","og_image":[{"width":800,"height":450,"url":"https:\/\/www.belleflamme.ca\/wp-content\/uploads\/2024\/03\/Foyer-au-Gaz-serie-6K-8K-de-Heat-Glo.webp","type":"image\/webp"}],"twitter_card":"summary_large_image","twitter_misc":{"Disponibilit\u00e9":"En stock"},"schema":{"@context":"https:\/\/schema.org","@graph":[{"@type":["WebPage","ItemPage"],"@id":"https:\/\/staging.belleflamme.ca\/fr\/produit\/foyer-au-gaz-serie-6k-8k-de-heat-glo\/","url":"https:\/\/staging.belleflamme.ca\/fr\/produit\/foyer-au-gaz-serie-6k-8k-de-heat-glo\/","name":"Foyer au Gaz s\u00e9rie 6K\/8K de Heat & Glo - Groupe BelleFlamme","isPartOf":{"@id":"https:\/\/www.belleflamme.ca\/fr\/#website"},"primaryImageOfPage":{"@id":"https:\/\/staging.belleflamme.ca\/fr\/produit\/foyer-au-gaz-serie-6k-8k-de-heat-glo\/#primaryimage"},"image":{"@id":"https:\/\/staging.belleflamme.ca\/fr\/produit\/foyer-au-gaz-serie-6k-8k-de-heat-glo\/#primaryimage"},"thumbnailUrl":"https:\/\/staging.belleflamme.ca\/wp-content\/uploads\/2024\/03\/Foyer-au-Gaz-serie-6K-8K-de-Heat-Glo.webp","datePublished":"2024-03-19T19:53:16+00:00","dateModified":"2025-03-31T11:53:19+00:00","description":"Foyer au Gaz s\u00e9rie 6K 8K de Heat & Glo vendu et install\u00e9 par le Groupe Belleflamme. Laval, Montr\u00e9al, Gatineau et Saint-Sauveur.","breadcrumb":{"@id":"https:\/\/staging.belleflamme.ca\/fr\/produit\/foyer-au-gaz-serie-6k-8k-de-heat-glo\/#breadcrumb"},"inLanguage":"fr-FR","potentialAction":[{"@type":"ReadAction","target":["https:\/\/staging.belleflamme.ca\/fr\/produit\/foyer-au-gaz-serie-6k-8k-de-heat-glo\/"]}]},{"@type":"ImageObject","inLanguage":"fr-FR","@id":"https:\/\/staging.belleflamme.ca\/fr\/produit\/foyer-au-gaz-serie-6k-8k-de-heat-glo\/#primaryimage","url":"https:\/\/staging.belleflamme.ca\/wp-content\/uploads\/2024\/03\/Foyer-au-Gaz-serie-6K-8K-de-Heat-Glo.webp","contentUrl":"https:\/\/staging.belleflamme.ca\/wp-content\/uploads\/2024\/03\/Foyer-au-Gaz-serie-6K-8K-de-Heat-Glo.webp","width":800,"height":450,"caption":"Foyer au Gaz s\u00e9rie 6K 8K de Heat & Glo"},{"@type":"BreadcrumbList","@id":"https:\/\/staging.belleflamme.ca\/fr\/produit\/foyer-au-gaz-serie-6k-8k-de-heat-glo\/#breadcrumb","itemListElement":[{"@type":"ListItem","position":1,"name":"Accueil","item":"https:\/\/www.belleflamme.ca\/fr\/"},{"@type":"ListItem","position":2,"name":"Boutique","item":"https:\/\/www.belleflamme.ca\/fr\/boutique\/"},{"@type":"ListItem","position":3,"name":"Po\u00eales &amp; Foyers","item":"https:\/\/staging.belleflamme.ca\/fr\/categories\/poeles-et-foyers\/"},{"@type":"ListItem","position":4,"name":"Po\u00eale &amp; Foyer au Gaz","item":"https:\/\/staging.belleflamme.ca\/fr\/categories\/poeles-et-foyers\/poeles-foyer-au-gaz\/"},{"@type":"ListItem","position":5,"name":"Foyer au Gaz","item":"https:\/\/staging.belleflamme.ca\/fr\/categories\/poeles-et-foyers\/poeles-foyer-au-gaz\/foyer-au-gaz\/"},{"@type":"ListItem","position":6,"name":"Foyer au Gaz s\u00e9rie 6K\/8K de Heat &#038; Glo"}]},{"@type":"WebSite","@id":"https:\/\/www.belleflamme.ca\/fr\/#website","url":"https:\/\/www.belleflamme.ca\/fr\/","name":"Groupe Belleflamme","description":"La m\u00e9canique du b\u00e2timent dans le sang.","publisher":{"@id":"https:\/\/www.belleflamme.ca\/fr\/#organization"},"potentialAction":[{"@type":"SearchAction","target":{"@type":"EntryPoint","urlTemplate":"https:\/\/www.belleflamme.ca\/fr\/?s={search_term_string}"},"query-input":{"@type":"PropertyValueSpecification","valueRequired":true,"valueName":"search_term_string"}}],"inLanguage":"fr-FR"},{"@type":["Organization","Place"],"@id":"https:\/\/www.belleflamme.ca\/fr\/#organization","name":"Groupe Belleflamme","alternateName":"Belleflamme","url":"https:\/\/www.belleflamme.ca\/fr\/","logo":{"@type":"ImageObject","inLanguage":"fr-FR","@id":"https:\/\/www.belleflamme.ca\/fr\/#\/schema\/logo\/image\/","url":"https:\/\/staging.belleflamme.ca\/wp-content\/uploads\/2023\/01\/og-image.jpg","contentUrl":"https:\/\/staging.belleflamme.ca\/wp-content\/uploads\/2023\/01\/og-image.jpg","width":1200,"height":630,"caption":"Groupe Belleflamme"},"image":{"@id":"https:\/\/www.belleflamme.ca\/fr\/#\/schema\/logo\/image\/"},"sameAs":["https:\/\/www.facebook.com\/belleflamme.ca\/","https:\/\/www.linkedin.com\/company\/belleflamme\/","https:\/\/www.pinterest.ca\/groupebelleflamme\/","https:\/\/www.instagram.com\/legroupebelleflamme\/"],"mainEntityOfPage":{"@id":"https:\/\/staging.belleflamme.ca\/fr\/produit\/foyer-au-gaz-serie-6k-8k-de-heat-glo\/"}}]},"product_brand":"Heat &amp; Glo","og_availability":"instock","product_availability":"instock","product_condition":"new"},"_links":{"self":[{"href":"https:\/\/staging.belleflamme.ca\/fr\/wp-json\/wp\/v2\/product\/31164","targetHints":{"allow":["GET"]}}],"collection":[{"href":"https:\/\/staging.belleflamme.ca\/fr\/wp-json\/wp\/v2\/product"}],"about":[{"href":"https:\/\/staging.belleflamme.ca\/fr\/wp-json\/wp\/v2\/types\/product"}],"version-history":[{"count":6,"href":"https:\/\/staging.belleflamme.ca\/fr\/wp-json\/wp\/v2\/product\/31164\/revisions"}],"predecessor-version":[{"id":43425,"href":"https:\/\/staging.belleflamme.ca\/fr\/wp-json\/wp\/v2\/product\/31164\/revisions\/43425"}],"wp:featuredmedia":[{"embeddable":true,"href":"https:\/\/staging.belleflamme.ca\/fr\/wp-json\/wp\/v2\/media\/31165"}],"wp:attachment":[{"href":"https:\/\/staging.belleflamme.ca\/fr\/wp-json\/wp\/v2\/media?parent=31164"}],"wp:term":[{"taxonomy":"product_brand","embeddable":true,"href":"https:\/\/staging.belleflamme.ca\/fr\/wp-json\/wp\/v2\/product_brand?post=31164"},{"taxonomy":"product_cat","embeddable":true,"href":"https:\/\/staging.belleflamme.ca\/fr\/wp-json\/wp\/v2\/product_cat?post=31164"},{"taxonomy":"product_tag","embeddable":true,"href":"https:\/\/staging.belleflamme.ca\/fr\/wp-json\/wp\/v2\/product_tag?post=31164"}],"curies":[{"name":"wp","href":"https:\/\/api.w.org\/{rel}","templated":true}]}}